{"id":2402,"date":"2025-10-04T09:34:57","date_gmt":"2025-10-04T06:34:57","guid":{"rendered":"https:\/\/beautycharm.lt\/?post_type=product&#038;p=2402"},"modified":"2026-01-15T17:17:44","modified_gmt":"2026-01-15T15:17:44","slug":"storyderm-storyderm-o2-white-mask-lakstine-veido-kauke-su-deguonimi-1vnt","status":"publish","type":"product","link":"https:\/\/beautycharm.lt\/en\/product\/storyderm-storyderm-o2-white-mask-lakstine-veido-kauke-su-deguonimi-1vnt\/","title":{"rendered":"STORYDERM White Mask lak\u0161tin\u0117 veido kauk\u0117 su deguonimi"},"content":{"rendered":"<p><strong>Kodas: <\/strong><span class=\"editable\">KS44337<\/span><\/p>\n<h3 class=\"page-product-heading\">Apra\u0161ymas: STORYDERM White Mask lak\u0161tin\u0117 veido kauk\u0117 su deguonimi<\/h3>\n<div class=\"rte\">\n<p>O2 White Mask Lak\u0161tin\u0117 <a href=\"https:\/\/beautycharm.lt\/en\/kategorija\/odos-prieziuros-priemones\/veido-prieziuros-priemones\/veido-kaukes\/\">veido kauk\u0117<\/a> su deguonimi &#8211; deguonies burbulus sukurianti kauk\u0117, pagaminta naudojant specializuota STORYDERM emulsinimo technologija. Arbutino ir saldymed\u017eio ekstraktai slopina fermento tirozinaz\u0117s gamyb\u0105, kuri skatina melanino stimuliacij\u0105, palengvinant pigmentacij\u0105 ir pagerinant odos tonus\u0105. Turtingas deguonies burbulas valo tamsi\u0105 ir papilk\u0117jusi\u0105 od\u0105.<\/p>\n<ul class=\"more-details-wrap\">\n<li class=\"rte more-details-item clearfix\">\n<div class=\"mdi-title strong\">Naudojimas:<\/div>\n<div class=\"mdi-text\">Kauk\u0119 laikykite 20 minu\u010di\u0173, nu\u0117mus likusi\u0105 esencij\u0105 \u0161velniai \u012fmasa\u017euokite veido ir kaklo bei dekolt\u0117 srit\u012f.<\/div>\n<\/li>\n<li class=\"rte more-details-item clearfix\">\n<div class=\"mdi-title strong\">Ingredientai:<\/div>\n<div class=\"mdi-text\">\n<p>Aqua, Glycerin, Butylene Glycol, Vitis Vinifera (Grape) Seed Oil, Sodium Hyaluronate, Caprylic\/Capric Triglyceride, Glyceryl Stearate, Polysorbate 60, SheaButter, Cetearyl Alcohol, Cyclopentasiloxane\/Dimethicone Crosspolymer, Petroleum Distillates, Methyl Gluceth-20, Chlorphenesin, Carbomer, Allantoin, Disodium EDTA, Arginine, Glycyrrhiza Glabra Root Extract, Zingiber Officinale (Ginger) Root Extract, Schizandra Chinesis Fruit Extract, Coptis Japonica Root Extract, Camellia Sinensis Leaf Extract, Centella Asiatica Extract, PEG-60 Hydrogenated Castor Oil, Propolis Wax, Caprylyl Glycol, 1,2-Hexanediol, Arbutin, Morus Alba Bark Extract, Blueberry Fruit Extract, Cucumber Extract, Prunus Armeniaca Fruit Extract, Macadamia Ternifolia Seed Oil<\/p>\n<\/div>\n<\/li>\n<\/ul>\n<\/div>\n<p>Veido kauk\u0119 rekomenduojama naudoti 1-2 k. per savait\u0119, priklausomai nuo odos tipo ir odos problem\u0173. Tinka \u012fvairi\u0173 tip\u0173 ir am\u017eiaus \u017emon\u0117ms, norintiems pagerinti odos b\u016bkl\u0119, tekst\u016br\u0105 ir i\u0161vaizd\u0105. Puiki galimyb\u0117 puosel\u0117ti odos b\u016bkl\u0119 nam\u0173 s\u0105lygomis be kosmetologinio \u012fsiki\u0161imo.<\/p>","protected":false},"excerpt":{"rendered":"<p>Kodas: KS44337 Apra\u0161ymas: STORYDERM White Mask lak\u0161tin\u0117 veido kauk\u0117 su deguonimi O2 White Mask Lak\u0161tin\u0117 veido kauk\u0117 su deguonimi &#8211; deguonies burbulus sukurianti kauk\u0117, pagaminta naudojant specializuota STORYDERM emulsinimo technologija. Arbutino ir saldymed\u017eio ekstraktai slopina fermento tirozinaz\u0117s gamyb\u0105, kuri skatina melanino stimuliacij\u0105, palengvinant pigmentacij\u0105 ir pagerinant odos tonus\u0105. Turtingas deguonies burbulas valo tamsi\u0105 ir papilk\u0117jusi\u0105<\/p>\n<div class=\"klb-readmore entry-button\"><a class=\"button light alt medium\" href=\"https:\/\/beautycharm.lt\/en\/product\/storyderm-storyderm-o2-white-mask-lakstine-veido-kauke-su-deguonimi-1vnt\/\">Read More<\/a><\/div>","protected":false},"featured_media":2403,"comment_status":"open","ping_status":"closed","template":"","meta":{"inline_featured_image":false},"product_brand":[220],"product_cat":[120,136],"product_tag":[253,252,248,217],"class_list":{"0":"post-2402","1":"product","2":"type-product","3":"status-publish","4":"has-post-thumbnail","6":"product_brand-storyderm","7":"product_cat-moterims-lt","8":"product_cat-veido-kaukes","9":"product_tag-drekinanti","10":"product_tag-lakstine-veido-kauke","11":"product_tag-storyderm","12":"product_tag-veido-kauke","14":"first","15":"instock","16":"shipping-taxable","17":"purchasable","18":"product-type-simple"},"yoast_head":"<!-- This site is optimized with the Yoast SEO plugin v27.4 - https:\/\/yoast.com\/product\/yoast-seo-wordpress\/ -->\n<title>Veido kauk\u0117 - Beauty Charm<\/title>\n<meta name=\"description\" content=\"Lak\u0161tin\u0117 veido kauk\u0117 su deguonimi - deguonies burbulus sukurianti kauk\u0117, pagaminta naudojant specializuot\u0105 STORYDERM emulsinimo technologij\u0105.\" \/>\n<meta name=\"robots\" content=\"index, follow, max-snippet:-1, max-image-preview:large, max-video-preview:-1\" \/>\n<link rel=\"canonical\" href=\"https:\/\/beautycharm.lt\/en\/product\/storyderm-storyderm-o2-white-mask-lakstine-veido-kauke-su-deguonimi-1vnt\/\" \/>\n<meta property=\"og:locale\" content=\"en_US\" \/>\n<meta property=\"og:type\" content=\"article\" \/>\n<meta property=\"og:title\" content=\"Veido kauk\u0117 - Beauty Charm\" \/>\n<meta property=\"og:description\" content=\"Lak\u0161tin\u0117 veido kauk\u0117 su deguonimi - deguonies burbulus sukurianti kauk\u0117, pagaminta naudojant specializuot\u0105 STORYDERM emulsinimo technologij\u0105.\" \/>\n<meta property=\"og:url\" content=\"https:\/\/beautycharm.lt\/en\/product\/storyderm-storyderm-o2-white-mask-lakstine-veido-kauke-su-deguonimi-1vnt\/\" \/>\n<meta property=\"og:site_name\" content=\"Beauty Charm\" \/>\n<meta property=\"article:publisher\" content=\"https:\/\/www.facebook.com\/faceandbodylines\/\" \/>\n<meta property=\"article:modified_time\" content=\"2026-01-15T15:17:44+00:00\" \/>\n<meta property=\"og:image\" content=\"https:\/\/beautycharm.lt\/wp-content\/uploads\/2025\/10\/storyderm-o2-white-mask-lakstine-veido-kauke-su-deguonimi-.jpeg\" \/>\n\t<meta property=\"og:image:width\" content=\"500\" \/>\n\t<meta property=\"og:image:height\" content=\"500\" \/>\n\t<meta property=\"og:image:type\" content=\"image\/jpeg\" \/>\n<meta name=\"twitter:card\" content=\"summary_large_image\" \/>\n<meta name=\"twitter:label1\" content=\"Est. reading time\" \/>\n\t<meta name=\"twitter:data1\" content=\"2 minutes\" \/>\n<script type=\"application\/ld+json\" class=\"yoast-schema-graph\">{\"@context\":\"https:\\\/\\\/schema.org\",\"@graph\":[{\"@type\":\"WebPage\",\"@id\":\"https:\\\/\\\/beautycharm.lt\\\/produktas\\\/storyderm-storyderm-o2-white-mask-lakstine-veido-kauke-su-deguonimi-1vnt\\\/\",\"url\":\"https:\\\/\\\/beautycharm.lt\\\/produktas\\\/storyderm-storyderm-o2-white-mask-lakstine-veido-kauke-su-deguonimi-1vnt\\\/\",\"name\":\"Veido kauk\u0117 - Beauty Charm\",\"isPartOf\":{\"@id\":\"https:\\\/\\\/beautycharm.lt\\\/#website\"},\"primaryImageOfPage\":{\"@id\":\"https:\\\/\\\/beautycharm.lt\\\/produktas\\\/storyderm-storyderm-o2-white-mask-lakstine-veido-kauke-su-deguonimi-1vnt\\\/#primaryimage\"},\"image\":{\"@id\":\"https:\\\/\\\/beautycharm.lt\\\/produktas\\\/storyderm-storyderm-o2-white-mask-lakstine-veido-kauke-su-deguonimi-1vnt\\\/#primaryimage\"},\"thumbnailUrl\":\"https:\\\/\\\/beautycharm.lt\\\/wp-content\\\/uploads\\\/2025\\\/10\\\/storyderm-o2-white-mask-lakstine-veido-kauke-su-deguonimi-.jpeg\",\"datePublished\":\"2025-10-04T06:34:57+00:00\",\"dateModified\":\"2026-01-15T15:17:44+00:00\",\"description\":\"Lak\u0161tin\u0117 veido kauk\u0117 su deguonimi - deguonies burbulus sukurianti kauk\u0117, pagaminta naudojant specializuot\u0105 STORYDERM emulsinimo technologij\u0105.\",\"breadcrumb\":{\"@id\":\"https:\\\/\\\/beautycharm.lt\\\/produktas\\\/storyderm-storyderm-o2-white-mask-lakstine-veido-kauke-su-deguonimi-1vnt\\\/#breadcrumb\"},\"inLanguage\":\"en-US\",\"potentialAction\":[{\"@type\":\"ReadAction\",\"target\":[\"https:\\\/\\\/beautycharm.lt\\\/produktas\\\/storyderm-storyderm-o2-white-mask-lakstine-veido-kauke-su-deguonimi-1vnt\\\/\"]}]},{\"@type\":\"ImageObject\",\"inLanguage\":\"en-US\",\"@id\":\"https:\\\/\\\/beautycharm.lt\\\/produktas\\\/storyderm-storyderm-o2-white-mask-lakstine-veido-kauke-su-deguonimi-1vnt\\\/#primaryimage\",\"url\":\"https:\\\/\\\/beautycharm.lt\\\/wp-content\\\/uploads\\\/2025\\\/10\\\/storyderm-o2-white-mask-lakstine-veido-kauke-su-deguonimi-.jpeg\",\"contentUrl\":\"https:\\\/\\\/beautycharm.lt\\\/wp-content\\\/uploads\\\/2025\\\/10\\\/storyderm-o2-white-mask-lakstine-veido-kauke-su-deguonimi-.jpeg\",\"width\":500,\"height\":500},{\"@type\":\"BreadcrumbList\",\"@id\":\"https:\\\/\\\/beautycharm.lt\\\/produktas\\\/storyderm-storyderm-o2-white-mask-lakstine-veido-kauke-su-deguonimi-1vnt\\\/#breadcrumb\",\"itemListElement\":[{\"@type\":\"ListItem\",\"position\":1,\"name\":\"Home\",\"item\":\"https:\\\/\\\/beautycharm.lt\\\/\"},{\"@type\":\"ListItem\",\"position\":2,\"name\":\"Parduotuv\u0117\",\"item\":\"https:\\\/\\\/beautycharm.lt\\\/parduotuve\\\/\"},{\"@type\":\"ListItem\",\"position\":3,\"name\":\"STORYDERM White Mask lak\u0161tin\u0117 veido kauk\u0117 su deguonimi\"}]},{\"@type\":\"WebSite\",\"@id\":\"https:\\\/\\\/beautycharm.lt\\\/#website\",\"url\":\"https:\\\/\\\/beautycharm.lt\\\/\",\"name\":\"Beauty Charm\",\"description\":\"Odos prie\u017ei\u016bra vyrams ir moterims\",\"publisher\":{\"@id\":\"https:\\\/\\\/beautycharm.lt\\\/#organization\"},\"potentialAction\":[{\"@type\":\"SearchAction\",\"target\":{\"@type\":\"EntryPoint\",\"urlTemplate\":\"https:\\\/\\\/beautycharm.lt\\\/?s={search_term_string}\"},\"query-input\":{\"@type\":\"PropertyValueSpecification\",\"valueRequired\":true,\"valueName\":\"search_term_string\"}}],\"inLanguage\":\"en-US\"},{\"@type\":\"Organization\",\"@id\":\"https:\\\/\\\/beautycharm.lt\\\/#organization\",\"name\":\"Beauty Charm\",\"url\":\"https:\\\/\\\/beautycharm.lt\\\/\",\"logo\":{\"@type\":\"ImageObject\",\"inLanguage\":\"en-US\",\"@id\":\"https:\\\/\\\/beautycharm.lt\\\/#\\\/schema\\\/logo\\\/image\\\/\",\"url\":\"https:\\\/\\\/beautycharm.lt\\\/wp-content\\\/uploads\\\/2025\\\/08\\\/BeautyCharm_t_s-1.svg\",\"contentUrl\":\"https:\\\/\\\/beautycharm.lt\\\/wp-content\\\/uploads\\\/2025\\\/08\\\/BeautyCharm_t_s-1.svg\",\"width\":148,\"height\":64,\"caption\":\"Beauty Charm\"},\"image\":{\"@id\":\"https:\\\/\\\/beautycharm.lt\\\/#\\\/schema\\\/logo\\\/image\\\/\"},\"sameAs\":[\"https:\\\/\\\/www.facebook.com\\\/faceandbodylines\\\/\",\"https:\\\/\\\/www.instagram.com\\\/the_house_of_charm\\\/\"]}]}<\/script>\n<!-- \/ Yoast SEO plugin. -->","yoast_head_json":{"title":"Veido kauk\u0117 - Beauty Charm","description":"Lak\u0161tin\u0117 veido kauk\u0117 su deguonimi - deguonies burbulus sukurianti kauk\u0117, pagaminta naudojant specializuot\u0105 STORYDERM emulsinimo technologij\u0105.","robots":{"index":"index","follow":"follow","max-snippet":"max-snippet:-1","max-image-preview":"max-image-preview:large","max-video-preview":"max-video-preview:-1"},"canonical":"https:\/\/beautycharm.lt\/en\/product\/storyderm-storyderm-o2-white-mask-lakstine-veido-kauke-su-deguonimi-1vnt\/","og_locale":"en_US","og_type":"article","og_title":"Veido kauk\u0117 - Beauty Charm","og_description":"Lak\u0161tin\u0117 veido kauk\u0117 su deguonimi - deguonies burbulus sukurianti kauk\u0117, pagaminta naudojant specializuot\u0105 STORYDERM emulsinimo technologij\u0105.","og_url":"https:\/\/beautycharm.lt\/en\/product\/storyderm-storyderm-o2-white-mask-lakstine-veido-kauke-su-deguonimi-1vnt\/","og_site_name":"Beauty Charm","article_publisher":"https:\/\/www.facebook.com\/faceandbodylines\/","article_modified_time":"2026-01-15T15:17:44+00:00","og_image":[{"width":500,"height":500,"url":"https:\/\/beautycharm.lt\/wp-content\/uploads\/2025\/10\/storyderm-o2-white-mask-lakstine-veido-kauke-su-deguonimi-.jpeg","type":"image\/jpeg"}],"twitter_card":"summary_large_image","twitter_misc":{"Est. reading time":"2 minutes"},"schema":{"@context":"https:\/\/schema.org","@graph":[{"@type":"WebPage","@id":"https:\/\/beautycharm.lt\/produktas\/storyderm-storyderm-o2-white-mask-lakstine-veido-kauke-su-deguonimi-1vnt\/","url":"https:\/\/beautycharm.lt\/produktas\/storyderm-storyderm-o2-white-mask-lakstine-veido-kauke-su-deguonimi-1vnt\/","name":"Veido kauk\u0117 - Beauty Charm","isPartOf":{"@id":"https:\/\/beautycharm.lt\/#website"},"primaryImageOfPage":{"@id":"https:\/\/beautycharm.lt\/produktas\/storyderm-storyderm-o2-white-mask-lakstine-veido-kauke-su-deguonimi-1vnt\/#primaryimage"},"image":{"@id":"https:\/\/beautycharm.lt\/produktas\/storyderm-storyderm-o2-white-mask-lakstine-veido-kauke-su-deguonimi-1vnt\/#primaryimage"},"thumbnailUrl":"https:\/\/beautycharm.lt\/wp-content\/uploads\/2025\/10\/storyderm-o2-white-mask-lakstine-veido-kauke-su-deguonimi-.jpeg","datePublished":"2025-10-04T06:34:57+00:00","dateModified":"2026-01-15T15:17:44+00:00","description":"Lak\u0161tin\u0117 veido kauk\u0117 su deguonimi - deguonies burbulus sukurianti kauk\u0117, pagaminta naudojant specializuot\u0105 STORYDERM emulsinimo technologij\u0105.","breadcrumb":{"@id":"https:\/\/beautycharm.lt\/produktas\/storyderm-storyderm-o2-white-mask-lakstine-veido-kauke-su-deguonimi-1vnt\/#breadcrumb"},"inLanguage":"en-US","potentialAction":[{"@type":"ReadAction","target":["https:\/\/beautycharm.lt\/produktas\/storyderm-storyderm-o2-white-mask-lakstine-veido-kauke-su-deguonimi-1vnt\/"]}]},{"@type":"ImageObject","inLanguage":"en-US","@id":"https:\/\/beautycharm.lt\/produktas\/storyderm-storyderm-o2-white-mask-lakstine-veido-kauke-su-deguonimi-1vnt\/#primaryimage","url":"https:\/\/beautycharm.lt\/wp-content\/uploads\/2025\/10\/storyderm-o2-white-mask-lakstine-veido-kauke-su-deguonimi-.jpeg","contentUrl":"https:\/\/beautycharm.lt\/wp-content\/uploads\/2025\/10\/storyderm-o2-white-mask-lakstine-veido-kauke-su-deguonimi-.jpeg","width":500,"height":500},{"@type":"BreadcrumbList","@id":"https:\/\/beautycharm.lt\/produktas\/storyderm-storyderm-o2-white-mask-lakstine-veido-kauke-su-deguonimi-1vnt\/#breadcrumb","itemListElement":[{"@type":"ListItem","position":1,"name":"Home","item":"https:\/\/beautycharm.lt\/"},{"@type":"ListItem","position":2,"name":"Parduotuv\u0117","item":"https:\/\/beautycharm.lt\/parduotuve\/"},{"@type":"ListItem","position":3,"name":"STORYDERM White Mask lak\u0161tin\u0117 veido kauk\u0117 su deguonimi"}]},{"@type":"WebSite","@id":"https:\/\/beautycharm.lt\/#website","url":"https:\/\/beautycharm.lt\/","name":"Beauty Charm","description":"Odos prie\u017ei\u016bra vyrams ir moterims","publisher":{"@id":"https:\/\/beautycharm.lt\/#organization"},"potentialAction":[{"@type":"SearchAction","target":{"@type":"EntryPoint","urlTemplate":"https:\/\/beautycharm.lt\/?s={search_term_string}"},"query-input":{"@type":"PropertyValueSpecification","valueRequired":true,"valueName":"search_term_string"}}],"inLanguage":"en-US"},{"@type":"Organization","@id":"https:\/\/beautycharm.lt\/#organization","name":"Beauty Charm","url":"https:\/\/beautycharm.lt\/","logo":{"@type":"ImageObject","inLanguage":"en-US","@id":"https:\/\/beautycharm.lt\/#\/schema\/logo\/image\/","url":"https:\/\/beautycharm.lt\/wp-content\/uploads\/2025\/08\/BeautyCharm_t_s-1.svg","contentUrl":"https:\/\/beautycharm.lt\/wp-content\/uploads\/2025\/08\/BeautyCharm_t_s-1.svg","width":148,"height":64,"caption":"Beauty Charm"},"image":{"@id":"https:\/\/beautycharm.lt\/#\/schema\/logo\/image\/"},"sameAs":["https:\/\/www.facebook.com\/faceandbodylines\/","https:\/\/www.instagram.com\/the_house_of_charm\/"]}]}},"_links":{"self":[{"href":"https:\/\/beautycharm.lt\/en\/wp-json\/wp\/v2\/product\/2402","targetHints":{"allow":["GET"]}}],"collection":[{"href":"https:\/\/beautycharm.lt\/en\/wp-json\/wp\/v2\/product"}],"about":[{"href":"https:\/\/beautycharm.lt\/en\/wp-json\/wp\/v2\/types\/product"}],"replies":[{"embeddable":true,"href":"https:\/\/beautycharm.lt\/en\/wp-json\/wp\/v2\/comments?post=2402"}],"wp:featuredmedia":[{"embeddable":true,"href":"https:\/\/beautycharm.lt\/en\/wp-json\/wp\/v2\/media\/2403"}],"wp:attachment":[{"href":"https:\/\/beautycharm.lt\/en\/wp-json\/wp\/v2\/media?parent=2402"}],"wp:term":[{"taxonomy":"product_brand","embeddable":true,"href":"https:\/\/beautycharm.lt\/en\/wp-json\/wp\/v2\/product_brand?post=2402"},{"taxonomy":"product_cat","embeddable":true,"href":"https:\/\/beautycharm.lt\/en\/wp-json\/wp\/v2\/product_cat?post=2402"},{"taxonomy":"product_tag","embeddable":true,"href":"https:\/\/beautycharm.lt\/en\/wp-json\/wp\/v2\/product_tag?post=2402"}],"curies":[{"name":"wp","href":"https:\/\/api.w.org\/{rel}","templated":true}]}}