{"id":2400,"date":"2025-10-04T09:30:54","date_gmt":"2025-10-04T06:30:54","guid":{"rendered":"https:\/\/beautycharm.lt\/?post_type=product&#038;p=2400"},"modified":"2025-10-04T09:30:54","modified_gmt":"2025-10-04T06:30:54","slug":"storyderm-storyderm-ultra-peptide-mask-lakstine-peptidine-veido-kauke-1vnt","status":"publish","type":"product","link":"https:\/\/beautycharm.lt\/en\/product\/storyderm-storyderm-ultra-peptide-mask-lakstine-peptidine-veido-kauke-1vnt\/","title":{"rendered":"STORYDERM Storyderm Ultra Peptide Mask Lak\u0161tin\u0117 peptidin\u0117 veido kauk\u0117 1vnt."},"content":{"rendered":"<p><strong>Kodas: <\/strong><span class=\"editable\">KS28252<\/span><\/p>\n<h3 class=\"page-product-heading\">Apra\u0161ymas<\/h3>\n<div class=\"rte\">Ultra Peptide Mask Lak\u0161tin\u0117 peptidin\u0117 veido kauk\u0117 &#8211; kremin\u0117s konsistencijos kauk\u0117, pagaminta su specializuota STORYDERM emulsinimo technologija. Sud\u0117tyje yra vario tripeptidai ir oligopeptidai. Ma\u017ea molekulin\u0117 mas\u0117 leid\u017eia giliai \u012fsiskverbti \u012f reikiamus odos sluoksnius. Skatina fibroblast veikl\u0105 ir spartina audini\u0173 regeneracij\u0105. ULTRA PEPTIDE MASK yra unikali kremin\u0117 kauk\u0117, turinti daug nauding\u0173 med\u017eiag\u0173 sausai odai, suteikdama jai elastingum\u0105 ir turi daugyb\u0119 peptid\u0173.<\/p>\n<ul class=\"more-details-wrap\">\n<li class=\"rte more-details-item clearfix\">\n<div class=\"mdi-title strong\">Naudojimas:<\/div>\n<div class=\"mdi-text\">Kauk\u0119 laikykite 20 minu\u010di\u0173, nu\u0117mus likusi\u0105 esencij\u0105 \u0161velniai \u012fmasa\u017euokite veido ir kaklo bei dekolt\u0117 srit\u012f.<\/div>\n<\/li>\n<li class=\"rte more-details-item clearfix\">\n<div class=\"mdi-title strong\">Ingredientai:<\/div>\n<div class=\"mdi-text\">Aqua, Butylene Glycol, Glycerin, Sodium Hyaluronate, Diethoxyethyl Succinate, PEG-60 Hydrogenated Castor Oil, Panthenol, Cyclopentasiloxane\/PEG-10 Dimethicone\/Dimethicone\/Vinyl Dimethicone Cross polymer, Trehalose, Dimethicone, Ammonium Polyacyloyldimethyl Taurate\/VP Copolymer, Hydroxyethylcellulose, Carbomer, Chlorphenesin, Triethanolamine, Disodium EDTA, Copper Tripeptide-1, Human Oligopeptide-1, Camellia Sinensis Leaf Extract, Calendula Extract, Adansonia Digitata Extract, Castanea Crenata Shell Extract, Oryza Sativa (Rice) Bran Extract, Vitis Vinifera (Grape) Seed Oil<\/div>\n<\/li>\n<\/ul>\n<\/div>\n<p>&nbsp;<\/p>","protected":false},"excerpt":{"rendered":"<p>Kodas: KS28252 Apra\u0161ymas Ultra Peptide Mask Lak\u0161tin\u0117 peptidin\u0117 veido kauk\u0117 &#8211; kremin\u0117s konsistencijos kauk\u0117, pagaminta su specializuota STORYDERM emulsinimo technologija. Sud\u0117tyje yra vario tripeptidai ir oligopeptidai. Ma\u017ea molekulin\u0117 mas\u0117 leid\u017eia giliai \u012fsiskverbti \u012f reikiamus odos sluoksnius. Skatina fibroblast veikl\u0105 ir spartina audini\u0173 regeneracij\u0105. ULTRA PEPTIDE MASK yra unikali kremin\u0117 kauk\u0117, turinti daug nauding\u0173 med\u017eiag\u0173 sausai<\/p>\n<div class=\"klb-readmore entry-button\"><a class=\"button light alt medium\" href=\"https:\/\/beautycharm.lt\/en\/product\/storyderm-storyderm-ultra-peptide-mask-lakstine-peptidine-veido-kauke-1vnt\/\">Read More<\/a><\/div>","protected":false},"featured_media":2401,"comment_status":"open","ping_status":"closed","template":"","meta":{"inline_featured_image":false},"product_brand":[220],"product_cat":[120,122,136],"product_tag":[250,249,251,248,217],"class_list":{"0":"post-2400","1":"product","2":"type-product","3":"status-publish","4":"has-post-thumbnail","6":"product_brand-storyderm","7":"product_cat-moterims-lt","8":"product_cat-odos-prieziuros-priemones","9":"product_cat-veido-kaukes","10":"product_tag-kauke-su-peptides","11":"product_tag-peptidai","12":"product_tag-stangrinanti","13":"product_tag-storyderm","14":"product_tag-veido-kauke","16":"first","17":"instock","18":"shipping-taxable","19":"purchasable","20":"product-type-simple"},"yoast_head":"<!-- This site is optimized with the Yoast SEO plugin v27.4 - https:\/\/yoast.com\/product\/yoast-seo-wordpress\/ -->\n<title>STORYDERM Storyderm Ultra Peptide Mask Lak\u0161tin\u0117 peptidin\u0117 veido kauk\u0117 1vnt. - Beauty Charm<\/title>\n<meta name=\"robots\" content=\"index, follow, max-snippet:-1, max-image-preview:large, max-video-preview:-1\" \/>\n<link rel=\"canonical\" href=\"https:\/\/beautycharm.lt\/en\/product\/storyderm-storyderm-ultra-peptide-mask-lakstine-peptidine-veido-kauke-1vnt\/\" \/>\n<meta property=\"og:locale\" content=\"en_US\" \/>\n<meta property=\"og:type\" content=\"article\" \/>\n<meta property=\"og:title\" content=\"STORYDERM Storyderm Ultra Peptide Mask Lak\u0161tin\u0117 peptidin\u0117 veido kauk\u0117 1vnt. - Beauty Charm\" \/>\n<meta property=\"og:description\" content=\"Kodas: KS28252 Apra\u0161ymas Ultra Peptide Mask Lak\u0161tin\u0117 peptidin\u0117 veido kauk\u0117 &#8211; kremin\u0117s konsistencijos kauk\u0117, pagaminta su specializuota STORYDERM emulsinimo technologija. Sud\u0117tyje yra vario tripeptidai ir oligopeptidai. Ma\u017ea molekulin\u0117 mas\u0117 leid\u017eia giliai \u012fsiskverbti \u012f reikiamus odos sluoksnius. Skatina fibroblast veikl\u0105 ir spartina audini\u0173 regeneracij\u0105. ULTRA PEPTIDE MASK yra unikali kremin\u0117 kauk\u0117, turinti daug nauding\u0173 med\u017eiag\u0173 sausaiRead More\" \/>\n<meta property=\"og:url\" content=\"https:\/\/beautycharm.lt\/en\/product\/storyderm-storyderm-ultra-peptide-mask-lakstine-peptidine-veido-kauke-1vnt\/\" \/>\n<meta property=\"og:site_name\" content=\"Beauty Charm\" \/>\n<meta property=\"article:publisher\" content=\"https:\/\/www.facebook.com\/faceandbodylines\/\" \/>\n<meta property=\"og:image\" content=\"https:\/\/beautycharm.lt\/wp-content\/uploads\/2025\/10\/storyderm-ultra-peptide-mask-lakstine-peptidine-veido-kauke.jpeg\" \/>\n\t<meta property=\"og:image:width\" content=\"500\" \/>\n\t<meta property=\"og:image:height\" content=\"500\" \/>\n\t<meta property=\"og:image:type\" content=\"image\/jpeg\" \/>\n<meta name=\"twitter:card\" content=\"summary_large_image\" \/>\n<meta name=\"twitter:label1\" content=\"Est. reading time\" \/>\n\t<meta name=\"twitter:data1\" content=\"1 minute\" \/>\n<script type=\"application\/ld+json\" class=\"yoast-schema-graph\">{\"@context\":\"https:\\\/\\\/schema.org\",\"@graph\":[{\"@type\":\"WebPage\",\"@id\":\"https:\\\/\\\/beautycharm.lt\\\/produktas\\\/storyderm-storyderm-ultra-peptide-mask-lakstine-peptidine-veido-kauke-1vnt\\\/\",\"url\":\"https:\\\/\\\/beautycharm.lt\\\/produktas\\\/storyderm-storyderm-ultra-peptide-mask-lakstine-peptidine-veido-kauke-1vnt\\\/\",\"name\":\"STORYDERM Storyderm Ultra Peptide Mask Lak\u0161tin\u0117 peptidin\u0117 veido kauk\u0117 1vnt. - Beauty Charm\",\"isPartOf\":{\"@id\":\"https:\\\/\\\/beautycharm.lt\\\/#website\"},\"primaryImageOfPage\":{\"@id\":\"https:\\\/\\\/beautycharm.lt\\\/produktas\\\/storyderm-storyderm-ultra-peptide-mask-lakstine-peptidine-veido-kauke-1vnt\\\/#primaryimage\"},\"image\":{\"@id\":\"https:\\\/\\\/beautycharm.lt\\\/produktas\\\/storyderm-storyderm-ultra-peptide-mask-lakstine-peptidine-veido-kauke-1vnt\\\/#primaryimage\"},\"thumbnailUrl\":\"https:\\\/\\\/beautycharm.lt\\\/wp-content\\\/uploads\\\/2025\\\/10\\\/storyderm-ultra-peptide-mask-lakstine-peptidine-veido-kauke.jpeg\",\"datePublished\":\"2025-10-04T06:30:54+00:00\",\"breadcrumb\":{\"@id\":\"https:\\\/\\\/beautycharm.lt\\\/produktas\\\/storyderm-storyderm-ultra-peptide-mask-lakstine-peptidine-veido-kauke-1vnt\\\/#breadcrumb\"},\"inLanguage\":\"en-US\",\"potentialAction\":[{\"@type\":\"ReadAction\",\"target\":[\"https:\\\/\\\/beautycharm.lt\\\/produktas\\\/storyderm-storyderm-ultra-peptide-mask-lakstine-peptidine-veido-kauke-1vnt\\\/\"]}]},{\"@type\":\"ImageObject\",\"inLanguage\":\"en-US\",\"@id\":\"https:\\\/\\\/beautycharm.lt\\\/produktas\\\/storyderm-storyderm-ultra-peptide-mask-lakstine-peptidine-veido-kauke-1vnt\\\/#primaryimage\",\"url\":\"https:\\\/\\\/beautycharm.lt\\\/wp-content\\\/uploads\\\/2025\\\/10\\\/storyderm-ultra-peptide-mask-lakstine-peptidine-veido-kauke.jpeg\",\"contentUrl\":\"https:\\\/\\\/beautycharm.lt\\\/wp-content\\\/uploads\\\/2025\\\/10\\\/storyderm-ultra-peptide-mask-lakstine-peptidine-veido-kauke.jpeg\",\"width\":500,\"height\":500},{\"@type\":\"BreadcrumbList\",\"@id\":\"https:\\\/\\\/beautycharm.lt\\\/produktas\\\/storyderm-storyderm-ultra-peptide-mask-lakstine-peptidine-veido-kauke-1vnt\\\/#breadcrumb\",\"itemListElement\":[{\"@type\":\"ListItem\",\"position\":1,\"name\":\"Home\",\"item\":\"https:\\\/\\\/beautycharm.lt\\\/\"},{\"@type\":\"ListItem\",\"position\":2,\"name\":\"Parduotuv\u0117\",\"item\":\"https:\\\/\\\/beautycharm.lt\\\/parduotuve\\\/\"},{\"@type\":\"ListItem\",\"position\":3,\"name\":\"STORYDERM Storyderm Ultra Peptide Mask Lak\u0161tin\u0117 peptidin\u0117 veido kauk\u0117 1vnt.\"}]},{\"@type\":\"WebSite\",\"@id\":\"https:\\\/\\\/beautycharm.lt\\\/#website\",\"url\":\"https:\\\/\\\/beautycharm.lt\\\/\",\"name\":\"Beauty Charm\",\"description\":\"Odos prie\u017ei\u016bra vyrams ir moterims\",\"publisher\":{\"@id\":\"https:\\\/\\\/beautycharm.lt\\\/#organization\"},\"potentialAction\":[{\"@type\":\"SearchAction\",\"target\":{\"@type\":\"EntryPoint\",\"urlTemplate\":\"https:\\\/\\\/beautycharm.lt\\\/?s={search_term_string}\"},\"query-input\":{\"@type\":\"PropertyValueSpecification\",\"valueRequired\":true,\"valueName\":\"search_term_string\"}}],\"inLanguage\":\"en-US\"},{\"@type\":\"Organization\",\"@id\":\"https:\\\/\\\/beautycharm.lt\\\/#organization\",\"name\":\"Beauty Charm\",\"url\":\"https:\\\/\\\/beautycharm.lt\\\/\",\"logo\":{\"@type\":\"ImageObject\",\"inLanguage\":\"en-US\",\"@id\":\"https:\\\/\\\/beautycharm.lt\\\/#\\\/schema\\\/logo\\\/image\\\/\",\"url\":\"https:\\\/\\\/beautycharm.lt\\\/wp-content\\\/uploads\\\/2025\\\/08\\\/BeautyCharm_t_s-1.svg\",\"contentUrl\":\"https:\\\/\\\/beautycharm.lt\\\/wp-content\\\/uploads\\\/2025\\\/08\\\/BeautyCharm_t_s-1.svg\",\"width\":148,\"height\":64,\"caption\":\"Beauty Charm\"},\"image\":{\"@id\":\"https:\\\/\\\/beautycharm.lt\\\/#\\\/schema\\\/logo\\\/image\\\/\"},\"sameAs\":[\"https:\\\/\\\/www.facebook.com\\\/faceandbodylines\\\/\",\"https:\\\/\\\/www.instagram.com\\\/the_house_of_charm\\\/\"]}]}<\/script>\n<!-- \/ Yoast SEO plugin. -->","yoast_head_json":{"title":"STORYDERM Storyderm Ultra Peptide Mask Lak\u0161tin\u0117 peptidin\u0117 veido kauk\u0117 1vnt. - Beauty Charm","robots":{"index":"index","follow":"follow","max-snippet":"max-snippet:-1","max-image-preview":"max-image-preview:large","max-video-preview":"max-video-preview:-1"},"canonical":"https:\/\/beautycharm.lt\/en\/product\/storyderm-storyderm-ultra-peptide-mask-lakstine-peptidine-veido-kauke-1vnt\/","og_locale":"en_US","og_type":"article","og_title":"STORYDERM Storyderm Ultra Peptide Mask Lak\u0161tin\u0117 peptidin\u0117 veido kauk\u0117 1vnt. - Beauty Charm","og_description":"Kodas: KS28252 Apra\u0161ymas Ultra Peptide Mask Lak\u0161tin\u0117 peptidin\u0117 veido kauk\u0117 &#8211; kremin\u0117s konsistencijos kauk\u0117, pagaminta su specializuota STORYDERM emulsinimo technologija. Sud\u0117tyje yra vario tripeptidai ir oligopeptidai. Ma\u017ea molekulin\u0117 mas\u0117 leid\u017eia giliai \u012fsiskverbti \u012f reikiamus odos sluoksnius. Skatina fibroblast veikl\u0105 ir spartina audini\u0173 regeneracij\u0105. ULTRA PEPTIDE MASK yra unikali kremin\u0117 kauk\u0117, turinti daug nauding\u0173 med\u017eiag\u0173 sausaiRead More","og_url":"https:\/\/beautycharm.lt\/en\/product\/storyderm-storyderm-ultra-peptide-mask-lakstine-peptidine-veido-kauke-1vnt\/","og_site_name":"Beauty Charm","article_publisher":"https:\/\/www.facebook.com\/faceandbodylines\/","og_image":[{"width":500,"height":500,"url":"https:\/\/beautycharm.lt\/wp-content\/uploads\/2025\/10\/storyderm-ultra-peptide-mask-lakstine-peptidine-veido-kauke.jpeg","type":"image\/jpeg"}],"twitter_card":"summary_large_image","twitter_misc":{"Est. reading time":"1 minute"},"schema":{"@context":"https:\/\/schema.org","@graph":[{"@type":"WebPage","@id":"https:\/\/beautycharm.lt\/produktas\/storyderm-storyderm-ultra-peptide-mask-lakstine-peptidine-veido-kauke-1vnt\/","url":"https:\/\/beautycharm.lt\/produktas\/storyderm-storyderm-ultra-peptide-mask-lakstine-peptidine-veido-kauke-1vnt\/","name":"STORYDERM Storyderm Ultra Peptide Mask Lak\u0161tin\u0117 peptidin\u0117 veido kauk\u0117 1vnt. - Beauty Charm","isPartOf":{"@id":"https:\/\/beautycharm.lt\/#website"},"primaryImageOfPage":{"@id":"https:\/\/beautycharm.lt\/produktas\/storyderm-storyderm-ultra-peptide-mask-lakstine-peptidine-veido-kauke-1vnt\/#primaryimage"},"image":{"@id":"https:\/\/beautycharm.lt\/produktas\/storyderm-storyderm-ultra-peptide-mask-lakstine-peptidine-veido-kauke-1vnt\/#primaryimage"},"thumbnailUrl":"https:\/\/beautycharm.lt\/wp-content\/uploads\/2025\/10\/storyderm-ultra-peptide-mask-lakstine-peptidine-veido-kauke.jpeg","datePublished":"2025-10-04T06:30:54+00:00","breadcrumb":{"@id":"https:\/\/beautycharm.lt\/produktas\/storyderm-storyderm-ultra-peptide-mask-lakstine-peptidine-veido-kauke-1vnt\/#breadcrumb"},"inLanguage":"en-US","potentialAction":[{"@type":"ReadAction","target":["https:\/\/beautycharm.lt\/produktas\/storyderm-storyderm-ultra-peptide-mask-lakstine-peptidine-veido-kauke-1vnt\/"]}]},{"@type":"ImageObject","inLanguage":"en-US","@id":"https:\/\/beautycharm.lt\/produktas\/storyderm-storyderm-ultra-peptide-mask-lakstine-peptidine-veido-kauke-1vnt\/#primaryimage","url":"https:\/\/beautycharm.lt\/wp-content\/uploads\/2025\/10\/storyderm-ultra-peptide-mask-lakstine-peptidine-veido-kauke.jpeg","contentUrl":"https:\/\/beautycharm.lt\/wp-content\/uploads\/2025\/10\/storyderm-ultra-peptide-mask-lakstine-peptidine-veido-kauke.jpeg","width":500,"height":500},{"@type":"BreadcrumbList","@id":"https:\/\/beautycharm.lt\/produktas\/storyderm-storyderm-ultra-peptide-mask-lakstine-peptidine-veido-kauke-1vnt\/#breadcrumb","itemListElement":[{"@type":"ListItem","position":1,"name":"Home","item":"https:\/\/beautycharm.lt\/"},{"@type":"ListItem","position":2,"name":"Parduotuv\u0117","item":"https:\/\/beautycharm.lt\/parduotuve\/"},{"@type":"ListItem","position":3,"name":"STORYDERM Storyderm Ultra Peptide Mask Lak\u0161tin\u0117 peptidin\u0117 veido kauk\u0117 1vnt."}]},{"@type":"WebSite","@id":"https:\/\/beautycharm.lt\/#website","url":"https:\/\/beautycharm.lt\/","name":"Beauty Charm","description":"Odos prie\u017ei\u016bra vyrams ir moterims","publisher":{"@id":"https:\/\/beautycharm.lt\/#organization"},"potentialAction":[{"@type":"SearchAction","target":{"@type":"EntryPoint","urlTemplate":"https:\/\/beautycharm.lt\/?s={search_term_string}"},"query-input":{"@type":"PropertyValueSpecification","valueRequired":true,"valueName":"search_term_string"}}],"inLanguage":"en-US"},{"@type":"Organization","@id":"https:\/\/beautycharm.lt\/#organization","name":"Beauty Charm","url":"https:\/\/beautycharm.lt\/","logo":{"@type":"ImageObject","inLanguage":"en-US","@id":"https:\/\/beautycharm.lt\/#\/schema\/logo\/image\/","url":"https:\/\/beautycharm.lt\/wp-content\/uploads\/2025\/08\/BeautyCharm_t_s-1.svg","contentUrl":"https:\/\/beautycharm.lt\/wp-content\/uploads\/2025\/08\/BeautyCharm_t_s-1.svg","width":148,"height":64,"caption":"Beauty Charm"},"image":{"@id":"https:\/\/beautycharm.lt\/#\/schema\/logo\/image\/"},"sameAs":["https:\/\/www.facebook.com\/faceandbodylines\/","https:\/\/www.instagram.com\/the_house_of_charm\/"]}]}},"_links":{"self":[{"href":"https:\/\/beautycharm.lt\/en\/wp-json\/wp\/v2\/product\/2400","targetHints":{"allow":["GET"]}}],"collection":[{"href":"https:\/\/beautycharm.lt\/en\/wp-json\/wp\/v2\/product"}],"about":[{"href":"https:\/\/beautycharm.lt\/en\/wp-json\/wp\/v2\/types\/product"}],"replies":[{"embeddable":true,"href":"https:\/\/beautycharm.lt\/en\/wp-json\/wp\/v2\/comments?post=2400"}],"wp:featuredmedia":[{"embeddable":true,"href":"https:\/\/beautycharm.lt\/en\/wp-json\/wp\/v2\/media\/2401"}],"wp:attachment":[{"href":"https:\/\/beautycharm.lt\/en\/wp-json\/wp\/v2\/media?parent=2400"}],"wp:term":[{"taxonomy":"product_brand","embeddable":true,"href":"https:\/\/beautycharm.lt\/en\/wp-json\/wp\/v2\/product_brand?post=2400"},{"taxonomy":"product_cat","embeddable":true,"href":"https:\/\/beautycharm.lt\/en\/wp-json\/wp\/v2\/product_cat?post=2400"},{"taxonomy":"product_tag","embeddable":true,"href":"https:\/\/beautycharm.lt\/en\/wp-json\/wp\/v2\/product_tag?post=2400"}],"curies":[{"name":"wp","href":"https:\/\/api.w.org\/{rel}","templated":true}]}}