{"id":2398,"date":"2025-10-04T09:27:33","date_gmt":"2025-10-04T06:27:33","guid":{"rendered":"https:\/\/beautycharm.lt\/?post_type=product&#038;p=2398"},"modified":"2025-10-04T09:27:33","modified_gmt":"2025-10-04T06:27:33","slug":"storyderm-storyderm-time-machine-calming-mask-lakstine-veido-kauke-pries-senejima-1vnt","status":"publish","type":"product","link":"https:\/\/beautycharm.lt\/en\/product\/storyderm-storyderm-time-machine-calming-mask-lakstine-veido-kauke-pries-senejima-1vnt\/","title":{"rendered":"STORYDERM Storyderm Time Machine Calming Mask Lak\u0161tin\u0117 veido kauk\u0117 prie\u0161 sen\u0117jim\u0105 1vnt."},"content":{"rendered":"<p><strong>Kodas: <\/strong><span class=\"editable\">KS75028<\/span><\/p>\n<h3 class=\"page-product-heading\">Apra\u0161ymas<\/h3>\n<div class=\"rte\">\n<p>Time Machine Calming Mask Lak\u0161tin\u0117 veido kauk\u0117 prie\u0161 sen\u0117jim\u0105 &#8211; raminanti veido kauk\u0117, pagaminta naudojant specializuota STORYDERM technologija. Veiksmingi ingredientai, tokie kaip placenta, trehaloz\u0117 ir ikrai, padidina odos deguonies absorbcijos geb\u0117jim\u0105, skatina med\u017eiag\u0173 apykait\u0105 ir odos veikl\u0105 bei pagerina nat\u016bral\u0173 odos regeneracijos poveik\u012f. Taip pat apsaugo od\u0105 u\u017ekertant keli\u0105 ultravioletini\u0173 spinduli\u0173 \u017ealai, skatina regeneracij\u0105 ir tai pat ma\u017eina odos sudirgim\u0105 po proced\u016br\u0173.<\/p>\n<ul class=\"more-details-wrap\">\n<li class=\"rte more-details-item clearfix\">\n<div class=\"mdi-title strong\">Naudojimas:<\/div>\n<div class=\"mdi-text\">Kauk\u0119 laikykite 20 minu\u010di\u0173, nu\u0117mus likusi\u0105 esencij\u0105 \u0161velniai \u012fmasa\u017euokite veido ir kaklo bei dekolt\u0117 srit\u012f.<\/div>\n<\/li>\n<li class=\"rte more-details-item clearfix\">\n<div class=\"mdi-title strong\">Ingredientai:<\/div>\n<div class=\"mdi-text\">\n<p>Aqua, Butylene Glycol, Glycerin, Sodium Hyaluronate, Diethoxyethyl Succinate, PEG-60 Hydrogenated Castor Oil, Panthenol, Cyclopentasiloxane\/PEG-10 Dimethicone\/Dimethicone\/Vinyl Dimethicone Cross polymer, Trehalose, Dimethicone, Ammonium Polyacyloyldimethyl Taurate\/VP Copolymer, Hydroxyethylcellulose, Carbomer, Chlorphenesin, Triethanolamine, Disodium EDTA, Porcine Placental Extracts, Caviar Extract, Placenta Extract, Adenosine, Tocopheryl Acetate, Simmondsia Chinensis (Jojoba) Oil<\/p>\n<\/div>\n<\/li>\n<\/ul>\n<\/div>\n<p>&nbsp;<\/p>","protected":false},"excerpt":{"rendered":"<p>Kodas: KS75028 Apra\u0161ymas Time Machine Calming Mask Lak\u0161tin\u0117 veido kauk\u0117 prie\u0161 sen\u0117jim\u0105 &#8211; raminanti veido kauk\u0117, pagaminta naudojant specializuota STORYDERM technologija. Veiksmingi ingredientai, tokie kaip placenta, trehaloz\u0117 ir ikrai, padidina odos deguonies absorbcijos geb\u0117jim\u0105, skatina med\u017eiag\u0173 apykait\u0105 ir odos veikl\u0105 bei pagerina nat\u016bral\u0173 odos regeneracijos poveik\u012f. Taip pat apsaugo od\u0105 u\u017ekertant keli\u0105 ultravioletini\u0173 spinduli\u0173 \u017ealai,<\/p>\n<div class=\"klb-readmore entry-button\"><a class=\"button light alt medium\" href=\"https:\/\/beautycharm.lt\/en\/product\/storyderm-storyderm-time-machine-calming-mask-lakstine-veido-kauke-pries-senejima-1vnt\/\">Read More<\/a><\/div>","protected":false},"featured_media":2399,"comment_status":"open","ping_status":"closed","template":"","meta":{"inline_featured_image":false},"product_brand":[220],"product_cat":[120,136],"product_tag":[248,217],"class_list":{"0":"post-2398","1":"product","2":"type-product","3":"status-publish","4":"has-post-thumbnail","6":"product_brand-storyderm","7":"product_cat-moterims-lt","8":"product_cat-veido-kaukes","9":"product_tag-storyderm","10":"product_tag-veido-kauke","12":"first","13":"instock","14":"shipping-taxable","15":"purchasable","16":"product-type-simple"},"yoast_head":"<!-- This site is optimized with the Yoast SEO plugin v27.4 - https:\/\/yoast.com\/product\/yoast-seo-wordpress\/ -->\n<title>STORYDERM Storyderm Time Machine Calming Mask Lak\u0161tin\u0117 veido kauk\u0117 prie\u0161 sen\u0117jim\u0105 1vnt. - Beauty Charm<\/title>\n<meta name=\"robots\" content=\"index, follow, max-snippet:-1, max-image-preview:large, max-video-preview:-1\" \/>\n<link rel=\"canonical\" href=\"https:\/\/beautycharm.lt\/en\/product\/storyderm-storyderm-time-machine-calming-mask-lakstine-veido-kauke-pries-senejima-1vnt\/\" \/>\n<meta property=\"og:locale\" content=\"en_US\" \/>\n<meta property=\"og:type\" content=\"article\" \/>\n<meta property=\"og:title\" content=\"STORYDERM Storyderm Time Machine Calming Mask Lak\u0161tin\u0117 veido kauk\u0117 prie\u0161 sen\u0117jim\u0105 1vnt. - Beauty Charm\" \/>\n<meta property=\"og:description\" content=\"Kodas: KS75028 Apra\u0161ymas Time Machine Calming Mask Lak\u0161tin\u0117 veido kauk\u0117 prie\u0161 sen\u0117jim\u0105 &#8211; raminanti veido kauk\u0117, pagaminta naudojant specializuota STORYDERM technologija. Veiksmingi ingredientai, tokie kaip placenta, trehaloz\u0117 ir ikrai, padidina odos deguonies absorbcijos geb\u0117jim\u0105, skatina med\u017eiag\u0173 apykait\u0105 ir odos veikl\u0105 bei pagerina nat\u016bral\u0173 odos regeneracijos poveik\u012f. Taip pat apsaugo od\u0105 u\u017ekertant keli\u0105 ultravioletini\u0173 spinduli\u0173 \u017ealai,Read More\" \/>\n<meta property=\"og:url\" content=\"https:\/\/beautycharm.lt\/en\/product\/storyderm-storyderm-time-machine-calming-mask-lakstine-veido-kauke-pries-senejima-1vnt\/\" \/>\n<meta property=\"og:site_name\" content=\"Beauty Charm\" \/>\n<meta property=\"article:publisher\" content=\"https:\/\/www.facebook.com\/faceandbodylines\/\" \/>\n<meta property=\"og:image\" content=\"https:\/\/beautycharm.lt\/wp-content\/uploads\/2025\/10\/storyderm-time-machine-calming-mask-lakstine-veido-kauke-pries-senejima-.jpeg\" \/>\n\t<meta property=\"og:image:width\" content=\"500\" \/>\n\t<meta property=\"og:image:height\" content=\"500\" \/>\n\t<meta property=\"og:image:type\" content=\"image\/jpeg\" \/>\n<meta name=\"twitter:card\" content=\"summary_large_image\" \/>\n<meta name=\"twitter:label1\" content=\"Est. reading time\" \/>\n\t<meta name=\"twitter:data1\" content=\"1 minute\" \/>\n<script type=\"application\/ld+json\" class=\"yoast-schema-graph\">{\"@context\":\"https:\\\/\\\/schema.org\",\"@graph\":[{\"@type\":\"WebPage\",\"@id\":\"https:\\\/\\\/beautycharm.lt\\\/produktas\\\/storyderm-storyderm-time-machine-calming-mask-lakstine-veido-kauke-pries-senejima-1vnt\\\/\",\"url\":\"https:\\\/\\\/beautycharm.lt\\\/produktas\\\/storyderm-storyderm-time-machine-calming-mask-lakstine-veido-kauke-pries-senejima-1vnt\\\/\",\"name\":\"STORYDERM Storyderm Time Machine Calming Mask Lak\u0161tin\u0117 veido kauk\u0117 prie\u0161 sen\u0117jim\u0105 1vnt. - Beauty Charm\",\"isPartOf\":{\"@id\":\"https:\\\/\\\/beautycharm.lt\\\/#website\"},\"primaryImageOfPage\":{\"@id\":\"https:\\\/\\\/beautycharm.lt\\\/produktas\\\/storyderm-storyderm-time-machine-calming-mask-lakstine-veido-kauke-pries-senejima-1vnt\\\/#primaryimage\"},\"image\":{\"@id\":\"https:\\\/\\\/beautycharm.lt\\\/produktas\\\/storyderm-storyderm-time-machine-calming-mask-lakstine-veido-kauke-pries-senejima-1vnt\\\/#primaryimage\"},\"thumbnailUrl\":\"https:\\\/\\\/beautycharm.lt\\\/wp-content\\\/uploads\\\/2025\\\/10\\\/storyderm-time-machine-calming-mask-lakstine-veido-kauke-pries-senejima-.jpeg\",\"datePublished\":\"2025-10-04T06:27:33+00:00\",\"breadcrumb\":{\"@id\":\"https:\\\/\\\/beautycharm.lt\\\/produktas\\\/storyderm-storyderm-time-machine-calming-mask-lakstine-veido-kauke-pries-senejima-1vnt\\\/#breadcrumb\"},\"inLanguage\":\"en-US\",\"potentialAction\":[{\"@type\":\"ReadAction\",\"target\":[\"https:\\\/\\\/beautycharm.lt\\\/produktas\\\/storyderm-storyderm-time-machine-calming-mask-lakstine-veido-kauke-pries-senejima-1vnt\\\/\"]}]},{\"@type\":\"ImageObject\",\"inLanguage\":\"en-US\",\"@id\":\"https:\\\/\\\/beautycharm.lt\\\/produktas\\\/storyderm-storyderm-time-machine-calming-mask-lakstine-veido-kauke-pries-senejima-1vnt\\\/#primaryimage\",\"url\":\"https:\\\/\\\/beautycharm.lt\\\/wp-content\\\/uploads\\\/2025\\\/10\\\/storyderm-time-machine-calming-mask-lakstine-veido-kauke-pries-senejima-.jpeg\",\"contentUrl\":\"https:\\\/\\\/beautycharm.lt\\\/wp-content\\\/uploads\\\/2025\\\/10\\\/storyderm-time-machine-calming-mask-lakstine-veido-kauke-pries-senejima-.jpeg\",\"width\":500,\"height\":500},{\"@type\":\"BreadcrumbList\",\"@id\":\"https:\\\/\\\/beautycharm.lt\\\/produktas\\\/storyderm-storyderm-time-machine-calming-mask-lakstine-veido-kauke-pries-senejima-1vnt\\\/#breadcrumb\",\"itemListElement\":[{\"@type\":\"ListItem\",\"position\":1,\"name\":\"Home\",\"item\":\"https:\\\/\\\/beautycharm.lt\\\/\"},{\"@type\":\"ListItem\",\"position\":2,\"name\":\"Parduotuv\u0117\",\"item\":\"https:\\\/\\\/beautycharm.lt\\\/parduotuve\\\/\"},{\"@type\":\"ListItem\",\"position\":3,\"name\":\"STORYDERM Storyderm Time Machine Calming Mask Lak\u0161tin\u0117 veido kauk\u0117 prie\u0161 sen\u0117jim\u0105 1vnt.\"}]},{\"@type\":\"WebSite\",\"@id\":\"https:\\\/\\\/beautycharm.lt\\\/#website\",\"url\":\"https:\\\/\\\/beautycharm.lt\\\/\",\"name\":\"Beauty Charm\",\"description\":\"Odos prie\u017ei\u016bra vyrams ir moterims\",\"publisher\":{\"@id\":\"https:\\\/\\\/beautycharm.lt\\\/#organization\"},\"potentialAction\":[{\"@type\":\"SearchAction\",\"target\":{\"@type\":\"EntryPoint\",\"urlTemplate\":\"https:\\\/\\\/beautycharm.lt\\\/?s={search_term_string}\"},\"query-input\":{\"@type\":\"PropertyValueSpecification\",\"valueRequired\":true,\"valueName\":\"search_term_string\"}}],\"inLanguage\":\"en-US\"},{\"@type\":\"Organization\",\"@id\":\"https:\\\/\\\/beautycharm.lt\\\/#organization\",\"name\":\"Beauty Charm\",\"url\":\"https:\\\/\\\/beautycharm.lt\\\/\",\"logo\":{\"@type\":\"ImageObject\",\"inLanguage\":\"en-US\",\"@id\":\"https:\\\/\\\/beautycharm.lt\\\/#\\\/schema\\\/logo\\\/image\\\/\",\"url\":\"https:\\\/\\\/beautycharm.lt\\\/wp-content\\\/uploads\\\/2025\\\/08\\\/BeautyCharm_t_s-1.svg\",\"contentUrl\":\"https:\\\/\\\/beautycharm.lt\\\/wp-content\\\/uploads\\\/2025\\\/08\\\/BeautyCharm_t_s-1.svg\",\"width\":148,\"height\":64,\"caption\":\"Beauty Charm\"},\"image\":{\"@id\":\"https:\\\/\\\/beautycharm.lt\\\/#\\\/schema\\\/logo\\\/image\\\/\"},\"sameAs\":[\"https:\\\/\\\/www.facebook.com\\\/faceandbodylines\\\/\",\"https:\\\/\\\/www.instagram.com\\\/the_house_of_charm\\\/\"]}]}<\/script>\n<!-- \/ Yoast SEO plugin. -->","yoast_head_json":{"title":"STORYDERM Storyderm Time Machine Calming Mask Lak\u0161tin\u0117 veido kauk\u0117 prie\u0161 sen\u0117jim\u0105 1vnt. - Beauty Charm","robots":{"index":"index","follow":"follow","max-snippet":"max-snippet:-1","max-image-preview":"max-image-preview:large","max-video-preview":"max-video-preview:-1"},"canonical":"https:\/\/beautycharm.lt\/en\/product\/storyderm-storyderm-time-machine-calming-mask-lakstine-veido-kauke-pries-senejima-1vnt\/","og_locale":"en_US","og_type":"article","og_title":"STORYDERM Storyderm Time Machine Calming Mask Lak\u0161tin\u0117 veido kauk\u0117 prie\u0161 sen\u0117jim\u0105 1vnt. - Beauty Charm","og_description":"Kodas: KS75028 Apra\u0161ymas Time Machine Calming Mask Lak\u0161tin\u0117 veido kauk\u0117 prie\u0161 sen\u0117jim\u0105 &#8211; raminanti veido kauk\u0117, pagaminta naudojant specializuota STORYDERM technologija. Veiksmingi ingredientai, tokie kaip placenta, trehaloz\u0117 ir ikrai, padidina odos deguonies absorbcijos geb\u0117jim\u0105, skatina med\u017eiag\u0173 apykait\u0105 ir odos veikl\u0105 bei pagerina nat\u016bral\u0173 odos regeneracijos poveik\u012f. Taip pat apsaugo od\u0105 u\u017ekertant keli\u0105 ultravioletini\u0173 spinduli\u0173 \u017ealai,Read More","og_url":"https:\/\/beautycharm.lt\/en\/product\/storyderm-storyderm-time-machine-calming-mask-lakstine-veido-kauke-pries-senejima-1vnt\/","og_site_name":"Beauty Charm","article_publisher":"https:\/\/www.facebook.com\/faceandbodylines\/","og_image":[{"width":500,"height":500,"url":"https:\/\/beautycharm.lt\/wp-content\/uploads\/2025\/10\/storyderm-time-machine-calming-mask-lakstine-veido-kauke-pries-senejima-.jpeg","type":"image\/jpeg"}],"twitter_card":"summary_large_image","twitter_misc":{"Est. reading time":"1 minute"},"schema":{"@context":"https:\/\/schema.org","@graph":[{"@type":"WebPage","@id":"https:\/\/beautycharm.lt\/produktas\/storyderm-storyderm-time-machine-calming-mask-lakstine-veido-kauke-pries-senejima-1vnt\/","url":"https:\/\/beautycharm.lt\/produktas\/storyderm-storyderm-time-machine-calming-mask-lakstine-veido-kauke-pries-senejima-1vnt\/","name":"STORYDERM Storyderm Time Machine Calming Mask Lak\u0161tin\u0117 veido kauk\u0117 prie\u0161 sen\u0117jim\u0105 1vnt. - Beauty Charm","isPartOf":{"@id":"https:\/\/beautycharm.lt\/#website"},"primaryImageOfPage":{"@id":"https:\/\/beautycharm.lt\/produktas\/storyderm-storyderm-time-machine-calming-mask-lakstine-veido-kauke-pries-senejima-1vnt\/#primaryimage"},"image":{"@id":"https:\/\/beautycharm.lt\/produktas\/storyderm-storyderm-time-machine-calming-mask-lakstine-veido-kauke-pries-senejima-1vnt\/#primaryimage"},"thumbnailUrl":"https:\/\/beautycharm.lt\/wp-content\/uploads\/2025\/10\/storyderm-time-machine-calming-mask-lakstine-veido-kauke-pries-senejima-.jpeg","datePublished":"2025-10-04T06:27:33+00:00","breadcrumb":{"@id":"https:\/\/beautycharm.lt\/produktas\/storyderm-storyderm-time-machine-calming-mask-lakstine-veido-kauke-pries-senejima-1vnt\/#breadcrumb"},"inLanguage":"en-US","potentialAction":[{"@type":"ReadAction","target":["https:\/\/beautycharm.lt\/produktas\/storyderm-storyderm-time-machine-calming-mask-lakstine-veido-kauke-pries-senejima-1vnt\/"]}]},{"@type":"ImageObject","inLanguage":"en-US","@id":"https:\/\/beautycharm.lt\/produktas\/storyderm-storyderm-time-machine-calming-mask-lakstine-veido-kauke-pries-senejima-1vnt\/#primaryimage","url":"https:\/\/beautycharm.lt\/wp-content\/uploads\/2025\/10\/storyderm-time-machine-calming-mask-lakstine-veido-kauke-pries-senejima-.jpeg","contentUrl":"https:\/\/beautycharm.lt\/wp-content\/uploads\/2025\/10\/storyderm-time-machine-calming-mask-lakstine-veido-kauke-pries-senejima-.jpeg","width":500,"height":500},{"@type":"BreadcrumbList","@id":"https:\/\/beautycharm.lt\/produktas\/storyderm-storyderm-time-machine-calming-mask-lakstine-veido-kauke-pries-senejima-1vnt\/#breadcrumb","itemListElement":[{"@type":"ListItem","position":1,"name":"Home","item":"https:\/\/beautycharm.lt\/"},{"@type":"ListItem","position":2,"name":"Parduotuv\u0117","item":"https:\/\/beautycharm.lt\/parduotuve\/"},{"@type":"ListItem","position":3,"name":"STORYDERM Storyderm Time Machine Calming Mask Lak\u0161tin\u0117 veido kauk\u0117 prie\u0161 sen\u0117jim\u0105 1vnt."}]},{"@type":"WebSite","@id":"https:\/\/beautycharm.lt\/#website","url":"https:\/\/beautycharm.lt\/","name":"Beauty Charm","description":"Odos prie\u017ei\u016bra vyrams ir moterims","publisher":{"@id":"https:\/\/beautycharm.lt\/#organization"},"potentialAction":[{"@type":"SearchAction","target":{"@type":"EntryPoint","urlTemplate":"https:\/\/beautycharm.lt\/?s={search_term_string}"},"query-input":{"@type":"PropertyValueSpecification","valueRequired":true,"valueName":"search_term_string"}}],"inLanguage":"en-US"},{"@type":"Organization","@id":"https:\/\/beautycharm.lt\/#organization","name":"Beauty Charm","url":"https:\/\/beautycharm.lt\/","logo":{"@type":"ImageObject","inLanguage":"en-US","@id":"https:\/\/beautycharm.lt\/#\/schema\/logo\/image\/","url":"https:\/\/beautycharm.lt\/wp-content\/uploads\/2025\/08\/BeautyCharm_t_s-1.svg","contentUrl":"https:\/\/beautycharm.lt\/wp-content\/uploads\/2025\/08\/BeautyCharm_t_s-1.svg","width":148,"height":64,"caption":"Beauty Charm"},"image":{"@id":"https:\/\/beautycharm.lt\/#\/schema\/logo\/image\/"},"sameAs":["https:\/\/www.facebook.com\/faceandbodylines\/","https:\/\/www.instagram.com\/the_house_of_charm\/"]}]}},"_links":{"self":[{"href":"https:\/\/beautycharm.lt\/en\/wp-json\/wp\/v2\/product\/2398","targetHints":{"allow":["GET"]}}],"collection":[{"href":"https:\/\/beautycharm.lt\/en\/wp-json\/wp\/v2\/product"}],"about":[{"href":"https:\/\/beautycharm.lt\/en\/wp-json\/wp\/v2\/types\/product"}],"replies":[{"embeddable":true,"href":"https:\/\/beautycharm.lt\/en\/wp-json\/wp\/v2\/comments?post=2398"}],"wp:featuredmedia":[{"embeddable":true,"href":"https:\/\/beautycharm.lt\/en\/wp-json\/wp\/v2\/media\/2399"}],"wp:attachment":[{"href":"https:\/\/beautycharm.lt\/en\/wp-json\/wp\/v2\/media?parent=2398"}],"wp:term":[{"taxonomy":"product_brand","embeddable":true,"href":"https:\/\/beautycharm.lt\/en\/wp-json\/wp\/v2\/product_brand?post=2398"},{"taxonomy":"product_cat","embeddable":true,"href":"https:\/\/beautycharm.lt\/en\/wp-json\/wp\/v2\/product_cat?post=2398"},{"taxonomy":"product_tag","embeddable":true,"href":"https:\/\/beautycharm.lt\/en\/wp-json\/wp\/v2\/product_tag?post=2398"}],"curies":[{"name":"wp","href":"https:\/\/api.w.org\/{rel}","templated":true}]}}