{"id":2396,"date":"2025-10-04T09:12:29","date_gmt":"2025-10-04T06:12:29","guid":{"rendered":"https:\/\/beautycharm.lt\/?post_type=product&#038;p=2396"},"modified":"2025-10-04T09:12:29","modified_gmt":"2025-10-04T06:12:29","slug":"juliette-armand-juliette-armand-elements-hydration-gift-set-drekinantis-veido-prieziuros-rinkinys-100ml50ml20ml","status":"publish","type":"product","link":"https:\/\/beautycharm.lt\/en\/product\/juliette-armand-juliette-armand-elements-hydration-gift-set-drekinantis-veido-prieziuros-rinkinys-100ml50ml20ml\/","title":{"rendered":"JULIETTE ARMAND Juliette Armand Elements Hydration Gift Set Dr\u0117kinantis veido prie\u017ei\u016bros rinkinys 100ml+50ml+20ml"},"content":{"rendered":"<p><strong>Kodas: <\/strong><span class=\"editable\">KS61341<\/span><\/p>\n<h3 class=\"page-product-heading\">Apra\u0161ymas<\/h3>\n<div class=\"rte\">\n<p>Juliette Armand Elements Hydration Gift Set Dr\u0117kinantis veido prie\u017ei\u016bros rinkinys, kur\u012f sudaro 3 veido prie\u017ei\u016bros priemon\u0117s: veido prausiklis put\u0173 pagrindu, dr\u0117kinantis serumas bei veido kremas. Valiklis, put\u0173 pagrindu visiems odos tipams. Pa\u0161alina ne\u0161varumus ir makia\u017e\u0105, pa\u0161alina riebal\u0173 pertekli\u0173 nuo odos, tonizuoja ir stangrina nesausindamas ir nedirgindamas jos. Dr\u0117kinantis, stangrinantis serumas visiems odos tipams. Atstato vandens balans\u0105 veido odoje, stiprina jos strukt\u016br\u0105 ir stangrina. Dr\u0117kinantis veido kremas visiems odos tipams. Papildo odos vandens atsargas ir apsaugo jo transdermin\u012f vandens praradim\u0105 i\u0161laikant dr\u0117gm\u0117s balans\u0105.<\/p>\n<p>Rinkin\u012f sudaro:<br \/>\n&#8211; Juliette Armand Cleansing Foam \u2013Veido prausiklis put\u0173 pagrindu visiems odos tipams 100 ml.<br \/>\n&#8211; Juliette Armand Hyaluronic Acid &#8211; Serumas hialurono r\u016bg\u0161ties pagrindu 20ml.<br \/>\n&#8211; Juliette Armand Multi Hydrating Cream &#8211; Dr\u0117kinantis veido kremas visiems odos tipams 50ml.<\/p>\n<ul class=\"more-details-wrap\">\n<li class=\"rte more-details-item clearfix\">\n<div class=\"mdi-title strong\">Naudojimas:<\/div>\n<div class=\"mdi-text\">Prausiklis: nedidel\u012f kiek\u012f produkto \u012fmasa\u017euokite \u012f veido od\u0105 sukamaisiais judesiais, po to nuplaukite su vandeniu.<\/p>\n<p>Serumas: u\u017ela\u0161inkite kelet\u0105 la\u0161\u0173 ant \u0161varios veido odos ir masa\u017euokite kol serumas susigers \u012f od\u0105.<\/p>\n<p>Kremas: nedidel\u012f produkto kiek\u012f tepkite 1 ar 2 kartus per dien\u0105.<\/p><\/div>\n<\/li>\n<\/ul>\n<\/div>\n<p>&nbsp;<\/p>","protected":false},"excerpt":{"rendered":"<p>Kodas: KS61341 Apra\u0161ymas Juliette Armand Elements Hydration Gift Set Dr\u0117kinantis veido prie\u017ei\u016bros rinkinys, kur\u012f sudaro 3 veido prie\u017ei\u016bros priemon\u0117s: veido prausiklis put\u0173 pagrindu, dr\u0117kinantis serumas bei veido kremas. Valiklis, put\u0173 pagrindu visiems odos tipams. Pa\u0161alina ne\u0161varumus ir makia\u017e\u0105, pa\u0161alina riebal\u0173 pertekli\u0173 nuo odos, tonizuoja ir stangrina nesausindamas ir nedirgindamas jos. Dr\u0117kinantis, stangrinantis serumas visiems odos<\/p>\n<div class=\"klb-readmore entry-button\"><a class=\"button light alt medium\" href=\"https:\/\/beautycharm.lt\/en\/product\/juliette-armand-juliette-armand-elements-hydration-gift-set-drekinantis-veido-prieziuros-rinkinys-100ml50ml20ml\/\">Read More<\/a><\/div>","protected":false},"featured_media":2397,"comment_status":"open","ping_status":"closed","template":"","meta":{"inline_featured_image":false},"product_brand":[229],"product_cat":[120,122,105,124],"product_tag":[246,235,226,228,247,245,227],"class_list":{"0":"post-2396","1":"product","2":"type-product","3":"status-publish","4":"has-post-thumbnail","6":"product_brand-juliette-armand","7":"product_cat-moterims-lt","8":"product_cat-odos-prieziuros-priemones","9":"product_cat-odos-prieziuros-rinkiniai-moterims","10":"product_cat-veido-prieziuros-priemones","11":"product_tag-dovana","12":"product_tag-drekinantis-kremas","13":"product_tag-jauninamasis-serumas","14":"product_tag-juliette-armand","15":"product_tag-kremai","16":"product_tag-rinkinys","17":"product_tag-skaistus-veidas","19":"first","20":"instock","21":"shipping-taxable","22":"purchasable","23":"product-type-simple"},"yoast_head":"<!-- This site is optimized with the Yoast SEO plugin v27.4 - https:\/\/yoast.com\/product\/yoast-seo-wordpress\/ -->\n<title>JULIETTE ARMAND Juliette Armand Elements Hydration Gift Set Dr\u0117kinantis veido prie\u017ei\u016bros rinkinys 100ml+50ml+20ml - Beauty Charm<\/title>\n<meta name=\"robots\" content=\"index, follow, max-snippet:-1, max-image-preview:large, max-video-preview:-1\" \/>\n<link rel=\"canonical\" href=\"https:\/\/beautycharm.lt\/en\/product\/juliette-armand-juliette-armand-elements-hydration-gift-set-drekinantis-veido-prieziuros-rinkinys-100ml50ml20ml\/\" \/>\n<meta property=\"og:locale\" content=\"en_US\" \/>\n<meta property=\"og:type\" content=\"article\" \/>\n<meta property=\"og:title\" content=\"JULIETTE ARMAND Juliette Armand Elements Hydration Gift Set Dr\u0117kinantis veido prie\u017ei\u016bros rinkinys 100ml+50ml+20ml - Beauty Charm\" \/>\n<meta property=\"og:description\" content=\"Kodas: KS61341 Apra\u0161ymas Juliette Armand Elements Hydration Gift Set Dr\u0117kinantis veido prie\u017ei\u016bros rinkinys, kur\u012f sudaro 3 veido prie\u017ei\u016bros priemon\u0117s: veido prausiklis put\u0173 pagrindu, dr\u0117kinantis serumas bei veido kremas. Valiklis, put\u0173 pagrindu visiems odos tipams. Pa\u0161alina ne\u0161varumus ir makia\u017e\u0105, pa\u0161alina riebal\u0173 pertekli\u0173 nuo odos, tonizuoja ir stangrina nesausindamas ir nedirgindamas jos. Dr\u0117kinantis, stangrinantis serumas visiems odosRead More\" \/>\n<meta property=\"og:url\" content=\"https:\/\/beautycharm.lt\/en\/product\/juliette-armand-juliette-armand-elements-hydration-gift-set-drekinantis-veido-prieziuros-rinkinys-100ml50ml20ml\/\" \/>\n<meta property=\"og:site_name\" content=\"Beauty Charm\" \/>\n<meta property=\"article:publisher\" content=\"https:\/\/www.facebook.com\/faceandbodylines\/\" \/>\n<meta property=\"og:image\" content=\"https:\/\/beautycharm.lt\/wp-content\/uploads\/2025\/10\/juliette-armand-elements-hydration-gift-set-drekinantis-veido-prieziuros-rinkinys-.jpeg\" \/>\n\t<meta property=\"og:image:width\" content=\"500\" \/>\n\t<meta property=\"og:image:height\" content=\"500\" \/>\n\t<meta property=\"og:image:type\" content=\"image\/jpeg\" \/>\n<meta name=\"twitter:card\" content=\"summary_large_image\" \/>\n<meta name=\"twitter:label1\" content=\"Est. reading time\" \/>\n\t<meta name=\"twitter:data1\" content=\"2 minutes\" \/>\n<script type=\"application\/ld+json\" class=\"yoast-schema-graph\">{\"@context\":\"https:\\\/\\\/schema.org\",\"@graph\":[{\"@type\":\"WebPage\",\"@id\":\"https:\\\/\\\/beautycharm.lt\\\/produktas\\\/juliette-armand-juliette-armand-elements-hydration-gift-set-drekinantis-veido-prieziuros-rinkinys-100ml50ml20ml\\\/\",\"url\":\"https:\\\/\\\/beautycharm.lt\\\/produktas\\\/juliette-armand-juliette-armand-elements-hydration-gift-set-drekinantis-veido-prieziuros-rinkinys-100ml50ml20ml\\\/\",\"name\":\"JULIETTE ARMAND Juliette Armand Elements Hydration Gift Set Dr\u0117kinantis veido prie\u017ei\u016bros rinkinys 100ml+50ml+20ml - Beauty Charm\",\"isPartOf\":{\"@id\":\"https:\\\/\\\/beautycharm.lt\\\/#website\"},\"primaryImageOfPage\":{\"@id\":\"https:\\\/\\\/beautycharm.lt\\\/produktas\\\/juliette-armand-juliette-armand-elements-hydration-gift-set-drekinantis-veido-prieziuros-rinkinys-100ml50ml20ml\\\/#primaryimage\"},\"image\":{\"@id\":\"https:\\\/\\\/beautycharm.lt\\\/produktas\\\/juliette-armand-juliette-armand-elements-hydration-gift-set-drekinantis-veido-prieziuros-rinkinys-100ml50ml20ml\\\/#primaryimage\"},\"thumbnailUrl\":\"https:\\\/\\\/beautycharm.lt\\\/wp-content\\\/uploads\\\/2025\\\/10\\\/juliette-armand-elements-hydration-gift-set-drekinantis-veido-prieziuros-rinkinys-.jpeg\",\"datePublished\":\"2025-10-04T06:12:29+00:00\",\"breadcrumb\":{\"@id\":\"https:\\\/\\\/beautycharm.lt\\\/produktas\\\/juliette-armand-juliette-armand-elements-hydration-gift-set-drekinantis-veido-prieziuros-rinkinys-100ml50ml20ml\\\/#breadcrumb\"},\"inLanguage\":\"en-US\",\"potentialAction\":[{\"@type\":\"ReadAction\",\"target\":[\"https:\\\/\\\/beautycharm.lt\\\/produktas\\\/juliette-armand-juliette-armand-elements-hydration-gift-set-drekinantis-veido-prieziuros-rinkinys-100ml50ml20ml\\\/\"]}]},{\"@type\":\"ImageObject\",\"inLanguage\":\"en-US\",\"@id\":\"https:\\\/\\\/beautycharm.lt\\\/produktas\\\/juliette-armand-juliette-armand-elements-hydration-gift-set-drekinantis-veido-prieziuros-rinkinys-100ml50ml20ml\\\/#primaryimage\",\"url\":\"https:\\\/\\\/beautycharm.lt\\\/wp-content\\\/uploads\\\/2025\\\/10\\\/juliette-armand-elements-hydration-gift-set-drekinantis-veido-prieziuros-rinkinys-.jpeg\",\"contentUrl\":\"https:\\\/\\\/beautycharm.lt\\\/wp-content\\\/uploads\\\/2025\\\/10\\\/juliette-armand-elements-hydration-gift-set-drekinantis-veido-prieziuros-rinkinys-.jpeg\",\"width\":500,\"height\":500},{\"@type\":\"BreadcrumbList\",\"@id\":\"https:\\\/\\\/beautycharm.lt\\\/produktas\\\/juliette-armand-juliette-armand-elements-hydration-gift-set-drekinantis-veido-prieziuros-rinkinys-100ml50ml20ml\\\/#breadcrumb\",\"itemListElement\":[{\"@type\":\"ListItem\",\"position\":1,\"name\":\"Home\",\"item\":\"https:\\\/\\\/beautycharm.lt\\\/\"},{\"@type\":\"ListItem\",\"position\":2,\"name\":\"Parduotuv\u0117\",\"item\":\"https:\\\/\\\/beautycharm.lt\\\/parduotuve\\\/\"},{\"@type\":\"ListItem\",\"position\":3,\"name\":\"JULIETTE ARMAND Juliette Armand Elements Hydration Gift Set Dr\u0117kinantis veido prie\u017ei\u016bros rinkinys 100ml+50ml+20ml\"}]},{\"@type\":\"WebSite\",\"@id\":\"https:\\\/\\\/beautycharm.lt\\\/#website\",\"url\":\"https:\\\/\\\/beautycharm.lt\\\/\",\"name\":\"Beauty Charm\",\"description\":\"Odos prie\u017ei\u016bra vyrams ir moterims\",\"publisher\":{\"@id\":\"https:\\\/\\\/beautycharm.lt\\\/#organization\"},\"potentialAction\":[{\"@type\":\"SearchAction\",\"target\":{\"@type\":\"EntryPoint\",\"urlTemplate\":\"https:\\\/\\\/beautycharm.lt\\\/?s={search_term_string}\"},\"query-input\":{\"@type\":\"PropertyValueSpecification\",\"valueRequired\":true,\"valueName\":\"search_term_string\"}}],\"inLanguage\":\"en-US\"},{\"@type\":\"Organization\",\"@id\":\"https:\\\/\\\/beautycharm.lt\\\/#organization\",\"name\":\"Beauty Charm\",\"url\":\"https:\\\/\\\/beautycharm.lt\\\/\",\"logo\":{\"@type\":\"ImageObject\",\"inLanguage\":\"en-US\",\"@id\":\"https:\\\/\\\/beautycharm.lt\\\/#\\\/schema\\\/logo\\\/image\\\/\",\"url\":\"https:\\\/\\\/beautycharm.lt\\\/wp-content\\\/uploads\\\/2025\\\/08\\\/BeautyCharm_t_s-1.svg\",\"contentUrl\":\"https:\\\/\\\/beautycharm.lt\\\/wp-content\\\/uploads\\\/2025\\\/08\\\/BeautyCharm_t_s-1.svg\",\"width\":148,\"height\":64,\"caption\":\"Beauty Charm\"},\"image\":{\"@id\":\"https:\\\/\\\/beautycharm.lt\\\/#\\\/schema\\\/logo\\\/image\\\/\"},\"sameAs\":[\"https:\\\/\\\/www.facebook.com\\\/faceandbodylines\\\/\",\"https:\\\/\\\/www.instagram.com\\\/the_house_of_charm\\\/\"]}]}<\/script>\n<!-- \/ Yoast SEO plugin. -->","yoast_head_json":{"title":"JULIETTE ARMAND Juliette Armand Elements Hydration Gift Set Dr\u0117kinantis veido prie\u017ei\u016bros rinkinys 100ml+50ml+20ml - Beauty Charm","robots":{"index":"index","follow":"follow","max-snippet":"max-snippet:-1","max-image-preview":"max-image-preview:large","max-video-preview":"max-video-preview:-1"},"canonical":"https:\/\/beautycharm.lt\/en\/product\/juliette-armand-juliette-armand-elements-hydration-gift-set-drekinantis-veido-prieziuros-rinkinys-100ml50ml20ml\/","og_locale":"en_US","og_type":"article","og_title":"JULIETTE ARMAND Juliette Armand Elements Hydration Gift Set Dr\u0117kinantis veido prie\u017ei\u016bros rinkinys 100ml+50ml+20ml - Beauty Charm","og_description":"Kodas: KS61341 Apra\u0161ymas Juliette Armand Elements Hydration Gift Set Dr\u0117kinantis veido prie\u017ei\u016bros rinkinys, kur\u012f sudaro 3 veido prie\u017ei\u016bros priemon\u0117s: veido prausiklis put\u0173 pagrindu, dr\u0117kinantis serumas bei veido kremas. Valiklis, put\u0173 pagrindu visiems odos tipams. Pa\u0161alina ne\u0161varumus ir makia\u017e\u0105, pa\u0161alina riebal\u0173 pertekli\u0173 nuo odos, tonizuoja ir stangrina nesausindamas ir nedirgindamas jos. Dr\u0117kinantis, stangrinantis serumas visiems odosRead More","og_url":"https:\/\/beautycharm.lt\/en\/product\/juliette-armand-juliette-armand-elements-hydration-gift-set-drekinantis-veido-prieziuros-rinkinys-100ml50ml20ml\/","og_site_name":"Beauty Charm","article_publisher":"https:\/\/www.facebook.com\/faceandbodylines\/","og_image":[{"width":500,"height":500,"url":"https:\/\/beautycharm.lt\/wp-content\/uploads\/2025\/10\/juliette-armand-elements-hydration-gift-set-drekinantis-veido-prieziuros-rinkinys-.jpeg","type":"image\/jpeg"}],"twitter_card":"summary_large_image","twitter_misc":{"Est. reading time":"2 minutes"},"schema":{"@context":"https:\/\/schema.org","@graph":[{"@type":"WebPage","@id":"https:\/\/beautycharm.lt\/produktas\/juliette-armand-juliette-armand-elements-hydration-gift-set-drekinantis-veido-prieziuros-rinkinys-100ml50ml20ml\/","url":"https:\/\/beautycharm.lt\/produktas\/juliette-armand-juliette-armand-elements-hydration-gift-set-drekinantis-veido-prieziuros-rinkinys-100ml50ml20ml\/","name":"JULIETTE ARMAND Juliette Armand Elements Hydration Gift Set Dr\u0117kinantis veido prie\u017ei\u016bros rinkinys 100ml+50ml+20ml - Beauty Charm","isPartOf":{"@id":"https:\/\/beautycharm.lt\/#website"},"primaryImageOfPage":{"@id":"https:\/\/beautycharm.lt\/produktas\/juliette-armand-juliette-armand-elements-hydration-gift-set-drekinantis-veido-prieziuros-rinkinys-100ml50ml20ml\/#primaryimage"},"image":{"@id":"https:\/\/beautycharm.lt\/produktas\/juliette-armand-juliette-armand-elements-hydration-gift-set-drekinantis-veido-prieziuros-rinkinys-100ml50ml20ml\/#primaryimage"},"thumbnailUrl":"https:\/\/beautycharm.lt\/wp-content\/uploads\/2025\/10\/juliette-armand-elements-hydration-gift-set-drekinantis-veido-prieziuros-rinkinys-.jpeg","datePublished":"2025-10-04T06:12:29+00:00","breadcrumb":{"@id":"https:\/\/beautycharm.lt\/produktas\/juliette-armand-juliette-armand-elements-hydration-gift-set-drekinantis-veido-prieziuros-rinkinys-100ml50ml20ml\/#breadcrumb"},"inLanguage":"en-US","potentialAction":[{"@type":"ReadAction","target":["https:\/\/beautycharm.lt\/produktas\/juliette-armand-juliette-armand-elements-hydration-gift-set-drekinantis-veido-prieziuros-rinkinys-100ml50ml20ml\/"]}]},{"@type":"ImageObject","inLanguage":"en-US","@id":"https:\/\/beautycharm.lt\/produktas\/juliette-armand-juliette-armand-elements-hydration-gift-set-drekinantis-veido-prieziuros-rinkinys-100ml50ml20ml\/#primaryimage","url":"https:\/\/beautycharm.lt\/wp-content\/uploads\/2025\/10\/juliette-armand-elements-hydration-gift-set-drekinantis-veido-prieziuros-rinkinys-.jpeg","contentUrl":"https:\/\/beautycharm.lt\/wp-content\/uploads\/2025\/10\/juliette-armand-elements-hydration-gift-set-drekinantis-veido-prieziuros-rinkinys-.jpeg","width":500,"height":500},{"@type":"BreadcrumbList","@id":"https:\/\/beautycharm.lt\/produktas\/juliette-armand-juliette-armand-elements-hydration-gift-set-drekinantis-veido-prieziuros-rinkinys-100ml50ml20ml\/#breadcrumb","itemListElement":[{"@type":"ListItem","position":1,"name":"Home","item":"https:\/\/beautycharm.lt\/"},{"@type":"ListItem","position":2,"name":"Parduotuv\u0117","item":"https:\/\/beautycharm.lt\/parduotuve\/"},{"@type":"ListItem","position":3,"name":"JULIETTE ARMAND Juliette Armand Elements Hydration Gift Set Dr\u0117kinantis veido prie\u017ei\u016bros rinkinys 100ml+50ml+20ml"}]},{"@type":"WebSite","@id":"https:\/\/beautycharm.lt\/#website","url":"https:\/\/beautycharm.lt\/","name":"Beauty Charm","description":"Odos prie\u017ei\u016bra vyrams ir moterims","publisher":{"@id":"https:\/\/beautycharm.lt\/#organization"},"potentialAction":[{"@type":"SearchAction","target":{"@type":"EntryPoint","urlTemplate":"https:\/\/beautycharm.lt\/?s={search_term_string}"},"query-input":{"@type":"PropertyValueSpecification","valueRequired":true,"valueName":"search_term_string"}}],"inLanguage":"en-US"},{"@type":"Organization","@id":"https:\/\/beautycharm.lt\/#organization","name":"Beauty Charm","url":"https:\/\/beautycharm.lt\/","logo":{"@type":"ImageObject","inLanguage":"en-US","@id":"https:\/\/beautycharm.lt\/#\/schema\/logo\/image\/","url":"https:\/\/beautycharm.lt\/wp-content\/uploads\/2025\/08\/BeautyCharm_t_s-1.svg","contentUrl":"https:\/\/beautycharm.lt\/wp-content\/uploads\/2025\/08\/BeautyCharm_t_s-1.svg","width":148,"height":64,"caption":"Beauty Charm"},"image":{"@id":"https:\/\/beautycharm.lt\/#\/schema\/logo\/image\/"},"sameAs":["https:\/\/www.facebook.com\/faceandbodylines\/","https:\/\/www.instagram.com\/the_house_of_charm\/"]}]}},"_links":{"self":[{"href":"https:\/\/beautycharm.lt\/en\/wp-json\/wp\/v2\/product\/2396","targetHints":{"allow":["GET"]}}],"collection":[{"href":"https:\/\/beautycharm.lt\/en\/wp-json\/wp\/v2\/product"}],"about":[{"href":"https:\/\/beautycharm.lt\/en\/wp-json\/wp\/v2\/types\/product"}],"replies":[{"embeddable":true,"href":"https:\/\/beautycharm.lt\/en\/wp-json\/wp\/v2\/comments?post=2396"}],"wp:featuredmedia":[{"embeddable":true,"href":"https:\/\/beautycharm.lt\/en\/wp-json\/wp\/v2\/media\/2397"}],"wp:attachment":[{"href":"https:\/\/beautycharm.lt\/en\/wp-json\/wp\/v2\/media?parent=2396"}],"wp:term":[{"taxonomy":"product_brand","embeddable":true,"href":"https:\/\/beautycharm.lt\/en\/wp-json\/wp\/v2\/product_brand?post=2396"},{"taxonomy":"product_cat","embeddable":true,"href":"https:\/\/beautycharm.lt\/en\/wp-json\/wp\/v2\/product_cat?post=2396"},{"taxonomy":"product_tag","embeddable":true,"href":"https:\/\/beautycharm.lt\/en\/wp-json\/wp\/v2\/product_tag?post=2396"}],"curies":[{"name":"wp","href":"https:\/\/api.w.org\/{rel}","templated":true}]}}