{"id":2394,"date":"2025-10-04T09:06:56","date_gmt":"2025-10-04T06:06:56","guid":{"rendered":"https:\/\/beautycharm.lt\/?post_type=product&#038;p=2394"},"modified":"2025-10-04T09:06:56","modified_gmt":"2025-10-04T06:06:56","slug":"juliette-armand-juliette-armand-elements-hand-care-ranku-kremas-50ml","status":"publish","type":"product","link":"https:\/\/beautycharm.lt\/en\/product\/juliette-armand-juliette-armand-elements-hand-care-ranku-kremas-50ml\/","title":{"rendered":"JULIETTE ARMAND Juliette Armand Elements Hand Care Rank\u0173 kremas 50ml"},"content":{"rendered":"<p><strong>Kodas: <\/strong><span class=\"editable\">KS89097<\/span><\/p>\n<h3 class=\"page-product-heading\">Apra\u0161ymas<\/h3>\n<div class=\"rte\">\n<p>Juliette Armand Hand Care Rank\u0173 kremas akimirksniu papildo odos dr\u0117gm\u0117s balans\u0105, tuo pa\u010diu maitindamas ir energingai apsaugodamas j\u0105 nuo sausumo ir dirginimo. Kremas rankoms ir nagams, neriebios strukt\u016bros, turtingas veikliosiomis med\u017eiagomis tokiomis kaip mandelio r\u016bg\u0161tis, pantenolis ir alijo\u0161ius, kurie gydo odos sausum\u0105 ir apsaugo nuo odos pakitim\u0173.<\/p>\n<p>Veikliosios med\u017eiagos:\u00a0Mandeli\u0173 r\u016bg\u0161tis, niacinamidas, UV filtrai, vitaminas E, alantoinas, pantenolis, alavijas.<\/p>\n<div class=\"mdi-title strong\">ngredientai:<\/div>\n<div class=\"mdi-text\">Aqua, Butylene Glycol, C12-20 Acid Peg-8 Ester , Polyisoprene, Aloe Barbadensis Leaf Extract, Glyceryl Stearate, Peg-100 Stearate , Cetyl Alcohol, Cyclopentasiloxane, Olus Oil, Panthenol, Mandelic Acid, Sodium Polyacrylate, Hydrogenated Polydecene, Prunus Amygdalus Dulcis Oil, Potassium Hydroxide, Bisabolol, Niacinamide, Phenoxyethanol, Parfum, Caprylyl Glycol, Allantoin, Dimethicone, Ethylhexylglycerin, Xanthan Gum, Centella Asiatica Leaf Extract, Trideceth-6, Bht, Sodium Benzoate, Sodium Citrate, Citric Acid.<\/div>\n<\/div>\n<p>&nbsp;<\/p>","protected":false},"excerpt":{"rendered":"<p>Kodas: KS89097 Apra\u0161ymas Juliette Armand Hand Care Rank\u0173 kremas akimirksniu papildo odos dr\u0117gm\u0117s balans\u0105, tuo pa\u010diu maitindamas ir energingai apsaugodamas j\u0105 nuo sausumo ir dirginimo. Kremas rankoms ir nagams, neriebios strukt\u016bros, turtingas veikliosiomis med\u017eiagomis tokiomis kaip mandelio r\u016bg\u0161tis, pantenolis ir alijo\u0161ius, kurie gydo odos sausum\u0105 ir apsaugo nuo odos pakitim\u0173. Veikliosios med\u017eiagos:\u00a0Mandeli\u0173 r\u016bg\u0161tis, niacinamidas, UV<\/p>\n<div class=\"klb-readmore entry-button\"><a class=\"button light alt medium\" href=\"https:\/\/beautycharm.lt\/en\/product\/juliette-armand-juliette-armand-elements-hand-care-ranku-kremas-50ml\/\">Read More<\/a><\/div>","protected":false},"featured_media":2395,"comment_status":"open","ping_status":"closed","template":"","meta":{"inline_featured_image":false},"product_brand":[229],"product_cat":[120],"product_tag":[235,228,237,244],"class_list":{"0":"post-2394","1":"product","2":"type-product","3":"status-publish","4":"has-post-thumbnail","6":"product_brand-juliette-armand","7":"product_cat-moterims-lt","8":"product_tag-drekinantis-kremas","9":"product_tag-juliette-armand","10":"product_tag-moterims","11":"product_tag-ranku-kremas","13":"first","14":"instock","15":"shipping-taxable","16":"purchasable","17":"product-type-simple"},"yoast_head":"<!-- This site is optimized with the Yoast SEO plugin v27.4 - https:\/\/yoast.com\/product\/yoast-seo-wordpress\/ -->\n<title>JULIETTE ARMAND Juliette Armand Elements Hand Care Rank\u0173 kremas 50ml - Beauty Charm<\/title>\n<meta name=\"robots\" content=\"index, follow, max-snippet:-1, max-image-preview:large, max-video-preview:-1\" \/>\n<link rel=\"canonical\" href=\"https:\/\/beautycharm.lt\/en\/product\/juliette-armand-juliette-armand-elements-hand-care-ranku-kremas-50ml\/\" \/>\n<meta property=\"og:locale\" content=\"en_US\" \/>\n<meta property=\"og:type\" content=\"article\" \/>\n<meta property=\"og:title\" content=\"JULIETTE ARMAND Juliette Armand Elements Hand Care Rank\u0173 kremas 50ml - Beauty Charm\" \/>\n<meta property=\"og:description\" content=\"Kodas: KS89097 Apra\u0161ymas Juliette Armand Hand Care Rank\u0173 kremas akimirksniu papildo odos dr\u0117gm\u0117s balans\u0105, tuo pa\u010diu maitindamas ir energingai apsaugodamas j\u0105 nuo sausumo ir dirginimo. Kremas rankoms ir nagams, neriebios strukt\u016bros, turtingas veikliosiomis med\u017eiagomis tokiomis kaip mandelio r\u016bg\u0161tis, pantenolis ir alijo\u0161ius, kurie gydo odos sausum\u0105 ir apsaugo nuo odos pakitim\u0173. Veikliosios med\u017eiagos:\u00a0Mandeli\u0173 r\u016bg\u0161tis, niacinamidas, UVRead More\" \/>\n<meta property=\"og:url\" content=\"https:\/\/beautycharm.lt\/en\/product\/juliette-armand-juliette-armand-elements-hand-care-ranku-kremas-50ml\/\" \/>\n<meta property=\"og:site_name\" content=\"Beauty Charm\" \/>\n<meta property=\"article:publisher\" content=\"https:\/\/www.facebook.com\/faceandbodylines\/\" \/>\n<meta property=\"og:image\" content=\"https:\/\/beautycharm.lt\/wp-content\/uploads\/2025\/10\/juliette-armand-elements-hand-care-ranku-kremas.jpeg\" \/>\n\t<meta property=\"og:image:width\" content=\"500\" \/>\n\t<meta property=\"og:image:height\" content=\"500\" \/>\n\t<meta property=\"og:image:type\" content=\"image\/jpeg\" \/>\n<meta name=\"twitter:card\" content=\"summary_large_image\" \/>\n<meta name=\"twitter:label1\" content=\"Est. reading time\" \/>\n\t<meta name=\"twitter:data1\" content=\"1 minute\" \/>\n<script type=\"application\/ld+json\" class=\"yoast-schema-graph\">{\"@context\":\"https:\\\/\\\/schema.org\",\"@graph\":[{\"@type\":\"WebPage\",\"@id\":\"https:\\\/\\\/beautycharm.lt\\\/produktas\\\/juliette-armand-juliette-armand-elements-hand-care-ranku-kremas-50ml\\\/\",\"url\":\"https:\\\/\\\/beautycharm.lt\\\/produktas\\\/juliette-armand-juliette-armand-elements-hand-care-ranku-kremas-50ml\\\/\",\"name\":\"JULIETTE ARMAND Juliette Armand Elements Hand Care Rank\u0173 kremas 50ml - Beauty Charm\",\"isPartOf\":{\"@id\":\"https:\\\/\\\/beautycharm.lt\\\/#website\"},\"primaryImageOfPage\":{\"@id\":\"https:\\\/\\\/beautycharm.lt\\\/produktas\\\/juliette-armand-juliette-armand-elements-hand-care-ranku-kremas-50ml\\\/#primaryimage\"},\"image\":{\"@id\":\"https:\\\/\\\/beautycharm.lt\\\/produktas\\\/juliette-armand-juliette-armand-elements-hand-care-ranku-kremas-50ml\\\/#primaryimage\"},\"thumbnailUrl\":\"https:\\\/\\\/beautycharm.lt\\\/wp-content\\\/uploads\\\/2025\\\/10\\\/juliette-armand-elements-hand-care-ranku-kremas.jpeg\",\"datePublished\":\"2025-10-04T06:06:56+00:00\",\"breadcrumb\":{\"@id\":\"https:\\\/\\\/beautycharm.lt\\\/produktas\\\/juliette-armand-juliette-armand-elements-hand-care-ranku-kremas-50ml\\\/#breadcrumb\"},\"inLanguage\":\"en-US\",\"potentialAction\":[{\"@type\":\"ReadAction\",\"target\":[\"https:\\\/\\\/beautycharm.lt\\\/produktas\\\/juliette-armand-juliette-armand-elements-hand-care-ranku-kremas-50ml\\\/\"]}]},{\"@type\":\"ImageObject\",\"inLanguage\":\"en-US\",\"@id\":\"https:\\\/\\\/beautycharm.lt\\\/produktas\\\/juliette-armand-juliette-armand-elements-hand-care-ranku-kremas-50ml\\\/#primaryimage\",\"url\":\"https:\\\/\\\/beautycharm.lt\\\/wp-content\\\/uploads\\\/2025\\\/10\\\/juliette-armand-elements-hand-care-ranku-kremas.jpeg\",\"contentUrl\":\"https:\\\/\\\/beautycharm.lt\\\/wp-content\\\/uploads\\\/2025\\\/10\\\/juliette-armand-elements-hand-care-ranku-kremas.jpeg\",\"width\":500,\"height\":500},{\"@type\":\"BreadcrumbList\",\"@id\":\"https:\\\/\\\/beautycharm.lt\\\/produktas\\\/juliette-armand-juliette-armand-elements-hand-care-ranku-kremas-50ml\\\/#breadcrumb\",\"itemListElement\":[{\"@type\":\"ListItem\",\"position\":1,\"name\":\"Home\",\"item\":\"https:\\\/\\\/beautycharm.lt\\\/\"},{\"@type\":\"ListItem\",\"position\":2,\"name\":\"Parduotuv\u0117\",\"item\":\"https:\\\/\\\/beautycharm.lt\\\/parduotuve\\\/\"},{\"@type\":\"ListItem\",\"position\":3,\"name\":\"JULIETTE ARMAND Juliette Armand Elements Hand Care Rank\u0173 kremas 50ml\"}]},{\"@type\":\"WebSite\",\"@id\":\"https:\\\/\\\/beautycharm.lt\\\/#website\",\"url\":\"https:\\\/\\\/beautycharm.lt\\\/\",\"name\":\"Beauty Charm\",\"description\":\"Odos prie\u017ei\u016bra vyrams ir moterims\",\"publisher\":{\"@id\":\"https:\\\/\\\/beautycharm.lt\\\/#organization\"},\"potentialAction\":[{\"@type\":\"SearchAction\",\"target\":{\"@type\":\"EntryPoint\",\"urlTemplate\":\"https:\\\/\\\/beautycharm.lt\\\/?s={search_term_string}\"},\"query-input\":{\"@type\":\"PropertyValueSpecification\",\"valueRequired\":true,\"valueName\":\"search_term_string\"}}],\"inLanguage\":\"en-US\"},{\"@type\":\"Organization\",\"@id\":\"https:\\\/\\\/beautycharm.lt\\\/#organization\",\"name\":\"Beauty Charm\",\"url\":\"https:\\\/\\\/beautycharm.lt\\\/\",\"logo\":{\"@type\":\"ImageObject\",\"inLanguage\":\"en-US\",\"@id\":\"https:\\\/\\\/beautycharm.lt\\\/#\\\/schema\\\/logo\\\/image\\\/\",\"url\":\"https:\\\/\\\/beautycharm.lt\\\/wp-content\\\/uploads\\\/2025\\\/08\\\/BeautyCharm_t_s-1.svg\",\"contentUrl\":\"https:\\\/\\\/beautycharm.lt\\\/wp-content\\\/uploads\\\/2025\\\/08\\\/BeautyCharm_t_s-1.svg\",\"width\":148,\"height\":64,\"caption\":\"Beauty Charm\"},\"image\":{\"@id\":\"https:\\\/\\\/beautycharm.lt\\\/#\\\/schema\\\/logo\\\/image\\\/\"},\"sameAs\":[\"https:\\\/\\\/www.facebook.com\\\/faceandbodylines\\\/\",\"https:\\\/\\\/www.instagram.com\\\/the_house_of_charm\\\/\"]}]}<\/script>\n<!-- \/ Yoast SEO plugin. -->","yoast_head_json":{"title":"JULIETTE ARMAND Juliette Armand Elements Hand Care Rank\u0173 kremas 50ml - Beauty Charm","robots":{"index":"index","follow":"follow","max-snippet":"max-snippet:-1","max-image-preview":"max-image-preview:large","max-video-preview":"max-video-preview:-1"},"canonical":"https:\/\/beautycharm.lt\/en\/product\/juliette-armand-juliette-armand-elements-hand-care-ranku-kremas-50ml\/","og_locale":"en_US","og_type":"article","og_title":"JULIETTE ARMAND Juliette Armand Elements Hand Care Rank\u0173 kremas 50ml - Beauty Charm","og_description":"Kodas: KS89097 Apra\u0161ymas Juliette Armand Hand Care Rank\u0173 kremas akimirksniu papildo odos dr\u0117gm\u0117s balans\u0105, tuo pa\u010diu maitindamas ir energingai apsaugodamas j\u0105 nuo sausumo ir dirginimo. Kremas rankoms ir nagams, neriebios strukt\u016bros, turtingas veikliosiomis med\u017eiagomis tokiomis kaip mandelio r\u016bg\u0161tis, pantenolis ir alijo\u0161ius, kurie gydo odos sausum\u0105 ir apsaugo nuo odos pakitim\u0173. Veikliosios med\u017eiagos:\u00a0Mandeli\u0173 r\u016bg\u0161tis, niacinamidas, UVRead More","og_url":"https:\/\/beautycharm.lt\/en\/product\/juliette-armand-juliette-armand-elements-hand-care-ranku-kremas-50ml\/","og_site_name":"Beauty Charm","article_publisher":"https:\/\/www.facebook.com\/faceandbodylines\/","og_image":[{"width":500,"height":500,"url":"https:\/\/beautycharm.lt\/wp-content\/uploads\/2025\/10\/juliette-armand-elements-hand-care-ranku-kremas.jpeg","type":"image\/jpeg"}],"twitter_card":"summary_large_image","twitter_misc":{"Est. reading time":"1 minute"},"schema":{"@context":"https:\/\/schema.org","@graph":[{"@type":"WebPage","@id":"https:\/\/beautycharm.lt\/produktas\/juliette-armand-juliette-armand-elements-hand-care-ranku-kremas-50ml\/","url":"https:\/\/beautycharm.lt\/produktas\/juliette-armand-juliette-armand-elements-hand-care-ranku-kremas-50ml\/","name":"JULIETTE ARMAND Juliette Armand Elements Hand Care Rank\u0173 kremas 50ml - Beauty Charm","isPartOf":{"@id":"https:\/\/beautycharm.lt\/#website"},"primaryImageOfPage":{"@id":"https:\/\/beautycharm.lt\/produktas\/juliette-armand-juliette-armand-elements-hand-care-ranku-kremas-50ml\/#primaryimage"},"image":{"@id":"https:\/\/beautycharm.lt\/produktas\/juliette-armand-juliette-armand-elements-hand-care-ranku-kremas-50ml\/#primaryimage"},"thumbnailUrl":"https:\/\/beautycharm.lt\/wp-content\/uploads\/2025\/10\/juliette-armand-elements-hand-care-ranku-kremas.jpeg","datePublished":"2025-10-04T06:06:56+00:00","breadcrumb":{"@id":"https:\/\/beautycharm.lt\/produktas\/juliette-armand-juliette-armand-elements-hand-care-ranku-kremas-50ml\/#breadcrumb"},"inLanguage":"en-US","potentialAction":[{"@type":"ReadAction","target":["https:\/\/beautycharm.lt\/produktas\/juliette-armand-juliette-armand-elements-hand-care-ranku-kremas-50ml\/"]}]},{"@type":"ImageObject","inLanguage":"en-US","@id":"https:\/\/beautycharm.lt\/produktas\/juliette-armand-juliette-armand-elements-hand-care-ranku-kremas-50ml\/#primaryimage","url":"https:\/\/beautycharm.lt\/wp-content\/uploads\/2025\/10\/juliette-armand-elements-hand-care-ranku-kremas.jpeg","contentUrl":"https:\/\/beautycharm.lt\/wp-content\/uploads\/2025\/10\/juliette-armand-elements-hand-care-ranku-kremas.jpeg","width":500,"height":500},{"@type":"BreadcrumbList","@id":"https:\/\/beautycharm.lt\/produktas\/juliette-armand-juliette-armand-elements-hand-care-ranku-kremas-50ml\/#breadcrumb","itemListElement":[{"@type":"ListItem","position":1,"name":"Home","item":"https:\/\/beautycharm.lt\/"},{"@type":"ListItem","position":2,"name":"Parduotuv\u0117","item":"https:\/\/beautycharm.lt\/parduotuve\/"},{"@type":"ListItem","position":3,"name":"JULIETTE ARMAND Juliette Armand Elements Hand Care Rank\u0173 kremas 50ml"}]},{"@type":"WebSite","@id":"https:\/\/beautycharm.lt\/#website","url":"https:\/\/beautycharm.lt\/","name":"Beauty Charm","description":"Odos prie\u017ei\u016bra vyrams ir moterims","publisher":{"@id":"https:\/\/beautycharm.lt\/#organization"},"potentialAction":[{"@type":"SearchAction","target":{"@type":"EntryPoint","urlTemplate":"https:\/\/beautycharm.lt\/?s={search_term_string}"},"query-input":{"@type":"PropertyValueSpecification","valueRequired":true,"valueName":"search_term_string"}}],"inLanguage":"en-US"},{"@type":"Organization","@id":"https:\/\/beautycharm.lt\/#organization","name":"Beauty Charm","url":"https:\/\/beautycharm.lt\/","logo":{"@type":"ImageObject","inLanguage":"en-US","@id":"https:\/\/beautycharm.lt\/#\/schema\/logo\/image\/","url":"https:\/\/beautycharm.lt\/wp-content\/uploads\/2025\/08\/BeautyCharm_t_s-1.svg","contentUrl":"https:\/\/beautycharm.lt\/wp-content\/uploads\/2025\/08\/BeautyCharm_t_s-1.svg","width":148,"height":64,"caption":"Beauty Charm"},"image":{"@id":"https:\/\/beautycharm.lt\/#\/schema\/logo\/image\/"},"sameAs":["https:\/\/www.facebook.com\/faceandbodylines\/","https:\/\/www.instagram.com\/the_house_of_charm\/"]}]}},"_links":{"self":[{"href":"https:\/\/beautycharm.lt\/en\/wp-json\/wp\/v2\/product\/2394","targetHints":{"allow":["GET"]}}],"collection":[{"href":"https:\/\/beautycharm.lt\/en\/wp-json\/wp\/v2\/product"}],"about":[{"href":"https:\/\/beautycharm.lt\/en\/wp-json\/wp\/v2\/types\/product"}],"replies":[{"embeddable":true,"href":"https:\/\/beautycharm.lt\/en\/wp-json\/wp\/v2\/comments?post=2394"}],"wp:featuredmedia":[{"embeddable":true,"href":"https:\/\/beautycharm.lt\/en\/wp-json\/wp\/v2\/media\/2395"}],"wp:attachment":[{"href":"https:\/\/beautycharm.lt\/en\/wp-json\/wp\/v2\/media?parent=2394"}],"wp:term":[{"taxonomy":"product_brand","embeddable":true,"href":"https:\/\/beautycharm.lt\/en\/wp-json\/wp\/v2\/product_brand?post=2394"},{"taxonomy":"product_cat","embeddable":true,"href":"https:\/\/beautycharm.lt\/en\/wp-json\/wp\/v2\/product_cat?post=2394"},{"taxonomy":"product_tag","embeddable":true,"href":"https:\/\/beautycharm.lt\/en\/wp-json\/wp\/v2\/product_tag?post=2394"}],"curies":[{"name":"wp","href":"https:\/\/api.w.org\/{rel}","templated":true}]}}