{"id":2392,"date":"2025-10-04T08:55:35","date_gmt":"2025-10-04T05:55:35","guid":{"rendered":"https:\/\/beautycharm.lt\/?post_type=product&#038;p=2392"},"modified":"2025-10-04T08:55:35","modified_gmt":"2025-10-04T05:55:35","slug":"juliette-armand-juliette-armand-elements-clarifying-cleanser-gel-valomasis-veido-gelis-210ml","status":"publish","type":"product","link":"https:\/\/beautycharm.lt\/en\/product\/juliette-armand-juliette-armand-elements-clarifying-cleanser-gel-valomasis-veido-gelis-210ml\/","title":{"rendered":"JULIETTE ARMAND Juliette Armand Elements Clarifying Cleanser Gel Valomasis veido gelis 210ml"},"content":{"rendered":"<p><strong>Kodas: <\/strong><span class=\"editable\">KS80878<\/span><\/p>\n<h3 class=\"page-product-heading\">Apra\u0161ymas<\/h3>\n<div class=\"rte\">\n<p>Valomasis gelis, skirtas \u012f akn\u0119 linkusiai, riebiai ir mi\u0161riai odai. Jis valo ir atkem\u0161a poras, pa\u0161alina riebal\u0173 pertekli\u0173 ir balansuoja odos riebum\u0105.<\/p>\n<p>Gelis su valomuoju augalini\u0173 aliej\u0173 ir alyvuogi\u0173 aliejaus mi\u0161iniu, sustiprintu specialiai sukurtu kanadinio gluosnio ingredientu, kuris slopina akn\u0119 sukelian\u010dios bakterijos Propionibacterium Acnes veikim\u0105 ir pasi\u017eymi prie\u0161u\u017edegimin\u0117mis savyb\u0117mis. Sud\u0117tyje taip pat yra azelaino r\u016bg\u0161ties &#8211; glicino komplekso ir \u201eSebustop\u201c &#8211; ingredient\u0173, kurie reguliuoja sebor\u0117j\u0105, gydo riebal\u0173 hipersekrecij\u0105, \u0161alina riebal\u0173 pertekli\u0173 i\u0161 odos ir u\u017etikrina veiksming\u0105 veikim\u0105 nuo akn\u0117s pa\u017eeidim\u0173.<\/p>\n<ul class=\"more-details-wrap\">\n<li class=\"rte more-details-item clearfix\">\n<div class=\"mdi-title strong\">Kam skirta?<\/div>\n<div class=\"mdi-text\">Riebiai ir mi\u0161riai, \u012f akn\u0119 linkusiai odai.<\/div>\n<\/li>\n<li class=\"rte more-details-item clearfix\">\n<div class=\"mdi-title strong\">Naudojimas:<\/div>\n<div class=\"mdi-text\">\n<p>Sukamaisiais judesiais u\u017etepkite nedidel\u012f kiek\u012f ir nuvalykite dr\u0117gnu vatos diskeliu.<\/p>\n<\/div>\n<\/li>\n<li class=\"rte more-details-item clearfix\">\n<div class=\"mdi-title strong\">Ingredientai:<\/div>\n<div class=\"mdi-text\">Aqua, Olive Oil Peg-7 Esters, Glycerin, Sucrose Laurate, Ppg-26-buteth-26, Alcohol, Phenoxyethanol, Butylene Glycol, Acrylates\/c10-30 Alkyl Acrylate Crosspolymer, Arginine, Peg-40 Hydrogenated Castor Oil, Ethylhexylglycerin, Potassium Azeloyl Diglycinate, Caprylyl Glycol, Disodium Edta, Epilobium Angustifolium Flower\/leaf\/stem Extract, Cinnamomum Cassia Bark Extract, Sanguisorba Officinalis Root Extract, Zingiber Officinale Root Extract The ingredients are constantly updated. Before using a product, please read the list of ingredients on its packaging to ensure they are suitable for your personal use.<\/div>\n<\/li>\n<\/ul>\n<\/div>\n<p>&nbsp;<\/p>","protected":false},"excerpt":{"rendered":"<p>Kodas: KS80878 Apra\u0161ymas Valomasis gelis, skirtas \u012f akn\u0119 linkusiai, riebiai ir mi\u0161riai odai. Jis valo ir atkem\u0161a poras, pa\u0161alina riebal\u0173 pertekli\u0173 ir balansuoja odos riebum\u0105. Gelis su valomuoju augalini\u0173 aliej\u0173 ir alyvuogi\u0173 aliejaus mi\u0161iniu, sustiprintu specialiai sukurtu kanadinio gluosnio ingredientu, kuris slopina akn\u0119 sukelian\u010dios bakterijos Propionibacterium Acnes veikim\u0105 ir pasi\u017eymi prie\u0161u\u017edegimin\u0117mis savyb\u0117mis. Sud\u0117tyje taip pat<\/p>\n<div class=\"klb-readmore entry-button\"><a class=\"button light alt medium\" href=\"https:\/\/beautycharm.lt\/en\/product\/juliette-armand-juliette-armand-elements-clarifying-cleanser-gel-valomasis-veido-gelis-210ml\/\">Read More<\/a><\/div>","protected":false},"featured_media":2393,"comment_status":"open","ping_status":"closed","template":"","meta":{"inline_featured_image":false},"product_brand":[229],"product_cat":[120,122,142],"product_tag":[228,243,241,242,221],"class_list":{"0":"post-2392","1":"product","2":"type-product","3":"status-publish","4":"has-post-thumbnail","6":"product_brand-juliette-armand","7":"product_cat-moterims-lt","8":"product_cat-odos-prieziuros-priemones","9":"product_cat-veido-prausikliai","10":"product_tag-juliette-armand","11":"product_tag-misriai-odai","12":"product_tag-nuo-spuogu","13":"product_tag-riebiai-odai","14":"product_tag-veido-prausiklis","16":"first","17":"instock","18":"shipping-taxable","19":"purchasable","20":"product-type-simple"},"yoast_head":"<!-- This site is optimized with the Yoast SEO plugin v27.4 - https:\/\/yoast.com\/product\/yoast-seo-wordpress\/ -->\n<title>JULIETTE ARMAND Juliette Armand Elements Clarifying Cleanser Gel Valomasis veido gelis 210ml - Beauty Charm<\/title>\n<meta name=\"robots\" content=\"index, follow, max-snippet:-1, max-image-preview:large, max-video-preview:-1\" \/>\n<link rel=\"canonical\" href=\"https:\/\/beautycharm.lt\/en\/product\/juliette-armand-juliette-armand-elements-clarifying-cleanser-gel-valomasis-veido-gelis-210ml\/\" \/>\n<meta property=\"og:locale\" content=\"en_US\" \/>\n<meta property=\"og:type\" content=\"article\" \/>\n<meta property=\"og:title\" content=\"JULIETTE ARMAND Juliette Armand Elements Clarifying Cleanser Gel Valomasis veido gelis 210ml - Beauty Charm\" \/>\n<meta property=\"og:description\" content=\"Kodas: KS80878 Apra\u0161ymas Valomasis gelis, skirtas \u012f akn\u0119 linkusiai, riebiai ir mi\u0161riai odai. Jis valo ir atkem\u0161a poras, pa\u0161alina riebal\u0173 pertekli\u0173 ir balansuoja odos riebum\u0105. Gelis su valomuoju augalini\u0173 aliej\u0173 ir alyvuogi\u0173 aliejaus mi\u0161iniu, sustiprintu specialiai sukurtu kanadinio gluosnio ingredientu, kuris slopina akn\u0119 sukelian\u010dios bakterijos Propionibacterium Acnes veikim\u0105 ir pasi\u017eymi prie\u0161u\u017edegimin\u0117mis savyb\u0117mis. Sud\u0117tyje taip patRead More\" \/>\n<meta property=\"og:url\" content=\"https:\/\/beautycharm.lt\/en\/product\/juliette-armand-juliette-armand-elements-clarifying-cleanser-gel-valomasis-veido-gelis-210ml\/\" \/>\n<meta property=\"og:site_name\" content=\"Beauty Charm\" \/>\n<meta property=\"article:publisher\" content=\"https:\/\/www.facebook.com\/faceandbodylines\/\" \/>\n<meta property=\"og:image\" content=\"https:\/\/beautycharm.lt\/wp-content\/uploads\/2025\/10\/juliette-armand-elements-clarifying-cleanser-gel-valomasis-veido-gelis.jpeg\" \/>\n\t<meta property=\"og:image:width\" content=\"500\" \/>\n\t<meta property=\"og:image:height\" content=\"500\" \/>\n\t<meta property=\"og:image:type\" content=\"image\/jpeg\" \/>\n<meta name=\"twitter:card\" content=\"summary_large_image\" \/>\n<meta name=\"twitter:label1\" content=\"Est. reading time\" \/>\n\t<meta name=\"twitter:data1\" content=\"2 minutes\" \/>\n<script type=\"application\/ld+json\" class=\"yoast-schema-graph\">{\"@context\":\"https:\\\/\\\/schema.org\",\"@graph\":[{\"@type\":\"WebPage\",\"@id\":\"https:\\\/\\\/beautycharm.lt\\\/produktas\\\/juliette-armand-juliette-armand-elements-clarifying-cleanser-gel-valomasis-veido-gelis-210ml\\\/\",\"url\":\"https:\\\/\\\/beautycharm.lt\\\/produktas\\\/juliette-armand-juliette-armand-elements-clarifying-cleanser-gel-valomasis-veido-gelis-210ml\\\/\",\"name\":\"JULIETTE ARMAND Juliette Armand Elements Clarifying Cleanser Gel Valomasis veido gelis 210ml - Beauty Charm\",\"isPartOf\":{\"@id\":\"https:\\\/\\\/beautycharm.lt\\\/#website\"},\"primaryImageOfPage\":{\"@id\":\"https:\\\/\\\/beautycharm.lt\\\/produktas\\\/juliette-armand-juliette-armand-elements-clarifying-cleanser-gel-valomasis-veido-gelis-210ml\\\/#primaryimage\"},\"image\":{\"@id\":\"https:\\\/\\\/beautycharm.lt\\\/produktas\\\/juliette-armand-juliette-armand-elements-clarifying-cleanser-gel-valomasis-veido-gelis-210ml\\\/#primaryimage\"},\"thumbnailUrl\":\"https:\\\/\\\/beautycharm.lt\\\/wp-content\\\/uploads\\\/2025\\\/10\\\/juliette-armand-elements-clarifying-cleanser-gel-valomasis-veido-gelis.jpeg\",\"datePublished\":\"2025-10-04T05:55:35+00:00\",\"breadcrumb\":{\"@id\":\"https:\\\/\\\/beautycharm.lt\\\/produktas\\\/juliette-armand-juliette-armand-elements-clarifying-cleanser-gel-valomasis-veido-gelis-210ml\\\/#breadcrumb\"},\"inLanguage\":\"en-US\",\"potentialAction\":[{\"@type\":\"ReadAction\",\"target\":[\"https:\\\/\\\/beautycharm.lt\\\/produktas\\\/juliette-armand-juliette-armand-elements-clarifying-cleanser-gel-valomasis-veido-gelis-210ml\\\/\"]}]},{\"@type\":\"ImageObject\",\"inLanguage\":\"en-US\",\"@id\":\"https:\\\/\\\/beautycharm.lt\\\/produktas\\\/juliette-armand-juliette-armand-elements-clarifying-cleanser-gel-valomasis-veido-gelis-210ml\\\/#primaryimage\",\"url\":\"https:\\\/\\\/beautycharm.lt\\\/wp-content\\\/uploads\\\/2025\\\/10\\\/juliette-armand-elements-clarifying-cleanser-gel-valomasis-veido-gelis.jpeg\",\"contentUrl\":\"https:\\\/\\\/beautycharm.lt\\\/wp-content\\\/uploads\\\/2025\\\/10\\\/juliette-armand-elements-clarifying-cleanser-gel-valomasis-veido-gelis.jpeg\",\"width\":500,\"height\":500},{\"@type\":\"BreadcrumbList\",\"@id\":\"https:\\\/\\\/beautycharm.lt\\\/produktas\\\/juliette-armand-juliette-armand-elements-clarifying-cleanser-gel-valomasis-veido-gelis-210ml\\\/#breadcrumb\",\"itemListElement\":[{\"@type\":\"ListItem\",\"position\":1,\"name\":\"Home\",\"item\":\"https:\\\/\\\/beautycharm.lt\\\/\"},{\"@type\":\"ListItem\",\"position\":2,\"name\":\"Parduotuv\u0117\",\"item\":\"https:\\\/\\\/beautycharm.lt\\\/parduotuve\\\/\"},{\"@type\":\"ListItem\",\"position\":3,\"name\":\"JULIETTE ARMAND Juliette Armand Elements Clarifying Cleanser Gel Valomasis veido gelis 210ml\"}]},{\"@type\":\"WebSite\",\"@id\":\"https:\\\/\\\/beautycharm.lt\\\/#website\",\"url\":\"https:\\\/\\\/beautycharm.lt\\\/\",\"name\":\"Beauty Charm\",\"description\":\"Odos prie\u017ei\u016bra vyrams ir moterims\",\"publisher\":{\"@id\":\"https:\\\/\\\/beautycharm.lt\\\/#organization\"},\"potentialAction\":[{\"@type\":\"SearchAction\",\"target\":{\"@type\":\"EntryPoint\",\"urlTemplate\":\"https:\\\/\\\/beautycharm.lt\\\/?s={search_term_string}\"},\"query-input\":{\"@type\":\"PropertyValueSpecification\",\"valueRequired\":true,\"valueName\":\"search_term_string\"}}],\"inLanguage\":\"en-US\"},{\"@type\":\"Organization\",\"@id\":\"https:\\\/\\\/beautycharm.lt\\\/#organization\",\"name\":\"Beauty Charm\",\"url\":\"https:\\\/\\\/beautycharm.lt\\\/\",\"logo\":{\"@type\":\"ImageObject\",\"inLanguage\":\"en-US\",\"@id\":\"https:\\\/\\\/beautycharm.lt\\\/#\\\/schema\\\/logo\\\/image\\\/\",\"url\":\"https:\\\/\\\/beautycharm.lt\\\/wp-content\\\/uploads\\\/2025\\\/08\\\/BeautyCharm_t_s-1.svg\",\"contentUrl\":\"https:\\\/\\\/beautycharm.lt\\\/wp-content\\\/uploads\\\/2025\\\/08\\\/BeautyCharm_t_s-1.svg\",\"width\":148,\"height\":64,\"caption\":\"Beauty Charm\"},\"image\":{\"@id\":\"https:\\\/\\\/beautycharm.lt\\\/#\\\/schema\\\/logo\\\/image\\\/\"},\"sameAs\":[\"https:\\\/\\\/www.facebook.com\\\/faceandbodylines\\\/\",\"https:\\\/\\\/www.instagram.com\\\/the_house_of_charm\\\/\"]}]}<\/script>\n<!-- \/ Yoast SEO plugin. -->","yoast_head_json":{"title":"JULIETTE ARMAND Juliette Armand Elements Clarifying Cleanser Gel Valomasis veido gelis 210ml - Beauty Charm","robots":{"index":"index","follow":"follow","max-snippet":"max-snippet:-1","max-image-preview":"max-image-preview:large","max-video-preview":"max-video-preview:-1"},"canonical":"https:\/\/beautycharm.lt\/en\/product\/juliette-armand-juliette-armand-elements-clarifying-cleanser-gel-valomasis-veido-gelis-210ml\/","og_locale":"en_US","og_type":"article","og_title":"JULIETTE ARMAND Juliette Armand Elements Clarifying Cleanser Gel Valomasis veido gelis 210ml - Beauty Charm","og_description":"Kodas: KS80878 Apra\u0161ymas Valomasis gelis, skirtas \u012f akn\u0119 linkusiai, riebiai ir mi\u0161riai odai. Jis valo ir atkem\u0161a poras, pa\u0161alina riebal\u0173 pertekli\u0173 ir balansuoja odos riebum\u0105. Gelis su valomuoju augalini\u0173 aliej\u0173 ir alyvuogi\u0173 aliejaus mi\u0161iniu, sustiprintu specialiai sukurtu kanadinio gluosnio ingredientu, kuris slopina akn\u0119 sukelian\u010dios bakterijos Propionibacterium Acnes veikim\u0105 ir pasi\u017eymi prie\u0161u\u017edegimin\u0117mis savyb\u0117mis. Sud\u0117tyje taip patRead More","og_url":"https:\/\/beautycharm.lt\/en\/product\/juliette-armand-juliette-armand-elements-clarifying-cleanser-gel-valomasis-veido-gelis-210ml\/","og_site_name":"Beauty Charm","article_publisher":"https:\/\/www.facebook.com\/faceandbodylines\/","og_image":[{"width":500,"height":500,"url":"https:\/\/beautycharm.lt\/wp-content\/uploads\/2025\/10\/juliette-armand-elements-clarifying-cleanser-gel-valomasis-veido-gelis.jpeg","type":"image\/jpeg"}],"twitter_card":"summary_large_image","twitter_misc":{"Est. reading time":"2 minutes"},"schema":{"@context":"https:\/\/schema.org","@graph":[{"@type":"WebPage","@id":"https:\/\/beautycharm.lt\/produktas\/juliette-armand-juliette-armand-elements-clarifying-cleanser-gel-valomasis-veido-gelis-210ml\/","url":"https:\/\/beautycharm.lt\/produktas\/juliette-armand-juliette-armand-elements-clarifying-cleanser-gel-valomasis-veido-gelis-210ml\/","name":"JULIETTE ARMAND Juliette Armand Elements Clarifying Cleanser Gel Valomasis veido gelis 210ml - Beauty Charm","isPartOf":{"@id":"https:\/\/beautycharm.lt\/#website"},"primaryImageOfPage":{"@id":"https:\/\/beautycharm.lt\/produktas\/juliette-armand-juliette-armand-elements-clarifying-cleanser-gel-valomasis-veido-gelis-210ml\/#primaryimage"},"image":{"@id":"https:\/\/beautycharm.lt\/produktas\/juliette-armand-juliette-armand-elements-clarifying-cleanser-gel-valomasis-veido-gelis-210ml\/#primaryimage"},"thumbnailUrl":"https:\/\/beautycharm.lt\/wp-content\/uploads\/2025\/10\/juliette-armand-elements-clarifying-cleanser-gel-valomasis-veido-gelis.jpeg","datePublished":"2025-10-04T05:55:35+00:00","breadcrumb":{"@id":"https:\/\/beautycharm.lt\/produktas\/juliette-armand-juliette-armand-elements-clarifying-cleanser-gel-valomasis-veido-gelis-210ml\/#breadcrumb"},"inLanguage":"en-US","potentialAction":[{"@type":"ReadAction","target":["https:\/\/beautycharm.lt\/produktas\/juliette-armand-juliette-armand-elements-clarifying-cleanser-gel-valomasis-veido-gelis-210ml\/"]}]},{"@type":"ImageObject","inLanguage":"en-US","@id":"https:\/\/beautycharm.lt\/produktas\/juliette-armand-juliette-armand-elements-clarifying-cleanser-gel-valomasis-veido-gelis-210ml\/#primaryimage","url":"https:\/\/beautycharm.lt\/wp-content\/uploads\/2025\/10\/juliette-armand-elements-clarifying-cleanser-gel-valomasis-veido-gelis.jpeg","contentUrl":"https:\/\/beautycharm.lt\/wp-content\/uploads\/2025\/10\/juliette-armand-elements-clarifying-cleanser-gel-valomasis-veido-gelis.jpeg","width":500,"height":500},{"@type":"BreadcrumbList","@id":"https:\/\/beautycharm.lt\/produktas\/juliette-armand-juliette-armand-elements-clarifying-cleanser-gel-valomasis-veido-gelis-210ml\/#breadcrumb","itemListElement":[{"@type":"ListItem","position":1,"name":"Home","item":"https:\/\/beautycharm.lt\/"},{"@type":"ListItem","position":2,"name":"Parduotuv\u0117","item":"https:\/\/beautycharm.lt\/parduotuve\/"},{"@type":"ListItem","position":3,"name":"JULIETTE ARMAND Juliette Armand Elements Clarifying Cleanser Gel Valomasis veido gelis 210ml"}]},{"@type":"WebSite","@id":"https:\/\/beautycharm.lt\/#website","url":"https:\/\/beautycharm.lt\/","name":"Beauty Charm","description":"Odos prie\u017ei\u016bra vyrams ir moterims","publisher":{"@id":"https:\/\/beautycharm.lt\/#organization"},"potentialAction":[{"@type":"SearchAction","target":{"@type":"EntryPoint","urlTemplate":"https:\/\/beautycharm.lt\/?s={search_term_string}"},"query-input":{"@type":"PropertyValueSpecification","valueRequired":true,"valueName":"search_term_string"}}],"inLanguage":"en-US"},{"@type":"Organization","@id":"https:\/\/beautycharm.lt\/#organization","name":"Beauty Charm","url":"https:\/\/beautycharm.lt\/","logo":{"@type":"ImageObject","inLanguage":"en-US","@id":"https:\/\/beautycharm.lt\/#\/schema\/logo\/image\/","url":"https:\/\/beautycharm.lt\/wp-content\/uploads\/2025\/08\/BeautyCharm_t_s-1.svg","contentUrl":"https:\/\/beautycharm.lt\/wp-content\/uploads\/2025\/08\/BeautyCharm_t_s-1.svg","width":148,"height":64,"caption":"Beauty Charm"},"image":{"@id":"https:\/\/beautycharm.lt\/#\/schema\/logo\/image\/"},"sameAs":["https:\/\/www.facebook.com\/faceandbodylines\/","https:\/\/www.instagram.com\/the_house_of_charm\/"]}]}},"_links":{"self":[{"href":"https:\/\/beautycharm.lt\/en\/wp-json\/wp\/v2\/product\/2392","targetHints":{"allow":["GET"]}}],"collection":[{"href":"https:\/\/beautycharm.lt\/en\/wp-json\/wp\/v2\/product"}],"about":[{"href":"https:\/\/beautycharm.lt\/en\/wp-json\/wp\/v2\/types\/product"}],"replies":[{"embeddable":true,"href":"https:\/\/beautycharm.lt\/en\/wp-json\/wp\/v2\/comments?post=2392"}],"wp:featuredmedia":[{"embeddable":true,"href":"https:\/\/beautycharm.lt\/en\/wp-json\/wp\/v2\/media\/2393"}],"wp:attachment":[{"href":"https:\/\/beautycharm.lt\/en\/wp-json\/wp\/v2\/media?parent=2392"}],"wp:term":[{"taxonomy":"product_brand","embeddable":true,"href":"https:\/\/beautycharm.lt\/en\/wp-json\/wp\/v2\/product_brand?post=2392"},{"taxonomy":"product_cat","embeddable":true,"href":"https:\/\/beautycharm.lt\/en\/wp-json\/wp\/v2\/product_cat?post=2392"},{"taxonomy":"product_tag","embeddable":true,"href":"https:\/\/beautycharm.lt\/en\/wp-json\/wp\/v2\/product_tag?post=2392"}],"curies":[{"name":"wp","href":"https:\/\/api.w.org\/{rel}","templated":true}]}}