{"id":2390,"date":"2025-10-04T08:49:41","date_gmt":"2025-10-04T05:49:41","guid":{"rendered":"https:\/\/beautycharm.lt\/?post_type=product&#038;p=2390"},"modified":"2025-10-04T08:49:41","modified_gmt":"2025-10-04T05:49:41","slug":"juliette-armand-juliette-armand-elements-clarifying-stick-spuogus-naikinantis-piestukas-8ml","status":"publish","type":"product","link":"https:\/\/beautycharm.lt\/en\/product\/juliette-armand-juliette-armand-elements-clarifying-stick-spuogus-naikinantis-piestukas-8ml\/","title":{"rendered":"JULIETTE ARMAND Juliette Armand Elements Clarifying Stick Spuogus naikinantis pie\u0161tukas 8ml"},"content":{"rendered":"<p><strong>Kodas: <\/strong><span class=\"editable\">KS17473<\/span><\/p>\n<h3 class=\"page-product-heading\">Apra\u0161ymas<\/h3>\n<div class=\"rte\">\n<p>Juliette Armand Clarifying Spuogus naikinantis pie\u0161tukas, naudojamas lokaliai ant spuog\u0173, akn\u0117s pa\u017eeistai odai. Ma\u017eina spuog\u0173 paliktus randelius, d\u0117mes, slopina nauj\u0173 spuog\u0173 atsiradim\u0105, u\u017edegim\u0105. Suteikia greit\u0105 ir veiksming\u0105 rezultat\u0105.<\/p>\n<p>Pagrindiniai ingredientai: Azelaino r\u016bg\u0161tis 5.5%, salicilo r\u016bg\u0161tis 1.4%, bisabololas, kanadieti\u0161ka o\u017ekaro\u017e\u0117 2%.<\/p>\n<ul class=\"more-details-wrap\">\n<li class=\"rte more-details-item clearfix\">\n<div class=\"mdi-title strong\">Naudojimas:<\/div>\n<div class=\"mdi-text\">Tepkite 2-3 kartus per dien\u0105.<\/div>\n<\/li>\n<li class=\"rte more-details-item clearfix\">\n<div class=\"mdi-title strong\">Ingredientai:<\/div>\n<div class=\"mdi-text\">Aqua, Alcohol Denat, Azelaic Acid, Ricinoleth-40, Butylene Glycol, Salicylic Acid, Sodium Hydroxide, Hydroxyethylcellulose, Glycerin, Hydrolyzed Milk Protein, Benzophenone-4, Bisabolol, Disodium Edta, Epilobium Angustifolium Flower\/leaf\/stem Extract, Phenoxyethanol, Mimosa Tenuiflora Bark Extract<\/div>\n<\/li>\n<\/ul>\n<\/div>\n<p>&nbsp;<\/p>","protected":false},"excerpt":{"rendered":"<p>Kodas: KS17473 Apra\u0161ymas Juliette Armand Clarifying Spuogus naikinantis pie\u0161tukas, naudojamas lokaliai ant spuog\u0173, akn\u0117s pa\u017eeistai odai. Ma\u017eina spuog\u0173 paliktus randelius, d\u0117mes, slopina nauj\u0173 spuog\u0173 atsiradim\u0105, u\u017edegim\u0105. Suteikia greit\u0105 ir veiksming\u0105 rezultat\u0105. Pagrindiniai ingredientai: Azelaino r\u016bg\u0161tis 5.5%, salicilo r\u016bg\u0161tis 1.4%, bisabololas, kanadieti\u0161ka o\u017ekaro\u017e\u0117 2%. Naudojimas: Tepkite 2-3 kartus per dien\u0105. Ingredientai: Aqua, Alcohol Denat, Azelaic Acid,<\/p>\n<div class=\"klb-readmore entry-button\"><a class=\"button light alt medium\" href=\"https:\/\/beautycharm.lt\/en\/product\/juliette-armand-juliette-armand-elements-clarifying-stick-spuogus-naikinantis-piestukas-8ml\/\">Read More<\/a><\/div>","protected":false},"featured_media":2391,"comment_status":"open","ping_status":"closed","template":"","meta":{"inline_featured_image":false},"product_brand":[229],"product_cat":[120,126],"product_tag":[240,228,239,233],"class_list":{"0":"post-2390","1":"product","2":"type-product","3":"status-publish","4":"has-post-thumbnail","6":"product_brand-juliette-armand","7":"product_cat-moterims-lt","8":"product_cat-veido-serumai","9":"product_tag-aknei","10":"product_tag-juliette-armand","11":"product_tag-spuogams","12":"product_tag-veido-serumas","14":"first","15":"instock","16":"shipping-taxable","17":"purchasable","18":"product-type-simple"},"yoast_head":"<!-- This site is optimized with the Yoast SEO plugin v27.4 - https:\/\/yoast.com\/product\/yoast-seo-wordpress\/ -->\n<title>JULIETTE ARMAND Juliette Armand Elements Clarifying Stick Spuogus naikinantis pie\u0161tukas 8ml - Beauty Charm<\/title>\n<meta name=\"robots\" content=\"index, follow, max-snippet:-1, max-image-preview:large, max-video-preview:-1\" \/>\n<link rel=\"canonical\" href=\"https:\/\/beautycharm.lt\/en\/product\/juliette-armand-juliette-armand-elements-clarifying-stick-spuogus-naikinantis-piestukas-8ml\/\" \/>\n<meta property=\"og:locale\" content=\"en_US\" \/>\n<meta property=\"og:type\" content=\"article\" \/>\n<meta property=\"og:title\" content=\"JULIETTE ARMAND Juliette Armand Elements Clarifying Stick Spuogus naikinantis pie\u0161tukas 8ml - Beauty Charm\" \/>\n<meta property=\"og:description\" content=\"Kodas: KS17473 Apra\u0161ymas Juliette Armand Clarifying Spuogus naikinantis pie\u0161tukas, naudojamas lokaliai ant spuog\u0173, akn\u0117s pa\u017eeistai odai. Ma\u017eina spuog\u0173 paliktus randelius, d\u0117mes, slopina nauj\u0173 spuog\u0173 atsiradim\u0105, u\u017edegim\u0105. Suteikia greit\u0105 ir veiksming\u0105 rezultat\u0105. Pagrindiniai ingredientai: Azelaino r\u016bg\u0161tis 5.5%, salicilo r\u016bg\u0161tis 1.4%, bisabololas, kanadieti\u0161ka o\u017ekaro\u017e\u0117 2%. Naudojimas: Tepkite 2-3 kartus per dien\u0105. Ingredientai: Aqua, Alcohol Denat, Azelaic Acid,Read More\" \/>\n<meta property=\"og:url\" content=\"https:\/\/beautycharm.lt\/en\/product\/juliette-armand-juliette-armand-elements-clarifying-stick-spuogus-naikinantis-piestukas-8ml\/\" \/>\n<meta property=\"og:site_name\" content=\"Beauty Charm\" \/>\n<meta property=\"article:publisher\" content=\"https:\/\/www.facebook.com\/faceandbodylines\/\" \/>\n<meta property=\"og:image\" content=\"https:\/\/beautycharm.lt\/wp-content\/uploads\/2025\/10\/juliette-armand-elements-clarifying-stick-spuogus-naikinantis-piestukas.jpeg\" \/>\n\t<meta property=\"og:image:width\" content=\"500\" \/>\n\t<meta property=\"og:image:height\" content=\"500\" \/>\n\t<meta property=\"og:image:type\" content=\"image\/jpeg\" \/>\n<meta name=\"twitter:card\" content=\"summary_large_image\" \/>\n<meta name=\"twitter:label1\" content=\"Est. reading time\" \/>\n\t<meta name=\"twitter:data1\" content=\"1 minute\" \/>\n<script type=\"application\/ld+json\" class=\"yoast-schema-graph\">{\"@context\":\"https:\\\/\\\/schema.org\",\"@graph\":[{\"@type\":\"WebPage\",\"@id\":\"https:\\\/\\\/beautycharm.lt\\\/produktas\\\/juliette-armand-juliette-armand-elements-clarifying-stick-spuogus-naikinantis-piestukas-8ml\\\/\",\"url\":\"https:\\\/\\\/beautycharm.lt\\\/produktas\\\/juliette-armand-juliette-armand-elements-clarifying-stick-spuogus-naikinantis-piestukas-8ml\\\/\",\"name\":\"JULIETTE ARMAND Juliette Armand Elements Clarifying Stick Spuogus naikinantis pie\u0161tukas 8ml - Beauty Charm\",\"isPartOf\":{\"@id\":\"https:\\\/\\\/beautycharm.lt\\\/#website\"},\"primaryImageOfPage\":{\"@id\":\"https:\\\/\\\/beautycharm.lt\\\/produktas\\\/juliette-armand-juliette-armand-elements-clarifying-stick-spuogus-naikinantis-piestukas-8ml\\\/#primaryimage\"},\"image\":{\"@id\":\"https:\\\/\\\/beautycharm.lt\\\/produktas\\\/juliette-armand-juliette-armand-elements-clarifying-stick-spuogus-naikinantis-piestukas-8ml\\\/#primaryimage\"},\"thumbnailUrl\":\"https:\\\/\\\/beautycharm.lt\\\/wp-content\\\/uploads\\\/2025\\\/10\\\/juliette-armand-elements-clarifying-stick-spuogus-naikinantis-piestukas.jpeg\",\"datePublished\":\"2025-10-04T05:49:41+00:00\",\"breadcrumb\":{\"@id\":\"https:\\\/\\\/beautycharm.lt\\\/produktas\\\/juliette-armand-juliette-armand-elements-clarifying-stick-spuogus-naikinantis-piestukas-8ml\\\/#breadcrumb\"},\"inLanguage\":\"en-US\",\"potentialAction\":[{\"@type\":\"ReadAction\",\"target\":[\"https:\\\/\\\/beautycharm.lt\\\/produktas\\\/juliette-armand-juliette-armand-elements-clarifying-stick-spuogus-naikinantis-piestukas-8ml\\\/\"]}]},{\"@type\":\"ImageObject\",\"inLanguage\":\"en-US\",\"@id\":\"https:\\\/\\\/beautycharm.lt\\\/produktas\\\/juliette-armand-juliette-armand-elements-clarifying-stick-spuogus-naikinantis-piestukas-8ml\\\/#primaryimage\",\"url\":\"https:\\\/\\\/beautycharm.lt\\\/wp-content\\\/uploads\\\/2025\\\/10\\\/juliette-armand-elements-clarifying-stick-spuogus-naikinantis-piestukas.jpeg\",\"contentUrl\":\"https:\\\/\\\/beautycharm.lt\\\/wp-content\\\/uploads\\\/2025\\\/10\\\/juliette-armand-elements-clarifying-stick-spuogus-naikinantis-piestukas.jpeg\",\"width\":500,\"height\":500},{\"@type\":\"BreadcrumbList\",\"@id\":\"https:\\\/\\\/beautycharm.lt\\\/produktas\\\/juliette-armand-juliette-armand-elements-clarifying-stick-spuogus-naikinantis-piestukas-8ml\\\/#breadcrumb\",\"itemListElement\":[{\"@type\":\"ListItem\",\"position\":1,\"name\":\"Home\",\"item\":\"https:\\\/\\\/beautycharm.lt\\\/\"},{\"@type\":\"ListItem\",\"position\":2,\"name\":\"Parduotuv\u0117\",\"item\":\"https:\\\/\\\/beautycharm.lt\\\/parduotuve\\\/\"},{\"@type\":\"ListItem\",\"position\":3,\"name\":\"JULIETTE ARMAND Juliette Armand Elements Clarifying Stick Spuogus naikinantis pie\u0161tukas 8ml\"}]},{\"@type\":\"WebSite\",\"@id\":\"https:\\\/\\\/beautycharm.lt\\\/#website\",\"url\":\"https:\\\/\\\/beautycharm.lt\\\/\",\"name\":\"Beauty Charm\",\"description\":\"Odos prie\u017ei\u016bra vyrams ir moterims\",\"publisher\":{\"@id\":\"https:\\\/\\\/beautycharm.lt\\\/#organization\"},\"potentialAction\":[{\"@type\":\"SearchAction\",\"target\":{\"@type\":\"EntryPoint\",\"urlTemplate\":\"https:\\\/\\\/beautycharm.lt\\\/?s={search_term_string}\"},\"query-input\":{\"@type\":\"PropertyValueSpecification\",\"valueRequired\":true,\"valueName\":\"search_term_string\"}}],\"inLanguage\":\"en-US\"},{\"@type\":\"Organization\",\"@id\":\"https:\\\/\\\/beautycharm.lt\\\/#organization\",\"name\":\"Beauty Charm\",\"url\":\"https:\\\/\\\/beautycharm.lt\\\/\",\"logo\":{\"@type\":\"ImageObject\",\"inLanguage\":\"en-US\",\"@id\":\"https:\\\/\\\/beautycharm.lt\\\/#\\\/schema\\\/logo\\\/image\\\/\",\"url\":\"https:\\\/\\\/beautycharm.lt\\\/wp-content\\\/uploads\\\/2025\\\/08\\\/BeautyCharm_t_s-1.svg\",\"contentUrl\":\"https:\\\/\\\/beautycharm.lt\\\/wp-content\\\/uploads\\\/2025\\\/08\\\/BeautyCharm_t_s-1.svg\",\"width\":148,\"height\":64,\"caption\":\"Beauty Charm\"},\"image\":{\"@id\":\"https:\\\/\\\/beautycharm.lt\\\/#\\\/schema\\\/logo\\\/image\\\/\"},\"sameAs\":[\"https:\\\/\\\/www.facebook.com\\\/faceandbodylines\\\/\",\"https:\\\/\\\/www.instagram.com\\\/the_house_of_charm\\\/\"]}]}<\/script>\n<!-- \/ Yoast SEO plugin. -->","yoast_head_json":{"title":"JULIETTE ARMAND Juliette Armand Elements Clarifying Stick Spuogus naikinantis pie\u0161tukas 8ml - Beauty Charm","robots":{"index":"index","follow":"follow","max-snippet":"max-snippet:-1","max-image-preview":"max-image-preview:large","max-video-preview":"max-video-preview:-1"},"canonical":"https:\/\/beautycharm.lt\/en\/product\/juliette-armand-juliette-armand-elements-clarifying-stick-spuogus-naikinantis-piestukas-8ml\/","og_locale":"en_US","og_type":"article","og_title":"JULIETTE ARMAND Juliette Armand Elements Clarifying Stick Spuogus naikinantis pie\u0161tukas 8ml - Beauty Charm","og_description":"Kodas: KS17473 Apra\u0161ymas Juliette Armand Clarifying Spuogus naikinantis pie\u0161tukas, naudojamas lokaliai ant spuog\u0173, akn\u0117s pa\u017eeistai odai. Ma\u017eina spuog\u0173 paliktus randelius, d\u0117mes, slopina nauj\u0173 spuog\u0173 atsiradim\u0105, u\u017edegim\u0105. Suteikia greit\u0105 ir veiksming\u0105 rezultat\u0105. Pagrindiniai ingredientai: Azelaino r\u016bg\u0161tis 5.5%, salicilo r\u016bg\u0161tis 1.4%, bisabololas, kanadieti\u0161ka o\u017ekaro\u017e\u0117 2%. Naudojimas: Tepkite 2-3 kartus per dien\u0105. Ingredientai: Aqua, Alcohol Denat, Azelaic Acid,Read More","og_url":"https:\/\/beautycharm.lt\/en\/product\/juliette-armand-juliette-armand-elements-clarifying-stick-spuogus-naikinantis-piestukas-8ml\/","og_site_name":"Beauty Charm","article_publisher":"https:\/\/www.facebook.com\/faceandbodylines\/","og_image":[{"width":500,"height":500,"url":"https:\/\/beautycharm.lt\/wp-content\/uploads\/2025\/10\/juliette-armand-elements-clarifying-stick-spuogus-naikinantis-piestukas.jpeg","type":"image\/jpeg"}],"twitter_card":"summary_large_image","twitter_misc":{"Est. reading time":"1 minute"},"schema":{"@context":"https:\/\/schema.org","@graph":[{"@type":"WebPage","@id":"https:\/\/beautycharm.lt\/produktas\/juliette-armand-juliette-armand-elements-clarifying-stick-spuogus-naikinantis-piestukas-8ml\/","url":"https:\/\/beautycharm.lt\/produktas\/juliette-armand-juliette-armand-elements-clarifying-stick-spuogus-naikinantis-piestukas-8ml\/","name":"JULIETTE ARMAND Juliette Armand Elements Clarifying Stick Spuogus naikinantis pie\u0161tukas 8ml - Beauty Charm","isPartOf":{"@id":"https:\/\/beautycharm.lt\/#website"},"primaryImageOfPage":{"@id":"https:\/\/beautycharm.lt\/produktas\/juliette-armand-juliette-armand-elements-clarifying-stick-spuogus-naikinantis-piestukas-8ml\/#primaryimage"},"image":{"@id":"https:\/\/beautycharm.lt\/produktas\/juliette-armand-juliette-armand-elements-clarifying-stick-spuogus-naikinantis-piestukas-8ml\/#primaryimage"},"thumbnailUrl":"https:\/\/beautycharm.lt\/wp-content\/uploads\/2025\/10\/juliette-armand-elements-clarifying-stick-spuogus-naikinantis-piestukas.jpeg","datePublished":"2025-10-04T05:49:41+00:00","breadcrumb":{"@id":"https:\/\/beautycharm.lt\/produktas\/juliette-armand-juliette-armand-elements-clarifying-stick-spuogus-naikinantis-piestukas-8ml\/#breadcrumb"},"inLanguage":"en-US","potentialAction":[{"@type":"ReadAction","target":["https:\/\/beautycharm.lt\/produktas\/juliette-armand-juliette-armand-elements-clarifying-stick-spuogus-naikinantis-piestukas-8ml\/"]}]},{"@type":"ImageObject","inLanguage":"en-US","@id":"https:\/\/beautycharm.lt\/produktas\/juliette-armand-juliette-armand-elements-clarifying-stick-spuogus-naikinantis-piestukas-8ml\/#primaryimage","url":"https:\/\/beautycharm.lt\/wp-content\/uploads\/2025\/10\/juliette-armand-elements-clarifying-stick-spuogus-naikinantis-piestukas.jpeg","contentUrl":"https:\/\/beautycharm.lt\/wp-content\/uploads\/2025\/10\/juliette-armand-elements-clarifying-stick-spuogus-naikinantis-piestukas.jpeg","width":500,"height":500},{"@type":"BreadcrumbList","@id":"https:\/\/beautycharm.lt\/produktas\/juliette-armand-juliette-armand-elements-clarifying-stick-spuogus-naikinantis-piestukas-8ml\/#breadcrumb","itemListElement":[{"@type":"ListItem","position":1,"name":"Home","item":"https:\/\/beautycharm.lt\/"},{"@type":"ListItem","position":2,"name":"Parduotuv\u0117","item":"https:\/\/beautycharm.lt\/parduotuve\/"},{"@type":"ListItem","position":3,"name":"JULIETTE ARMAND Juliette Armand Elements Clarifying Stick Spuogus naikinantis pie\u0161tukas 8ml"}]},{"@type":"WebSite","@id":"https:\/\/beautycharm.lt\/#website","url":"https:\/\/beautycharm.lt\/","name":"Beauty Charm","description":"Odos prie\u017ei\u016bra vyrams ir moterims","publisher":{"@id":"https:\/\/beautycharm.lt\/#organization"},"potentialAction":[{"@type":"SearchAction","target":{"@type":"EntryPoint","urlTemplate":"https:\/\/beautycharm.lt\/?s={search_term_string}"},"query-input":{"@type":"PropertyValueSpecification","valueRequired":true,"valueName":"search_term_string"}}],"inLanguage":"en-US"},{"@type":"Organization","@id":"https:\/\/beautycharm.lt\/#organization","name":"Beauty Charm","url":"https:\/\/beautycharm.lt\/","logo":{"@type":"ImageObject","inLanguage":"en-US","@id":"https:\/\/beautycharm.lt\/#\/schema\/logo\/image\/","url":"https:\/\/beautycharm.lt\/wp-content\/uploads\/2025\/08\/BeautyCharm_t_s-1.svg","contentUrl":"https:\/\/beautycharm.lt\/wp-content\/uploads\/2025\/08\/BeautyCharm_t_s-1.svg","width":148,"height":64,"caption":"Beauty Charm"},"image":{"@id":"https:\/\/beautycharm.lt\/#\/schema\/logo\/image\/"},"sameAs":["https:\/\/www.facebook.com\/faceandbodylines\/","https:\/\/www.instagram.com\/the_house_of_charm\/"]}]}},"_links":{"self":[{"href":"https:\/\/beautycharm.lt\/en\/wp-json\/wp\/v2\/product\/2390","targetHints":{"allow":["GET"]}}],"collection":[{"href":"https:\/\/beautycharm.lt\/en\/wp-json\/wp\/v2\/product"}],"about":[{"href":"https:\/\/beautycharm.lt\/en\/wp-json\/wp\/v2\/types\/product"}],"replies":[{"embeddable":true,"href":"https:\/\/beautycharm.lt\/en\/wp-json\/wp\/v2\/comments?post=2390"}],"wp:featuredmedia":[{"embeddable":true,"href":"https:\/\/beautycharm.lt\/en\/wp-json\/wp\/v2\/media\/2391"}],"wp:attachment":[{"href":"https:\/\/beautycharm.lt\/en\/wp-json\/wp\/v2\/media?parent=2390"}],"wp:term":[{"taxonomy":"product_brand","embeddable":true,"href":"https:\/\/beautycharm.lt\/en\/wp-json\/wp\/v2\/product_brand?post=2390"},{"taxonomy":"product_cat","embeddable":true,"href":"https:\/\/beautycharm.lt\/en\/wp-json\/wp\/v2\/product_cat?post=2390"},{"taxonomy":"product_tag","embeddable":true,"href":"https:\/\/beautycharm.lt\/en\/wp-json\/wp\/v2\/product_tag?post=2390"}],"curies":[{"name":"wp","href":"https:\/\/api.w.org\/{rel}","templated":true}]}}