{"id":2388,"date":"2025-10-04T08:44:59","date_gmt":"2025-10-04T05:44:59","guid":{"rendered":"https:\/\/beautycharm.lt\/?post_type=product&#038;p=2388"},"modified":"2025-10-04T08:44:59","modified_gmt":"2025-10-04T05:44:59","slug":"juliette-armand-juliette-armand-elements-brightening-cream-sviesinantis-veido-kremas-50ml","status":"publish","type":"product","link":"https:\/\/beautycharm.lt\/en\/product\/juliette-armand-juliette-armand-elements-brightening-cream-sviesinantis-veido-kremas-50ml\/","title":{"rendered":"JULIETTE ARMAND Juliette Armand Elements Brightening Cream \u0160viesinantis veido kremas 50ml"},"content":{"rendered":"<p><strong>Kodas: <\/strong><span class=\"editable\">KS73888<\/span><\/p>\n<section class=\"page-product-box page-product-about\">\n<h3 class=\"page-product-heading\">Apra\u0161ymas<\/h3>\n<div class=\"rte\">Kremas dr\u0117kina, gerina odos i\u0161vaizd\u0105 ir suteikia tolyg\u0173 atspalv\u012f. Tai kremas, kurio sud\u0117tyje yra &#8222;Asyntra&#8221; (heksilrezorcinolio ir etillinoleato), A-arbutino, vitamino C ir rumekso &#8211; galingo ingredient\u0173 kokteilio, kuris subalansuoja melanino gamyb\u0105 ir padeda odai \u012fgauti vienod\u0105 spalv\u0105. Jis ne tik neleid\u017eia atsirasti naujoms pigmentin\u0117ms d\u0117m\u0117ms ir patams\u0117jimams, bet ir naikina esamas. Sud\u0117tyje yra apsaugos nuo saul\u0117s filtr\u0173 (SPF 10), kurie apsaugo od\u0105 nuo saul\u0117s spinduli\u0173.<\/p>\n<ul class=\"more-details-wrap\">\n<li class=\"rte more-details-item clearfix\">\n<div class=\"mdi-title strong\">Kam skirta?<\/div>\n<div class=\"mdi-text\">Vis\u0173 tip\u0173 odai.<\/div>\n<\/li>\n<li class=\"rte more-details-item clearfix\">\n<div class=\"mdi-title strong\">Naudojimas:<\/div>\n<div class=\"mdi-text\">U\u017etepkite nedidel\u012f kiek\u012f ant norimos vietos 1-2 kartus per dien\u0105.<\/div>\n<\/li>\n<li class=\"rte more-details-item clearfix\">\n<div class=\"mdi-title strong\">Ingredientai:<\/div>\n<div class=\"mdi-text\">Aqua, Ethylhexyl Methoxycinnamate, Isopropyl Myristate, Glycerin, C12-16 Alcohols, Butyl Methoxydibenzoylmethane, Dibutyl Adipate, Alpha-arbutin, Butyrospermum Parkii Butter , Hydrogenated Lecithin, Palmitic Acid, Caprylic\/capric Triglyceride, Phenoxyethanol, Octocrylene, Parfum, Ethyl Linoleate, Hexylresorcinol, Caprylyl Glycol, Acrylates\/c10-30 Alkyl Acrylate Crosspolymer, Ethylhexylglycerin, Sodium Acrylates Copolymer, Hydrogenated Polydecene, Bisabolol, Disodium Edta, Tocopheryl Acetate, Ascorbic Acid, Potassium Hydroxide, Rumex Occidentalis Extract, Bht, Helianthus Annuus Seed Oil, Phospholipids, Polyglyceryl-10.<\/div>\n<\/li>\n<\/ul>\n<\/div>\n<\/section>\n<p>&nbsp;<\/p>","protected":false},"excerpt":{"rendered":"<p>Kodas: KS73888 Apra\u0161ymas Kremas dr\u0117kina, gerina odos i\u0161vaizd\u0105 ir suteikia tolyg\u0173 atspalv\u012f. Tai kremas, kurio sud\u0117tyje yra &#8222;Asyntra&#8221; (heksilrezorcinolio ir etillinoleato), A-arbutino, vitamino C ir rumekso &#8211; galingo ingredient\u0173 kokteilio, kuris subalansuoja melanino gamyb\u0105 ir padeda odai \u012fgauti vienod\u0105 spalv\u0105. Jis ne tik neleid\u017eia atsirasti naujoms pigmentin\u0117ms d\u0117m\u0117ms ir patams\u0117jimams, bet ir naikina esamas. Sud\u0117tyje<\/p>\n<div class=\"klb-readmore entry-button\"><a class=\"button light alt medium\" href=\"https:\/\/beautycharm.lt\/en\/product\/juliette-armand-juliette-armand-elements-brightening-cream-sviesinantis-veido-kremas-50ml\/\">Read More<\/a><\/div>","protected":false},"featured_media":2389,"comment_status":"open","ping_status":"closed","template":"","meta":{"inline_featured_image":false},"product_brand":[229],"product_cat":[118,120],"product_tag":[228,227,234,230],"class_list":{"0":"post-2388","1":"product","2":"type-product","3":"status-publish","4":"has-post-thumbnail","6":"product_brand-juliette-armand","7":"product_cat-kuno-kremai","8":"product_cat-moterims-lt","9":"product_tag-juliette-armand","10":"product_tag-skaistus-veidas","11":"product_tag-veido-kremas","12":"product_tag-veidui","14":"first","15":"instock","16":"shipping-taxable","17":"purchasable","18":"product-type-simple"},"yoast_head":"<!-- This site is optimized with the Yoast SEO plugin v27.4 - https:\/\/yoast.com\/product\/yoast-seo-wordpress\/ -->\n<title>JULIETTE ARMAND Juliette Armand Elements Brightening Cream \u0160viesinantis veido kremas 50ml - Beauty Charm<\/title>\n<meta name=\"robots\" content=\"index, follow, max-snippet:-1, max-image-preview:large, max-video-preview:-1\" \/>\n<link rel=\"canonical\" href=\"https:\/\/beautycharm.lt\/en\/product\/juliette-armand-juliette-armand-elements-brightening-cream-sviesinantis-veido-kremas-50ml\/\" \/>\n<meta property=\"og:locale\" content=\"en_US\" \/>\n<meta property=\"og:type\" content=\"article\" \/>\n<meta property=\"og:title\" content=\"JULIETTE ARMAND Juliette Armand Elements Brightening Cream \u0160viesinantis veido kremas 50ml - Beauty Charm\" \/>\n<meta property=\"og:description\" content=\"Kodas: KS73888 Apra\u0161ymas Kremas dr\u0117kina, gerina odos i\u0161vaizd\u0105 ir suteikia tolyg\u0173 atspalv\u012f. Tai kremas, kurio sud\u0117tyje yra &#8222;Asyntra&#8221; (heksilrezorcinolio ir etillinoleato), A-arbutino, vitamino C ir rumekso &#8211; galingo ingredient\u0173 kokteilio, kuris subalansuoja melanino gamyb\u0105 ir padeda odai \u012fgauti vienod\u0105 spalv\u0105. Jis ne tik neleid\u017eia atsirasti naujoms pigmentin\u0117ms d\u0117m\u0117ms ir patams\u0117jimams, bet ir naikina esamas. Sud\u0117tyjeRead More\" \/>\n<meta property=\"og:url\" content=\"https:\/\/beautycharm.lt\/en\/product\/juliette-armand-juliette-armand-elements-brightening-cream-sviesinantis-veido-kremas-50ml\/\" \/>\n<meta property=\"og:site_name\" content=\"Beauty Charm\" \/>\n<meta property=\"article:publisher\" content=\"https:\/\/www.facebook.com\/faceandbodylines\/\" \/>\n<meta property=\"og:image\" content=\"https:\/\/beautycharm.lt\/wp-content\/uploads\/2025\/10\/juliette-armand-elements-brightening-cream-sviesinantis-veido-kremas.jpeg\" \/>\n\t<meta property=\"og:image:width\" content=\"500\" \/>\n\t<meta property=\"og:image:height\" content=\"500\" \/>\n\t<meta property=\"og:image:type\" content=\"image\/jpeg\" \/>\n<meta name=\"twitter:card\" content=\"summary_large_image\" \/>\n<meta name=\"twitter:label1\" content=\"Est. reading time\" \/>\n\t<meta name=\"twitter:data1\" content=\"1 minute\" \/>\n<script type=\"application\/ld+json\" class=\"yoast-schema-graph\">{\"@context\":\"https:\\\/\\\/schema.org\",\"@graph\":[{\"@type\":\"WebPage\",\"@id\":\"https:\\\/\\\/beautycharm.lt\\\/produktas\\\/juliette-armand-juliette-armand-elements-brightening-cream-sviesinantis-veido-kremas-50ml\\\/\",\"url\":\"https:\\\/\\\/beautycharm.lt\\\/produktas\\\/juliette-armand-juliette-armand-elements-brightening-cream-sviesinantis-veido-kremas-50ml\\\/\",\"name\":\"JULIETTE ARMAND Juliette Armand Elements Brightening Cream \u0160viesinantis veido kremas 50ml - Beauty Charm\",\"isPartOf\":{\"@id\":\"https:\\\/\\\/beautycharm.lt\\\/#website\"},\"primaryImageOfPage\":{\"@id\":\"https:\\\/\\\/beautycharm.lt\\\/produktas\\\/juliette-armand-juliette-armand-elements-brightening-cream-sviesinantis-veido-kremas-50ml\\\/#primaryimage\"},\"image\":{\"@id\":\"https:\\\/\\\/beautycharm.lt\\\/produktas\\\/juliette-armand-juliette-armand-elements-brightening-cream-sviesinantis-veido-kremas-50ml\\\/#primaryimage\"},\"thumbnailUrl\":\"https:\\\/\\\/beautycharm.lt\\\/wp-content\\\/uploads\\\/2025\\\/10\\\/juliette-armand-elements-brightening-cream-sviesinantis-veido-kremas.jpeg\",\"datePublished\":\"2025-10-04T05:44:59+00:00\",\"breadcrumb\":{\"@id\":\"https:\\\/\\\/beautycharm.lt\\\/produktas\\\/juliette-armand-juliette-armand-elements-brightening-cream-sviesinantis-veido-kremas-50ml\\\/#breadcrumb\"},\"inLanguage\":\"en-US\",\"potentialAction\":[{\"@type\":\"ReadAction\",\"target\":[\"https:\\\/\\\/beautycharm.lt\\\/produktas\\\/juliette-armand-juliette-armand-elements-brightening-cream-sviesinantis-veido-kremas-50ml\\\/\"]}]},{\"@type\":\"ImageObject\",\"inLanguage\":\"en-US\",\"@id\":\"https:\\\/\\\/beautycharm.lt\\\/produktas\\\/juliette-armand-juliette-armand-elements-brightening-cream-sviesinantis-veido-kremas-50ml\\\/#primaryimage\",\"url\":\"https:\\\/\\\/beautycharm.lt\\\/wp-content\\\/uploads\\\/2025\\\/10\\\/juliette-armand-elements-brightening-cream-sviesinantis-veido-kremas.jpeg\",\"contentUrl\":\"https:\\\/\\\/beautycharm.lt\\\/wp-content\\\/uploads\\\/2025\\\/10\\\/juliette-armand-elements-brightening-cream-sviesinantis-veido-kremas.jpeg\",\"width\":500,\"height\":500},{\"@type\":\"BreadcrumbList\",\"@id\":\"https:\\\/\\\/beautycharm.lt\\\/produktas\\\/juliette-armand-juliette-armand-elements-brightening-cream-sviesinantis-veido-kremas-50ml\\\/#breadcrumb\",\"itemListElement\":[{\"@type\":\"ListItem\",\"position\":1,\"name\":\"Home\",\"item\":\"https:\\\/\\\/beautycharm.lt\\\/\"},{\"@type\":\"ListItem\",\"position\":2,\"name\":\"Parduotuv\u0117\",\"item\":\"https:\\\/\\\/beautycharm.lt\\\/parduotuve\\\/\"},{\"@type\":\"ListItem\",\"position\":3,\"name\":\"JULIETTE ARMAND Juliette Armand Elements Brightening Cream \u0160viesinantis veido kremas 50ml\"}]},{\"@type\":\"WebSite\",\"@id\":\"https:\\\/\\\/beautycharm.lt\\\/#website\",\"url\":\"https:\\\/\\\/beautycharm.lt\\\/\",\"name\":\"Beauty Charm\",\"description\":\"Odos prie\u017ei\u016bra vyrams ir moterims\",\"publisher\":{\"@id\":\"https:\\\/\\\/beautycharm.lt\\\/#organization\"},\"potentialAction\":[{\"@type\":\"SearchAction\",\"target\":{\"@type\":\"EntryPoint\",\"urlTemplate\":\"https:\\\/\\\/beautycharm.lt\\\/?s={search_term_string}\"},\"query-input\":{\"@type\":\"PropertyValueSpecification\",\"valueRequired\":true,\"valueName\":\"search_term_string\"}}],\"inLanguage\":\"en-US\"},{\"@type\":\"Organization\",\"@id\":\"https:\\\/\\\/beautycharm.lt\\\/#organization\",\"name\":\"Beauty Charm\",\"url\":\"https:\\\/\\\/beautycharm.lt\\\/\",\"logo\":{\"@type\":\"ImageObject\",\"inLanguage\":\"en-US\",\"@id\":\"https:\\\/\\\/beautycharm.lt\\\/#\\\/schema\\\/logo\\\/image\\\/\",\"url\":\"https:\\\/\\\/beautycharm.lt\\\/wp-content\\\/uploads\\\/2025\\\/08\\\/BeautyCharm_t_s-1.svg\",\"contentUrl\":\"https:\\\/\\\/beautycharm.lt\\\/wp-content\\\/uploads\\\/2025\\\/08\\\/BeautyCharm_t_s-1.svg\",\"width\":148,\"height\":64,\"caption\":\"Beauty Charm\"},\"image\":{\"@id\":\"https:\\\/\\\/beautycharm.lt\\\/#\\\/schema\\\/logo\\\/image\\\/\"},\"sameAs\":[\"https:\\\/\\\/www.facebook.com\\\/faceandbodylines\\\/\",\"https:\\\/\\\/www.instagram.com\\\/the_house_of_charm\\\/\"]}]}<\/script>\n<!-- \/ Yoast SEO plugin. -->","yoast_head_json":{"title":"JULIETTE ARMAND Juliette Armand Elements Brightening Cream \u0160viesinantis veido kremas 50ml - Beauty Charm","robots":{"index":"index","follow":"follow","max-snippet":"max-snippet:-1","max-image-preview":"max-image-preview:large","max-video-preview":"max-video-preview:-1"},"canonical":"https:\/\/beautycharm.lt\/en\/product\/juliette-armand-juliette-armand-elements-brightening-cream-sviesinantis-veido-kremas-50ml\/","og_locale":"en_US","og_type":"article","og_title":"JULIETTE ARMAND Juliette Armand Elements Brightening Cream \u0160viesinantis veido kremas 50ml - Beauty Charm","og_description":"Kodas: KS73888 Apra\u0161ymas Kremas dr\u0117kina, gerina odos i\u0161vaizd\u0105 ir suteikia tolyg\u0173 atspalv\u012f. Tai kremas, kurio sud\u0117tyje yra &#8222;Asyntra&#8221; (heksilrezorcinolio ir etillinoleato), A-arbutino, vitamino C ir rumekso &#8211; galingo ingredient\u0173 kokteilio, kuris subalansuoja melanino gamyb\u0105 ir padeda odai \u012fgauti vienod\u0105 spalv\u0105. Jis ne tik neleid\u017eia atsirasti naujoms pigmentin\u0117ms d\u0117m\u0117ms ir patams\u0117jimams, bet ir naikina esamas. Sud\u0117tyjeRead More","og_url":"https:\/\/beautycharm.lt\/en\/product\/juliette-armand-juliette-armand-elements-brightening-cream-sviesinantis-veido-kremas-50ml\/","og_site_name":"Beauty Charm","article_publisher":"https:\/\/www.facebook.com\/faceandbodylines\/","og_image":[{"width":500,"height":500,"url":"https:\/\/beautycharm.lt\/wp-content\/uploads\/2025\/10\/juliette-armand-elements-brightening-cream-sviesinantis-veido-kremas.jpeg","type":"image\/jpeg"}],"twitter_card":"summary_large_image","twitter_misc":{"Est. reading time":"1 minute"},"schema":{"@context":"https:\/\/schema.org","@graph":[{"@type":"WebPage","@id":"https:\/\/beautycharm.lt\/produktas\/juliette-armand-juliette-armand-elements-brightening-cream-sviesinantis-veido-kremas-50ml\/","url":"https:\/\/beautycharm.lt\/produktas\/juliette-armand-juliette-armand-elements-brightening-cream-sviesinantis-veido-kremas-50ml\/","name":"JULIETTE ARMAND Juliette Armand Elements Brightening Cream \u0160viesinantis veido kremas 50ml - Beauty Charm","isPartOf":{"@id":"https:\/\/beautycharm.lt\/#website"},"primaryImageOfPage":{"@id":"https:\/\/beautycharm.lt\/produktas\/juliette-armand-juliette-armand-elements-brightening-cream-sviesinantis-veido-kremas-50ml\/#primaryimage"},"image":{"@id":"https:\/\/beautycharm.lt\/produktas\/juliette-armand-juliette-armand-elements-brightening-cream-sviesinantis-veido-kremas-50ml\/#primaryimage"},"thumbnailUrl":"https:\/\/beautycharm.lt\/wp-content\/uploads\/2025\/10\/juliette-armand-elements-brightening-cream-sviesinantis-veido-kremas.jpeg","datePublished":"2025-10-04T05:44:59+00:00","breadcrumb":{"@id":"https:\/\/beautycharm.lt\/produktas\/juliette-armand-juliette-armand-elements-brightening-cream-sviesinantis-veido-kremas-50ml\/#breadcrumb"},"inLanguage":"en-US","potentialAction":[{"@type":"ReadAction","target":["https:\/\/beautycharm.lt\/produktas\/juliette-armand-juliette-armand-elements-brightening-cream-sviesinantis-veido-kremas-50ml\/"]}]},{"@type":"ImageObject","inLanguage":"en-US","@id":"https:\/\/beautycharm.lt\/produktas\/juliette-armand-juliette-armand-elements-brightening-cream-sviesinantis-veido-kremas-50ml\/#primaryimage","url":"https:\/\/beautycharm.lt\/wp-content\/uploads\/2025\/10\/juliette-armand-elements-brightening-cream-sviesinantis-veido-kremas.jpeg","contentUrl":"https:\/\/beautycharm.lt\/wp-content\/uploads\/2025\/10\/juliette-armand-elements-brightening-cream-sviesinantis-veido-kremas.jpeg","width":500,"height":500},{"@type":"BreadcrumbList","@id":"https:\/\/beautycharm.lt\/produktas\/juliette-armand-juliette-armand-elements-brightening-cream-sviesinantis-veido-kremas-50ml\/#breadcrumb","itemListElement":[{"@type":"ListItem","position":1,"name":"Home","item":"https:\/\/beautycharm.lt\/"},{"@type":"ListItem","position":2,"name":"Parduotuv\u0117","item":"https:\/\/beautycharm.lt\/parduotuve\/"},{"@type":"ListItem","position":3,"name":"JULIETTE ARMAND Juliette Armand Elements Brightening Cream \u0160viesinantis veido kremas 50ml"}]},{"@type":"WebSite","@id":"https:\/\/beautycharm.lt\/#website","url":"https:\/\/beautycharm.lt\/","name":"Beauty Charm","description":"Odos prie\u017ei\u016bra vyrams ir moterims","publisher":{"@id":"https:\/\/beautycharm.lt\/#organization"},"potentialAction":[{"@type":"SearchAction","target":{"@type":"EntryPoint","urlTemplate":"https:\/\/beautycharm.lt\/?s={search_term_string}"},"query-input":{"@type":"PropertyValueSpecification","valueRequired":true,"valueName":"search_term_string"}}],"inLanguage":"en-US"},{"@type":"Organization","@id":"https:\/\/beautycharm.lt\/#organization","name":"Beauty Charm","url":"https:\/\/beautycharm.lt\/","logo":{"@type":"ImageObject","inLanguage":"en-US","@id":"https:\/\/beautycharm.lt\/#\/schema\/logo\/image\/","url":"https:\/\/beautycharm.lt\/wp-content\/uploads\/2025\/08\/BeautyCharm_t_s-1.svg","contentUrl":"https:\/\/beautycharm.lt\/wp-content\/uploads\/2025\/08\/BeautyCharm_t_s-1.svg","width":148,"height":64,"caption":"Beauty Charm"},"image":{"@id":"https:\/\/beautycharm.lt\/#\/schema\/logo\/image\/"},"sameAs":["https:\/\/www.facebook.com\/faceandbodylines\/","https:\/\/www.instagram.com\/the_house_of_charm\/"]}]}},"_links":{"self":[{"href":"https:\/\/beautycharm.lt\/en\/wp-json\/wp\/v2\/product\/2388","targetHints":{"allow":["GET"]}}],"collection":[{"href":"https:\/\/beautycharm.lt\/en\/wp-json\/wp\/v2\/product"}],"about":[{"href":"https:\/\/beautycharm.lt\/en\/wp-json\/wp\/v2\/types\/product"}],"replies":[{"embeddable":true,"href":"https:\/\/beautycharm.lt\/en\/wp-json\/wp\/v2\/comments?post=2388"}],"wp:featuredmedia":[{"embeddable":true,"href":"https:\/\/beautycharm.lt\/en\/wp-json\/wp\/v2\/media\/2389"}],"wp:attachment":[{"href":"https:\/\/beautycharm.lt\/en\/wp-json\/wp\/v2\/media?parent=2388"}],"wp:term":[{"taxonomy":"product_brand","embeddable":true,"href":"https:\/\/beautycharm.lt\/en\/wp-json\/wp\/v2\/product_brand?post=2388"},{"taxonomy":"product_cat","embeddable":true,"href":"https:\/\/beautycharm.lt\/en\/wp-json\/wp\/v2\/product_cat?post=2388"},{"taxonomy":"product_tag","embeddable":true,"href":"https:\/\/beautycharm.lt\/en\/wp-json\/wp\/v2\/product_tag?post=2388"}],"curies":[{"name":"wp","href":"https:\/\/api.w.org\/{rel}","templated":true}]}}