{"id":2386,"date":"2025-10-04T08:38:56","date_gmt":"2025-10-04T05:38:56","guid":{"rendered":"https:\/\/beautycharm.lt\/?post_type=product&#038;p=2386"},"modified":"2025-10-04T08:38:56","modified_gmt":"2025-10-04T05:38:56","slug":"juliette-armand-juliette-armand-elements-brightening-serum-sviesinantis-serumas-20ml","status":"publish","type":"product","link":"https:\/\/beautycharm.lt\/en\/product\/juliette-armand-juliette-armand-elements-brightening-serum-sviesinantis-serumas-20ml\/","title":{"rendered":"JULIETTE ARMAND Juliette Armand Elements Brightening Serum \u0160viesinantis serumas 20ml"},"content":{"rendered":"<p><strong>Kodas: <\/strong><span class=\"editable\">KS65157<\/span><\/p>\n<h3 class=\"page-product-heading\">Apra\u0161ymas<\/h3>\n<div class=\"rte\">Serumas pagerina odos i\u0161vaizd\u0105 ir suteikia tolyg\u0173 atspalv\u012f. Serumas, kurio sud\u0117tyje yra Asyntra (heksilrezorcinolio ir etilo linoleato), galo r\u016bg\u0161ties, fitino r\u016bg\u0161ties, vitamino C, Rumex ir saldymed\u017eio &#8211; ingredient\u0173, u\u017etikrinan\u010di\u0173 vienod\u0105 odos spalv\u0105. Sinergetinis ingredient\u0173 poveikis skirtas tiek slopinti ferment\u0105 tirozinaz\u0119, atsaking\u0105 u\u017e melanino gamyb\u0105, tiek stiprinti antioksidacin\u012f aktyvum\u0105, kuris stiprina l\u0105steli\u0173 gynybin\u012f mechanizm\u0105 nuo u\u017edegim\u0173, sukelian\u010di\u0173 pigmentines d\u0117mes. Suma\u017e\u0117ja d\u0117mi\u0173, pigmentini\u0173 d\u0117mi\u0173 ir spalvos pakitim\u0173, oda atgauna vienod\u0105 atspalv\u012f ir \u0161vyt\u0117jim\u0105.<\/p>\n<ul class=\"more-details-wrap\">\n<li class=\"rte more-details-item clearfix\">\n<div class=\"mdi-title strong\">Kam skirta?<\/div>\n<div class=\"mdi-text\">Vis\u0173 tip\u0173 odai.<\/div>\n<\/li>\n<li class=\"rte more-details-item clearfix\">\n<div class=\"mdi-title strong\">Naudojimas:<\/div>\n<div class=\"mdi-text\">Nedidel\u012f kiek\u012f tepkite ant \u0161varios odos ir masa\u017euokite, kol \u012fsigers. Galima naudoti vis\u0105 dien\u0105 ir profilaktinei prie\u017ei\u016brai.<\/div>\n<\/li>\n<li class=\"rte more-details-item clearfix\">\n<div class=\"mdi-title strong\">Ingredientai:<\/div>\n<div class=\"mdi-text\">Aqua, Butylene Glycol, Aloe Barbadensis Leaf Extract, Glycerin, Polyacrylamide , Ricinoleth-40, Ppg-26-buteth-26, C13-14 Isoparaffin, Phenoxyethanol, Peg-40 Hydrogenated Castor Oil, Sodium Phytate, Caprylyl Glycol, Ethylhexylglycerin, Glycyrrhiza Glabra Root Extract, Laureth-7, Bisabolol, Caprylic\/capric Triglyceride, Ascorbic Acid, Rumex Occidentalis Extract, Ethyl Linoleate, Hexylresorcinol, Potassium Hydroxide, Diglucosyl Gallic Acid, Alcohol<\/div>\n<\/li>\n<\/ul>\n<\/div>\n<p>&nbsp;<\/p>","protected":false},"excerpt":{"rendered":"<p>Kodas: KS65157 Apra\u0161ymas Serumas pagerina odos i\u0161vaizd\u0105 ir suteikia tolyg\u0173 atspalv\u012f. Serumas, kurio sud\u0117tyje yra Asyntra (heksilrezorcinolio ir etilo linoleato), galo r\u016bg\u0161ties, fitino r\u016bg\u0161ties, vitamino C, Rumex ir saldymed\u017eio &#8211; ingredient\u0173, u\u017etikrinan\u010di\u0173 vienod\u0105 odos spalv\u0105. Sinergetinis ingredient\u0173 poveikis skirtas tiek slopinti ferment\u0105 tirozinaz\u0119, atsaking\u0105 u\u017e melanino gamyb\u0105, tiek stiprinti antioksidacin\u012f aktyvum\u0105, kuris stiprina l\u0105steli\u0173 gynybin\u012f<\/p>\n<div class=\"klb-readmore entry-button\"><a class=\"button light alt medium\" href=\"https:\/\/beautycharm.lt\/en\/product\/juliette-armand-juliette-armand-elements-brightening-serum-sviesinantis-serumas-20ml\/\">Read More<\/a><\/div>","protected":false},"featured_media":2387,"comment_status":"open","ping_status":"closed","template":"","meta":{"inline_featured_image":false},"product_brand":[229],"product_cat":[120,126],"product_tag":[228,227,233,230],"class_list":{"0":"post-2386","1":"product","2":"type-product","3":"status-publish","4":"has-post-thumbnail","6":"product_brand-juliette-armand","7":"product_cat-moterims-lt","8":"product_cat-veido-serumai","9":"product_tag-juliette-armand","10":"product_tag-skaistus-veidas","11":"product_tag-veido-serumas","12":"product_tag-veidui","14":"first","15":"instock","16":"shipping-taxable","17":"purchasable","18":"product-type-simple"},"yoast_head":"<!-- This site is optimized with the Yoast SEO plugin v27.4 - https:\/\/yoast.com\/product\/yoast-seo-wordpress\/ -->\n<title>JULIETTE ARMAND Juliette Armand Elements Brightening Serum \u0160viesinantis serumas 20ml - Beauty Charm<\/title>\n<meta name=\"robots\" content=\"index, follow, max-snippet:-1, max-image-preview:large, max-video-preview:-1\" \/>\n<link rel=\"canonical\" href=\"https:\/\/beautycharm.lt\/en\/product\/juliette-armand-juliette-armand-elements-brightening-serum-sviesinantis-serumas-20ml\/\" \/>\n<meta property=\"og:locale\" content=\"en_US\" \/>\n<meta property=\"og:type\" content=\"article\" \/>\n<meta property=\"og:title\" content=\"JULIETTE ARMAND Juliette Armand Elements Brightening Serum \u0160viesinantis serumas 20ml - Beauty Charm\" \/>\n<meta property=\"og:description\" content=\"Kodas: KS65157 Apra\u0161ymas Serumas pagerina odos i\u0161vaizd\u0105 ir suteikia tolyg\u0173 atspalv\u012f. Serumas, kurio sud\u0117tyje yra Asyntra (heksilrezorcinolio ir etilo linoleato), galo r\u016bg\u0161ties, fitino r\u016bg\u0161ties, vitamino C, Rumex ir saldymed\u017eio &#8211; ingredient\u0173, u\u017etikrinan\u010di\u0173 vienod\u0105 odos spalv\u0105. Sinergetinis ingredient\u0173 poveikis skirtas tiek slopinti ferment\u0105 tirozinaz\u0119, atsaking\u0105 u\u017e melanino gamyb\u0105, tiek stiprinti antioksidacin\u012f aktyvum\u0105, kuris stiprina l\u0105steli\u0173 gynybin\u012fRead More\" \/>\n<meta property=\"og:url\" content=\"https:\/\/beautycharm.lt\/en\/product\/juliette-armand-juliette-armand-elements-brightening-serum-sviesinantis-serumas-20ml\/\" \/>\n<meta property=\"og:site_name\" content=\"Beauty Charm\" \/>\n<meta property=\"article:publisher\" content=\"https:\/\/www.facebook.com\/faceandbodylines\/\" \/>\n<meta property=\"og:image\" content=\"https:\/\/beautycharm.lt\/wp-content\/uploads\/2025\/10\/juliette-armand-elements-brightening-serum-sviesinantis-serumas.jpeg\" \/>\n\t<meta property=\"og:image:width\" content=\"500\" \/>\n\t<meta property=\"og:image:height\" content=\"500\" \/>\n\t<meta property=\"og:image:type\" content=\"image\/jpeg\" \/>\n<meta name=\"twitter:card\" content=\"summary_large_image\" \/>\n<meta name=\"twitter:label1\" content=\"Est. reading time\" \/>\n\t<meta name=\"twitter:data1\" content=\"1 minute\" \/>\n<script type=\"application\/ld+json\" class=\"yoast-schema-graph\">{\"@context\":\"https:\\\/\\\/schema.org\",\"@graph\":[{\"@type\":\"WebPage\",\"@id\":\"https:\\\/\\\/beautycharm.lt\\\/produktas\\\/juliette-armand-juliette-armand-elements-brightening-serum-sviesinantis-serumas-20ml\\\/\",\"url\":\"https:\\\/\\\/beautycharm.lt\\\/produktas\\\/juliette-armand-juliette-armand-elements-brightening-serum-sviesinantis-serumas-20ml\\\/\",\"name\":\"JULIETTE ARMAND Juliette Armand Elements Brightening Serum \u0160viesinantis serumas 20ml - Beauty Charm\",\"isPartOf\":{\"@id\":\"https:\\\/\\\/beautycharm.lt\\\/#website\"},\"primaryImageOfPage\":{\"@id\":\"https:\\\/\\\/beautycharm.lt\\\/produktas\\\/juliette-armand-juliette-armand-elements-brightening-serum-sviesinantis-serumas-20ml\\\/#primaryimage\"},\"image\":{\"@id\":\"https:\\\/\\\/beautycharm.lt\\\/produktas\\\/juliette-armand-juliette-armand-elements-brightening-serum-sviesinantis-serumas-20ml\\\/#primaryimage\"},\"thumbnailUrl\":\"https:\\\/\\\/beautycharm.lt\\\/wp-content\\\/uploads\\\/2025\\\/10\\\/juliette-armand-elements-brightening-serum-sviesinantis-serumas.jpeg\",\"datePublished\":\"2025-10-04T05:38:56+00:00\",\"breadcrumb\":{\"@id\":\"https:\\\/\\\/beautycharm.lt\\\/produktas\\\/juliette-armand-juliette-armand-elements-brightening-serum-sviesinantis-serumas-20ml\\\/#breadcrumb\"},\"inLanguage\":\"en-US\",\"potentialAction\":[{\"@type\":\"ReadAction\",\"target\":[\"https:\\\/\\\/beautycharm.lt\\\/produktas\\\/juliette-armand-juliette-armand-elements-brightening-serum-sviesinantis-serumas-20ml\\\/\"]}]},{\"@type\":\"ImageObject\",\"inLanguage\":\"en-US\",\"@id\":\"https:\\\/\\\/beautycharm.lt\\\/produktas\\\/juliette-armand-juliette-armand-elements-brightening-serum-sviesinantis-serumas-20ml\\\/#primaryimage\",\"url\":\"https:\\\/\\\/beautycharm.lt\\\/wp-content\\\/uploads\\\/2025\\\/10\\\/juliette-armand-elements-brightening-serum-sviesinantis-serumas.jpeg\",\"contentUrl\":\"https:\\\/\\\/beautycharm.lt\\\/wp-content\\\/uploads\\\/2025\\\/10\\\/juliette-armand-elements-brightening-serum-sviesinantis-serumas.jpeg\",\"width\":500,\"height\":500},{\"@type\":\"BreadcrumbList\",\"@id\":\"https:\\\/\\\/beautycharm.lt\\\/produktas\\\/juliette-armand-juliette-armand-elements-brightening-serum-sviesinantis-serumas-20ml\\\/#breadcrumb\",\"itemListElement\":[{\"@type\":\"ListItem\",\"position\":1,\"name\":\"Home\",\"item\":\"https:\\\/\\\/beautycharm.lt\\\/\"},{\"@type\":\"ListItem\",\"position\":2,\"name\":\"Parduotuv\u0117\",\"item\":\"https:\\\/\\\/beautycharm.lt\\\/parduotuve\\\/\"},{\"@type\":\"ListItem\",\"position\":3,\"name\":\"JULIETTE ARMAND Juliette Armand Elements Brightening Serum \u0160viesinantis serumas 20ml\"}]},{\"@type\":\"WebSite\",\"@id\":\"https:\\\/\\\/beautycharm.lt\\\/#website\",\"url\":\"https:\\\/\\\/beautycharm.lt\\\/\",\"name\":\"Beauty Charm\",\"description\":\"Odos prie\u017ei\u016bra vyrams ir moterims\",\"publisher\":{\"@id\":\"https:\\\/\\\/beautycharm.lt\\\/#organization\"},\"potentialAction\":[{\"@type\":\"SearchAction\",\"target\":{\"@type\":\"EntryPoint\",\"urlTemplate\":\"https:\\\/\\\/beautycharm.lt\\\/?s={search_term_string}\"},\"query-input\":{\"@type\":\"PropertyValueSpecification\",\"valueRequired\":true,\"valueName\":\"search_term_string\"}}],\"inLanguage\":\"en-US\"},{\"@type\":\"Organization\",\"@id\":\"https:\\\/\\\/beautycharm.lt\\\/#organization\",\"name\":\"Beauty Charm\",\"url\":\"https:\\\/\\\/beautycharm.lt\\\/\",\"logo\":{\"@type\":\"ImageObject\",\"inLanguage\":\"en-US\",\"@id\":\"https:\\\/\\\/beautycharm.lt\\\/#\\\/schema\\\/logo\\\/image\\\/\",\"url\":\"https:\\\/\\\/beautycharm.lt\\\/wp-content\\\/uploads\\\/2025\\\/08\\\/BeautyCharm_t_s-1.svg\",\"contentUrl\":\"https:\\\/\\\/beautycharm.lt\\\/wp-content\\\/uploads\\\/2025\\\/08\\\/BeautyCharm_t_s-1.svg\",\"width\":148,\"height\":64,\"caption\":\"Beauty Charm\"},\"image\":{\"@id\":\"https:\\\/\\\/beautycharm.lt\\\/#\\\/schema\\\/logo\\\/image\\\/\"},\"sameAs\":[\"https:\\\/\\\/www.facebook.com\\\/faceandbodylines\\\/\",\"https:\\\/\\\/www.instagram.com\\\/the_house_of_charm\\\/\"]}]}<\/script>\n<!-- \/ Yoast SEO plugin. -->","yoast_head_json":{"title":"JULIETTE ARMAND Juliette Armand Elements Brightening Serum \u0160viesinantis serumas 20ml - Beauty Charm","robots":{"index":"index","follow":"follow","max-snippet":"max-snippet:-1","max-image-preview":"max-image-preview:large","max-video-preview":"max-video-preview:-1"},"canonical":"https:\/\/beautycharm.lt\/en\/product\/juliette-armand-juliette-armand-elements-brightening-serum-sviesinantis-serumas-20ml\/","og_locale":"en_US","og_type":"article","og_title":"JULIETTE ARMAND Juliette Armand Elements Brightening Serum \u0160viesinantis serumas 20ml - Beauty Charm","og_description":"Kodas: KS65157 Apra\u0161ymas Serumas pagerina odos i\u0161vaizd\u0105 ir suteikia tolyg\u0173 atspalv\u012f. Serumas, kurio sud\u0117tyje yra Asyntra (heksilrezorcinolio ir etilo linoleato), galo r\u016bg\u0161ties, fitino r\u016bg\u0161ties, vitamino C, Rumex ir saldymed\u017eio &#8211; ingredient\u0173, u\u017etikrinan\u010di\u0173 vienod\u0105 odos spalv\u0105. Sinergetinis ingredient\u0173 poveikis skirtas tiek slopinti ferment\u0105 tirozinaz\u0119, atsaking\u0105 u\u017e melanino gamyb\u0105, tiek stiprinti antioksidacin\u012f aktyvum\u0105, kuris stiprina l\u0105steli\u0173 gynybin\u012fRead More","og_url":"https:\/\/beautycharm.lt\/en\/product\/juliette-armand-juliette-armand-elements-brightening-serum-sviesinantis-serumas-20ml\/","og_site_name":"Beauty Charm","article_publisher":"https:\/\/www.facebook.com\/faceandbodylines\/","og_image":[{"width":500,"height":500,"url":"https:\/\/beautycharm.lt\/wp-content\/uploads\/2025\/10\/juliette-armand-elements-brightening-serum-sviesinantis-serumas.jpeg","type":"image\/jpeg"}],"twitter_card":"summary_large_image","twitter_misc":{"Est. reading time":"1 minute"},"schema":{"@context":"https:\/\/schema.org","@graph":[{"@type":"WebPage","@id":"https:\/\/beautycharm.lt\/produktas\/juliette-armand-juliette-armand-elements-brightening-serum-sviesinantis-serumas-20ml\/","url":"https:\/\/beautycharm.lt\/produktas\/juliette-armand-juliette-armand-elements-brightening-serum-sviesinantis-serumas-20ml\/","name":"JULIETTE ARMAND Juliette Armand Elements Brightening Serum \u0160viesinantis serumas 20ml - Beauty Charm","isPartOf":{"@id":"https:\/\/beautycharm.lt\/#website"},"primaryImageOfPage":{"@id":"https:\/\/beautycharm.lt\/produktas\/juliette-armand-juliette-armand-elements-brightening-serum-sviesinantis-serumas-20ml\/#primaryimage"},"image":{"@id":"https:\/\/beautycharm.lt\/produktas\/juliette-armand-juliette-armand-elements-brightening-serum-sviesinantis-serumas-20ml\/#primaryimage"},"thumbnailUrl":"https:\/\/beautycharm.lt\/wp-content\/uploads\/2025\/10\/juliette-armand-elements-brightening-serum-sviesinantis-serumas.jpeg","datePublished":"2025-10-04T05:38:56+00:00","breadcrumb":{"@id":"https:\/\/beautycharm.lt\/produktas\/juliette-armand-juliette-armand-elements-brightening-serum-sviesinantis-serumas-20ml\/#breadcrumb"},"inLanguage":"en-US","potentialAction":[{"@type":"ReadAction","target":["https:\/\/beautycharm.lt\/produktas\/juliette-armand-juliette-armand-elements-brightening-serum-sviesinantis-serumas-20ml\/"]}]},{"@type":"ImageObject","inLanguage":"en-US","@id":"https:\/\/beautycharm.lt\/produktas\/juliette-armand-juliette-armand-elements-brightening-serum-sviesinantis-serumas-20ml\/#primaryimage","url":"https:\/\/beautycharm.lt\/wp-content\/uploads\/2025\/10\/juliette-armand-elements-brightening-serum-sviesinantis-serumas.jpeg","contentUrl":"https:\/\/beautycharm.lt\/wp-content\/uploads\/2025\/10\/juliette-armand-elements-brightening-serum-sviesinantis-serumas.jpeg","width":500,"height":500},{"@type":"BreadcrumbList","@id":"https:\/\/beautycharm.lt\/produktas\/juliette-armand-juliette-armand-elements-brightening-serum-sviesinantis-serumas-20ml\/#breadcrumb","itemListElement":[{"@type":"ListItem","position":1,"name":"Home","item":"https:\/\/beautycharm.lt\/"},{"@type":"ListItem","position":2,"name":"Parduotuv\u0117","item":"https:\/\/beautycharm.lt\/parduotuve\/"},{"@type":"ListItem","position":3,"name":"JULIETTE ARMAND Juliette Armand Elements Brightening Serum \u0160viesinantis serumas 20ml"}]},{"@type":"WebSite","@id":"https:\/\/beautycharm.lt\/#website","url":"https:\/\/beautycharm.lt\/","name":"Beauty Charm","description":"Odos prie\u017ei\u016bra vyrams ir moterims","publisher":{"@id":"https:\/\/beautycharm.lt\/#organization"},"potentialAction":[{"@type":"SearchAction","target":{"@type":"EntryPoint","urlTemplate":"https:\/\/beautycharm.lt\/?s={search_term_string}"},"query-input":{"@type":"PropertyValueSpecification","valueRequired":true,"valueName":"search_term_string"}}],"inLanguage":"en-US"},{"@type":"Organization","@id":"https:\/\/beautycharm.lt\/#organization","name":"Beauty Charm","url":"https:\/\/beautycharm.lt\/","logo":{"@type":"ImageObject","inLanguage":"en-US","@id":"https:\/\/beautycharm.lt\/#\/schema\/logo\/image\/","url":"https:\/\/beautycharm.lt\/wp-content\/uploads\/2025\/08\/BeautyCharm_t_s-1.svg","contentUrl":"https:\/\/beautycharm.lt\/wp-content\/uploads\/2025\/08\/BeautyCharm_t_s-1.svg","width":148,"height":64,"caption":"Beauty Charm"},"image":{"@id":"https:\/\/beautycharm.lt\/#\/schema\/logo\/image\/"},"sameAs":["https:\/\/www.facebook.com\/faceandbodylines\/","https:\/\/www.instagram.com\/the_house_of_charm\/"]}]}},"_links":{"self":[{"href":"https:\/\/beautycharm.lt\/en\/wp-json\/wp\/v2\/product\/2386","targetHints":{"allow":["GET"]}}],"collection":[{"href":"https:\/\/beautycharm.lt\/en\/wp-json\/wp\/v2\/product"}],"about":[{"href":"https:\/\/beautycharm.lt\/en\/wp-json\/wp\/v2\/types\/product"}],"replies":[{"embeddable":true,"href":"https:\/\/beautycharm.lt\/en\/wp-json\/wp\/v2\/comments?post=2386"}],"wp:featuredmedia":[{"embeddable":true,"href":"https:\/\/beautycharm.lt\/en\/wp-json\/wp\/v2\/media\/2387"}],"wp:attachment":[{"href":"https:\/\/beautycharm.lt\/en\/wp-json\/wp\/v2\/media?parent=2386"}],"wp:term":[{"taxonomy":"product_brand","embeddable":true,"href":"https:\/\/beautycharm.lt\/en\/wp-json\/wp\/v2\/product_brand?post=2386"},{"taxonomy":"product_cat","embeddable":true,"href":"https:\/\/beautycharm.lt\/en\/wp-json\/wp\/v2\/product_cat?post=2386"},{"taxonomy":"product_tag","embeddable":true,"href":"https:\/\/beautycharm.lt\/en\/wp-json\/wp\/v2\/product_tag?post=2386"}],"curies":[{"name":"wp","href":"https:\/\/api.w.org\/{rel}","templated":true}]}}