{"id":2384,"date":"2025-10-04T08:32:27","date_gmt":"2025-10-04T05:32:27","guid":{"rendered":"https:\/\/beautycharm.lt\/?post_type=product&#038;p=2384"},"modified":"2025-10-04T08:32:27","modified_gmt":"2025-10-04T05:32:27","slug":"juliette-armand-juliette-armand-elements-retinoid-c-kremas-su-antioksidantais-50ml","status":"publish","type":"product","link":"https:\/\/beautycharm.lt\/en\/product\/juliette-armand-juliette-armand-elements-retinoid-c-kremas-su-antioksidantais-50ml\/","title":{"rendered":"JULIETTE ARMAND Juliette Armand Elements Retinoid C Kremas su antioksidantais 50ml"},"content":{"rendered":"<p><strong>Kodas: <\/strong><span class=\"editable\">KS69069<\/span><\/p>\n<h3 class=\"page-product-heading\">Apra\u0161ymas<\/h3>\n<div class=\"rte\">Juliette Armand Retinoid C Atstatantis kremas su antioksidantais visiems odos tipams. Pagerina odos b\u016bkl\u0119 ir i\u0161vaizd\u0105 su smulkiomis linijomis, rauk\u0161l\u0117mis, pigmentacijos problemomis ir tamsiomis d\u0117m\u0117mis, \u0161viesina j\u0105 ir sulygina odos atspalv\u012f. Suteikia elastingumo ir \u0161vyt\u0117jimo bei suteikia \u0161vie\u017eumo jausm\u0105.VEIKIMAS: pagerina odos b\u016bkl\u0119 ir i\u0161vaizd\u0105 su smulkiomis linijomis, rauk\u0161l\u0117mis, pigmentacijos problemomis ir tamsiomis d\u0117m\u0117mis, \u0161viesina j\u0105 ir sulygina odos atspalv\u012f. Suteikia elastingumo ir \u0161vyt\u0117jimo bei suteikia \u0161vie\u017eumo jausm\u0105.<\/p>\n<p>PAGRINDINIAI INGREDIENTAI: retinolis 0,5%, askorbo r\u016bg\u0161tis (3-O-etilo askorbo r\u016bg\u0161tis), MMW hialurono r\u016bg\u0161tis, centela ekstraktas, vitaminas E, jojoba aliejus, abrikos\u0173 aliejus, shea sviestas, pantenolis<\/p>\n<ul class=\"more-details-wrap\">\n<li class=\"rte more-details-item clearfix\">\n<div class=\"mdi-title strong\">Naudojimas:<\/div>\n<div class=\"mdi-text\">Nedidel\u012f produkto kiek\u012f tepkite 1 ar 2 kartus per dien\u0105.<\/div>\n<\/li>\n<\/ul>\n<\/div>\n<p>&nbsp;<\/p>","protected":false},"excerpt":{"rendered":"<p>Kodas: KS69069 Apra\u0161ymas Juliette Armand Retinoid C Atstatantis kremas su antioksidantais visiems odos tipams. Pagerina odos b\u016bkl\u0119 ir i\u0161vaizd\u0105 su smulkiomis linijomis, rauk\u0161l\u0117mis, pigmentacijos problemomis ir tamsiomis d\u0117m\u0117mis, \u0161viesina j\u0105 ir sulygina odos atspalv\u012f. Suteikia elastingumo ir \u0161vyt\u0117jimo bei suteikia \u0161vie\u017eumo jausm\u0105.VEIKIMAS: pagerina odos b\u016bkl\u0119 ir i\u0161vaizd\u0105 su smulkiomis linijomis, rauk\u0161l\u0117mis, pigmentacijos problemomis ir tamsiomis<\/p>\n<div class=\"klb-readmore entry-button\"><a class=\"button light alt medium\" href=\"https:\/\/beautycharm.lt\/en\/product\/juliette-armand-juliette-armand-elements-retinoid-c-kremas-su-antioksidantais-50ml\/\">Read More<\/a><\/div>","protected":false},"featured_media":2385,"comment_status":"open","ping_status":"closed","template":"","meta":{"inline_featured_image":false},"product_brand":[229],"product_cat":[93,120],"product_tag":[228,237,234],"class_list":{"0":"post-2384","1":"product","2":"type-product","3":"status-publish","4":"has-post-thumbnail","6":"product_brand-juliette-armand","7":"product_cat-kremai-veidui","8":"product_cat-moterims-lt","9":"product_tag-juliette-armand","10":"product_tag-moterims","11":"product_tag-veido-kremas","13":"first","14":"instock","15":"shipping-taxable","16":"purchasable","17":"product-type-simple"},"yoast_head":"<!-- This site is optimized with the Yoast SEO plugin v27.4 - https:\/\/yoast.com\/product\/yoast-seo-wordpress\/ -->\n<title>JULIETTE ARMAND Juliette Armand Elements Retinoid C Kremas su antioksidantais 50ml - Beauty Charm<\/title>\n<meta name=\"robots\" content=\"index, follow, max-snippet:-1, max-image-preview:large, max-video-preview:-1\" \/>\n<link rel=\"canonical\" href=\"https:\/\/beautycharm.lt\/en\/product\/juliette-armand-juliette-armand-elements-retinoid-c-kremas-su-antioksidantais-50ml\/\" \/>\n<meta property=\"og:locale\" content=\"en_US\" \/>\n<meta property=\"og:type\" content=\"article\" \/>\n<meta property=\"og:title\" content=\"JULIETTE ARMAND Juliette Armand Elements Retinoid C Kremas su antioksidantais 50ml - Beauty Charm\" \/>\n<meta property=\"og:description\" content=\"Kodas: KS69069 Apra\u0161ymas Juliette Armand Retinoid C Atstatantis kremas su antioksidantais visiems odos tipams. Pagerina odos b\u016bkl\u0119 ir i\u0161vaizd\u0105 su smulkiomis linijomis, rauk\u0161l\u0117mis, pigmentacijos problemomis ir tamsiomis d\u0117m\u0117mis, \u0161viesina j\u0105 ir sulygina odos atspalv\u012f. Suteikia elastingumo ir \u0161vyt\u0117jimo bei suteikia \u0161vie\u017eumo jausm\u0105.VEIKIMAS: pagerina odos b\u016bkl\u0119 ir i\u0161vaizd\u0105 su smulkiomis linijomis, rauk\u0161l\u0117mis, pigmentacijos problemomis ir tamsiomisRead More\" \/>\n<meta property=\"og:url\" content=\"https:\/\/beautycharm.lt\/en\/product\/juliette-armand-juliette-armand-elements-retinoid-c-kremas-su-antioksidantais-50ml\/\" \/>\n<meta property=\"og:site_name\" content=\"Beauty Charm\" \/>\n<meta property=\"article:publisher\" content=\"https:\/\/www.facebook.com\/faceandbodylines\/\" \/>\n<meta property=\"og:image\" content=\"https:\/\/beautycharm.lt\/wp-content\/uploads\/2025\/10\/juliette-armand-elements-retinoid-c-kremas-su-antioksidantais-.jpeg\" \/>\n\t<meta property=\"og:image:width\" content=\"500\" \/>\n\t<meta property=\"og:image:height\" content=\"500\" \/>\n\t<meta property=\"og:image:type\" content=\"image\/jpeg\" \/>\n<meta name=\"twitter:card\" content=\"summary_large_image\" \/>\n<meta name=\"twitter:label1\" content=\"Est. reading time\" \/>\n\t<meta name=\"twitter:data1\" content=\"1 minute\" \/>\n<script type=\"application\/ld+json\" class=\"yoast-schema-graph\">{\"@context\":\"https:\\\/\\\/schema.org\",\"@graph\":[{\"@type\":\"WebPage\",\"@id\":\"https:\\\/\\\/beautycharm.lt\\\/produktas\\\/juliette-armand-juliette-armand-elements-retinoid-c-kremas-su-antioksidantais-50ml\\\/\",\"url\":\"https:\\\/\\\/beautycharm.lt\\\/produktas\\\/juliette-armand-juliette-armand-elements-retinoid-c-kremas-su-antioksidantais-50ml\\\/\",\"name\":\"JULIETTE ARMAND Juliette Armand Elements Retinoid C Kremas su antioksidantais 50ml - Beauty Charm\",\"isPartOf\":{\"@id\":\"https:\\\/\\\/beautycharm.lt\\\/#website\"},\"primaryImageOfPage\":{\"@id\":\"https:\\\/\\\/beautycharm.lt\\\/produktas\\\/juliette-armand-juliette-armand-elements-retinoid-c-kremas-su-antioksidantais-50ml\\\/#primaryimage\"},\"image\":{\"@id\":\"https:\\\/\\\/beautycharm.lt\\\/produktas\\\/juliette-armand-juliette-armand-elements-retinoid-c-kremas-su-antioksidantais-50ml\\\/#primaryimage\"},\"thumbnailUrl\":\"https:\\\/\\\/beautycharm.lt\\\/wp-content\\\/uploads\\\/2025\\\/10\\\/juliette-armand-elements-retinoid-c-kremas-su-antioksidantais-.jpeg\",\"datePublished\":\"2025-10-04T05:32:27+00:00\",\"breadcrumb\":{\"@id\":\"https:\\\/\\\/beautycharm.lt\\\/produktas\\\/juliette-armand-juliette-armand-elements-retinoid-c-kremas-su-antioksidantais-50ml\\\/#breadcrumb\"},\"inLanguage\":\"en-US\",\"potentialAction\":[{\"@type\":\"ReadAction\",\"target\":[\"https:\\\/\\\/beautycharm.lt\\\/produktas\\\/juliette-armand-juliette-armand-elements-retinoid-c-kremas-su-antioksidantais-50ml\\\/\"]}]},{\"@type\":\"ImageObject\",\"inLanguage\":\"en-US\",\"@id\":\"https:\\\/\\\/beautycharm.lt\\\/produktas\\\/juliette-armand-juliette-armand-elements-retinoid-c-kremas-su-antioksidantais-50ml\\\/#primaryimage\",\"url\":\"https:\\\/\\\/beautycharm.lt\\\/wp-content\\\/uploads\\\/2025\\\/10\\\/juliette-armand-elements-retinoid-c-kremas-su-antioksidantais-.jpeg\",\"contentUrl\":\"https:\\\/\\\/beautycharm.lt\\\/wp-content\\\/uploads\\\/2025\\\/10\\\/juliette-armand-elements-retinoid-c-kremas-su-antioksidantais-.jpeg\",\"width\":500,\"height\":500},{\"@type\":\"BreadcrumbList\",\"@id\":\"https:\\\/\\\/beautycharm.lt\\\/produktas\\\/juliette-armand-juliette-armand-elements-retinoid-c-kremas-su-antioksidantais-50ml\\\/#breadcrumb\",\"itemListElement\":[{\"@type\":\"ListItem\",\"position\":1,\"name\":\"Home\",\"item\":\"https:\\\/\\\/beautycharm.lt\\\/\"},{\"@type\":\"ListItem\",\"position\":2,\"name\":\"Parduotuv\u0117\",\"item\":\"https:\\\/\\\/beautycharm.lt\\\/parduotuve\\\/\"},{\"@type\":\"ListItem\",\"position\":3,\"name\":\"JULIETTE ARMAND Juliette Armand Elements Retinoid C Kremas su antioksidantais 50ml\"}]},{\"@type\":\"WebSite\",\"@id\":\"https:\\\/\\\/beautycharm.lt\\\/#website\",\"url\":\"https:\\\/\\\/beautycharm.lt\\\/\",\"name\":\"Beauty Charm\",\"description\":\"Odos prie\u017ei\u016bra vyrams ir moterims\",\"publisher\":{\"@id\":\"https:\\\/\\\/beautycharm.lt\\\/#organization\"},\"potentialAction\":[{\"@type\":\"SearchAction\",\"target\":{\"@type\":\"EntryPoint\",\"urlTemplate\":\"https:\\\/\\\/beautycharm.lt\\\/?s={search_term_string}\"},\"query-input\":{\"@type\":\"PropertyValueSpecification\",\"valueRequired\":true,\"valueName\":\"search_term_string\"}}],\"inLanguage\":\"en-US\"},{\"@type\":\"Organization\",\"@id\":\"https:\\\/\\\/beautycharm.lt\\\/#organization\",\"name\":\"Beauty Charm\",\"url\":\"https:\\\/\\\/beautycharm.lt\\\/\",\"logo\":{\"@type\":\"ImageObject\",\"inLanguage\":\"en-US\",\"@id\":\"https:\\\/\\\/beautycharm.lt\\\/#\\\/schema\\\/logo\\\/image\\\/\",\"url\":\"https:\\\/\\\/beautycharm.lt\\\/wp-content\\\/uploads\\\/2025\\\/08\\\/BeautyCharm_t_s-1.svg\",\"contentUrl\":\"https:\\\/\\\/beautycharm.lt\\\/wp-content\\\/uploads\\\/2025\\\/08\\\/BeautyCharm_t_s-1.svg\",\"width\":148,\"height\":64,\"caption\":\"Beauty Charm\"},\"image\":{\"@id\":\"https:\\\/\\\/beautycharm.lt\\\/#\\\/schema\\\/logo\\\/image\\\/\"},\"sameAs\":[\"https:\\\/\\\/www.facebook.com\\\/faceandbodylines\\\/\",\"https:\\\/\\\/www.instagram.com\\\/the_house_of_charm\\\/\"]}]}<\/script>\n<!-- \/ Yoast SEO plugin. -->","yoast_head_json":{"title":"JULIETTE ARMAND Juliette Armand Elements Retinoid C Kremas su antioksidantais 50ml - Beauty Charm","robots":{"index":"index","follow":"follow","max-snippet":"max-snippet:-1","max-image-preview":"max-image-preview:large","max-video-preview":"max-video-preview:-1"},"canonical":"https:\/\/beautycharm.lt\/en\/product\/juliette-armand-juliette-armand-elements-retinoid-c-kremas-su-antioksidantais-50ml\/","og_locale":"en_US","og_type":"article","og_title":"JULIETTE ARMAND Juliette Armand Elements Retinoid C Kremas su antioksidantais 50ml - Beauty Charm","og_description":"Kodas: KS69069 Apra\u0161ymas Juliette Armand Retinoid C Atstatantis kremas su antioksidantais visiems odos tipams. Pagerina odos b\u016bkl\u0119 ir i\u0161vaizd\u0105 su smulkiomis linijomis, rauk\u0161l\u0117mis, pigmentacijos problemomis ir tamsiomis d\u0117m\u0117mis, \u0161viesina j\u0105 ir sulygina odos atspalv\u012f. Suteikia elastingumo ir \u0161vyt\u0117jimo bei suteikia \u0161vie\u017eumo jausm\u0105.VEIKIMAS: pagerina odos b\u016bkl\u0119 ir i\u0161vaizd\u0105 su smulkiomis linijomis, rauk\u0161l\u0117mis, pigmentacijos problemomis ir tamsiomisRead More","og_url":"https:\/\/beautycharm.lt\/en\/product\/juliette-armand-juliette-armand-elements-retinoid-c-kremas-su-antioksidantais-50ml\/","og_site_name":"Beauty Charm","article_publisher":"https:\/\/www.facebook.com\/faceandbodylines\/","og_image":[{"width":500,"height":500,"url":"https:\/\/beautycharm.lt\/wp-content\/uploads\/2025\/10\/juliette-armand-elements-retinoid-c-kremas-su-antioksidantais-.jpeg","type":"image\/jpeg"}],"twitter_card":"summary_large_image","twitter_misc":{"Est. reading time":"1 minute"},"schema":{"@context":"https:\/\/schema.org","@graph":[{"@type":"WebPage","@id":"https:\/\/beautycharm.lt\/produktas\/juliette-armand-juliette-armand-elements-retinoid-c-kremas-su-antioksidantais-50ml\/","url":"https:\/\/beautycharm.lt\/produktas\/juliette-armand-juliette-armand-elements-retinoid-c-kremas-su-antioksidantais-50ml\/","name":"JULIETTE ARMAND Juliette Armand Elements Retinoid C Kremas su antioksidantais 50ml - Beauty Charm","isPartOf":{"@id":"https:\/\/beautycharm.lt\/#website"},"primaryImageOfPage":{"@id":"https:\/\/beautycharm.lt\/produktas\/juliette-armand-juliette-armand-elements-retinoid-c-kremas-su-antioksidantais-50ml\/#primaryimage"},"image":{"@id":"https:\/\/beautycharm.lt\/produktas\/juliette-armand-juliette-armand-elements-retinoid-c-kremas-su-antioksidantais-50ml\/#primaryimage"},"thumbnailUrl":"https:\/\/beautycharm.lt\/wp-content\/uploads\/2025\/10\/juliette-armand-elements-retinoid-c-kremas-su-antioksidantais-.jpeg","datePublished":"2025-10-04T05:32:27+00:00","breadcrumb":{"@id":"https:\/\/beautycharm.lt\/produktas\/juliette-armand-juliette-armand-elements-retinoid-c-kremas-su-antioksidantais-50ml\/#breadcrumb"},"inLanguage":"en-US","potentialAction":[{"@type":"ReadAction","target":["https:\/\/beautycharm.lt\/produktas\/juliette-armand-juliette-armand-elements-retinoid-c-kremas-su-antioksidantais-50ml\/"]}]},{"@type":"ImageObject","inLanguage":"en-US","@id":"https:\/\/beautycharm.lt\/produktas\/juliette-armand-juliette-armand-elements-retinoid-c-kremas-su-antioksidantais-50ml\/#primaryimage","url":"https:\/\/beautycharm.lt\/wp-content\/uploads\/2025\/10\/juliette-armand-elements-retinoid-c-kremas-su-antioksidantais-.jpeg","contentUrl":"https:\/\/beautycharm.lt\/wp-content\/uploads\/2025\/10\/juliette-armand-elements-retinoid-c-kremas-su-antioksidantais-.jpeg","width":500,"height":500},{"@type":"BreadcrumbList","@id":"https:\/\/beautycharm.lt\/produktas\/juliette-armand-juliette-armand-elements-retinoid-c-kremas-su-antioksidantais-50ml\/#breadcrumb","itemListElement":[{"@type":"ListItem","position":1,"name":"Home","item":"https:\/\/beautycharm.lt\/"},{"@type":"ListItem","position":2,"name":"Parduotuv\u0117","item":"https:\/\/beautycharm.lt\/parduotuve\/"},{"@type":"ListItem","position":3,"name":"JULIETTE ARMAND Juliette Armand Elements Retinoid C Kremas su antioksidantais 50ml"}]},{"@type":"WebSite","@id":"https:\/\/beautycharm.lt\/#website","url":"https:\/\/beautycharm.lt\/","name":"Beauty Charm","description":"Odos prie\u017ei\u016bra vyrams ir moterims","publisher":{"@id":"https:\/\/beautycharm.lt\/#organization"},"potentialAction":[{"@type":"SearchAction","target":{"@type":"EntryPoint","urlTemplate":"https:\/\/beautycharm.lt\/?s={search_term_string}"},"query-input":{"@type":"PropertyValueSpecification","valueRequired":true,"valueName":"search_term_string"}}],"inLanguage":"en-US"},{"@type":"Organization","@id":"https:\/\/beautycharm.lt\/#organization","name":"Beauty Charm","url":"https:\/\/beautycharm.lt\/","logo":{"@type":"ImageObject","inLanguage":"en-US","@id":"https:\/\/beautycharm.lt\/#\/schema\/logo\/image\/","url":"https:\/\/beautycharm.lt\/wp-content\/uploads\/2025\/08\/BeautyCharm_t_s-1.svg","contentUrl":"https:\/\/beautycharm.lt\/wp-content\/uploads\/2025\/08\/BeautyCharm_t_s-1.svg","width":148,"height":64,"caption":"Beauty Charm"},"image":{"@id":"https:\/\/beautycharm.lt\/#\/schema\/logo\/image\/"},"sameAs":["https:\/\/www.facebook.com\/faceandbodylines\/","https:\/\/www.instagram.com\/the_house_of_charm\/"]}]}},"_links":{"self":[{"href":"https:\/\/beautycharm.lt\/en\/wp-json\/wp\/v2\/product\/2384","targetHints":{"allow":["GET"]}}],"collection":[{"href":"https:\/\/beautycharm.lt\/en\/wp-json\/wp\/v2\/product"}],"about":[{"href":"https:\/\/beautycharm.lt\/en\/wp-json\/wp\/v2\/types\/product"}],"replies":[{"embeddable":true,"href":"https:\/\/beautycharm.lt\/en\/wp-json\/wp\/v2\/comments?post=2384"}],"wp:featuredmedia":[{"embeddable":true,"href":"https:\/\/beautycharm.lt\/en\/wp-json\/wp\/v2\/media\/2385"}],"wp:attachment":[{"href":"https:\/\/beautycharm.lt\/en\/wp-json\/wp\/v2\/media?parent=2384"}],"wp:term":[{"taxonomy":"product_brand","embeddable":true,"href":"https:\/\/beautycharm.lt\/en\/wp-json\/wp\/v2\/product_brand?post=2384"},{"taxonomy":"product_cat","embeddable":true,"href":"https:\/\/beautycharm.lt\/en\/wp-json\/wp\/v2\/product_cat?post=2384"},{"taxonomy":"product_tag","embeddable":true,"href":"https:\/\/beautycharm.lt\/en\/wp-json\/wp\/v2\/product_tag?post=2384"}],"curies":[{"name":"wp","href":"https:\/\/api.w.org\/{rel}","templated":true}]}}