{"id":2377,"date":"2025-10-04T08:17:27","date_gmt":"2025-10-04T05:17:27","guid":{"rendered":"https:\/\/beautycharm.lt\/?post_type=product&#038;p=2377"},"modified":"2025-10-04T08:17:27","modified_gmt":"2025-10-04T05:17:27","slug":"juliette-armand-juliette-armand-elements-lifting-cream-veido-ir-odo-kakla-stangrinantis-kremas-50ml","status":"publish","type":"product","link":"https:\/\/beautycharm.lt\/en\/product\/juliette-armand-juliette-armand-elements-lifting-cream-veido-ir-odo-kakla-stangrinantis-kremas-50ml\/","title":{"rendered":"JULIETTE ARMAND Juliette Armand Elements Lifting Cream Veido ir odo kakl\u0105 stangrinantis kremas 50ml"},"content":{"rendered":"<p><strong>Kodas: <\/strong><span class=\"editable\">KS19419<\/span><\/p>\n<h3 class=\"page-product-heading\">Apra\u0161ymas<\/h3>\n<div class=\"rte\">Kremas suteikia tiesiogin\u012f odos stangrumo poj\u016bt\u012f, jis skatina nat\u016bral\u0173 l\u0105steli\u0173 atsinaujinimo proces\u0105, gerina odos tonus\u0105 ir tekst\u016br\u0105. Priemon\u0117 sujungia intensyv\u0173 stangrinam\u0105j\u012f &#8222;Phytodermina Lifting&#8221; (augalinis ekstraktas) poveik\u012f ir daugyb\u0119 ingredient\u0173, kurie stiprina nat\u016bralius odos gynybinius mechanizmus ir skatina l\u0105steli\u0173 atsinaujinimo proces\u0105. E-C-F vitamin\u0173 kompleksas, Drieline (sacharomicetai), Kombuchka (juodosios arbatos sacharomicetai) ir Oxyforce l\u0105stelin\u0117 aktyvioji med\u017eiaga pagerina epidermio l\u0105steli\u0173 apr\u016bpinim\u0105 deguonimi, pagerina l\u0105steli\u0173 energijos lyg\u012f ir suma\u017eina rauk\u0161li\u0173 gyl\u012f.<\/p>\n<ul class=\"more-details-wrap\">\n<li class=\"rte more-details-item clearfix\">\n<div class=\"mdi-title strong\">Naudojimas:<\/div>\n<div class=\"mdi-text\">Nedideliu kiekiu tepkite vis\u0105 veid\u0105 1-2 kartus per dien\u0105.<\/div>\n<\/li>\n<li class=\"rte more-details-item clearfix\">\n<div class=\"mdi-title strong\">Ingredientai:<\/div>\n<div class=\"mdi-text\">Aqua, Squalene, Glycerin, Ethylhexyl Palmitate, Saccharomyces\/xylinum\/black Tea Ferment, Butylene Glycol, Cetearyl Isononanoate, Behenyl Alcohol, Glyceryl Stearate, Cyclopentasiloxane, Hydroxypropyl Cyclodextrin, Dimethicone, Cyclohexasiloxane, Lecithin, Hydrogenated Starch Hydrolysate, Sodium Acrylates Copolymer, Phenoxyethanol, Cetyl Alcohol, Hydrogenated Polydecene, Xanthan Gum, Perfluorodecalin, Ethylhexylglycerin, Luffa Cylindrica Seed Oil, Parfum, Caprylyl Glycol, Glycine Soja Sterols, Helianthus Annuus Seed Oil, Phospholipids, Polyglyceryl-10 Stearate, Simmondsia Chinensis Seed Oil, Pentylene Glycol, Carthamus Tinctorius Seed Oil, Prunus Amygdalus Dulcis Oil, Sphingolipids, Sucrose Palmitate, Hydroxyethylcellulose, Tocopheryl Acetate, Disodium Edta, Faex Extract, Sodium Phosphate, Potassium Sorbate, Sodium Benzoate, Ascorbyl Palmitate, Linoleic Acid, Tocopherol.<\/div>\n<\/li>\n<\/ul>\n<\/div>\n<p>&nbsp;<\/p>","protected":false},"excerpt":{"rendered":"<p>Kodas: KS19419 Apra\u0161ymas Kremas suteikia tiesiogin\u012f odos stangrumo poj\u016bt\u012f, jis skatina nat\u016bral\u0173 l\u0105steli\u0173 atsinaujinimo proces\u0105, gerina odos tonus\u0105 ir tekst\u016br\u0105. Priemon\u0117 sujungia intensyv\u0173 stangrinam\u0105j\u012f &#8222;Phytodermina Lifting&#8221; (augalinis ekstraktas) poveik\u012f ir daugyb\u0119 ingredient\u0173, kurie stiprina nat\u016bralius odos gynybinius mechanizmus ir skatina l\u0105steli\u0173 atsinaujinimo proces\u0105. E-C-F vitamin\u0173 kompleksas, Drieline (sacharomicetai), Kombuchka (juodosios arbatos sacharomicetai) ir Oxyforce l\u0105stelin\u0117<\/p>\n<div class=\"klb-readmore entry-button\"><a class=\"button light alt medium\" href=\"https:\/\/beautycharm.lt\/en\/product\/juliette-armand-juliette-armand-elements-lifting-cream-veido-ir-odo-kakla-stangrinantis-kremas-50ml\/\">Read More<\/a><\/div>","protected":false},"featured_media":2378,"comment_status":"open","ping_status":"closed","template":"","meta":{"inline_featured_image":false},"product_brand":[229],"product_cat":[93,120],"product_tag":[228,232,237,234],"class_list":{"0":"post-2377","1":"product","2":"type-product","3":"status-publish","4":"has-post-thumbnail","6":"product_brand-juliette-armand","7":"product_cat-kremai-veidui","8":"product_cat-moterims-lt","9":"product_tag-juliette-armand","10":"product_tag-liftingas","11":"product_tag-moterims","12":"product_tag-veido-kremas","14":"first","15":"instock","16":"shipping-taxable","17":"purchasable","18":"product-type-simple"},"yoast_head":"<!-- This site is optimized with the Yoast SEO plugin v27.4 - https:\/\/yoast.com\/product\/yoast-seo-wordpress\/ -->\n<title>JULIETTE ARMAND Juliette Armand Elements Lifting Cream Veido ir odo kakl\u0105 stangrinantis kremas 50ml - Beauty Charm<\/title>\n<meta name=\"robots\" content=\"index, follow, max-snippet:-1, max-image-preview:large, max-video-preview:-1\" \/>\n<link rel=\"canonical\" href=\"https:\/\/beautycharm.lt\/en\/product\/juliette-armand-juliette-armand-elements-lifting-cream-veido-ir-odo-kakla-stangrinantis-kremas-50ml\/\" \/>\n<meta property=\"og:locale\" content=\"en_US\" \/>\n<meta property=\"og:type\" content=\"article\" \/>\n<meta property=\"og:title\" content=\"JULIETTE ARMAND Juliette Armand Elements Lifting Cream Veido ir odo kakl\u0105 stangrinantis kremas 50ml - Beauty Charm\" \/>\n<meta property=\"og:description\" content=\"Kodas: KS19419 Apra\u0161ymas Kremas suteikia tiesiogin\u012f odos stangrumo poj\u016bt\u012f, jis skatina nat\u016bral\u0173 l\u0105steli\u0173 atsinaujinimo proces\u0105, gerina odos tonus\u0105 ir tekst\u016br\u0105. Priemon\u0117 sujungia intensyv\u0173 stangrinam\u0105j\u012f &#8222;Phytodermina Lifting&#8221; (augalinis ekstraktas) poveik\u012f ir daugyb\u0119 ingredient\u0173, kurie stiprina nat\u016bralius odos gynybinius mechanizmus ir skatina l\u0105steli\u0173 atsinaujinimo proces\u0105. E-C-F vitamin\u0173 kompleksas, Drieline (sacharomicetai), Kombuchka (juodosios arbatos sacharomicetai) ir Oxyforce l\u0105stelin\u0117Read More\" \/>\n<meta property=\"og:url\" content=\"https:\/\/beautycharm.lt\/en\/product\/juliette-armand-juliette-armand-elements-lifting-cream-veido-ir-odo-kakla-stangrinantis-kremas-50ml\/\" \/>\n<meta property=\"og:site_name\" content=\"Beauty Charm\" \/>\n<meta property=\"article:publisher\" content=\"https:\/\/www.facebook.com\/faceandbodylines\/\" \/>\n<meta property=\"og:image\" content=\"https:\/\/beautycharm.lt\/wp-content\/uploads\/2025\/10\/juliette-armand-elements-lifting-cream-veido-ir-odo-kakla-stangrinantis-kremas.jpeg\" \/>\n\t<meta property=\"og:image:width\" content=\"500\" \/>\n\t<meta property=\"og:image:height\" content=\"500\" \/>\n\t<meta property=\"og:image:type\" content=\"image\/jpeg\" \/>\n<meta name=\"twitter:card\" content=\"summary_large_image\" \/>\n<meta name=\"twitter:label1\" content=\"Est. reading time\" \/>\n\t<meta name=\"twitter:data1\" content=\"2 minutes\" \/>\n<script type=\"application\/ld+json\" class=\"yoast-schema-graph\">{\"@context\":\"https:\\\/\\\/schema.org\",\"@graph\":[{\"@type\":\"WebPage\",\"@id\":\"https:\\\/\\\/beautycharm.lt\\\/produktas\\\/juliette-armand-juliette-armand-elements-lifting-cream-veido-ir-odo-kakla-stangrinantis-kremas-50ml\\\/\",\"url\":\"https:\\\/\\\/beautycharm.lt\\\/produktas\\\/juliette-armand-juliette-armand-elements-lifting-cream-veido-ir-odo-kakla-stangrinantis-kremas-50ml\\\/\",\"name\":\"JULIETTE ARMAND Juliette Armand Elements Lifting Cream Veido ir odo kakl\u0105 stangrinantis kremas 50ml - Beauty Charm\",\"isPartOf\":{\"@id\":\"https:\\\/\\\/beautycharm.lt\\\/#website\"},\"primaryImageOfPage\":{\"@id\":\"https:\\\/\\\/beautycharm.lt\\\/produktas\\\/juliette-armand-juliette-armand-elements-lifting-cream-veido-ir-odo-kakla-stangrinantis-kremas-50ml\\\/#primaryimage\"},\"image\":{\"@id\":\"https:\\\/\\\/beautycharm.lt\\\/produktas\\\/juliette-armand-juliette-armand-elements-lifting-cream-veido-ir-odo-kakla-stangrinantis-kremas-50ml\\\/#primaryimage\"},\"thumbnailUrl\":\"https:\\\/\\\/beautycharm.lt\\\/wp-content\\\/uploads\\\/2025\\\/10\\\/juliette-armand-elements-lifting-cream-veido-ir-odo-kakla-stangrinantis-kremas.jpeg\",\"datePublished\":\"2025-10-04T05:17:27+00:00\",\"breadcrumb\":{\"@id\":\"https:\\\/\\\/beautycharm.lt\\\/produktas\\\/juliette-armand-juliette-armand-elements-lifting-cream-veido-ir-odo-kakla-stangrinantis-kremas-50ml\\\/#breadcrumb\"},\"inLanguage\":\"en-US\",\"potentialAction\":[{\"@type\":\"ReadAction\",\"target\":[\"https:\\\/\\\/beautycharm.lt\\\/produktas\\\/juliette-armand-juliette-armand-elements-lifting-cream-veido-ir-odo-kakla-stangrinantis-kremas-50ml\\\/\"]}]},{\"@type\":\"ImageObject\",\"inLanguage\":\"en-US\",\"@id\":\"https:\\\/\\\/beautycharm.lt\\\/produktas\\\/juliette-armand-juliette-armand-elements-lifting-cream-veido-ir-odo-kakla-stangrinantis-kremas-50ml\\\/#primaryimage\",\"url\":\"https:\\\/\\\/beautycharm.lt\\\/wp-content\\\/uploads\\\/2025\\\/10\\\/juliette-armand-elements-lifting-cream-veido-ir-odo-kakla-stangrinantis-kremas.jpeg\",\"contentUrl\":\"https:\\\/\\\/beautycharm.lt\\\/wp-content\\\/uploads\\\/2025\\\/10\\\/juliette-armand-elements-lifting-cream-veido-ir-odo-kakla-stangrinantis-kremas.jpeg\",\"width\":500,\"height\":500},{\"@type\":\"BreadcrumbList\",\"@id\":\"https:\\\/\\\/beautycharm.lt\\\/produktas\\\/juliette-armand-juliette-armand-elements-lifting-cream-veido-ir-odo-kakla-stangrinantis-kremas-50ml\\\/#breadcrumb\",\"itemListElement\":[{\"@type\":\"ListItem\",\"position\":1,\"name\":\"Home\",\"item\":\"https:\\\/\\\/beautycharm.lt\\\/\"},{\"@type\":\"ListItem\",\"position\":2,\"name\":\"Parduotuv\u0117\",\"item\":\"https:\\\/\\\/beautycharm.lt\\\/parduotuve\\\/\"},{\"@type\":\"ListItem\",\"position\":3,\"name\":\"JULIETTE ARMAND Juliette Armand Elements Lifting Cream Veido ir odo kakl\u0105 stangrinantis kremas 50ml\"}]},{\"@type\":\"WebSite\",\"@id\":\"https:\\\/\\\/beautycharm.lt\\\/#website\",\"url\":\"https:\\\/\\\/beautycharm.lt\\\/\",\"name\":\"Beauty Charm\",\"description\":\"Odos prie\u017ei\u016bra vyrams ir moterims\",\"publisher\":{\"@id\":\"https:\\\/\\\/beautycharm.lt\\\/#organization\"},\"potentialAction\":[{\"@type\":\"SearchAction\",\"target\":{\"@type\":\"EntryPoint\",\"urlTemplate\":\"https:\\\/\\\/beautycharm.lt\\\/?s={search_term_string}\"},\"query-input\":{\"@type\":\"PropertyValueSpecification\",\"valueRequired\":true,\"valueName\":\"search_term_string\"}}],\"inLanguage\":\"en-US\"},{\"@type\":\"Organization\",\"@id\":\"https:\\\/\\\/beautycharm.lt\\\/#organization\",\"name\":\"Beauty Charm\",\"url\":\"https:\\\/\\\/beautycharm.lt\\\/\",\"logo\":{\"@type\":\"ImageObject\",\"inLanguage\":\"en-US\",\"@id\":\"https:\\\/\\\/beautycharm.lt\\\/#\\\/schema\\\/logo\\\/image\\\/\",\"url\":\"https:\\\/\\\/beautycharm.lt\\\/wp-content\\\/uploads\\\/2025\\\/08\\\/BeautyCharm_t_s-1.svg\",\"contentUrl\":\"https:\\\/\\\/beautycharm.lt\\\/wp-content\\\/uploads\\\/2025\\\/08\\\/BeautyCharm_t_s-1.svg\",\"width\":148,\"height\":64,\"caption\":\"Beauty Charm\"},\"image\":{\"@id\":\"https:\\\/\\\/beautycharm.lt\\\/#\\\/schema\\\/logo\\\/image\\\/\"},\"sameAs\":[\"https:\\\/\\\/www.facebook.com\\\/faceandbodylines\\\/\",\"https:\\\/\\\/www.instagram.com\\\/the_house_of_charm\\\/\"]}]}<\/script>\n<!-- \/ Yoast SEO plugin. -->","yoast_head_json":{"title":"JULIETTE ARMAND Juliette Armand Elements Lifting Cream Veido ir odo kakl\u0105 stangrinantis kremas 50ml - Beauty Charm","robots":{"index":"index","follow":"follow","max-snippet":"max-snippet:-1","max-image-preview":"max-image-preview:large","max-video-preview":"max-video-preview:-1"},"canonical":"https:\/\/beautycharm.lt\/en\/product\/juliette-armand-juliette-armand-elements-lifting-cream-veido-ir-odo-kakla-stangrinantis-kremas-50ml\/","og_locale":"en_US","og_type":"article","og_title":"JULIETTE ARMAND Juliette Armand Elements Lifting Cream Veido ir odo kakl\u0105 stangrinantis kremas 50ml - Beauty Charm","og_description":"Kodas: KS19419 Apra\u0161ymas Kremas suteikia tiesiogin\u012f odos stangrumo poj\u016bt\u012f, jis skatina nat\u016bral\u0173 l\u0105steli\u0173 atsinaujinimo proces\u0105, gerina odos tonus\u0105 ir tekst\u016br\u0105. Priemon\u0117 sujungia intensyv\u0173 stangrinam\u0105j\u012f &#8222;Phytodermina Lifting&#8221; (augalinis ekstraktas) poveik\u012f ir daugyb\u0119 ingredient\u0173, kurie stiprina nat\u016bralius odos gynybinius mechanizmus ir skatina l\u0105steli\u0173 atsinaujinimo proces\u0105. E-C-F vitamin\u0173 kompleksas, Drieline (sacharomicetai), Kombuchka (juodosios arbatos sacharomicetai) ir Oxyforce l\u0105stelin\u0117Read More","og_url":"https:\/\/beautycharm.lt\/en\/product\/juliette-armand-juliette-armand-elements-lifting-cream-veido-ir-odo-kakla-stangrinantis-kremas-50ml\/","og_site_name":"Beauty Charm","article_publisher":"https:\/\/www.facebook.com\/faceandbodylines\/","og_image":[{"width":500,"height":500,"url":"https:\/\/beautycharm.lt\/wp-content\/uploads\/2025\/10\/juliette-armand-elements-lifting-cream-veido-ir-odo-kakla-stangrinantis-kremas.jpeg","type":"image\/jpeg"}],"twitter_card":"summary_large_image","twitter_misc":{"Est. reading time":"2 minutes"},"schema":{"@context":"https:\/\/schema.org","@graph":[{"@type":"WebPage","@id":"https:\/\/beautycharm.lt\/produktas\/juliette-armand-juliette-armand-elements-lifting-cream-veido-ir-odo-kakla-stangrinantis-kremas-50ml\/","url":"https:\/\/beautycharm.lt\/produktas\/juliette-armand-juliette-armand-elements-lifting-cream-veido-ir-odo-kakla-stangrinantis-kremas-50ml\/","name":"JULIETTE ARMAND Juliette Armand Elements Lifting Cream Veido ir odo kakl\u0105 stangrinantis kremas 50ml - Beauty Charm","isPartOf":{"@id":"https:\/\/beautycharm.lt\/#website"},"primaryImageOfPage":{"@id":"https:\/\/beautycharm.lt\/produktas\/juliette-armand-juliette-armand-elements-lifting-cream-veido-ir-odo-kakla-stangrinantis-kremas-50ml\/#primaryimage"},"image":{"@id":"https:\/\/beautycharm.lt\/produktas\/juliette-armand-juliette-armand-elements-lifting-cream-veido-ir-odo-kakla-stangrinantis-kremas-50ml\/#primaryimage"},"thumbnailUrl":"https:\/\/beautycharm.lt\/wp-content\/uploads\/2025\/10\/juliette-armand-elements-lifting-cream-veido-ir-odo-kakla-stangrinantis-kremas.jpeg","datePublished":"2025-10-04T05:17:27+00:00","breadcrumb":{"@id":"https:\/\/beautycharm.lt\/produktas\/juliette-armand-juliette-armand-elements-lifting-cream-veido-ir-odo-kakla-stangrinantis-kremas-50ml\/#breadcrumb"},"inLanguage":"en-US","potentialAction":[{"@type":"ReadAction","target":["https:\/\/beautycharm.lt\/produktas\/juliette-armand-juliette-armand-elements-lifting-cream-veido-ir-odo-kakla-stangrinantis-kremas-50ml\/"]}]},{"@type":"ImageObject","inLanguage":"en-US","@id":"https:\/\/beautycharm.lt\/produktas\/juliette-armand-juliette-armand-elements-lifting-cream-veido-ir-odo-kakla-stangrinantis-kremas-50ml\/#primaryimage","url":"https:\/\/beautycharm.lt\/wp-content\/uploads\/2025\/10\/juliette-armand-elements-lifting-cream-veido-ir-odo-kakla-stangrinantis-kremas.jpeg","contentUrl":"https:\/\/beautycharm.lt\/wp-content\/uploads\/2025\/10\/juliette-armand-elements-lifting-cream-veido-ir-odo-kakla-stangrinantis-kremas.jpeg","width":500,"height":500},{"@type":"BreadcrumbList","@id":"https:\/\/beautycharm.lt\/produktas\/juliette-armand-juliette-armand-elements-lifting-cream-veido-ir-odo-kakla-stangrinantis-kremas-50ml\/#breadcrumb","itemListElement":[{"@type":"ListItem","position":1,"name":"Home","item":"https:\/\/beautycharm.lt\/"},{"@type":"ListItem","position":2,"name":"Parduotuv\u0117","item":"https:\/\/beautycharm.lt\/parduotuve\/"},{"@type":"ListItem","position":3,"name":"JULIETTE ARMAND Juliette Armand Elements Lifting Cream Veido ir odo kakl\u0105 stangrinantis kremas 50ml"}]},{"@type":"WebSite","@id":"https:\/\/beautycharm.lt\/#website","url":"https:\/\/beautycharm.lt\/","name":"Beauty Charm","description":"Odos prie\u017ei\u016bra vyrams ir moterims","publisher":{"@id":"https:\/\/beautycharm.lt\/#organization"},"potentialAction":[{"@type":"SearchAction","target":{"@type":"EntryPoint","urlTemplate":"https:\/\/beautycharm.lt\/?s={search_term_string}"},"query-input":{"@type":"PropertyValueSpecification","valueRequired":true,"valueName":"search_term_string"}}],"inLanguage":"en-US"},{"@type":"Organization","@id":"https:\/\/beautycharm.lt\/#organization","name":"Beauty Charm","url":"https:\/\/beautycharm.lt\/","logo":{"@type":"ImageObject","inLanguage":"en-US","@id":"https:\/\/beautycharm.lt\/#\/schema\/logo\/image\/","url":"https:\/\/beautycharm.lt\/wp-content\/uploads\/2025\/08\/BeautyCharm_t_s-1.svg","contentUrl":"https:\/\/beautycharm.lt\/wp-content\/uploads\/2025\/08\/BeautyCharm_t_s-1.svg","width":148,"height":64,"caption":"Beauty Charm"},"image":{"@id":"https:\/\/beautycharm.lt\/#\/schema\/logo\/image\/"},"sameAs":["https:\/\/www.facebook.com\/faceandbodylines\/","https:\/\/www.instagram.com\/the_house_of_charm\/"]}]}},"_links":{"self":[{"href":"https:\/\/beautycharm.lt\/en\/wp-json\/wp\/v2\/product\/2377","targetHints":{"allow":["GET"]}}],"collection":[{"href":"https:\/\/beautycharm.lt\/en\/wp-json\/wp\/v2\/product"}],"about":[{"href":"https:\/\/beautycharm.lt\/en\/wp-json\/wp\/v2\/types\/product"}],"replies":[{"embeddable":true,"href":"https:\/\/beautycharm.lt\/en\/wp-json\/wp\/v2\/comments?post=2377"}],"wp:featuredmedia":[{"embeddable":true,"href":"https:\/\/beautycharm.lt\/en\/wp-json\/wp\/v2\/media\/2378"}],"wp:attachment":[{"href":"https:\/\/beautycharm.lt\/en\/wp-json\/wp\/v2\/media?parent=2377"}],"wp:term":[{"taxonomy":"product_brand","embeddable":true,"href":"https:\/\/beautycharm.lt\/en\/wp-json\/wp\/v2\/product_brand?post=2377"},{"taxonomy":"product_cat","embeddable":true,"href":"https:\/\/beautycharm.lt\/en\/wp-json\/wp\/v2\/product_cat?post=2377"},{"taxonomy":"product_tag","embeddable":true,"href":"https:\/\/beautycharm.lt\/en\/wp-json\/wp\/v2\/product_tag?post=2377"}],"curies":[{"name":"wp","href":"https:\/\/api.w.org\/{rel}","templated":true}]}}