{"id":2373,"date":"2025-10-02T20:50:47","date_gmt":"2025-10-02T17:50:47","guid":{"rendered":"https:\/\/beautycharm.lt\/?post_type=product&#038;p=2373"},"modified":"2025-10-02T20:50:48","modified_gmt":"2025-10-02T17:50:48","slug":"juliette-armand-juliette-armand-elements-lifting-mask-veido-ir-kaklo-oda-pakelianti-kauke-50ml","status":"publish","type":"product","link":"https:\/\/beautycharm.lt\/en\/product\/juliette-armand-juliette-armand-elements-lifting-mask-veido-ir-kaklo-oda-pakelianti-kauke-50ml\/","title":{"rendered":"JULIETTE ARMAND Juliette Armand Elements Lifting Mask Veido ir kaklo od\u0105 pakelianti kauk\u0117 50ml"},"content":{"rendered":"<p><strong>Kodas: <\/strong><span class=\"editable\">KS95264<\/span><\/p>\n<section class=\"page-product-box page-product-about\">\n<h3 class=\"page-product-heading\">Apra\u0161ymas<\/h3>\n<div class=\"rte\">\n<p>Kauk\u0117 stangrina od\u0105, gerina jos tekst\u016br\u0105, tod\u0117l oda tampa patempta. Raudonasis molis kartu su daugeliu ingredient\u0173 padeda odai atsinaujinti. Jo sud\u0117tyje yra Matrixyl 3000, kuris stimuliuoja kolageno, fibronektino ir hialurono r\u016bg\u0161ties gamyb\u0105 fibroblastuose, i\u0161lygina rauk\u0161les ir stangrina od\u0105. Kadangi jis papildytas &#8222;Liftessence&#8221; (augaliniu geliu), suteikia matom\u0105 ir tiesiogin\u012f pak\u0117limo efekt\u0105. Mentolis akimirksniu suteikia odai gaivumo, v\u0117sos poj\u016bt\u012f.<\/p>\n<ul class=\"more-details-wrap\">\n<li class=\"rte more-details-item clearfix\">\n<div class=\"mdi-title strong\">Naudojimas:<\/div>\n<div class=\"mdi-text\">\n<p>U\u017etepkite stor\u0105 sluoksn\u012f, leiskite i\u0161d\u017ei\u016bti ir nuvalykite vandeniu.<\/p>\n<\/div>\n<\/li>\n<li class=\"rte more-details-item clearfix\">\n<div class=\"mdi-title strong\">Ingredientai:<\/div>\n<div class=\"mdi-text\">Aqua, Kaolin, Magnesium Aluminum Silicate, Titanium Dioxide, Glycerin, Illite, Polysorbate 80, Xanthan Gum, Phenoxyethanol, Butylene Glycol, Hydrogenated Starch Hydrolysate, Caprylyl Glycol, Ethylhexylglycerin, Parfum, Cyathea Cumingii Leaf Extract, Allantoin, Disodium Edta, Tocopheryl Acetate, Cetyl Acetate, Retinyl Palmitate, Menthol, Glycine Soja Oil, Oleyl Acetate, Stearyl Acetate, Carbomer, Sodium Lactate, Polysorbate 20, Cinnamic Acid, Glyceryl Caprylate, Levulinic Acid, Potassium Sorbate, Faex Extract, Sodium Phosphate, Acetylated Lanolin Alcohol, Sodium Levulinate, Palmitoyl Tripeptide-1, Palmitoyl Tetrapeptide-7 The ingredients are constantly updated. Before using a product, please read the list of ingredients on its packaging to ensure they are suitable for your personal use.<\/div>\n<\/li>\n<\/ul>\n<\/div>\n<\/section>\n<p>&nbsp;<\/p>","protected":false},"excerpt":{"rendered":"<p>Kodas: KS95264 Apra\u0161ymas Kauk\u0117 stangrina od\u0105, gerina jos tekst\u016br\u0105, tod\u0117l oda tampa patempta. Raudonasis molis kartu su daugeliu ingredient\u0173 padeda odai atsinaujinti. Jo sud\u0117tyje yra Matrixyl 3000, kuris stimuliuoja kolageno, fibronektino ir hialurono r\u016bg\u0161ties gamyb\u0105 fibroblastuose, i\u0161lygina rauk\u0161les ir stangrina od\u0105. Kadangi jis papildytas &#8222;Liftessence&#8221; (augaliniu geliu), suteikia matom\u0105 ir tiesiogin\u012f pak\u0117limo efekt\u0105. Mentolis akimirksniu<\/p>\n<div class=\"klb-readmore entry-button\"><a class=\"button light alt medium\" href=\"https:\/\/beautycharm.lt\/en\/product\/juliette-armand-juliette-armand-elements-lifting-mask-veido-ir-kaklo-oda-pakelianti-kauke-50ml\/\">Read More<\/a><\/div>","protected":false},"featured_media":2374,"comment_status":"open","ping_status":"closed","template":"","meta":{"inline_featured_image":false},"product_brand":[229],"product_cat":[120,122,136],"product_tag":[228,232,217],"class_list":{"0":"post-2373","1":"product","2":"type-product","3":"status-publish","4":"has-post-thumbnail","6":"product_brand-juliette-armand","7":"product_cat-moterims-lt","8":"product_cat-odos-prieziuros-priemones","9":"product_cat-veido-kaukes","10":"product_tag-juliette-armand","11":"product_tag-liftingas","12":"product_tag-veido-kauke","14":"first","15":"instock","16":"shipping-taxable","17":"purchasable","18":"product-type-simple"},"yoast_head":"<!-- This site is optimized with the Yoast SEO plugin v27.4 - https:\/\/yoast.com\/product\/yoast-seo-wordpress\/ -->\n<title>JULIETTE ARMAND Juliette Armand Elements Lifting Mask Veido ir kaklo od\u0105 pakelianti kauk\u0117 50ml - Beauty Charm<\/title>\n<meta name=\"robots\" content=\"index, follow, max-snippet:-1, max-image-preview:large, max-video-preview:-1\" \/>\n<link rel=\"canonical\" href=\"https:\/\/beautycharm.lt\/en\/product\/juliette-armand-juliette-armand-elements-lifting-mask-veido-ir-kaklo-oda-pakelianti-kauke-50ml\/\" \/>\n<meta property=\"og:locale\" content=\"en_US\" \/>\n<meta property=\"og:type\" content=\"article\" \/>\n<meta property=\"og:title\" content=\"JULIETTE ARMAND Juliette Armand Elements Lifting Mask Veido ir kaklo od\u0105 pakelianti kauk\u0117 50ml - Beauty Charm\" \/>\n<meta property=\"og:description\" content=\"Kodas: KS95264 Apra\u0161ymas Kauk\u0117 stangrina od\u0105, gerina jos tekst\u016br\u0105, tod\u0117l oda tampa patempta. Raudonasis molis kartu su daugeliu ingredient\u0173 padeda odai atsinaujinti. Jo sud\u0117tyje yra Matrixyl 3000, kuris stimuliuoja kolageno, fibronektino ir hialurono r\u016bg\u0161ties gamyb\u0105 fibroblastuose, i\u0161lygina rauk\u0161les ir stangrina od\u0105. Kadangi jis papildytas &#8222;Liftessence&#8221; (augaliniu geliu), suteikia matom\u0105 ir tiesiogin\u012f pak\u0117limo efekt\u0105. Mentolis akimirksniuRead More\" \/>\n<meta property=\"og:url\" content=\"https:\/\/beautycharm.lt\/en\/product\/juliette-armand-juliette-armand-elements-lifting-mask-veido-ir-kaklo-oda-pakelianti-kauke-50ml\/\" \/>\n<meta property=\"og:site_name\" content=\"Beauty Charm\" \/>\n<meta property=\"article:publisher\" content=\"https:\/\/www.facebook.com\/faceandbodylines\/\" \/>\n<meta property=\"article:modified_time\" content=\"2025-10-02T17:50:48+00:00\" \/>\n<meta property=\"og:image\" content=\"https:\/\/beautycharm.lt\/wp-content\/uploads\/2025\/10\/juliette-armand-elements-lifting-mask-veido-ir-kaklo-oda-pakelianti-kauke.jpeg\" \/>\n\t<meta property=\"og:image:width\" content=\"500\" \/>\n\t<meta property=\"og:image:height\" content=\"500\" \/>\n\t<meta property=\"og:image:type\" content=\"image\/jpeg\" \/>\n<meta name=\"twitter:card\" content=\"summary_large_image\" \/>\n<meta name=\"twitter:label1\" content=\"Est. reading time\" \/>\n\t<meta name=\"twitter:data1\" content=\"1 minute\" \/>\n<script type=\"application\/ld+json\" class=\"yoast-schema-graph\">{\"@context\":\"https:\\\/\\\/schema.org\",\"@graph\":[{\"@type\":\"WebPage\",\"@id\":\"https:\\\/\\\/beautycharm.lt\\\/produktas\\\/juliette-armand-juliette-armand-elements-lifting-mask-veido-ir-kaklo-oda-pakelianti-kauke-50ml\\\/\",\"url\":\"https:\\\/\\\/beautycharm.lt\\\/produktas\\\/juliette-armand-juliette-armand-elements-lifting-mask-veido-ir-kaklo-oda-pakelianti-kauke-50ml\\\/\",\"name\":\"JULIETTE ARMAND Juliette Armand Elements Lifting Mask Veido ir kaklo od\u0105 pakelianti kauk\u0117 50ml - Beauty Charm\",\"isPartOf\":{\"@id\":\"https:\\\/\\\/beautycharm.lt\\\/#website\"},\"primaryImageOfPage\":{\"@id\":\"https:\\\/\\\/beautycharm.lt\\\/produktas\\\/juliette-armand-juliette-armand-elements-lifting-mask-veido-ir-kaklo-oda-pakelianti-kauke-50ml\\\/#primaryimage\"},\"image\":{\"@id\":\"https:\\\/\\\/beautycharm.lt\\\/produktas\\\/juliette-armand-juliette-armand-elements-lifting-mask-veido-ir-kaklo-oda-pakelianti-kauke-50ml\\\/#primaryimage\"},\"thumbnailUrl\":\"https:\\\/\\\/beautycharm.lt\\\/wp-content\\\/uploads\\\/2025\\\/10\\\/juliette-armand-elements-lifting-mask-veido-ir-kaklo-oda-pakelianti-kauke.jpeg\",\"datePublished\":\"2025-10-02T17:50:47+00:00\",\"dateModified\":\"2025-10-02T17:50:48+00:00\",\"breadcrumb\":{\"@id\":\"https:\\\/\\\/beautycharm.lt\\\/produktas\\\/juliette-armand-juliette-armand-elements-lifting-mask-veido-ir-kaklo-oda-pakelianti-kauke-50ml\\\/#breadcrumb\"},\"inLanguage\":\"en-US\",\"potentialAction\":[{\"@type\":\"ReadAction\",\"target\":[\"https:\\\/\\\/beautycharm.lt\\\/produktas\\\/juliette-armand-juliette-armand-elements-lifting-mask-veido-ir-kaklo-oda-pakelianti-kauke-50ml\\\/\"]}]},{\"@type\":\"ImageObject\",\"inLanguage\":\"en-US\",\"@id\":\"https:\\\/\\\/beautycharm.lt\\\/produktas\\\/juliette-armand-juliette-armand-elements-lifting-mask-veido-ir-kaklo-oda-pakelianti-kauke-50ml\\\/#primaryimage\",\"url\":\"https:\\\/\\\/beautycharm.lt\\\/wp-content\\\/uploads\\\/2025\\\/10\\\/juliette-armand-elements-lifting-mask-veido-ir-kaklo-oda-pakelianti-kauke.jpeg\",\"contentUrl\":\"https:\\\/\\\/beautycharm.lt\\\/wp-content\\\/uploads\\\/2025\\\/10\\\/juliette-armand-elements-lifting-mask-veido-ir-kaklo-oda-pakelianti-kauke.jpeg\",\"width\":500,\"height\":500},{\"@type\":\"BreadcrumbList\",\"@id\":\"https:\\\/\\\/beautycharm.lt\\\/produktas\\\/juliette-armand-juliette-armand-elements-lifting-mask-veido-ir-kaklo-oda-pakelianti-kauke-50ml\\\/#breadcrumb\",\"itemListElement\":[{\"@type\":\"ListItem\",\"position\":1,\"name\":\"Home\",\"item\":\"https:\\\/\\\/beautycharm.lt\\\/\"},{\"@type\":\"ListItem\",\"position\":2,\"name\":\"Parduotuv\u0117\",\"item\":\"https:\\\/\\\/beautycharm.lt\\\/parduotuve\\\/\"},{\"@type\":\"ListItem\",\"position\":3,\"name\":\"JULIETTE ARMAND Juliette Armand Elements Lifting Mask Veido ir kaklo od\u0105 pakelianti kauk\u0117 50ml\"}]},{\"@type\":\"WebSite\",\"@id\":\"https:\\\/\\\/beautycharm.lt\\\/#website\",\"url\":\"https:\\\/\\\/beautycharm.lt\\\/\",\"name\":\"Beauty Charm\",\"description\":\"Odos prie\u017ei\u016bra vyrams ir moterims\",\"publisher\":{\"@id\":\"https:\\\/\\\/beautycharm.lt\\\/#organization\"},\"potentialAction\":[{\"@type\":\"SearchAction\",\"target\":{\"@type\":\"EntryPoint\",\"urlTemplate\":\"https:\\\/\\\/beautycharm.lt\\\/?s={search_term_string}\"},\"query-input\":{\"@type\":\"PropertyValueSpecification\",\"valueRequired\":true,\"valueName\":\"search_term_string\"}}],\"inLanguage\":\"en-US\"},{\"@type\":\"Organization\",\"@id\":\"https:\\\/\\\/beautycharm.lt\\\/#organization\",\"name\":\"Beauty Charm\",\"url\":\"https:\\\/\\\/beautycharm.lt\\\/\",\"logo\":{\"@type\":\"ImageObject\",\"inLanguage\":\"en-US\",\"@id\":\"https:\\\/\\\/beautycharm.lt\\\/#\\\/schema\\\/logo\\\/image\\\/\",\"url\":\"https:\\\/\\\/beautycharm.lt\\\/wp-content\\\/uploads\\\/2025\\\/08\\\/BeautyCharm_t_s-1.svg\",\"contentUrl\":\"https:\\\/\\\/beautycharm.lt\\\/wp-content\\\/uploads\\\/2025\\\/08\\\/BeautyCharm_t_s-1.svg\",\"width\":148,\"height\":64,\"caption\":\"Beauty Charm\"},\"image\":{\"@id\":\"https:\\\/\\\/beautycharm.lt\\\/#\\\/schema\\\/logo\\\/image\\\/\"},\"sameAs\":[\"https:\\\/\\\/www.facebook.com\\\/faceandbodylines\\\/\",\"https:\\\/\\\/www.instagram.com\\\/the_house_of_charm\\\/\"]}]}<\/script>\n<!-- \/ Yoast SEO plugin. -->","yoast_head_json":{"title":"JULIETTE ARMAND Juliette Armand Elements Lifting Mask Veido ir kaklo od\u0105 pakelianti kauk\u0117 50ml - Beauty Charm","robots":{"index":"index","follow":"follow","max-snippet":"max-snippet:-1","max-image-preview":"max-image-preview:large","max-video-preview":"max-video-preview:-1"},"canonical":"https:\/\/beautycharm.lt\/en\/product\/juliette-armand-juliette-armand-elements-lifting-mask-veido-ir-kaklo-oda-pakelianti-kauke-50ml\/","og_locale":"en_US","og_type":"article","og_title":"JULIETTE ARMAND Juliette Armand Elements Lifting Mask Veido ir kaklo od\u0105 pakelianti kauk\u0117 50ml - Beauty Charm","og_description":"Kodas: KS95264 Apra\u0161ymas Kauk\u0117 stangrina od\u0105, gerina jos tekst\u016br\u0105, tod\u0117l oda tampa patempta. Raudonasis molis kartu su daugeliu ingredient\u0173 padeda odai atsinaujinti. Jo sud\u0117tyje yra Matrixyl 3000, kuris stimuliuoja kolageno, fibronektino ir hialurono r\u016bg\u0161ties gamyb\u0105 fibroblastuose, i\u0161lygina rauk\u0161les ir stangrina od\u0105. Kadangi jis papildytas &#8222;Liftessence&#8221; (augaliniu geliu), suteikia matom\u0105 ir tiesiogin\u012f pak\u0117limo efekt\u0105. Mentolis akimirksniuRead More","og_url":"https:\/\/beautycharm.lt\/en\/product\/juliette-armand-juliette-armand-elements-lifting-mask-veido-ir-kaklo-oda-pakelianti-kauke-50ml\/","og_site_name":"Beauty Charm","article_publisher":"https:\/\/www.facebook.com\/faceandbodylines\/","article_modified_time":"2025-10-02T17:50:48+00:00","og_image":[{"width":500,"height":500,"url":"https:\/\/beautycharm.lt\/wp-content\/uploads\/2025\/10\/juliette-armand-elements-lifting-mask-veido-ir-kaklo-oda-pakelianti-kauke.jpeg","type":"image\/jpeg"}],"twitter_card":"summary_large_image","twitter_misc":{"Est. reading time":"1 minute"},"schema":{"@context":"https:\/\/schema.org","@graph":[{"@type":"WebPage","@id":"https:\/\/beautycharm.lt\/produktas\/juliette-armand-juliette-armand-elements-lifting-mask-veido-ir-kaklo-oda-pakelianti-kauke-50ml\/","url":"https:\/\/beautycharm.lt\/produktas\/juliette-armand-juliette-armand-elements-lifting-mask-veido-ir-kaklo-oda-pakelianti-kauke-50ml\/","name":"JULIETTE ARMAND Juliette Armand Elements Lifting Mask Veido ir kaklo od\u0105 pakelianti kauk\u0117 50ml - Beauty Charm","isPartOf":{"@id":"https:\/\/beautycharm.lt\/#website"},"primaryImageOfPage":{"@id":"https:\/\/beautycharm.lt\/produktas\/juliette-armand-juliette-armand-elements-lifting-mask-veido-ir-kaklo-oda-pakelianti-kauke-50ml\/#primaryimage"},"image":{"@id":"https:\/\/beautycharm.lt\/produktas\/juliette-armand-juliette-armand-elements-lifting-mask-veido-ir-kaklo-oda-pakelianti-kauke-50ml\/#primaryimage"},"thumbnailUrl":"https:\/\/beautycharm.lt\/wp-content\/uploads\/2025\/10\/juliette-armand-elements-lifting-mask-veido-ir-kaklo-oda-pakelianti-kauke.jpeg","datePublished":"2025-10-02T17:50:47+00:00","dateModified":"2025-10-02T17:50:48+00:00","breadcrumb":{"@id":"https:\/\/beautycharm.lt\/produktas\/juliette-armand-juliette-armand-elements-lifting-mask-veido-ir-kaklo-oda-pakelianti-kauke-50ml\/#breadcrumb"},"inLanguage":"en-US","potentialAction":[{"@type":"ReadAction","target":["https:\/\/beautycharm.lt\/produktas\/juliette-armand-juliette-armand-elements-lifting-mask-veido-ir-kaklo-oda-pakelianti-kauke-50ml\/"]}]},{"@type":"ImageObject","inLanguage":"en-US","@id":"https:\/\/beautycharm.lt\/produktas\/juliette-armand-juliette-armand-elements-lifting-mask-veido-ir-kaklo-oda-pakelianti-kauke-50ml\/#primaryimage","url":"https:\/\/beautycharm.lt\/wp-content\/uploads\/2025\/10\/juliette-armand-elements-lifting-mask-veido-ir-kaklo-oda-pakelianti-kauke.jpeg","contentUrl":"https:\/\/beautycharm.lt\/wp-content\/uploads\/2025\/10\/juliette-armand-elements-lifting-mask-veido-ir-kaklo-oda-pakelianti-kauke.jpeg","width":500,"height":500},{"@type":"BreadcrumbList","@id":"https:\/\/beautycharm.lt\/produktas\/juliette-armand-juliette-armand-elements-lifting-mask-veido-ir-kaklo-oda-pakelianti-kauke-50ml\/#breadcrumb","itemListElement":[{"@type":"ListItem","position":1,"name":"Home","item":"https:\/\/beautycharm.lt\/"},{"@type":"ListItem","position":2,"name":"Parduotuv\u0117","item":"https:\/\/beautycharm.lt\/parduotuve\/"},{"@type":"ListItem","position":3,"name":"JULIETTE ARMAND Juliette Armand Elements Lifting Mask Veido ir kaklo od\u0105 pakelianti kauk\u0117 50ml"}]},{"@type":"WebSite","@id":"https:\/\/beautycharm.lt\/#website","url":"https:\/\/beautycharm.lt\/","name":"Beauty Charm","description":"Odos prie\u017ei\u016bra vyrams ir moterims","publisher":{"@id":"https:\/\/beautycharm.lt\/#organization"},"potentialAction":[{"@type":"SearchAction","target":{"@type":"EntryPoint","urlTemplate":"https:\/\/beautycharm.lt\/?s={search_term_string}"},"query-input":{"@type":"PropertyValueSpecification","valueRequired":true,"valueName":"search_term_string"}}],"inLanguage":"en-US"},{"@type":"Organization","@id":"https:\/\/beautycharm.lt\/#organization","name":"Beauty Charm","url":"https:\/\/beautycharm.lt\/","logo":{"@type":"ImageObject","inLanguage":"en-US","@id":"https:\/\/beautycharm.lt\/#\/schema\/logo\/image\/","url":"https:\/\/beautycharm.lt\/wp-content\/uploads\/2025\/08\/BeautyCharm_t_s-1.svg","contentUrl":"https:\/\/beautycharm.lt\/wp-content\/uploads\/2025\/08\/BeautyCharm_t_s-1.svg","width":148,"height":64,"caption":"Beauty Charm"},"image":{"@id":"https:\/\/beautycharm.lt\/#\/schema\/logo\/image\/"},"sameAs":["https:\/\/www.facebook.com\/faceandbodylines\/","https:\/\/www.instagram.com\/the_house_of_charm\/"]}]}},"_links":{"self":[{"href":"https:\/\/beautycharm.lt\/en\/wp-json\/wp\/v2\/product\/2373","targetHints":{"allow":["GET"]}}],"collection":[{"href":"https:\/\/beautycharm.lt\/en\/wp-json\/wp\/v2\/product"}],"about":[{"href":"https:\/\/beautycharm.lt\/en\/wp-json\/wp\/v2\/types\/product"}],"replies":[{"embeddable":true,"href":"https:\/\/beautycharm.lt\/en\/wp-json\/wp\/v2\/comments?post=2373"}],"wp:featuredmedia":[{"embeddable":true,"href":"https:\/\/beautycharm.lt\/en\/wp-json\/wp\/v2\/media\/2374"}],"wp:attachment":[{"href":"https:\/\/beautycharm.lt\/en\/wp-json\/wp\/v2\/media?parent=2373"}],"wp:term":[{"taxonomy":"product_brand","embeddable":true,"href":"https:\/\/beautycharm.lt\/en\/wp-json\/wp\/v2\/product_brand?post=2373"},{"taxonomy":"product_cat","embeddable":true,"href":"https:\/\/beautycharm.lt\/en\/wp-json\/wp\/v2\/product_cat?post=2373"},{"taxonomy":"product_tag","embeddable":true,"href":"https:\/\/beautycharm.lt\/en\/wp-json\/wp\/v2\/product_tag?post=2373"}],"curies":[{"name":"wp","href":"https:\/\/api.w.org\/{rel}","templated":true}]}}