{"id":2367,"date":"2025-10-02T20:31:29","date_gmt":"2025-10-02T17:31:29","guid":{"rendered":"https:\/\/beautycharm.lt\/?post_type=product&#038;p=2367"},"modified":"2025-10-02T20:31:30","modified_gmt":"2025-10-02T17:31:30","slug":"juliette-armand-juliette-armand-elements-lifting-fort-serum-liftinguojantis-ir-stangrinantis-serumas-20ml","status":"publish","type":"product","link":"https:\/\/beautycharm.lt\/en\/product\/juliette-armand-juliette-armand-elements-lifting-fort-serum-liftinguojantis-ir-stangrinantis-serumas-20ml\/","title":{"rendered":"JULIETTE ARMAND Juliette Armand Elements Lifting Fort Serum Liftinguojantis ir stangrinantis serumas 20ml"},"content":{"rendered":"<section class=\"page-product-box page-product-about\">\n<h3 class=\"page-product-heading\">Apra\u0161ymas<\/h3>\n<div class=\"rte\">Juliette Armand Elements Lifting Fort Serum Liftinguojantis ir stangrinantis serumas visiems odos tipams. Stangrina od\u0105, dr\u0117kina ir ma\u017eina smulkias linijas bei rauk\u0161les.VEIKIMAS: stangrina od\u0105, dr\u0117kina ir ma\u017eina smulkias linijas bei rauk\u0161les.<\/p>\n<p>PAGRINDINIAI INGREDIENTAI: osiliftas 4%, phytodermina lifting 4% (dar\u017eovi\u0173 ekstraktas), LMW hialurono r\u016bg\u0161tis<\/p>\n<ul class=\"more-details-wrap\">\n<li class=\"rte more-details-item clearfix\">\n<div class=\"mdi-title strong\">Naudojimas:<\/div>\n<div class=\"mdi-text\">U\u017ela\u0161inkite kelet\u0105 la\u0161\u0173 ant \u0161varios veido odos ir masa\u017euokite kol visi\u0161kai susigers.<\/div>\n<\/li>\n<li class=\"rte more-details-item clearfix\">\n<div class=\"mdi-title strong\">Ingredientai:<\/div>\n<div class=\"mdi-text\">Aqua, Alcohol Denat, Butylene Glycol, Hydroxypropyl Cyclodextrin, Phenoxyethanol, Vp\/va Copolymer, Avena Sativa Kernel Extract, Caprylyl Glycol, Ethylhexylglycerin, Pentylene Glycol, Acrylates\/c10-30 Alkyl Acrylate Crosspolymer, Potassium Hydroxide, Ppg-26-buteth-26, Peg-40 Hydrogenated Castor Oil, Disodium Edta, Sodium Hyaluronate<\/div>\n<\/li>\n<\/ul>\n<p>&nbsp;<\/p>\n<\/div>\n<\/section>","protected":false},"excerpt":{"rendered":"<p>Apra\u0161ymas Juliette Armand Elements Lifting Fort Serum Liftinguojantis ir stangrinantis serumas visiems odos tipams. Stangrina od\u0105, dr\u0117kina ir ma\u017eina smulkias linijas bei rauk\u0161les.VEIKIMAS: stangrina od\u0105, dr\u0117kina ir ma\u017eina smulkias linijas bei rauk\u0161les. PAGRINDINIAI INGREDIENTAI: osiliftas 4%, phytodermina lifting 4% (dar\u017eovi\u0173 ekstraktas), LMW hialurono r\u016bg\u0161tis Naudojimas: U\u017ela\u0161inkite kelet\u0105 la\u0161\u0173 ant \u0161varios veido odos ir masa\u017euokite kol<\/p>\n<div class=\"klb-readmore entry-button\"><a class=\"button light alt medium\" href=\"https:\/\/beautycharm.lt\/en\/product\/juliette-armand-juliette-armand-elements-lifting-fort-serum-liftinguojantis-ir-stangrinantis-serumas-20ml\/\">Read More<\/a><\/div>","protected":false},"featured_media":2368,"comment_status":"open","ping_status":"closed","template":"","meta":{"inline_featured_image":false},"product_brand":[229],"product_cat":[120,122,126],"product_tag":[226,228,222,230],"class_list":{"0":"post-2367","1":"product","2":"type-product","3":"status-publish","4":"has-post-thumbnail","6":"product_brand-juliette-armand","7":"product_cat-moterims-lt","8":"product_cat-odos-prieziuros-priemones","9":"product_cat-veido-serumai","10":"product_tag-jauninamasis-serumas","11":"product_tag-juliette-armand","12":"product_tag-serumas","13":"product_tag-veidui","15":"first","16":"instock","17":"shipping-taxable","18":"purchasable","19":"product-type-simple"},"yoast_head":"<!-- This site is optimized with the Yoast SEO plugin v27.4 - https:\/\/yoast.com\/product\/yoast-seo-wordpress\/ -->\n<title>JULIETTE ARMAND Juliette Armand Elements Lifting Fort Serum Liftinguojantis ir stangrinantis serumas 20ml - Beauty Charm<\/title>\n<meta name=\"robots\" content=\"index, follow, max-snippet:-1, max-image-preview:large, max-video-preview:-1\" \/>\n<link rel=\"canonical\" href=\"https:\/\/beautycharm.lt\/en\/product\/juliette-armand-juliette-armand-elements-lifting-fort-serum-liftinguojantis-ir-stangrinantis-serumas-20ml\/\" \/>\n<meta property=\"og:locale\" content=\"en_US\" \/>\n<meta property=\"og:type\" content=\"article\" \/>\n<meta property=\"og:title\" content=\"JULIETTE ARMAND Juliette Armand Elements Lifting Fort Serum Liftinguojantis ir stangrinantis serumas 20ml - Beauty Charm\" \/>\n<meta property=\"og:description\" content=\"Apra\u0161ymas Juliette Armand Elements Lifting Fort Serum Liftinguojantis ir stangrinantis serumas visiems odos tipams. Stangrina od\u0105, dr\u0117kina ir ma\u017eina smulkias linijas bei rauk\u0161les.VEIKIMAS: stangrina od\u0105, dr\u0117kina ir ma\u017eina smulkias linijas bei rauk\u0161les. PAGRINDINIAI INGREDIENTAI: osiliftas 4%, phytodermina lifting 4% (dar\u017eovi\u0173 ekstraktas), LMW hialurono r\u016bg\u0161tis Naudojimas: U\u017ela\u0161inkite kelet\u0105 la\u0161\u0173 ant \u0161varios veido odos ir masa\u017euokite kolRead More\" \/>\n<meta property=\"og:url\" content=\"https:\/\/beautycharm.lt\/en\/product\/juliette-armand-juliette-armand-elements-lifting-fort-serum-liftinguojantis-ir-stangrinantis-serumas-20ml\/\" \/>\n<meta property=\"og:site_name\" content=\"Beauty Charm\" \/>\n<meta property=\"article:publisher\" content=\"https:\/\/www.facebook.com\/faceandbodylines\/\" \/>\n<meta property=\"article:modified_time\" content=\"2025-10-02T17:31:30+00:00\" \/>\n<meta property=\"og:image\" content=\"https:\/\/beautycharm.lt\/wp-content\/uploads\/2025\/10\/juliette-armand-elements-lifting-fort-serum-liftinguojantis-ir-stangrinantis-serumas-.jpeg\" \/>\n\t<meta property=\"og:image:width\" content=\"500\" \/>\n\t<meta property=\"og:image:height\" content=\"500\" \/>\n\t<meta property=\"og:image:type\" content=\"image\/jpeg\" \/>\n<meta name=\"twitter:card\" content=\"summary_large_image\" \/>\n<meta name=\"twitter:label1\" content=\"Est. reading time\" \/>\n\t<meta name=\"twitter:data1\" content=\"1 minute\" \/>\n<script type=\"application\/ld+json\" class=\"yoast-schema-graph\">{\"@context\":\"https:\\\/\\\/schema.org\",\"@graph\":[{\"@type\":\"WebPage\",\"@id\":\"https:\\\/\\\/beautycharm.lt\\\/produktas\\\/juliette-armand-juliette-armand-elements-lifting-fort-serum-liftinguojantis-ir-stangrinantis-serumas-20ml\\\/\",\"url\":\"https:\\\/\\\/beautycharm.lt\\\/produktas\\\/juliette-armand-juliette-armand-elements-lifting-fort-serum-liftinguojantis-ir-stangrinantis-serumas-20ml\\\/\",\"name\":\"JULIETTE ARMAND Juliette Armand Elements Lifting Fort Serum Liftinguojantis ir stangrinantis serumas 20ml - Beauty Charm\",\"isPartOf\":{\"@id\":\"https:\\\/\\\/beautycharm.lt\\\/#website\"},\"primaryImageOfPage\":{\"@id\":\"https:\\\/\\\/beautycharm.lt\\\/produktas\\\/juliette-armand-juliette-armand-elements-lifting-fort-serum-liftinguojantis-ir-stangrinantis-serumas-20ml\\\/#primaryimage\"},\"image\":{\"@id\":\"https:\\\/\\\/beautycharm.lt\\\/produktas\\\/juliette-armand-juliette-armand-elements-lifting-fort-serum-liftinguojantis-ir-stangrinantis-serumas-20ml\\\/#primaryimage\"},\"thumbnailUrl\":\"https:\\\/\\\/beautycharm.lt\\\/wp-content\\\/uploads\\\/2025\\\/10\\\/juliette-armand-elements-lifting-fort-serum-liftinguojantis-ir-stangrinantis-serumas-.jpeg\",\"datePublished\":\"2025-10-02T17:31:29+00:00\",\"dateModified\":\"2025-10-02T17:31:30+00:00\",\"breadcrumb\":{\"@id\":\"https:\\\/\\\/beautycharm.lt\\\/produktas\\\/juliette-armand-juliette-armand-elements-lifting-fort-serum-liftinguojantis-ir-stangrinantis-serumas-20ml\\\/#breadcrumb\"},\"inLanguage\":\"en-US\",\"potentialAction\":[{\"@type\":\"ReadAction\",\"target\":[\"https:\\\/\\\/beautycharm.lt\\\/produktas\\\/juliette-armand-juliette-armand-elements-lifting-fort-serum-liftinguojantis-ir-stangrinantis-serumas-20ml\\\/\"]}]},{\"@type\":\"ImageObject\",\"inLanguage\":\"en-US\",\"@id\":\"https:\\\/\\\/beautycharm.lt\\\/produktas\\\/juliette-armand-juliette-armand-elements-lifting-fort-serum-liftinguojantis-ir-stangrinantis-serumas-20ml\\\/#primaryimage\",\"url\":\"https:\\\/\\\/beautycharm.lt\\\/wp-content\\\/uploads\\\/2025\\\/10\\\/juliette-armand-elements-lifting-fort-serum-liftinguojantis-ir-stangrinantis-serumas-.jpeg\",\"contentUrl\":\"https:\\\/\\\/beautycharm.lt\\\/wp-content\\\/uploads\\\/2025\\\/10\\\/juliette-armand-elements-lifting-fort-serum-liftinguojantis-ir-stangrinantis-serumas-.jpeg\",\"width\":500,\"height\":500},{\"@type\":\"BreadcrumbList\",\"@id\":\"https:\\\/\\\/beautycharm.lt\\\/produktas\\\/juliette-armand-juliette-armand-elements-lifting-fort-serum-liftinguojantis-ir-stangrinantis-serumas-20ml\\\/#breadcrumb\",\"itemListElement\":[{\"@type\":\"ListItem\",\"position\":1,\"name\":\"Home\",\"item\":\"https:\\\/\\\/beautycharm.lt\\\/\"},{\"@type\":\"ListItem\",\"position\":2,\"name\":\"Parduotuv\u0117\",\"item\":\"https:\\\/\\\/beautycharm.lt\\\/parduotuve\\\/\"},{\"@type\":\"ListItem\",\"position\":3,\"name\":\"JULIETTE ARMAND Juliette Armand Elements Lifting Fort Serum Liftinguojantis ir stangrinantis serumas 20ml\"}]},{\"@type\":\"WebSite\",\"@id\":\"https:\\\/\\\/beautycharm.lt\\\/#website\",\"url\":\"https:\\\/\\\/beautycharm.lt\\\/\",\"name\":\"Beauty Charm\",\"description\":\"Odos prie\u017ei\u016bra vyrams ir moterims\",\"publisher\":{\"@id\":\"https:\\\/\\\/beautycharm.lt\\\/#organization\"},\"potentialAction\":[{\"@type\":\"SearchAction\",\"target\":{\"@type\":\"EntryPoint\",\"urlTemplate\":\"https:\\\/\\\/beautycharm.lt\\\/?s={search_term_string}\"},\"query-input\":{\"@type\":\"PropertyValueSpecification\",\"valueRequired\":true,\"valueName\":\"search_term_string\"}}],\"inLanguage\":\"en-US\"},{\"@type\":\"Organization\",\"@id\":\"https:\\\/\\\/beautycharm.lt\\\/#organization\",\"name\":\"Beauty Charm\",\"url\":\"https:\\\/\\\/beautycharm.lt\\\/\",\"logo\":{\"@type\":\"ImageObject\",\"inLanguage\":\"en-US\",\"@id\":\"https:\\\/\\\/beautycharm.lt\\\/#\\\/schema\\\/logo\\\/image\\\/\",\"url\":\"https:\\\/\\\/beautycharm.lt\\\/wp-content\\\/uploads\\\/2025\\\/08\\\/BeautyCharm_t_s-1.svg\",\"contentUrl\":\"https:\\\/\\\/beautycharm.lt\\\/wp-content\\\/uploads\\\/2025\\\/08\\\/BeautyCharm_t_s-1.svg\",\"width\":148,\"height\":64,\"caption\":\"Beauty Charm\"},\"image\":{\"@id\":\"https:\\\/\\\/beautycharm.lt\\\/#\\\/schema\\\/logo\\\/image\\\/\"},\"sameAs\":[\"https:\\\/\\\/www.facebook.com\\\/faceandbodylines\\\/\",\"https:\\\/\\\/www.instagram.com\\\/the_house_of_charm\\\/\"]}]}<\/script>\n<!-- \/ Yoast SEO plugin. -->","yoast_head_json":{"title":"JULIETTE ARMAND Juliette Armand Elements Lifting Fort Serum Liftinguojantis ir stangrinantis serumas 20ml - Beauty Charm","robots":{"index":"index","follow":"follow","max-snippet":"max-snippet:-1","max-image-preview":"max-image-preview:large","max-video-preview":"max-video-preview:-1"},"canonical":"https:\/\/beautycharm.lt\/en\/product\/juliette-armand-juliette-armand-elements-lifting-fort-serum-liftinguojantis-ir-stangrinantis-serumas-20ml\/","og_locale":"en_US","og_type":"article","og_title":"JULIETTE ARMAND Juliette Armand Elements Lifting Fort Serum Liftinguojantis ir stangrinantis serumas 20ml - Beauty Charm","og_description":"Apra\u0161ymas Juliette Armand Elements Lifting Fort Serum Liftinguojantis ir stangrinantis serumas visiems odos tipams. Stangrina od\u0105, dr\u0117kina ir ma\u017eina smulkias linijas bei rauk\u0161les.VEIKIMAS: stangrina od\u0105, dr\u0117kina ir ma\u017eina smulkias linijas bei rauk\u0161les. PAGRINDINIAI INGREDIENTAI: osiliftas 4%, phytodermina lifting 4% (dar\u017eovi\u0173 ekstraktas), LMW hialurono r\u016bg\u0161tis Naudojimas: U\u017ela\u0161inkite kelet\u0105 la\u0161\u0173 ant \u0161varios veido odos ir masa\u017euokite kolRead More","og_url":"https:\/\/beautycharm.lt\/en\/product\/juliette-armand-juliette-armand-elements-lifting-fort-serum-liftinguojantis-ir-stangrinantis-serumas-20ml\/","og_site_name":"Beauty Charm","article_publisher":"https:\/\/www.facebook.com\/faceandbodylines\/","article_modified_time":"2025-10-02T17:31:30+00:00","og_image":[{"width":500,"height":500,"url":"https:\/\/beautycharm.lt\/wp-content\/uploads\/2025\/10\/juliette-armand-elements-lifting-fort-serum-liftinguojantis-ir-stangrinantis-serumas-.jpeg","type":"image\/jpeg"}],"twitter_card":"summary_large_image","twitter_misc":{"Est. reading time":"1 minute"},"schema":{"@context":"https:\/\/schema.org","@graph":[{"@type":"WebPage","@id":"https:\/\/beautycharm.lt\/produktas\/juliette-armand-juliette-armand-elements-lifting-fort-serum-liftinguojantis-ir-stangrinantis-serumas-20ml\/","url":"https:\/\/beautycharm.lt\/produktas\/juliette-armand-juliette-armand-elements-lifting-fort-serum-liftinguojantis-ir-stangrinantis-serumas-20ml\/","name":"JULIETTE ARMAND Juliette Armand Elements Lifting Fort Serum Liftinguojantis ir stangrinantis serumas 20ml - Beauty Charm","isPartOf":{"@id":"https:\/\/beautycharm.lt\/#website"},"primaryImageOfPage":{"@id":"https:\/\/beautycharm.lt\/produktas\/juliette-armand-juliette-armand-elements-lifting-fort-serum-liftinguojantis-ir-stangrinantis-serumas-20ml\/#primaryimage"},"image":{"@id":"https:\/\/beautycharm.lt\/produktas\/juliette-armand-juliette-armand-elements-lifting-fort-serum-liftinguojantis-ir-stangrinantis-serumas-20ml\/#primaryimage"},"thumbnailUrl":"https:\/\/beautycharm.lt\/wp-content\/uploads\/2025\/10\/juliette-armand-elements-lifting-fort-serum-liftinguojantis-ir-stangrinantis-serumas-.jpeg","datePublished":"2025-10-02T17:31:29+00:00","dateModified":"2025-10-02T17:31:30+00:00","breadcrumb":{"@id":"https:\/\/beautycharm.lt\/produktas\/juliette-armand-juliette-armand-elements-lifting-fort-serum-liftinguojantis-ir-stangrinantis-serumas-20ml\/#breadcrumb"},"inLanguage":"en-US","potentialAction":[{"@type":"ReadAction","target":["https:\/\/beautycharm.lt\/produktas\/juliette-armand-juliette-armand-elements-lifting-fort-serum-liftinguojantis-ir-stangrinantis-serumas-20ml\/"]}]},{"@type":"ImageObject","inLanguage":"en-US","@id":"https:\/\/beautycharm.lt\/produktas\/juliette-armand-juliette-armand-elements-lifting-fort-serum-liftinguojantis-ir-stangrinantis-serumas-20ml\/#primaryimage","url":"https:\/\/beautycharm.lt\/wp-content\/uploads\/2025\/10\/juliette-armand-elements-lifting-fort-serum-liftinguojantis-ir-stangrinantis-serumas-.jpeg","contentUrl":"https:\/\/beautycharm.lt\/wp-content\/uploads\/2025\/10\/juliette-armand-elements-lifting-fort-serum-liftinguojantis-ir-stangrinantis-serumas-.jpeg","width":500,"height":500},{"@type":"BreadcrumbList","@id":"https:\/\/beautycharm.lt\/produktas\/juliette-armand-juliette-armand-elements-lifting-fort-serum-liftinguojantis-ir-stangrinantis-serumas-20ml\/#breadcrumb","itemListElement":[{"@type":"ListItem","position":1,"name":"Home","item":"https:\/\/beautycharm.lt\/"},{"@type":"ListItem","position":2,"name":"Parduotuv\u0117","item":"https:\/\/beautycharm.lt\/parduotuve\/"},{"@type":"ListItem","position":3,"name":"JULIETTE ARMAND Juliette Armand Elements Lifting Fort Serum Liftinguojantis ir stangrinantis serumas 20ml"}]},{"@type":"WebSite","@id":"https:\/\/beautycharm.lt\/#website","url":"https:\/\/beautycharm.lt\/","name":"Beauty Charm","description":"Odos prie\u017ei\u016bra vyrams ir moterims","publisher":{"@id":"https:\/\/beautycharm.lt\/#organization"},"potentialAction":[{"@type":"SearchAction","target":{"@type":"EntryPoint","urlTemplate":"https:\/\/beautycharm.lt\/?s={search_term_string}"},"query-input":{"@type":"PropertyValueSpecification","valueRequired":true,"valueName":"search_term_string"}}],"inLanguage":"en-US"},{"@type":"Organization","@id":"https:\/\/beautycharm.lt\/#organization","name":"Beauty Charm","url":"https:\/\/beautycharm.lt\/","logo":{"@type":"ImageObject","inLanguage":"en-US","@id":"https:\/\/beautycharm.lt\/#\/schema\/logo\/image\/","url":"https:\/\/beautycharm.lt\/wp-content\/uploads\/2025\/08\/BeautyCharm_t_s-1.svg","contentUrl":"https:\/\/beautycharm.lt\/wp-content\/uploads\/2025\/08\/BeautyCharm_t_s-1.svg","width":148,"height":64,"caption":"Beauty Charm"},"image":{"@id":"https:\/\/beautycharm.lt\/#\/schema\/logo\/image\/"},"sameAs":["https:\/\/www.facebook.com\/faceandbodylines\/","https:\/\/www.instagram.com\/the_house_of_charm\/"]}]}},"_links":{"self":[{"href":"https:\/\/beautycharm.lt\/en\/wp-json\/wp\/v2\/product\/2367","targetHints":{"allow":["GET"]}}],"collection":[{"href":"https:\/\/beautycharm.lt\/en\/wp-json\/wp\/v2\/product"}],"about":[{"href":"https:\/\/beautycharm.lt\/en\/wp-json\/wp\/v2\/types\/product"}],"replies":[{"embeddable":true,"href":"https:\/\/beautycharm.lt\/en\/wp-json\/wp\/v2\/comments?post=2367"}],"wp:featuredmedia":[{"embeddable":true,"href":"https:\/\/beautycharm.lt\/en\/wp-json\/wp\/v2\/media\/2368"}],"wp:attachment":[{"href":"https:\/\/beautycharm.lt\/en\/wp-json\/wp\/v2\/media?parent=2367"}],"wp:term":[{"taxonomy":"product_brand","embeddable":true,"href":"https:\/\/beautycharm.lt\/en\/wp-json\/wp\/v2\/product_brand?post=2367"},{"taxonomy":"product_cat","embeddable":true,"href":"https:\/\/beautycharm.lt\/en\/wp-json\/wp\/v2\/product_cat?post=2367"},{"taxonomy":"product_tag","embeddable":true,"href":"https:\/\/beautycharm.lt\/en\/wp-json\/wp\/v2\/product_tag?post=2367"}],"curies":[{"name":"wp","href":"https:\/\/api.w.org\/{rel}","templated":true}]}}