{"id":2364,"date":"2025-10-02T20:24:59","date_gmt":"2025-10-02T17:24:59","guid":{"rendered":"https:\/\/beautycharm.lt\/?post_type=product&#038;p=2364"},"modified":"2025-10-02T20:24:59","modified_gmt":"2025-10-02T17:24:59","slug":"juliette-armand-juliette-armand-elements-folic-acid-b9-serum-jauninantis-serumas-su-folio-rugstimi-20ml","status":"publish","type":"product","link":"https:\/\/beautycharm.lt\/en\/product\/juliette-armand-juliette-armand-elements-folic-acid-b9-serum-jauninantis-serumas-su-folio-rugstimi-20ml\/","title":{"rendered":"JULIETTE ARMAND Juliette Armand Elements Folic Acid (B9) Serum Jauninantis serumas su folio r\u016bg\u0161timi 20ml"},"content":{"rendered":"<h3 class=\"page-product-heading\">Apra\u0161ymas<\/h3>\n<div class=\"rte\">Jauninantis serumas visiems odos tipams. Jis apsaugo od\u0105 nuo ultravioletini\u0173 spinduli\u0173 ir kartu koreguoja odos tr\u016bkumus bei laiko po\u017eymius. Folio r\u016bg\u0161tis, gaunama bakterij\u0173 fermentacijos b\u016bdu (biofermentacija), pasi\u017eymi daugialypiu poveikiu odai. Ji skatina baltym\u0173 apykait\u0105 ir stiprina imunin\u0119 sistem\u0105. Ji gerina ir ma\u017eina odos netobulumus skatindama l\u0105steli\u0173 augim\u0105, taip pat pasi\u017eymi dr\u0117kinamuoju ir antihistamininiu poveikiu.<\/p>\n<div>Veiklieji ingredientai: vitaminas B9 (folio r\u016bg\u0161tis) 3<\/p>\n<ul class=\"more-details-wrap\">\n<li class=\"rte more-details-item clearfix\">\n<div class=\"mdi-title strong\">Naudojimas:<\/div>\n<div class=\"mdi-text\">Nedidel\u012f kiek\u012f tepkite ant \u0161varios odos ir masa\u017euokite, kol \u012fsigers.<\/div>\n<\/li>\n<li class=\"rte more-details-item clearfix\">\n<div class=\"mdi-title strong\">Ingredientai:<\/div>\n<div class=\"mdi-text\">Aqua, Glycerin, Butylene Glycol, Ppg-26-buteth-26, Phenoxyethanol, Peg-40 Hydrogenated Castor Oil, Caprylyl Glycol, Ethylhexylglycerin, Bacillus\/soybean\/folic Acid Ferment Extract, Glyceryl Polyacrylate, Glyceryl Acrylate\/ Acrylic Acid Copolymer, Acrylates\/c10-30 Alkyl Acrylate Crosspolymer, Arginine, Pvm\/ma Copolymer, 1,2-hexanediol, Sodium Hyaluronate.<\/div>\n<\/li>\n<\/ul>\n<\/div>\n<div><\/div>\n<\/div>","protected":false},"excerpt":{"rendered":"<p>Apra\u0161ymas Jauninantis serumas visiems odos tipams. Jis apsaugo od\u0105 nuo ultravioletini\u0173 spinduli\u0173 ir kartu koreguoja odos tr\u016bkumus bei laiko po\u017eymius. Folio r\u016bg\u0161tis, gaunama bakterij\u0173 fermentacijos b\u016bdu (biofermentacija), pasi\u017eymi daugialypiu poveikiu odai. Ji skatina baltym\u0173 apykait\u0105 ir stiprina imunin\u0119 sistem\u0105. Ji gerina ir ma\u017eina odos netobulumus skatindama l\u0105steli\u0173 augim\u0105, taip pat pasi\u017eymi dr\u0117kinamuoju ir antihistamininiu poveikiu.<\/p>\n<div class=\"klb-readmore entry-button\"><a class=\"button light alt medium\" href=\"https:\/\/beautycharm.lt\/en\/product\/juliette-armand-juliette-armand-elements-folic-acid-b9-serum-jauninantis-serumas-su-folio-rugstimi-20ml\/\">Read More<\/a><\/div>","protected":false},"featured_media":2365,"comment_status":"open","ping_status":"closed","template":"","meta":{"inline_featured_image":false},"product_brand":[],"product_cat":[126],"product_tag":[225,226,228,222,227],"class_list":{"0":"post-2364","1":"product","2":"type-product","3":"status-publish","4":"has-post-thumbnail","6":"product_cat-veido-serumai","7":"product_tag-b9","8":"product_tag-jauninamasis-serumas","9":"product_tag-juliette-armand","10":"product_tag-serumas","11":"product_tag-skaistus-veidas","13":"first","14":"instock","15":"shipping-taxable","16":"purchasable","17":"product-type-simple"},"yoast_head":"<!-- This site is optimized with the Yoast SEO plugin v27.4 - https:\/\/yoast.com\/product\/yoast-seo-wordpress\/ -->\n<title>JULIETTE ARMAND Juliette Armand Elements Folic Acid (B9) Serum Jauninantis serumas su folio r\u016bg\u0161timi 20ml - Beauty Charm<\/title>\n<meta name=\"robots\" content=\"index, follow, max-snippet:-1, max-image-preview:large, max-video-preview:-1\" \/>\n<link rel=\"canonical\" href=\"https:\/\/beautycharm.lt\/en\/product\/juliette-armand-juliette-armand-elements-folic-acid-b9-serum-jauninantis-serumas-su-folio-rugstimi-20ml\/\" \/>\n<meta property=\"og:locale\" content=\"en_US\" \/>\n<meta property=\"og:type\" content=\"article\" \/>\n<meta property=\"og:title\" content=\"JULIETTE ARMAND Juliette Armand Elements Folic Acid (B9) Serum Jauninantis serumas su folio r\u016bg\u0161timi 20ml - Beauty Charm\" \/>\n<meta property=\"og:description\" content=\"Apra\u0161ymas Jauninantis serumas visiems odos tipams. Jis apsaugo od\u0105 nuo ultravioletini\u0173 spinduli\u0173 ir kartu koreguoja odos tr\u016bkumus bei laiko po\u017eymius. Folio r\u016bg\u0161tis, gaunama bakterij\u0173 fermentacijos b\u016bdu (biofermentacija), pasi\u017eymi daugialypiu poveikiu odai. Ji skatina baltym\u0173 apykait\u0105 ir stiprina imunin\u0119 sistem\u0105. Ji gerina ir ma\u017eina odos netobulumus skatindama l\u0105steli\u0173 augim\u0105, taip pat pasi\u017eymi dr\u0117kinamuoju ir antihistamininiu poveikiu.Read More\" \/>\n<meta property=\"og:url\" content=\"https:\/\/beautycharm.lt\/en\/product\/juliette-armand-juliette-armand-elements-folic-acid-b9-serum-jauninantis-serumas-su-folio-rugstimi-20ml\/\" \/>\n<meta property=\"og:site_name\" content=\"Beauty Charm\" \/>\n<meta property=\"article:publisher\" content=\"https:\/\/www.facebook.com\/faceandbodylines\/\" \/>\n<meta property=\"og:image\" content=\"https:\/\/beautycharm.lt\/wp-content\/uploads\/2025\/10\/juliette-armand-elements-folic-acid-b9-serum-jauninantis-serumas-su-folio-rugstimi.jpeg\" \/>\n\t<meta property=\"og:image:width\" content=\"500\" \/>\n\t<meta property=\"og:image:height\" content=\"500\" \/>\n\t<meta property=\"og:image:type\" content=\"image\/jpeg\" \/>\n<meta name=\"twitter:card\" content=\"summary_large_image\" \/>\n<meta name=\"twitter:label1\" content=\"Est. reading time\" \/>\n\t<meta name=\"twitter:data1\" content=\"1 minute\" \/>\n<script type=\"application\/ld+json\" class=\"yoast-schema-graph\">{\"@context\":\"https:\\\/\\\/schema.org\",\"@graph\":[{\"@type\":\"WebPage\",\"@id\":\"https:\\\/\\\/beautycharm.lt\\\/produktas\\\/juliette-armand-juliette-armand-elements-folic-acid-b9-serum-jauninantis-serumas-su-folio-rugstimi-20ml\\\/\",\"url\":\"https:\\\/\\\/beautycharm.lt\\\/produktas\\\/juliette-armand-juliette-armand-elements-folic-acid-b9-serum-jauninantis-serumas-su-folio-rugstimi-20ml\\\/\",\"name\":\"JULIETTE ARMAND Juliette Armand Elements Folic Acid (B9) Serum Jauninantis serumas su folio r\u016bg\u0161timi 20ml - Beauty Charm\",\"isPartOf\":{\"@id\":\"https:\\\/\\\/beautycharm.lt\\\/#website\"},\"primaryImageOfPage\":{\"@id\":\"https:\\\/\\\/beautycharm.lt\\\/produktas\\\/juliette-armand-juliette-armand-elements-folic-acid-b9-serum-jauninantis-serumas-su-folio-rugstimi-20ml\\\/#primaryimage\"},\"image\":{\"@id\":\"https:\\\/\\\/beautycharm.lt\\\/produktas\\\/juliette-armand-juliette-armand-elements-folic-acid-b9-serum-jauninantis-serumas-su-folio-rugstimi-20ml\\\/#primaryimage\"},\"thumbnailUrl\":\"https:\\\/\\\/beautycharm.lt\\\/wp-content\\\/uploads\\\/2025\\\/10\\\/juliette-armand-elements-folic-acid-b9-serum-jauninantis-serumas-su-folio-rugstimi.jpeg\",\"datePublished\":\"2025-10-02T17:24:59+00:00\",\"breadcrumb\":{\"@id\":\"https:\\\/\\\/beautycharm.lt\\\/produktas\\\/juliette-armand-juliette-armand-elements-folic-acid-b9-serum-jauninantis-serumas-su-folio-rugstimi-20ml\\\/#breadcrumb\"},\"inLanguage\":\"en-US\",\"potentialAction\":[{\"@type\":\"ReadAction\",\"target\":[\"https:\\\/\\\/beautycharm.lt\\\/produktas\\\/juliette-armand-juliette-armand-elements-folic-acid-b9-serum-jauninantis-serumas-su-folio-rugstimi-20ml\\\/\"]}]},{\"@type\":\"ImageObject\",\"inLanguage\":\"en-US\",\"@id\":\"https:\\\/\\\/beautycharm.lt\\\/produktas\\\/juliette-armand-juliette-armand-elements-folic-acid-b9-serum-jauninantis-serumas-su-folio-rugstimi-20ml\\\/#primaryimage\",\"url\":\"https:\\\/\\\/beautycharm.lt\\\/wp-content\\\/uploads\\\/2025\\\/10\\\/juliette-armand-elements-folic-acid-b9-serum-jauninantis-serumas-su-folio-rugstimi.jpeg\",\"contentUrl\":\"https:\\\/\\\/beautycharm.lt\\\/wp-content\\\/uploads\\\/2025\\\/10\\\/juliette-armand-elements-folic-acid-b9-serum-jauninantis-serumas-su-folio-rugstimi.jpeg\",\"width\":500,\"height\":500},{\"@type\":\"BreadcrumbList\",\"@id\":\"https:\\\/\\\/beautycharm.lt\\\/produktas\\\/juliette-armand-juliette-armand-elements-folic-acid-b9-serum-jauninantis-serumas-su-folio-rugstimi-20ml\\\/#breadcrumb\",\"itemListElement\":[{\"@type\":\"ListItem\",\"position\":1,\"name\":\"Home\",\"item\":\"https:\\\/\\\/beautycharm.lt\\\/\"},{\"@type\":\"ListItem\",\"position\":2,\"name\":\"Parduotuv\u0117\",\"item\":\"https:\\\/\\\/beautycharm.lt\\\/parduotuve\\\/\"},{\"@type\":\"ListItem\",\"position\":3,\"name\":\"JULIETTE ARMAND Juliette Armand Elements Folic Acid (B9) Serum Jauninantis serumas su folio r\u016bg\u0161timi 20ml\"}]},{\"@type\":\"WebSite\",\"@id\":\"https:\\\/\\\/beautycharm.lt\\\/#website\",\"url\":\"https:\\\/\\\/beautycharm.lt\\\/\",\"name\":\"Beauty Charm\",\"description\":\"Odos prie\u017ei\u016bra vyrams ir moterims\",\"publisher\":{\"@id\":\"https:\\\/\\\/beautycharm.lt\\\/#organization\"},\"potentialAction\":[{\"@type\":\"SearchAction\",\"target\":{\"@type\":\"EntryPoint\",\"urlTemplate\":\"https:\\\/\\\/beautycharm.lt\\\/?s={search_term_string}\"},\"query-input\":{\"@type\":\"PropertyValueSpecification\",\"valueRequired\":true,\"valueName\":\"search_term_string\"}}],\"inLanguage\":\"en-US\"},{\"@type\":\"Organization\",\"@id\":\"https:\\\/\\\/beautycharm.lt\\\/#organization\",\"name\":\"Beauty Charm\",\"url\":\"https:\\\/\\\/beautycharm.lt\\\/\",\"logo\":{\"@type\":\"ImageObject\",\"inLanguage\":\"en-US\",\"@id\":\"https:\\\/\\\/beautycharm.lt\\\/#\\\/schema\\\/logo\\\/image\\\/\",\"url\":\"https:\\\/\\\/beautycharm.lt\\\/wp-content\\\/uploads\\\/2025\\\/08\\\/BeautyCharm_t_s-1.svg\",\"contentUrl\":\"https:\\\/\\\/beautycharm.lt\\\/wp-content\\\/uploads\\\/2025\\\/08\\\/BeautyCharm_t_s-1.svg\",\"width\":148,\"height\":64,\"caption\":\"Beauty Charm\"},\"image\":{\"@id\":\"https:\\\/\\\/beautycharm.lt\\\/#\\\/schema\\\/logo\\\/image\\\/\"},\"sameAs\":[\"https:\\\/\\\/www.facebook.com\\\/faceandbodylines\\\/\",\"https:\\\/\\\/www.instagram.com\\\/the_house_of_charm\\\/\"]}]}<\/script>\n<!-- \/ Yoast SEO plugin. -->","yoast_head_json":{"title":"JULIETTE ARMAND Juliette Armand Elements Folic Acid (B9) Serum Jauninantis serumas su folio r\u016bg\u0161timi 20ml - Beauty Charm","robots":{"index":"index","follow":"follow","max-snippet":"max-snippet:-1","max-image-preview":"max-image-preview:large","max-video-preview":"max-video-preview:-1"},"canonical":"https:\/\/beautycharm.lt\/en\/product\/juliette-armand-juliette-armand-elements-folic-acid-b9-serum-jauninantis-serumas-su-folio-rugstimi-20ml\/","og_locale":"en_US","og_type":"article","og_title":"JULIETTE ARMAND Juliette Armand Elements Folic Acid (B9) Serum Jauninantis serumas su folio r\u016bg\u0161timi 20ml - Beauty Charm","og_description":"Apra\u0161ymas Jauninantis serumas visiems odos tipams. Jis apsaugo od\u0105 nuo ultravioletini\u0173 spinduli\u0173 ir kartu koreguoja odos tr\u016bkumus bei laiko po\u017eymius. Folio r\u016bg\u0161tis, gaunama bakterij\u0173 fermentacijos b\u016bdu (biofermentacija), pasi\u017eymi daugialypiu poveikiu odai. Ji skatina baltym\u0173 apykait\u0105 ir stiprina imunin\u0119 sistem\u0105. Ji gerina ir ma\u017eina odos netobulumus skatindama l\u0105steli\u0173 augim\u0105, taip pat pasi\u017eymi dr\u0117kinamuoju ir antihistamininiu poveikiu.Read More","og_url":"https:\/\/beautycharm.lt\/en\/product\/juliette-armand-juliette-armand-elements-folic-acid-b9-serum-jauninantis-serumas-su-folio-rugstimi-20ml\/","og_site_name":"Beauty Charm","article_publisher":"https:\/\/www.facebook.com\/faceandbodylines\/","og_image":[{"width":500,"height":500,"url":"https:\/\/beautycharm.lt\/wp-content\/uploads\/2025\/10\/juliette-armand-elements-folic-acid-b9-serum-jauninantis-serumas-su-folio-rugstimi.jpeg","type":"image\/jpeg"}],"twitter_card":"summary_large_image","twitter_misc":{"Est. reading time":"1 minute"},"schema":{"@context":"https:\/\/schema.org","@graph":[{"@type":"WebPage","@id":"https:\/\/beautycharm.lt\/produktas\/juliette-armand-juliette-armand-elements-folic-acid-b9-serum-jauninantis-serumas-su-folio-rugstimi-20ml\/","url":"https:\/\/beautycharm.lt\/produktas\/juliette-armand-juliette-armand-elements-folic-acid-b9-serum-jauninantis-serumas-su-folio-rugstimi-20ml\/","name":"JULIETTE ARMAND Juliette Armand Elements Folic Acid (B9) Serum Jauninantis serumas su folio r\u016bg\u0161timi 20ml - Beauty Charm","isPartOf":{"@id":"https:\/\/beautycharm.lt\/#website"},"primaryImageOfPage":{"@id":"https:\/\/beautycharm.lt\/produktas\/juliette-armand-juliette-armand-elements-folic-acid-b9-serum-jauninantis-serumas-su-folio-rugstimi-20ml\/#primaryimage"},"image":{"@id":"https:\/\/beautycharm.lt\/produktas\/juliette-armand-juliette-armand-elements-folic-acid-b9-serum-jauninantis-serumas-su-folio-rugstimi-20ml\/#primaryimage"},"thumbnailUrl":"https:\/\/beautycharm.lt\/wp-content\/uploads\/2025\/10\/juliette-armand-elements-folic-acid-b9-serum-jauninantis-serumas-su-folio-rugstimi.jpeg","datePublished":"2025-10-02T17:24:59+00:00","breadcrumb":{"@id":"https:\/\/beautycharm.lt\/produktas\/juliette-armand-juliette-armand-elements-folic-acid-b9-serum-jauninantis-serumas-su-folio-rugstimi-20ml\/#breadcrumb"},"inLanguage":"en-US","potentialAction":[{"@type":"ReadAction","target":["https:\/\/beautycharm.lt\/produktas\/juliette-armand-juliette-armand-elements-folic-acid-b9-serum-jauninantis-serumas-su-folio-rugstimi-20ml\/"]}]},{"@type":"ImageObject","inLanguage":"en-US","@id":"https:\/\/beautycharm.lt\/produktas\/juliette-armand-juliette-armand-elements-folic-acid-b9-serum-jauninantis-serumas-su-folio-rugstimi-20ml\/#primaryimage","url":"https:\/\/beautycharm.lt\/wp-content\/uploads\/2025\/10\/juliette-armand-elements-folic-acid-b9-serum-jauninantis-serumas-su-folio-rugstimi.jpeg","contentUrl":"https:\/\/beautycharm.lt\/wp-content\/uploads\/2025\/10\/juliette-armand-elements-folic-acid-b9-serum-jauninantis-serumas-su-folio-rugstimi.jpeg","width":500,"height":500},{"@type":"BreadcrumbList","@id":"https:\/\/beautycharm.lt\/produktas\/juliette-armand-juliette-armand-elements-folic-acid-b9-serum-jauninantis-serumas-su-folio-rugstimi-20ml\/#breadcrumb","itemListElement":[{"@type":"ListItem","position":1,"name":"Home","item":"https:\/\/beautycharm.lt\/"},{"@type":"ListItem","position":2,"name":"Parduotuv\u0117","item":"https:\/\/beautycharm.lt\/parduotuve\/"},{"@type":"ListItem","position":3,"name":"JULIETTE ARMAND Juliette Armand Elements Folic Acid (B9) Serum Jauninantis serumas su folio r\u016bg\u0161timi 20ml"}]},{"@type":"WebSite","@id":"https:\/\/beautycharm.lt\/#website","url":"https:\/\/beautycharm.lt\/","name":"Beauty Charm","description":"Odos prie\u017ei\u016bra vyrams ir moterims","publisher":{"@id":"https:\/\/beautycharm.lt\/#organization"},"potentialAction":[{"@type":"SearchAction","target":{"@type":"EntryPoint","urlTemplate":"https:\/\/beautycharm.lt\/?s={search_term_string}"},"query-input":{"@type":"PropertyValueSpecification","valueRequired":true,"valueName":"search_term_string"}}],"inLanguage":"en-US"},{"@type":"Organization","@id":"https:\/\/beautycharm.lt\/#organization","name":"Beauty Charm","url":"https:\/\/beautycharm.lt\/","logo":{"@type":"ImageObject","inLanguage":"en-US","@id":"https:\/\/beautycharm.lt\/#\/schema\/logo\/image\/","url":"https:\/\/beautycharm.lt\/wp-content\/uploads\/2025\/08\/BeautyCharm_t_s-1.svg","contentUrl":"https:\/\/beautycharm.lt\/wp-content\/uploads\/2025\/08\/BeautyCharm_t_s-1.svg","width":148,"height":64,"caption":"Beauty Charm"},"image":{"@id":"https:\/\/beautycharm.lt\/#\/schema\/logo\/image\/"},"sameAs":["https:\/\/www.facebook.com\/faceandbodylines\/","https:\/\/www.instagram.com\/the_house_of_charm\/"]}]}},"_links":{"self":[{"href":"https:\/\/beautycharm.lt\/en\/wp-json\/wp\/v2\/product\/2364","targetHints":{"allow":["GET"]}}],"collection":[{"href":"https:\/\/beautycharm.lt\/en\/wp-json\/wp\/v2\/product"}],"about":[{"href":"https:\/\/beautycharm.lt\/en\/wp-json\/wp\/v2\/types\/product"}],"replies":[{"embeddable":true,"href":"https:\/\/beautycharm.lt\/en\/wp-json\/wp\/v2\/comments?post=2364"}],"wp:featuredmedia":[{"embeddable":true,"href":"https:\/\/beautycharm.lt\/en\/wp-json\/wp\/v2\/media\/2365"}],"wp:attachment":[{"href":"https:\/\/beautycharm.lt\/en\/wp-json\/wp\/v2\/media?parent=2364"}],"wp:term":[{"taxonomy":"product_brand","embeddable":true,"href":"https:\/\/beautycharm.lt\/en\/wp-json\/wp\/v2\/product_brand?post=2364"},{"taxonomy":"product_cat","embeddable":true,"href":"https:\/\/beautycharm.lt\/en\/wp-json\/wp\/v2\/product_cat?post=2364"},{"taxonomy":"product_tag","embeddable":true,"href":"https:\/\/beautycharm.lt\/en\/wp-json\/wp\/v2\/product_tag?post=2364"}],"curies":[{"name":"wp","href":"https:\/\/api.w.org\/{rel}","templated":true}]}}