{"id":2360,"date":"2025-10-02T20:12:22","date_gmt":"2025-10-02T17:12:22","guid":{"rendered":"https:\/\/beautycharm.lt\/?post_type=product&#038;p=2360"},"modified":"2025-10-02T20:12:23","modified_gmt":"2025-10-02T17:12:23","slug":"juliette-armand-juliette-armand-elements-aha-preparation-lotion-veido-losjonas-su-aha-rugstimis-210ml","status":"publish","type":"product","link":"https:\/\/beautycharm.lt\/en\/product\/juliette-armand-juliette-armand-elements-aha-preparation-lotion-veido-losjonas-su-aha-rugstimis-210ml\/","title":{"rendered":"JULIETTE ARMAND Juliette Armand Elements AHA Preparation Lotion Veido losjonas su AHA r\u016bg\u0161timis 210ml"},"content":{"rendered":"<h3 class=\"page-product-heading\">Apra\u0161ymas<\/h3>\n<div class=\"rte\">Elements AHA Preparation Lotion Veido losjonas su AHA r\u016bg\u0161timis atgaivina ir stangrina od\u0105 nesausindamas ir nedirgindamas jos.<\/p>\n<p>Veikimas: atgaivina ir stangrina od\u0105 nesausindamas ir nedirgindamas jos.<br \/>\nPagrindiniai ingredientai: pieno r\u016bg\u0161tis 3%, glikolio r\u016bg\u0161tis 2%, bij\u016bn\u0173 ekstraktas, alantoinas, hamamelio ekstraktas, iramoist lgs, a-bisabololi<\/p>\n<ul class=\"more-details-wrap\">\n<li class=\"rte more-details-item clearfix\">\n<div class=\"mdi-title strong\">Naudojimas:<\/div>\n<div class=\"mdi-text\">Nuvalykite veid\u0105 nedideliu produkto kiekiu, naudodami vatos tampon\u0117lius.<\/div>\n<\/li>\n<li class=\"rte more-details-item clearfix\">\n<div class=\"mdi-title strong\">Ingredientai:<\/div>\n<div class=\"mdi-text\">Aqua, Lactic Acid, Hamamelis Virginiana Leaf Water, Glycolic Acid, Ricinoleth-40, Glycerin, Paeonia Lactiflora Flower Extract, Sodium Hydroxide, Ppg-26-buteth-26, Phenoxyethanol, Peg-40 Hydrogenated Castor Oil, Sodium Lactate, Sodium Pca, Parfum, Caprylyl Glycol, Ethylhexylglycerin, Allantoin, Bisabolol<\/div>\n<\/li>\n<\/ul>\n<\/div>\n<div><\/div>","protected":false},"excerpt":{"rendered":"<p>Apra\u0161ymas Elements AHA Preparation Lotion Veido losjonas su AHA r\u016bg\u0161timis atgaivina ir stangrina od\u0105 nesausindamas ir nedirgindamas jos. Veikimas: atgaivina ir stangrina od\u0105 nesausindamas ir nedirgindamas jos. Pagrindiniai ingredientai: pieno r\u016bg\u0161tis 3%, glikolio r\u016bg\u0161tis 2%, bij\u016bn\u0173 ekstraktas, alantoinas, hamamelio ekstraktas, iramoist lgs, a-bisabololi Naudojimas: Nuvalykite veid\u0105 nedideliu produkto kiekiu, naudodami vatos tampon\u0117lius. Ingredientai: Aqua, Lactic<\/p>\n<div class=\"klb-readmore entry-button\"><a class=\"button light alt medium\" href=\"https:\/\/beautycharm.lt\/en\/product\/juliette-armand-juliette-armand-elements-aha-preparation-lotion-veido-losjonas-su-aha-rugstimis-210ml\/\">Read More<\/a><\/div>","protected":false},"featured_media":2361,"comment_status":"open","ping_status":"closed","template":"","meta":{"inline_featured_image":false},"product_brand":[],"product_cat":[122,142],"product_tag":[221],"class_list":{"0":"post-2360","1":"product","2":"type-product","3":"status-publish","4":"has-post-thumbnail","6":"product_cat-odos-prieziuros-priemones","7":"product_cat-veido-prausikliai","8":"product_tag-veido-prausiklis","10":"first","11":"instock","12":"shipping-taxable","13":"purchasable","14":"product-type-simple"},"yoast_head":"<!-- This site is optimized with the Yoast SEO plugin v27.4 - https:\/\/yoast.com\/product\/yoast-seo-wordpress\/ -->\n<title>JULIETTE ARMAND Juliette Armand Elements AHA Preparation Lotion Veido losjonas su AHA r\u016bg\u0161timis 210ml - Beauty Charm<\/title>\n<meta name=\"robots\" content=\"index, follow, max-snippet:-1, max-image-preview:large, max-video-preview:-1\" \/>\n<link rel=\"canonical\" href=\"https:\/\/beautycharm.lt\/en\/product\/juliette-armand-juliette-armand-elements-aha-preparation-lotion-veido-losjonas-su-aha-rugstimis-210ml\/\" \/>\n<meta property=\"og:locale\" content=\"en_US\" \/>\n<meta property=\"og:type\" content=\"article\" \/>\n<meta property=\"og:title\" content=\"JULIETTE ARMAND Juliette Armand Elements AHA Preparation Lotion Veido losjonas su AHA r\u016bg\u0161timis 210ml - Beauty Charm\" \/>\n<meta property=\"og:description\" content=\"Apra\u0161ymas Elements AHA Preparation Lotion Veido losjonas su AHA r\u016bg\u0161timis atgaivina ir stangrina od\u0105 nesausindamas ir nedirgindamas jos. Veikimas: atgaivina ir stangrina od\u0105 nesausindamas ir nedirgindamas jos. Pagrindiniai ingredientai: pieno r\u016bg\u0161tis 3%, glikolio r\u016bg\u0161tis 2%, bij\u016bn\u0173 ekstraktas, alantoinas, hamamelio ekstraktas, iramoist lgs, a-bisabololi Naudojimas: Nuvalykite veid\u0105 nedideliu produkto kiekiu, naudodami vatos tampon\u0117lius. Ingredientai: Aqua, LacticRead More\" \/>\n<meta property=\"og:url\" content=\"https:\/\/beautycharm.lt\/en\/product\/juliette-armand-juliette-armand-elements-aha-preparation-lotion-veido-losjonas-su-aha-rugstimis-210ml\/\" \/>\n<meta property=\"og:site_name\" content=\"Beauty Charm\" \/>\n<meta property=\"article:publisher\" content=\"https:\/\/www.facebook.com\/faceandbodylines\/\" \/>\n<meta property=\"article:modified_time\" content=\"2025-10-02T17:12:23+00:00\" \/>\n<meta property=\"og:image\" content=\"https:\/\/beautycharm.lt\/wp-content\/uploads\/2025\/10\/juliette-armand-elements-aha-preparation-lotion-veido-losjonas-su-aha-rugstimis.jpeg\" \/>\n\t<meta property=\"og:image:width\" content=\"500\" \/>\n\t<meta property=\"og:image:height\" content=\"500\" \/>\n\t<meta property=\"og:image:type\" content=\"image\/jpeg\" \/>\n<meta name=\"twitter:card\" content=\"summary_large_image\" \/>\n<meta name=\"twitter:label1\" content=\"Est. reading time\" \/>\n\t<meta name=\"twitter:data1\" content=\"1 minute\" \/>\n<script type=\"application\/ld+json\" class=\"yoast-schema-graph\">{\"@context\":\"https:\\\/\\\/schema.org\",\"@graph\":[{\"@type\":\"WebPage\",\"@id\":\"https:\\\/\\\/beautycharm.lt\\\/produktas\\\/juliette-armand-juliette-armand-elements-aha-preparation-lotion-veido-losjonas-su-aha-rugstimis-210ml\\\/\",\"url\":\"https:\\\/\\\/beautycharm.lt\\\/produktas\\\/juliette-armand-juliette-armand-elements-aha-preparation-lotion-veido-losjonas-su-aha-rugstimis-210ml\\\/\",\"name\":\"JULIETTE ARMAND Juliette Armand Elements AHA Preparation Lotion Veido losjonas su AHA r\u016bg\u0161timis 210ml - Beauty Charm\",\"isPartOf\":{\"@id\":\"https:\\\/\\\/beautycharm.lt\\\/#website\"},\"primaryImageOfPage\":{\"@id\":\"https:\\\/\\\/beautycharm.lt\\\/produktas\\\/juliette-armand-juliette-armand-elements-aha-preparation-lotion-veido-losjonas-su-aha-rugstimis-210ml\\\/#primaryimage\"},\"image\":{\"@id\":\"https:\\\/\\\/beautycharm.lt\\\/produktas\\\/juliette-armand-juliette-armand-elements-aha-preparation-lotion-veido-losjonas-su-aha-rugstimis-210ml\\\/#primaryimage\"},\"thumbnailUrl\":\"https:\\\/\\\/beautycharm.lt\\\/wp-content\\\/uploads\\\/2025\\\/10\\\/juliette-armand-elements-aha-preparation-lotion-veido-losjonas-su-aha-rugstimis.jpeg\",\"datePublished\":\"2025-10-02T17:12:22+00:00\",\"dateModified\":\"2025-10-02T17:12:23+00:00\",\"breadcrumb\":{\"@id\":\"https:\\\/\\\/beautycharm.lt\\\/produktas\\\/juliette-armand-juliette-armand-elements-aha-preparation-lotion-veido-losjonas-su-aha-rugstimis-210ml\\\/#breadcrumb\"},\"inLanguage\":\"en-US\",\"potentialAction\":[{\"@type\":\"ReadAction\",\"target\":[\"https:\\\/\\\/beautycharm.lt\\\/produktas\\\/juliette-armand-juliette-armand-elements-aha-preparation-lotion-veido-losjonas-su-aha-rugstimis-210ml\\\/\"]}]},{\"@type\":\"ImageObject\",\"inLanguage\":\"en-US\",\"@id\":\"https:\\\/\\\/beautycharm.lt\\\/produktas\\\/juliette-armand-juliette-armand-elements-aha-preparation-lotion-veido-losjonas-su-aha-rugstimis-210ml\\\/#primaryimage\",\"url\":\"https:\\\/\\\/beautycharm.lt\\\/wp-content\\\/uploads\\\/2025\\\/10\\\/juliette-armand-elements-aha-preparation-lotion-veido-losjonas-su-aha-rugstimis.jpeg\",\"contentUrl\":\"https:\\\/\\\/beautycharm.lt\\\/wp-content\\\/uploads\\\/2025\\\/10\\\/juliette-armand-elements-aha-preparation-lotion-veido-losjonas-su-aha-rugstimis.jpeg\",\"width\":500,\"height\":500},{\"@type\":\"BreadcrumbList\",\"@id\":\"https:\\\/\\\/beautycharm.lt\\\/produktas\\\/juliette-armand-juliette-armand-elements-aha-preparation-lotion-veido-losjonas-su-aha-rugstimis-210ml\\\/#breadcrumb\",\"itemListElement\":[{\"@type\":\"ListItem\",\"position\":1,\"name\":\"Home\",\"item\":\"https:\\\/\\\/beautycharm.lt\\\/\"},{\"@type\":\"ListItem\",\"position\":2,\"name\":\"Parduotuv\u0117\",\"item\":\"https:\\\/\\\/beautycharm.lt\\\/parduotuve\\\/\"},{\"@type\":\"ListItem\",\"position\":3,\"name\":\"JULIETTE ARMAND Juliette Armand Elements AHA Preparation Lotion Veido losjonas su AHA r\u016bg\u0161timis 210ml\"}]},{\"@type\":\"WebSite\",\"@id\":\"https:\\\/\\\/beautycharm.lt\\\/#website\",\"url\":\"https:\\\/\\\/beautycharm.lt\\\/\",\"name\":\"Beauty Charm\",\"description\":\"Odos prie\u017ei\u016bra vyrams ir moterims\",\"publisher\":{\"@id\":\"https:\\\/\\\/beautycharm.lt\\\/#organization\"},\"potentialAction\":[{\"@type\":\"SearchAction\",\"target\":{\"@type\":\"EntryPoint\",\"urlTemplate\":\"https:\\\/\\\/beautycharm.lt\\\/?s={search_term_string}\"},\"query-input\":{\"@type\":\"PropertyValueSpecification\",\"valueRequired\":true,\"valueName\":\"search_term_string\"}}],\"inLanguage\":\"en-US\"},{\"@type\":\"Organization\",\"@id\":\"https:\\\/\\\/beautycharm.lt\\\/#organization\",\"name\":\"Beauty Charm\",\"url\":\"https:\\\/\\\/beautycharm.lt\\\/\",\"logo\":{\"@type\":\"ImageObject\",\"inLanguage\":\"en-US\",\"@id\":\"https:\\\/\\\/beautycharm.lt\\\/#\\\/schema\\\/logo\\\/image\\\/\",\"url\":\"https:\\\/\\\/beautycharm.lt\\\/wp-content\\\/uploads\\\/2025\\\/08\\\/BeautyCharm_t_s-1.svg\",\"contentUrl\":\"https:\\\/\\\/beautycharm.lt\\\/wp-content\\\/uploads\\\/2025\\\/08\\\/BeautyCharm_t_s-1.svg\",\"width\":148,\"height\":64,\"caption\":\"Beauty Charm\"},\"image\":{\"@id\":\"https:\\\/\\\/beautycharm.lt\\\/#\\\/schema\\\/logo\\\/image\\\/\"},\"sameAs\":[\"https:\\\/\\\/www.facebook.com\\\/faceandbodylines\\\/\",\"https:\\\/\\\/www.instagram.com\\\/the_house_of_charm\\\/\"]}]}<\/script>\n<!-- \/ Yoast SEO plugin. -->","yoast_head_json":{"title":"JULIETTE ARMAND Juliette Armand Elements AHA Preparation Lotion Veido losjonas su AHA r\u016bg\u0161timis 210ml - Beauty Charm","robots":{"index":"index","follow":"follow","max-snippet":"max-snippet:-1","max-image-preview":"max-image-preview:large","max-video-preview":"max-video-preview:-1"},"canonical":"https:\/\/beautycharm.lt\/en\/product\/juliette-armand-juliette-armand-elements-aha-preparation-lotion-veido-losjonas-su-aha-rugstimis-210ml\/","og_locale":"en_US","og_type":"article","og_title":"JULIETTE ARMAND Juliette Armand Elements AHA Preparation Lotion Veido losjonas su AHA r\u016bg\u0161timis 210ml - Beauty Charm","og_description":"Apra\u0161ymas Elements AHA Preparation Lotion Veido losjonas su AHA r\u016bg\u0161timis atgaivina ir stangrina od\u0105 nesausindamas ir nedirgindamas jos. Veikimas: atgaivina ir stangrina od\u0105 nesausindamas ir nedirgindamas jos. Pagrindiniai ingredientai: pieno r\u016bg\u0161tis 3%, glikolio r\u016bg\u0161tis 2%, bij\u016bn\u0173 ekstraktas, alantoinas, hamamelio ekstraktas, iramoist lgs, a-bisabololi Naudojimas: Nuvalykite veid\u0105 nedideliu produkto kiekiu, naudodami vatos tampon\u0117lius. Ingredientai: Aqua, LacticRead More","og_url":"https:\/\/beautycharm.lt\/en\/product\/juliette-armand-juliette-armand-elements-aha-preparation-lotion-veido-losjonas-su-aha-rugstimis-210ml\/","og_site_name":"Beauty Charm","article_publisher":"https:\/\/www.facebook.com\/faceandbodylines\/","article_modified_time":"2025-10-02T17:12:23+00:00","og_image":[{"width":500,"height":500,"url":"https:\/\/beautycharm.lt\/wp-content\/uploads\/2025\/10\/juliette-armand-elements-aha-preparation-lotion-veido-losjonas-su-aha-rugstimis.jpeg","type":"image\/jpeg"}],"twitter_card":"summary_large_image","twitter_misc":{"Est. reading time":"1 minute"},"schema":{"@context":"https:\/\/schema.org","@graph":[{"@type":"WebPage","@id":"https:\/\/beautycharm.lt\/produktas\/juliette-armand-juliette-armand-elements-aha-preparation-lotion-veido-losjonas-su-aha-rugstimis-210ml\/","url":"https:\/\/beautycharm.lt\/produktas\/juliette-armand-juliette-armand-elements-aha-preparation-lotion-veido-losjonas-su-aha-rugstimis-210ml\/","name":"JULIETTE ARMAND Juliette Armand Elements AHA Preparation Lotion Veido losjonas su AHA r\u016bg\u0161timis 210ml - Beauty Charm","isPartOf":{"@id":"https:\/\/beautycharm.lt\/#website"},"primaryImageOfPage":{"@id":"https:\/\/beautycharm.lt\/produktas\/juliette-armand-juliette-armand-elements-aha-preparation-lotion-veido-losjonas-su-aha-rugstimis-210ml\/#primaryimage"},"image":{"@id":"https:\/\/beautycharm.lt\/produktas\/juliette-armand-juliette-armand-elements-aha-preparation-lotion-veido-losjonas-su-aha-rugstimis-210ml\/#primaryimage"},"thumbnailUrl":"https:\/\/beautycharm.lt\/wp-content\/uploads\/2025\/10\/juliette-armand-elements-aha-preparation-lotion-veido-losjonas-su-aha-rugstimis.jpeg","datePublished":"2025-10-02T17:12:22+00:00","dateModified":"2025-10-02T17:12:23+00:00","breadcrumb":{"@id":"https:\/\/beautycharm.lt\/produktas\/juliette-armand-juliette-armand-elements-aha-preparation-lotion-veido-losjonas-su-aha-rugstimis-210ml\/#breadcrumb"},"inLanguage":"en-US","potentialAction":[{"@type":"ReadAction","target":["https:\/\/beautycharm.lt\/produktas\/juliette-armand-juliette-armand-elements-aha-preparation-lotion-veido-losjonas-su-aha-rugstimis-210ml\/"]}]},{"@type":"ImageObject","inLanguage":"en-US","@id":"https:\/\/beautycharm.lt\/produktas\/juliette-armand-juliette-armand-elements-aha-preparation-lotion-veido-losjonas-su-aha-rugstimis-210ml\/#primaryimage","url":"https:\/\/beautycharm.lt\/wp-content\/uploads\/2025\/10\/juliette-armand-elements-aha-preparation-lotion-veido-losjonas-su-aha-rugstimis.jpeg","contentUrl":"https:\/\/beautycharm.lt\/wp-content\/uploads\/2025\/10\/juliette-armand-elements-aha-preparation-lotion-veido-losjonas-su-aha-rugstimis.jpeg","width":500,"height":500},{"@type":"BreadcrumbList","@id":"https:\/\/beautycharm.lt\/produktas\/juliette-armand-juliette-armand-elements-aha-preparation-lotion-veido-losjonas-su-aha-rugstimis-210ml\/#breadcrumb","itemListElement":[{"@type":"ListItem","position":1,"name":"Home","item":"https:\/\/beautycharm.lt\/"},{"@type":"ListItem","position":2,"name":"Parduotuv\u0117","item":"https:\/\/beautycharm.lt\/parduotuve\/"},{"@type":"ListItem","position":3,"name":"JULIETTE ARMAND Juliette Armand Elements AHA Preparation Lotion Veido losjonas su AHA r\u016bg\u0161timis 210ml"}]},{"@type":"WebSite","@id":"https:\/\/beautycharm.lt\/#website","url":"https:\/\/beautycharm.lt\/","name":"Beauty Charm","description":"Odos prie\u017ei\u016bra vyrams ir moterims","publisher":{"@id":"https:\/\/beautycharm.lt\/#organization"},"potentialAction":[{"@type":"SearchAction","target":{"@type":"EntryPoint","urlTemplate":"https:\/\/beautycharm.lt\/?s={search_term_string}"},"query-input":{"@type":"PropertyValueSpecification","valueRequired":true,"valueName":"search_term_string"}}],"inLanguage":"en-US"},{"@type":"Organization","@id":"https:\/\/beautycharm.lt\/#organization","name":"Beauty Charm","url":"https:\/\/beautycharm.lt\/","logo":{"@type":"ImageObject","inLanguage":"en-US","@id":"https:\/\/beautycharm.lt\/#\/schema\/logo\/image\/","url":"https:\/\/beautycharm.lt\/wp-content\/uploads\/2025\/08\/BeautyCharm_t_s-1.svg","contentUrl":"https:\/\/beautycharm.lt\/wp-content\/uploads\/2025\/08\/BeautyCharm_t_s-1.svg","width":148,"height":64,"caption":"Beauty Charm"},"image":{"@id":"https:\/\/beautycharm.lt\/#\/schema\/logo\/image\/"},"sameAs":["https:\/\/www.facebook.com\/faceandbodylines\/","https:\/\/www.instagram.com\/the_house_of_charm\/"]}]}},"_links":{"self":[{"href":"https:\/\/beautycharm.lt\/en\/wp-json\/wp\/v2\/product\/2360","targetHints":{"allow":["GET"]}}],"collection":[{"href":"https:\/\/beautycharm.lt\/en\/wp-json\/wp\/v2\/product"}],"about":[{"href":"https:\/\/beautycharm.lt\/en\/wp-json\/wp\/v2\/types\/product"}],"replies":[{"embeddable":true,"href":"https:\/\/beautycharm.lt\/en\/wp-json\/wp\/v2\/comments?post=2360"}],"wp:featuredmedia":[{"embeddable":true,"href":"https:\/\/beautycharm.lt\/en\/wp-json\/wp\/v2\/media\/2361"}],"wp:attachment":[{"href":"https:\/\/beautycharm.lt\/en\/wp-json\/wp\/v2\/media?parent=2360"}],"wp:term":[{"taxonomy":"product_brand","embeddable":true,"href":"https:\/\/beautycharm.lt\/en\/wp-json\/wp\/v2\/product_brand?post=2360"},{"taxonomy":"product_cat","embeddable":true,"href":"https:\/\/beautycharm.lt\/en\/wp-json\/wp\/v2\/product_cat?post=2360"},{"taxonomy":"product_tag","embeddable":true,"href":"https:\/\/beautycharm.lt\/en\/wp-json\/wp\/v2\/product_tag?post=2360"}],"curies":[{"name":"wp","href":"https:\/\/api.w.org\/{rel}","templated":true}]}}