{"id":2356,"date":"2025-10-01T15:37:39","date_gmt":"2025-10-01T12:37:39","guid":{"rendered":"https:\/\/beautycharm.lt\/?post_type=product&#038;p=2356"},"modified":"2025-10-01T15:38:50","modified_gmt":"2025-10-01T12:38:50","slug":"storyderm-vitamin-c-brightening-lakstine-skaistinanti-veido-kauke-su-vitaminu-c","status":"publish","type":"product","link":"https:\/\/beautycharm.lt\/en\/product\/storyderm-vitamin-c-brightening-lakstine-skaistinanti-veido-kauke-su-vitaminu-c\/","title":{"rendered":"Storyderm Vitamin C Brightening \u2013 lak\u0161tin\u0117 skaistinanti veido kauk\u0117 su vitaminu C"},"content":{"rendered":"<div class=\"woocommerce-tabs wc-tabs-wrapper\">\n<ul class=\"tabs wc-tabs\" role=\"tablist\">\n<li id=\"tab-title-description\" class=\"description_tab active\"><a tabindex=\"0\" role=\"tab\" href=\"https:\/\/sokratoclinica.lt\/parduotuve\/storyderm-vitamin-c-brightening-lakstine-skaistinanti-veido-kauke-su-vitaminu-c\/#tab-description\" aria-controls=\"tab-description\" aria-selected=\"true\">Apra\u0161ymas<\/a><\/li>\n<\/ul>\n<div id=\"tab-description\" class=\"woocommerce-Tabs-panel woocommerce-Tabs-panel--description panel entry-content wc-tab\" role=\"tabpanel\" aria-labelledby=\"tab-title-description\">\n<p>Kauk\u0117 su vitaminu C, pagaminta naudojant specializuota STORYDERM emulsinimo technologija. Sud\u0117tyje yra greipfrut\u0173 ir acerolos ekstrakto, gausus vitamino C kiekis, kuris skaistina patams\u0117jusi\u0105 ir pigmentuot\u0105 od\u0105\u00a0\u00a0ir bei palaiko odos tonus\u0105. Vitaminas C absorbuojamas \u012f od\u0105 ir skatina kolageno gamyb\u0105. Antioksidantin\u0117s savyb\u0117s padeda suma\u017einti rauk\u0161les, u\u017ekirsti keli\u0105 sen\u0117jimui.<\/p>\n<\/div>\n<\/div>","protected":false},"excerpt":{"rendered":"<p>Apra\u0161ymas Kauk\u0117 su vitaminu C, pagaminta naudojant specializuota STORYDERM emulsinimo technologija. Sud\u0117tyje yra greipfrut\u0173 ir acerolos ekstrakto, gausus vitamino C kiekis, kuris skaistina patams\u0117jusi\u0105 ir pigmentuot\u0105 od\u0105\u00a0\u00a0ir bei palaiko odos tonus\u0105. Vitaminas C absorbuojamas \u012f od\u0105 ir skatina kolageno gamyb\u0105. Antioksidantin\u0117s savyb\u0117s padeda suma\u017einti rauk\u0161les, u\u017ekirsti keli\u0105 sen\u0117jimui.<\/p>","protected":false},"featured_media":2357,"comment_status":"open","ping_status":"closed","template":"","meta":{"inline_featured_image":false},"product_brand":[220],"product_cat":[128,136,124],"product_tag":[],"class_list":{"0":"post-2356","1":"product","2":"type-product","3":"status-publish","4":"has-post-thumbnail","6":"product_brand-storyderm","7":"product_cat-kiti-produktai","8":"product_cat-veido-kaukes","9":"product_cat-veido-prieziuros-priemones","11":"first","12":"instock","13":"shipping-taxable","14":"purchasable","15":"product-type-simple"},"yoast_head":"<!-- This site is optimized with the Yoast SEO plugin v27.4 - https:\/\/yoast.com\/product\/yoast-seo-wordpress\/ -->\n<title>Storyderm Vitamin C Brightening \u2013 lak\u0161tin\u0117 skaistinanti veido kauk\u0117 su vitaminu C - Beauty Charm<\/title>\n<meta name=\"robots\" content=\"index, follow, max-snippet:-1, max-image-preview:large, max-video-preview:-1\" \/>\n<link rel=\"canonical\" href=\"https:\/\/beautycharm.lt\/en\/product\/storyderm-vitamin-c-brightening-lakstine-skaistinanti-veido-kauke-su-vitaminu-c\/\" \/>\n<meta property=\"og:locale\" content=\"en_US\" \/>\n<meta property=\"og:type\" content=\"article\" \/>\n<meta property=\"og:title\" content=\"Storyderm Vitamin C Brightening \u2013 lak\u0161tin\u0117 skaistinanti veido kauk\u0117 su vitaminu C - Beauty Charm\" \/>\n<meta property=\"og:description\" content=\"Apra\u0161ymas Kauk\u0117 su vitaminu C, pagaminta naudojant specializuota STORYDERM emulsinimo technologija. Sud\u0117tyje yra greipfrut\u0173 ir acerolos ekstrakto, gausus vitamino C kiekis, kuris skaistina patams\u0117jusi\u0105 ir pigmentuot\u0105 od\u0105\u00a0\u00a0ir bei palaiko odos tonus\u0105. Vitaminas C absorbuojamas \u012f od\u0105 ir skatina kolageno gamyb\u0105. Antioksidantin\u0117s savyb\u0117s padeda suma\u017einti rauk\u0161les, u\u017ekirsti keli\u0105 sen\u0117jimui.\" \/>\n<meta property=\"og:url\" content=\"https:\/\/beautycharm.lt\/en\/product\/storyderm-vitamin-c-brightening-lakstine-skaistinanti-veido-kauke-su-vitaminu-c\/\" \/>\n<meta property=\"og:site_name\" content=\"Beauty Charm\" \/>\n<meta property=\"article:publisher\" content=\"https:\/\/www.facebook.com\/faceandbodylines\/\" \/>\n<meta property=\"article:modified_time\" content=\"2025-10-01T12:38:50+00:00\" \/>\n<meta property=\"og:image\" content=\"https:\/\/beautycharm.lt\/wp-content\/uploads\/2025\/10\/vitc.jpeg\" \/>\n\t<meta property=\"og:image:width\" content=\"540\" \/>\n\t<meta property=\"og:image:height\" content=\"540\" \/>\n\t<meta property=\"og:image:type\" content=\"image\/jpeg\" \/>\n<meta name=\"twitter:card\" content=\"summary_large_image\" \/>\n<meta name=\"twitter:label1\" content=\"Est. reading time\" \/>\n\t<meta name=\"twitter:data1\" content=\"1 minute\" \/>\n<script type=\"application\/ld+json\" class=\"yoast-schema-graph\">{\"@context\":\"https:\\\/\\\/schema.org\",\"@graph\":[{\"@type\":\"WebPage\",\"@id\":\"https:\\\/\\\/beautycharm.lt\\\/produktas\\\/storyderm-vitamin-c-brightening-lakstine-skaistinanti-veido-kauke-su-vitaminu-c\\\/\",\"url\":\"https:\\\/\\\/beautycharm.lt\\\/produktas\\\/storyderm-vitamin-c-brightening-lakstine-skaistinanti-veido-kauke-su-vitaminu-c\\\/\",\"name\":\"Storyderm Vitamin C Brightening \u2013 lak\u0161tin\u0117 skaistinanti veido kauk\u0117 su vitaminu C - Beauty Charm\",\"isPartOf\":{\"@id\":\"https:\\\/\\\/beautycharm.lt\\\/#website\"},\"primaryImageOfPage\":{\"@id\":\"https:\\\/\\\/beautycharm.lt\\\/produktas\\\/storyderm-vitamin-c-brightening-lakstine-skaistinanti-veido-kauke-su-vitaminu-c\\\/#primaryimage\"},\"image\":{\"@id\":\"https:\\\/\\\/beautycharm.lt\\\/produktas\\\/storyderm-vitamin-c-brightening-lakstine-skaistinanti-veido-kauke-su-vitaminu-c\\\/#primaryimage\"},\"thumbnailUrl\":\"https:\\\/\\\/beautycharm.lt\\\/wp-content\\\/uploads\\\/2025\\\/10\\\/vitc.jpeg\",\"datePublished\":\"2025-10-01T12:37:39+00:00\",\"dateModified\":\"2025-10-01T12:38:50+00:00\",\"breadcrumb\":{\"@id\":\"https:\\\/\\\/beautycharm.lt\\\/produktas\\\/storyderm-vitamin-c-brightening-lakstine-skaistinanti-veido-kauke-su-vitaminu-c\\\/#breadcrumb\"},\"inLanguage\":\"en-US\",\"potentialAction\":[{\"@type\":\"ReadAction\",\"target\":[\"https:\\\/\\\/beautycharm.lt\\\/produktas\\\/storyderm-vitamin-c-brightening-lakstine-skaistinanti-veido-kauke-su-vitaminu-c\\\/\"]}]},{\"@type\":\"ImageObject\",\"inLanguage\":\"en-US\",\"@id\":\"https:\\\/\\\/beautycharm.lt\\\/produktas\\\/storyderm-vitamin-c-brightening-lakstine-skaistinanti-veido-kauke-su-vitaminu-c\\\/#primaryimage\",\"url\":\"https:\\\/\\\/beautycharm.lt\\\/wp-content\\\/uploads\\\/2025\\\/10\\\/vitc.jpeg\",\"contentUrl\":\"https:\\\/\\\/beautycharm.lt\\\/wp-content\\\/uploads\\\/2025\\\/10\\\/vitc.jpeg\",\"width\":540,\"height\":540},{\"@type\":\"BreadcrumbList\",\"@id\":\"https:\\\/\\\/beautycharm.lt\\\/produktas\\\/storyderm-vitamin-c-brightening-lakstine-skaistinanti-veido-kauke-su-vitaminu-c\\\/#breadcrumb\",\"itemListElement\":[{\"@type\":\"ListItem\",\"position\":1,\"name\":\"Home\",\"item\":\"https:\\\/\\\/beautycharm.lt\\\/\"},{\"@type\":\"ListItem\",\"position\":2,\"name\":\"Parduotuv\u0117\",\"item\":\"https:\\\/\\\/beautycharm.lt\\\/parduotuve\\\/\"},{\"@type\":\"ListItem\",\"position\":3,\"name\":\"Storyderm Vitamin C Brightening \u2013 lak\u0161tin\u0117 skaistinanti veido kauk\u0117 su vitaminu C\"}]},{\"@type\":\"WebSite\",\"@id\":\"https:\\\/\\\/beautycharm.lt\\\/#website\",\"url\":\"https:\\\/\\\/beautycharm.lt\\\/\",\"name\":\"Beauty Charm\",\"description\":\"Odos prie\u017ei\u016bra vyrams ir moterims\",\"publisher\":{\"@id\":\"https:\\\/\\\/beautycharm.lt\\\/#organization\"},\"potentialAction\":[{\"@type\":\"SearchAction\",\"target\":{\"@type\":\"EntryPoint\",\"urlTemplate\":\"https:\\\/\\\/beautycharm.lt\\\/?s={search_term_string}\"},\"query-input\":{\"@type\":\"PropertyValueSpecification\",\"valueRequired\":true,\"valueName\":\"search_term_string\"}}],\"inLanguage\":\"en-US\"},{\"@type\":\"Organization\",\"@id\":\"https:\\\/\\\/beautycharm.lt\\\/#organization\",\"name\":\"Beauty Charm\",\"url\":\"https:\\\/\\\/beautycharm.lt\\\/\",\"logo\":{\"@type\":\"ImageObject\",\"inLanguage\":\"en-US\",\"@id\":\"https:\\\/\\\/beautycharm.lt\\\/#\\\/schema\\\/logo\\\/image\\\/\",\"url\":\"https:\\\/\\\/beautycharm.lt\\\/wp-content\\\/uploads\\\/2025\\\/08\\\/BeautyCharm_t_s-1.svg\",\"contentUrl\":\"https:\\\/\\\/beautycharm.lt\\\/wp-content\\\/uploads\\\/2025\\\/08\\\/BeautyCharm_t_s-1.svg\",\"width\":148,\"height\":64,\"caption\":\"Beauty Charm\"},\"image\":{\"@id\":\"https:\\\/\\\/beautycharm.lt\\\/#\\\/schema\\\/logo\\\/image\\\/\"},\"sameAs\":[\"https:\\\/\\\/www.facebook.com\\\/faceandbodylines\\\/\",\"https:\\\/\\\/www.instagram.com\\\/the_house_of_charm\\\/\"]}]}<\/script>\n<!-- \/ Yoast SEO plugin. -->","yoast_head_json":{"title":"Storyderm Vitamin C Brightening \u2013 lak\u0161tin\u0117 skaistinanti veido kauk\u0117 su vitaminu C - Beauty Charm","robots":{"index":"index","follow":"follow","max-snippet":"max-snippet:-1","max-image-preview":"max-image-preview:large","max-video-preview":"max-video-preview:-1"},"canonical":"https:\/\/beautycharm.lt\/en\/product\/storyderm-vitamin-c-brightening-lakstine-skaistinanti-veido-kauke-su-vitaminu-c\/","og_locale":"en_US","og_type":"article","og_title":"Storyderm Vitamin C Brightening \u2013 lak\u0161tin\u0117 skaistinanti veido kauk\u0117 su vitaminu C - Beauty Charm","og_description":"Apra\u0161ymas Kauk\u0117 su vitaminu C, pagaminta naudojant specializuota STORYDERM emulsinimo technologija. Sud\u0117tyje yra greipfrut\u0173 ir acerolos ekstrakto, gausus vitamino C kiekis, kuris skaistina patams\u0117jusi\u0105 ir pigmentuot\u0105 od\u0105\u00a0\u00a0ir bei palaiko odos tonus\u0105. Vitaminas C absorbuojamas \u012f od\u0105 ir skatina kolageno gamyb\u0105. Antioksidantin\u0117s savyb\u0117s padeda suma\u017einti rauk\u0161les, u\u017ekirsti keli\u0105 sen\u0117jimui.","og_url":"https:\/\/beautycharm.lt\/en\/product\/storyderm-vitamin-c-brightening-lakstine-skaistinanti-veido-kauke-su-vitaminu-c\/","og_site_name":"Beauty Charm","article_publisher":"https:\/\/www.facebook.com\/faceandbodylines\/","article_modified_time":"2025-10-01T12:38:50+00:00","og_image":[{"width":540,"height":540,"url":"https:\/\/beautycharm.lt\/wp-content\/uploads\/2025\/10\/vitc.jpeg","type":"image\/jpeg"}],"twitter_card":"summary_large_image","twitter_misc":{"Est. reading time":"1 minute"},"schema":{"@context":"https:\/\/schema.org","@graph":[{"@type":"WebPage","@id":"https:\/\/beautycharm.lt\/produktas\/storyderm-vitamin-c-brightening-lakstine-skaistinanti-veido-kauke-su-vitaminu-c\/","url":"https:\/\/beautycharm.lt\/produktas\/storyderm-vitamin-c-brightening-lakstine-skaistinanti-veido-kauke-su-vitaminu-c\/","name":"Storyderm Vitamin C Brightening \u2013 lak\u0161tin\u0117 skaistinanti veido kauk\u0117 su vitaminu C - Beauty Charm","isPartOf":{"@id":"https:\/\/beautycharm.lt\/#website"},"primaryImageOfPage":{"@id":"https:\/\/beautycharm.lt\/produktas\/storyderm-vitamin-c-brightening-lakstine-skaistinanti-veido-kauke-su-vitaminu-c\/#primaryimage"},"image":{"@id":"https:\/\/beautycharm.lt\/produktas\/storyderm-vitamin-c-brightening-lakstine-skaistinanti-veido-kauke-su-vitaminu-c\/#primaryimage"},"thumbnailUrl":"https:\/\/beautycharm.lt\/wp-content\/uploads\/2025\/10\/vitc.jpeg","datePublished":"2025-10-01T12:37:39+00:00","dateModified":"2025-10-01T12:38:50+00:00","breadcrumb":{"@id":"https:\/\/beautycharm.lt\/produktas\/storyderm-vitamin-c-brightening-lakstine-skaistinanti-veido-kauke-su-vitaminu-c\/#breadcrumb"},"inLanguage":"en-US","potentialAction":[{"@type":"ReadAction","target":["https:\/\/beautycharm.lt\/produktas\/storyderm-vitamin-c-brightening-lakstine-skaistinanti-veido-kauke-su-vitaminu-c\/"]}]},{"@type":"ImageObject","inLanguage":"en-US","@id":"https:\/\/beautycharm.lt\/produktas\/storyderm-vitamin-c-brightening-lakstine-skaistinanti-veido-kauke-su-vitaminu-c\/#primaryimage","url":"https:\/\/beautycharm.lt\/wp-content\/uploads\/2025\/10\/vitc.jpeg","contentUrl":"https:\/\/beautycharm.lt\/wp-content\/uploads\/2025\/10\/vitc.jpeg","width":540,"height":540},{"@type":"BreadcrumbList","@id":"https:\/\/beautycharm.lt\/produktas\/storyderm-vitamin-c-brightening-lakstine-skaistinanti-veido-kauke-su-vitaminu-c\/#breadcrumb","itemListElement":[{"@type":"ListItem","position":1,"name":"Home","item":"https:\/\/beautycharm.lt\/"},{"@type":"ListItem","position":2,"name":"Parduotuv\u0117","item":"https:\/\/beautycharm.lt\/parduotuve\/"},{"@type":"ListItem","position":3,"name":"Storyderm Vitamin C Brightening \u2013 lak\u0161tin\u0117 skaistinanti veido kauk\u0117 su vitaminu C"}]},{"@type":"WebSite","@id":"https:\/\/beautycharm.lt\/#website","url":"https:\/\/beautycharm.lt\/","name":"Beauty Charm","description":"Odos prie\u017ei\u016bra vyrams ir moterims","publisher":{"@id":"https:\/\/beautycharm.lt\/#organization"},"potentialAction":[{"@type":"SearchAction","target":{"@type":"EntryPoint","urlTemplate":"https:\/\/beautycharm.lt\/?s={search_term_string}"},"query-input":{"@type":"PropertyValueSpecification","valueRequired":true,"valueName":"search_term_string"}}],"inLanguage":"en-US"},{"@type":"Organization","@id":"https:\/\/beautycharm.lt\/#organization","name":"Beauty Charm","url":"https:\/\/beautycharm.lt\/","logo":{"@type":"ImageObject","inLanguage":"en-US","@id":"https:\/\/beautycharm.lt\/#\/schema\/logo\/image\/","url":"https:\/\/beautycharm.lt\/wp-content\/uploads\/2025\/08\/BeautyCharm_t_s-1.svg","contentUrl":"https:\/\/beautycharm.lt\/wp-content\/uploads\/2025\/08\/BeautyCharm_t_s-1.svg","width":148,"height":64,"caption":"Beauty Charm"},"image":{"@id":"https:\/\/beautycharm.lt\/#\/schema\/logo\/image\/"},"sameAs":["https:\/\/www.facebook.com\/faceandbodylines\/","https:\/\/www.instagram.com\/the_house_of_charm\/"]}]}},"_links":{"self":[{"href":"https:\/\/beautycharm.lt\/en\/wp-json\/wp\/v2\/product\/2356","targetHints":{"allow":["GET"]}}],"collection":[{"href":"https:\/\/beautycharm.lt\/en\/wp-json\/wp\/v2\/product"}],"about":[{"href":"https:\/\/beautycharm.lt\/en\/wp-json\/wp\/v2\/types\/product"}],"replies":[{"embeddable":true,"href":"https:\/\/beautycharm.lt\/en\/wp-json\/wp\/v2\/comments?post=2356"}],"wp:featuredmedia":[{"embeddable":true,"href":"https:\/\/beautycharm.lt\/en\/wp-json\/wp\/v2\/media\/2357"}],"wp:attachment":[{"href":"https:\/\/beautycharm.lt\/en\/wp-json\/wp\/v2\/media?parent=2356"}],"wp:term":[{"taxonomy":"product_brand","embeddable":true,"href":"https:\/\/beautycharm.lt\/en\/wp-json\/wp\/v2\/product_brand?post=2356"},{"taxonomy":"product_cat","embeddable":true,"href":"https:\/\/beautycharm.lt\/en\/wp-json\/wp\/v2\/product_cat?post=2356"},{"taxonomy":"product_tag","embeddable":true,"href":"https:\/\/beautycharm.lt\/en\/wp-json\/wp\/v2\/product_tag?post=2356"}],"curies":[{"name":"wp","href":"https:\/\/api.w.org\/{rel}","templated":true}]}}