{"id":2349,"date":"2025-10-01T15:10:20","date_gmt":"2025-10-01T12:10:20","guid":{"rendered":"https:\/\/beautycharm.lt\/?post_type=product&#038;p=2349"},"modified":"2025-10-01T15:10:20","modified_gmt":"2025-10-01T12:10:20","slug":"profesionalus-plauku-dziovintuvas-labor-pro-elite-zephyr-midnight-edition-ribotas-leidimas","status":"publish","type":"product","link":"https:\/\/beautycharm.lt\/en\/product\/profesionalus-plauku-dziovintuvas-labor-pro-elite-zephyr-midnight-edition-ribotas-leidimas\/","title":{"rendered":"Profesionalus plauk\u0173 d\u017eiovintuvas LABOR PRO \u201eELITE ZEPHYR Midnight edition\u201d (Ribotas leidimas)"},"content":{"rendered":"<p>Prek\u0117s kodas: LE009N<\/p>\n<p><strong>Riboto leidimo JUODAS Elite Zephyr Midnight edition!<\/strong><\/p>\n<p>Didelio grei\u010dio be\u0161epetis skaitmeninis variklis \u2013 110000 aps.\/min.<\/p>\n<p>Ilgas tarnavimo laikas: daugiau nei 2500 darbo valand\u0173<\/p>\n<p>\u017demas triuk\u0161mo lygis: tik 75 db<\/p>\n<p>Kompakti\u0161kas (19,5 x 17,5 x 5,4 cm), itin lengvas (299g) ir galingas.<\/p>\n<p>Speciali jon\u0173 technologija \u017evilgantiems, nesiveliantiems plaukams<\/p>\n<p>3 oro srov\u0117s stiprumo nustatymai, 4 temperat\u016bros nustatymai, \u0161alto oro srov\u0117<\/p>\n<p>3 metr\u0173 ilgio maitinimo laidas<\/p>\n<p>Savaiminio i\u0161sivalymo bei <em>Memory<\/em> funkcijos.<\/p>","protected":false},"excerpt":{"rendered":"<p>Prek\u0117s kodas: LE009N Riboto leidimo JUODAS Elite Zephyr Midnight edition! Didelio grei\u010dio be\u0161epetis skaitmeninis variklis \u2013 110000 aps.\/min. Ilgas tarnavimo laikas: daugiau nei 2500 darbo valand\u0173 \u017demas triuk\u0161mo lygis: tik 75 db Kompakti\u0161kas (19,5 x 17,5 x 5,4 cm), itin lengvas (299g) ir galingas. Speciali jon\u0173 technologija \u017evilgantiems, nesiveliantiems plaukams 3 oro srov\u0117s stiprumo nustatymai,<\/p>\n<div class=\"klb-readmore entry-button\"><a class=\"button light alt medium\" href=\"https:\/\/beautycharm.lt\/en\/product\/profesionalus-plauku-dziovintuvas-labor-pro-elite-zephyr-midnight-edition-ribotas-leidimas\/\">Read More<\/a><\/div>","protected":false},"featured_media":2350,"comment_status":"open","ping_status":"closed","template":"","meta":{"inline_featured_image":false},"product_brand":[],"product_cat":[128],"product_tag":[],"class_list":{"0":"post-2349","1":"product","2":"type-product","3":"status-publish","4":"has-post-thumbnail","6":"product_cat-kiti-produktai","8":"first","9":"instock","10":"sale","11":"shipping-taxable","12":"purchasable","13":"product-type-simple"},"yoast_head":"<!-- This site is optimized with the Yoast SEO plugin v27.4 - https:\/\/yoast.com\/product\/yoast-seo-wordpress\/ -->\n<title>Profesionalus plauk\u0173 d\u017eiovintuvas LABOR PRO \u201eELITE ZEPHYR Midnight edition\u201d (Ribotas leidimas) - Beauty Charm<\/title>\n<meta name=\"robots\" content=\"index, follow, max-snippet:-1, max-image-preview:large, max-video-preview:-1\" \/>\n<link rel=\"canonical\" href=\"https:\/\/beautycharm.lt\/en\/product\/profesionalus-plauku-dziovintuvas-labor-pro-elite-zephyr-midnight-edition-ribotas-leidimas\/\" \/>\n<meta property=\"og:locale\" content=\"en_US\" \/>\n<meta property=\"og:type\" content=\"article\" \/>\n<meta property=\"og:title\" content=\"Profesionalus plauk\u0173 d\u017eiovintuvas LABOR PRO \u201eELITE ZEPHYR Midnight edition\u201d (Ribotas leidimas) - Beauty Charm\" \/>\n<meta property=\"og:description\" content=\"Prek\u0117s kodas: LE009N Riboto leidimo JUODAS Elite Zephyr Midnight edition! Didelio grei\u010dio be\u0161epetis skaitmeninis variklis \u2013 110000 aps.\/min. Ilgas tarnavimo laikas: daugiau nei 2500 darbo valand\u0173 \u017demas triuk\u0161mo lygis: tik 75 db Kompakti\u0161kas (19,5 x 17,5 x 5,4 cm), itin lengvas (299g) ir galingas. Speciali jon\u0173 technologija \u017evilgantiems, nesiveliantiems plaukams 3 oro srov\u0117s stiprumo nustatymai,Read More\" \/>\n<meta property=\"og:url\" content=\"https:\/\/beautycharm.lt\/en\/product\/profesionalus-plauku-dziovintuvas-labor-pro-elite-zephyr-midnight-edition-ribotas-leidimas\/\" \/>\n<meta property=\"og:site_name\" content=\"Beauty Charm\" \/>\n<meta property=\"article:publisher\" content=\"https:\/\/www.facebook.com\/faceandbodylines\/\" \/>\n<meta property=\"og:image\" content=\"https:\/\/beautycharm.lt\/wp-content\/uploads\/2025\/10\/zeph.webp\" \/>\n\t<meta property=\"og:image:width\" content=\"510\" \/>\n\t<meta property=\"og:image:height\" content=\"510\" \/>\n\t<meta property=\"og:image:type\" content=\"image\/webp\" \/>\n<meta name=\"twitter:card\" content=\"summary_large_image\" \/>\n<meta name=\"twitter:label1\" content=\"Est. reading time\" \/>\n\t<meta name=\"twitter:data1\" content=\"1 minute\" \/>\n<script type=\"application\/ld+json\" class=\"yoast-schema-graph\">{\"@context\":\"https:\\\/\\\/schema.org\",\"@graph\":[{\"@type\":\"WebPage\",\"@id\":\"https:\\\/\\\/beautycharm.lt\\\/produktas\\\/profesionalus-plauku-dziovintuvas-labor-pro-elite-zephyr-midnight-edition-ribotas-leidimas\\\/\",\"url\":\"https:\\\/\\\/beautycharm.lt\\\/produktas\\\/profesionalus-plauku-dziovintuvas-labor-pro-elite-zephyr-midnight-edition-ribotas-leidimas\\\/\",\"name\":\"Profesionalus plauk\u0173 d\u017eiovintuvas LABOR PRO \u201eELITE ZEPHYR Midnight edition\u201d (Ribotas leidimas) - Beauty Charm\",\"isPartOf\":{\"@id\":\"https:\\\/\\\/beautycharm.lt\\\/#website\"},\"primaryImageOfPage\":{\"@id\":\"https:\\\/\\\/beautycharm.lt\\\/produktas\\\/profesionalus-plauku-dziovintuvas-labor-pro-elite-zephyr-midnight-edition-ribotas-leidimas\\\/#primaryimage\"},\"image\":{\"@id\":\"https:\\\/\\\/beautycharm.lt\\\/produktas\\\/profesionalus-plauku-dziovintuvas-labor-pro-elite-zephyr-midnight-edition-ribotas-leidimas\\\/#primaryimage\"},\"thumbnailUrl\":\"https:\\\/\\\/beautycharm.lt\\\/wp-content\\\/uploads\\\/2025\\\/10\\\/zeph.webp\",\"datePublished\":\"2025-10-01T12:10:20+00:00\",\"breadcrumb\":{\"@id\":\"https:\\\/\\\/beautycharm.lt\\\/produktas\\\/profesionalus-plauku-dziovintuvas-labor-pro-elite-zephyr-midnight-edition-ribotas-leidimas\\\/#breadcrumb\"},\"inLanguage\":\"en-US\",\"potentialAction\":[{\"@type\":\"ReadAction\",\"target\":[\"https:\\\/\\\/beautycharm.lt\\\/produktas\\\/profesionalus-plauku-dziovintuvas-labor-pro-elite-zephyr-midnight-edition-ribotas-leidimas\\\/\"]}]},{\"@type\":\"ImageObject\",\"inLanguage\":\"en-US\",\"@id\":\"https:\\\/\\\/beautycharm.lt\\\/produktas\\\/profesionalus-plauku-dziovintuvas-labor-pro-elite-zephyr-midnight-edition-ribotas-leidimas\\\/#primaryimage\",\"url\":\"https:\\\/\\\/beautycharm.lt\\\/wp-content\\\/uploads\\\/2025\\\/10\\\/zeph.webp\",\"contentUrl\":\"https:\\\/\\\/beautycharm.lt\\\/wp-content\\\/uploads\\\/2025\\\/10\\\/zeph.webp\",\"width\":510,\"height\":510},{\"@type\":\"BreadcrumbList\",\"@id\":\"https:\\\/\\\/beautycharm.lt\\\/produktas\\\/profesionalus-plauku-dziovintuvas-labor-pro-elite-zephyr-midnight-edition-ribotas-leidimas\\\/#breadcrumb\",\"itemListElement\":[{\"@type\":\"ListItem\",\"position\":1,\"name\":\"Home\",\"item\":\"https:\\\/\\\/beautycharm.lt\\\/\"},{\"@type\":\"ListItem\",\"position\":2,\"name\":\"Parduotuv\u0117\",\"item\":\"https:\\\/\\\/beautycharm.lt\\\/parduotuve\\\/\"},{\"@type\":\"ListItem\",\"position\":3,\"name\":\"Profesionalus plauk\u0173 d\u017eiovintuvas LABOR PRO \u201eELITE ZEPHYR Midnight edition\u201d (Ribotas leidimas)\"}]},{\"@type\":\"WebSite\",\"@id\":\"https:\\\/\\\/beautycharm.lt\\\/#website\",\"url\":\"https:\\\/\\\/beautycharm.lt\\\/\",\"name\":\"Beauty Charm\",\"description\":\"Odos prie\u017ei\u016bra vyrams ir moterims\",\"publisher\":{\"@id\":\"https:\\\/\\\/beautycharm.lt\\\/#organization\"},\"potentialAction\":[{\"@type\":\"SearchAction\",\"target\":{\"@type\":\"EntryPoint\",\"urlTemplate\":\"https:\\\/\\\/beautycharm.lt\\\/?s={search_term_string}\"},\"query-input\":{\"@type\":\"PropertyValueSpecification\",\"valueRequired\":true,\"valueName\":\"search_term_string\"}}],\"inLanguage\":\"en-US\"},{\"@type\":\"Organization\",\"@id\":\"https:\\\/\\\/beautycharm.lt\\\/#organization\",\"name\":\"Beauty Charm\",\"url\":\"https:\\\/\\\/beautycharm.lt\\\/\",\"logo\":{\"@type\":\"ImageObject\",\"inLanguage\":\"en-US\",\"@id\":\"https:\\\/\\\/beautycharm.lt\\\/#\\\/schema\\\/logo\\\/image\\\/\",\"url\":\"https:\\\/\\\/beautycharm.lt\\\/wp-content\\\/uploads\\\/2025\\\/08\\\/BeautyCharm_t_s-1.svg\",\"contentUrl\":\"https:\\\/\\\/beautycharm.lt\\\/wp-content\\\/uploads\\\/2025\\\/08\\\/BeautyCharm_t_s-1.svg\",\"width\":148,\"height\":64,\"caption\":\"Beauty Charm\"},\"image\":{\"@id\":\"https:\\\/\\\/beautycharm.lt\\\/#\\\/schema\\\/logo\\\/image\\\/\"},\"sameAs\":[\"https:\\\/\\\/www.facebook.com\\\/faceandbodylines\\\/\",\"https:\\\/\\\/www.instagram.com\\\/the_house_of_charm\\\/\"]}]}<\/script>\n<!-- \/ Yoast SEO plugin. -->","yoast_head_json":{"title":"Profesionalus plauk\u0173 d\u017eiovintuvas LABOR PRO \u201eELITE ZEPHYR Midnight edition\u201d (Ribotas leidimas) - Beauty Charm","robots":{"index":"index","follow":"follow","max-snippet":"max-snippet:-1","max-image-preview":"max-image-preview:large","max-video-preview":"max-video-preview:-1"},"canonical":"https:\/\/beautycharm.lt\/en\/product\/profesionalus-plauku-dziovintuvas-labor-pro-elite-zephyr-midnight-edition-ribotas-leidimas\/","og_locale":"en_US","og_type":"article","og_title":"Profesionalus plauk\u0173 d\u017eiovintuvas LABOR PRO \u201eELITE ZEPHYR Midnight edition\u201d (Ribotas leidimas) - Beauty Charm","og_description":"Prek\u0117s kodas: LE009N Riboto leidimo JUODAS Elite Zephyr Midnight edition! Didelio grei\u010dio be\u0161epetis skaitmeninis variklis \u2013 110000 aps.\/min. Ilgas tarnavimo laikas: daugiau nei 2500 darbo valand\u0173 \u017demas triuk\u0161mo lygis: tik 75 db Kompakti\u0161kas (19,5 x 17,5 x 5,4 cm), itin lengvas (299g) ir galingas. Speciali jon\u0173 technologija \u017evilgantiems, nesiveliantiems plaukams 3 oro srov\u0117s stiprumo nustatymai,Read More","og_url":"https:\/\/beautycharm.lt\/en\/product\/profesionalus-plauku-dziovintuvas-labor-pro-elite-zephyr-midnight-edition-ribotas-leidimas\/","og_site_name":"Beauty Charm","article_publisher":"https:\/\/www.facebook.com\/faceandbodylines\/","og_image":[{"width":510,"height":510,"url":"https:\/\/beautycharm.lt\/wp-content\/uploads\/2025\/10\/zeph.webp","type":"image\/webp"}],"twitter_card":"summary_large_image","twitter_misc":{"Est. reading time":"1 minute"},"schema":{"@context":"https:\/\/schema.org","@graph":[{"@type":"WebPage","@id":"https:\/\/beautycharm.lt\/produktas\/profesionalus-plauku-dziovintuvas-labor-pro-elite-zephyr-midnight-edition-ribotas-leidimas\/","url":"https:\/\/beautycharm.lt\/produktas\/profesionalus-plauku-dziovintuvas-labor-pro-elite-zephyr-midnight-edition-ribotas-leidimas\/","name":"Profesionalus plauk\u0173 d\u017eiovintuvas LABOR PRO \u201eELITE ZEPHYR Midnight edition\u201d (Ribotas leidimas) - Beauty Charm","isPartOf":{"@id":"https:\/\/beautycharm.lt\/#website"},"primaryImageOfPage":{"@id":"https:\/\/beautycharm.lt\/produktas\/profesionalus-plauku-dziovintuvas-labor-pro-elite-zephyr-midnight-edition-ribotas-leidimas\/#primaryimage"},"image":{"@id":"https:\/\/beautycharm.lt\/produktas\/profesionalus-plauku-dziovintuvas-labor-pro-elite-zephyr-midnight-edition-ribotas-leidimas\/#primaryimage"},"thumbnailUrl":"https:\/\/beautycharm.lt\/wp-content\/uploads\/2025\/10\/zeph.webp","datePublished":"2025-10-01T12:10:20+00:00","breadcrumb":{"@id":"https:\/\/beautycharm.lt\/produktas\/profesionalus-plauku-dziovintuvas-labor-pro-elite-zephyr-midnight-edition-ribotas-leidimas\/#breadcrumb"},"inLanguage":"en-US","potentialAction":[{"@type":"ReadAction","target":["https:\/\/beautycharm.lt\/produktas\/profesionalus-plauku-dziovintuvas-labor-pro-elite-zephyr-midnight-edition-ribotas-leidimas\/"]}]},{"@type":"ImageObject","inLanguage":"en-US","@id":"https:\/\/beautycharm.lt\/produktas\/profesionalus-plauku-dziovintuvas-labor-pro-elite-zephyr-midnight-edition-ribotas-leidimas\/#primaryimage","url":"https:\/\/beautycharm.lt\/wp-content\/uploads\/2025\/10\/zeph.webp","contentUrl":"https:\/\/beautycharm.lt\/wp-content\/uploads\/2025\/10\/zeph.webp","width":510,"height":510},{"@type":"BreadcrumbList","@id":"https:\/\/beautycharm.lt\/produktas\/profesionalus-plauku-dziovintuvas-labor-pro-elite-zephyr-midnight-edition-ribotas-leidimas\/#breadcrumb","itemListElement":[{"@type":"ListItem","position":1,"name":"Home","item":"https:\/\/beautycharm.lt\/"},{"@type":"ListItem","position":2,"name":"Parduotuv\u0117","item":"https:\/\/beautycharm.lt\/parduotuve\/"},{"@type":"ListItem","position":3,"name":"Profesionalus plauk\u0173 d\u017eiovintuvas LABOR PRO \u201eELITE ZEPHYR Midnight edition\u201d (Ribotas leidimas)"}]},{"@type":"WebSite","@id":"https:\/\/beautycharm.lt\/#website","url":"https:\/\/beautycharm.lt\/","name":"Beauty Charm","description":"Odos prie\u017ei\u016bra vyrams ir moterims","publisher":{"@id":"https:\/\/beautycharm.lt\/#organization"},"potentialAction":[{"@type":"SearchAction","target":{"@type":"EntryPoint","urlTemplate":"https:\/\/beautycharm.lt\/?s={search_term_string}"},"query-input":{"@type":"PropertyValueSpecification","valueRequired":true,"valueName":"search_term_string"}}],"inLanguage":"en-US"},{"@type":"Organization","@id":"https:\/\/beautycharm.lt\/#organization","name":"Beauty Charm","url":"https:\/\/beautycharm.lt\/","logo":{"@type":"ImageObject","inLanguage":"en-US","@id":"https:\/\/beautycharm.lt\/#\/schema\/logo\/image\/","url":"https:\/\/beautycharm.lt\/wp-content\/uploads\/2025\/08\/BeautyCharm_t_s-1.svg","contentUrl":"https:\/\/beautycharm.lt\/wp-content\/uploads\/2025\/08\/BeautyCharm_t_s-1.svg","width":148,"height":64,"caption":"Beauty Charm"},"image":{"@id":"https:\/\/beautycharm.lt\/#\/schema\/logo\/image\/"},"sameAs":["https:\/\/www.facebook.com\/faceandbodylines\/","https:\/\/www.instagram.com\/the_house_of_charm\/"]}]}},"_links":{"self":[{"href":"https:\/\/beautycharm.lt\/en\/wp-json\/wp\/v2\/product\/2349","targetHints":{"allow":["GET"]}}],"collection":[{"href":"https:\/\/beautycharm.lt\/en\/wp-json\/wp\/v2\/product"}],"about":[{"href":"https:\/\/beautycharm.lt\/en\/wp-json\/wp\/v2\/types\/product"}],"replies":[{"embeddable":true,"href":"https:\/\/beautycharm.lt\/en\/wp-json\/wp\/v2\/comments?post=2349"}],"wp:featuredmedia":[{"embeddable":true,"href":"https:\/\/beautycharm.lt\/en\/wp-json\/wp\/v2\/media\/2350"}],"wp:attachment":[{"href":"https:\/\/beautycharm.lt\/en\/wp-json\/wp\/v2\/media?parent=2349"}],"wp:term":[{"taxonomy":"product_brand","embeddable":true,"href":"https:\/\/beautycharm.lt\/en\/wp-json\/wp\/v2\/product_brand?post=2349"},{"taxonomy":"product_cat","embeddable":true,"href":"https:\/\/beautycharm.lt\/en\/wp-json\/wp\/v2\/product_cat?post=2349"},{"taxonomy":"product_tag","embeddable":true,"href":"https:\/\/beautycharm.lt\/en\/wp-json\/wp\/v2\/product_tag?post=2349"}],"curies":[{"name":"wp","href":"https:\/\/api.w.org\/{rel}","templated":true}]}}