{"id":2338,"date":"2025-09-15T19:21:52","date_gmt":"2025-09-15T16:21:52","guid":{"rendered":"https:\/\/beautycharm.lt\/?post_type=product&#038;p=2338"},"modified":"2025-09-15T19:21:52","modified_gmt":"2025-09-15T16:21:52","slug":"heliocare-360-oil-free-apsaugine-kompaktine-pudra-spf50-10-g-beige","status":"publish","type":"product","link":"https:\/\/beautycharm.lt\/en\/product\/heliocare-360-oil-free-apsaugine-kompaktine-pudra-spf50-10-g-beige\/","title":{"rendered":"HELIOCARE 360 OIL-FREE APSAUGIN\u0116 KOMPAKTIN\u0116 PUDRA SPF50, 10 G (Beige)"},"content":{"rendered":"<div class=\"description simple-text\">\n<p>Kasdien\u0117 SPF50\u00a0priemon\u0117, kuri padeda suvienodinti odos atspalv\u012f.<\/p>\n<\/div>\n<div class=\"product-code\">Prek\u0117s kodas: 2525<\/p>\n<div class=\"heading34\">Apra\u0161ymas<\/div>\n<div class=\"right simple-text\">\n<p>Sud\u0117tyje aliejaus neturinti priemon\u0117 yra tinkama vis\u0173 tip\u0173 odai, \u012fskaitant jautri\u0105.\u00a0Matinis efektas u\u017etikrina, kad j\u016bs\u0173 oda atrodyt\u0173 nat\u016braliai, padeda i\u0161vengti blizgesio.<\/p>\n<p>Pudroje yra Fernblock\u00ae \u2013 ekstrakto, gauto i\u0161 papar\u010dio<em> Polypodium leucotomos<\/em>, \u017einomo d\u0117l savo stipri\u0173 antioksidacini\u0173 savybi\u0173, tinkan\u010di\u0173 kovoti su saul\u0117s daroma \u017eala. Sud\u0117tis taip pat yra\u00a0praturtinta \u017ealiosios arbatos ekstraktu, turin\u010diu dar daugiau antioksidacini\u0173 savybi\u0173. \u0160is produktas yra patikrintas dermatolog\u0173 ir oftalmolog\u0173 kontrol\u0117je, jis n\u0117ra komedogeni\u0161kas ir pasi\u017eymi atsparumu vandeniui ir prakaitui.<\/p>\n<p><strong>Advantages:<\/strong><\/p>\n<ul>\n<li>SPF50+ apsauga\u00a0nuo UVB, UVA, matomos \u0161viesos ir infraraudon\u0173j\u0173 spinduli\u0173;<\/li>\n<li>padeda i\u0161lyginti\u00a0odos atspalv\u012f;<\/li>\n<li>gives the skin a natural matte effect;<\/li>\n<li>suitable for skin that needs antioxidant protection;<\/li>\n<li>waterproof and sweatproof;<\/li>\n<li>non-comedogenic;<\/li>\n<li>Dermatologically and ophthalmologically tested.<\/li>\n<\/ul>\n<p><strong>Active ingredients:<\/strong><\/p>\n<ul>\n<li><strong>Fernblock\u00ae+<\/strong> \u2013 atogr\u0105\u017e\u0173 papar\u010dio<em> Polypodium leucotomos<\/em> ekstraktas, kuris suk\u016bria\u00a0nat\u016bral\u0173 mechanizm\u0105 apsisaugoti nuo saul\u0117s spinduli\u0173.<\/li>\n<li><strong>\u017daliosios arbatos ekstraktas<\/strong> \u2013 jame\u00a0gausu antioksidant\u0173, kurie neutralizuoja laisv\u0173j\u0173 radikal\u0173 \u017eal\u0105 ir padeda i\u0161vengti oksidacinio streso.<\/li>\n<li><strong>Cheminiai ir fiziniai apsaugos nuo saul\u0117s filtrai<\/strong> \u2013 u\u017etikrina apsaug\u0105 nuo UV spinduli\u0173.<\/li>\n<li><strong>Gele\u017eies oksidai <\/strong>\u2013 ne tik lemia gaminio spalv\u0105, bet ir apsaugo nuo matomos \u0161viesos, kuri\u00a0skatina hiperpigmentacij\u0105.<\/li>\n<\/ul>\n<p><strong>Naudojimas: <\/strong>prie\u0161 b\u016bdami saul\u0117je, gausiai ir tolygiai u\u017etepkite kompaktin\u0119 pudr\u0105.\u00a0Da\u017enai pakartotinai tepkite dienos eigoje.<\/p>\n<p><strong>Ingredients:<\/strong>\u00a0Hydrogenated Polyisobutene; Ethylhexyl Palmitate; Octocrylene; Titanium Dioxide (nano); CI 77891 ; Hydrogenated Mycrocrystalline Wax; Synthetic\u00a0Wax; Mica; Polymethyl Methacrylate; Ethylhexyl Salicylate; Bis-Ethylhexyloxyphenol\u00a0Methoxyphenyl Triazine; Nylon-12; Methyl Methacrylate Crosspolymer; Copernicia cerifera Wax; Silica; Talc; Hydrogenated Castor Oil; Alumina; CI 77492; Paraffinum Liquidum; Glyceryl Caprylate; Tocopheryl Acetate; Ricinus communis Seed Oil; Aqua; Simethicone; Dextrin Palmitate; Parfum; Polypodium leucotomos Leaf Extract; CI 77491; Glycine Soja Oil; CI 77499; Propylene Glycol; Tocopherol; Beta-sitosterol; Camellia sinensis Leaf Extract; Squalene; Linalool.<\/p>\n<\/div>\n<\/div>\n<div><\/div>","protected":false},"excerpt":{"rendered":"<p>Kasdien\u0117 SPF50\u00a0priemon\u0117, kuri padeda suvienodinti odos atspalv\u012f. Prek\u0117s kodas: 2525 Apra\u0161ymas Sud\u0117tyje aliejaus neturinti priemon\u0117 yra tinkama vis\u0173 tip\u0173 odai, \u012fskaitant jautri\u0105.\u00a0Matinis efektas u\u017etikrina, kad j\u016bs\u0173 oda atrodyt\u0173 nat\u016braliai, padeda i\u0161vengti blizgesio. Pudroje yra Fernblock\u00ae \u2013 ekstrakto, gauto i\u0161 papar\u010dio Polypodium leucotomos, \u017einomo d\u0117l savo stipri\u0173 antioksidacini\u0173 savybi\u0173, tinkan\u010di\u0173 kovoti su saul\u0117s daroma \u017eala. Sud\u0117tis<\/p>\n<div class=\"klb-readmore entry-button\"><a class=\"button light alt medium\" href=\"https:\/\/beautycharm.lt\/en\/product\/heliocare-360-oil-free-apsaugine-kompaktine-pudra-spf50-10-g-beige\/\">Read More<\/a><\/div>","protected":false},"featured_media":2340,"comment_status":"open","ping_status":"closed","template":"","meta":{"inline_featured_image":false},"product_brand":[205],"product_cat":[120,130],"product_tag":[],"class_list":{"0":"post-2338","1":"product","2":"type-product","3":"status-publish","4":"has-post-thumbnail","6":"product_brand-heliocare-en","7":"product_cat-moterims-lt","8":"product_cat-spf-apsauga","10":"first","11":"instock","12":"shipping-taxable","13":"purchasable","14":"product-type-simple"},"yoast_head":"<!-- This site is optimized with the Yoast SEO plugin v27.4 - https:\/\/yoast.com\/product\/yoast-seo-wordpress\/ -->\n<title>HELIOCARE 360 OIL-FREE APSAUGIN\u0116 KOMPAKTIN\u0116 PUDRA SPF50, 10 G (Beige) - Beauty Charm<\/title>\n<meta name=\"robots\" content=\"index, follow, max-snippet:-1, max-image-preview:large, max-video-preview:-1\" \/>\n<link rel=\"canonical\" href=\"https:\/\/beautycharm.lt\/en\/product\/heliocare-360-oil-free-apsaugine-kompaktine-pudra-spf50-10-g-beige\/\" \/>\n<meta property=\"og:locale\" content=\"en_US\" \/>\n<meta property=\"og:type\" content=\"article\" \/>\n<meta property=\"og:title\" content=\"HELIOCARE 360 OIL-FREE APSAUGIN\u0116 KOMPAKTIN\u0116 PUDRA SPF50, 10 G (Beige) - Beauty Charm\" \/>\n<meta property=\"og:description\" content=\"Kasdien\u0117 SPF50\u00a0priemon\u0117, kuri padeda suvienodinti odos atspalv\u012f. Prek\u0117s kodas: 2525 Apra\u0161ymas Sud\u0117tyje aliejaus neturinti priemon\u0117 yra tinkama vis\u0173 tip\u0173 odai, \u012fskaitant jautri\u0105.\u00a0Matinis efektas u\u017etikrina, kad j\u016bs\u0173 oda atrodyt\u0173 nat\u016braliai, padeda i\u0161vengti blizgesio. Pudroje yra Fernblock\u00ae \u2013 ekstrakto, gauto i\u0161 papar\u010dio Polypodium leucotomos, \u017einomo d\u0117l savo stipri\u0173 antioksidacini\u0173 savybi\u0173, tinkan\u010di\u0173 kovoti su saul\u0117s daroma \u017eala. Sud\u0117tisRead More\" \/>\n<meta property=\"og:url\" content=\"https:\/\/beautycharm.lt\/en\/product\/heliocare-360-oil-free-apsaugine-kompaktine-pudra-spf50-10-g-beige\/\" \/>\n<meta property=\"og:site_name\" content=\"Beauty Charm\" \/>\n<meta property=\"article:publisher\" content=\"https:\/\/www.facebook.com\/faceandbodylines\/\" \/>\n<meta property=\"og:image\" content=\"https:\/\/beautycharm.lt\/wp-content\/uploads\/2025\/09\/cantabria-labs-heliocare-oil-free-compact-spf50-beige-10g-413x672-1.jpeg\" \/>\n\t<meta property=\"og:image:width\" content=\"413\" \/>\n\t<meta property=\"og:image:height\" content=\"672\" \/>\n\t<meta property=\"og:image:type\" content=\"image\/jpeg\" \/>\n<meta name=\"twitter:card\" content=\"summary_large_image\" \/>\n<meta name=\"twitter:label1\" content=\"Est. reading time\" \/>\n\t<meta name=\"twitter:data1\" content=\"2 minutes\" \/>\n<script type=\"application\/ld+json\" class=\"yoast-schema-graph\">{\"@context\":\"https:\\\/\\\/schema.org\",\"@graph\":[{\"@type\":\"WebPage\",\"@id\":\"https:\\\/\\\/beautycharm.lt\\\/produktas\\\/heliocare-360-oil-free-apsaugine-kompaktine-pudra-spf50-10-g-beige\\\/\",\"url\":\"https:\\\/\\\/beautycharm.lt\\\/produktas\\\/heliocare-360-oil-free-apsaugine-kompaktine-pudra-spf50-10-g-beige\\\/\",\"name\":\"HELIOCARE 360 OIL-FREE APSAUGIN\u0116 KOMPAKTIN\u0116 PUDRA SPF50, 10 G (Beige) - Beauty Charm\",\"isPartOf\":{\"@id\":\"https:\\\/\\\/beautycharm.lt\\\/#website\"},\"primaryImageOfPage\":{\"@id\":\"https:\\\/\\\/beautycharm.lt\\\/produktas\\\/heliocare-360-oil-free-apsaugine-kompaktine-pudra-spf50-10-g-beige\\\/#primaryimage\"},\"image\":{\"@id\":\"https:\\\/\\\/beautycharm.lt\\\/produktas\\\/heliocare-360-oil-free-apsaugine-kompaktine-pudra-spf50-10-g-beige\\\/#primaryimage\"},\"thumbnailUrl\":\"https:\\\/\\\/beautycharm.lt\\\/wp-content\\\/uploads\\\/2025\\\/09\\\/cantabria-labs-heliocare-oil-free-compact-spf50-beige-10g-413x672-1.jpeg\",\"datePublished\":\"2025-09-15T16:21:52+00:00\",\"breadcrumb\":{\"@id\":\"https:\\\/\\\/beautycharm.lt\\\/produktas\\\/heliocare-360-oil-free-apsaugine-kompaktine-pudra-spf50-10-g-beige\\\/#breadcrumb\"},\"inLanguage\":\"en-US\",\"potentialAction\":[{\"@type\":\"ReadAction\",\"target\":[\"https:\\\/\\\/beautycharm.lt\\\/produktas\\\/heliocare-360-oil-free-apsaugine-kompaktine-pudra-spf50-10-g-beige\\\/\"]}]},{\"@type\":\"ImageObject\",\"inLanguage\":\"en-US\",\"@id\":\"https:\\\/\\\/beautycharm.lt\\\/produktas\\\/heliocare-360-oil-free-apsaugine-kompaktine-pudra-spf50-10-g-beige\\\/#primaryimage\",\"url\":\"https:\\\/\\\/beautycharm.lt\\\/wp-content\\\/uploads\\\/2025\\\/09\\\/cantabria-labs-heliocare-oil-free-compact-spf50-beige-10g-413x672-1.jpeg\",\"contentUrl\":\"https:\\\/\\\/beautycharm.lt\\\/wp-content\\\/uploads\\\/2025\\\/09\\\/cantabria-labs-heliocare-oil-free-compact-spf50-beige-10g-413x672-1.jpeg\",\"width\":413,\"height\":672},{\"@type\":\"BreadcrumbList\",\"@id\":\"https:\\\/\\\/beautycharm.lt\\\/produktas\\\/heliocare-360-oil-free-apsaugine-kompaktine-pudra-spf50-10-g-beige\\\/#breadcrumb\",\"itemListElement\":[{\"@type\":\"ListItem\",\"position\":1,\"name\":\"Home\",\"item\":\"https:\\\/\\\/beautycharm.lt\\\/\"},{\"@type\":\"ListItem\",\"position\":2,\"name\":\"Parduotuv\u0117\",\"item\":\"https:\\\/\\\/beautycharm.lt\\\/parduotuve\\\/\"},{\"@type\":\"ListItem\",\"position\":3,\"name\":\"HELIOCARE 360 OIL-FREE APSAUGIN\u0116 KOMPAKTIN\u0116 PUDRA SPF50, 10 G (Beige)\"}]},{\"@type\":\"WebSite\",\"@id\":\"https:\\\/\\\/beautycharm.lt\\\/#website\",\"url\":\"https:\\\/\\\/beautycharm.lt\\\/\",\"name\":\"Beauty Charm\",\"description\":\"Odos prie\u017ei\u016bra vyrams ir moterims\",\"publisher\":{\"@id\":\"https:\\\/\\\/beautycharm.lt\\\/#organization\"},\"potentialAction\":[{\"@type\":\"SearchAction\",\"target\":{\"@type\":\"EntryPoint\",\"urlTemplate\":\"https:\\\/\\\/beautycharm.lt\\\/?s={search_term_string}\"},\"query-input\":{\"@type\":\"PropertyValueSpecification\",\"valueRequired\":true,\"valueName\":\"search_term_string\"}}],\"inLanguage\":\"en-US\"},{\"@type\":\"Organization\",\"@id\":\"https:\\\/\\\/beautycharm.lt\\\/#organization\",\"name\":\"Beauty Charm\",\"url\":\"https:\\\/\\\/beautycharm.lt\\\/\",\"logo\":{\"@type\":\"ImageObject\",\"inLanguage\":\"en-US\",\"@id\":\"https:\\\/\\\/beautycharm.lt\\\/#\\\/schema\\\/logo\\\/image\\\/\",\"url\":\"https:\\\/\\\/beautycharm.lt\\\/wp-content\\\/uploads\\\/2025\\\/08\\\/BeautyCharm_t_s-1.svg\",\"contentUrl\":\"https:\\\/\\\/beautycharm.lt\\\/wp-content\\\/uploads\\\/2025\\\/08\\\/BeautyCharm_t_s-1.svg\",\"width\":148,\"height\":64,\"caption\":\"Beauty Charm\"},\"image\":{\"@id\":\"https:\\\/\\\/beautycharm.lt\\\/#\\\/schema\\\/logo\\\/image\\\/\"},\"sameAs\":[\"https:\\\/\\\/www.facebook.com\\\/faceandbodylines\\\/\",\"https:\\\/\\\/www.instagram.com\\\/the_house_of_charm\\\/\"]}]}<\/script>\n<!-- \/ Yoast SEO plugin. -->","yoast_head_json":{"title":"HELIOCARE 360 OIL-FREE APSAUGIN\u0116 KOMPAKTIN\u0116 PUDRA SPF50, 10 G (Beige) - Beauty Charm","robots":{"index":"index","follow":"follow","max-snippet":"max-snippet:-1","max-image-preview":"max-image-preview:large","max-video-preview":"max-video-preview:-1"},"canonical":"https:\/\/beautycharm.lt\/en\/product\/heliocare-360-oil-free-apsaugine-kompaktine-pudra-spf50-10-g-beige\/","og_locale":"en_US","og_type":"article","og_title":"HELIOCARE 360 OIL-FREE APSAUGIN\u0116 KOMPAKTIN\u0116 PUDRA SPF50, 10 G (Beige) - Beauty Charm","og_description":"Kasdien\u0117 SPF50\u00a0priemon\u0117, kuri padeda suvienodinti odos atspalv\u012f. Prek\u0117s kodas: 2525 Apra\u0161ymas Sud\u0117tyje aliejaus neturinti priemon\u0117 yra tinkama vis\u0173 tip\u0173 odai, \u012fskaitant jautri\u0105.\u00a0Matinis efektas u\u017etikrina, kad j\u016bs\u0173 oda atrodyt\u0173 nat\u016braliai, padeda i\u0161vengti blizgesio. Pudroje yra Fernblock\u00ae \u2013 ekstrakto, gauto i\u0161 papar\u010dio Polypodium leucotomos, \u017einomo d\u0117l savo stipri\u0173 antioksidacini\u0173 savybi\u0173, tinkan\u010di\u0173 kovoti su saul\u0117s daroma \u017eala. Sud\u0117tisRead More","og_url":"https:\/\/beautycharm.lt\/en\/product\/heliocare-360-oil-free-apsaugine-kompaktine-pudra-spf50-10-g-beige\/","og_site_name":"Beauty Charm","article_publisher":"https:\/\/www.facebook.com\/faceandbodylines\/","og_image":[{"width":413,"height":672,"url":"https:\/\/beautycharm.lt\/wp-content\/uploads\/2025\/09\/cantabria-labs-heliocare-oil-free-compact-spf50-beige-10g-413x672-1.jpeg","type":"image\/jpeg"}],"twitter_card":"summary_large_image","twitter_misc":{"Est. reading time":"2 minutes"},"schema":{"@context":"https:\/\/schema.org","@graph":[{"@type":"WebPage","@id":"https:\/\/beautycharm.lt\/produktas\/heliocare-360-oil-free-apsaugine-kompaktine-pudra-spf50-10-g-beige\/","url":"https:\/\/beautycharm.lt\/produktas\/heliocare-360-oil-free-apsaugine-kompaktine-pudra-spf50-10-g-beige\/","name":"HELIOCARE 360 OIL-FREE APSAUGIN\u0116 KOMPAKTIN\u0116 PUDRA SPF50, 10 G (Beige) - Beauty Charm","isPartOf":{"@id":"https:\/\/beautycharm.lt\/#website"},"primaryImageOfPage":{"@id":"https:\/\/beautycharm.lt\/produktas\/heliocare-360-oil-free-apsaugine-kompaktine-pudra-spf50-10-g-beige\/#primaryimage"},"image":{"@id":"https:\/\/beautycharm.lt\/produktas\/heliocare-360-oil-free-apsaugine-kompaktine-pudra-spf50-10-g-beige\/#primaryimage"},"thumbnailUrl":"https:\/\/beautycharm.lt\/wp-content\/uploads\/2025\/09\/cantabria-labs-heliocare-oil-free-compact-spf50-beige-10g-413x672-1.jpeg","datePublished":"2025-09-15T16:21:52+00:00","breadcrumb":{"@id":"https:\/\/beautycharm.lt\/produktas\/heliocare-360-oil-free-apsaugine-kompaktine-pudra-spf50-10-g-beige\/#breadcrumb"},"inLanguage":"en-US","potentialAction":[{"@type":"ReadAction","target":["https:\/\/beautycharm.lt\/produktas\/heliocare-360-oil-free-apsaugine-kompaktine-pudra-spf50-10-g-beige\/"]}]},{"@type":"ImageObject","inLanguage":"en-US","@id":"https:\/\/beautycharm.lt\/produktas\/heliocare-360-oil-free-apsaugine-kompaktine-pudra-spf50-10-g-beige\/#primaryimage","url":"https:\/\/beautycharm.lt\/wp-content\/uploads\/2025\/09\/cantabria-labs-heliocare-oil-free-compact-spf50-beige-10g-413x672-1.jpeg","contentUrl":"https:\/\/beautycharm.lt\/wp-content\/uploads\/2025\/09\/cantabria-labs-heliocare-oil-free-compact-spf50-beige-10g-413x672-1.jpeg","width":413,"height":672},{"@type":"BreadcrumbList","@id":"https:\/\/beautycharm.lt\/produktas\/heliocare-360-oil-free-apsaugine-kompaktine-pudra-spf50-10-g-beige\/#breadcrumb","itemListElement":[{"@type":"ListItem","position":1,"name":"Home","item":"https:\/\/beautycharm.lt\/"},{"@type":"ListItem","position":2,"name":"Parduotuv\u0117","item":"https:\/\/beautycharm.lt\/parduotuve\/"},{"@type":"ListItem","position":3,"name":"HELIOCARE 360 OIL-FREE APSAUGIN\u0116 KOMPAKTIN\u0116 PUDRA SPF50, 10 G (Beige)"}]},{"@type":"WebSite","@id":"https:\/\/beautycharm.lt\/#website","url":"https:\/\/beautycharm.lt\/","name":"Beauty Charm","description":"Odos prie\u017ei\u016bra vyrams ir moterims","publisher":{"@id":"https:\/\/beautycharm.lt\/#organization"},"potentialAction":[{"@type":"SearchAction","target":{"@type":"EntryPoint","urlTemplate":"https:\/\/beautycharm.lt\/?s={search_term_string}"},"query-input":{"@type":"PropertyValueSpecification","valueRequired":true,"valueName":"search_term_string"}}],"inLanguage":"en-US"},{"@type":"Organization","@id":"https:\/\/beautycharm.lt\/#organization","name":"Beauty Charm","url":"https:\/\/beautycharm.lt\/","logo":{"@type":"ImageObject","inLanguage":"en-US","@id":"https:\/\/beautycharm.lt\/#\/schema\/logo\/image\/","url":"https:\/\/beautycharm.lt\/wp-content\/uploads\/2025\/08\/BeautyCharm_t_s-1.svg","contentUrl":"https:\/\/beautycharm.lt\/wp-content\/uploads\/2025\/08\/BeautyCharm_t_s-1.svg","width":148,"height":64,"caption":"Beauty Charm"},"image":{"@id":"https:\/\/beautycharm.lt\/#\/schema\/logo\/image\/"},"sameAs":["https:\/\/www.facebook.com\/faceandbodylines\/","https:\/\/www.instagram.com\/the_house_of_charm\/"]}]}},"_links":{"self":[{"href":"https:\/\/beautycharm.lt\/en\/wp-json\/wp\/v2\/product\/2338","targetHints":{"allow":["GET"]}}],"collection":[{"href":"https:\/\/beautycharm.lt\/en\/wp-json\/wp\/v2\/product"}],"about":[{"href":"https:\/\/beautycharm.lt\/en\/wp-json\/wp\/v2\/types\/product"}],"replies":[{"embeddable":true,"href":"https:\/\/beautycharm.lt\/en\/wp-json\/wp\/v2\/comments?post=2338"}],"wp:featuredmedia":[{"embeddable":true,"href":"https:\/\/beautycharm.lt\/en\/wp-json\/wp\/v2\/media\/2340"}],"wp:attachment":[{"href":"https:\/\/beautycharm.lt\/en\/wp-json\/wp\/v2\/media?parent=2338"}],"wp:term":[{"taxonomy":"product_brand","embeddable":true,"href":"https:\/\/beautycharm.lt\/en\/wp-json\/wp\/v2\/product_brand?post=2338"},{"taxonomy":"product_cat","embeddable":true,"href":"https:\/\/beautycharm.lt\/en\/wp-json\/wp\/v2\/product_cat?post=2338"},{"taxonomy":"product_tag","embeddable":true,"href":"https:\/\/beautycharm.lt\/en\/wp-json\/wp\/v2\/product_tag?post=2338"}],"curies":[{"name":"wp","href":"https:\/\/api.w.org\/{rel}","templated":true}]}}