{"id":2335,"date":"2025-09-15T19:14:51","date_gmt":"2025-09-15T16:14:51","guid":{"rendered":"https:\/\/beautycharm.lt\/?post_type=product&#038;p=2335"},"modified":"2025-09-15T19:14:51","modified_gmt":"2025-09-15T16:14:51","slug":"heliocare-360-oil-free-gelis-pf-50-50-ml","status":"publish","type":"product","link":"https:\/\/beautycharm.lt\/en\/product\/heliocare-360-oil-free-gelis-pf-50-50-ml\/","title":{"rendered":"HELIOCARE 360 OIL-FREE GELIS PF 50, 50 ML"},"content":{"rendered":"<div class=\"description simple-text\">\n<p>Nekomedogenin\u0117 sud\u0117tis ir lengva gelio tekst\u016bra be aliejaus palieka od\u0105\u00a0lygi\u0105 ir be blizgesio. Kompleksas tinkamas riebiai arba \u012f akn\u0119 linkusiai odai, taip pat odai su sebumo pertekliumi.\u00a0Priemon\u0117 taip pat tinka odai, norin\u010diai tur\u0117ti\u00a0matin\u012f ir \u201edry touch\u201c efekt\u0105.<\/p>\n<\/div>\n<div class=\"product-code\">Prek\u0117s kodas: 1168<\/p>\n<div class=\"heading34\">Apra\u0161ymas<\/div>\n<div class=\"right simple-text\">\n<p>Nekomedogenin\u0117 sud\u0117tis ir lengva gelio tekst\u016bra be aliejaus palieka od\u0105\u00a0lygi\u0105 ir be blizgesio. Kompleksas tinkamas riebiai arba \u012f akn\u0119 linkusiai odai, taip pat odai su sebumo pertekliumi.\u00a0Priemon\u0117 taip pat tinka odai, norin\u010diai tur\u0117ti\u00a0matin\u012f ir \u201edry touch\u201c efekt\u0105.<\/p>\n<p><strong>Advantages:<\/strong><\/p>\n<ul>\n<li>SPF50+.<\/li>\n<li>Suitable for sun-damaged skin.<\/li>\n<li>Suitable for skin that needs antioxidant protection.<\/li>\n<li>Priemon\u0117 tinka odai su riebal\u0173 pertekliumi.<\/li>\n<li>Tinka riebiai ir \u012f akn\u0119 linkusiai odai.<\/li>\n<\/ul>\n<p><strong>Active ingredients:<\/strong><br \/>\nOptimali\u0173 ir stabili\u0173 UV filtr\u0173 kombinacija, Fernblock\u00ae+ technologija,Glikozilaz\u0117, Physavie, OTZ 10, Bioshield sistema (Biomimetic melanin irOTZ 10), sebumo i\u0161siskirim\u0105 ir mati\u0161kum\u0105 kontroliuojantis kompleksas, argininas.<\/p>\n<p><strong>Ingredients:<\/strong>\u00a0Aqua; C12-15 Alkyl Benzoate; Arginine; Phenylbenzimidazole Sulfonic Acid; Disodium Phenyl Dibenzimidazole Tetrasulfonate; Bis-Ethylhexyloxyphenol Methoxyphenyl Triazine; Titanium Dioxide(nano); Hexylene Glycol; C14-22 Alcohols; C12-20 Alkyl Glucoside; Diethylamino Hydroxybenzoyl Hexyl Benzoate; Nylon-12; Myristyl alcohol; Dipropylene Glycol Dibenzoate; Ceteareth-25; Diethylhexyl butamido triazone; Phenoxyethanol; Polypodium Leucotomos Leaf Extract ; Ferulic Acid; Caffeic Acid; Physalis Angulata Extract; Caprylyl Glycol; Melanin; Myristyl glucoside; Ethylhexyl Triazone; Caprylyl Methicone; Hydrolyzed Wheat Protein\/PVP Crosspolymer; Glycerin; 3-O-Ethyl Ascorbic Acid; Alumina; PPG-15 Stearyl Ether Benzoate; Disodium Ethylene Dicocamide PEG-15 Disulfate; Camellia Sinensis Extract; Ethylhexylglycerin; Tocopheryl Acetate; Xanthan Gum; Phytosphingosine HCl; plankton extract; Ethyl Lauroyl Arginate HCl; Panthenyl Triacetate; Parfum; Simethicone; Oxothiazolidine; Disodium EDTA; Silica; Ethyl Linoleate; Caprylic\/Capric Triglyceride; Oleyl Alcohol; Butylene Glycol; Propylene glycol; Lecithin; Sodium Benzoate ; Tocopherol; Linalool; Limonene.<\/p>\n<\/div>\n<\/div>\n<div><\/div>","protected":false},"excerpt":{"rendered":"<p>Nekomedogenin\u0117 sud\u0117tis ir lengva gelio tekst\u016bra be aliejaus palieka od\u0105\u00a0lygi\u0105 ir be blizgesio. Kompleksas tinkamas riebiai arba \u012f akn\u0119 linkusiai odai, taip pat odai su sebumo pertekliumi.\u00a0Priemon\u0117 taip pat tinka odai, norin\u010diai tur\u0117ti\u00a0matin\u012f ir \u201edry touch\u201c efekt\u0105. Prek\u0117s kodas: 1168 Apra\u0161ymas Nekomedogenin\u0117 sud\u0117tis ir lengva gelio tekst\u016bra be aliejaus palieka od\u0105\u00a0lygi\u0105 ir be blizgesio. Kompleksas<\/p>\n<div class=\"klb-readmore entry-button\"><a class=\"button light alt medium\" href=\"https:\/\/beautycharm.lt\/en\/product\/heliocare-360-oil-free-gelis-pf-50-50-ml\/\">Read More<\/a><\/div>","protected":false},"featured_media":2336,"comment_status":"open","ping_status":"closed","template":"","meta":{"inline_featured_image":false},"product_brand":[89],"product_cat":[120,130],"product_tag":[],"class_list":{"0":"post-2335","1":"product","2":"type-product","3":"status-publish","4":"has-post-thumbnail","6":"product_brand-heliocare-lt","7":"product_cat-moterims-lt","8":"product_cat-spf-apsauga","10":"first","11":"instock","12":"shipping-taxable","13":"purchasable","14":"product-type-simple"},"yoast_head":"<!-- This site is optimized with the Yoast SEO plugin v27.4 - https:\/\/yoast.com\/product\/yoast-seo-wordpress\/ -->\n<title>HELIOCARE 360 OIL-FREE GELIS PF 50, 50 ML - Beauty Charm<\/title>\n<meta name=\"robots\" content=\"index, follow, max-snippet:-1, max-image-preview:large, max-video-preview:-1\" \/>\n<link rel=\"canonical\" href=\"https:\/\/beautycharm.lt\/en\/product\/heliocare-360-oil-free-gelis-pf-50-50-ml\/\" \/>\n<meta property=\"og:locale\" content=\"en_US\" \/>\n<meta property=\"og:type\" content=\"article\" \/>\n<meta property=\"og:title\" content=\"HELIOCARE 360 OIL-FREE GELIS PF 50, 50 ML - Beauty Charm\" \/>\n<meta property=\"og:description\" content=\"Nekomedogenin\u0117 sud\u0117tis ir lengva gelio tekst\u016bra be aliejaus palieka od\u0105\u00a0lygi\u0105 ir be blizgesio. Kompleksas tinkamas riebiai arba \u012f akn\u0119 linkusiai odai, taip pat odai su sebumo pertekliumi.\u00a0Priemon\u0117 taip pat tinka odai, norin\u010diai tur\u0117ti\u00a0matin\u012f ir \u201edry touch\u201c efekt\u0105. Prek\u0117s kodas: 1168 Apra\u0161ymas Nekomedogenin\u0117 sud\u0117tis ir lengva gelio tekst\u016bra be aliejaus palieka od\u0105\u00a0lygi\u0105 ir be blizgesio. KompleksasRead More\" \/>\n<meta property=\"og:url\" content=\"https:\/\/beautycharm.lt\/en\/product\/heliocare-360-oil-free-gelis-pf-50-50-ml\/\" \/>\n<meta property=\"og:site_name\" content=\"Beauty Charm\" \/>\n<meta property=\"article:publisher\" content=\"https:\/\/www.facebook.com\/faceandbodylines\/\" \/>\n<meta property=\"og:image\" content=\"https:\/\/beautycharm.lt\/wp-content\/uploads\/2025\/09\/heliocare-360-oil-free-apsauginis-gelis-nuo-saules-spf-50-50-ml-413x672-1.png\" \/>\n\t<meta property=\"og:image:width\" content=\"413\" \/>\n\t<meta property=\"og:image:height\" content=\"672\" \/>\n\t<meta property=\"og:image:type\" content=\"image\/png\" \/>\n<meta name=\"twitter:card\" content=\"summary_large_image\" \/>\n<meta name=\"twitter:label1\" content=\"Est. reading time\" \/>\n\t<meta name=\"twitter:data1\" content=\"2 minutes\" \/>\n<script type=\"application\/ld+json\" class=\"yoast-schema-graph\">{\"@context\":\"https:\\\/\\\/schema.org\",\"@graph\":[{\"@type\":\"WebPage\",\"@id\":\"https:\\\/\\\/beautycharm.lt\\\/produktas\\\/heliocare-360-oil-free-gelis-pf-50-50-ml\\\/\",\"url\":\"https:\\\/\\\/beautycharm.lt\\\/produktas\\\/heliocare-360-oil-free-gelis-pf-50-50-ml\\\/\",\"name\":\"HELIOCARE 360 OIL-FREE GELIS PF 50, 50 ML - Beauty Charm\",\"isPartOf\":{\"@id\":\"https:\\\/\\\/beautycharm.lt\\\/#website\"},\"primaryImageOfPage\":{\"@id\":\"https:\\\/\\\/beautycharm.lt\\\/produktas\\\/heliocare-360-oil-free-gelis-pf-50-50-ml\\\/#primaryimage\"},\"image\":{\"@id\":\"https:\\\/\\\/beautycharm.lt\\\/produktas\\\/heliocare-360-oil-free-gelis-pf-50-50-ml\\\/#primaryimage\"},\"thumbnailUrl\":\"https:\\\/\\\/beautycharm.lt\\\/wp-content\\\/uploads\\\/2025\\\/09\\\/heliocare-360-oil-free-apsauginis-gelis-nuo-saules-spf-50-50-ml-413x672-1.png\",\"datePublished\":\"2025-09-15T16:14:51+00:00\",\"breadcrumb\":{\"@id\":\"https:\\\/\\\/beautycharm.lt\\\/produktas\\\/heliocare-360-oil-free-gelis-pf-50-50-ml\\\/#breadcrumb\"},\"inLanguage\":\"en-US\",\"potentialAction\":[{\"@type\":\"ReadAction\",\"target\":[\"https:\\\/\\\/beautycharm.lt\\\/produktas\\\/heliocare-360-oil-free-gelis-pf-50-50-ml\\\/\"]}]},{\"@type\":\"ImageObject\",\"inLanguage\":\"en-US\",\"@id\":\"https:\\\/\\\/beautycharm.lt\\\/produktas\\\/heliocare-360-oil-free-gelis-pf-50-50-ml\\\/#primaryimage\",\"url\":\"https:\\\/\\\/beautycharm.lt\\\/wp-content\\\/uploads\\\/2025\\\/09\\\/heliocare-360-oil-free-apsauginis-gelis-nuo-saules-spf-50-50-ml-413x672-1.png\",\"contentUrl\":\"https:\\\/\\\/beautycharm.lt\\\/wp-content\\\/uploads\\\/2025\\\/09\\\/heliocare-360-oil-free-apsauginis-gelis-nuo-saules-spf-50-50-ml-413x672-1.png\",\"width\":413,\"height\":672},{\"@type\":\"BreadcrumbList\",\"@id\":\"https:\\\/\\\/beautycharm.lt\\\/produktas\\\/heliocare-360-oil-free-gelis-pf-50-50-ml\\\/#breadcrumb\",\"itemListElement\":[{\"@type\":\"ListItem\",\"position\":1,\"name\":\"Home\",\"item\":\"https:\\\/\\\/beautycharm.lt\\\/\"},{\"@type\":\"ListItem\",\"position\":2,\"name\":\"Parduotuv\u0117\",\"item\":\"https:\\\/\\\/beautycharm.lt\\\/parduotuve\\\/\"},{\"@type\":\"ListItem\",\"position\":3,\"name\":\"HELIOCARE 360 OIL-FREE GELIS PF 50, 50 ML\"}]},{\"@type\":\"WebSite\",\"@id\":\"https:\\\/\\\/beautycharm.lt\\\/#website\",\"url\":\"https:\\\/\\\/beautycharm.lt\\\/\",\"name\":\"Beauty Charm\",\"description\":\"Odos prie\u017ei\u016bra vyrams ir moterims\",\"publisher\":{\"@id\":\"https:\\\/\\\/beautycharm.lt\\\/#organization\"},\"potentialAction\":[{\"@type\":\"SearchAction\",\"target\":{\"@type\":\"EntryPoint\",\"urlTemplate\":\"https:\\\/\\\/beautycharm.lt\\\/?s={search_term_string}\"},\"query-input\":{\"@type\":\"PropertyValueSpecification\",\"valueRequired\":true,\"valueName\":\"search_term_string\"}}],\"inLanguage\":\"en-US\"},{\"@type\":\"Organization\",\"@id\":\"https:\\\/\\\/beautycharm.lt\\\/#organization\",\"name\":\"Beauty Charm\",\"url\":\"https:\\\/\\\/beautycharm.lt\\\/\",\"logo\":{\"@type\":\"ImageObject\",\"inLanguage\":\"en-US\",\"@id\":\"https:\\\/\\\/beautycharm.lt\\\/#\\\/schema\\\/logo\\\/image\\\/\",\"url\":\"https:\\\/\\\/beautycharm.lt\\\/wp-content\\\/uploads\\\/2025\\\/08\\\/BeautyCharm_t_s-1.svg\",\"contentUrl\":\"https:\\\/\\\/beautycharm.lt\\\/wp-content\\\/uploads\\\/2025\\\/08\\\/BeautyCharm_t_s-1.svg\",\"width\":148,\"height\":64,\"caption\":\"Beauty Charm\"},\"image\":{\"@id\":\"https:\\\/\\\/beautycharm.lt\\\/#\\\/schema\\\/logo\\\/image\\\/\"},\"sameAs\":[\"https:\\\/\\\/www.facebook.com\\\/faceandbodylines\\\/\",\"https:\\\/\\\/www.instagram.com\\\/the_house_of_charm\\\/\"]}]}<\/script>\n<!-- \/ Yoast SEO plugin. -->","yoast_head_json":{"title":"HELIOCARE 360 OIL-FREE GELIS PF 50, 50 ML - Beauty Charm","robots":{"index":"index","follow":"follow","max-snippet":"max-snippet:-1","max-image-preview":"max-image-preview:large","max-video-preview":"max-video-preview:-1"},"canonical":"https:\/\/beautycharm.lt\/en\/product\/heliocare-360-oil-free-gelis-pf-50-50-ml\/","og_locale":"en_US","og_type":"article","og_title":"HELIOCARE 360 OIL-FREE GELIS PF 50, 50 ML - Beauty Charm","og_description":"Nekomedogenin\u0117 sud\u0117tis ir lengva gelio tekst\u016bra be aliejaus palieka od\u0105\u00a0lygi\u0105 ir be blizgesio. Kompleksas tinkamas riebiai arba \u012f akn\u0119 linkusiai odai, taip pat odai su sebumo pertekliumi.\u00a0Priemon\u0117 taip pat tinka odai, norin\u010diai tur\u0117ti\u00a0matin\u012f ir \u201edry touch\u201c efekt\u0105. Prek\u0117s kodas: 1168 Apra\u0161ymas Nekomedogenin\u0117 sud\u0117tis ir lengva gelio tekst\u016bra be aliejaus palieka od\u0105\u00a0lygi\u0105 ir be blizgesio. KompleksasRead More","og_url":"https:\/\/beautycharm.lt\/en\/product\/heliocare-360-oil-free-gelis-pf-50-50-ml\/","og_site_name":"Beauty Charm","article_publisher":"https:\/\/www.facebook.com\/faceandbodylines\/","og_image":[{"width":413,"height":672,"url":"https:\/\/beautycharm.lt\/wp-content\/uploads\/2025\/09\/heliocare-360-oil-free-apsauginis-gelis-nuo-saules-spf-50-50-ml-413x672-1.png","type":"image\/png"}],"twitter_card":"summary_large_image","twitter_misc":{"Est. reading time":"2 minutes"},"schema":{"@context":"https:\/\/schema.org","@graph":[{"@type":"WebPage","@id":"https:\/\/beautycharm.lt\/produktas\/heliocare-360-oil-free-gelis-pf-50-50-ml\/","url":"https:\/\/beautycharm.lt\/produktas\/heliocare-360-oil-free-gelis-pf-50-50-ml\/","name":"HELIOCARE 360 OIL-FREE GELIS PF 50, 50 ML - Beauty Charm","isPartOf":{"@id":"https:\/\/beautycharm.lt\/#website"},"primaryImageOfPage":{"@id":"https:\/\/beautycharm.lt\/produktas\/heliocare-360-oil-free-gelis-pf-50-50-ml\/#primaryimage"},"image":{"@id":"https:\/\/beautycharm.lt\/produktas\/heliocare-360-oil-free-gelis-pf-50-50-ml\/#primaryimage"},"thumbnailUrl":"https:\/\/beautycharm.lt\/wp-content\/uploads\/2025\/09\/heliocare-360-oil-free-apsauginis-gelis-nuo-saules-spf-50-50-ml-413x672-1.png","datePublished":"2025-09-15T16:14:51+00:00","breadcrumb":{"@id":"https:\/\/beautycharm.lt\/produktas\/heliocare-360-oil-free-gelis-pf-50-50-ml\/#breadcrumb"},"inLanguage":"en-US","potentialAction":[{"@type":"ReadAction","target":["https:\/\/beautycharm.lt\/produktas\/heliocare-360-oil-free-gelis-pf-50-50-ml\/"]}]},{"@type":"ImageObject","inLanguage":"en-US","@id":"https:\/\/beautycharm.lt\/produktas\/heliocare-360-oil-free-gelis-pf-50-50-ml\/#primaryimage","url":"https:\/\/beautycharm.lt\/wp-content\/uploads\/2025\/09\/heliocare-360-oil-free-apsauginis-gelis-nuo-saules-spf-50-50-ml-413x672-1.png","contentUrl":"https:\/\/beautycharm.lt\/wp-content\/uploads\/2025\/09\/heliocare-360-oil-free-apsauginis-gelis-nuo-saules-spf-50-50-ml-413x672-1.png","width":413,"height":672},{"@type":"BreadcrumbList","@id":"https:\/\/beautycharm.lt\/produktas\/heliocare-360-oil-free-gelis-pf-50-50-ml\/#breadcrumb","itemListElement":[{"@type":"ListItem","position":1,"name":"Home","item":"https:\/\/beautycharm.lt\/"},{"@type":"ListItem","position":2,"name":"Parduotuv\u0117","item":"https:\/\/beautycharm.lt\/parduotuve\/"},{"@type":"ListItem","position":3,"name":"HELIOCARE 360 OIL-FREE GELIS PF 50, 50 ML"}]},{"@type":"WebSite","@id":"https:\/\/beautycharm.lt\/#website","url":"https:\/\/beautycharm.lt\/","name":"Beauty Charm","description":"Odos prie\u017ei\u016bra vyrams ir moterims","publisher":{"@id":"https:\/\/beautycharm.lt\/#organization"},"potentialAction":[{"@type":"SearchAction","target":{"@type":"EntryPoint","urlTemplate":"https:\/\/beautycharm.lt\/?s={search_term_string}"},"query-input":{"@type":"PropertyValueSpecification","valueRequired":true,"valueName":"search_term_string"}}],"inLanguage":"en-US"},{"@type":"Organization","@id":"https:\/\/beautycharm.lt\/#organization","name":"Beauty Charm","url":"https:\/\/beautycharm.lt\/","logo":{"@type":"ImageObject","inLanguage":"en-US","@id":"https:\/\/beautycharm.lt\/#\/schema\/logo\/image\/","url":"https:\/\/beautycharm.lt\/wp-content\/uploads\/2025\/08\/BeautyCharm_t_s-1.svg","contentUrl":"https:\/\/beautycharm.lt\/wp-content\/uploads\/2025\/08\/BeautyCharm_t_s-1.svg","width":148,"height":64,"caption":"Beauty Charm"},"image":{"@id":"https:\/\/beautycharm.lt\/#\/schema\/logo\/image\/"},"sameAs":["https:\/\/www.facebook.com\/faceandbodylines\/","https:\/\/www.instagram.com\/the_house_of_charm\/"]}]}},"_links":{"self":[{"href":"https:\/\/beautycharm.lt\/en\/wp-json\/wp\/v2\/product\/2335","targetHints":{"allow":["GET"]}}],"collection":[{"href":"https:\/\/beautycharm.lt\/en\/wp-json\/wp\/v2\/product"}],"about":[{"href":"https:\/\/beautycharm.lt\/en\/wp-json\/wp\/v2\/types\/product"}],"replies":[{"embeddable":true,"href":"https:\/\/beautycharm.lt\/en\/wp-json\/wp\/v2\/comments?post=2335"}],"wp:featuredmedia":[{"embeddable":true,"href":"https:\/\/beautycharm.lt\/en\/wp-json\/wp\/v2\/media\/2336"}],"wp:attachment":[{"href":"https:\/\/beautycharm.lt\/en\/wp-json\/wp\/v2\/media?parent=2335"}],"wp:term":[{"taxonomy":"product_brand","embeddable":true,"href":"https:\/\/beautycharm.lt\/en\/wp-json\/wp\/v2\/product_brand?post=2335"},{"taxonomy":"product_cat","embeddable":true,"href":"https:\/\/beautycharm.lt\/en\/wp-json\/wp\/v2\/product_cat?post=2335"},{"taxonomy":"product_tag","embeddable":true,"href":"https:\/\/beautycharm.lt\/en\/wp-json\/wp\/v2\/product_tag?post=2335"}],"curies":[{"name":"wp","href":"https:\/\/api.w.org\/{rel}","templated":true}]}}