{"id":2333,"date":"2025-09-15T18:38:35","date_gmt":"2025-09-15T15:38:35","guid":{"rendered":"https:\/\/beautycharm.lt\/?post_type=product&#038;p=2333"},"modified":"2025-09-15T19:04:45","modified_gmt":"2025-09-15T16:04:45","slug":"thesera-superbly-shape-holding-kauke-1x25-g","status":"publish","type":"product","link":"https:\/\/beautycharm.lt\/en\/product\/thesera-superbly-shape-holding-kauke-1x25-g\/","title":{"rendered":"THESERA SUPERBLY SHAPE HOLDING KAUK\u0116, 1&#215;25 G"},"content":{"rendered":"<div class=\"description simple-text\">\n<p>Idealiai prisitaikanti bioceliuliozin\u0117 kauk\u0117. Nat\u016bralios bioceliulioz\u0117s lak\u0161tas puikiai priglunda prie veido kont\u016br\u0173 ir odos neylgum\u0173 taip sudarydamas puikias s\u0105lygas veikli\u0173j\u0173 med\u017eiag\u0173 patekimui. Ergonomi\u0161kas dizainas apsaugo nuo odos suglebimo. Pavargusi bei pa\u017eeista oda tampa gaivi bei itin sudr\u0117kinta.<\/p>\n<p>&nbsp;<\/p>\n<\/div>\n<div class=\"product-code\">\n<p>Prek\u0117s kodas: m720076<\/p>\n<div class=\"heading34\">Apra\u0161ymas<\/div>\n<div class=\"right simple-text\">\n<p>Idealiai prisitaikanti bioceliuliozin\u0117 kauk\u0117. Nat\u016bralios bioceliulioz\u0117s lak\u0161tas puikiai priglunda prie veido kont\u016br\u0173 ir odos neylgum\u0173 taip sudarydamas puikias s\u0105lygas veikli\u0173j\u0173 med\u017eiag\u0173 patekimui. Ergonomi\u0161kas dizainas apsaugo nuo odos suglebimo. Pavargusi bei pa\u017eeista oda tampa gaivi bei itin sudr\u0117kinta.<\/p>\n<p><strong>Naudojimas: <\/strong>Naudokite po toniko. Pa\u0161alinus apsaugin\u0119 pl\u0117vel\u0119, u\u017ed\u0117kite kauk\u0119 ant veido bei i\u0161lyginkite susidariusius nelygumus. Palikite 15-20 min., v\u0117liau pa\u0161alinkite kauk\u0119. Leiskite serumo liku\u010diams susigerti \u012f od\u0105.<\/p>\n<p><strong>Pagrindiniai ingredientai:<\/strong> hialurono r\u016bg\u0161tis, keramidas NP, fulerenas, 16 r\u016b\u0161i\u0173 nat\u016brali\u0173 ekstrakt\u0173.<\/p>\n<p><strong>Ingredients:<\/strong>\u00a0Aqua, Butylene Glycol, Glycerin, Peg\/Ppg-17\/6 Copolymer, Peg-60 Hydrogenated Castor Oil, Cellulose Gum, Bis-peg-18 Methyl Ether Dimethyl Silane, Caprylyl Glycol, Triethanolamine, 1,2- Hexanediol, Carbomer, Phenoxyethanol, Propanediol, Disodium Edta, Beta-glucan, Citrus Aurantium Bergamia Fruit Oil, Helianthus Annuus Seed Oil, Citrus Limon Peel Oil, Citrus Grandis Peel Oil, Mentha Viridis Leaf Oil, Eucalyptus Globulus Leaf Oil, Pelargonium Graveolens Flower Oil, Hydrolyzed Collagen, Sodium Hyaluronate, Persea Gratissima Fruit Extract, Aloe Barbadensis Leaf Extract, Pentylene Glycol, Royal Jelly Extract, Cocos Nucifera Fruit Extract, Ceramide Np, Fullerenes, Buddleja Davidii Extract, Thymus Vulgaris Flower\/Leaf Extract, Sesamum Indicum Seed Extract, Glycyrrhiza Glabra Root Extract, Cimicifuga Racemosa Root Extract, Polygonum Multiflorum Root Extract, Phellinus Linteus Extract, Angelica Gigas Root Extract, Morus Alba Bark Extract, Paeonia Lactiflora Root Extract, Sophora Angustifolia Root Extract, Scutellaria Baicalensis Root Extract.<\/p>\n<\/div>\n<\/div>\n<div><\/div>","protected":false},"excerpt":{"rendered":"<p>Idealiai prisitaikanti bioceliuliozin\u0117 kauk\u0117. Nat\u016bralios bioceliulioz\u0117s lak\u0161tas puikiai priglunda prie veido kont\u016br\u0173 ir odos neylgum\u0173 taip sudarydamas puikias s\u0105lygas veikli\u0173j\u0173 med\u017eiag\u0173 patekimui. Ergonomi\u0161kas dizainas apsaugo nuo odos suglebimo. Pavargusi bei pa\u017eeista oda tampa gaivi bei itin sudr\u0117kinta. &nbsp; Prek\u0117s kodas: m720076 Apra\u0161ymas Idealiai prisitaikanti bioceliuliozin\u0117 kauk\u0117. Nat\u016bralios bioceliulioz\u0117s lak\u0161tas puikiai priglunda prie veido kont\u016br\u0173 ir<\/p>\n<div class=\"klb-readmore entry-button\"><a class=\"button light alt medium\" href=\"https:\/\/beautycharm.lt\/en\/product\/thesera-superbly-shape-holding-kauke-1x25-g\/\">Read More<\/a><\/div>","protected":false},"featured_media":2334,"comment_status":"open","ping_status":"closed","template":"","meta":{"inline_featured_image":false},"product_brand":[211],"product_cat":[120,136],"product_tag":[218,216,217],"class_list":{"0":"post-2333","1":"product","2":"type-product","3":"status-publish","4":"has-post-thumbnail","6":"product_brand-thesera-en","7":"product_cat-moterims-lt","8":"product_cat-veido-kaukes","9":"product_tag-lakstine-vied-kauke","10":"product_tag-thesera","11":"product_tag-veido-kauke","13":"first","14":"instock","15":"shipping-taxable","16":"product-type-simple"},"yoast_head":"<!-- This site is optimized with the Yoast SEO plugin v27.4 - https:\/\/yoast.com\/product\/yoast-seo-wordpress\/ -->\n<title>THESERA SUPERBLY SHAPE HOLDING KAUK\u0116, 1x25 G - Beauty Charm<\/title>\n<meta name=\"robots\" content=\"index, follow, max-snippet:-1, max-image-preview:large, max-video-preview:-1\" \/>\n<link rel=\"canonical\" href=\"https:\/\/beautycharm.lt\/en\/product\/thesera-superbly-shape-holding-kauke-1x25-g\/\" \/>\n<meta property=\"og:locale\" content=\"en_US\" \/>\n<meta property=\"og:type\" content=\"article\" \/>\n<meta property=\"og:title\" content=\"THESERA SUPERBLY SHAPE HOLDING KAUK\u0116, 1x25 G - Beauty Charm\" \/>\n<meta property=\"og:description\" content=\"Idealiai prisitaikanti bioceliuliozin\u0117 kauk\u0117. Nat\u016bralios bioceliulioz\u0117s lak\u0161tas puikiai priglunda prie veido kont\u016br\u0173 ir odos neylgum\u0173 taip sudarydamas puikias s\u0105lygas veikli\u0173j\u0173 med\u017eiag\u0173 patekimui. Ergonomi\u0161kas dizainas apsaugo nuo odos suglebimo. Pavargusi bei pa\u017eeista oda tampa gaivi bei itin sudr\u0117kinta. &nbsp; Prek\u0117s kodas: m720076 Apra\u0161ymas Idealiai prisitaikanti bioceliuliozin\u0117 kauk\u0117. Nat\u016bralios bioceliulioz\u0117s lak\u0161tas puikiai priglunda prie veido kont\u016br\u0173 irRead More\" \/>\n<meta property=\"og:url\" content=\"https:\/\/beautycharm.lt\/en\/product\/thesera-superbly-shape-holding-kauke-1x25-g\/\" \/>\n<meta property=\"og:site_name\" content=\"Beauty Charm\" \/>\n<meta property=\"article:publisher\" content=\"https:\/\/www.facebook.com\/faceandbodylines\/\" \/>\n<meta property=\"article:modified_time\" content=\"2025-09-15T16:04:45+00:00\" \/>\n<meta property=\"og:image\" content=\"https:\/\/beautycharm.lt\/wp-content\/uploads\/2025\/09\/thesera-superbly-shape-holding-kauke-1-vnt-25-g-413x672-1.png\" \/>\n\t<meta property=\"og:image:width\" content=\"413\" \/>\n\t<meta property=\"og:image:height\" content=\"672\" \/>\n\t<meta property=\"og:image:type\" content=\"image\/png\" \/>\n<meta name=\"twitter:card\" content=\"summary_large_image\" \/>\n<meta name=\"twitter:label1\" content=\"Est. reading time\" \/>\n\t<meta name=\"twitter:data1\" content=\"2 minutes\" \/>\n<script type=\"application\/ld+json\" class=\"yoast-schema-graph\">{\"@context\":\"https:\\\/\\\/schema.org\",\"@graph\":[{\"@type\":\"WebPage\",\"@id\":\"https:\\\/\\\/beautycharm.lt\\\/produktas\\\/thesera-superbly-shape-holding-kauke-1x25-g\\\/\",\"url\":\"https:\\\/\\\/beautycharm.lt\\\/produktas\\\/thesera-superbly-shape-holding-kauke-1x25-g\\\/\",\"name\":\"THESERA SUPERBLY SHAPE HOLDING KAUK\u0116, 1x25 G - Beauty Charm\",\"isPartOf\":{\"@id\":\"https:\\\/\\\/beautycharm.lt\\\/#website\"},\"primaryImageOfPage\":{\"@id\":\"https:\\\/\\\/beautycharm.lt\\\/produktas\\\/thesera-superbly-shape-holding-kauke-1x25-g\\\/#primaryimage\"},\"image\":{\"@id\":\"https:\\\/\\\/beautycharm.lt\\\/produktas\\\/thesera-superbly-shape-holding-kauke-1x25-g\\\/#primaryimage\"},\"thumbnailUrl\":\"https:\\\/\\\/beautycharm.lt\\\/wp-content\\\/uploads\\\/2025\\\/09\\\/thesera-superbly-shape-holding-kauke-1-vnt-25-g-413x672-1.png\",\"datePublished\":\"2025-09-15T15:38:35+00:00\",\"dateModified\":\"2025-09-15T16:04:45+00:00\",\"breadcrumb\":{\"@id\":\"https:\\\/\\\/beautycharm.lt\\\/produktas\\\/thesera-superbly-shape-holding-kauke-1x25-g\\\/#breadcrumb\"},\"inLanguage\":\"en-US\",\"potentialAction\":[{\"@type\":\"ReadAction\",\"target\":[\"https:\\\/\\\/beautycharm.lt\\\/produktas\\\/thesera-superbly-shape-holding-kauke-1x25-g\\\/\"]}]},{\"@type\":\"ImageObject\",\"inLanguage\":\"en-US\",\"@id\":\"https:\\\/\\\/beautycharm.lt\\\/produktas\\\/thesera-superbly-shape-holding-kauke-1x25-g\\\/#primaryimage\",\"url\":\"https:\\\/\\\/beautycharm.lt\\\/wp-content\\\/uploads\\\/2025\\\/09\\\/thesera-superbly-shape-holding-kauke-1-vnt-25-g-413x672-1.png\",\"contentUrl\":\"https:\\\/\\\/beautycharm.lt\\\/wp-content\\\/uploads\\\/2025\\\/09\\\/thesera-superbly-shape-holding-kauke-1-vnt-25-g-413x672-1.png\",\"width\":413,\"height\":672},{\"@type\":\"BreadcrumbList\",\"@id\":\"https:\\\/\\\/beautycharm.lt\\\/produktas\\\/thesera-superbly-shape-holding-kauke-1x25-g\\\/#breadcrumb\",\"itemListElement\":[{\"@type\":\"ListItem\",\"position\":1,\"name\":\"Home\",\"item\":\"https:\\\/\\\/beautycharm.lt\\\/\"},{\"@type\":\"ListItem\",\"position\":2,\"name\":\"Parduotuv\u0117\",\"item\":\"https:\\\/\\\/beautycharm.lt\\\/parduotuve\\\/\"},{\"@type\":\"ListItem\",\"position\":3,\"name\":\"THESERA SUPERBLY SHAPE HOLDING KAUK\u0116, 1&#215;25 G\"}]},{\"@type\":\"WebSite\",\"@id\":\"https:\\\/\\\/beautycharm.lt\\\/#website\",\"url\":\"https:\\\/\\\/beautycharm.lt\\\/\",\"name\":\"Beauty Charm\",\"description\":\"Odos prie\u017ei\u016bra vyrams ir moterims\",\"publisher\":{\"@id\":\"https:\\\/\\\/beautycharm.lt\\\/#organization\"},\"potentialAction\":[{\"@type\":\"SearchAction\",\"target\":{\"@type\":\"EntryPoint\",\"urlTemplate\":\"https:\\\/\\\/beautycharm.lt\\\/?s={search_term_string}\"},\"query-input\":{\"@type\":\"PropertyValueSpecification\",\"valueRequired\":true,\"valueName\":\"search_term_string\"}}],\"inLanguage\":\"en-US\"},{\"@type\":\"Organization\",\"@id\":\"https:\\\/\\\/beautycharm.lt\\\/#organization\",\"name\":\"Beauty Charm\",\"url\":\"https:\\\/\\\/beautycharm.lt\\\/\",\"logo\":{\"@type\":\"ImageObject\",\"inLanguage\":\"en-US\",\"@id\":\"https:\\\/\\\/beautycharm.lt\\\/#\\\/schema\\\/logo\\\/image\\\/\",\"url\":\"https:\\\/\\\/beautycharm.lt\\\/wp-content\\\/uploads\\\/2025\\\/08\\\/BeautyCharm_t_s-1.svg\",\"contentUrl\":\"https:\\\/\\\/beautycharm.lt\\\/wp-content\\\/uploads\\\/2025\\\/08\\\/BeautyCharm_t_s-1.svg\",\"width\":148,\"height\":64,\"caption\":\"Beauty Charm\"},\"image\":{\"@id\":\"https:\\\/\\\/beautycharm.lt\\\/#\\\/schema\\\/logo\\\/image\\\/\"},\"sameAs\":[\"https:\\\/\\\/www.facebook.com\\\/faceandbodylines\\\/\",\"https:\\\/\\\/www.instagram.com\\\/the_house_of_charm\\\/\"]}]}<\/script>\n<!-- \/ Yoast SEO plugin. -->","yoast_head_json":{"title":"THESERA SUPERBLY SHAPE HOLDING KAUK\u0116, 1x25 G - Beauty Charm","robots":{"index":"index","follow":"follow","max-snippet":"max-snippet:-1","max-image-preview":"max-image-preview:large","max-video-preview":"max-video-preview:-1"},"canonical":"https:\/\/beautycharm.lt\/en\/product\/thesera-superbly-shape-holding-kauke-1x25-g\/","og_locale":"en_US","og_type":"article","og_title":"THESERA SUPERBLY SHAPE HOLDING KAUK\u0116, 1x25 G - Beauty Charm","og_description":"Idealiai prisitaikanti bioceliuliozin\u0117 kauk\u0117. Nat\u016bralios bioceliulioz\u0117s lak\u0161tas puikiai priglunda prie veido kont\u016br\u0173 ir odos neylgum\u0173 taip sudarydamas puikias s\u0105lygas veikli\u0173j\u0173 med\u017eiag\u0173 patekimui. Ergonomi\u0161kas dizainas apsaugo nuo odos suglebimo. Pavargusi bei pa\u017eeista oda tampa gaivi bei itin sudr\u0117kinta. &nbsp; Prek\u0117s kodas: m720076 Apra\u0161ymas Idealiai prisitaikanti bioceliuliozin\u0117 kauk\u0117. Nat\u016bralios bioceliulioz\u0117s lak\u0161tas puikiai priglunda prie veido kont\u016br\u0173 irRead More","og_url":"https:\/\/beautycharm.lt\/en\/product\/thesera-superbly-shape-holding-kauke-1x25-g\/","og_site_name":"Beauty Charm","article_publisher":"https:\/\/www.facebook.com\/faceandbodylines\/","article_modified_time":"2025-09-15T16:04:45+00:00","og_image":[{"width":413,"height":672,"url":"https:\/\/beautycharm.lt\/wp-content\/uploads\/2025\/09\/thesera-superbly-shape-holding-kauke-1-vnt-25-g-413x672-1.png","type":"image\/png"}],"twitter_card":"summary_large_image","twitter_misc":{"Est. reading time":"2 minutes"},"schema":{"@context":"https:\/\/schema.org","@graph":[{"@type":"WebPage","@id":"https:\/\/beautycharm.lt\/produktas\/thesera-superbly-shape-holding-kauke-1x25-g\/","url":"https:\/\/beautycharm.lt\/produktas\/thesera-superbly-shape-holding-kauke-1x25-g\/","name":"THESERA SUPERBLY SHAPE HOLDING KAUK\u0116, 1x25 G - Beauty Charm","isPartOf":{"@id":"https:\/\/beautycharm.lt\/#website"},"primaryImageOfPage":{"@id":"https:\/\/beautycharm.lt\/produktas\/thesera-superbly-shape-holding-kauke-1x25-g\/#primaryimage"},"image":{"@id":"https:\/\/beautycharm.lt\/produktas\/thesera-superbly-shape-holding-kauke-1x25-g\/#primaryimage"},"thumbnailUrl":"https:\/\/beautycharm.lt\/wp-content\/uploads\/2025\/09\/thesera-superbly-shape-holding-kauke-1-vnt-25-g-413x672-1.png","datePublished":"2025-09-15T15:38:35+00:00","dateModified":"2025-09-15T16:04:45+00:00","breadcrumb":{"@id":"https:\/\/beautycharm.lt\/produktas\/thesera-superbly-shape-holding-kauke-1x25-g\/#breadcrumb"},"inLanguage":"en-US","potentialAction":[{"@type":"ReadAction","target":["https:\/\/beautycharm.lt\/produktas\/thesera-superbly-shape-holding-kauke-1x25-g\/"]}]},{"@type":"ImageObject","inLanguage":"en-US","@id":"https:\/\/beautycharm.lt\/produktas\/thesera-superbly-shape-holding-kauke-1x25-g\/#primaryimage","url":"https:\/\/beautycharm.lt\/wp-content\/uploads\/2025\/09\/thesera-superbly-shape-holding-kauke-1-vnt-25-g-413x672-1.png","contentUrl":"https:\/\/beautycharm.lt\/wp-content\/uploads\/2025\/09\/thesera-superbly-shape-holding-kauke-1-vnt-25-g-413x672-1.png","width":413,"height":672},{"@type":"BreadcrumbList","@id":"https:\/\/beautycharm.lt\/produktas\/thesera-superbly-shape-holding-kauke-1x25-g\/#breadcrumb","itemListElement":[{"@type":"ListItem","position":1,"name":"Home","item":"https:\/\/beautycharm.lt\/"},{"@type":"ListItem","position":2,"name":"Parduotuv\u0117","item":"https:\/\/beautycharm.lt\/parduotuve\/"},{"@type":"ListItem","position":3,"name":"THESERA SUPERBLY SHAPE HOLDING KAUK\u0116, 1&#215;25 G"}]},{"@type":"WebSite","@id":"https:\/\/beautycharm.lt\/#website","url":"https:\/\/beautycharm.lt\/","name":"Beauty Charm","description":"Odos prie\u017ei\u016bra vyrams ir moterims","publisher":{"@id":"https:\/\/beautycharm.lt\/#organization"},"potentialAction":[{"@type":"SearchAction","target":{"@type":"EntryPoint","urlTemplate":"https:\/\/beautycharm.lt\/?s={search_term_string}"},"query-input":{"@type":"PropertyValueSpecification","valueRequired":true,"valueName":"search_term_string"}}],"inLanguage":"en-US"},{"@type":"Organization","@id":"https:\/\/beautycharm.lt\/#organization","name":"Beauty Charm","url":"https:\/\/beautycharm.lt\/","logo":{"@type":"ImageObject","inLanguage":"en-US","@id":"https:\/\/beautycharm.lt\/#\/schema\/logo\/image\/","url":"https:\/\/beautycharm.lt\/wp-content\/uploads\/2025\/08\/BeautyCharm_t_s-1.svg","contentUrl":"https:\/\/beautycharm.lt\/wp-content\/uploads\/2025\/08\/BeautyCharm_t_s-1.svg","width":148,"height":64,"caption":"Beauty Charm"},"image":{"@id":"https:\/\/beautycharm.lt\/#\/schema\/logo\/image\/"},"sameAs":["https:\/\/www.facebook.com\/faceandbodylines\/","https:\/\/www.instagram.com\/the_house_of_charm\/"]}]}},"_links":{"self":[{"href":"https:\/\/beautycharm.lt\/en\/wp-json\/wp\/v2\/product\/2333","targetHints":{"allow":["GET"]}}],"collection":[{"href":"https:\/\/beautycharm.lt\/en\/wp-json\/wp\/v2\/product"}],"about":[{"href":"https:\/\/beautycharm.lt\/en\/wp-json\/wp\/v2\/types\/product"}],"replies":[{"embeddable":true,"href":"https:\/\/beautycharm.lt\/en\/wp-json\/wp\/v2\/comments?post=2333"}],"wp:featuredmedia":[{"embeddable":true,"href":"https:\/\/beautycharm.lt\/en\/wp-json\/wp\/v2\/media\/2334"}],"wp:attachment":[{"href":"https:\/\/beautycharm.lt\/en\/wp-json\/wp\/v2\/media?parent=2333"}],"wp:term":[{"taxonomy":"product_brand","embeddable":true,"href":"https:\/\/beautycharm.lt\/en\/wp-json\/wp\/v2\/product_brand?post=2333"},{"taxonomy":"product_cat","embeddable":true,"href":"https:\/\/beautycharm.lt\/en\/wp-json\/wp\/v2\/product_cat?post=2333"},{"taxonomy":"product_tag","embeddable":true,"href":"https:\/\/beautycharm.lt\/en\/wp-json\/wp\/v2\/product_tag?post=2333"}],"curies":[{"name":"wp","href":"https:\/\/api.w.org\/{rel}","templated":true}]}}