{"id":2331,"date":"2025-09-15T18:29:14","date_gmt":"2025-09-15T15:29:14","guid":{"rendered":"https:\/\/beautycharm.lt\/?post_type=product&#038;p=2331"},"modified":"2025-09-15T18:32:34","modified_gmt":"2025-09-15T15:32:34","slug":"pepplus-pepsolution-lakstine-kauke-25g","status":"publish","type":"product","link":"https:\/\/beautycharm.lt\/en\/product\/pepplus-pepsolution-lakstine-kauke-25g\/","title":{"rendered":"PEPPLUS PEPSOLUTION LAK\u0160TIN\u0116 KAUK\u0116, 25g"},"content":{"rendered":"<div class=\"heading34\">\n<p>Apra\u0161yma<\/p>\n<div class=\"description simple-text\">\n<p>Mink\u0161ta ir \u0161velni lak\u0161tin\u0117 kauk\u0117, praturtinta nat\u016braliais augaliniais ekstraktais ir peptidais, skirta odos dr\u0117kinimui, maitinimui bei\u00a0\u0161viesinimui.<\/p>\n<p>Apra\u0161ymas<\/p>\n<\/div>\n<div class=\"product-code\">Prek\u0117s kodas: 73282<\/div>\n<\/div>\n<div class=\"right simple-text\">\n<p><strong>Active ingredients:<\/strong><\/p>\n<ul>\n<li><strong>3 r\u016b\u0161i\u0173 peptidai <\/strong>\u2013 odos stangrumui, gali pad\u0117ti suma\u017einti smulkias rauk\u0161les.<\/li>\n<li><strong>Niacinamidas<\/strong> \u2013 padeda suma\u017einti odos pigmentacijos poky\u010dius.<\/li>\n<li><strong>Augaliniai ekstraktai (lotoso \u017eied\u0173, jazmin\u0173, ro\u017ei\u0173, alpin\u0117 li\u016btped\u0117)<\/strong> \u2013 antioksidaciniam poveikiui.<\/li>\n<\/ul>\n<p><strong>Naudojimas:<\/strong> naudokite ant \u0161varaus\u00a0veido. U\u017ed\u0117kite kauk\u0119 ant veido bei i\u0161lyginkite susidariusius nelygumus. Palikite 15-20 min., v\u0117liau, nu\u0117mus kauk\u0119, leiskite serumo liku\u010diams susigerti \u012f od\u0105.<\/p>\n<p><strong>Ingredients: <\/strong>Water, Butylene Glycol, Glycerin, Niacinamide, 1,2-Hexanediol, Hydroxyacetophenone, Bis-PEG-18 Methyl Ether Dimenthyl Silane, PEG-60 Hydrogenated Castor Oil, Arginine, Allantoin, Ammonium Acryloydimethyltaurate\/VP Copolymer, Adenosine, Nelumbo Nucifera Flower Extract, Jasminum Officinale(Jasmine) Flower\/Leaf Extract, Rose Extract, Narcissus Pseudo-Narcissus(Daffodil) Flower Extract, Iris Versicolor Extract, Leontopodium Alpinum Flower\/Leaf Extract, Hydrolyzed Collagen, Copper Tripeptide-1, Acetyl Hexapeptide-8, Palmitoyl Pentapeptide-4, Fragrance.<\/p>\n<\/div>","protected":false},"excerpt":{"rendered":"<p>Apra\u0161yma Mink\u0161ta ir \u0161velni lak\u0161tin\u0117 kauk\u0117, praturtinta nat\u016braliais augaliniais ekstraktais ir peptidais, skirta odos dr\u0117kinimui, maitinimui bei\u00a0\u0161viesinimui. Apra\u0161ymas Prek\u0117s kodas: 73282 Veikliosios med\u017eiagos: 3 r\u016b\u0161i\u0173 peptidai \u2013 odos stangrumui, gali pad\u0117ti suma\u017einti smulkias rauk\u0161les. Niacinamidas \u2013 padeda suma\u017einti odos pigmentacijos poky\u010dius. Augaliniai ekstraktai (lotoso \u017eied\u0173, jazmin\u0173, ro\u017ei\u0173, alpin\u0117 li\u016btped\u0117) \u2013 antioksidaciniam poveikiui. Naudojimas: naudokite ant<\/p>\n<div class=\"klb-readmore entry-button\"><a class=\"button light alt medium\" href=\"https:\/\/beautycharm.lt\/en\/product\/pepplus-pepsolution-lakstine-kauke-25g\/\">Read More<\/a><\/div>","protected":false},"featured_media":2332,"comment_status":"open","ping_status":"closed","template":"","meta":{"inline_featured_image":false},"product_brand":[209],"product_cat":[120,136],"product_tag":[],"class_list":{"0":"post-2331","1":"product","2":"type-product","3":"status-publish","4":"has-post-thumbnail","6":"product_brand-pepplus-en","7":"product_cat-moterims-lt","8":"product_cat-veido-kaukes","10":"first","11":"instock","12":"shipping-taxable","13":"purchasable","14":"product-type-simple"},"yoast_head":"<!-- This site is optimized with the Yoast SEO plugin v27.4 - https:\/\/yoast.com\/product\/yoast-seo-wordpress\/ -->\n<title>PEPPLUS PEPSOLUTION LAK\u0160TIN\u0116 KAUK\u0116, 25g - Beauty Charm<\/title>\n<meta name=\"robots\" content=\"index, follow, max-snippet:-1, max-image-preview:large, max-video-preview:-1\" \/>\n<link rel=\"canonical\" href=\"https:\/\/beautycharm.lt\/en\/product\/pepplus-pepsolution-lakstine-kauke-25g\/\" \/>\n<meta property=\"og:locale\" content=\"en_US\" \/>\n<meta property=\"og:type\" content=\"article\" \/>\n<meta property=\"og:title\" content=\"PEPPLUS PEPSOLUTION LAK\u0160TIN\u0116 KAUK\u0116, 25g - Beauty Charm\" \/>\n<meta property=\"og:description\" content=\"Apra\u0161yma Mink\u0161ta ir \u0161velni lak\u0161tin\u0117 kauk\u0117, praturtinta nat\u016braliais augaliniais ekstraktais ir peptidais, skirta odos dr\u0117kinimui, maitinimui bei\u00a0\u0161viesinimui. Apra\u0161ymas Prek\u0117s kodas: 73282 Veikliosios med\u017eiagos: 3 r\u016b\u0161i\u0173 peptidai \u2013 odos stangrumui, gali pad\u0117ti suma\u017einti smulkias rauk\u0161les. Niacinamidas \u2013 padeda suma\u017einti odos pigmentacijos poky\u010dius. Augaliniai ekstraktai (lotoso \u017eied\u0173, jazmin\u0173, ro\u017ei\u0173, alpin\u0117 li\u016btped\u0117) \u2013 antioksidaciniam poveikiui. Naudojimas: naudokite antRead More\" \/>\n<meta property=\"og:url\" content=\"https:\/\/beautycharm.lt\/en\/product\/pepplus-pepsolution-lakstine-kauke-25g\/\" \/>\n<meta property=\"og:site_name\" content=\"Beauty Charm\" \/>\n<meta property=\"article:publisher\" content=\"https:\/\/www.facebook.com\/faceandbodylines\/\" \/>\n<meta property=\"article:modified_time\" content=\"2025-09-15T15:32:34+00:00\" \/>\n<meta property=\"og:image\" content=\"https:\/\/beautycharm.lt\/wp-content\/uploads\/2025\/09\/pepplus-pepsolution-lakstine-kauke-25g-413x672-1.png\" \/>\n\t<meta property=\"og:image:width\" content=\"413\" \/>\n\t<meta property=\"og:image:height\" content=\"672\" \/>\n\t<meta property=\"og:image:type\" content=\"image\/png\" \/>\n<meta name=\"twitter:card\" content=\"summary_large_image\" \/>\n<meta name=\"twitter:label1\" content=\"Est. reading time\" \/>\n\t<meta name=\"twitter:data1\" content=\"1 minute\" \/>\n<script type=\"application\/ld+json\" class=\"yoast-schema-graph\">{\"@context\":\"https:\\\/\\\/schema.org\",\"@graph\":[{\"@type\":\"WebPage\",\"@id\":\"https:\\\/\\\/beautycharm.lt\\\/produktas\\\/pepplus-pepsolution-lakstine-kauke-25g\\\/\",\"url\":\"https:\\\/\\\/beautycharm.lt\\\/produktas\\\/pepplus-pepsolution-lakstine-kauke-25g\\\/\",\"name\":\"PEPPLUS PEPSOLUTION LAK\u0160TIN\u0116 KAUK\u0116, 25g - Beauty Charm\",\"isPartOf\":{\"@id\":\"https:\\\/\\\/beautycharm.lt\\\/#website\"},\"primaryImageOfPage\":{\"@id\":\"https:\\\/\\\/beautycharm.lt\\\/produktas\\\/pepplus-pepsolution-lakstine-kauke-25g\\\/#primaryimage\"},\"image\":{\"@id\":\"https:\\\/\\\/beautycharm.lt\\\/produktas\\\/pepplus-pepsolution-lakstine-kauke-25g\\\/#primaryimage\"},\"thumbnailUrl\":\"https:\\\/\\\/beautycharm.lt\\\/wp-content\\\/uploads\\\/2025\\\/09\\\/pepplus-pepsolution-lakstine-kauke-25g-413x672-1.png\",\"datePublished\":\"2025-09-15T15:29:14+00:00\",\"dateModified\":\"2025-09-15T15:32:34+00:00\",\"breadcrumb\":{\"@id\":\"https:\\\/\\\/beautycharm.lt\\\/produktas\\\/pepplus-pepsolution-lakstine-kauke-25g\\\/#breadcrumb\"},\"inLanguage\":\"en-US\",\"potentialAction\":[{\"@type\":\"ReadAction\",\"target\":[\"https:\\\/\\\/beautycharm.lt\\\/produktas\\\/pepplus-pepsolution-lakstine-kauke-25g\\\/\"]}]},{\"@type\":\"ImageObject\",\"inLanguage\":\"en-US\",\"@id\":\"https:\\\/\\\/beautycharm.lt\\\/produktas\\\/pepplus-pepsolution-lakstine-kauke-25g\\\/#primaryimage\",\"url\":\"https:\\\/\\\/beautycharm.lt\\\/wp-content\\\/uploads\\\/2025\\\/09\\\/pepplus-pepsolution-lakstine-kauke-25g-413x672-1.png\",\"contentUrl\":\"https:\\\/\\\/beautycharm.lt\\\/wp-content\\\/uploads\\\/2025\\\/09\\\/pepplus-pepsolution-lakstine-kauke-25g-413x672-1.png\",\"width\":413,\"height\":672},{\"@type\":\"BreadcrumbList\",\"@id\":\"https:\\\/\\\/beautycharm.lt\\\/produktas\\\/pepplus-pepsolution-lakstine-kauke-25g\\\/#breadcrumb\",\"itemListElement\":[{\"@type\":\"ListItem\",\"position\":1,\"name\":\"Home\",\"item\":\"https:\\\/\\\/beautycharm.lt\\\/\"},{\"@type\":\"ListItem\",\"position\":2,\"name\":\"Parduotuv\u0117\",\"item\":\"https:\\\/\\\/beautycharm.lt\\\/parduotuve\\\/\"},{\"@type\":\"ListItem\",\"position\":3,\"name\":\"PEPPLUS PEPSOLUTION LAK\u0160TIN\u0116 KAUK\u0116, 25g\"}]},{\"@type\":\"WebSite\",\"@id\":\"https:\\\/\\\/beautycharm.lt\\\/#website\",\"url\":\"https:\\\/\\\/beautycharm.lt\\\/\",\"name\":\"Beauty Charm\",\"description\":\"Odos prie\u017ei\u016bra vyrams ir moterims\",\"publisher\":{\"@id\":\"https:\\\/\\\/beautycharm.lt\\\/#organization\"},\"potentialAction\":[{\"@type\":\"SearchAction\",\"target\":{\"@type\":\"EntryPoint\",\"urlTemplate\":\"https:\\\/\\\/beautycharm.lt\\\/?s={search_term_string}\"},\"query-input\":{\"@type\":\"PropertyValueSpecification\",\"valueRequired\":true,\"valueName\":\"search_term_string\"}}],\"inLanguage\":\"en-US\"},{\"@type\":\"Organization\",\"@id\":\"https:\\\/\\\/beautycharm.lt\\\/#organization\",\"name\":\"Beauty Charm\",\"url\":\"https:\\\/\\\/beautycharm.lt\\\/\",\"logo\":{\"@type\":\"ImageObject\",\"inLanguage\":\"en-US\",\"@id\":\"https:\\\/\\\/beautycharm.lt\\\/#\\\/schema\\\/logo\\\/image\\\/\",\"url\":\"https:\\\/\\\/beautycharm.lt\\\/wp-content\\\/uploads\\\/2025\\\/08\\\/BeautyCharm_t_s-1.svg\",\"contentUrl\":\"https:\\\/\\\/beautycharm.lt\\\/wp-content\\\/uploads\\\/2025\\\/08\\\/BeautyCharm_t_s-1.svg\",\"width\":148,\"height\":64,\"caption\":\"Beauty Charm\"},\"image\":{\"@id\":\"https:\\\/\\\/beautycharm.lt\\\/#\\\/schema\\\/logo\\\/image\\\/\"},\"sameAs\":[\"https:\\\/\\\/www.facebook.com\\\/faceandbodylines\\\/\",\"https:\\\/\\\/www.instagram.com\\\/the_house_of_charm\\\/\"]}]}<\/script>\n<!-- \/ Yoast SEO plugin. -->","yoast_head_json":{"title":"PEPPLUS PEPSOLUTION LAK\u0160TIN\u0116 KAUK\u0116, 25g - Beauty Charm","robots":{"index":"index","follow":"follow","max-snippet":"max-snippet:-1","max-image-preview":"max-image-preview:large","max-video-preview":"max-video-preview:-1"},"canonical":"https:\/\/beautycharm.lt\/en\/product\/pepplus-pepsolution-lakstine-kauke-25g\/","og_locale":"en_US","og_type":"article","og_title":"PEPPLUS PEPSOLUTION LAK\u0160TIN\u0116 KAUK\u0116, 25g - Beauty Charm","og_description":"Apra\u0161yma Mink\u0161ta ir \u0161velni lak\u0161tin\u0117 kauk\u0117, praturtinta nat\u016braliais augaliniais ekstraktais ir peptidais, skirta odos dr\u0117kinimui, maitinimui bei\u00a0\u0161viesinimui. Apra\u0161ymas Prek\u0117s kodas: 73282 Veikliosios med\u017eiagos: 3 r\u016b\u0161i\u0173 peptidai \u2013 odos stangrumui, gali pad\u0117ti suma\u017einti smulkias rauk\u0161les. Niacinamidas \u2013 padeda suma\u017einti odos pigmentacijos poky\u010dius. Augaliniai ekstraktai (lotoso \u017eied\u0173, jazmin\u0173, ro\u017ei\u0173, alpin\u0117 li\u016btped\u0117) \u2013 antioksidaciniam poveikiui. Naudojimas: naudokite antRead More","og_url":"https:\/\/beautycharm.lt\/en\/product\/pepplus-pepsolution-lakstine-kauke-25g\/","og_site_name":"Beauty Charm","article_publisher":"https:\/\/www.facebook.com\/faceandbodylines\/","article_modified_time":"2025-09-15T15:32:34+00:00","og_image":[{"width":413,"height":672,"url":"https:\/\/beautycharm.lt\/wp-content\/uploads\/2025\/09\/pepplus-pepsolution-lakstine-kauke-25g-413x672-1.png","type":"image\/png"}],"twitter_card":"summary_large_image","twitter_misc":{"Est. reading time":"1 minute"},"schema":{"@context":"https:\/\/schema.org","@graph":[{"@type":"WebPage","@id":"https:\/\/beautycharm.lt\/produktas\/pepplus-pepsolution-lakstine-kauke-25g\/","url":"https:\/\/beautycharm.lt\/produktas\/pepplus-pepsolution-lakstine-kauke-25g\/","name":"PEPPLUS PEPSOLUTION LAK\u0160TIN\u0116 KAUK\u0116, 25g - Beauty Charm","isPartOf":{"@id":"https:\/\/beautycharm.lt\/#website"},"primaryImageOfPage":{"@id":"https:\/\/beautycharm.lt\/produktas\/pepplus-pepsolution-lakstine-kauke-25g\/#primaryimage"},"image":{"@id":"https:\/\/beautycharm.lt\/produktas\/pepplus-pepsolution-lakstine-kauke-25g\/#primaryimage"},"thumbnailUrl":"https:\/\/beautycharm.lt\/wp-content\/uploads\/2025\/09\/pepplus-pepsolution-lakstine-kauke-25g-413x672-1.png","datePublished":"2025-09-15T15:29:14+00:00","dateModified":"2025-09-15T15:32:34+00:00","breadcrumb":{"@id":"https:\/\/beautycharm.lt\/produktas\/pepplus-pepsolution-lakstine-kauke-25g\/#breadcrumb"},"inLanguage":"en-US","potentialAction":[{"@type":"ReadAction","target":["https:\/\/beautycharm.lt\/produktas\/pepplus-pepsolution-lakstine-kauke-25g\/"]}]},{"@type":"ImageObject","inLanguage":"en-US","@id":"https:\/\/beautycharm.lt\/produktas\/pepplus-pepsolution-lakstine-kauke-25g\/#primaryimage","url":"https:\/\/beautycharm.lt\/wp-content\/uploads\/2025\/09\/pepplus-pepsolution-lakstine-kauke-25g-413x672-1.png","contentUrl":"https:\/\/beautycharm.lt\/wp-content\/uploads\/2025\/09\/pepplus-pepsolution-lakstine-kauke-25g-413x672-1.png","width":413,"height":672},{"@type":"BreadcrumbList","@id":"https:\/\/beautycharm.lt\/produktas\/pepplus-pepsolution-lakstine-kauke-25g\/#breadcrumb","itemListElement":[{"@type":"ListItem","position":1,"name":"Home","item":"https:\/\/beautycharm.lt\/"},{"@type":"ListItem","position":2,"name":"Parduotuv\u0117","item":"https:\/\/beautycharm.lt\/parduotuve\/"},{"@type":"ListItem","position":3,"name":"PEPPLUS PEPSOLUTION LAK\u0160TIN\u0116 KAUK\u0116, 25g"}]},{"@type":"WebSite","@id":"https:\/\/beautycharm.lt\/#website","url":"https:\/\/beautycharm.lt\/","name":"Beauty Charm","description":"Odos prie\u017ei\u016bra vyrams ir moterims","publisher":{"@id":"https:\/\/beautycharm.lt\/#organization"},"potentialAction":[{"@type":"SearchAction","target":{"@type":"EntryPoint","urlTemplate":"https:\/\/beautycharm.lt\/?s={search_term_string}"},"query-input":{"@type":"PropertyValueSpecification","valueRequired":true,"valueName":"search_term_string"}}],"inLanguage":"en-US"},{"@type":"Organization","@id":"https:\/\/beautycharm.lt\/#organization","name":"Beauty Charm","url":"https:\/\/beautycharm.lt\/","logo":{"@type":"ImageObject","inLanguage":"en-US","@id":"https:\/\/beautycharm.lt\/#\/schema\/logo\/image\/","url":"https:\/\/beautycharm.lt\/wp-content\/uploads\/2025\/08\/BeautyCharm_t_s-1.svg","contentUrl":"https:\/\/beautycharm.lt\/wp-content\/uploads\/2025\/08\/BeautyCharm_t_s-1.svg","width":148,"height":64,"caption":"Beauty Charm"},"image":{"@id":"https:\/\/beautycharm.lt\/#\/schema\/logo\/image\/"},"sameAs":["https:\/\/www.facebook.com\/faceandbodylines\/","https:\/\/www.instagram.com\/the_house_of_charm\/"]}]}},"_links":{"self":[{"href":"https:\/\/beautycharm.lt\/en\/wp-json\/wp\/v2\/product\/2331","targetHints":{"allow":["GET"]}}],"collection":[{"href":"https:\/\/beautycharm.lt\/en\/wp-json\/wp\/v2\/product"}],"about":[{"href":"https:\/\/beautycharm.lt\/en\/wp-json\/wp\/v2\/types\/product"}],"replies":[{"embeddable":true,"href":"https:\/\/beautycharm.lt\/en\/wp-json\/wp\/v2\/comments?post=2331"}],"wp:featuredmedia":[{"embeddable":true,"href":"https:\/\/beautycharm.lt\/en\/wp-json\/wp\/v2\/media\/2332"}],"wp:attachment":[{"href":"https:\/\/beautycharm.lt\/en\/wp-json\/wp\/v2\/media?parent=2331"}],"wp:term":[{"taxonomy":"product_brand","embeddable":true,"href":"https:\/\/beautycharm.lt\/en\/wp-json\/wp\/v2\/product_brand?post=2331"},{"taxonomy":"product_cat","embeddable":true,"href":"https:\/\/beautycharm.lt\/en\/wp-json\/wp\/v2\/product_cat?post=2331"},{"taxonomy":"product_tag","embeddable":true,"href":"https:\/\/beautycharm.lt\/en\/wp-json\/wp\/v2\/product_tag?post=2331"}],"curies":[{"name":"wp","href":"https:\/\/api.w.org\/{rel}","templated":true}]}}