{"id":1862,"date":"2025-07-15T13:57:25","date_gmt":"2025-07-15T10:57:25","guid":{"rendered":"https:\/\/beautycharm.lt\/product\/ahava-deadsea-water-mineral-kuno-losjonas-sea-kissed-250-ml\/"},"modified":"2025-10-06T12:36:35","modified_gmt":"2025-10-06T09:36:35","slug":"ahava-deadsea-water-mineral-kuno-losjonas-sea-kissed-250-ml","status":"publish","type":"product","link":"https:\/\/beautycharm.lt\/en\/product\/ahava-deadsea-water-mineral-kuno-losjonas-sea-kissed-250-ml\/","title":{"rendered":"AHAVA DEADSEA WATER MINERAL BODY LOTION SEA-KISSED, 250 ml"},"content":{"rendered":"<p>Lengvai ir greitai \u012fsigeriantis \u012f od\u0105 raminantis apsauginis k\u016bno losjonas. Negyvosios j\u016bros mineralai maitina od\u0105, o alijo\u0161ius ir hamamelis ramina od\u0105.<\/p>\n<p>Advantages:<\/p>\n<p>Moisturizes;<br \/>\nRetains moisture in the skin;<br \/>\nGives the skin a refreshing sea breeze.<\/p>\n<p>Ingredients:<\/p>\n<p>Aqua (Mineral Spring Water), Ethylhexyl Palmitate, Cetearyl Alcohol, Glycerin, Cetyl Alcohol, Propanediol (Corn derived), Ceteareth-30, Phenoxyethanol, Dimethicone, Parfum (Fragrance), Benzyl Salicylate, Linalool, Limonene, Citronellol, Alpha Isomethyl Ionone, Hydroxycitronellal, Caprylyl Glycol, Chlorphenesin, Sodium Cetearyl Sulfate, Sodium Citrate, Citric Acid, Disodium Phosphate, Potassium Phosphate, Sodium Benzoate, Potassium Sorbate, Ethylhexylglycerin, Aloe Barbadensis (Aloe-Vera) Leaf Juice, Hamamelis Virginiana (Witch Hazel) Leaf Water, Maris Aqua (Dead Sea Water\/Osmoter).<\/p>","protected":false},"excerpt":{"rendered":"<p>Lengvai ir greitai \u012fsigeriantis \u012f od\u0105 raminantis apsauginis k\u016bno losjonas. Negyvosios j\u016bros mineralai maitina od\u0105, o alijo\u0161ius ir hamamelis ramina od\u0105. Privalumai: Dr\u0117kina; Sulaiko dr\u0117gm\u0119 odoje; Suteikia odai j\u016bros gaivos. Sud\u0117tis: Aqua (Mineral Spring Water), Ethylhexyl Palmitate, Cetearyl Alcohol, Glycerin, Cetyl Alcohol, Propanediol (Corn derived), Ceteareth-30, Phenoxyethanol, Dimethicone, Parfum (Fragrance), Benzyl Salicylate, Linalool, Limonene, Citronellol,<\/p>\n<div class=\"klb-readmore entry-button\"><a class=\"button light alt medium\" href=\"https:\/\/beautycharm.lt\/en\/product\/ahava-deadsea-water-mineral-kuno-losjonas-sea-kissed-250-ml\/\">Read More<\/a><\/div>","protected":false},"featured_media":2257,"comment_status":"open","ping_status":"closed","template":"","meta":{"inline_featured_image":false},"product_brand":[87],"product_cat":[118,120],"product_tag":[],"class_list":{"0":"post-1862","1":"product","2":"type-product","3":"status-publish","4":"has-post-thumbnail","6":"product_brand-ahava-lt","7":"product_cat-kuno-kremai","8":"product_cat-moterims-lt","10":"first","11":"outofstock","12":"shipping-taxable","13":"purchasable","14":"product-type-simple"},"yoast_head":"<!-- This site is optimized with the Yoast SEO plugin v27.4 - https:\/\/yoast.com\/product\/yoast-seo-wordpress\/ -->\n<title>AHAVA DEADSEA WATER MINERAL K\u016aNO LOSJONAS SEA-KISSED, 250 ml - Beauty Charm<\/title>\n<meta name=\"robots\" content=\"index, follow, max-snippet:-1, max-image-preview:large, max-video-preview:-1\" \/>\n<link rel=\"canonical\" href=\"https:\/\/beautycharm.lt\/en\/product\/ahava-deadsea-water-mineral-kuno-losjonas-sea-kissed-250-ml\/\" \/>\n<meta property=\"og:locale\" content=\"en_US\" \/>\n<meta property=\"og:type\" content=\"article\" \/>\n<meta property=\"og:title\" content=\"AHAVA DEADSEA WATER MINERAL K\u016aNO LOSJONAS SEA-KISSED, 250 ml - Beauty Charm\" \/>\n<meta property=\"og:description\" content=\"Lengvai ir greitai \u012fsigeriantis \u012f od\u0105 raminantis apsauginis k\u016bno losjonas. Negyvosios j\u016bros mineralai maitina od\u0105, o alijo\u0161ius ir hamamelis ramina od\u0105. Privalumai: Dr\u0117kina; Sulaiko dr\u0117gm\u0119 odoje; Suteikia odai j\u016bros gaivos. Sud\u0117tis: Aqua (Mineral Spring Water), Ethylhexyl Palmitate, Cetearyl Alcohol, Glycerin, Cetyl Alcohol, Propanediol (Corn derived), Ceteareth-30, Phenoxyethanol, Dimethicone, Parfum (Fragrance), Benzyl Salicylate, Linalool, Limonene, Citronellol,Read More\" \/>\n<meta property=\"og:url\" content=\"https:\/\/beautycharm.lt\/en\/product\/ahava-deadsea-water-mineral-kuno-losjonas-sea-kissed-250-ml\/\" \/>\n<meta property=\"og:site_name\" content=\"Beauty Charm\" \/>\n<meta property=\"article:publisher\" content=\"https:\/\/www.facebook.com\/faceandbodylines\/\" \/>\n<meta property=\"article:modified_time\" content=\"2025-10-06T09:36:35+00:00\" \/>\n<meta property=\"og:image\" content=\"https:\/\/beautycharm.lt\/wp-content\/uploads\/2025\/07\/ahava-sea-kissed-kuno-losjonas-250-ml-413x672-1.png\" \/>\n\t<meta property=\"og:image:width\" content=\"413\" \/>\n\t<meta property=\"og:image:height\" content=\"672\" \/>\n\t<meta property=\"og:image:type\" content=\"image\/png\" \/>\n<meta name=\"twitter:card\" content=\"summary_large_image\" \/>\n<meta name=\"twitter:label1\" content=\"Est. reading time\" \/>\n\t<meta name=\"twitter:data1\" content=\"1 minute\" \/>\n<script type=\"application\/ld+json\" class=\"yoast-schema-graph\">{\"@context\":\"https:\\\/\\\/schema.org\",\"@graph\":[{\"@type\":\"WebPage\",\"@id\":\"https:\\\/\\\/beautycharm.lt\\\/produktas\\\/ahava-deadsea-water-mineral-kuno-losjonas-sea-kissed-250-ml\\\/\",\"url\":\"https:\\\/\\\/beautycharm.lt\\\/produktas\\\/ahava-deadsea-water-mineral-kuno-losjonas-sea-kissed-250-ml\\\/\",\"name\":\"AHAVA DEADSEA WATER MINERAL K\u016aNO LOSJONAS SEA-KISSED, 250 ml - Beauty Charm\",\"isPartOf\":{\"@id\":\"https:\\\/\\\/beautycharm.lt\\\/#website\"},\"primaryImageOfPage\":{\"@id\":\"https:\\\/\\\/beautycharm.lt\\\/produktas\\\/ahava-deadsea-water-mineral-kuno-losjonas-sea-kissed-250-ml\\\/#primaryimage\"},\"image\":{\"@id\":\"https:\\\/\\\/beautycharm.lt\\\/produktas\\\/ahava-deadsea-water-mineral-kuno-losjonas-sea-kissed-250-ml\\\/#primaryimage\"},\"thumbnailUrl\":\"https:\\\/\\\/beautycharm.lt\\\/wp-content\\\/uploads\\\/2025\\\/07\\\/ahava-sea-kissed-kuno-losjonas-250-ml-413x672-1.png\",\"datePublished\":\"2025-07-15T10:57:25+00:00\",\"dateModified\":\"2025-10-06T09:36:35+00:00\",\"breadcrumb\":{\"@id\":\"https:\\\/\\\/beautycharm.lt\\\/produktas\\\/ahava-deadsea-water-mineral-kuno-losjonas-sea-kissed-250-ml\\\/#breadcrumb\"},\"inLanguage\":\"en-US\",\"potentialAction\":[{\"@type\":\"ReadAction\",\"target\":[\"https:\\\/\\\/beautycharm.lt\\\/produktas\\\/ahava-deadsea-water-mineral-kuno-losjonas-sea-kissed-250-ml\\\/\"]}]},{\"@type\":\"ImageObject\",\"inLanguage\":\"en-US\",\"@id\":\"https:\\\/\\\/beautycharm.lt\\\/produktas\\\/ahava-deadsea-water-mineral-kuno-losjonas-sea-kissed-250-ml\\\/#primaryimage\",\"url\":\"https:\\\/\\\/beautycharm.lt\\\/wp-content\\\/uploads\\\/2025\\\/07\\\/ahava-sea-kissed-kuno-losjonas-250-ml-413x672-1.png\",\"contentUrl\":\"https:\\\/\\\/beautycharm.lt\\\/wp-content\\\/uploads\\\/2025\\\/07\\\/ahava-sea-kissed-kuno-losjonas-250-ml-413x672-1.png\",\"width\":413,\"height\":672},{\"@type\":\"BreadcrumbList\",\"@id\":\"https:\\\/\\\/beautycharm.lt\\\/produktas\\\/ahava-deadsea-water-mineral-kuno-losjonas-sea-kissed-250-ml\\\/#breadcrumb\",\"itemListElement\":[{\"@type\":\"ListItem\",\"position\":1,\"name\":\"Home\",\"item\":\"https:\\\/\\\/beautycharm.lt\\\/\"},{\"@type\":\"ListItem\",\"position\":2,\"name\":\"Parduotuv\u0117\",\"item\":\"https:\\\/\\\/beautycharm.lt\\\/parduotuve\\\/\"},{\"@type\":\"ListItem\",\"position\":3,\"name\":\"AHAVA DEADSEA WATER MINERAL K\u016aNO LOSJONAS SEA-KISSED, 250 ml\"}]},{\"@type\":\"WebSite\",\"@id\":\"https:\\\/\\\/beautycharm.lt\\\/#website\",\"url\":\"https:\\\/\\\/beautycharm.lt\\\/\",\"name\":\"Beauty Charm\",\"description\":\"Odos prie\u017ei\u016bra vyrams ir moterims\",\"publisher\":{\"@id\":\"https:\\\/\\\/beautycharm.lt\\\/#organization\"},\"potentialAction\":[{\"@type\":\"SearchAction\",\"target\":{\"@type\":\"EntryPoint\",\"urlTemplate\":\"https:\\\/\\\/beautycharm.lt\\\/?s={search_term_string}\"},\"query-input\":{\"@type\":\"PropertyValueSpecification\",\"valueRequired\":true,\"valueName\":\"search_term_string\"}}],\"inLanguage\":\"en-US\"},{\"@type\":\"Organization\",\"@id\":\"https:\\\/\\\/beautycharm.lt\\\/#organization\",\"name\":\"Beauty Charm\",\"url\":\"https:\\\/\\\/beautycharm.lt\\\/\",\"logo\":{\"@type\":\"ImageObject\",\"inLanguage\":\"en-US\",\"@id\":\"https:\\\/\\\/beautycharm.lt\\\/#\\\/schema\\\/logo\\\/image\\\/\",\"url\":\"https:\\\/\\\/beautycharm.lt\\\/wp-content\\\/uploads\\\/2025\\\/08\\\/BeautyCharm_t_s-1.svg\",\"contentUrl\":\"https:\\\/\\\/beautycharm.lt\\\/wp-content\\\/uploads\\\/2025\\\/08\\\/BeautyCharm_t_s-1.svg\",\"width\":148,\"height\":64,\"caption\":\"Beauty Charm\"},\"image\":{\"@id\":\"https:\\\/\\\/beautycharm.lt\\\/#\\\/schema\\\/logo\\\/image\\\/\"},\"sameAs\":[\"https:\\\/\\\/www.facebook.com\\\/faceandbodylines\\\/\",\"https:\\\/\\\/www.instagram.com\\\/the_house_of_charm\\\/\"]}]}<\/script>\n<!-- \/ Yoast SEO plugin. -->","yoast_head_json":{"title":"AHAVA DEADSEA WATER MINERAL K\u016aNO LOSJONAS SEA-KISSED, 250 ml - Beauty Charm","robots":{"index":"index","follow":"follow","max-snippet":"max-snippet:-1","max-image-preview":"max-image-preview:large","max-video-preview":"max-video-preview:-1"},"canonical":"https:\/\/beautycharm.lt\/en\/product\/ahava-deadsea-water-mineral-kuno-losjonas-sea-kissed-250-ml\/","og_locale":"en_US","og_type":"article","og_title":"AHAVA DEADSEA WATER MINERAL K\u016aNO LOSJONAS SEA-KISSED, 250 ml - Beauty Charm","og_description":"Lengvai ir greitai \u012fsigeriantis \u012f od\u0105 raminantis apsauginis k\u016bno losjonas. Negyvosios j\u016bros mineralai maitina od\u0105, o alijo\u0161ius ir hamamelis ramina od\u0105. Privalumai: Dr\u0117kina; Sulaiko dr\u0117gm\u0119 odoje; Suteikia odai j\u016bros gaivos. Sud\u0117tis: Aqua (Mineral Spring Water), Ethylhexyl Palmitate, Cetearyl Alcohol, Glycerin, Cetyl Alcohol, Propanediol (Corn derived), Ceteareth-30, Phenoxyethanol, Dimethicone, Parfum (Fragrance), Benzyl Salicylate, Linalool, Limonene, Citronellol,Read More","og_url":"https:\/\/beautycharm.lt\/en\/product\/ahava-deadsea-water-mineral-kuno-losjonas-sea-kissed-250-ml\/","og_site_name":"Beauty Charm","article_publisher":"https:\/\/www.facebook.com\/faceandbodylines\/","article_modified_time":"2025-10-06T09:36:35+00:00","og_image":[{"width":413,"height":672,"url":"https:\/\/beautycharm.lt\/wp-content\/uploads\/2025\/07\/ahava-sea-kissed-kuno-losjonas-250-ml-413x672-1.png","type":"image\/png"}],"twitter_card":"summary_large_image","twitter_misc":{"Est. reading time":"1 minute"},"schema":{"@context":"https:\/\/schema.org","@graph":[{"@type":"WebPage","@id":"https:\/\/beautycharm.lt\/produktas\/ahava-deadsea-water-mineral-kuno-losjonas-sea-kissed-250-ml\/","url":"https:\/\/beautycharm.lt\/produktas\/ahava-deadsea-water-mineral-kuno-losjonas-sea-kissed-250-ml\/","name":"AHAVA DEADSEA WATER MINERAL K\u016aNO LOSJONAS SEA-KISSED, 250 ml - Beauty Charm","isPartOf":{"@id":"https:\/\/beautycharm.lt\/#website"},"primaryImageOfPage":{"@id":"https:\/\/beautycharm.lt\/produktas\/ahava-deadsea-water-mineral-kuno-losjonas-sea-kissed-250-ml\/#primaryimage"},"image":{"@id":"https:\/\/beautycharm.lt\/produktas\/ahava-deadsea-water-mineral-kuno-losjonas-sea-kissed-250-ml\/#primaryimage"},"thumbnailUrl":"https:\/\/beautycharm.lt\/wp-content\/uploads\/2025\/07\/ahava-sea-kissed-kuno-losjonas-250-ml-413x672-1.png","datePublished":"2025-07-15T10:57:25+00:00","dateModified":"2025-10-06T09:36:35+00:00","breadcrumb":{"@id":"https:\/\/beautycharm.lt\/produktas\/ahava-deadsea-water-mineral-kuno-losjonas-sea-kissed-250-ml\/#breadcrumb"},"inLanguage":"en-US","potentialAction":[{"@type":"ReadAction","target":["https:\/\/beautycharm.lt\/produktas\/ahava-deadsea-water-mineral-kuno-losjonas-sea-kissed-250-ml\/"]}]},{"@type":"ImageObject","inLanguage":"en-US","@id":"https:\/\/beautycharm.lt\/produktas\/ahava-deadsea-water-mineral-kuno-losjonas-sea-kissed-250-ml\/#primaryimage","url":"https:\/\/beautycharm.lt\/wp-content\/uploads\/2025\/07\/ahava-sea-kissed-kuno-losjonas-250-ml-413x672-1.png","contentUrl":"https:\/\/beautycharm.lt\/wp-content\/uploads\/2025\/07\/ahava-sea-kissed-kuno-losjonas-250-ml-413x672-1.png","width":413,"height":672},{"@type":"BreadcrumbList","@id":"https:\/\/beautycharm.lt\/produktas\/ahava-deadsea-water-mineral-kuno-losjonas-sea-kissed-250-ml\/#breadcrumb","itemListElement":[{"@type":"ListItem","position":1,"name":"Home","item":"https:\/\/beautycharm.lt\/"},{"@type":"ListItem","position":2,"name":"Parduotuv\u0117","item":"https:\/\/beautycharm.lt\/parduotuve\/"},{"@type":"ListItem","position":3,"name":"AHAVA DEADSEA WATER MINERAL K\u016aNO LOSJONAS SEA-KISSED, 250 ml"}]},{"@type":"WebSite","@id":"https:\/\/beautycharm.lt\/#website","url":"https:\/\/beautycharm.lt\/","name":"Beauty Charm","description":"Odos prie\u017ei\u016bra vyrams ir moterims","publisher":{"@id":"https:\/\/beautycharm.lt\/#organization"},"potentialAction":[{"@type":"SearchAction","target":{"@type":"EntryPoint","urlTemplate":"https:\/\/beautycharm.lt\/?s={search_term_string}"},"query-input":{"@type":"PropertyValueSpecification","valueRequired":true,"valueName":"search_term_string"}}],"inLanguage":"en-US"},{"@type":"Organization","@id":"https:\/\/beautycharm.lt\/#organization","name":"Beauty Charm","url":"https:\/\/beautycharm.lt\/","logo":{"@type":"ImageObject","inLanguage":"en-US","@id":"https:\/\/beautycharm.lt\/#\/schema\/logo\/image\/","url":"https:\/\/beautycharm.lt\/wp-content\/uploads\/2025\/08\/BeautyCharm_t_s-1.svg","contentUrl":"https:\/\/beautycharm.lt\/wp-content\/uploads\/2025\/08\/BeautyCharm_t_s-1.svg","width":148,"height":64,"caption":"Beauty Charm"},"image":{"@id":"https:\/\/beautycharm.lt\/#\/schema\/logo\/image\/"},"sameAs":["https:\/\/www.facebook.com\/faceandbodylines\/","https:\/\/www.instagram.com\/the_house_of_charm\/"]}]}},"_links":{"self":[{"href":"https:\/\/beautycharm.lt\/en\/wp-json\/wp\/v2\/product\/1862","targetHints":{"allow":["GET"]}}],"collection":[{"href":"https:\/\/beautycharm.lt\/en\/wp-json\/wp\/v2\/product"}],"about":[{"href":"https:\/\/beautycharm.lt\/en\/wp-json\/wp\/v2\/types\/product"}],"replies":[{"embeddable":true,"href":"https:\/\/beautycharm.lt\/en\/wp-json\/wp\/v2\/comments?post=1862"}],"wp:featuredmedia":[{"embeddable":true,"href":"https:\/\/beautycharm.lt\/en\/wp-json\/wp\/v2\/media\/2257"}],"wp:attachment":[{"href":"https:\/\/beautycharm.lt\/en\/wp-json\/wp\/v2\/media?parent=1862"}],"wp:term":[{"taxonomy":"product_brand","embeddable":true,"href":"https:\/\/beautycharm.lt\/en\/wp-json\/wp\/v2\/product_brand?post=1862"},{"taxonomy":"product_cat","embeddable":true,"href":"https:\/\/beautycharm.lt\/en\/wp-json\/wp\/v2\/product_cat?post=1862"},{"taxonomy":"product_tag","embeddable":true,"href":"https:\/\/beautycharm.lt\/en\/wp-json\/wp\/v2\/product_tag?post=1862"}],"curies":[{"name":"wp","href":"https:\/\/api.w.org\/{rel}","templated":true}]}}