{"id":1861,"date":"2025-07-15T13:57:24","date_gmt":"2025-07-15T10:57:24","guid":{"rendered":"https:\/\/beautycharm.lt\/product\/hubislab-bio-cell-sviesinamasis-fluidas-12x2-ml\/"},"modified":"2025-10-05T09:01:20","modified_gmt":"2025-10-05T06:01:20","slug":"hubislab-bio-cell-sviesinamasis-fluidas-12x2-ml","status":"publish","type":"product","link":"https:\/\/beautycharm.lt\/en\/product\/hubislab-bio-cell-sviesinamasis-fluidas-12x2-ml\/","title":{"rendered":"HUBISLAB BIO CELL BRIGHTENING FLUID, 12\u00d72 ml"},"content":{"rendered":"<p>The arbutin contained in the product brightens, moisturises and makes the skin more elastic.<\/p>\n<p>Active ingredients: Arbutin, green tea (Camellia Sinensis) leaf extract, white mulberry (Morus Alba) bark extract, rosemary (Rosmarinus Officinalis) extract, niacinamide.<\/p>\n<p>How to use: Apply to clean, toned skin on the face and neck.<\/p>\n<p>Ingredients:<\/p>\n<p>Water, Butylene Glycol, Bis-PEG-18 Methyl Ether Dimethyl Silane, 1,2-Hexanediol, PEG-60 Hydrogenated Castor Oil, Caprylyl Glycol, Niacinamide, Arbutin, Allantoin, Aloe Barbadensis Leaf Powder, Dipotassium Glycyrrhizate, Centella Asiatica Extract, Fragrance, Morus Alba Bark Extract, Scutellaria Baicalensis Root Extract, Polygonum Cuspidatum Root Extract, Glycyrrhiza Glabra (Licorice) Root Extract, Camellia Sinensis Leaf Extract, Chamomilla Recutita (Matricaria) Flower\/Leaf Extract, Rosmarinus Officinalis (Rosemary) Extract.<\/p>","protected":false},"excerpt":{"rendered":"<p>Sud\u0117tyje esantis arbutinas \u0161viesina, dr\u0117kina ir suteikia odai elastingumo. Veikliosios med\u017eiagos: Arbutinas, \u017ealiosios arbatos (Camellia Sinensis) lap\u0173 ekstraktas, baltojo \u0161ilkmed\u017eio (Morus Alba) \u017eiev\u0117s ekstraktas, rozmarino (Rosmarinus Officinalis) ekstraktas, niacinamidas. Naudojimo b\u016bdas: tepkite ant \u0161varios ir tonizuotos veido ir kaklo odos. Sud\u0117tis: Water, Butylene Glycol, Bis-PEG-18 Methyl Ether Dimethyl Silane, 1,2-Hexanediol, PEG-60 Hydrogenated Castor Oil, Caprylyl<\/p>\n<div class=\"klb-readmore entry-button\"><a class=\"button light alt medium\" href=\"https:\/\/beautycharm.lt\/en\/product\/hubislab-bio-cell-sviesinamasis-fluidas-12x2-ml\/\">Read More<\/a><\/div>","protected":false},"featured_media":2258,"comment_status":"open","ping_status":"closed","template":"","meta":{"inline_featured_image":false},"product_brand":[84],"product_cat":[120,124,126],"product_tag":[],"class_list":{"0":"post-1861","1":"product","2":"type-product","3":"status-publish","4":"has-post-thumbnail","6":"product_brand-hubislab-lt","7":"product_cat-moterims-lt","8":"product_cat-veido-prieziuros-priemones","9":"product_cat-veido-serumai","11":"first","12":"instock","13":"shipping-taxable","14":"purchasable","15":"product-type-simple"},"yoast_head":"<!-- This site is optimized with the Yoast SEO plugin v27.4 - https:\/\/yoast.com\/product\/yoast-seo-wordpress\/ -->\n<title>HUBISLAB BIO CELL \u0160VIESINAMASIS FLUIDAS, 12x2 ml - Beauty Charm<\/title>\n<meta name=\"robots\" content=\"index, follow, max-snippet:-1, max-image-preview:large, max-video-preview:-1\" \/>\n<link rel=\"canonical\" href=\"https:\/\/beautycharm.lt\/en\/product\/hubislab-bio-cell-sviesinamasis-fluidas-12x2-ml\/\" \/>\n<meta property=\"og:locale\" content=\"en_US\" \/>\n<meta property=\"og:type\" content=\"article\" \/>\n<meta property=\"og:title\" content=\"HUBISLAB BIO CELL \u0160VIESINAMASIS FLUIDAS, 12x2 ml - Beauty Charm\" \/>\n<meta property=\"og:description\" content=\"Sud\u0117tyje esantis arbutinas \u0161viesina, dr\u0117kina ir suteikia odai elastingumo. Veikliosios med\u017eiagos: Arbutinas, \u017ealiosios arbatos (Camellia Sinensis) lap\u0173 ekstraktas, baltojo \u0161ilkmed\u017eio (Morus Alba) \u017eiev\u0117s ekstraktas, rozmarino (Rosmarinus Officinalis) ekstraktas, niacinamidas. Naudojimo b\u016bdas: tepkite ant \u0161varios ir tonizuotos veido ir kaklo odos. Sud\u0117tis: Water, Butylene Glycol, Bis-PEG-18 Methyl Ether Dimethyl Silane, 1,2-Hexanediol, PEG-60 Hydrogenated Castor Oil, CaprylylRead More\" \/>\n<meta property=\"og:url\" content=\"https:\/\/beautycharm.lt\/en\/product\/hubislab-bio-cell-sviesinamasis-fluidas-12x2-ml\/\" \/>\n<meta property=\"og:site_name\" content=\"Beauty Charm\" \/>\n<meta property=\"article:publisher\" content=\"https:\/\/www.facebook.com\/faceandbodylines\/\" \/>\n<meta property=\"article:modified_time\" content=\"2025-10-05T06:01:20+00:00\" \/>\n<meta property=\"og:image\" content=\"https:\/\/beautycharm.lt\/wp-content\/uploads\/2025\/07\/hubislab-bio-cell-sviesinamasis-fluidas-2ml-12-413x672-1.png\" \/>\n\t<meta property=\"og:image:width\" content=\"413\" \/>\n\t<meta property=\"og:image:height\" content=\"672\" \/>\n\t<meta property=\"og:image:type\" content=\"image\/png\" \/>\n<meta name=\"twitter:card\" content=\"summary_large_image\" \/>\n<meta name=\"twitter:label1\" content=\"Est. reading time\" \/>\n\t<meta name=\"twitter:data1\" content=\"1 minute\" \/>\n<script type=\"application\/ld+json\" class=\"yoast-schema-graph\">{\"@context\":\"https:\\\/\\\/schema.org\",\"@graph\":[{\"@type\":\"WebPage\",\"@id\":\"https:\\\/\\\/beautycharm.lt\\\/produktas\\\/hubislab-bio-cell-sviesinamasis-fluidas-12x2-ml\\\/\",\"url\":\"https:\\\/\\\/beautycharm.lt\\\/produktas\\\/hubislab-bio-cell-sviesinamasis-fluidas-12x2-ml\\\/\",\"name\":\"HUBISLAB BIO CELL \u0160VIESINAMASIS FLUIDAS, 12x2 ml - Beauty Charm\",\"isPartOf\":{\"@id\":\"https:\\\/\\\/beautycharm.lt\\\/#website\"},\"primaryImageOfPage\":{\"@id\":\"https:\\\/\\\/beautycharm.lt\\\/produktas\\\/hubislab-bio-cell-sviesinamasis-fluidas-12x2-ml\\\/#primaryimage\"},\"image\":{\"@id\":\"https:\\\/\\\/beautycharm.lt\\\/produktas\\\/hubislab-bio-cell-sviesinamasis-fluidas-12x2-ml\\\/#primaryimage\"},\"thumbnailUrl\":\"https:\\\/\\\/beautycharm.lt\\\/wp-content\\\/uploads\\\/2025\\\/07\\\/hubislab-bio-cell-sviesinamasis-fluidas-2ml-12-413x672-1.png\",\"datePublished\":\"2025-07-15T10:57:24+00:00\",\"dateModified\":\"2025-10-05T06:01:20+00:00\",\"breadcrumb\":{\"@id\":\"https:\\\/\\\/beautycharm.lt\\\/produktas\\\/hubislab-bio-cell-sviesinamasis-fluidas-12x2-ml\\\/#breadcrumb\"},\"inLanguage\":\"en-US\",\"potentialAction\":[{\"@type\":\"ReadAction\",\"target\":[\"https:\\\/\\\/beautycharm.lt\\\/produktas\\\/hubislab-bio-cell-sviesinamasis-fluidas-12x2-ml\\\/\"]}]},{\"@type\":\"ImageObject\",\"inLanguage\":\"en-US\",\"@id\":\"https:\\\/\\\/beautycharm.lt\\\/produktas\\\/hubislab-bio-cell-sviesinamasis-fluidas-12x2-ml\\\/#primaryimage\",\"url\":\"https:\\\/\\\/beautycharm.lt\\\/wp-content\\\/uploads\\\/2025\\\/07\\\/hubislab-bio-cell-sviesinamasis-fluidas-2ml-12-413x672-1.png\",\"contentUrl\":\"https:\\\/\\\/beautycharm.lt\\\/wp-content\\\/uploads\\\/2025\\\/07\\\/hubislab-bio-cell-sviesinamasis-fluidas-2ml-12-413x672-1.png\",\"width\":413,\"height\":672},{\"@type\":\"BreadcrumbList\",\"@id\":\"https:\\\/\\\/beautycharm.lt\\\/produktas\\\/hubislab-bio-cell-sviesinamasis-fluidas-12x2-ml\\\/#breadcrumb\",\"itemListElement\":[{\"@type\":\"ListItem\",\"position\":1,\"name\":\"Home\",\"item\":\"https:\\\/\\\/beautycharm.lt\\\/\"},{\"@type\":\"ListItem\",\"position\":2,\"name\":\"Parduotuv\u0117\",\"item\":\"https:\\\/\\\/beautycharm.lt\\\/parduotuve\\\/\"},{\"@type\":\"ListItem\",\"position\":3,\"name\":\"HUBISLAB BIO CELL \u0160VIESINAMASIS FLUIDAS, 12&#215;2 ml\"}]},{\"@type\":\"WebSite\",\"@id\":\"https:\\\/\\\/beautycharm.lt\\\/#website\",\"url\":\"https:\\\/\\\/beautycharm.lt\\\/\",\"name\":\"Beauty Charm\",\"description\":\"Odos prie\u017ei\u016bra vyrams ir moterims\",\"publisher\":{\"@id\":\"https:\\\/\\\/beautycharm.lt\\\/#organization\"},\"potentialAction\":[{\"@type\":\"SearchAction\",\"target\":{\"@type\":\"EntryPoint\",\"urlTemplate\":\"https:\\\/\\\/beautycharm.lt\\\/?s={search_term_string}\"},\"query-input\":{\"@type\":\"PropertyValueSpecification\",\"valueRequired\":true,\"valueName\":\"search_term_string\"}}],\"inLanguage\":\"en-US\"},{\"@type\":\"Organization\",\"@id\":\"https:\\\/\\\/beautycharm.lt\\\/#organization\",\"name\":\"Beauty Charm\",\"url\":\"https:\\\/\\\/beautycharm.lt\\\/\",\"logo\":{\"@type\":\"ImageObject\",\"inLanguage\":\"en-US\",\"@id\":\"https:\\\/\\\/beautycharm.lt\\\/#\\\/schema\\\/logo\\\/image\\\/\",\"url\":\"https:\\\/\\\/beautycharm.lt\\\/wp-content\\\/uploads\\\/2025\\\/08\\\/BeautyCharm_t_s-1.svg\",\"contentUrl\":\"https:\\\/\\\/beautycharm.lt\\\/wp-content\\\/uploads\\\/2025\\\/08\\\/BeautyCharm_t_s-1.svg\",\"width\":148,\"height\":64,\"caption\":\"Beauty Charm\"},\"image\":{\"@id\":\"https:\\\/\\\/beautycharm.lt\\\/#\\\/schema\\\/logo\\\/image\\\/\"},\"sameAs\":[\"https:\\\/\\\/www.facebook.com\\\/faceandbodylines\\\/\",\"https:\\\/\\\/www.instagram.com\\\/the_house_of_charm\\\/\"]}]}<\/script>\n<!-- \/ Yoast SEO plugin. -->","yoast_head_json":{"title":"HUBISLAB BIO CELL \u0160VIESINAMASIS FLUIDAS, 12x2 ml - Beauty Charm","robots":{"index":"index","follow":"follow","max-snippet":"max-snippet:-1","max-image-preview":"max-image-preview:large","max-video-preview":"max-video-preview:-1"},"canonical":"https:\/\/beautycharm.lt\/en\/product\/hubislab-bio-cell-sviesinamasis-fluidas-12x2-ml\/","og_locale":"en_US","og_type":"article","og_title":"HUBISLAB BIO CELL \u0160VIESINAMASIS FLUIDAS, 12x2 ml - Beauty Charm","og_description":"Sud\u0117tyje esantis arbutinas \u0161viesina, dr\u0117kina ir suteikia odai elastingumo. Veikliosios med\u017eiagos: Arbutinas, \u017ealiosios arbatos (Camellia Sinensis) lap\u0173 ekstraktas, baltojo \u0161ilkmed\u017eio (Morus Alba) \u017eiev\u0117s ekstraktas, rozmarino (Rosmarinus Officinalis) ekstraktas, niacinamidas. Naudojimo b\u016bdas: tepkite ant \u0161varios ir tonizuotos veido ir kaklo odos. Sud\u0117tis: Water, Butylene Glycol, Bis-PEG-18 Methyl Ether Dimethyl Silane, 1,2-Hexanediol, PEG-60 Hydrogenated Castor Oil, CaprylylRead More","og_url":"https:\/\/beautycharm.lt\/en\/product\/hubislab-bio-cell-sviesinamasis-fluidas-12x2-ml\/","og_site_name":"Beauty Charm","article_publisher":"https:\/\/www.facebook.com\/faceandbodylines\/","article_modified_time":"2025-10-05T06:01:20+00:00","og_image":[{"width":413,"height":672,"url":"https:\/\/beautycharm.lt\/wp-content\/uploads\/2025\/07\/hubislab-bio-cell-sviesinamasis-fluidas-2ml-12-413x672-1.png","type":"image\/png"}],"twitter_card":"summary_large_image","twitter_misc":{"Est. reading time":"1 minute"},"schema":{"@context":"https:\/\/schema.org","@graph":[{"@type":"WebPage","@id":"https:\/\/beautycharm.lt\/produktas\/hubislab-bio-cell-sviesinamasis-fluidas-12x2-ml\/","url":"https:\/\/beautycharm.lt\/produktas\/hubislab-bio-cell-sviesinamasis-fluidas-12x2-ml\/","name":"HUBISLAB BIO CELL \u0160VIESINAMASIS FLUIDAS, 12x2 ml - Beauty Charm","isPartOf":{"@id":"https:\/\/beautycharm.lt\/#website"},"primaryImageOfPage":{"@id":"https:\/\/beautycharm.lt\/produktas\/hubislab-bio-cell-sviesinamasis-fluidas-12x2-ml\/#primaryimage"},"image":{"@id":"https:\/\/beautycharm.lt\/produktas\/hubislab-bio-cell-sviesinamasis-fluidas-12x2-ml\/#primaryimage"},"thumbnailUrl":"https:\/\/beautycharm.lt\/wp-content\/uploads\/2025\/07\/hubislab-bio-cell-sviesinamasis-fluidas-2ml-12-413x672-1.png","datePublished":"2025-07-15T10:57:24+00:00","dateModified":"2025-10-05T06:01:20+00:00","breadcrumb":{"@id":"https:\/\/beautycharm.lt\/produktas\/hubislab-bio-cell-sviesinamasis-fluidas-12x2-ml\/#breadcrumb"},"inLanguage":"en-US","potentialAction":[{"@type":"ReadAction","target":["https:\/\/beautycharm.lt\/produktas\/hubislab-bio-cell-sviesinamasis-fluidas-12x2-ml\/"]}]},{"@type":"ImageObject","inLanguage":"en-US","@id":"https:\/\/beautycharm.lt\/produktas\/hubislab-bio-cell-sviesinamasis-fluidas-12x2-ml\/#primaryimage","url":"https:\/\/beautycharm.lt\/wp-content\/uploads\/2025\/07\/hubislab-bio-cell-sviesinamasis-fluidas-2ml-12-413x672-1.png","contentUrl":"https:\/\/beautycharm.lt\/wp-content\/uploads\/2025\/07\/hubislab-bio-cell-sviesinamasis-fluidas-2ml-12-413x672-1.png","width":413,"height":672},{"@type":"BreadcrumbList","@id":"https:\/\/beautycharm.lt\/produktas\/hubislab-bio-cell-sviesinamasis-fluidas-12x2-ml\/#breadcrumb","itemListElement":[{"@type":"ListItem","position":1,"name":"Home","item":"https:\/\/beautycharm.lt\/"},{"@type":"ListItem","position":2,"name":"Parduotuv\u0117","item":"https:\/\/beautycharm.lt\/parduotuve\/"},{"@type":"ListItem","position":3,"name":"HUBISLAB BIO CELL \u0160VIESINAMASIS FLUIDAS, 12&#215;2 ml"}]},{"@type":"WebSite","@id":"https:\/\/beautycharm.lt\/#website","url":"https:\/\/beautycharm.lt\/","name":"Beauty Charm","description":"Odos prie\u017ei\u016bra vyrams ir moterims","publisher":{"@id":"https:\/\/beautycharm.lt\/#organization"},"potentialAction":[{"@type":"SearchAction","target":{"@type":"EntryPoint","urlTemplate":"https:\/\/beautycharm.lt\/?s={search_term_string}"},"query-input":{"@type":"PropertyValueSpecification","valueRequired":true,"valueName":"search_term_string"}}],"inLanguage":"en-US"},{"@type":"Organization","@id":"https:\/\/beautycharm.lt\/#organization","name":"Beauty Charm","url":"https:\/\/beautycharm.lt\/","logo":{"@type":"ImageObject","inLanguage":"en-US","@id":"https:\/\/beautycharm.lt\/#\/schema\/logo\/image\/","url":"https:\/\/beautycharm.lt\/wp-content\/uploads\/2025\/08\/BeautyCharm_t_s-1.svg","contentUrl":"https:\/\/beautycharm.lt\/wp-content\/uploads\/2025\/08\/BeautyCharm_t_s-1.svg","width":148,"height":64,"caption":"Beauty Charm"},"image":{"@id":"https:\/\/beautycharm.lt\/#\/schema\/logo\/image\/"},"sameAs":["https:\/\/www.facebook.com\/faceandbodylines\/","https:\/\/www.instagram.com\/the_house_of_charm\/"]}]}},"_links":{"self":[{"href":"https:\/\/beautycharm.lt\/en\/wp-json\/wp\/v2\/product\/1861","targetHints":{"allow":["GET"]}}],"collection":[{"href":"https:\/\/beautycharm.lt\/en\/wp-json\/wp\/v2\/product"}],"about":[{"href":"https:\/\/beautycharm.lt\/en\/wp-json\/wp\/v2\/types\/product"}],"replies":[{"embeddable":true,"href":"https:\/\/beautycharm.lt\/en\/wp-json\/wp\/v2\/comments?post=1861"}],"wp:featuredmedia":[{"embeddable":true,"href":"https:\/\/beautycharm.lt\/en\/wp-json\/wp\/v2\/media\/2258"}],"wp:attachment":[{"href":"https:\/\/beautycharm.lt\/en\/wp-json\/wp\/v2\/media?parent=1861"}],"wp:term":[{"taxonomy":"product_brand","embeddable":true,"href":"https:\/\/beautycharm.lt\/en\/wp-json\/wp\/v2\/product_brand?post=1861"},{"taxonomy":"product_cat","embeddable":true,"href":"https:\/\/beautycharm.lt\/en\/wp-json\/wp\/v2\/product_cat?post=1861"},{"taxonomy":"product_tag","embeddable":true,"href":"https:\/\/beautycharm.lt\/en\/wp-json\/wp\/v2\/product_tag?post=1861"}],"curies":[{"name":"wp","href":"https:\/\/api.w.org\/{rel}","templated":true}]}}