{"id":1859,"date":"2025-07-15T13:57:20","date_gmt":"2025-07-15T10:57:20","guid":{"rendered":"https:\/\/beautycharm.lt\/product\/g-m-collin-pure-veido-kauke-60-g\/"},"modified":"2025-10-05T09:02:26","modified_gmt":"2025-10-05T06:02:26","slug":"g-m-collin-pure-veido-kauke-60-g","status":"publish","type":"product","link":"https:\/\/beautycharm.lt\/en\/product\/g-m-collin-pure-veido-kauke-60-g\/","title":{"rendered":"G.M. COLLIN PURE FACE MASK, 60 g"},"content":{"rendered":"<p>Made from clay and berries, this mask is an excellent choice for skin that needs antioxidant protection.<\/p>\n<p>Advantages:<\/p>\n<p>Suitable for skin that needs excess oil to be absorbed without drying out the skin.<br \/>\nSuitable for skin that needs to tighten pores.<br \/>\nThis product is suitable for refreshing and cleansing the skin.<br \/>\nJust for a more vibrant skin tone.<\/p>\n<p>Application: Apply evenly to clean, dry skin on the face and neck. Leave on for 15\u201320 minutes. Rinse thoroughly. Use twice a week.<\/p>\n<p>Ingredients:<\/p>\n<p>AQUA\/WATER\/EAU, KAOLIN, BENTONITE, NIACINAMIDE, PROPANEDIOL, GLYCERIN, ETHOXYDIGLYCOL, TITANIUM DIOXIDE\/CI 77891, BUTYLENE GLYCOL, CETYL ALCOHOL, GLYCERYL STEARATE, C15-19 ALKANE, PEG-8, POLYMETHYLSILSESQUIOXANE, SALICYLIC ACID, CAPRYLHYDROXAMIC ACID, RHODOMYRTUS TOMENTOSA FRUIT EXTRACT, PELARGONIUM GRAVEOLENS FLOWER OIL, LAVANDULA ANGUSTIFOLIA (LAVENDER) OIL, PEUMUS BOLDUS LEAF EXTRACT, TROPAEOLUM MAJUS FLOWER\/LEAF\/STEM EXTRACT, ROSMARINUS OFFICINALIS (ROSEMARY) LEAF OIL, BIOSACCHARIDE GUM-1, CINNAMOMUM CAMPHORA (CAMPHOR) BARK OIL, CUPRESSUS SEMPERVIRENS OIL, ETHYLHEXYLGLYCERIN, ZINC ACETYLMETHIONATE, PENTAERYTHRITYL TETRA-DI-T-BUTYL HYDROXYHYDROCINNAMATE, PHENOXYETHANOL, PENTYLENE GLYCOL, SODIUM BENZOATE, HYDROXYETHYL ACRYLATE\/SODIUM ACRYLOYLDIMETHYL TAURATE COPOLYMER, 1,2-HEXANEDIOL, TRIETHANOLAMINE, XANTHAN GUM, PEG-75 STEARATE, SCLEROTIUM GUM, LECITHIN, CETETH-20, GLYCERYL POLYACRYLATE, PULLULAN, STEARETH-20, POLYSORBATE 60, SORBITAN ISOSTEARATE, CITRONELLOL, LINALOOL, SILICA, GERANIOL, LIMONENE<\/p>","protected":false},"excerpt":{"rendered":"<p>Sukurta i\u0161 molio ir uog\u0173, \u0161i kauk\u0117 yra puikus pasirinkimas odai, kuriai reikia antioksidacinio poveikio. Privalumai: Tinka odai, kuriai reikalingalingas riebal\u0173 pertekliaus sugerimas nesausinant odos. Tinka odai, kuriai norisi sutraukt\u0173 por\u0173. Priemon\u0117 tinkama norint gaivios, \u0161varios odos. Tika norint gyvybi\u0161kesnio odos atspalvio. Naudojimas: ant \u0161varios ir sausos odos tolygiai tepkite veid\u0105 ir kakl\u0105. Palaikykite 15\u201320<\/p>\n<div class=\"klb-readmore entry-button\"><a class=\"button light alt medium\" href=\"https:\/\/beautycharm.lt\/en\/product\/g-m-collin-pure-veido-kauke-60-g\/\">Read More<\/a><\/div>","protected":false},"featured_media":1860,"comment_status":"open","ping_status":"closed","template":"","meta":{"inline_featured_image":false},"product_brand":[83],"product_cat":[120,136],"product_tag":[],"class_list":{"0":"post-1859","1":"product","2":"type-product","3":"status-publish","4":"has-post-thumbnail","6":"product_brand-g-m-collin-lt","7":"product_cat-moterims-lt","8":"product_cat-veido-kaukes","10":"first","11":"instock","12":"shipping-taxable","13":"purchasable","14":"product-type-simple"},"yoast_head":"<!-- This site is optimized with the Yoast SEO plugin v27.4 - https:\/\/yoast.com\/product\/yoast-seo-wordpress\/ -->\n<title>G.M. COLLIN PURE VEIDO KAUK\u0116, 60 g - Beauty Charm<\/title>\n<meta name=\"robots\" content=\"index, follow, max-snippet:-1, max-image-preview:large, max-video-preview:-1\" \/>\n<link rel=\"canonical\" href=\"https:\/\/beautycharm.lt\/en\/product\/g-m-collin-pure-veido-kauke-60-g\/\" \/>\n<meta property=\"og:locale\" content=\"en_US\" \/>\n<meta property=\"og:type\" content=\"article\" \/>\n<meta property=\"og:title\" content=\"G.M. COLLIN PURE VEIDO KAUK\u0116, 60 g - Beauty Charm\" \/>\n<meta property=\"og:description\" content=\"Sukurta i\u0161 molio ir uog\u0173, \u0161i kauk\u0117 yra puikus pasirinkimas odai, kuriai reikia antioksidacinio poveikio. Privalumai: Tinka odai, kuriai reikalingalingas riebal\u0173 pertekliaus sugerimas nesausinant odos. Tinka odai, kuriai norisi sutraukt\u0173 por\u0173. Priemon\u0117 tinkama norint gaivios, \u0161varios odos. Tika norint gyvybi\u0161kesnio odos atspalvio. Naudojimas: ant \u0161varios ir sausos odos tolygiai tepkite veid\u0105 ir kakl\u0105. Palaikykite 15\u201320Read More\" \/>\n<meta property=\"og:url\" content=\"https:\/\/beautycharm.lt\/en\/product\/g-m-collin-pure-veido-kauke-60-g\/\" \/>\n<meta property=\"og:site_name\" content=\"Beauty Charm\" \/>\n<meta property=\"article:publisher\" content=\"https:\/\/www.facebook.com\/faceandbodylines\/\" \/>\n<meta property=\"article:modified_time\" content=\"2025-10-05T06:02:26+00:00\" \/>\n<meta property=\"og:image\" content=\"https:\/\/beautycharm.lt\/wp-content\/uploads\/2025\/07\/g-m-collin-pure-veido-kauke-60-g.jpg\" \/>\n\t<meta property=\"og:image:width\" content=\"1563\" \/>\n\t<meta property=\"og:image:height\" content=\"1563\" \/>\n\t<meta property=\"og:image:type\" content=\"image\/jpeg\" \/>\n<meta name=\"twitter:card\" content=\"summary_large_image\" \/>\n<meta name=\"twitter:label1\" content=\"Est. reading time\" \/>\n\t<meta name=\"twitter:data1\" content=\"2 minutes\" \/>\n<script type=\"application\/ld+json\" class=\"yoast-schema-graph\">{\"@context\":\"https:\\\/\\\/schema.org\",\"@graph\":[{\"@type\":\"WebPage\",\"@id\":\"https:\\\/\\\/beautycharm.lt\\\/produktas\\\/g-m-collin-pure-veido-kauke-60-g\\\/\",\"url\":\"https:\\\/\\\/beautycharm.lt\\\/produktas\\\/g-m-collin-pure-veido-kauke-60-g\\\/\",\"name\":\"G.M. COLLIN PURE VEIDO KAUK\u0116, 60 g - Beauty Charm\",\"isPartOf\":{\"@id\":\"https:\\\/\\\/beautycharm.lt\\\/#website\"},\"primaryImageOfPage\":{\"@id\":\"https:\\\/\\\/beautycharm.lt\\\/produktas\\\/g-m-collin-pure-veido-kauke-60-g\\\/#primaryimage\"},\"image\":{\"@id\":\"https:\\\/\\\/beautycharm.lt\\\/produktas\\\/g-m-collin-pure-veido-kauke-60-g\\\/#primaryimage\"},\"thumbnailUrl\":\"https:\\\/\\\/beautycharm.lt\\\/wp-content\\\/uploads\\\/2025\\\/07\\\/g-m-collin-pure-veido-kauke-60-g.jpg\",\"datePublished\":\"2025-07-15T10:57:20+00:00\",\"dateModified\":\"2025-10-05T06:02:26+00:00\",\"breadcrumb\":{\"@id\":\"https:\\\/\\\/beautycharm.lt\\\/produktas\\\/g-m-collin-pure-veido-kauke-60-g\\\/#breadcrumb\"},\"inLanguage\":\"en-US\",\"potentialAction\":[{\"@type\":\"ReadAction\",\"target\":[\"https:\\\/\\\/beautycharm.lt\\\/produktas\\\/g-m-collin-pure-veido-kauke-60-g\\\/\"]}]},{\"@type\":\"ImageObject\",\"inLanguage\":\"en-US\",\"@id\":\"https:\\\/\\\/beautycharm.lt\\\/produktas\\\/g-m-collin-pure-veido-kauke-60-g\\\/#primaryimage\",\"url\":\"https:\\\/\\\/beautycharm.lt\\\/wp-content\\\/uploads\\\/2025\\\/07\\\/g-m-collin-pure-veido-kauke-60-g.jpg\",\"contentUrl\":\"https:\\\/\\\/beautycharm.lt\\\/wp-content\\\/uploads\\\/2025\\\/07\\\/g-m-collin-pure-veido-kauke-60-g.jpg\",\"width\":1563,\"height\":1563},{\"@type\":\"BreadcrumbList\",\"@id\":\"https:\\\/\\\/beautycharm.lt\\\/produktas\\\/g-m-collin-pure-veido-kauke-60-g\\\/#breadcrumb\",\"itemListElement\":[{\"@type\":\"ListItem\",\"position\":1,\"name\":\"Home\",\"item\":\"https:\\\/\\\/beautycharm.lt\\\/\"},{\"@type\":\"ListItem\",\"position\":2,\"name\":\"Parduotuv\u0117\",\"item\":\"https:\\\/\\\/beautycharm.lt\\\/parduotuve\\\/\"},{\"@type\":\"ListItem\",\"position\":3,\"name\":\"G.M. COLLIN PURE VEIDO KAUK\u0116, 60 g\"}]},{\"@type\":\"WebSite\",\"@id\":\"https:\\\/\\\/beautycharm.lt\\\/#website\",\"url\":\"https:\\\/\\\/beautycharm.lt\\\/\",\"name\":\"Beauty Charm\",\"description\":\"Odos prie\u017ei\u016bra vyrams ir moterims\",\"publisher\":{\"@id\":\"https:\\\/\\\/beautycharm.lt\\\/#organization\"},\"potentialAction\":[{\"@type\":\"SearchAction\",\"target\":{\"@type\":\"EntryPoint\",\"urlTemplate\":\"https:\\\/\\\/beautycharm.lt\\\/?s={search_term_string}\"},\"query-input\":{\"@type\":\"PropertyValueSpecification\",\"valueRequired\":true,\"valueName\":\"search_term_string\"}}],\"inLanguage\":\"en-US\"},{\"@type\":\"Organization\",\"@id\":\"https:\\\/\\\/beautycharm.lt\\\/#organization\",\"name\":\"Beauty Charm\",\"url\":\"https:\\\/\\\/beautycharm.lt\\\/\",\"logo\":{\"@type\":\"ImageObject\",\"inLanguage\":\"en-US\",\"@id\":\"https:\\\/\\\/beautycharm.lt\\\/#\\\/schema\\\/logo\\\/image\\\/\",\"url\":\"https:\\\/\\\/beautycharm.lt\\\/wp-content\\\/uploads\\\/2025\\\/08\\\/BeautyCharm_t_s-1.svg\",\"contentUrl\":\"https:\\\/\\\/beautycharm.lt\\\/wp-content\\\/uploads\\\/2025\\\/08\\\/BeautyCharm_t_s-1.svg\",\"width\":148,\"height\":64,\"caption\":\"Beauty Charm\"},\"image\":{\"@id\":\"https:\\\/\\\/beautycharm.lt\\\/#\\\/schema\\\/logo\\\/image\\\/\"},\"sameAs\":[\"https:\\\/\\\/www.facebook.com\\\/faceandbodylines\\\/\",\"https:\\\/\\\/www.instagram.com\\\/the_house_of_charm\\\/\"]}]}<\/script>\n<!-- \/ Yoast SEO plugin. -->","yoast_head_json":{"title":"G.M. COLLIN PURE VEIDO KAUK\u0116, 60 g - Beauty Charm","robots":{"index":"index","follow":"follow","max-snippet":"max-snippet:-1","max-image-preview":"max-image-preview:large","max-video-preview":"max-video-preview:-1"},"canonical":"https:\/\/beautycharm.lt\/en\/product\/g-m-collin-pure-veido-kauke-60-g\/","og_locale":"en_US","og_type":"article","og_title":"G.M. COLLIN PURE VEIDO KAUK\u0116, 60 g - Beauty Charm","og_description":"Sukurta i\u0161 molio ir uog\u0173, \u0161i kauk\u0117 yra puikus pasirinkimas odai, kuriai reikia antioksidacinio poveikio. Privalumai: Tinka odai, kuriai reikalingalingas riebal\u0173 pertekliaus sugerimas nesausinant odos. Tinka odai, kuriai norisi sutraukt\u0173 por\u0173. Priemon\u0117 tinkama norint gaivios, \u0161varios odos. Tika norint gyvybi\u0161kesnio odos atspalvio. Naudojimas: ant \u0161varios ir sausos odos tolygiai tepkite veid\u0105 ir kakl\u0105. Palaikykite 15\u201320Read More","og_url":"https:\/\/beautycharm.lt\/en\/product\/g-m-collin-pure-veido-kauke-60-g\/","og_site_name":"Beauty Charm","article_publisher":"https:\/\/www.facebook.com\/faceandbodylines\/","article_modified_time":"2025-10-05T06:02:26+00:00","og_image":[{"width":1563,"height":1563,"url":"https:\/\/beautycharm.lt\/wp-content\/uploads\/2025\/07\/g-m-collin-pure-veido-kauke-60-g.jpg","type":"image\/jpeg"}],"twitter_card":"summary_large_image","twitter_misc":{"Est. reading time":"2 minutes"},"schema":{"@context":"https:\/\/schema.org","@graph":[{"@type":"WebPage","@id":"https:\/\/beautycharm.lt\/produktas\/g-m-collin-pure-veido-kauke-60-g\/","url":"https:\/\/beautycharm.lt\/produktas\/g-m-collin-pure-veido-kauke-60-g\/","name":"G.M. COLLIN PURE VEIDO KAUK\u0116, 60 g - Beauty Charm","isPartOf":{"@id":"https:\/\/beautycharm.lt\/#website"},"primaryImageOfPage":{"@id":"https:\/\/beautycharm.lt\/produktas\/g-m-collin-pure-veido-kauke-60-g\/#primaryimage"},"image":{"@id":"https:\/\/beautycharm.lt\/produktas\/g-m-collin-pure-veido-kauke-60-g\/#primaryimage"},"thumbnailUrl":"https:\/\/beautycharm.lt\/wp-content\/uploads\/2025\/07\/g-m-collin-pure-veido-kauke-60-g.jpg","datePublished":"2025-07-15T10:57:20+00:00","dateModified":"2025-10-05T06:02:26+00:00","breadcrumb":{"@id":"https:\/\/beautycharm.lt\/produktas\/g-m-collin-pure-veido-kauke-60-g\/#breadcrumb"},"inLanguage":"en-US","potentialAction":[{"@type":"ReadAction","target":["https:\/\/beautycharm.lt\/produktas\/g-m-collin-pure-veido-kauke-60-g\/"]}]},{"@type":"ImageObject","inLanguage":"en-US","@id":"https:\/\/beautycharm.lt\/produktas\/g-m-collin-pure-veido-kauke-60-g\/#primaryimage","url":"https:\/\/beautycharm.lt\/wp-content\/uploads\/2025\/07\/g-m-collin-pure-veido-kauke-60-g.jpg","contentUrl":"https:\/\/beautycharm.lt\/wp-content\/uploads\/2025\/07\/g-m-collin-pure-veido-kauke-60-g.jpg","width":1563,"height":1563},{"@type":"BreadcrumbList","@id":"https:\/\/beautycharm.lt\/produktas\/g-m-collin-pure-veido-kauke-60-g\/#breadcrumb","itemListElement":[{"@type":"ListItem","position":1,"name":"Home","item":"https:\/\/beautycharm.lt\/"},{"@type":"ListItem","position":2,"name":"Parduotuv\u0117","item":"https:\/\/beautycharm.lt\/parduotuve\/"},{"@type":"ListItem","position":3,"name":"G.M. COLLIN PURE VEIDO KAUK\u0116, 60 g"}]},{"@type":"WebSite","@id":"https:\/\/beautycharm.lt\/#website","url":"https:\/\/beautycharm.lt\/","name":"Beauty Charm","description":"Odos prie\u017ei\u016bra vyrams ir moterims","publisher":{"@id":"https:\/\/beautycharm.lt\/#organization"},"potentialAction":[{"@type":"SearchAction","target":{"@type":"EntryPoint","urlTemplate":"https:\/\/beautycharm.lt\/?s={search_term_string}"},"query-input":{"@type":"PropertyValueSpecification","valueRequired":true,"valueName":"search_term_string"}}],"inLanguage":"en-US"},{"@type":"Organization","@id":"https:\/\/beautycharm.lt\/#organization","name":"Beauty Charm","url":"https:\/\/beautycharm.lt\/","logo":{"@type":"ImageObject","inLanguage":"en-US","@id":"https:\/\/beautycharm.lt\/#\/schema\/logo\/image\/","url":"https:\/\/beautycharm.lt\/wp-content\/uploads\/2025\/08\/BeautyCharm_t_s-1.svg","contentUrl":"https:\/\/beautycharm.lt\/wp-content\/uploads\/2025\/08\/BeautyCharm_t_s-1.svg","width":148,"height":64,"caption":"Beauty Charm"},"image":{"@id":"https:\/\/beautycharm.lt\/#\/schema\/logo\/image\/"},"sameAs":["https:\/\/www.facebook.com\/faceandbodylines\/","https:\/\/www.instagram.com\/the_house_of_charm\/"]}]}},"_links":{"self":[{"href":"https:\/\/beautycharm.lt\/en\/wp-json\/wp\/v2\/product\/1859","targetHints":{"allow":["GET"]}}],"collection":[{"href":"https:\/\/beautycharm.lt\/en\/wp-json\/wp\/v2\/product"}],"about":[{"href":"https:\/\/beautycharm.lt\/en\/wp-json\/wp\/v2\/types\/product"}],"replies":[{"embeddable":true,"href":"https:\/\/beautycharm.lt\/en\/wp-json\/wp\/v2\/comments?post=1859"}],"wp:featuredmedia":[{"embeddable":true,"href":"https:\/\/beautycharm.lt\/en\/wp-json\/wp\/v2\/media\/1860"}],"wp:attachment":[{"href":"https:\/\/beautycharm.lt\/en\/wp-json\/wp\/v2\/media?parent=1859"}],"wp:term":[{"taxonomy":"product_brand","embeddable":true,"href":"https:\/\/beautycharm.lt\/en\/wp-json\/wp\/v2\/product_brand?post=1859"},{"taxonomy":"product_cat","embeddable":true,"href":"https:\/\/beautycharm.lt\/en\/wp-json\/wp\/v2\/product_cat?post=1859"},{"taxonomy":"product_tag","embeddable":true,"href":"https:\/\/beautycharm.lt\/en\/wp-json\/wp\/v2\/product_tag?post=1859"}],"curies":[{"name":"wp","href":"https:\/\/api.w.org\/{rel}","templated":true}]}}