{"id":1857,"date":"2025-07-15T13:57:16","date_gmt":"2025-07-15T10:57:16","guid":{"rendered":"https:\/\/beautycharm.lt\/product\/endocare-essential-atstatomasis-losjonas-kunui-100-ml\/"},"modified":"2025-08-12T23:19:10","modified_gmt":"2025-08-12T20:19:10","slug":"endocare-essential-atstatomasis-losjonas-kunui-100-ml","status":"publish","type":"product","link":"https:\/\/beautycharm.lt\/en\/product\/endocare-essential-atstatomasis-losjonas-kunui-100-ml\/","title":{"rendered":"ENDOCARE ESSENTIAL REGENERATING BODY LOTION, 100 ML"},"content":{"rendered":"<p>A regenerating skin lotion that protects and restores damaged skin. Contains SCA\u00ae Growth Factor technology, a natural source of skin regeneration with antioxidant and skin-restoring properties. Dermatologist-tested.<\/p>\n<p>Advantages:<\/p>\n<p>\tSkin regeneration.<br \/>\n\tDesigned for large areas of skin.<br \/>\n\tTested under dermatological supervision.<\/p>\n<p>Active ingredients: SCA\u00ae Growth Factor Technology, urea.<\/p>\n<p>Use: Apply once or twice a day to clean skin.<\/p>","protected":false},"excerpt":{"rendered":"<p>Regeneruojantis odos losjonas, kuris apsaugo ir atkuria pa\u017eeist\u0105 od\u0105. Sud\u0117tyje yra SCA\u00ae Growth Factor technologija \u2013 tai nat\u016bralus odos regeneracijos \u0161altinis, pasi\u017eymintis antioksidaciniu ir od\u0105 atkurian\u010diu poveikiu. I\u0161bandyta pri\u017ei\u016brint dermatologui. Privalumai: Odos regeneravimas. Skirtas dideliems k\u016bno odos plotams. I\u0161bandyta pri\u017ei\u016brint dermatologui. Veikliosios med\u017eiagos: SCA\u00ae Growth Factor Technology, \u0161lapalas. Naudojimas: tepkite 1 ar 2 kartus per<\/p>\n<div class=\"klb-readmore entry-button\"><a class=\"button light alt medium\" href=\"https:\/\/beautycharm.lt\/en\/product\/endocare-essential-atstatomasis-losjonas-kunui-100-ml\/\">Read More<\/a><\/div>","protected":false},"featured_media":1858,"comment_status":"open","ping_status":"closed","template":"","meta":{"inline_featured_image":false},"product_brand":[90],"product_cat":[118],"product_tag":[],"class_list":{"0":"post-1857","1":"product","2":"type-product","3":"status-publish","4":"has-post-thumbnail","6":"product_brand-endocare-lt","7":"product_cat-kuno-kremai","9":"first","10":"outofstock","11":"shipping-taxable","12":"purchasable","13":"product-type-simple"},"yoast_head":"<!-- This site is optimized with the Yoast SEO plugin v27.4 - https:\/\/yoast.com\/product\/yoast-seo-wordpress\/ -->\n<title>ENDOCARE ESSENTIAL ATSTATOMASIS LOSJONAS K\u016aNUI, 100 ML - Beauty Charm<\/title>\n<meta name=\"robots\" content=\"index, follow, max-snippet:-1, max-image-preview:large, max-video-preview:-1\" \/>\n<link rel=\"canonical\" href=\"https:\/\/beautycharm.lt\/en\/product\/endocare-essential-atstatomasis-losjonas-kunui-100-ml\/\" \/>\n<meta property=\"og:locale\" content=\"en_US\" \/>\n<meta property=\"og:type\" content=\"article\" \/>\n<meta property=\"og:title\" content=\"ENDOCARE ESSENTIAL ATSTATOMASIS LOSJONAS K\u016aNUI, 100 ML - Beauty Charm\" \/>\n<meta property=\"og:description\" content=\"Regeneruojantis odos losjonas, kuris apsaugo ir atkuria pa\u017eeist\u0105 od\u0105. Sud\u0117tyje yra SCA\u00ae Growth Factor technologija \u2013 tai nat\u016bralus odos regeneracijos \u0161altinis, pasi\u017eymintis antioksidaciniu ir od\u0105 atkurian\u010diu poveikiu. I\u0161bandyta pri\u017ei\u016brint dermatologui. Privalumai: Odos regeneravimas. Skirtas dideliems k\u016bno odos plotams. I\u0161bandyta pri\u017ei\u016brint dermatologui. Veikliosios med\u017eiagos: SCA\u00ae Growth Factor Technology, \u0161lapalas. Naudojimas: tepkite 1 ar 2 kartus perRead More\" \/>\n<meta property=\"og:url\" content=\"https:\/\/beautycharm.lt\/en\/product\/endocare-essential-atstatomasis-losjonas-kunui-100-ml\/\" \/>\n<meta property=\"og:site_name\" content=\"Beauty Charm\" \/>\n<meta property=\"article:publisher\" content=\"https:\/\/www.facebook.com\/faceandbodylines\/\" \/>\n<meta property=\"article:modified_time\" content=\"2025-08-12T20:19:10+00:00\" \/>\n<meta property=\"og:image\" content=\"https:\/\/beautycharm.lt\/wp-content\/uploads\/2025\/07\/endocare-essential-atstatomasis-losjonas-kunui-100-ml.jpg\" \/>\n\t<meta property=\"og:image:width\" content=\"1563\" \/>\n\t<meta property=\"og:image:height\" content=\"1563\" \/>\n\t<meta property=\"og:image:type\" content=\"image\/jpeg\" \/>\n<meta name=\"twitter:card\" content=\"summary_large_image\" \/>\n<script type=\"application\/ld+json\" class=\"yoast-schema-graph\">{\"@context\":\"https:\\\/\\\/schema.org\",\"@graph\":[{\"@type\":\"WebPage\",\"@id\":\"https:\\\/\\\/beautycharm.lt\\\/produktas\\\/endocare-essential-atstatomasis-losjonas-kunui-100-ml\\\/\",\"url\":\"https:\\\/\\\/beautycharm.lt\\\/produktas\\\/endocare-essential-atstatomasis-losjonas-kunui-100-ml\\\/\",\"name\":\"ENDOCARE ESSENTIAL ATSTATOMASIS LOSJONAS K\u016aNUI, 100 ML - Beauty Charm\",\"isPartOf\":{\"@id\":\"https:\\\/\\\/beautycharm.lt\\\/#website\"},\"primaryImageOfPage\":{\"@id\":\"https:\\\/\\\/beautycharm.lt\\\/produktas\\\/endocare-essential-atstatomasis-losjonas-kunui-100-ml\\\/#primaryimage\"},\"image\":{\"@id\":\"https:\\\/\\\/beautycharm.lt\\\/produktas\\\/endocare-essential-atstatomasis-losjonas-kunui-100-ml\\\/#primaryimage\"},\"thumbnailUrl\":\"https:\\\/\\\/beautycharm.lt\\\/wp-content\\\/uploads\\\/2025\\\/07\\\/endocare-essential-atstatomasis-losjonas-kunui-100-ml.jpg\",\"datePublished\":\"2025-07-15T10:57:16+00:00\",\"dateModified\":\"2025-08-12T20:19:10+00:00\",\"breadcrumb\":{\"@id\":\"https:\\\/\\\/beautycharm.lt\\\/produktas\\\/endocare-essential-atstatomasis-losjonas-kunui-100-ml\\\/#breadcrumb\"},\"inLanguage\":\"en-US\",\"potentialAction\":[{\"@type\":\"ReadAction\",\"target\":[\"https:\\\/\\\/beautycharm.lt\\\/produktas\\\/endocare-essential-atstatomasis-losjonas-kunui-100-ml\\\/\"]}]},{\"@type\":\"ImageObject\",\"inLanguage\":\"en-US\",\"@id\":\"https:\\\/\\\/beautycharm.lt\\\/produktas\\\/endocare-essential-atstatomasis-losjonas-kunui-100-ml\\\/#primaryimage\",\"url\":\"https:\\\/\\\/beautycharm.lt\\\/wp-content\\\/uploads\\\/2025\\\/07\\\/endocare-essential-atstatomasis-losjonas-kunui-100-ml.jpg\",\"contentUrl\":\"https:\\\/\\\/beautycharm.lt\\\/wp-content\\\/uploads\\\/2025\\\/07\\\/endocare-essential-atstatomasis-losjonas-kunui-100-ml.jpg\",\"width\":1563,\"height\":1563},{\"@type\":\"BreadcrumbList\",\"@id\":\"https:\\\/\\\/beautycharm.lt\\\/produktas\\\/endocare-essential-atstatomasis-losjonas-kunui-100-ml\\\/#breadcrumb\",\"itemListElement\":[{\"@type\":\"ListItem\",\"position\":1,\"name\":\"Home\",\"item\":\"https:\\\/\\\/beautycharm.lt\\\/\"},{\"@type\":\"ListItem\",\"position\":2,\"name\":\"Parduotuv\u0117\",\"item\":\"https:\\\/\\\/beautycharm.lt\\\/parduotuve\\\/\"},{\"@type\":\"ListItem\",\"position\":3,\"name\":\"ENDOCARE ESSENTIAL ATSTATOMASIS LOSJONAS K\u016aNUI, 100 ML\"}]},{\"@type\":\"WebSite\",\"@id\":\"https:\\\/\\\/beautycharm.lt\\\/#website\",\"url\":\"https:\\\/\\\/beautycharm.lt\\\/\",\"name\":\"Beauty Charm\",\"description\":\"Odos prie\u017ei\u016bra vyrams ir moterims\",\"publisher\":{\"@id\":\"https:\\\/\\\/beautycharm.lt\\\/#organization\"},\"potentialAction\":[{\"@type\":\"SearchAction\",\"target\":{\"@type\":\"EntryPoint\",\"urlTemplate\":\"https:\\\/\\\/beautycharm.lt\\\/?s={search_term_string}\"},\"query-input\":{\"@type\":\"PropertyValueSpecification\",\"valueRequired\":true,\"valueName\":\"search_term_string\"}}],\"inLanguage\":\"en-US\"},{\"@type\":\"Organization\",\"@id\":\"https:\\\/\\\/beautycharm.lt\\\/#organization\",\"name\":\"Beauty Charm\",\"url\":\"https:\\\/\\\/beautycharm.lt\\\/\",\"logo\":{\"@type\":\"ImageObject\",\"inLanguage\":\"en-US\",\"@id\":\"https:\\\/\\\/beautycharm.lt\\\/#\\\/schema\\\/logo\\\/image\\\/\",\"url\":\"https:\\\/\\\/beautycharm.lt\\\/wp-content\\\/uploads\\\/2025\\\/08\\\/BeautyCharm_t_s-1.svg\",\"contentUrl\":\"https:\\\/\\\/beautycharm.lt\\\/wp-content\\\/uploads\\\/2025\\\/08\\\/BeautyCharm_t_s-1.svg\",\"width\":148,\"height\":64,\"caption\":\"Beauty Charm\"},\"image\":{\"@id\":\"https:\\\/\\\/beautycharm.lt\\\/#\\\/schema\\\/logo\\\/image\\\/\"},\"sameAs\":[\"https:\\\/\\\/www.facebook.com\\\/faceandbodylines\\\/\",\"https:\\\/\\\/www.instagram.com\\\/the_house_of_charm\\\/\"]}]}<\/script>\n<!-- \/ Yoast SEO plugin. -->","yoast_head_json":{"title":"ENDOCARE ESSENTIAL ATSTATOMASIS LOSJONAS K\u016aNUI, 100 ML - Beauty Charm","robots":{"index":"index","follow":"follow","max-snippet":"max-snippet:-1","max-image-preview":"max-image-preview:large","max-video-preview":"max-video-preview:-1"},"canonical":"https:\/\/beautycharm.lt\/en\/product\/endocare-essential-atstatomasis-losjonas-kunui-100-ml\/","og_locale":"en_US","og_type":"article","og_title":"ENDOCARE ESSENTIAL ATSTATOMASIS LOSJONAS K\u016aNUI, 100 ML - Beauty Charm","og_description":"Regeneruojantis odos losjonas, kuris apsaugo ir atkuria pa\u017eeist\u0105 od\u0105. Sud\u0117tyje yra SCA\u00ae Growth Factor technologija \u2013 tai nat\u016bralus odos regeneracijos \u0161altinis, pasi\u017eymintis antioksidaciniu ir od\u0105 atkurian\u010diu poveikiu. I\u0161bandyta pri\u017ei\u016brint dermatologui. Privalumai: Odos regeneravimas. Skirtas dideliems k\u016bno odos plotams. I\u0161bandyta pri\u017ei\u016brint dermatologui. Veikliosios med\u017eiagos: SCA\u00ae Growth Factor Technology, \u0161lapalas. Naudojimas: tepkite 1 ar 2 kartus perRead More","og_url":"https:\/\/beautycharm.lt\/en\/product\/endocare-essential-atstatomasis-losjonas-kunui-100-ml\/","og_site_name":"Beauty Charm","article_publisher":"https:\/\/www.facebook.com\/faceandbodylines\/","article_modified_time":"2025-08-12T20:19:10+00:00","og_image":[{"width":1563,"height":1563,"url":"https:\/\/beautycharm.lt\/wp-content\/uploads\/2025\/07\/endocare-essential-atstatomasis-losjonas-kunui-100-ml.jpg","type":"image\/jpeg"}],"twitter_card":"summary_large_image","schema":{"@context":"https:\/\/schema.org","@graph":[{"@type":"WebPage","@id":"https:\/\/beautycharm.lt\/produktas\/endocare-essential-atstatomasis-losjonas-kunui-100-ml\/","url":"https:\/\/beautycharm.lt\/produktas\/endocare-essential-atstatomasis-losjonas-kunui-100-ml\/","name":"ENDOCARE ESSENTIAL ATSTATOMASIS LOSJONAS K\u016aNUI, 100 ML - Beauty Charm","isPartOf":{"@id":"https:\/\/beautycharm.lt\/#website"},"primaryImageOfPage":{"@id":"https:\/\/beautycharm.lt\/produktas\/endocare-essential-atstatomasis-losjonas-kunui-100-ml\/#primaryimage"},"image":{"@id":"https:\/\/beautycharm.lt\/produktas\/endocare-essential-atstatomasis-losjonas-kunui-100-ml\/#primaryimage"},"thumbnailUrl":"https:\/\/beautycharm.lt\/wp-content\/uploads\/2025\/07\/endocare-essential-atstatomasis-losjonas-kunui-100-ml.jpg","datePublished":"2025-07-15T10:57:16+00:00","dateModified":"2025-08-12T20:19:10+00:00","breadcrumb":{"@id":"https:\/\/beautycharm.lt\/produktas\/endocare-essential-atstatomasis-losjonas-kunui-100-ml\/#breadcrumb"},"inLanguage":"en-US","potentialAction":[{"@type":"ReadAction","target":["https:\/\/beautycharm.lt\/produktas\/endocare-essential-atstatomasis-losjonas-kunui-100-ml\/"]}]},{"@type":"ImageObject","inLanguage":"en-US","@id":"https:\/\/beautycharm.lt\/produktas\/endocare-essential-atstatomasis-losjonas-kunui-100-ml\/#primaryimage","url":"https:\/\/beautycharm.lt\/wp-content\/uploads\/2025\/07\/endocare-essential-atstatomasis-losjonas-kunui-100-ml.jpg","contentUrl":"https:\/\/beautycharm.lt\/wp-content\/uploads\/2025\/07\/endocare-essential-atstatomasis-losjonas-kunui-100-ml.jpg","width":1563,"height":1563},{"@type":"BreadcrumbList","@id":"https:\/\/beautycharm.lt\/produktas\/endocare-essential-atstatomasis-losjonas-kunui-100-ml\/#breadcrumb","itemListElement":[{"@type":"ListItem","position":1,"name":"Home","item":"https:\/\/beautycharm.lt\/"},{"@type":"ListItem","position":2,"name":"Parduotuv\u0117","item":"https:\/\/beautycharm.lt\/parduotuve\/"},{"@type":"ListItem","position":3,"name":"ENDOCARE ESSENTIAL ATSTATOMASIS LOSJONAS K\u016aNUI, 100 ML"}]},{"@type":"WebSite","@id":"https:\/\/beautycharm.lt\/#website","url":"https:\/\/beautycharm.lt\/","name":"Beauty Charm","description":"Odos prie\u017ei\u016bra vyrams ir moterims","publisher":{"@id":"https:\/\/beautycharm.lt\/#organization"},"potentialAction":[{"@type":"SearchAction","target":{"@type":"EntryPoint","urlTemplate":"https:\/\/beautycharm.lt\/?s={search_term_string}"},"query-input":{"@type":"PropertyValueSpecification","valueRequired":true,"valueName":"search_term_string"}}],"inLanguage":"en-US"},{"@type":"Organization","@id":"https:\/\/beautycharm.lt\/#organization","name":"Beauty Charm","url":"https:\/\/beautycharm.lt\/","logo":{"@type":"ImageObject","inLanguage":"en-US","@id":"https:\/\/beautycharm.lt\/#\/schema\/logo\/image\/","url":"https:\/\/beautycharm.lt\/wp-content\/uploads\/2025\/08\/BeautyCharm_t_s-1.svg","contentUrl":"https:\/\/beautycharm.lt\/wp-content\/uploads\/2025\/08\/BeautyCharm_t_s-1.svg","width":148,"height":64,"caption":"Beauty Charm"},"image":{"@id":"https:\/\/beautycharm.lt\/#\/schema\/logo\/image\/"},"sameAs":["https:\/\/www.facebook.com\/faceandbodylines\/","https:\/\/www.instagram.com\/the_house_of_charm\/"]}]}},"_links":{"self":[{"href":"https:\/\/beautycharm.lt\/en\/wp-json\/wp\/v2\/product\/1857","targetHints":{"allow":["GET"]}}],"collection":[{"href":"https:\/\/beautycharm.lt\/en\/wp-json\/wp\/v2\/product"}],"about":[{"href":"https:\/\/beautycharm.lt\/en\/wp-json\/wp\/v2\/types\/product"}],"replies":[{"embeddable":true,"href":"https:\/\/beautycharm.lt\/en\/wp-json\/wp\/v2\/comments?post=1857"}],"wp:featuredmedia":[{"embeddable":true,"href":"https:\/\/beautycharm.lt\/en\/wp-json\/wp\/v2\/media\/1858"}],"wp:attachment":[{"href":"https:\/\/beautycharm.lt\/en\/wp-json\/wp\/v2\/media?parent=1857"}],"wp:term":[{"taxonomy":"product_brand","embeddable":true,"href":"https:\/\/beautycharm.lt\/en\/wp-json\/wp\/v2\/product_brand?post=1857"},{"taxonomy":"product_cat","embeddable":true,"href":"https:\/\/beautycharm.lt\/en\/wp-json\/wp\/v2\/product_cat?post=1857"},{"taxonomy":"product_tag","embeddable":true,"href":"https:\/\/beautycharm.lt\/en\/wp-json\/wp\/v2\/product_tag?post=1857"}],"curies":[{"name":"wp","href":"https:\/\/api.w.org\/{rel}","templated":true}]}}