{"id":1856,"date":"2025-07-15T13:57:16","date_gmt":"2025-07-15T10:57:16","guid":{"rendered":"https:\/\/beautycharm.lt\/product\/biretix-maisto-papildai-30-kapsuliu\/"},"modified":"2025-09-08T15:24:51","modified_gmt":"2025-09-08T12:24:51","slug":"biretix-maisto-papildai-30-kapsuliu","status":"publish","type":"product","link":"https:\/\/beautycharm.lt\/en\/product\/biretix-maisto-papildai-30-kapsuliu\/","title":{"rendered":"BIRETIX FOOD SUPPLEMENTS, 30 CAPSULES"},"content":{"rendered":"<p>Advantages:<\/p>\n<p>Sebum production and quality control<br \/>\nAntioxidant activity<\/p>\n<p>Indications: helps maintain normal skin function and controls sebum production.<\/p>\n<p>Active ingredients:<\/p>\n<p>Zinc (gluconate salt)<br \/>\nNicotinamide<br \/>\nSuperoxide dismutase (SOD)<br \/>\nVitamin E<br \/>\nSelenium<\/p>\n<p>Use: The recommended dose is one capsule per day, preferably on an empty stomach. Do not exceed the recommended dose unless otherwise directed by your doctor.<\/p>\n<p>Please note! Food supplements should not be used as a substitute for a balanced diet.<\/p>\n<p>Ingredients:<\/p>\n<p>Soybean oil; Zinc Gluconate; Firming agent: Glycerol (E 422); Thickener: Mono and diglycerides of fatty acid (E471); Nicotinamide (Niacin); Emulsifier: Soybean lecithin (E 322); Vitamin E 1000 IU\/g (D-alpha tocopherol in sunflower oil); SOD (Superoxide dismutase) from Melon (Cucumis melo L.) fructus extract with triglycerides saturated fatty acid; Colour: Iron oxides (E 172); L-selenomethionine.<\/p>","protected":false},"excerpt":{"rendered":"<p>Privalumai: Sebumo gamybos ir kokyb\u0117s kontrol\u0117 Antioksidacinis aktyvumas Indikacijos: padeda normaliai odos funkcijai ir kontroliuoja sebumo gamyb\u0105. Veikliosios med\u017eiagos: Cinkas (gliukonato druska) Nikotinamidas Superoksido dismutaz\u0117 (SOD) Vitaminas E Selenas Naudojimas: rekomenduojama doz\u0117 yra viena kapsul\u0117 per dien\u0105, geriausia nevalgius. Nevir\u0161ykite rekomenduojamos doz\u0117s, nebent gydytojas nurod\u0117 kitaip. D\u0117mesio! Maisto papildai netur\u0117t\u0173 b\u016bti naudojami kaip subalansuotos mitybos<\/p>\n<div class=\"klb-readmore entry-button\"><a class=\"button light alt medium\" href=\"https:\/\/beautycharm.lt\/en\/product\/biretix-maisto-papildai-30-kapsuliu\/\">Read More<\/a><\/div>","protected":false},"featured_media":2262,"comment_status":"open","ping_status":"closed","template":"","meta":{"inline_featured_image":false},"product_brand":[85],"product_cat":[128],"product_tag":[],"class_list":{"0":"post-1856","1":"product","2":"type-product","3":"status-publish","4":"has-post-thumbnail","6":"product_brand-biretix-lt","7":"product_cat-kiti-produktai","9":"first","10":"outofstock","11":"shipping-taxable","12":"purchasable","13":"product-type-simple"},"yoast_head":"<!-- This site is optimized with the Yoast SEO plugin v27.4 - https:\/\/yoast.com\/product\/yoast-seo-wordpress\/ -->\n<title>BIRETIX MAISTO PAPILDAI, 30 KAPSULI\u0172 - Beauty Charm<\/title>\n<meta name=\"robots\" content=\"index, follow, max-snippet:-1, max-image-preview:large, max-video-preview:-1\" \/>\n<link rel=\"canonical\" href=\"https:\/\/beautycharm.lt\/en\/product\/biretix-maisto-papildai-30-kapsuliu\/\" \/>\n<meta property=\"og:locale\" content=\"en_US\" \/>\n<meta property=\"og:type\" content=\"article\" \/>\n<meta property=\"og:title\" content=\"BIRETIX MAISTO PAPILDAI, 30 KAPSULI\u0172 - Beauty Charm\" \/>\n<meta property=\"og:description\" content=\"Privalumai: Sebumo gamybos ir kokyb\u0117s kontrol\u0117 Antioksidacinis aktyvumas Indikacijos: padeda normaliai odos funkcijai ir kontroliuoja sebumo gamyb\u0105. Veikliosios med\u017eiagos: Cinkas (gliukonato druska) Nikotinamidas Superoksido dismutaz\u0117 (SOD) Vitaminas E Selenas Naudojimas: rekomenduojama doz\u0117 yra viena kapsul\u0117 per dien\u0105, geriausia nevalgius. Nevir\u0161ykite rekomenduojamos doz\u0117s, nebent gydytojas nurod\u0117 kitaip. D\u0117mesio! Maisto papildai netur\u0117t\u0173 b\u016bti naudojami kaip subalansuotos mitybosRead More\" \/>\n<meta property=\"og:url\" content=\"https:\/\/beautycharm.lt\/en\/product\/biretix-maisto-papildai-30-kapsuliu\/\" \/>\n<meta property=\"og:site_name\" content=\"Beauty Charm\" \/>\n<meta property=\"article:publisher\" content=\"https:\/\/www.facebook.com\/faceandbodylines\/\" \/>\n<meta property=\"article:modified_time\" content=\"2025-09-08T12:24:51+00:00\" \/>\n<meta property=\"og:image\" content=\"https:\/\/beautycharm.lt\/wp-content\/uploads\/2025\/07\/biretix-maisto-papildai-30-kapsuliu-202309061021230-413x672-1.jpeg\" \/>\n\t<meta property=\"og:image:width\" content=\"413\" \/>\n\t<meta property=\"og:image:height\" content=\"672\" \/>\n\t<meta property=\"og:image:type\" content=\"image\/jpeg\" \/>\n<meta name=\"twitter:card\" content=\"summary_large_image\" \/>\n<meta name=\"twitter:label1\" content=\"Est. reading time\" \/>\n\t<meta name=\"twitter:data1\" content=\"1 minute\" \/>\n<script type=\"application\/ld+json\" class=\"yoast-schema-graph\">{\"@context\":\"https:\\\/\\\/schema.org\",\"@graph\":[{\"@type\":\"WebPage\",\"@id\":\"https:\\\/\\\/beautycharm.lt\\\/produktas\\\/biretix-maisto-papildai-30-kapsuliu\\\/\",\"url\":\"https:\\\/\\\/beautycharm.lt\\\/produktas\\\/biretix-maisto-papildai-30-kapsuliu\\\/\",\"name\":\"BIRETIX MAISTO PAPILDAI, 30 KAPSULI\u0172 - Beauty Charm\",\"isPartOf\":{\"@id\":\"https:\\\/\\\/beautycharm.lt\\\/#website\"},\"primaryImageOfPage\":{\"@id\":\"https:\\\/\\\/beautycharm.lt\\\/produktas\\\/biretix-maisto-papildai-30-kapsuliu\\\/#primaryimage\"},\"image\":{\"@id\":\"https:\\\/\\\/beautycharm.lt\\\/produktas\\\/biretix-maisto-papildai-30-kapsuliu\\\/#primaryimage\"},\"thumbnailUrl\":\"https:\\\/\\\/beautycharm.lt\\\/wp-content\\\/uploads\\\/2025\\\/07\\\/biretix-maisto-papildai-30-kapsuliu-202309061021230-413x672-1.jpeg\",\"datePublished\":\"2025-07-15T10:57:16+00:00\",\"dateModified\":\"2025-09-08T12:24:51+00:00\",\"breadcrumb\":{\"@id\":\"https:\\\/\\\/beautycharm.lt\\\/produktas\\\/biretix-maisto-papildai-30-kapsuliu\\\/#breadcrumb\"},\"inLanguage\":\"en-US\",\"potentialAction\":[{\"@type\":\"ReadAction\",\"target\":[\"https:\\\/\\\/beautycharm.lt\\\/produktas\\\/biretix-maisto-papildai-30-kapsuliu\\\/\"]}]},{\"@type\":\"ImageObject\",\"inLanguage\":\"en-US\",\"@id\":\"https:\\\/\\\/beautycharm.lt\\\/produktas\\\/biretix-maisto-papildai-30-kapsuliu\\\/#primaryimage\",\"url\":\"https:\\\/\\\/beautycharm.lt\\\/wp-content\\\/uploads\\\/2025\\\/07\\\/biretix-maisto-papildai-30-kapsuliu-202309061021230-413x672-1.jpeg\",\"contentUrl\":\"https:\\\/\\\/beautycharm.lt\\\/wp-content\\\/uploads\\\/2025\\\/07\\\/biretix-maisto-papildai-30-kapsuliu-202309061021230-413x672-1.jpeg\",\"width\":413,\"height\":672},{\"@type\":\"BreadcrumbList\",\"@id\":\"https:\\\/\\\/beautycharm.lt\\\/produktas\\\/biretix-maisto-papildai-30-kapsuliu\\\/#breadcrumb\",\"itemListElement\":[{\"@type\":\"ListItem\",\"position\":1,\"name\":\"Home\",\"item\":\"https:\\\/\\\/beautycharm.lt\\\/\"},{\"@type\":\"ListItem\",\"position\":2,\"name\":\"Parduotuv\u0117\",\"item\":\"https:\\\/\\\/beautycharm.lt\\\/parduotuve\\\/\"},{\"@type\":\"ListItem\",\"position\":3,\"name\":\"BIRETIX MAISTO PAPILDAI, 30 KAPSULI\u0172\"}]},{\"@type\":\"WebSite\",\"@id\":\"https:\\\/\\\/beautycharm.lt\\\/#website\",\"url\":\"https:\\\/\\\/beautycharm.lt\\\/\",\"name\":\"Beauty Charm\",\"description\":\"Odos prie\u017ei\u016bra vyrams ir moterims\",\"publisher\":{\"@id\":\"https:\\\/\\\/beautycharm.lt\\\/#organization\"},\"potentialAction\":[{\"@type\":\"SearchAction\",\"target\":{\"@type\":\"EntryPoint\",\"urlTemplate\":\"https:\\\/\\\/beautycharm.lt\\\/?s={search_term_string}\"},\"query-input\":{\"@type\":\"PropertyValueSpecification\",\"valueRequired\":true,\"valueName\":\"search_term_string\"}}],\"inLanguage\":\"en-US\"},{\"@type\":\"Organization\",\"@id\":\"https:\\\/\\\/beautycharm.lt\\\/#organization\",\"name\":\"Beauty Charm\",\"url\":\"https:\\\/\\\/beautycharm.lt\\\/\",\"logo\":{\"@type\":\"ImageObject\",\"inLanguage\":\"en-US\",\"@id\":\"https:\\\/\\\/beautycharm.lt\\\/#\\\/schema\\\/logo\\\/image\\\/\",\"url\":\"https:\\\/\\\/beautycharm.lt\\\/wp-content\\\/uploads\\\/2025\\\/08\\\/BeautyCharm_t_s-1.svg\",\"contentUrl\":\"https:\\\/\\\/beautycharm.lt\\\/wp-content\\\/uploads\\\/2025\\\/08\\\/BeautyCharm_t_s-1.svg\",\"width\":148,\"height\":64,\"caption\":\"Beauty Charm\"},\"image\":{\"@id\":\"https:\\\/\\\/beautycharm.lt\\\/#\\\/schema\\\/logo\\\/image\\\/\"},\"sameAs\":[\"https:\\\/\\\/www.facebook.com\\\/faceandbodylines\\\/\",\"https:\\\/\\\/www.instagram.com\\\/the_house_of_charm\\\/\"]}]}<\/script>\n<!-- \/ Yoast SEO plugin. -->","yoast_head_json":{"title":"BIRETIX MAISTO PAPILDAI, 30 KAPSULI\u0172 - Beauty Charm","robots":{"index":"index","follow":"follow","max-snippet":"max-snippet:-1","max-image-preview":"max-image-preview:large","max-video-preview":"max-video-preview:-1"},"canonical":"https:\/\/beautycharm.lt\/en\/product\/biretix-maisto-papildai-30-kapsuliu\/","og_locale":"en_US","og_type":"article","og_title":"BIRETIX MAISTO PAPILDAI, 30 KAPSULI\u0172 - Beauty Charm","og_description":"Privalumai: Sebumo gamybos ir kokyb\u0117s kontrol\u0117 Antioksidacinis aktyvumas Indikacijos: padeda normaliai odos funkcijai ir kontroliuoja sebumo gamyb\u0105. Veikliosios med\u017eiagos: Cinkas (gliukonato druska) Nikotinamidas Superoksido dismutaz\u0117 (SOD) Vitaminas E Selenas Naudojimas: rekomenduojama doz\u0117 yra viena kapsul\u0117 per dien\u0105, geriausia nevalgius. Nevir\u0161ykite rekomenduojamos doz\u0117s, nebent gydytojas nurod\u0117 kitaip. D\u0117mesio! Maisto papildai netur\u0117t\u0173 b\u016bti naudojami kaip subalansuotos mitybosRead More","og_url":"https:\/\/beautycharm.lt\/en\/product\/biretix-maisto-papildai-30-kapsuliu\/","og_site_name":"Beauty Charm","article_publisher":"https:\/\/www.facebook.com\/faceandbodylines\/","article_modified_time":"2025-09-08T12:24:51+00:00","og_image":[{"width":413,"height":672,"url":"https:\/\/beautycharm.lt\/wp-content\/uploads\/2025\/07\/biretix-maisto-papildai-30-kapsuliu-202309061021230-413x672-1.jpeg","type":"image\/jpeg"}],"twitter_card":"summary_large_image","twitter_misc":{"Est. reading time":"1 minute"},"schema":{"@context":"https:\/\/schema.org","@graph":[{"@type":"WebPage","@id":"https:\/\/beautycharm.lt\/produktas\/biretix-maisto-papildai-30-kapsuliu\/","url":"https:\/\/beautycharm.lt\/produktas\/biretix-maisto-papildai-30-kapsuliu\/","name":"BIRETIX MAISTO PAPILDAI, 30 KAPSULI\u0172 - Beauty Charm","isPartOf":{"@id":"https:\/\/beautycharm.lt\/#website"},"primaryImageOfPage":{"@id":"https:\/\/beautycharm.lt\/produktas\/biretix-maisto-papildai-30-kapsuliu\/#primaryimage"},"image":{"@id":"https:\/\/beautycharm.lt\/produktas\/biretix-maisto-papildai-30-kapsuliu\/#primaryimage"},"thumbnailUrl":"https:\/\/beautycharm.lt\/wp-content\/uploads\/2025\/07\/biretix-maisto-papildai-30-kapsuliu-202309061021230-413x672-1.jpeg","datePublished":"2025-07-15T10:57:16+00:00","dateModified":"2025-09-08T12:24:51+00:00","breadcrumb":{"@id":"https:\/\/beautycharm.lt\/produktas\/biretix-maisto-papildai-30-kapsuliu\/#breadcrumb"},"inLanguage":"en-US","potentialAction":[{"@type":"ReadAction","target":["https:\/\/beautycharm.lt\/produktas\/biretix-maisto-papildai-30-kapsuliu\/"]}]},{"@type":"ImageObject","inLanguage":"en-US","@id":"https:\/\/beautycharm.lt\/produktas\/biretix-maisto-papildai-30-kapsuliu\/#primaryimage","url":"https:\/\/beautycharm.lt\/wp-content\/uploads\/2025\/07\/biretix-maisto-papildai-30-kapsuliu-202309061021230-413x672-1.jpeg","contentUrl":"https:\/\/beautycharm.lt\/wp-content\/uploads\/2025\/07\/biretix-maisto-papildai-30-kapsuliu-202309061021230-413x672-1.jpeg","width":413,"height":672},{"@type":"BreadcrumbList","@id":"https:\/\/beautycharm.lt\/produktas\/biretix-maisto-papildai-30-kapsuliu\/#breadcrumb","itemListElement":[{"@type":"ListItem","position":1,"name":"Home","item":"https:\/\/beautycharm.lt\/"},{"@type":"ListItem","position":2,"name":"Parduotuv\u0117","item":"https:\/\/beautycharm.lt\/parduotuve\/"},{"@type":"ListItem","position":3,"name":"BIRETIX MAISTO PAPILDAI, 30 KAPSULI\u0172"}]},{"@type":"WebSite","@id":"https:\/\/beautycharm.lt\/#website","url":"https:\/\/beautycharm.lt\/","name":"Beauty Charm","description":"Odos prie\u017ei\u016bra vyrams ir moterims","publisher":{"@id":"https:\/\/beautycharm.lt\/#organization"},"potentialAction":[{"@type":"SearchAction","target":{"@type":"EntryPoint","urlTemplate":"https:\/\/beautycharm.lt\/?s={search_term_string}"},"query-input":{"@type":"PropertyValueSpecification","valueRequired":true,"valueName":"search_term_string"}}],"inLanguage":"en-US"},{"@type":"Organization","@id":"https:\/\/beautycharm.lt\/#organization","name":"Beauty Charm","url":"https:\/\/beautycharm.lt\/","logo":{"@type":"ImageObject","inLanguage":"en-US","@id":"https:\/\/beautycharm.lt\/#\/schema\/logo\/image\/","url":"https:\/\/beautycharm.lt\/wp-content\/uploads\/2025\/08\/BeautyCharm_t_s-1.svg","contentUrl":"https:\/\/beautycharm.lt\/wp-content\/uploads\/2025\/08\/BeautyCharm_t_s-1.svg","width":148,"height":64,"caption":"Beauty Charm"},"image":{"@id":"https:\/\/beautycharm.lt\/#\/schema\/logo\/image\/"},"sameAs":["https:\/\/www.facebook.com\/faceandbodylines\/","https:\/\/www.instagram.com\/the_house_of_charm\/"]}]}},"_links":{"self":[{"href":"https:\/\/beautycharm.lt\/en\/wp-json\/wp\/v2\/product\/1856","targetHints":{"allow":["GET"]}}],"collection":[{"href":"https:\/\/beautycharm.lt\/en\/wp-json\/wp\/v2\/product"}],"about":[{"href":"https:\/\/beautycharm.lt\/en\/wp-json\/wp\/v2\/types\/product"}],"replies":[{"embeddable":true,"href":"https:\/\/beautycharm.lt\/en\/wp-json\/wp\/v2\/comments?post=1856"}],"wp:featuredmedia":[{"embeddable":true,"href":"https:\/\/beautycharm.lt\/en\/wp-json\/wp\/v2\/media\/2262"}],"wp:attachment":[{"href":"https:\/\/beautycharm.lt\/en\/wp-json\/wp\/v2\/media?parent=1856"}],"wp:term":[{"taxonomy":"product_brand","embeddable":true,"href":"https:\/\/beautycharm.lt\/en\/wp-json\/wp\/v2\/product_brand?post=1856"},{"taxonomy":"product_cat","embeddable":true,"href":"https:\/\/beautycharm.lt\/en\/wp-json\/wp\/v2\/product_cat?post=1856"},{"taxonomy":"product_tag","embeddable":true,"href":"https:\/\/beautycharm.lt\/en\/wp-json\/wp\/v2\/product_tag?post=1856"}],"curies":[{"name":"wp","href":"https:\/\/api.w.org\/{rel}","templated":true}]}}