{"id":1855,"date":"2025-07-15T13:57:16","date_gmt":"2025-07-15T10:57:16","guid":{"rendered":"https:\/\/beautycharm.lt\/product\/heliocare-360-mineral-fluidas-spf50-50-ml\/"},"modified":"2025-10-05T09:02:40","modified_gmt":"2025-10-05T06:02:40","slug":"heliocare-360-mineral-fluidas-spf50-50-ml","status":"publish","type":"product","link":"https:\/\/beautycharm.lt\/en\/product\/heliocare-360-mineral-fluidas-spf50-50-ml\/","title":{"rendered":"HELIOCARE 360 MINERAL FLUID SPF50, 50 ML"},"content":{"rendered":"<p>The protective fluid contains a unique combination of advanced mineral filters and exceptional ingredients.<\/p>\n<p>The fluid is easy to apply due to its liquid texture and rapid absorption into the skin. Thanks to its mineral filters, it is suitable for all skin types, especially sensitive skin that does not tolerate other sun protection products. Suitable for sun-damaged skin.<\/p>\n<p>Advantages:<\/p>\n<p>SPF50+<br \/>\nSuitable for sun-damaged skin.<br \/>\nSuitable for skin that needs antioxidant protection.<br \/>\n100% mineral formula<br \/>\nExtremely light texture, leaves no white film effect.<br \/>\nTested under dermatological supervision<br \/>\nTested on sensitive and intolerant skin types.<br \/>\nNon-comedogenic.<br \/>\nWater proof.<\/p>\n<p>Indications: ideal for all skin types, especially sensitive skin.<\/p>\n<p>Active ingredients:<\/p>\n<p>Fernblock\u00ae +<br \/>\nBioshield system<br \/>\n100% mineral formula<br \/>\nGreen tea<br \/>\nVitamins C and E<\/p>\n<p>Use: shake well before use. Apply a generous amount evenly before sun exposure. Reapply frequently, especially after swimming or heavy perspiration.<\/p>\n<p>Ingredients:<\/p>\n<p>Aqua; Cyclopentasiloxane; Zinc Oxide(nano); Titanium Dioxide(nano); Diethylhexyl Carbonate; Dibutyl Adipate; Dicaprylyl Carbonate; Polyglyceryl-3 Polydimethylsiloxyethyl Dimethicone; PEG-30 Dipolyhydroxystearate; Cetyl PEG\/PPG-10\/1 Dimethicone; Nylon-12; Aluminum Hydroxide; Stearic Acid; Cyclohexasiloxane; Phenoxyethanol; Magnesium Sulfate; Polypodium leucotomos Leaf Extract; 3-O-Ethyl Ascorbic Acid; Ferulic Acid; Caffeic Acid; Physalis angulata Extract; Caprylyl Glycol; Melanin; Camelia Sinensis Extract; Tocopheryl Acetate; Panthenyl Triacetate; Parfum; Ethylhexylglycerin; Ethyl Linoleate; Caprylic\/Capric Triglyceride; Oleyl Alcohol; Plankton Extract; Triethoxycaprylylsilane; Glyceryl Stearate; Disodium EDTA; Butylene Glycol; Propylene Glycol; Arginine; Oxothiazolidine; Tocopherol; Lecithin; Sodium Benzoate; Linalool, Limonene.<\/p>","protected":false},"excerpt":{"rendered":"<p>Apsauginiame fluide yra unikalus pa\u017eangi\u0173 mineralini\u0173 filtr\u0173 ir i\u0161skirtini\u0173 ingredient\u0173 derinys. Fluidas lengvai tepamas d\u0117l skystos tekst\u016bros ir greito \u012fsig\u0117rimo \u012f od\u0105, d\u0117l mineralini\u0173 filtr\u0173 yra tinkamas vis\u0173 tip\u0173 odai, o ypa\u010d jautriausiai ir netoleruojan\u010diai kit\u0173 apsaugini\u0173 priemoni\u0173 nuo saul\u0117s. Tinka saul\u0117s pa\u017eeistai odai. Privalumai: SPF50+ Tinka saul\u0117s pa\u017eeistai odai. Tinka odai, kuriai reikalingas antioksidacinis<\/p>\n<div class=\"klb-readmore entry-button\"><a class=\"button light alt medium\" href=\"https:\/\/beautycharm.lt\/en\/product\/heliocare-360-mineral-fluidas-spf50-50-ml\/\">Read More<\/a><\/div>","protected":false},"featured_media":2264,"comment_status":"open","ping_status":"closed","template":"","meta":{"inline_featured_image":false},"product_brand":[89],"product_cat":[130],"product_tag":[],"class_list":{"0":"post-1855","1":"product","2":"type-product","3":"status-publish","4":"has-post-thumbnail","6":"product_brand-heliocare-lt","7":"product_cat-spf-apsauga","9":"first","10":"instock","11":"shipping-taxable","12":"purchasable","13":"product-type-simple"},"yoast_head":"<!-- This site is optimized with the Yoast SEO plugin v27.4 - https:\/\/yoast.com\/product\/yoast-seo-wordpress\/ -->\n<title>HELIOCARE 360 MINERAL FLUIDAS SPF50, 50 ML - Beauty Charm<\/title>\n<meta name=\"robots\" content=\"index, follow, max-snippet:-1, max-image-preview:large, max-video-preview:-1\" \/>\n<link rel=\"canonical\" href=\"https:\/\/beautycharm.lt\/en\/product\/heliocare-360-mineral-fluidas-spf50-50-ml\/\" \/>\n<meta property=\"og:locale\" content=\"en_US\" \/>\n<meta property=\"og:type\" content=\"article\" \/>\n<meta property=\"og:title\" content=\"HELIOCARE 360 MINERAL FLUIDAS SPF50, 50 ML - Beauty Charm\" \/>\n<meta property=\"og:description\" content=\"Apsauginiame fluide yra unikalus pa\u017eangi\u0173 mineralini\u0173 filtr\u0173 ir i\u0161skirtini\u0173 ingredient\u0173 derinys. Fluidas lengvai tepamas d\u0117l skystos tekst\u016bros ir greito \u012fsig\u0117rimo \u012f od\u0105, d\u0117l mineralini\u0173 filtr\u0173 yra tinkamas vis\u0173 tip\u0173 odai, o ypa\u010d jautriausiai ir netoleruojan\u010diai kit\u0173 apsaugini\u0173 priemoni\u0173 nuo saul\u0117s. Tinka saul\u0117s pa\u017eeistai odai. Privalumai: SPF50+ Tinka saul\u0117s pa\u017eeistai odai. Tinka odai, kuriai reikalingas antioksidacinisRead More\" \/>\n<meta property=\"og:url\" content=\"https:\/\/beautycharm.lt\/en\/product\/heliocare-360-mineral-fluidas-spf50-50-ml\/\" \/>\n<meta property=\"og:site_name\" content=\"Beauty Charm\" \/>\n<meta property=\"article:publisher\" content=\"https:\/\/www.facebook.com\/faceandbodylines\/\" \/>\n<meta property=\"article:modified_time\" content=\"2025-10-05T06:02:40+00:00\" \/>\n<meta property=\"og:image\" content=\"https:\/\/beautycharm.lt\/wp-content\/uploads\/2025\/07\/heliocare-360-mineral-fluidas-spf50-50-ml-202308021013310-413x672-1.png\" \/>\n\t<meta property=\"og:image:width\" content=\"413\" \/>\n\t<meta property=\"og:image:height\" content=\"672\" \/>\n\t<meta property=\"og:image:type\" content=\"image\/png\" \/>\n<meta name=\"twitter:card\" content=\"summary_large_image\" \/>\n<meta name=\"twitter:label1\" content=\"Est. reading time\" \/>\n\t<meta name=\"twitter:data1\" content=\"2 minutes\" \/>\n<script type=\"application\/ld+json\" class=\"yoast-schema-graph\">{\"@context\":\"https:\\\/\\\/schema.org\",\"@graph\":[{\"@type\":\"WebPage\",\"@id\":\"https:\\\/\\\/beautycharm.lt\\\/produktas\\\/heliocare-360-mineral-fluidas-spf50-50-ml\\\/\",\"url\":\"https:\\\/\\\/beautycharm.lt\\\/produktas\\\/heliocare-360-mineral-fluidas-spf50-50-ml\\\/\",\"name\":\"HELIOCARE 360 MINERAL FLUIDAS SPF50, 50 ML - Beauty Charm\",\"isPartOf\":{\"@id\":\"https:\\\/\\\/beautycharm.lt\\\/#website\"},\"primaryImageOfPage\":{\"@id\":\"https:\\\/\\\/beautycharm.lt\\\/produktas\\\/heliocare-360-mineral-fluidas-spf50-50-ml\\\/#primaryimage\"},\"image\":{\"@id\":\"https:\\\/\\\/beautycharm.lt\\\/produktas\\\/heliocare-360-mineral-fluidas-spf50-50-ml\\\/#primaryimage\"},\"thumbnailUrl\":\"https:\\\/\\\/beautycharm.lt\\\/wp-content\\\/uploads\\\/2025\\\/07\\\/heliocare-360-mineral-fluidas-spf50-50-ml-202308021013310-413x672-1.png\",\"datePublished\":\"2025-07-15T10:57:16+00:00\",\"dateModified\":\"2025-10-05T06:02:40+00:00\",\"breadcrumb\":{\"@id\":\"https:\\\/\\\/beautycharm.lt\\\/produktas\\\/heliocare-360-mineral-fluidas-spf50-50-ml\\\/#breadcrumb\"},\"inLanguage\":\"en-US\",\"potentialAction\":[{\"@type\":\"ReadAction\",\"target\":[\"https:\\\/\\\/beautycharm.lt\\\/produktas\\\/heliocare-360-mineral-fluidas-spf50-50-ml\\\/\"]}]},{\"@type\":\"ImageObject\",\"inLanguage\":\"en-US\",\"@id\":\"https:\\\/\\\/beautycharm.lt\\\/produktas\\\/heliocare-360-mineral-fluidas-spf50-50-ml\\\/#primaryimage\",\"url\":\"https:\\\/\\\/beautycharm.lt\\\/wp-content\\\/uploads\\\/2025\\\/07\\\/heliocare-360-mineral-fluidas-spf50-50-ml-202308021013310-413x672-1.png\",\"contentUrl\":\"https:\\\/\\\/beautycharm.lt\\\/wp-content\\\/uploads\\\/2025\\\/07\\\/heliocare-360-mineral-fluidas-spf50-50-ml-202308021013310-413x672-1.png\",\"width\":413,\"height\":672},{\"@type\":\"BreadcrumbList\",\"@id\":\"https:\\\/\\\/beautycharm.lt\\\/produktas\\\/heliocare-360-mineral-fluidas-spf50-50-ml\\\/#breadcrumb\",\"itemListElement\":[{\"@type\":\"ListItem\",\"position\":1,\"name\":\"Home\",\"item\":\"https:\\\/\\\/beautycharm.lt\\\/\"},{\"@type\":\"ListItem\",\"position\":2,\"name\":\"Parduotuv\u0117\",\"item\":\"https:\\\/\\\/beautycharm.lt\\\/parduotuve\\\/\"},{\"@type\":\"ListItem\",\"position\":3,\"name\":\"HELIOCARE 360 MINERAL FLUIDAS SPF50, 50 ML\"}]},{\"@type\":\"WebSite\",\"@id\":\"https:\\\/\\\/beautycharm.lt\\\/#website\",\"url\":\"https:\\\/\\\/beautycharm.lt\\\/\",\"name\":\"Beauty Charm\",\"description\":\"Odos prie\u017ei\u016bra vyrams ir moterims\",\"publisher\":{\"@id\":\"https:\\\/\\\/beautycharm.lt\\\/#organization\"},\"potentialAction\":[{\"@type\":\"SearchAction\",\"target\":{\"@type\":\"EntryPoint\",\"urlTemplate\":\"https:\\\/\\\/beautycharm.lt\\\/?s={search_term_string}\"},\"query-input\":{\"@type\":\"PropertyValueSpecification\",\"valueRequired\":true,\"valueName\":\"search_term_string\"}}],\"inLanguage\":\"en-US\"},{\"@type\":\"Organization\",\"@id\":\"https:\\\/\\\/beautycharm.lt\\\/#organization\",\"name\":\"Beauty Charm\",\"url\":\"https:\\\/\\\/beautycharm.lt\\\/\",\"logo\":{\"@type\":\"ImageObject\",\"inLanguage\":\"en-US\",\"@id\":\"https:\\\/\\\/beautycharm.lt\\\/#\\\/schema\\\/logo\\\/image\\\/\",\"url\":\"https:\\\/\\\/beautycharm.lt\\\/wp-content\\\/uploads\\\/2025\\\/08\\\/BeautyCharm_t_s-1.svg\",\"contentUrl\":\"https:\\\/\\\/beautycharm.lt\\\/wp-content\\\/uploads\\\/2025\\\/08\\\/BeautyCharm_t_s-1.svg\",\"width\":148,\"height\":64,\"caption\":\"Beauty Charm\"},\"image\":{\"@id\":\"https:\\\/\\\/beautycharm.lt\\\/#\\\/schema\\\/logo\\\/image\\\/\"},\"sameAs\":[\"https:\\\/\\\/www.facebook.com\\\/faceandbodylines\\\/\",\"https:\\\/\\\/www.instagram.com\\\/the_house_of_charm\\\/\"]}]}<\/script>\n<!-- \/ Yoast SEO plugin. -->","yoast_head_json":{"title":"HELIOCARE 360 MINERAL FLUIDAS SPF50, 50 ML - Beauty Charm","robots":{"index":"index","follow":"follow","max-snippet":"max-snippet:-1","max-image-preview":"max-image-preview:large","max-video-preview":"max-video-preview:-1"},"canonical":"https:\/\/beautycharm.lt\/en\/product\/heliocare-360-mineral-fluidas-spf50-50-ml\/","og_locale":"en_US","og_type":"article","og_title":"HELIOCARE 360 MINERAL FLUIDAS SPF50, 50 ML - Beauty Charm","og_description":"Apsauginiame fluide yra unikalus pa\u017eangi\u0173 mineralini\u0173 filtr\u0173 ir i\u0161skirtini\u0173 ingredient\u0173 derinys. Fluidas lengvai tepamas d\u0117l skystos tekst\u016bros ir greito \u012fsig\u0117rimo \u012f od\u0105, d\u0117l mineralini\u0173 filtr\u0173 yra tinkamas vis\u0173 tip\u0173 odai, o ypa\u010d jautriausiai ir netoleruojan\u010diai kit\u0173 apsaugini\u0173 priemoni\u0173 nuo saul\u0117s. Tinka saul\u0117s pa\u017eeistai odai. Privalumai: SPF50+ Tinka saul\u0117s pa\u017eeistai odai. Tinka odai, kuriai reikalingas antioksidacinisRead More","og_url":"https:\/\/beautycharm.lt\/en\/product\/heliocare-360-mineral-fluidas-spf50-50-ml\/","og_site_name":"Beauty Charm","article_publisher":"https:\/\/www.facebook.com\/faceandbodylines\/","article_modified_time":"2025-10-05T06:02:40+00:00","og_image":[{"width":413,"height":672,"url":"https:\/\/beautycharm.lt\/wp-content\/uploads\/2025\/07\/heliocare-360-mineral-fluidas-spf50-50-ml-202308021013310-413x672-1.png","type":"image\/png"}],"twitter_card":"summary_large_image","twitter_misc":{"Est. reading time":"2 minutes"},"schema":{"@context":"https:\/\/schema.org","@graph":[{"@type":"WebPage","@id":"https:\/\/beautycharm.lt\/produktas\/heliocare-360-mineral-fluidas-spf50-50-ml\/","url":"https:\/\/beautycharm.lt\/produktas\/heliocare-360-mineral-fluidas-spf50-50-ml\/","name":"HELIOCARE 360 MINERAL FLUIDAS SPF50, 50 ML - Beauty Charm","isPartOf":{"@id":"https:\/\/beautycharm.lt\/#website"},"primaryImageOfPage":{"@id":"https:\/\/beautycharm.lt\/produktas\/heliocare-360-mineral-fluidas-spf50-50-ml\/#primaryimage"},"image":{"@id":"https:\/\/beautycharm.lt\/produktas\/heliocare-360-mineral-fluidas-spf50-50-ml\/#primaryimage"},"thumbnailUrl":"https:\/\/beautycharm.lt\/wp-content\/uploads\/2025\/07\/heliocare-360-mineral-fluidas-spf50-50-ml-202308021013310-413x672-1.png","datePublished":"2025-07-15T10:57:16+00:00","dateModified":"2025-10-05T06:02:40+00:00","breadcrumb":{"@id":"https:\/\/beautycharm.lt\/produktas\/heliocare-360-mineral-fluidas-spf50-50-ml\/#breadcrumb"},"inLanguage":"en-US","potentialAction":[{"@type":"ReadAction","target":["https:\/\/beautycharm.lt\/produktas\/heliocare-360-mineral-fluidas-spf50-50-ml\/"]}]},{"@type":"ImageObject","inLanguage":"en-US","@id":"https:\/\/beautycharm.lt\/produktas\/heliocare-360-mineral-fluidas-spf50-50-ml\/#primaryimage","url":"https:\/\/beautycharm.lt\/wp-content\/uploads\/2025\/07\/heliocare-360-mineral-fluidas-spf50-50-ml-202308021013310-413x672-1.png","contentUrl":"https:\/\/beautycharm.lt\/wp-content\/uploads\/2025\/07\/heliocare-360-mineral-fluidas-spf50-50-ml-202308021013310-413x672-1.png","width":413,"height":672},{"@type":"BreadcrumbList","@id":"https:\/\/beautycharm.lt\/produktas\/heliocare-360-mineral-fluidas-spf50-50-ml\/#breadcrumb","itemListElement":[{"@type":"ListItem","position":1,"name":"Home","item":"https:\/\/beautycharm.lt\/"},{"@type":"ListItem","position":2,"name":"Parduotuv\u0117","item":"https:\/\/beautycharm.lt\/parduotuve\/"},{"@type":"ListItem","position":3,"name":"HELIOCARE 360 MINERAL FLUIDAS SPF50, 50 ML"}]},{"@type":"WebSite","@id":"https:\/\/beautycharm.lt\/#website","url":"https:\/\/beautycharm.lt\/","name":"Beauty Charm","description":"Odos prie\u017ei\u016bra vyrams ir moterims","publisher":{"@id":"https:\/\/beautycharm.lt\/#organization"},"potentialAction":[{"@type":"SearchAction","target":{"@type":"EntryPoint","urlTemplate":"https:\/\/beautycharm.lt\/?s={search_term_string}"},"query-input":{"@type":"PropertyValueSpecification","valueRequired":true,"valueName":"search_term_string"}}],"inLanguage":"en-US"},{"@type":"Organization","@id":"https:\/\/beautycharm.lt\/#organization","name":"Beauty Charm","url":"https:\/\/beautycharm.lt\/","logo":{"@type":"ImageObject","inLanguage":"en-US","@id":"https:\/\/beautycharm.lt\/#\/schema\/logo\/image\/","url":"https:\/\/beautycharm.lt\/wp-content\/uploads\/2025\/08\/BeautyCharm_t_s-1.svg","contentUrl":"https:\/\/beautycharm.lt\/wp-content\/uploads\/2025\/08\/BeautyCharm_t_s-1.svg","width":148,"height":64,"caption":"Beauty Charm"},"image":{"@id":"https:\/\/beautycharm.lt\/#\/schema\/logo\/image\/"},"sameAs":["https:\/\/www.facebook.com\/faceandbodylines\/","https:\/\/www.instagram.com\/the_house_of_charm\/"]}]}},"_links":{"self":[{"href":"https:\/\/beautycharm.lt\/en\/wp-json\/wp\/v2\/product\/1855","targetHints":{"allow":["GET"]}}],"collection":[{"href":"https:\/\/beautycharm.lt\/en\/wp-json\/wp\/v2\/product"}],"about":[{"href":"https:\/\/beautycharm.lt\/en\/wp-json\/wp\/v2\/types\/product"}],"replies":[{"embeddable":true,"href":"https:\/\/beautycharm.lt\/en\/wp-json\/wp\/v2\/comments?post=1855"}],"wp:featuredmedia":[{"embeddable":true,"href":"https:\/\/beautycharm.lt\/en\/wp-json\/wp\/v2\/media\/2264"}],"wp:attachment":[{"href":"https:\/\/beautycharm.lt\/en\/wp-json\/wp\/v2\/media?parent=1855"}],"wp:term":[{"taxonomy":"product_brand","embeddable":true,"href":"https:\/\/beautycharm.lt\/en\/wp-json\/wp\/v2\/product_brand?post=1855"},{"taxonomy":"product_cat","embeddable":true,"href":"https:\/\/beautycharm.lt\/en\/wp-json\/wp\/v2\/product_cat?post=1855"},{"taxonomy":"product_tag","embeddable":true,"href":"https:\/\/beautycharm.lt\/en\/wp-json\/wp\/v2\/product_tag?post=1855"}],"curies":[{"name":"wp","href":"https:\/\/api.w.org\/{rel}","templated":true}]}}