{"id":1849,"date":"2025-07-15T13:56:57","date_gmt":"2025-07-15T10:56:57","guid":{"rendered":"https:\/\/beautycharm.lt\/product\/hubislab-moisture-max-hydro-drekinamasis-veido-kremas-40-g\/"},"modified":"2025-08-13T16:43:52","modified_gmt":"2025-08-13T13:43:52","slug":"hubislab-moisture-max-hydro-drekinamasis-veido-kremas-40-g","status":"publish","type":"product","link":"https:\/\/beautycharm.lt\/en\/product\/hubislab-moisture-max-hydro-drekinamasis-veido-kremas-40-g\/","title":{"rendered":"HUBISLAB MOISTURE MAX HYDRO MOISTURIZING FACE CREAM, 40 G"},"content":{"rendered":"<p>Highly moisturizing hyaluronic compounds create a smooth moisturizing film on the skin and moisturize dry skin. Provides a silky feel, is moisturizing, and does not leave a sticky feeling. This light-textured cream can be used on oily skin.<\/p>\n<p>Active ingredients:<\/p>\n<p>\tAQUAXYL \u2013 a moisturizing cream containing xylitol extracted from European birch and glucose extracted from wheat, strengthens ceramide formation in the epidermal layer to keep the skin hydrated.<br \/>\n\tCeramide NP \u2013 increases moisture levels in the skin, supports the renewal of the skin's natural protective layer, and forms an effective barrier against moisture loss.<br \/>\n\tEdible hibiscus (Hibiscus Esculentus) fruit extract \u2013 rich in vitamins, beta-carotene, and fat-soluble vitamins, which help eliminate reactive oxygen, produce collagen, and increase the elasticity of the skin's dermis layer.<br \/>\n\tGreen propolis extract \u2013 a rare green propolis extract sourced from Brazilian nature. The medicinal plant Bacaris, which grows on only 3% of Brazil's land, is a powerful antioxidant that revitalizes the skin and helps create strong and healthy-looking skin.<\/p>\n<p>How to use: Apply the required amount during the final stage of your skincare routine and spread evenly over your face and neck.<\/p>\n<p>Ingredients:<\/p>\n<p>Water, Dipropylene Glycol, Caprylic\/Capric Triglyceride, Glycerin, Butyrospermum Parkii (Shea) Butter, Glyceryl Stearate, Polyglyceryl-2 Stearate, Hydrogenated Polydecene, 1,2-Hexanediol, Cetearyl Alcohol, Stearyl Alcohol, Coco-Caprylate\/Caprate, Cetyl Palmitate, Polyglyceryl-10 Stearate, Panthenol, Methyl Methacrylate Crosspolymer, Sorbitan Palmitate, Sorbitan Olivate, Hydroxyacetophenone, Sodium Carbomer, Chlorphenesin, Glyceryl Caprylate, Erythritol, Allantoin, Butylene Glycol, Sodium PCA, Xylitylglucoside, Adenosine, Fragrance, Anhydroxylitol, Xylitol, Hydrogenated Lecithin, Glucose, Propolis Extract, Sodium Hyaluronate, Hydrolyzed Collagen, Phytosteryl\/Octyldodecyl Lauroyl Glutamate, Hibiscus Esculentus Fruit Extract, Ceramide NP, Hydrolyzed Hyaluronic Acid, Sodium Acetylated Hyaluronate.<\/p>","protected":false},"excerpt":{"rendered":"<p>Labai dr\u0117kinantys hialurono junginiai sukuria lygi\u0105 dr\u0117kinan\u010di\u0105 pl\u0117vel\u0119 ant odos ir dr\u0117kina i\u0161saus\u0117jusi\u0105 od\u0105. Suteikia \u0161ilko poj\u016bt\u012f, yra dr\u0117kinantis ir nepalieka lipnumo poj\u016b\u010dio. \u0160\u012f lengvos tekst\u016bros krem\u0105 galima naudoti riebiai odai. Veikliosios med\u017eiagos: AQUAXYL &#8211; dr\u0117kinamasis kremas, sud\u0117tyje turintis ksilit\u0105 i\u0161gaunam\u0105 i\u0161 Europos ber\u017eo ir gliukoz\u0119 i\u0161gaunam\u0105 i\u0161 kvie\u010di\u0173, stiprina keramid\u0173 sidarym\u0105 epidermio sluoksnyje, kad<\/p>\n<div class=\"klb-readmore entry-button\"><a class=\"button light alt medium\" href=\"https:\/\/beautycharm.lt\/en\/product\/hubislab-moisture-max-hydro-drekinamasis-veido-kremas-40-g\/\">Read More<\/a><\/div>","protected":false},"featured_media":1850,"comment_status":"open","ping_status":"closed","template":"","meta":{"inline_featured_image":false},"product_brand":[84],"product_cat":[120],"product_tag":[],"class_list":{"0":"post-1849","1":"product","2":"type-product","3":"status-publish","4":"has-post-thumbnail","6":"product_brand-hubislab-lt","7":"product_cat-moterims-lt","9":"first","10":"instock","11":"shipping-taxable","12":"purchasable","13":"product-type-simple"},"yoast_head":"<!-- This site is optimized with the Yoast SEO plugin v27.4 - https:\/\/yoast.com\/product\/yoast-seo-wordpress\/ -->\n<title>HUBISLAB MOISTURE MAX HYDRO DR\u0116KINAMASIS VEIDO KREMAS, 40 G - Beauty Charm<\/title>\n<meta name=\"robots\" content=\"index, follow, max-snippet:-1, max-image-preview:large, max-video-preview:-1\" \/>\n<link rel=\"canonical\" href=\"https:\/\/beautycharm.lt\/en\/product\/hubislab-moisture-max-hydro-drekinamasis-veido-kremas-40-g\/\" \/>\n<meta property=\"og:locale\" content=\"en_US\" \/>\n<meta property=\"og:type\" content=\"article\" \/>\n<meta property=\"og:title\" content=\"HUBISLAB MOISTURE MAX HYDRO DR\u0116KINAMASIS VEIDO KREMAS, 40 G - Beauty Charm\" \/>\n<meta property=\"og:description\" content=\"Labai dr\u0117kinantys hialurono junginiai sukuria lygi\u0105 dr\u0117kinan\u010di\u0105 pl\u0117vel\u0119 ant odos ir dr\u0117kina i\u0161saus\u0117jusi\u0105 od\u0105. Suteikia \u0161ilko poj\u016bt\u012f, yra dr\u0117kinantis ir nepalieka lipnumo poj\u016b\u010dio. \u0160\u012f lengvos tekst\u016bros krem\u0105 galima naudoti riebiai odai. Veikliosios med\u017eiagos: AQUAXYL &#8211; dr\u0117kinamasis kremas, sud\u0117tyje turintis ksilit\u0105 i\u0161gaunam\u0105 i\u0161 Europos ber\u017eo ir gliukoz\u0119 i\u0161gaunam\u0105 i\u0161 kvie\u010di\u0173, stiprina keramid\u0173 sidarym\u0105 epidermio sluoksnyje, kadRead More\" \/>\n<meta property=\"og:url\" content=\"https:\/\/beautycharm.lt\/en\/product\/hubislab-moisture-max-hydro-drekinamasis-veido-kremas-40-g\/\" \/>\n<meta property=\"og:site_name\" content=\"Beauty Charm\" \/>\n<meta property=\"article:publisher\" content=\"https:\/\/www.facebook.com\/faceandbodylines\/\" \/>\n<meta property=\"article:modified_time\" content=\"2025-08-13T13:43:52+00:00\" \/>\n<meta property=\"og:image\" content=\"https:\/\/beautycharm.lt\/wp-content\/uploads\/2025\/07\/hubislab-moisture-max-hydro-drekinamasis-veido-kremas-40-g.png\" \/>\n\t<meta property=\"og:image:width\" content=\"1563\" \/>\n\t<meta property=\"og:image:height\" content=\"1563\" \/>\n\t<meta property=\"og:image:type\" content=\"image\/png\" \/>\n<meta name=\"twitter:card\" content=\"summary_large_image\" \/>\n<meta name=\"twitter:label1\" content=\"Est. reading time\" \/>\n\t<meta name=\"twitter:data1\" content=\"1 minute\" \/>\n<script type=\"application\/ld+json\" class=\"yoast-schema-graph\">{\"@context\":\"https:\\\/\\\/schema.org\",\"@graph\":[{\"@type\":\"WebPage\",\"@id\":\"https:\\\/\\\/beautycharm.lt\\\/produktas\\\/hubislab-moisture-max-hydro-drekinamasis-veido-kremas-40-g\\\/\",\"url\":\"https:\\\/\\\/beautycharm.lt\\\/produktas\\\/hubislab-moisture-max-hydro-drekinamasis-veido-kremas-40-g\\\/\",\"name\":\"HUBISLAB MOISTURE MAX HYDRO DR\u0116KINAMASIS VEIDO KREMAS, 40 G - Beauty Charm\",\"isPartOf\":{\"@id\":\"https:\\\/\\\/beautycharm.lt\\\/#website\"},\"primaryImageOfPage\":{\"@id\":\"https:\\\/\\\/beautycharm.lt\\\/produktas\\\/hubislab-moisture-max-hydro-drekinamasis-veido-kremas-40-g\\\/#primaryimage\"},\"image\":{\"@id\":\"https:\\\/\\\/beautycharm.lt\\\/produktas\\\/hubislab-moisture-max-hydro-drekinamasis-veido-kremas-40-g\\\/#primaryimage\"},\"thumbnailUrl\":\"https:\\\/\\\/beautycharm.lt\\\/wp-content\\\/uploads\\\/2025\\\/07\\\/hubislab-moisture-max-hydro-drekinamasis-veido-kremas-40-g.png\",\"datePublished\":\"2025-07-15T10:56:57+00:00\",\"dateModified\":\"2025-08-13T13:43:52+00:00\",\"breadcrumb\":{\"@id\":\"https:\\\/\\\/beautycharm.lt\\\/produktas\\\/hubislab-moisture-max-hydro-drekinamasis-veido-kremas-40-g\\\/#breadcrumb\"},\"inLanguage\":\"en-US\",\"potentialAction\":[{\"@type\":\"ReadAction\",\"target\":[\"https:\\\/\\\/beautycharm.lt\\\/produktas\\\/hubislab-moisture-max-hydro-drekinamasis-veido-kremas-40-g\\\/\"]}]},{\"@type\":\"ImageObject\",\"inLanguage\":\"en-US\",\"@id\":\"https:\\\/\\\/beautycharm.lt\\\/produktas\\\/hubislab-moisture-max-hydro-drekinamasis-veido-kremas-40-g\\\/#primaryimage\",\"url\":\"https:\\\/\\\/beautycharm.lt\\\/wp-content\\\/uploads\\\/2025\\\/07\\\/hubislab-moisture-max-hydro-drekinamasis-veido-kremas-40-g.png\",\"contentUrl\":\"https:\\\/\\\/beautycharm.lt\\\/wp-content\\\/uploads\\\/2025\\\/07\\\/hubislab-moisture-max-hydro-drekinamasis-veido-kremas-40-g.png\",\"width\":1563,\"height\":1563},{\"@type\":\"BreadcrumbList\",\"@id\":\"https:\\\/\\\/beautycharm.lt\\\/produktas\\\/hubislab-moisture-max-hydro-drekinamasis-veido-kremas-40-g\\\/#breadcrumb\",\"itemListElement\":[{\"@type\":\"ListItem\",\"position\":1,\"name\":\"Home\",\"item\":\"https:\\\/\\\/beautycharm.lt\\\/\"},{\"@type\":\"ListItem\",\"position\":2,\"name\":\"Parduotuv\u0117\",\"item\":\"https:\\\/\\\/beautycharm.lt\\\/parduotuve\\\/\"},{\"@type\":\"ListItem\",\"position\":3,\"name\":\"HUBISLAB MOISTURE MAX HYDRO DR\u0116KINAMASIS VEIDO KREMAS, 40 G\"}]},{\"@type\":\"WebSite\",\"@id\":\"https:\\\/\\\/beautycharm.lt\\\/#website\",\"url\":\"https:\\\/\\\/beautycharm.lt\\\/\",\"name\":\"Beauty Charm\",\"description\":\"Odos prie\u017ei\u016bra vyrams ir moterims\",\"publisher\":{\"@id\":\"https:\\\/\\\/beautycharm.lt\\\/#organization\"},\"potentialAction\":[{\"@type\":\"SearchAction\",\"target\":{\"@type\":\"EntryPoint\",\"urlTemplate\":\"https:\\\/\\\/beautycharm.lt\\\/?s={search_term_string}\"},\"query-input\":{\"@type\":\"PropertyValueSpecification\",\"valueRequired\":true,\"valueName\":\"search_term_string\"}}],\"inLanguage\":\"en-US\"},{\"@type\":\"Organization\",\"@id\":\"https:\\\/\\\/beautycharm.lt\\\/#organization\",\"name\":\"Beauty Charm\",\"url\":\"https:\\\/\\\/beautycharm.lt\\\/\",\"logo\":{\"@type\":\"ImageObject\",\"inLanguage\":\"en-US\",\"@id\":\"https:\\\/\\\/beautycharm.lt\\\/#\\\/schema\\\/logo\\\/image\\\/\",\"url\":\"https:\\\/\\\/beautycharm.lt\\\/wp-content\\\/uploads\\\/2025\\\/08\\\/BeautyCharm_t_s-1.svg\",\"contentUrl\":\"https:\\\/\\\/beautycharm.lt\\\/wp-content\\\/uploads\\\/2025\\\/08\\\/BeautyCharm_t_s-1.svg\",\"width\":148,\"height\":64,\"caption\":\"Beauty Charm\"},\"image\":{\"@id\":\"https:\\\/\\\/beautycharm.lt\\\/#\\\/schema\\\/logo\\\/image\\\/\"},\"sameAs\":[\"https:\\\/\\\/www.facebook.com\\\/faceandbodylines\\\/\",\"https:\\\/\\\/www.instagram.com\\\/the_house_of_charm\\\/\"]}]}<\/script>\n<!-- \/ Yoast SEO plugin. -->","yoast_head_json":{"title":"HUBISLAB MOISTURE MAX HYDRO DR\u0116KINAMASIS VEIDO KREMAS, 40 G - Beauty Charm","robots":{"index":"index","follow":"follow","max-snippet":"max-snippet:-1","max-image-preview":"max-image-preview:large","max-video-preview":"max-video-preview:-1"},"canonical":"https:\/\/beautycharm.lt\/en\/product\/hubislab-moisture-max-hydro-drekinamasis-veido-kremas-40-g\/","og_locale":"en_US","og_type":"article","og_title":"HUBISLAB MOISTURE MAX HYDRO DR\u0116KINAMASIS VEIDO KREMAS, 40 G - Beauty Charm","og_description":"Labai dr\u0117kinantys hialurono junginiai sukuria lygi\u0105 dr\u0117kinan\u010di\u0105 pl\u0117vel\u0119 ant odos ir dr\u0117kina i\u0161saus\u0117jusi\u0105 od\u0105. Suteikia \u0161ilko poj\u016bt\u012f, yra dr\u0117kinantis ir nepalieka lipnumo poj\u016b\u010dio. \u0160\u012f lengvos tekst\u016bros krem\u0105 galima naudoti riebiai odai. Veikliosios med\u017eiagos: AQUAXYL &#8211; dr\u0117kinamasis kremas, sud\u0117tyje turintis ksilit\u0105 i\u0161gaunam\u0105 i\u0161 Europos ber\u017eo ir gliukoz\u0119 i\u0161gaunam\u0105 i\u0161 kvie\u010di\u0173, stiprina keramid\u0173 sidarym\u0105 epidermio sluoksnyje, kadRead More","og_url":"https:\/\/beautycharm.lt\/en\/product\/hubislab-moisture-max-hydro-drekinamasis-veido-kremas-40-g\/","og_site_name":"Beauty Charm","article_publisher":"https:\/\/www.facebook.com\/faceandbodylines\/","article_modified_time":"2025-08-13T13:43:52+00:00","og_image":[{"width":1563,"height":1563,"url":"https:\/\/beautycharm.lt\/wp-content\/uploads\/2025\/07\/hubislab-moisture-max-hydro-drekinamasis-veido-kremas-40-g.png","type":"image\/png"}],"twitter_card":"summary_large_image","twitter_misc":{"Est. reading time":"1 minute"},"schema":{"@context":"https:\/\/schema.org","@graph":[{"@type":"WebPage","@id":"https:\/\/beautycharm.lt\/produktas\/hubislab-moisture-max-hydro-drekinamasis-veido-kremas-40-g\/","url":"https:\/\/beautycharm.lt\/produktas\/hubislab-moisture-max-hydro-drekinamasis-veido-kremas-40-g\/","name":"HUBISLAB MOISTURE MAX HYDRO DR\u0116KINAMASIS VEIDO KREMAS, 40 G - Beauty Charm","isPartOf":{"@id":"https:\/\/beautycharm.lt\/#website"},"primaryImageOfPage":{"@id":"https:\/\/beautycharm.lt\/produktas\/hubislab-moisture-max-hydro-drekinamasis-veido-kremas-40-g\/#primaryimage"},"image":{"@id":"https:\/\/beautycharm.lt\/produktas\/hubislab-moisture-max-hydro-drekinamasis-veido-kremas-40-g\/#primaryimage"},"thumbnailUrl":"https:\/\/beautycharm.lt\/wp-content\/uploads\/2025\/07\/hubislab-moisture-max-hydro-drekinamasis-veido-kremas-40-g.png","datePublished":"2025-07-15T10:56:57+00:00","dateModified":"2025-08-13T13:43:52+00:00","breadcrumb":{"@id":"https:\/\/beautycharm.lt\/produktas\/hubislab-moisture-max-hydro-drekinamasis-veido-kremas-40-g\/#breadcrumb"},"inLanguage":"en-US","potentialAction":[{"@type":"ReadAction","target":["https:\/\/beautycharm.lt\/produktas\/hubislab-moisture-max-hydro-drekinamasis-veido-kremas-40-g\/"]}]},{"@type":"ImageObject","inLanguage":"en-US","@id":"https:\/\/beautycharm.lt\/produktas\/hubislab-moisture-max-hydro-drekinamasis-veido-kremas-40-g\/#primaryimage","url":"https:\/\/beautycharm.lt\/wp-content\/uploads\/2025\/07\/hubislab-moisture-max-hydro-drekinamasis-veido-kremas-40-g.png","contentUrl":"https:\/\/beautycharm.lt\/wp-content\/uploads\/2025\/07\/hubislab-moisture-max-hydro-drekinamasis-veido-kremas-40-g.png","width":1563,"height":1563},{"@type":"BreadcrumbList","@id":"https:\/\/beautycharm.lt\/produktas\/hubislab-moisture-max-hydro-drekinamasis-veido-kremas-40-g\/#breadcrumb","itemListElement":[{"@type":"ListItem","position":1,"name":"Home","item":"https:\/\/beautycharm.lt\/"},{"@type":"ListItem","position":2,"name":"Parduotuv\u0117","item":"https:\/\/beautycharm.lt\/parduotuve\/"},{"@type":"ListItem","position":3,"name":"HUBISLAB MOISTURE MAX HYDRO DR\u0116KINAMASIS VEIDO KREMAS, 40 G"}]},{"@type":"WebSite","@id":"https:\/\/beautycharm.lt\/#website","url":"https:\/\/beautycharm.lt\/","name":"Beauty Charm","description":"Odos prie\u017ei\u016bra vyrams ir moterims","publisher":{"@id":"https:\/\/beautycharm.lt\/#organization"},"potentialAction":[{"@type":"SearchAction","target":{"@type":"EntryPoint","urlTemplate":"https:\/\/beautycharm.lt\/?s={search_term_string}"},"query-input":{"@type":"PropertyValueSpecification","valueRequired":true,"valueName":"search_term_string"}}],"inLanguage":"en-US"},{"@type":"Organization","@id":"https:\/\/beautycharm.lt\/#organization","name":"Beauty Charm","url":"https:\/\/beautycharm.lt\/","logo":{"@type":"ImageObject","inLanguage":"en-US","@id":"https:\/\/beautycharm.lt\/#\/schema\/logo\/image\/","url":"https:\/\/beautycharm.lt\/wp-content\/uploads\/2025\/08\/BeautyCharm_t_s-1.svg","contentUrl":"https:\/\/beautycharm.lt\/wp-content\/uploads\/2025\/08\/BeautyCharm_t_s-1.svg","width":148,"height":64,"caption":"Beauty Charm"},"image":{"@id":"https:\/\/beautycharm.lt\/#\/schema\/logo\/image\/"},"sameAs":["https:\/\/www.facebook.com\/faceandbodylines\/","https:\/\/www.instagram.com\/the_house_of_charm\/"]}]}},"_links":{"self":[{"href":"https:\/\/beautycharm.lt\/en\/wp-json\/wp\/v2\/product\/1849","targetHints":{"allow":["GET"]}}],"collection":[{"href":"https:\/\/beautycharm.lt\/en\/wp-json\/wp\/v2\/product"}],"about":[{"href":"https:\/\/beautycharm.lt\/en\/wp-json\/wp\/v2\/types\/product"}],"replies":[{"embeddable":true,"href":"https:\/\/beautycharm.lt\/en\/wp-json\/wp\/v2\/comments?post=1849"}],"wp:featuredmedia":[{"embeddable":true,"href":"https:\/\/beautycharm.lt\/en\/wp-json\/wp\/v2\/media\/1850"}],"wp:attachment":[{"href":"https:\/\/beautycharm.lt\/en\/wp-json\/wp\/v2\/media?parent=1849"}],"wp:term":[{"taxonomy":"product_brand","embeddable":true,"href":"https:\/\/beautycharm.lt\/en\/wp-json\/wp\/v2\/product_brand?post=1849"},{"taxonomy":"product_cat","embeddable":true,"href":"https:\/\/beautycharm.lt\/en\/wp-json\/wp\/v2\/product_cat?post=1849"},{"taxonomy":"product_tag","embeddable":true,"href":"https:\/\/beautycharm.lt\/en\/wp-json\/wp\/v2\/product_tag?post=1849"}],"curies":[{"name":"wp","href":"https:\/\/api.w.org\/{rel}","templated":true}]}}