{"id":1846,"date":"2025-07-15T13:56:57","date_gmt":"2025-07-15T10:56:57","guid":{"rendered":"https:\/\/beautycharm.lt\/product\/hubislab-bio-cell-valomasis-fluidas-12x2-ml\/"},"modified":"2025-09-08T15:43:58","modified_gmt":"2025-09-08T12:43:58","slug":"hubislab-bio-cell-valomasis-fluidas-12x2-ml","status":"publish","type":"product","link":"https:\/\/beautycharm.lt\/en\/product\/hubislab-bio-cell-valomasis-fluidas-12x2-ml\/","title":{"rendered":"HUBISLAB BIO CELL CLEANSING FLUID, 12\u00d72 ml"},"content":{"rendered":"<p>Strengthens the skin's protective function, helps reduce excess sebum, and prevents skin dehydration. The tea tree extract in the composition brightens and smoothes the skin.<\/p>\n<p>Active ingredients: tea tree (Melaleuca Alternifolia) extract, Japanese cypress (Chamaecyparis Obtusa) leaf extract, heartleaf stimbur extract, allantoin.<\/p>\n<p>How to use: Apply to clean, toned skin on the face and neck.<\/p>\n<p>Ingredients:<\/p>\n<p>Water, Butylene Glycol, Bis-PEG-18 Methyl Ether Dimethyl Silane, 1,2-Hexanediol, PEG-60 Hydrogenated Castor Oil, Caprylyl Glycol, CI 42090, CI 19140, Allantoin, Aloe Barbadensis Leaf Powder, Dipotassium Glycyrrhizate, Melaleuca Alternifolia (Tea Tree) Extract, Houttuynia Cordata Extract, Fragrance, Chamaecyparis Obtusa Water, Chamaecyparis Obtusa Leaf Extract.<\/p>","protected":false},"excerpt":{"rendered":"<p>Stiprina odos apsaugin\u0119 funkcij\u0105, padeda ma\u017einti sebumo pertekli\u0173, u\u017ekerta keli\u0105 odos dehidratacijai. Sud\u0117tyje esantis arbatmed\u017eio ekstraktas skaistina ir lygina od\u0105. Veikliosios med\u017eiagos: arbatmed\u017eio (Melaleuca Alternifolia) ekstraktas, bukojo puskapariso (Chamaecyparis Obtusa) lap\u0173 ekstraktas, \u0161ird\u017eialap\u0117s stimbur\u0117s ekstraktas, alantoinas. Naudojimo b\u016bdas: tepkite ant \u0161varios ir tonizuotos veido ir kaklo odos. Sud\u0117tis: Water, Butylene Glycol, Bis-PEG-18 Methyl Ether Dimethyl<\/p>\n<div class=\"klb-readmore entry-button\"><a class=\"button light alt medium\" href=\"https:\/\/beautycharm.lt\/en\/product\/hubislab-bio-cell-valomasis-fluidas-12x2-ml\/\">Read More<\/a><\/div>","protected":false},"featured_media":2273,"comment_status":"open","ping_status":"closed","template":"","meta":{"inline_featured_image":false},"product_brand":[84],"product_cat":[120],"product_tag":[],"class_list":{"0":"post-1846","1":"product","2":"type-product","3":"status-publish","4":"has-post-thumbnail","6":"product_brand-hubislab-lt","7":"product_cat-moterims-lt","9":"first","10":"instock","11":"shipping-taxable","12":"purchasable","13":"product-type-simple"},"yoast_head":"<!-- This site is optimized with the Yoast SEO plugin v27.4 - https:\/\/yoast.com\/product\/yoast-seo-wordpress\/ -->\n<title>HUBISLAB BIO CELL VALOMASIS FLUIDAS, 12x2 ml - Beauty Charm<\/title>\n<meta name=\"robots\" content=\"index, follow, max-snippet:-1, max-image-preview:large, max-video-preview:-1\" \/>\n<link rel=\"canonical\" href=\"https:\/\/beautycharm.lt\/en\/product\/hubislab-bio-cell-valomasis-fluidas-12x2-ml\/\" \/>\n<meta property=\"og:locale\" content=\"en_US\" \/>\n<meta property=\"og:type\" content=\"article\" \/>\n<meta property=\"og:title\" content=\"HUBISLAB BIO CELL VALOMASIS FLUIDAS, 12x2 ml - Beauty Charm\" \/>\n<meta property=\"og:description\" content=\"Stiprina odos apsaugin\u0119 funkcij\u0105, padeda ma\u017einti sebumo pertekli\u0173, u\u017ekerta keli\u0105 odos dehidratacijai. Sud\u0117tyje esantis arbatmed\u017eio ekstraktas skaistina ir lygina od\u0105. Veikliosios med\u017eiagos: arbatmed\u017eio (Melaleuca Alternifolia) ekstraktas, bukojo puskapariso (Chamaecyparis Obtusa) lap\u0173 ekstraktas, \u0161ird\u017eialap\u0117s stimbur\u0117s ekstraktas, alantoinas. Naudojimo b\u016bdas: tepkite ant \u0161varios ir tonizuotos veido ir kaklo odos. Sud\u0117tis: Water, Butylene Glycol, Bis-PEG-18 Methyl Ether DimethylRead More\" \/>\n<meta property=\"og:url\" content=\"https:\/\/beautycharm.lt\/en\/product\/hubislab-bio-cell-valomasis-fluidas-12x2-ml\/\" \/>\n<meta property=\"og:site_name\" content=\"Beauty Charm\" \/>\n<meta property=\"article:publisher\" content=\"https:\/\/www.facebook.com\/faceandbodylines\/\" \/>\n<meta property=\"article:modified_time\" content=\"2025-09-08T12:43:58+00:00\" \/>\n<meta property=\"og:image\" content=\"https:\/\/beautycharm.lt\/wp-content\/uploads\/2025\/07\/hubislab-bio-cell-valomasis-fluidas-2ml-12-413x672-1.png\" \/>\n\t<meta property=\"og:image:width\" content=\"413\" \/>\n\t<meta property=\"og:image:height\" content=\"672\" \/>\n\t<meta property=\"og:image:type\" content=\"image\/png\" \/>\n<meta name=\"twitter:card\" content=\"summary_large_image\" \/>\n<meta name=\"twitter:label1\" content=\"Est. reading time\" \/>\n\t<meta name=\"twitter:data1\" content=\"1 minute\" \/>\n<script type=\"application\/ld+json\" class=\"yoast-schema-graph\">{\"@context\":\"https:\\\/\\\/schema.org\",\"@graph\":[{\"@type\":\"WebPage\",\"@id\":\"https:\\\/\\\/beautycharm.lt\\\/produktas\\\/hubislab-bio-cell-valomasis-fluidas-12x2-ml\\\/\",\"url\":\"https:\\\/\\\/beautycharm.lt\\\/produktas\\\/hubislab-bio-cell-valomasis-fluidas-12x2-ml\\\/\",\"name\":\"HUBISLAB BIO CELL VALOMASIS FLUIDAS, 12x2 ml - Beauty Charm\",\"isPartOf\":{\"@id\":\"https:\\\/\\\/beautycharm.lt\\\/#website\"},\"primaryImageOfPage\":{\"@id\":\"https:\\\/\\\/beautycharm.lt\\\/produktas\\\/hubislab-bio-cell-valomasis-fluidas-12x2-ml\\\/#primaryimage\"},\"image\":{\"@id\":\"https:\\\/\\\/beautycharm.lt\\\/produktas\\\/hubislab-bio-cell-valomasis-fluidas-12x2-ml\\\/#primaryimage\"},\"thumbnailUrl\":\"https:\\\/\\\/beautycharm.lt\\\/wp-content\\\/uploads\\\/2025\\\/07\\\/hubislab-bio-cell-valomasis-fluidas-2ml-12-413x672-1.png\",\"datePublished\":\"2025-07-15T10:56:57+00:00\",\"dateModified\":\"2025-09-08T12:43:58+00:00\",\"breadcrumb\":{\"@id\":\"https:\\\/\\\/beautycharm.lt\\\/produktas\\\/hubislab-bio-cell-valomasis-fluidas-12x2-ml\\\/#breadcrumb\"},\"inLanguage\":\"en-US\",\"potentialAction\":[{\"@type\":\"ReadAction\",\"target\":[\"https:\\\/\\\/beautycharm.lt\\\/produktas\\\/hubislab-bio-cell-valomasis-fluidas-12x2-ml\\\/\"]}]},{\"@type\":\"ImageObject\",\"inLanguage\":\"en-US\",\"@id\":\"https:\\\/\\\/beautycharm.lt\\\/produktas\\\/hubislab-bio-cell-valomasis-fluidas-12x2-ml\\\/#primaryimage\",\"url\":\"https:\\\/\\\/beautycharm.lt\\\/wp-content\\\/uploads\\\/2025\\\/07\\\/hubislab-bio-cell-valomasis-fluidas-2ml-12-413x672-1.png\",\"contentUrl\":\"https:\\\/\\\/beautycharm.lt\\\/wp-content\\\/uploads\\\/2025\\\/07\\\/hubislab-bio-cell-valomasis-fluidas-2ml-12-413x672-1.png\",\"width\":413,\"height\":672},{\"@type\":\"BreadcrumbList\",\"@id\":\"https:\\\/\\\/beautycharm.lt\\\/produktas\\\/hubislab-bio-cell-valomasis-fluidas-12x2-ml\\\/#breadcrumb\",\"itemListElement\":[{\"@type\":\"ListItem\",\"position\":1,\"name\":\"Home\",\"item\":\"https:\\\/\\\/beautycharm.lt\\\/\"},{\"@type\":\"ListItem\",\"position\":2,\"name\":\"Parduotuv\u0117\",\"item\":\"https:\\\/\\\/beautycharm.lt\\\/parduotuve\\\/\"},{\"@type\":\"ListItem\",\"position\":3,\"name\":\"HUBISLAB BIO CELL VALOMASIS FLUIDAS, 12&#215;2 ml\"}]},{\"@type\":\"WebSite\",\"@id\":\"https:\\\/\\\/beautycharm.lt\\\/#website\",\"url\":\"https:\\\/\\\/beautycharm.lt\\\/\",\"name\":\"Beauty Charm\",\"description\":\"Odos prie\u017ei\u016bra vyrams ir moterims\",\"publisher\":{\"@id\":\"https:\\\/\\\/beautycharm.lt\\\/#organization\"},\"potentialAction\":[{\"@type\":\"SearchAction\",\"target\":{\"@type\":\"EntryPoint\",\"urlTemplate\":\"https:\\\/\\\/beautycharm.lt\\\/?s={search_term_string}\"},\"query-input\":{\"@type\":\"PropertyValueSpecification\",\"valueRequired\":true,\"valueName\":\"search_term_string\"}}],\"inLanguage\":\"en-US\"},{\"@type\":\"Organization\",\"@id\":\"https:\\\/\\\/beautycharm.lt\\\/#organization\",\"name\":\"Beauty Charm\",\"url\":\"https:\\\/\\\/beautycharm.lt\\\/\",\"logo\":{\"@type\":\"ImageObject\",\"inLanguage\":\"en-US\",\"@id\":\"https:\\\/\\\/beautycharm.lt\\\/#\\\/schema\\\/logo\\\/image\\\/\",\"url\":\"https:\\\/\\\/beautycharm.lt\\\/wp-content\\\/uploads\\\/2025\\\/08\\\/BeautyCharm_t_s-1.svg\",\"contentUrl\":\"https:\\\/\\\/beautycharm.lt\\\/wp-content\\\/uploads\\\/2025\\\/08\\\/BeautyCharm_t_s-1.svg\",\"width\":148,\"height\":64,\"caption\":\"Beauty Charm\"},\"image\":{\"@id\":\"https:\\\/\\\/beautycharm.lt\\\/#\\\/schema\\\/logo\\\/image\\\/\"},\"sameAs\":[\"https:\\\/\\\/www.facebook.com\\\/faceandbodylines\\\/\",\"https:\\\/\\\/www.instagram.com\\\/the_house_of_charm\\\/\"]}]}<\/script>\n<!-- \/ Yoast SEO plugin. -->","yoast_head_json":{"title":"HUBISLAB BIO CELL VALOMASIS FLUIDAS, 12x2 ml - Beauty Charm","robots":{"index":"index","follow":"follow","max-snippet":"max-snippet:-1","max-image-preview":"max-image-preview:large","max-video-preview":"max-video-preview:-1"},"canonical":"https:\/\/beautycharm.lt\/en\/product\/hubislab-bio-cell-valomasis-fluidas-12x2-ml\/","og_locale":"en_US","og_type":"article","og_title":"HUBISLAB BIO CELL VALOMASIS FLUIDAS, 12x2 ml - Beauty Charm","og_description":"Stiprina odos apsaugin\u0119 funkcij\u0105, padeda ma\u017einti sebumo pertekli\u0173, u\u017ekerta keli\u0105 odos dehidratacijai. Sud\u0117tyje esantis arbatmed\u017eio ekstraktas skaistina ir lygina od\u0105. Veikliosios med\u017eiagos: arbatmed\u017eio (Melaleuca Alternifolia) ekstraktas, bukojo puskapariso (Chamaecyparis Obtusa) lap\u0173 ekstraktas, \u0161ird\u017eialap\u0117s stimbur\u0117s ekstraktas, alantoinas. Naudojimo b\u016bdas: tepkite ant \u0161varios ir tonizuotos veido ir kaklo odos. Sud\u0117tis: Water, Butylene Glycol, Bis-PEG-18 Methyl Ether DimethylRead More","og_url":"https:\/\/beautycharm.lt\/en\/product\/hubislab-bio-cell-valomasis-fluidas-12x2-ml\/","og_site_name":"Beauty Charm","article_publisher":"https:\/\/www.facebook.com\/faceandbodylines\/","article_modified_time":"2025-09-08T12:43:58+00:00","og_image":[{"width":413,"height":672,"url":"https:\/\/beautycharm.lt\/wp-content\/uploads\/2025\/07\/hubislab-bio-cell-valomasis-fluidas-2ml-12-413x672-1.png","type":"image\/png"}],"twitter_card":"summary_large_image","twitter_misc":{"Est. reading time":"1 minute"},"schema":{"@context":"https:\/\/schema.org","@graph":[{"@type":"WebPage","@id":"https:\/\/beautycharm.lt\/produktas\/hubislab-bio-cell-valomasis-fluidas-12x2-ml\/","url":"https:\/\/beautycharm.lt\/produktas\/hubislab-bio-cell-valomasis-fluidas-12x2-ml\/","name":"HUBISLAB BIO CELL VALOMASIS FLUIDAS, 12x2 ml - Beauty Charm","isPartOf":{"@id":"https:\/\/beautycharm.lt\/#website"},"primaryImageOfPage":{"@id":"https:\/\/beautycharm.lt\/produktas\/hubislab-bio-cell-valomasis-fluidas-12x2-ml\/#primaryimage"},"image":{"@id":"https:\/\/beautycharm.lt\/produktas\/hubislab-bio-cell-valomasis-fluidas-12x2-ml\/#primaryimage"},"thumbnailUrl":"https:\/\/beautycharm.lt\/wp-content\/uploads\/2025\/07\/hubislab-bio-cell-valomasis-fluidas-2ml-12-413x672-1.png","datePublished":"2025-07-15T10:56:57+00:00","dateModified":"2025-09-08T12:43:58+00:00","breadcrumb":{"@id":"https:\/\/beautycharm.lt\/produktas\/hubislab-bio-cell-valomasis-fluidas-12x2-ml\/#breadcrumb"},"inLanguage":"en-US","potentialAction":[{"@type":"ReadAction","target":["https:\/\/beautycharm.lt\/produktas\/hubislab-bio-cell-valomasis-fluidas-12x2-ml\/"]}]},{"@type":"ImageObject","inLanguage":"en-US","@id":"https:\/\/beautycharm.lt\/produktas\/hubislab-bio-cell-valomasis-fluidas-12x2-ml\/#primaryimage","url":"https:\/\/beautycharm.lt\/wp-content\/uploads\/2025\/07\/hubislab-bio-cell-valomasis-fluidas-2ml-12-413x672-1.png","contentUrl":"https:\/\/beautycharm.lt\/wp-content\/uploads\/2025\/07\/hubislab-bio-cell-valomasis-fluidas-2ml-12-413x672-1.png","width":413,"height":672},{"@type":"BreadcrumbList","@id":"https:\/\/beautycharm.lt\/produktas\/hubislab-bio-cell-valomasis-fluidas-12x2-ml\/#breadcrumb","itemListElement":[{"@type":"ListItem","position":1,"name":"Home","item":"https:\/\/beautycharm.lt\/"},{"@type":"ListItem","position":2,"name":"Parduotuv\u0117","item":"https:\/\/beautycharm.lt\/parduotuve\/"},{"@type":"ListItem","position":3,"name":"HUBISLAB BIO CELL VALOMASIS FLUIDAS, 12&#215;2 ml"}]},{"@type":"WebSite","@id":"https:\/\/beautycharm.lt\/#website","url":"https:\/\/beautycharm.lt\/","name":"Beauty Charm","description":"Odos prie\u017ei\u016bra vyrams ir moterims","publisher":{"@id":"https:\/\/beautycharm.lt\/#organization"},"potentialAction":[{"@type":"SearchAction","target":{"@type":"EntryPoint","urlTemplate":"https:\/\/beautycharm.lt\/?s={search_term_string}"},"query-input":{"@type":"PropertyValueSpecification","valueRequired":true,"valueName":"search_term_string"}}],"inLanguage":"en-US"},{"@type":"Organization","@id":"https:\/\/beautycharm.lt\/#organization","name":"Beauty Charm","url":"https:\/\/beautycharm.lt\/","logo":{"@type":"ImageObject","inLanguage":"en-US","@id":"https:\/\/beautycharm.lt\/#\/schema\/logo\/image\/","url":"https:\/\/beautycharm.lt\/wp-content\/uploads\/2025\/08\/BeautyCharm_t_s-1.svg","contentUrl":"https:\/\/beautycharm.lt\/wp-content\/uploads\/2025\/08\/BeautyCharm_t_s-1.svg","width":148,"height":64,"caption":"Beauty Charm"},"image":{"@id":"https:\/\/beautycharm.lt\/#\/schema\/logo\/image\/"},"sameAs":["https:\/\/www.facebook.com\/faceandbodylines\/","https:\/\/www.instagram.com\/the_house_of_charm\/"]}]}},"_links":{"self":[{"href":"https:\/\/beautycharm.lt\/en\/wp-json\/wp\/v2\/product\/1846","targetHints":{"allow":["GET"]}}],"collection":[{"href":"https:\/\/beautycharm.lt\/en\/wp-json\/wp\/v2\/product"}],"about":[{"href":"https:\/\/beautycharm.lt\/en\/wp-json\/wp\/v2\/types\/product"}],"replies":[{"embeddable":true,"href":"https:\/\/beautycharm.lt\/en\/wp-json\/wp\/v2\/comments?post=1846"}],"wp:featuredmedia":[{"embeddable":true,"href":"https:\/\/beautycharm.lt\/en\/wp-json\/wp\/v2\/media\/2273"}],"wp:attachment":[{"href":"https:\/\/beautycharm.lt\/en\/wp-json\/wp\/v2\/media?parent=1846"}],"wp:term":[{"taxonomy":"product_brand","embeddable":true,"href":"https:\/\/beautycharm.lt\/en\/wp-json\/wp\/v2\/product_brand?post=1846"},{"taxonomy":"product_cat","embeddable":true,"href":"https:\/\/beautycharm.lt\/en\/wp-json\/wp\/v2\/product_cat?post=1846"},{"taxonomy":"product_tag","embeddable":true,"href":"https:\/\/beautycharm.lt\/en\/wp-json\/wp\/v2\/product_tag?post=1846"}],"curies":[{"name":"wp","href":"https:\/\/api.w.org\/{rel}","templated":true}]}}