{"id":1844,"date":"2025-07-15T13:56:57","date_gmt":"2025-07-15T10:56:57","guid":{"rendered":"https:\/\/beautycharm.lt\/product\/g-m-collin-phyto-stem-cell-serumas-30-ml\/"},"modified":"2025-09-08T15:41:31","modified_gmt":"2025-09-08T12:41:31","slug":"g-m-collin-phyto-stem-cell-serumas-30-ml","status":"publish","type":"product","link":"https:\/\/beautycharm.lt\/en\/product\/g-m-collin-phyto-stem-cell-serumas-30-ml\/","title":{"rendered":"G.M. COLLIN PHYTO STEM CELL+ SERUM, 30 ML"},"content":{"rendered":"<p>A combination of three unique active ingredients suitable for skin showing signs of aging: plant stem cells (apple fruit cell extract), OrsirtineTM (rice extract), and geranylgeranyl isopropanol.<\/p>\n<p>Malus Domestica Fruit Cell Culture is the first plant stem cell active ingredient on the market. This extract is suitable for skin with chronological aging.<\/p>\n<p>Advantages:<\/p>\n<p>The serum is based on innovative technologies.<br \/>\nSuitable for skin that shows visible signs of aging and lacks radiance and even texture.<br \/>\nSuitable for skin that lacks firmness and needs to improve its overall appearance.<\/p>\n<p>Active ingredients:<\/p>\n<p>Antioxidants. Watermelon extract (Citrullus Lanatus Fruit Extract),<br \/>\nDomestic apple fruit cell extract (Malus Domestica Fruit Cell Culture), Hydrolyzed soy proteins, Acetyl Hexapeptide-8 (Argireline\u2122), Hexapeptide-9, Sown rice extract (Orsirtine\u2122), Matrixyl\u2122 3000, geranylgeranylpropyl alcohol<br \/>\nHyaluronic acid (Sodium Hyaluronate), Glycerin (Glycerin)<\/p>\n<p>How to use: Apply to a clean and toned face. Follow with a cream suited to your skin type. Recommended for use in the morning and evening.<\/p>\n<p>Ingredients:<\/p>\n<p>AQUA\/WATER\/EAU, CAPRYLIC\/CAPRIC TRIGLYCERIDE, C15-19 ALKANE, DIMETHICONE, BUTYLENE GLYCOL, SACCHAROMYCES\/XYLINUM\/BLACK TEA FERMENT, PENTYLENE GLYCOL, GLYCERIN, POLYMETHYLSILSESQUIOXANE, THERMUS THERMOPHILLUS FERMENT, CAPRYLYL METHICONE, DIPALMITOYL HYDROXYPROLINE, HYDROLYZED MANIHOT ESCULENTA TUBER EXTRACT, HYDROLYZED SOY PROTEIN, SALICYLOYL PHYTOSPHINGOSINE, MALUS DOMESTICA FRUIT CELL CULTURE EXTRACT, DECARBOXY CARNOSINE HCL, SODIUM HYALURONATE, ETHYLHEXYLGLYCERIN, GERANYLGERANYLISOPROPANOL, ACETYL DIPEPTIDE-1 CETYL ESTER, GLUCOSE, PLANKTON EXTRACT\/EXTRAIT DE PLANCTON, ACETYL HEXAPEPTIDE-8, ORYZA SATIVA (RICE) EXTRACT, ARTEMIA EXTRACT, CHONDRUS CRISPUS EXTRACT, ERGOTHIONEINE, PALMITOYL TRIPEPTIDE-1, PALMITOYL TETRAPEPTIDE-7, HEXAPEPTIDE-9, PHENOXYETHANOL, POTASSIUM SORBATE, SODIUM BENZOATE, TOCOPHEROL, POLYACRYLAMIDE, C13-14 ISOPARAFFIN, PEG-40 HYDROGENATED CASTOR OIL, PPG-26-BUTETH-26, FRAGRANCE\/PARFUM, PEG-12 DIMETHICONE\/PPG-20 CROSSPOLYMER, ACRYLAMIDE\/AMMONIUM ACRYLATE COPOLYMER, PROPANEDIOL, XANTHAN GUM, PALMITIC ACID, DIMETHICONOL, POLYISOBUTENE, LAURETH-3, LAURETH-7, HYDROXYETHYLCELLULOSE, CAPRYLYL GLYCOL, SODIUM HYDROXIDE, POLYSORBATE 20, CARBOMER, SODIUM LACTATE, SODIUM CITRATE, SORBITAN ISOSTEARATE, CITRIC ACID, ACETIC ACID, LECITHIN, BIOTIN<\/p>","protected":false},"excerpt":{"rendered":"<p>Trij\u0173 unikali\u0173 veikli\u0173j\u0173 med\u017eiag\u0173 derinys, tinkamas odai su sen\u0117jimo po\u017eymiais: kamienin\u0117s augal\u0173 l\u0105stel\u0117s (Namin\u0117s obels vaisi\u0173 l\u0105steli\u0173 ekstraktas), OrsirtineTM (ry\u017ei\u0173 ekstraktas) ir Geranylgeranylisopropanolis. Namin\u0117s obels vaisi\u0173 l\u0105steli\u0173 ekstraktas (Malus Domestica Fruit Cell Culture) yra pirmoji augal\u0173 kamienini\u0173 l\u0105steli\u0173 veiklioji med\u017eiaga rinkoje. \u0160is ekstraktas tinkamas odai su chronologiniu sen\u0117jimu. Privalumai: Serumas sukurtas remiantis inovatyviomis technologijomis. Tinka<\/p>\n<div class=\"klb-readmore entry-button\"><a class=\"button light alt medium\" href=\"https:\/\/beautycharm.lt\/en\/product\/g-m-collin-phyto-stem-cell-serumas-30-ml\/\">Read More<\/a><\/div>","protected":false},"featured_media":2271,"comment_status":"open","ping_status":"closed","template":"","meta":{"inline_featured_image":false},"product_brand":[83],"product_cat":[120],"product_tag":[],"class_list":{"0":"post-1844","1":"product","2":"type-product","3":"status-publish","4":"has-post-thumbnail","6":"product_brand-g-m-collin-lt","7":"product_cat-moterims-lt","9":"first","10":"instock","11":"shipping-taxable","12":"purchasable","13":"product-type-simple"},"yoast_head":"<!-- This site is optimized with the Yoast SEO plugin v27.4 - https:\/\/yoast.com\/product\/yoast-seo-wordpress\/ -->\n<title>G.M. COLLIN PHYTO STEM CELL+ SERUMAS, 30 ML - Beauty Charm<\/title>\n<meta name=\"robots\" content=\"index, follow, max-snippet:-1, max-image-preview:large, max-video-preview:-1\" \/>\n<link rel=\"canonical\" href=\"https:\/\/beautycharm.lt\/en\/product\/g-m-collin-phyto-stem-cell-serumas-30-ml\/\" \/>\n<meta property=\"og:locale\" content=\"en_US\" \/>\n<meta property=\"og:type\" content=\"article\" \/>\n<meta property=\"og:title\" content=\"G.M. COLLIN PHYTO STEM CELL+ SERUMAS, 30 ML - Beauty Charm\" \/>\n<meta property=\"og:description\" content=\"Trij\u0173 unikali\u0173 veikli\u0173j\u0173 med\u017eiag\u0173 derinys, tinkamas odai su sen\u0117jimo po\u017eymiais: kamienin\u0117s augal\u0173 l\u0105stel\u0117s (Namin\u0117s obels vaisi\u0173 l\u0105steli\u0173 ekstraktas), OrsirtineTM (ry\u017ei\u0173 ekstraktas) ir Geranylgeranylisopropanolis. Namin\u0117s obels vaisi\u0173 l\u0105steli\u0173 ekstraktas (Malus Domestica Fruit Cell Culture) yra pirmoji augal\u0173 kamienini\u0173 l\u0105steli\u0173 veiklioji med\u017eiaga rinkoje. \u0160is ekstraktas tinkamas odai su chronologiniu sen\u0117jimu. Privalumai: Serumas sukurtas remiantis inovatyviomis technologijomis. TinkaRead More\" \/>\n<meta property=\"og:url\" content=\"https:\/\/beautycharm.lt\/en\/product\/g-m-collin-phyto-stem-cell-serumas-30-ml\/\" \/>\n<meta property=\"og:site_name\" content=\"Beauty Charm\" \/>\n<meta property=\"article:publisher\" content=\"https:\/\/www.facebook.com\/faceandbodylines\/\" \/>\n<meta property=\"article:modified_time\" content=\"2025-09-08T12:41:31+00:00\" \/>\n<meta property=\"og:image\" content=\"https:\/\/beautycharm.lt\/wp-content\/uploads\/2025\/07\/g-m-collin-phyto-stem-cell-serumas-30-ml-202405081409140-413x672-1.jpeg\" \/>\n\t<meta property=\"og:image:width\" content=\"413\" \/>\n\t<meta property=\"og:image:height\" content=\"672\" \/>\n\t<meta property=\"og:image:type\" content=\"image\/jpeg\" \/>\n<meta name=\"twitter:card\" content=\"summary_large_image\" \/>\n<meta name=\"twitter:label1\" content=\"Est. reading time\" \/>\n\t<meta name=\"twitter:data1\" content=\"2 minutes\" \/>\n<script type=\"application\/ld+json\" class=\"yoast-schema-graph\">{\"@context\":\"https:\\\/\\\/schema.org\",\"@graph\":[{\"@type\":\"WebPage\",\"@id\":\"https:\\\/\\\/beautycharm.lt\\\/produktas\\\/g-m-collin-phyto-stem-cell-serumas-30-ml\\\/\",\"url\":\"https:\\\/\\\/beautycharm.lt\\\/produktas\\\/g-m-collin-phyto-stem-cell-serumas-30-ml\\\/\",\"name\":\"G.M. COLLIN PHYTO STEM CELL+ SERUMAS, 30 ML - Beauty Charm\",\"isPartOf\":{\"@id\":\"https:\\\/\\\/beautycharm.lt\\\/#website\"},\"primaryImageOfPage\":{\"@id\":\"https:\\\/\\\/beautycharm.lt\\\/produktas\\\/g-m-collin-phyto-stem-cell-serumas-30-ml\\\/#primaryimage\"},\"image\":{\"@id\":\"https:\\\/\\\/beautycharm.lt\\\/produktas\\\/g-m-collin-phyto-stem-cell-serumas-30-ml\\\/#primaryimage\"},\"thumbnailUrl\":\"https:\\\/\\\/beautycharm.lt\\\/wp-content\\\/uploads\\\/2025\\\/07\\\/g-m-collin-phyto-stem-cell-serumas-30-ml-202405081409140-413x672-1.jpeg\",\"datePublished\":\"2025-07-15T10:56:57+00:00\",\"dateModified\":\"2025-09-08T12:41:31+00:00\",\"breadcrumb\":{\"@id\":\"https:\\\/\\\/beautycharm.lt\\\/produktas\\\/g-m-collin-phyto-stem-cell-serumas-30-ml\\\/#breadcrumb\"},\"inLanguage\":\"en-US\",\"potentialAction\":[{\"@type\":\"ReadAction\",\"target\":[\"https:\\\/\\\/beautycharm.lt\\\/produktas\\\/g-m-collin-phyto-stem-cell-serumas-30-ml\\\/\"]}]},{\"@type\":\"ImageObject\",\"inLanguage\":\"en-US\",\"@id\":\"https:\\\/\\\/beautycharm.lt\\\/produktas\\\/g-m-collin-phyto-stem-cell-serumas-30-ml\\\/#primaryimage\",\"url\":\"https:\\\/\\\/beautycharm.lt\\\/wp-content\\\/uploads\\\/2025\\\/07\\\/g-m-collin-phyto-stem-cell-serumas-30-ml-202405081409140-413x672-1.jpeg\",\"contentUrl\":\"https:\\\/\\\/beautycharm.lt\\\/wp-content\\\/uploads\\\/2025\\\/07\\\/g-m-collin-phyto-stem-cell-serumas-30-ml-202405081409140-413x672-1.jpeg\",\"width\":413,\"height\":672},{\"@type\":\"BreadcrumbList\",\"@id\":\"https:\\\/\\\/beautycharm.lt\\\/produktas\\\/g-m-collin-phyto-stem-cell-serumas-30-ml\\\/#breadcrumb\",\"itemListElement\":[{\"@type\":\"ListItem\",\"position\":1,\"name\":\"Home\",\"item\":\"https:\\\/\\\/beautycharm.lt\\\/\"},{\"@type\":\"ListItem\",\"position\":2,\"name\":\"Parduotuv\u0117\",\"item\":\"https:\\\/\\\/beautycharm.lt\\\/parduotuve\\\/\"},{\"@type\":\"ListItem\",\"position\":3,\"name\":\"G.M. COLLIN PHYTO STEM CELL+ SERUMAS, 30 ML\"}]},{\"@type\":\"WebSite\",\"@id\":\"https:\\\/\\\/beautycharm.lt\\\/#website\",\"url\":\"https:\\\/\\\/beautycharm.lt\\\/\",\"name\":\"Beauty Charm\",\"description\":\"Odos prie\u017ei\u016bra vyrams ir moterims\",\"publisher\":{\"@id\":\"https:\\\/\\\/beautycharm.lt\\\/#organization\"},\"potentialAction\":[{\"@type\":\"SearchAction\",\"target\":{\"@type\":\"EntryPoint\",\"urlTemplate\":\"https:\\\/\\\/beautycharm.lt\\\/?s={search_term_string}\"},\"query-input\":{\"@type\":\"PropertyValueSpecification\",\"valueRequired\":true,\"valueName\":\"search_term_string\"}}],\"inLanguage\":\"en-US\"},{\"@type\":\"Organization\",\"@id\":\"https:\\\/\\\/beautycharm.lt\\\/#organization\",\"name\":\"Beauty Charm\",\"url\":\"https:\\\/\\\/beautycharm.lt\\\/\",\"logo\":{\"@type\":\"ImageObject\",\"inLanguage\":\"en-US\",\"@id\":\"https:\\\/\\\/beautycharm.lt\\\/#\\\/schema\\\/logo\\\/image\\\/\",\"url\":\"https:\\\/\\\/beautycharm.lt\\\/wp-content\\\/uploads\\\/2025\\\/08\\\/BeautyCharm_t_s-1.svg\",\"contentUrl\":\"https:\\\/\\\/beautycharm.lt\\\/wp-content\\\/uploads\\\/2025\\\/08\\\/BeautyCharm_t_s-1.svg\",\"width\":148,\"height\":64,\"caption\":\"Beauty Charm\"},\"image\":{\"@id\":\"https:\\\/\\\/beautycharm.lt\\\/#\\\/schema\\\/logo\\\/image\\\/\"},\"sameAs\":[\"https:\\\/\\\/www.facebook.com\\\/faceandbodylines\\\/\",\"https:\\\/\\\/www.instagram.com\\\/the_house_of_charm\\\/\"]}]}<\/script>\n<!-- \/ Yoast SEO plugin. -->","yoast_head_json":{"title":"G.M. COLLIN PHYTO STEM CELL+ SERUMAS, 30 ML - Beauty Charm","robots":{"index":"index","follow":"follow","max-snippet":"max-snippet:-1","max-image-preview":"max-image-preview:large","max-video-preview":"max-video-preview:-1"},"canonical":"https:\/\/beautycharm.lt\/en\/product\/g-m-collin-phyto-stem-cell-serumas-30-ml\/","og_locale":"en_US","og_type":"article","og_title":"G.M. COLLIN PHYTO STEM CELL+ SERUMAS, 30 ML - Beauty Charm","og_description":"Trij\u0173 unikali\u0173 veikli\u0173j\u0173 med\u017eiag\u0173 derinys, tinkamas odai su sen\u0117jimo po\u017eymiais: kamienin\u0117s augal\u0173 l\u0105stel\u0117s (Namin\u0117s obels vaisi\u0173 l\u0105steli\u0173 ekstraktas), OrsirtineTM (ry\u017ei\u0173 ekstraktas) ir Geranylgeranylisopropanolis. Namin\u0117s obels vaisi\u0173 l\u0105steli\u0173 ekstraktas (Malus Domestica Fruit Cell Culture) yra pirmoji augal\u0173 kamienini\u0173 l\u0105steli\u0173 veiklioji med\u017eiaga rinkoje. \u0160is ekstraktas tinkamas odai su chronologiniu sen\u0117jimu. Privalumai: Serumas sukurtas remiantis inovatyviomis technologijomis. TinkaRead More","og_url":"https:\/\/beautycharm.lt\/en\/product\/g-m-collin-phyto-stem-cell-serumas-30-ml\/","og_site_name":"Beauty Charm","article_publisher":"https:\/\/www.facebook.com\/faceandbodylines\/","article_modified_time":"2025-09-08T12:41:31+00:00","og_image":[{"width":413,"height":672,"url":"https:\/\/beautycharm.lt\/wp-content\/uploads\/2025\/07\/g-m-collin-phyto-stem-cell-serumas-30-ml-202405081409140-413x672-1.jpeg","type":"image\/jpeg"}],"twitter_card":"summary_large_image","twitter_misc":{"Est. reading time":"2 minutes"},"schema":{"@context":"https:\/\/schema.org","@graph":[{"@type":"WebPage","@id":"https:\/\/beautycharm.lt\/produktas\/g-m-collin-phyto-stem-cell-serumas-30-ml\/","url":"https:\/\/beautycharm.lt\/produktas\/g-m-collin-phyto-stem-cell-serumas-30-ml\/","name":"G.M. COLLIN PHYTO STEM CELL+ SERUMAS, 30 ML - Beauty Charm","isPartOf":{"@id":"https:\/\/beautycharm.lt\/#website"},"primaryImageOfPage":{"@id":"https:\/\/beautycharm.lt\/produktas\/g-m-collin-phyto-stem-cell-serumas-30-ml\/#primaryimage"},"image":{"@id":"https:\/\/beautycharm.lt\/produktas\/g-m-collin-phyto-stem-cell-serumas-30-ml\/#primaryimage"},"thumbnailUrl":"https:\/\/beautycharm.lt\/wp-content\/uploads\/2025\/07\/g-m-collin-phyto-stem-cell-serumas-30-ml-202405081409140-413x672-1.jpeg","datePublished":"2025-07-15T10:56:57+00:00","dateModified":"2025-09-08T12:41:31+00:00","breadcrumb":{"@id":"https:\/\/beautycharm.lt\/produktas\/g-m-collin-phyto-stem-cell-serumas-30-ml\/#breadcrumb"},"inLanguage":"en-US","potentialAction":[{"@type":"ReadAction","target":["https:\/\/beautycharm.lt\/produktas\/g-m-collin-phyto-stem-cell-serumas-30-ml\/"]}]},{"@type":"ImageObject","inLanguage":"en-US","@id":"https:\/\/beautycharm.lt\/produktas\/g-m-collin-phyto-stem-cell-serumas-30-ml\/#primaryimage","url":"https:\/\/beautycharm.lt\/wp-content\/uploads\/2025\/07\/g-m-collin-phyto-stem-cell-serumas-30-ml-202405081409140-413x672-1.jpeg","contentUrl":"https:\/\/beautycharm.lt\/wp-content\/uploads\/2025\/07\/g-m-collin-phyto-stem-cell-serumas-30-ml-202405081409140-413x672-1.jpeg","width":413,"height":672},{"@type":"BreadcrumbList","@id":"https:\/\/beautycharm.lt\/produktas\/g-m-collin-phyto-stem-cell-serumas-30-ml\/#breadcrumb","itemListElement":[{"@type":"ListItem","position":1,"name":"Home","item":"https:\/\/beautycharm.lt\/"},{"@type":"ListItem","position":2,"name":"Parduotuv\u0117","item":"https:\/\/beautycharm.lt\/parduotuve\/"},{"@type":"ListItem","position":3,"name":"G.M. COLLIN PHYTO STEM CELL+ SERUMAS, 30 ML"}]},{"@type":"WebSite","@id":"https:\/\/beautycharm.lt\/#website","url":"https:\/\/beautycharm.lt\/","name":"Beauty Charm","description":"Odos prie\u017ei\u016bra vyrams ir moterims","publisher":{"@id":"https:\/\/beautycharm.lt\/#organization"},"potentialAction":[{"@type":"SearchAction","target":{"@type":"EntryPoint","urlTemplate":"https:\/\/beautycharm.lt\/?s={search_term_string}"},"query-input":{"@type":"PropertyValueSpecification","valueRequired":true,"valueName":"search_term_string"}}],"inLanguage":"en-US"},{"@type":"Organization","@id":"https:\/\/beautycharm.lt\/#organization","name":"Beauty Charm","url":"https:\/\/beautycharm.lt\/","logo":{"@type":"ImageObject","inLanguage":"en-US","@id":"https:\/\/beautycharm.lt\/#\/schema\/logo\/image\/","url":"https:\/\/beautycharm.lt\/wp-content\/uploads\/2025\/08\/BeautyCharm_t_s-1.svg","contentUrl":"https:\/\/beautycharm.lt\/wp-content\/uploads\/2025\/08\/BeautyCharm_t_s-1.svg","width":148,"height":64,"caption":"Beauty Charm"},"image":{"@id":"https:\/\/beautycharm.lt\/#\/schema\/logo\/image\/"},"sameAs":["https:\/\/www.facebook.com\/faceandbodylines\/","https:\/\/www.instagram.com\/the_house_of_charm\/"]}]}},"_links":{"self":[{"href":"https:\/\/beautycharm.lt\/en\/wp-json\/wp\/v2\/product\/1844","targetHints":{"allow":["GET"]}}],"collection":[{"href":"https:\/\/beautycharm.lt\/en\/wp-json\/wp\/v2\/product"}],"about":[{"href":"https:\/\/beautycharm.lt\/en\/wp-json\/wp\/v2\/types\/product"}],"replies":[{"embeddable":true,"href":"https:\/\/beautycharm.lt\/en\/wp-json\/wp\/v2\/comments?post=1844"}],"wp:featuredmedia":[{"embeddable":true,"href":"https:\/\/beautycharm.lt\/en\/wp-json\/wp\/v2\/media\/2271"}],"wp:attachment":[{"href":"https:\/\/beautycharm.lt\/en\/wp-json\/wp\/v2\/media?parent=1844"}],"wp:term":[{"taxonomy":"product_brand","embeddable":true,"href":"https:\/\/beautycharm.lt\/en\/wp-json\/wp\/v2\/product_brand?post=1844"},{"taxonomy":"product_cat","embeddable":true,"href":"https:\/\/beautycharm.lt\/en\/wp-json\/wp\/v2\/product_cat?post=1844"},{"taxonomy":"product_tag","embeddable":true,"href":"https:\/\/beautycharm.lt\/en\/wp-json\/wp\/v2\/product_tag?post=1844"}],"curies":[{"name":"wp","href":"https:\/\/api.w.org\/{rel}","templated":true}]}}