{"id":1843,"date":"2025-07-15T13:56:56","date_gmt":"2025-07-15T10:56:56","guid":{"rendered":"https:\/\/beautycharm.lt\/product\/g-m-collin-marine-collagen-atgaivinantis-veido-kremas-50-ml\/"},"modified":"2025-09-08T16:02:38","modified_gmt":"2025-09-08T13:02:38","slug":"g-m-collin-marine-collagen-atgaivinantis-veido-kremas-50-ml","status":"publish","type":"product","link":"https:\/\/beautycharm.lt\/en\/product\/g-m-collin-marine-collagen-atgaivinantis-veido-kremas-50-ml\/","title":{"rendered":"G.M. COLLIN MARINE COLLAGEN REVITALIZING FACE CREAM, 50 ML"},"content":{"rendered":"<p>Every day, our skin is exposed to thousands of sources of free radicals that can affect its normal functioning. The main factors that cause skin aging are environmental aggressors and impaired metabolism. Over time, wrinkles become more pronounced and the skin becomes dull and loses its elasticity.<\/p>\n<p>99% Purity Marine collagen \u2013 high molecular weight marine collagen (300,000 Da) provides long-lasting hydration to the skin's surface, while low molecular weight collagen (500-2000 D) penetrates deeper and hydrates the deeper layers of the skin. Marine collagen is suitable for skin that needs antioxidant action.<\/p>\n<p>Advantages:<\/p>\n<p>A light creamy texture containing 99% pure marine collagen.<br \/>\nSuitable for skin showing signs of aging.<br \/>\nSuitable for skin lacking vitality.<\/p>\n<p>Active ingredients:<\/p>\n<p>Antioxidants. Vit. E (Tocopheryl Acetate, Tocopherol)<br \/>\nIngredients beneficial to cells. 99% pure marine collagen (high and low molecular weight), Acetyl Hexapeptide-8 (Argireline), Matrixyl\u2122 3000, Coral algae (Corallina Officinalis Extract)<br \/>\nIngredients identical to skin. Glycerin, Squalane, Sodium Hyaluronate<\/p>\n<p>How to use: apply to clean, toned skin, avoiding contact with the eyes. Recommended for use in the morning and evening.<\/p>\n<p>Ingredients:<\/p>\n<p>AQUA\/WATER\/EAU, GLYCERIN, C15-19 ALKANE, CAPRYLIC\/CAPRIC TRIGLYCERIDE, C10-18 TRIGLYCERIDES, 1,2-HEXANEDIOL, ISONONYL ISONONANOATE, ETHYLHEXYL PALMITATE, CETYL ALCOHOL, GLYCERYL STEARATE, THERMUS THERMOPHILLUS FERMENT, DIMETHICONE, SQUALANE, BUTYROSPERMUM PARKII (SHEA) BUTTER, HYDROLYZED COLLAGEN, TOCOPHERYL ACETATE, SODIUM HYALURONATE, DECARBOXY CARNOSINE HCL, UNDARIA PINNATIFIDA EXTRACT, PSEUDOALTEROMONAS EXOPOLYSACCHARIDES, PLANKTON EXTRACT\/EXTRAIT DE PLANCTON, HYDROLYZED CORALLINA OFFICINALIS EXTRACT, ACETYL HEXAPEPTIDE-8, PALMITOYL TRIPEPTIDE-1, PALMITOYL TETRAPEPTIDE-7, GLUCOMANNAN, PHENOXYETHANOL, PENTAERYTHRITYL TETRA-DI-T-BUTYL HYDROXYHYDROCINNAMATE, POTASSIUM SORBATE, SODIUM SALICYLATE, SODIUM BENZOATE, TOCOPHEROL, HYDROXYETHYL ACRYLATE\/SODIUM ACRYLOYLDIMETHYL TAURATE COPOLYMER, BUTYLENE GLYCOL, PEG-75 STEARATE, FRAGRANCE\/PARFUM, CETETH-20, STEARETH-20, ACACIA SENEGAL GUM, PROPANEDIOL, XANTHAN GUM, TRIETHANOLAMINE, POLYSORBATE 60, SORBITAN ISOSTEARATE, DISODIUM EDTA, CARBOMER, SODIUM LACTATE, TRIHYDROXYSTEARIN, POLYSORBATE 20, ACETIC ACID, CITRIC ACID, SODIUM CITRATE, BLUE 1\/CI 42090<\/p>","protected":false},"excerpt":{"rendered":"<p>M\u016bs\u0173 oda kasdien susiduria su t\u016bkstan\u010diais laisv\u0173j\u0173 radikal\u0173 \u0161altini\u0173, kurie gali paveikti normal\u0173 odos fukcionavim\u0105. Pagrindiniai faktoriai, kurie sukelia odos sen\u0117jim\u0105, yra aplinkos agresoriai ir sutrik\u0119s metabolizmas. Laikui b\u0117gant rauk\u0161l\u0117s ry\u0161k\u0117ja ir oda tampa papilk\u0117jusi, praradusi elastingum\u0105. 99% grynumo j\u016brinis kolagenas \u2013 didel\u0117s molekulin\u0117s mas\u0117s j\u016brinis kolagenas (300.000 Da) suteikia ilgalaik\u012f odos pavir\u0161iaus dr\u0117kinim\u0105, o<\/p>\n<div class=\"klb-readmore entry-button\"><a class=\"button light alt medium\" href=\"https:\/\/beautycharm.lt\/en\/product\/g-m-collin-marine-collagen-atgaivinantis-veido-kremas-50-ml\/\">Read More<\/a><\/div>","protected":false},"featured_media":2286,"comment_status":"open","ping_status":"closed","template":"","meta":{"inline_featured_image":false},"product_brand":[83],"product_cat":[120],"product_tag":[],"class_list":{"0":"post-1843","1":"product","2":"type-product","3":"status-publish","4":"has-post-thumbnail","6":"product_brand-g-m-collin-lt","7":"product_cat-moterims-lt","9":"first","10":"instock","11":"shipping-taxable","12":"purchasable","13":"product-type-simple"},"yoast_head":"<!-- This site is optimized with the Yoast SEO plugin v27.4 - https:\/\/yoast.com\/product\/yoast-seo-wordpress\/ -->\n<title>G.M. COLLIN MARINE COLLAGEN ATGAIVINANTIS VEIDO KREMAS, 50 ML - Beauty Charm<\/title>\n<meta name=\"robots\" content=\"index, follow, max-snippet:-1, max-image-preview:large, max-video-preview:-1\" \/>\n<link rel=\"canonical\" href=\"https:\/\/beautycharm.lt\/en\/product\/g-m-collin-marine-collagen-atgaivinantis-veido-kremas-50-ml\/\" \/>\n<meta property=\"og:locale\" content=\"en_US\" \/>\n<meta property=\"og:type\" content=\"article\" \/>\n<meta property=\"og:title\" content=\"G.M. COLLIN MARINE COLLAGEN ATGAIVINANTIS VEIDO KREMAS, 50 ML - Beauty Charm\" \/>\n<meta property=\"og:description\" content=\"M\u016bs\u0173 oda kasdien susiduria su t\u016bkstan\u010diais laisv\u0173j\u0173 radikal\u0173 \u0161altini\u0173, kurie gali paveikti normal\u0173 odos fukcionavim\u0105. Pagrindiniai faktoriai, kurie sukelia odos sen\u0117jim\u0105, yra aplinkos agresoriai ir sutrik\u0119s metabolizmas. Laikui b\u0117gant rauk\u0161l\u0117s ry\u0161k\u0117ja ir oda tampa papilk\u0117jusi, praradusi elastingum\u0105. 99% grynumo j\u016brinis kolagenas \u2013 didel\u0117s molekulin\u0117s mas\u0117s j\u016brinis kolagenas (300.000 Da) suteikia ilgalaik\u012f odos pavir\u0161iaus dr\u0117kinim\u0105, oRead More\" \/>\n<meta property=\"og:url\" content=\"https:\/\/beautycharm.lt\/en\/product\/g-m-collin-marine-collagen-atgaivinantis-veido-kremas-50-ml\/\" \/>\n<meta property=\"og:site_name\" content=\"Beauty Charm\" \/>\n<meta property=\"article:publisher\" content=\"https:\/\/www.facebook.com\/faceandbodylines\/\" \/>\n<meta property=\"article:modified_time\" content=\"2025-09-08T13:02:38+00:00\" \/>\n<meta property=\"og:image\" content=\"https:\/\/beautycharm.lt\/wp-content\/uploads\/2025\/07\/g-m-collin-marine-collagen-atgaivinantis-veido-kremas-50-ml-413x672-1.jpeg\" \/>\n\t<meta property=\"og:image:width\" content=\"413\" \/>\n\t<meta property=\"og:image:height\" content=\"672\" \/>\n\t<meta property=\"og:image:type\" content=\"image\/jpeg\" \/>\n<meta name=\"twitter:card\" content=\"summary_large_image\" \/>\n<meta name=\"twitter:label1\" content=\"Est. reading time\" \/>\n\t<meta name=\"twitter:data1\" content=\"2 minutes\" \/>\n<script type=\"application\/ld+json\" class=\"yoast-schema-graph\">{\"@context\":\"https:\\\/\\\/schema.org\",\"@graph\":[{\"@type\":\"WebPage\",\"@id\":\"https:\\\/\\\/beautycharm.lt\\\/produktas\\\/g-m-collin-marine-collagen-atgaivinantis-veido-kremas-50-ml\\\/\",\"url\":\"https:\\\/\\\/beautycharm.lt\\\/produktas\\\/g-m-collin-marine-collagen-atgaivinantis-veido-kremas-50-ml\\\/\",\"name\":\"G.M. COLLIN MARINE COLLAGEN ATGAIVINANTIS VEIDO KREMAS, 50 ML - Beauty Charm\",\"isPartOf\":{\"@id\":\"https:\\\/\\\/beautycharm.lt\\\/#website\"},\"primaryImageOfPage\":{\"@id\":\"https:\\\/\\\/beautycharm.lt\\\/produktas\\\/g-m-collin-marine-collagen-atgaivinantis-veido-kremas-50-ml\\\/#primaryimage\"},\"image\":{\"@id\":\"https:\\\/\\\/beautycharm.lt\\\/produktas\\\/g-m-collin-marine-collagen-atgaivinantis-veido-kremas-50-ml\\\/#primaryimage\"},\"thumbnailUrl\":\"https:\\\/\\\/beautycharm.lt\\\/wp-content\\\/uploads\\\/2025\\\/07\\\/g-m-collin-marine-collagen-atgaivinantis-veido-kremas-50-ml-413x672-1.jpeg\",\"datePublished\":\"2025-07-15T10:56:56+00:00\",\"dateModified\":\"2025-09-08T13:02:38+00:00\",\"breadcrumb\":{\"@id\":\"https:\\\/\\\/beautycharm.lt\\\/produktas\\\/g-m-collin-marine-collagen-atgaivinantis-veido-kremas-50-ml\\\/#breadcrumb\"},\"inLanguage\":\"en-US\",\"potentialAction\":[{\"@type\":\"ReadAction\",\"target\":[\"https:\\\/\\\/beautycharm.lt\\\/produktas\\\/g-m-collin-marine-collagen-atgaivinantis-veido-kremas-50-ml\\\/\"]}]},{\"@type\":\"ImageObject\",\"inLanguage\":\"en-US\",\"@id\":\"https:\\\/\\\/beautycharm.lt\\\/produktas\\\/g-m-collin-marine-collagen-atgaivinantis-veido-kremas-50-ml\\\/#primaryimage\",\"url\":\"https:\\\/\\\/beautycharm.lt\\\/wp-content\\\/uploads\\\/2025\\\/07\\\/g-m-collin-marine-collagen-atgaivinantis-veido-kremas-50-ml-413x672-1.jpeg\",\"contentUrl\":\"https:\\\/\\\/beautycharm.lt\\\/wp-content\\\/uploads\\\/2025\\\/07\\\/g-m-collin-marine-collagen-atgaivinantis-veido-kremas-50-ml-413x672-1.jpeg\",\"width\":413,\"height\":672},{\"@type\":\"BreadcrumbList\",\"@id\":\"https:\\\/\\\/beautycharm.lt\\\/produktas\\\/g-m-collin-marine-collagen-atgaivinantis-veido-kremas-50-ml\\\/#breadcrumb\",\"itemListElement\":[{\"@type\":\"ListItem\",\"position\":1,\"name\":\"Home\",\"item\":\"https:\\\/\\\/beautycharm.lt\\\/\"},{\"@type\":\"ListItem\",\"position\":2,\"name\":\"Parduotuv\u0117\",\"item\":\"https:\\\/\\\/beautycharm.lt\\\/parduotuve\\\/\"},{\"@type\":\"ListItem\",\"position\":3,\"name\":\"G.M. COLLIN MARINE COLLAGEN ATGAIVINANTIS VEIDO KREMAS, 50 ML\"}]},{\"@type\":\"WebSite\",\"@id\":\"https:\\\/\\\/beautycharm.lt\\\/#website\",\"url\":\"https:\\\/\\\/beautycharm.lt\\\/\",\"name\":\"Beauty Charm\",\"description\":\"Odos prie\u017ei\u016bra vyrams ir moterims\",\"publisher\":{\"@id\":\"https:\\\/\\\/beautycharm.lt\\\/#organization\"},\"potentialAction\":[{\"@type\":\"SearchAction\",\"target\":{\"@type\":\"EntryPoint\",\"urlTemplate\":\"https:\\\/\\\/beautycharm.lt\\\/?s={search_term_string}\"},\"query-input\":{\"@type\":\"PropertyValueSpecification\",\"valueRequired\":true,\"valueName\":\"search_term_string\"}}],\"inLanguage\":\"en-US\"},{\"@type\":\"Organization\",\"@id\":\"https:\\\/\\\/beautycharm.lt\\\/#organization\",\"name\":\"Beauty Charm\",\"url\":\"https:\\\/\\\/beautycharm.lt\\\/\",\"logo\":{\"@type\":\"ImageObject\",\"inLanguage\":\"en-US\",\"@id\":\"https:\\\/\\\/beautycharm.lt\\\/#\\\/schema\\\/logo\\\/image\\\/\",\"url\":\"https:\\\/\\\/beautycharm.lt\\\/wp-content\\\/uploads\\\/2025\\\/08\\\/BeautyCharm_t_s-1.svg\",\"contentUrl\":\"https:\\\/\\\/beautycharm.lt\\\/wp-content\\\/uploads\\\/2025\\\/08\\\/BeautyCharm_t_s-1.svg\",\"width\":148,\"height\":64,\"caption\":\"Beauty Charm\"},\"image\":{\"@id\":\"https:\\\/\\\/beautycharm.lt\\\/#\\\/schema\\\/logo\\\/image\\\/\"},\"sameAs\":[\"https:\\\/\\\/www.facebook.com\\\/faceandbodylines\\\/\",\"https:\\\/\\\/www.instagram.com\\\/the_house_of_charm\\\/\"]}]}<\/script>\n<!-- \/ Yoast SEO plugin. -->","yoast_head_json":{"title":"G.M. COLLIN MARINE COLLAGEN ATGAIVINANTIS VEIDO KREMAS, 50 ML - Beauty Charm","robots":{"index":"index","follow":"follow","max-snippet":"max-snippet:-1","max-image-preview":"max-image-preview:large","max-video-preview":"max-video-preview:-1"},"canonical":"https:\/\/beautycharm.lt\/en\/product\/g-m-collin-marine-collagen-atgaivinantis-veido-kremas-50-ml\/","og_locale":"en_US","og_type":"article","og_title":"G.M. COLLIN MARINE COLLAGEN ATGAIVINANTIS VEIDO KREMAS, 50 ML - Beauty Charm","og_description":"M\u016bs\u0173 oda kasdien susiduria su t\u016bkstan\u010diais laisv\u0173j\u0173 radikal\u0173 \u0161altini\u0173, kurie gali paveikti normal\u0173 odos fukcionavim\u0105. Pagrindiniai faktoriai, kurie sukelia odos sen\u0117jim\u0105, yra aplinkos agresoriai ir sutrik\u0119s metabolizmas. Laikui b\u0117gant rauk\u0161l\u0117s ry\u0161k\u0117ja ir oda tampa papilk\u0117jusi, praradusi elastingum\u0105. 99% grynumo j\u016brinis kolagenas \u2013 didel\u0117s molekulin\u0117s mas\u0117s j\u016brinis kolagenas (300.000 Da) suteikia ilgalaik\u012f odos pavir\u0161iaus dr\u0117kinim\u0105, oRead More","og_url":"https:\/\/beautycharm.lt\/en\/product\/g-m-collin-marine-collagen-atgaivinantis-veido-kremas-50-ml\/","og_site_name":"Beauty Charm","article_publisher":"https:\/\/www.facebook.com\/faceandbodylines\/","article_modified_time":"2025-09-08T13:02:38+00:00","og_image":[{"width":413,"height":672,"url":"https:\/\/beautycharm.lt\/wp-content\/uploads\/2025\/07\/g-m-collin-marine-collagen-atgaivinantis-veido-kremas-50-ml-413x672-1.jpeg","type":"image\/jpeg"}],"twitter_card":"summary_large_image","twitter_misc":{"Est. reading time":"2 minutes"},"schema":{"@context":"https:\/\/schema.org","@graph":[{"@type":"WebPage","@id":"https:\/\/beautycharm.lt\/produktas\/g-m-collin-marine-collagen-atgaivinantis-veido-kremas-50-ml\/","url":"https:\/\/beautycharm.lt\/produktas\/g-m-collin-marine-collagen-atgaivinantis-veido-kremas-50-ml\/","name":"G.M. COLLIN MARINE COLLAGEN ATGAIVINANTIS VEIDO KREMAS, 50 ML - Beauty Charm","isPartOf":{"@id":"https:\/\/beautycharm.lt\/#website"},"primaryImageOfPage":{"@id":"https:\/\/beautycharm.lt\/produktas\/g-m-collin-marine-collagen-atgaivinantis-veido-kremas-50-ml\/#primaryimage"},"image":{"@id":"https:\/\/beautycharm.lt\/produktas\/g-m-collin-marine-collagen-atgaivinantis-veido-kremas-50-ml\/#primaryimage"},"thumbnailUrl":"https:\/\/beautycharm.lt\/wp-content\/uploads\/2025\/07\/g-m-collin-marine-collagen-atgaivinantis-veido-kremas-50-ml-413x672-1.jpeg","datePublished":"2025-07-15T10:56:56+00:00","dateModified":"2025-09-08T13:02:38+00:00","breadcrumb":{"@id":"https:\/\/beautycharm.lt\/produktas\/g-m-collin-marine-collagen-atgaivinantis-veido-kremas-50-ml\/#breadcrumb"},"inLanguage":"en-US","potentialAction":[{"@type":"ReadAction","target":["https:\/\/beautycharm.lt\/produktas\/g-m-collin-marine-collagen-atgaivinantis-veido-kremas-50-ml\/"]}]},{"@type":"ImageObject","inLanguage":"en-US","@id":"https:\/\/beautycharm.lt\/produktas\/g-m-collin-marine-collagen-atgaivinantis-veido-kremas-50-ml\/#primaryimage","url":"https:\/\/beautycharm.lt\/wp-content\/uploads\/2025\/07\/g-m-collin-marine-collagen-atgaivinantis-veido-kremas-50-ml-413x672-1.jpeg","contentUrl":"https:\/\/beautycharm.lt\/wp-content\/uploads\/2025\/07\/g-m-collin-marine-collagen-atgaivinantis-veido-kremas-50-ml-413x672-1.jpeg","width":413,"height":672},{"@type":"BreadcrumbList","@id":"https:\/\/beautycharm.lt\/produktas\/g-m-collin-marine-collagen-atgaivinantis-veido-kremas-50-ml\/#breadcrumb","itemListElement":[{"@type":"ListItem","position":1,"name":"Home","item":"https:\/\/beautycharm.lt\/"},{"@type":"ListItem","position":2,"name":"Parduotuv\u0117","item":"https:\/\/beautycharm.lt\/parduotuve\/"},{"@type":"ListItem","position":3,"name":"G.M. COLLIN MARINE COLLAGEN ATGAIVINANTIS VEIDO KREMAS, 50 ML"}]},{"@type":"WebSite","@id":"https:\/\/beautycharm.lt\/#website","url":"https:\/\/beautycharm.lt\/","name":"Beauty Charm","description":"Odos prie\u017ei\u016bra vyrams ir moterims","publisher":{"@id":"https:\/\/beautycharm.lt\/#organization"},"potentialAction":[{"@type":"SearchAction","target":{"@type":"EntryPoint","urlTemplate":"https:\/\/beautycharm.lt\/?s={search_term_string}"},"query-input":{"@type":"PropertyValueSpecification","valueRequired":true,"valueName":"search_term_string"}}],"inLanguage":"en-US"},{"@type":"Organization","@id":"https:\/\/beautycharm.lt\/#organization","name":"Beauty Charm","url":"https:\/\/beautycharm.lt\/","logo":{"@type":"ImageObject","inLanguage":"en-US","@id":"https:\/\/beautycharm.lt\/#\/schema\/logo\/image\/","url":"https:\/\/beautycharm.lt\/wp-content\/uploads\/2025\/08\/BeautyCharm_t_s-1.svg","contentUrl":"https:\/\/beautycharm.lt\/wp-content\/uploads\/2025\/08\/BeautyCharm_t_s-1.svg","width":148,"height":64,"caption":"Beauty Charm"},"image":{"@id":"https:\/\/beautycharm.lt\/#\/schema\/logo\/image\/"},"sameAs":["https:\/\/www.facebook.com\/faceandbodylines\/","https:\/\/www.instagram.com\/the_house_of_charm\/"]}]}},"_links":{"self":[{"href":"https:\/\/beautycharm.lt\/en\/wp-json\/wp\/v2\/product\/1843","targetHints":{"allow":["GET"]}}],"collection":[{"href":"https:\/\/beautycharm.lt\/en\/wp-json\/wp\/v2\/product"}],"about":[{"href":"https:\/\/beautycharm.lt\/en\/wp-json\/wp\/v2\/types\/product"}],"replies":[{"embeddable":true,"href":"https:\/\/beautycharm.lt\/en\/wp-json\/wp\/v2\/comments?post=1843"}],"wp:featuredmedia":[{"embeddable":true,"href":"https:\/\/beautycharm.lt\/en\/wp-json\/wp\/v2\/media\/2286"}],"wp:attachment":[{"href":"https:\/\/beautycharm.lt\/en\/wp-json\/wp\/v2\/media?parent=1843"}],"wp:term":[{"taxonomy":"product_brand","embeddable":true,"href":"https:\/\/beautycharm.lt\/en\/wp-json\/wp\/v2\/product_brand?post=1843"},{"taxonomy":"product_cat","embeddable":true,"href":"https:\/\/beautycharm.lt\/en\/wp-json\/wp\/v2\/product_cat?post=1843"},{"taxonomy":"product_tag","embeddable":true,"href":"https:\/\/beautycharm.lt\/en\/wp-json\/wp\/v2\/product_tag?post=1843"}],"curies":[{"name":"wp","href":"https:\/\/api.w.org\/{rel}","templated":true}]}}