{"id":1842,"date":"2025-07-15T13:56:56","date_gmt":"2025-07-15T10:56:56","guid":{"rendered":"https:\/\/beautycharm.lt\/product\/g-m-collin-native-collagen-gelis-50-ml\/"},"modified":"2025-09-08T16:00:40","modified_gmt":"2025-09-08T13:00:40","slug":"g-m-collin-native-collagen-gelis-50-ml","status":"publish","type":"product","link":"https:\/\/beautycharm.lt\/en\/product\/g-m-collin-native-collagen-gelis-50-ml\/","title":{"rendered":"G.M. COLLIN NATIVE COLLAGEN GEL, 50 ML"},"content":{"rendered":"<p>Our skin sends out distress signals when its physiology and condition are affected by stress factors such as illness, hormonal changes, lack of sleep, or excessive sun exposure. Nowadays, it is very important to monitor your skin and its needs so that you can help restore its balance in a timely manner.<\/p>\n<p>Advantages:<\/p>\n<p>Suitable for skin that lacks softness and comprehensive hydration.<br \/>\nSuitable for skin that needs smoothing, mature skin, and skin showing the first signs of aging.<br \/>\nSuitable for skin with micro-cracks;<\/p>\n<p>Active ingredients:<\/p>\n<p>Watermelon extract (Citrullus Lanatus Fruit Extract)<br \/>\nCollagen of animal origin (Soluble Collagen), Oligopeptide-5 (Oligopeptide-5), Lentil extract (Lens Esculenta Fruit)<br \/>\nGlycerin, Sodium Hyaluronate, Sodium PCA, Squalane<br \/>\nBiosaccharide Gum-1<\/p>\n<p>How to use: Apply to a clean and toned face. Follow with a cream suited to your skin type. Recommended for use in the morning and evening.<\/p>\n<p>Can be used:<\/p>\n<p>as a mask \u2013 for all skin types;<br \/>\nas a serum \u2013 for dry skin;<br \/>\nInstead of cream \u2013 for oily skin.<\/p>\n<p>Ingredients:<\/p>\n<p>AQUA\/WATER\/EAU, GLYCERIN, DIMETHICONE, PENTYLENE GLYCOL, BUTYLENE GLYCOL, PROPYLENE GLYCOL, CITRULLUS LANATUS (WATERMELON) FRUIT EXTRACT, LENS ESCULENTA (LENTIL) FRUIT EXTRACT, PYRUS MALUS (APPLE) FRUIT EXTRACT, OLIGOPEPTIDE-5, BIOSACCHARIDE GUM-1, SODIUM HYALURONATE, SODIUM PCA, SOLUBLE COLLAGEN, GLUCOSE, METHYLGLUCOSIDE PHOSPHATE, ARTEMIA EXTRACT, COPPER LYSINATE\/PROLINATE, POTASSIUM SORBATE, CHLORPHENESIN, PHENOXYETHANOL, SODIUM BENZOATE, SODIUM DEHYDROACETATE, SORBIC ACID, POLYSILICONE-11, GLYCERYL POLYACRYLATE, CARBOMER, HYDROXYETHYL ACRYLATE\/SODIUM ACRYLOYLDIMETHYL TAURATE COPOLYMER, SQUALANE, POLYSORBATE 20, 1,2-HEXANEDIOL, ETHYLENE BRASSYLATE, SODIUM LACTATE, SODIUM HYDROXIDE, POLYSORBATE 60, SODIUM PHYTATE, SODIUM CITRATE, SORBITAN ISOSTEARATE, DECYL GLUCOSIDE, UNDECYLENIC ACID, CAPRYLYL GLYCOL, HEXYLENE GLYCOL, ALCOHOL, CITRIC ACID, YELLOW 6\/CI 15985, RED 33\/CI 17200<\/p>","protected":false},"excerpt":{"rendered":"<p>M\u016bs\u0173 oda siun\u010dia pagalbos pra\u0161an\u010dius signalus, kai odos fiziologija ir b\u016bkl\u0117 yra paveikta streso faktori\u0173, toki\u0173 kaip ligos, hormoniniai poky\u010diai, miego tr\u016bkumas arba per ilgas laikas saul\u0117je. \u0160iais laikais labai svarbu steb\u0117ti savo od\u0105 ir jos poreikius tam, kad gal\u0117tume laiku pad\u0117ti atstatyti odos balans\u0105. Privalumai: Tinka odai, kuri stokoja \u0161velnumo poj\u016b\u010dio bei visapusi\u0161ko dr\u0117kinimo.<\/p>\n<div class=\"klb-readmore entry-button\"><a class=\"button light alt medium\" href=\"https:\/\/beautycharm.lt\/en\/product\/g-m-collin-native-collagen-gelis-50-ml\/\">Read More<\/a><\/div>","protected":false},"featured_media":2283,"comment_status":"open","ping_status":"closed","template":"","meta":{"inline_featured_image":false},"product_brand":[83],"product_cat":[120],"product_tag":[],"class_list":{"0":"post-1842","1":"product","2":"type-product","3":"status-publish","4":"has-post-thumbnail","6":"product_brand-g-m-collin-lt","7":"product_cat-moterims-lt","9":"first","10":"instock","11":"shipping-taxable","12":"purchasable","13":"product-type-simple"},"yoast_head":"<!-- This site is optimized with the Yoast SEO plugin v27.4 - https:\/\/yoast.com\/product\/yoast-seo-wordpress\/ -->\n<title>G.M. COLLIN NATIVE COLLAGEN GELIS, 50 ML - Beauty Charm<\/title>\n<meta name=\"robots\" content=\"index, follow, max-snippet:-1, max-image-preview:large, max-video-preview:-1\" \/>\n<link rel=\"canonical\" href=\"https:\/\/beautycharm.lt\/en\/product\/g-m-collin-native-collagen-gelis-50-ml\/\" \/>\n<meta property=\"og:locale\" content=\"en_US\" \/>\n<meta property=\"og:type\" content=\"article\" \/>\n<meta property=\"og:title\" content=\"G.M. COLLIN NATIVE COLLAGEN GELIS, 50 ML - Beauty Charm\" \/>\n<meta property=\"og:description\" content=\"M\u016bs\u0173 oda siun\u010dia pagalbos pra\u0161an\u010dius signalus, kai odos fiziologija ir b\u016bkl\u0117 yra paveikta streso faktori\u0173, toki\u0173 kaip ligos, hormoniniai poky\u010diai, miego tr\u016bkumas arba per ilgas laikas saul\u0117je. \u0160iais laikais labai svarbu steb\u0117ti savo od\u0105 ir jos poreikius tam, kad gal\u0117tume laiku pad\u0117ti atstatyti odos balans\u0105. Privalumai: Tinka odai, kuri stokoja \u0161velnumo poj\u016b\u010dio bei visapusi\u0161ko dr\u0117kinimo.Read More\" \/>\n<meta property=\"og:url\" content=\"https:\/\/beautycharm.lt\/en\/product\/g-m-collin-native-collagen-gelis-50-ml\/\" \/>\n<meta property=\"og:site_name\" content=\"Beauty Charm\" \/>\n<meta property=\"article:publisher\" content=\"https:\/\/www.facebook.com\/faceandbodylines\/\" \/>\n<meta property=\"article:modified_time\" content=\"2025-09-08T13:00:40+00:00\" \/>\n<meta property=\"og:image\" content=\"https:\/\/beautycharm.lt\/wp-content\/uploads\/2025\/07\/g-m-collin-native-collagen-gelis-50-ml-202405081404210-413x672-1.jpeg\" \/>\n\t<meta property=\"og:image:width\" content=\"413\" \/>\n\t<meta property=\"og:image:height\" content=\"672\" \/>\n\t<meta property=\"og:image:type\" content=\"image\/jpeg\" \/>\n<meta name=\"twitter:card\" content=\"summary_large_image\" \/>\n<meta name=\"twitter:label1\" content=\"Est. reading time\" \/>\n\t<meta name=\"twitter:data1\" content=\"2 minutes\" \/>\n<script type=\"application\/ld+json\" class=\"yoast-schema-graph\">{\"@context\":\"https:\\\/\\\/schema.org\",\"@graph\":[{\"@type\":\"WebPage\",\"@id\":\"https:\\\/\\\/beautycharm.lt\\\/produktas\\\/g-m-collin-native-collagen-gelis-50-ml\\\/\",\"url\":\"https:\\\/\\\/beautycharm.lt\\\/produktas\\\/g-m-collin-native-collagen-gelis-50-ml\\\/\",\"name\":\"G.M. COLLIN NATIVE COLLAGEN GELIS, 50 ML - Beauty Charm\",\"isPartOf\":{\"@id\":\"https:\\\/\\\/beautycharm.lt\\\/#website\"},\"primaryImageOfPage\":{\"@id\":\"https:\\\/\\\/beautycharm.lt\\\/produktas\\\/g-m-collin-native-collagen-gelis-50-ml\\\/#primaryimage\"},\"image\":{\"@id\":\"https:\\\/\\\/beautycharm.lt\\\/produktas\\\/g-m-collin-native-collagen-gelis-50-ml\\\/#primaryimage\"},\"thumbnailUrl\":\"https:\\\/\\\/beautycharm.lt\\\/wp-content\\\/uploads\\\/2025\\\/07\\\/g-m-collin-native-collagen-gelis-50-ml-202405081404210-413x672-1.jpeg\",\"datePublished\":\"2025-07-15T10:56:56+00:00\",\"dateModified\":\"2025-09-08T13:00:40+00:00\",\"breadcrumb\":{\"@id\":\"https:\\\/\\\/beautycharm.lt\\\/produktas\\\/g-m-collin-native-collagen-gelis-50-ml\\\/#breadcrumb\"},\"inLanguage\":\"en-US\",\"potentialAction\":[{\"@type\":\"ReadAction\",\"target\":[\"https:\\\/\\\/beautycharm.lt\\\/produktas\\\/g-m-collin-native-collagen-gelis-50-ml\\\/\"]}]},{\"@type\":\"ImageObject\",\"inLanguage\":\"en-US\",\"@id\":\"https:\\\/\\\/beautycharm.lt\\\/produktas\\\/g-m-collin-native-collagen-gelis-50-ml\\\/#primaryimage\",\"url\":\"https:\\\/\\\/beautycharm.lt\\\/wp-content\\\/uploads\\\/2025\\\/07\\\/g-m-collin-native-collagen-gelis-50-ml-202405081404210-413x672-1.jpeg\",\"contentUrl\":\"https:\\\/\\\/beautycharm.lt\\\/wp-content\\\/uploads\\\/2025\\\/07\\\/g-m-collin-native-collagen-gelis-50-ml-202405081404210-413x672-1.jpeg\",\"width\":413,\"height\":672},{\"@type\":\"BreadcrumbList\",\"@id\":\"https:\\\/\\\/beautycharm.lt\\\/produktas\\\/g-m-collin-native-collagen-gelis-50-ml\\\/#breadcrumb\",\"itemListElement\":[{\"@type\":\"ListItem\",\"position\":1,\"name\":\"Home\",\"item\":\"https:\\\/\\\/beautycharm.lt\\\/\"},{\"@type\":\"ListItem\",\"position\":2,\"name\":\"Parduotuv\u0117\",\"item\":\"https:\\\/\\\/beautycharm.lt\\\/parduotuve\\\/\"},{\"@type\":\"ListItem\",\"position\":3,\"name\":\"G.M. COLLIN NATIVE COLLAGEN GELIS, 50 ML\"}]},{\"@type\":\"WebSite\",\"@id\":\"https:\\\/\\\/beautycharm.lt\\\/#website\",\"url\":\"https:\\\/\\\/beautycharm.lt\\\/\",\"name\":\"Beauty Charm\",\"description\":\"Odos prie\u017ei\u016bra vyrams ir moterims\",\"publisher\":{\"@id\":\"https:\\\/\\\/beautycharm.lt\\\/#organization\"},\"potentialAction\":[{\"@type\":\"SearchAction\",\"target\":{\"@type\":\"EntryPoint\",\"urlTemplate\":\"https:\\\/\\\/beautycharm.lt\\\/?s={search_term_string}\"},\"query-input\":{\"@type\":\"PropertyValueSpecification\",\"valueRequired\":true,\"valueName\":\"search_term_string\"}}],\"inLanguage\":\"en-US\"},{\"@type\":\"Organization\",\"@id\":\"https:\\\/\\\/beautycharm.lt\\\/#organization\",\"name\":\"Beauty Charm\",\"url\":\"https:\\\/\\\/beautycharm.lt\\\/\",\"logo\":{\"@type\":\"ImageObject\",\"inLanguage\":\"en-US\",\"@id\":\"https:\\\/\\\/beautycharm.lt\\\/#\\\/schema\\\/logo\\\/image\\\/\",\"url\":\"https:\\\/\\\/beautycharm.lt\\\/wp-content\\\/uploads\\\/2025\\\/08\\\/BeautyCharm_t_s-1.svg\",\"contentUrl\":\"https:\\\/\\\/beautycharm.lt\\\/wp-content\\\/uploads\\\/2025\\\/08\\\/BeautyCharm_t_s-1.svg\",\"width\":148,\"height\":64,\"caption\":\"Beauty Charm\"},\"image\":{\"@id\":\"https:\\\/\\\/beautycharm.lt\\\/#\\\/schema\\\/logo\\\/image\\\/\"},\"sameAs\":[\"https:\\\/\\\/www.facebook.com\\\/faceandbodylines\\\/\",\"https:\\\/\\\/www.instagram.com\\\/the_house_of_charm\\\/\"]}]}<\/script>\n<!-- \/ Yoast SEO plugin. -->","yoast_head_json":{"title":"G.M. COLLIN NATIVE COLLAGEN GELIS, 50 ML - Beauty Charm","robots":{"index":"index","follow":"follow","max-snippet":"max-snippet:-1","max-image-preview":"max-image-preview:large","max-video-preview":"max-video-preview:-1"},"canonical":"https:\/\/beautycharm.lt\/en\/product\/g-m-collin-native-collagen-gelis-50-ml\/","og_locale":"en_US","og_type":"article","og_title":"G.M. COLLIN NATIVE COLLAGEN GELIS, 50 ML - Beauty Charm","og_description":"M\u016bs\u0173 oda siun\u010dia pagalbos pra\u0161an\u010dius signalus, kai odos fiziologija ir b\u016bkl\u0117 yra paveikta streso faktori\u0173, toki\u0173 kaip ligos, hormoniniai poky\u010diai, miego tr\u016bkumas arba per ilgas laikas saul\u0117je. \u0160iais laikais labai svarbu steb\u0117ti savo od\u0105 ir jos poreikius tam, kad gal\u0117tume laiku pad\u0117ti atstatyti odos balans\u0105. Privalumai: Tinka odai, kuri stokoja \u0161velnumo poj\u016b\u010dio bei visapusi\u0161ko dr\u0117kinimo.Read More","og_url":"https:\/\/beautycharm.lt\/en\/product\/g-m-collin-native-collagen-gelis-50-ml\/","og_site_name":"Beauty Charm","article_publisher":"https:\/\/www.facebook.com\/faceandbodylines\/","article_modified_time":"2025-09-08T13:00:40+00:00","og_image":[{"width":413,"height":672,"url":"https:\/\/beautycharm.lt\/wp-content\/uploads\/2025\/07\/g-m-collin-native-collagen-gelis-50-ml-202405081404210-413x672-1.jpeg","type":"image\/jpeg"}],"twitter_card":"summary_large_image","twitter_misc":{"Est. reading time":"2 minutes"},"schema":{"@context":"https:\/\/schema.org","@graph":[{"@type":"WebPage","@id":"https:\/\/beautycharm.lt\/produktas\/g-m-collin-native-collagen-gelis-50-ml\/","url":"https:\/\/beautycharm.lt\/produktas\/g-m-collin-native-collagen-gelis-50-ml\/","name":"G.M. COLLIN NATIVE COLLAGEN GELIS, 50 ML - Beauty Charm","isPartOf":{"@id":"https:\/\/beautycharm.lt\/#website"},"primaryImageOfPage":{"@id":"https:\/\/beautycharm.lt\/produktas\/g-m-collin-native-collagen-gelis-50-ml\/#primaryimage"},"image":{"@id":"https:\/\/beautycharm.lt\/produktas\/g-m-collin-native-collagen-gelis-50-ml\/#primaryimage"},"thumbnailUrl":"https:\/\/beautycharm.lt\/wp-content\/uploads\/2025\/07\/g-m-collin-native-collagen-gelis-50-ml-202405081404210-413x672-1.jpeg","datePublished":"2025-07-15T10:56:56+00:00","dateModified":"2025-09-08T13:00:40+00:00","breadcrumb":{"@id":"https:\/\/beautycharm.lt\/produktas\/g-m-collin-native-collagen-gelis-50-ml\/#breadcrumb"},"inLanguage":"en-US","potentialAction":[{"@type":"ReadAction","target":["https:\/\/beautycharm.lt\/produktas\/g-m-collin-native-collagen-gelis-50-ml\/"]}]},{"@type":"ImageObject","inLanguage":"en-US","@id":"https:\/\/beautycharm.lt\/produktas\/g-m-collin-native-collagen-gelis-50-ml\/#primaryimage","url":"https:\/\/beautycharm.lt\/wp-content\/uploads\/2025\/07\/g-m-collin-native-collagen-gelis-50-ml-202405081404210-413x672-1.jpeg","contentUrl":"https:\/\/beautycharm.lt\/wp-content\/uploads\/2025\/07\/g-m-collin-native-collagen-gelis-50-ml-202405081404210-413x672-1.jpeg","width":413,"height":672},{"@type":"BreadcrumbList","@id":"https:\/\/beautycharm.lt\/produktas\/g-m-collin-native-collagen-gelis-50-ml\/#breadcrumb","itemListElement":[{"@type":"ListItem","position":1,"name":"Home","item":"https:\/\/beautycharm.lt\/"},{"@type":"ListItem","position":2,"name":"Parduotuv\u0117","item":"https:\/\/beautycharm.lt\/parduotuve\/"},{"@type":"ListItem","position":3,"name":"G.M. COLLIN NATIVE COLLAGEN GELIS, 50 ML"}]},{"@type":"WebSite","@id":"https:\/\/beautycharm.lt\/#website","url":"https:\/\/beautycharm.lt\/","name":"Beauty Charm","description":"Odos prie\u017ei\u016bra vyrams ir moterims","publisher":{"@id":"https:\/\/beautycharm.lt\/#organization"},"potentialAction":[{"@type":"SearchAction","target":{"@type":"EntryPoint","urlTemplate":"https:\/\/beautycharm.lt\/?s={search_term_string}"},"query-input":{"@type":"PropertyValueSpecification","valueRequired":true,"valueName":"search_term_string"}}],"inLanguage":"en-US"},{"@type":"Organization","@id":"https:\/\/beautycharm.lt\/#organization","name":"Beauty Charm","url":"https:\/\/beautycharm.lt\/","logo":{"@type":"ImageObject","inLanguage":"en-US","@id":"https:\/\/beautycharm.lt\/#\/schema\/logo\/image\/","url":"https:\/\/beautycharm.lt\/wp-content\/uploads\/2025\/08\/BeautyCharm_t_s-1.svg","contentUrl":"https:\/\/beautycharm.lt\/wp-content\/uploads\/2025\/08\/BeautyCharm_t_s-1.svg","width":148,"height":64,"caption":"Beauty Charm"},"image":{"@id":"https:\/\/beautycharm.lt\/#\/schema\/logo\/image\/"},"sameAs":["https:\/\/www.facebook.com\/faceandbodylines\/","https:\/\/www.instagram.com\/the_house_of_charm\/"]}]}},"_links":{"self":[{"href":"https:\/\/beautycharm.lt\/en\/wp-json\/wp\/v2\/product\/1842","targetHints":{"allow":["GET"]}}],"collection":[{"href":"https:\/\/beautycharm.lt\/en\/wp-json\/wp\/v2\/product"}],"about":[{"href":"https:\/\/beautycharm.lt\/en\/wp-json\/wp\/v2\/types\/product"}],"replies":[{"embeddable":true,"href":"https:\/\/beautycharm.lt\/en\/wp-json\/wp\/v2\/comments?post=1842"}],"wp:featuredmedia":[{"embeddable":true,"href":"https:\/\/beautycharm.lt\/en\/wp-json\/wp\/v2\/media\/2283"}],"wp:attachment":[{"href":"https:\/\/beautycharm.lt\/en\/wp-json\/wp\/v2\/media?parent=1842"}],"wp:term":[{"taxonomy":"product_brand","embeddable":true,"href":"https:\/\/beautycharm.lt\/en\/wp-json\/wp\/v2\/product_brand?post=1842"},{"taxonomy":"product_cat","embeddable":true,"href":"https:\/\/beautycharm.lt\/en\/wp-json\/wp\/v2\/product_cat?post=1842"},{"taxonomy":"product_tag","embeddable":true,"href":"https:\/\/beautycharm.lt\/en\/wp-json\/wp\/v2\/product_tag?post=1842"}],"curies":[{"name":"wp","href":"https:\/\/api.w.org\/{rel}","templated":true}]}}