{"id":1841,"date":"2025-07-15T13:56:56","date_gmt":"2025-07-15T10:56:56","guid":{"rendered":"https:\/\/beautycharm.lt\/product\/g-m-collin-bota-peptides-paakiu-kremas-15-ml\/"},"modified":"2025-09-08T15:57:09","modified_gmt":"2025-09-08T12:57:09","slug":"g-m-collin-bota-peptides-paakiu-kremas-15-ml","status":"publish","type":"product","link":"https:\/\/beautycharm.lt\/en\/product\/g-m-collin-bota-peptides-paakiu-kremas-15-ml\/","title":{"rendered":"G.M. COLLIN BOTA-PEPTIDES EYE CREAM, 15 ML"},"content":{"rendered":"<p>Facial expressions affect the architecture of the skin. Every day, when we move our faces and communicate, we contract more than 15,000 muscles, which over time leave marks on our skin.<\/p>\n<p>Advantages:<\/p>\n<p>The cream is suitable for skin with wrinkles, dark circles, and puffiness.<br \/>\nThe formula is enriched with 6 peptides, including Argireline, Myoxinol, and Matrixyl 3000, which are suitable for treating expression lines.<br \/>\nEyeliss, Haloxyl, caffeine, and vitamin K are suitable for skin with wrinkles and skin that needs a better texture.<\/p>\n<p>Active ingredients:<\/p>\n<p>Antioxidants. Hesperidin Methyl Chalcone, Hesperetin Laurate, Caffeine, Vit. E (Tocopheryl Acetate)<br \/>\nIngredients beneficial to cells. Acetyl Hexapeptide-8 (Argireline\u2122), Eyeliss\u2122, Matrixyl\u2122 3000, oligopeptides (Myoxinol\u2122), Haloxyl\u2122, Vitamin A (Retinyl Palmitate)<br \/>\nIngredients identical to skin. Phospholipids, Sodium Hyaluronate, Glycerin, Squalane (Vegetal)<br \/>\nSkin soothing. Evening Primrose Oil, Cucumber Fruit Extract<\/p>\n<p>How to use: gently apply the product around the eyes and massage in. Can be used in the morning and\/or evening.<\/p>\n<p>Ingredients:<\/p>\n<p>AQUA\/WATER\/EAU, BUTYLENE GLYCOL, GLYCERIN, ARACHIDYL ALCOHOL, CETEARYL ISONONANOATE, PROPANEDIOL DICAPRYLATE, SQUALANE, BEHENYL ALCOHOL, ETHYLHEXYLGLYCERIN, BUTYROSPERMUM PARKII (SHEA) BUTTER, DIMETHICONE, GLYCERYL STEARATE SE, PEG-100 STEARATE, CITRULLUS LANATUS (WATERMELON) FRUIT EXTRACT, GLYCINE SOJA (SOYBEAN) STEROLS, LENS ESCULENTA (LENTIL) FRUIT EXTRACT, HYDROLYZED HIBISCUS ESCULENTUS EXTRACT, IRVINGIA GABONENSIS KERNEL BUTTER, PYRUS MALUS (APPLE) FRUIT EXTRACT, TOCOPHERYL ACETATE, HESPERIDIN METHYL CHALCONE, ARGANIA SPINOSA KERNEL OIL, ASPARAGOPSIS ARMATA EXTRACT, SODIUM HYALURONATE, RETINYL PALMITATE, ASCOPHYLLUM NODOSUM EXTRACT, SODIUM PCA, N-HYDROXYSUCCINIMIDE, VACCINIUM MACROCARPON (CRANBERRY) FRUIT EXTRACT, DIPEPTIDE-2, ACETYL TETRAPEPTIDE-5, ACETYL HEXAPEPTIDE-8, PALMITOYL TETRAPEPTIDE-7, CAFFEINE, PALMITOYL TRIPEPTIDE-1, CHRYSIN, CHLORPHENESIN, POTASSIUM SORBATE, CHLORHEXIDINE DIGLUCONATE, SODIUM BENZOATE, PHENOXYETHANOL, TOCOPHEROL, ARACHIDYL GLUCOSIDE, ACRYLAMIDE\/AMMONIUM ACRYLATE COPOLYMER, OCTYLDODECANOL, HYDROGENATED STARCH HYDROLYSATE, FRAGRANCE\/PARFUM, POLYISOBUTENE, DEXTRIN, STEARETH-20, DISODIUM EDTA, XANTHAN GUM, HYDROGENATED COCO-GLYCERIDES, SODIUM LACTATE, TRIETHANOLAMINE, POLYSORBATE 20, SORBITAN ISOSTEARATE, CARBOMER, SODIUM CITRATE, 1,2-HEXANEDIOL, CAPRYLYL GLYCOL, CITRIC ACID, BIOTIN<\/p>","protected":false},"excerpt":{"rendered":"<p>Veido mimikos turi \u012ftakos odos architekt\u016brai. Kasdien judindami veid\u0105 ir bendraudami, mes sutraukiame daugiau nei 15000 raumen\u0173, kurie ilgainiui palieka \u017eymes ant m\u016bs\u0173 odos. Privalumai: Kremas tinkamas odai su rauk\u0161l\u0117mis, tamsiais ratilais ir paburkimais. Formul\u0117 praturtinta 6 peptidais, \u012fskaitant Argireline, Myoxinol ir Matrixyl 3000, kurie tinkami turint mimikos rauk\u0161li\u0173. Eyeliss, Haloxyl, kofeinas ir vitaminas K<\/p>\n<div class=\"klb-readmore entry-button\"><a class=\"button light alt medium\" href=\"https:\/\/beautycharm.lt\/en\/product\/g-m-collin-bota-peptides-paakiu-kremas-15-ml\/\">Read More<\/a><\/div>","protected":false},"featured_media":2281,"comment_status":"open","ping_status":"closed","template":"","meta":{"inline_featured_image":false},"product_brand":[83],"product_cat":[120,138],"product_tag":[],"class_list":{"0":"post-1841","1":"product","2":"type-product","3":"status-publish","4":"has-post-thumbnail","6":"product_brand-g-m-collin-lt","7":"product_cat-moterims-lt","8":"product_cat-paakiu-kremai","10":"first","11":"instock","12":"shipping-taxable","13":"purchasable","14":"product-type-simple"},"yoast_head":"<!-- This site is optimized with the Yoast SEO plugin v27.4 - https:\/\/yoast.com\/product\/yoast-seo-wordpress\/ -->\n<title>G.M. COLLIN BOTA-PEPTIDES PAAKI\u0172 KREMAS, 15 ML - Beauty Charm<\/title>\n<meta name=\"robots\" content=\"index, follow, max-snippet:-1, max-image-preview:large, max-video-preview:-1\" \/>\n<link rel=\"canonical\" href=\"https:\/\/beautycharm.lt\/en\/product\/g-m-collin-bota-peptides-paakiu-kremas-15-ml\/\" \/>\n<meta property=\"og:locale\" content=\"en_US\" \/>\n<meta property=\"og:type\" content=\"article\" \/>\n<meta property=\"og:title\" content=\"G.M. COLLIN BOTA-PEPTIDES PAAKI\u0172 KREMAS, 15 ML - Beauty Charm\" \/>\n<meta property=\"og:description\" content=\"Veido mimikos turi \u012ftakos odos architekt\u016brai. Kasdien judindami veid\u0105 ir bendraudami, mes sutraukiame daugiau nei 15000 raumen\u0173, kurie ilgainiui palieka \u017eymes ant m\u016bs\u0173 odos. Privalumai: Kremas tinkamas odai su rauk\u0161l\u0117mis, tamsiais ratilais ir paburkimais. Formul\u0117 praturtinta 6 peptidais, \u012fskaitant Argireline, Myoxinol ir Matrixyl 3000, kurie tinkami turint mimikos rauk\u0161li\u0173. Eyeliss, Haloxyl, kofeinas ir vitaminas KRead More\" \/>\n<meta property=\"og:url\" content=\"https:\/\/beautycharm.lt\/en\/product\/g-m-collin-bota-peptides-paakiu-kremas-15-ml\/\" \/>\n<meta property=\"og:site_name\" content=\"Beauty Charm\" \/>\n<meta property=\"article:publisher\" content=\"https:\/\/www.facebook.com\/faceandbodylines\/\" \/>\n<meta property=\"article:modified_time\" content=\"2025-09-08T12:57:09+00:00\" \/>\n<meta property=\"og:image\" content=\"https:\/\/beautycharm.lt\/wp-content\/uploads\/2025\/07\/g-m-collin-bota-peptides-paakiu-kremas-15-ml-413x672-1.jpeg\" \/>\n\t<meta property=\"og:image:width\" content=\"413\" \/>\n\t<meta property=\"og:image:height\" content=\"672\" \/>\n\t<meta property=\"og:image:type\" content=\"image\/jpeg\" \/>\n<meta name=\"twitter:card\" content=\"summary_large_image\" \/>\n<meta name=\"twitter:label1\" content=\"Est. reading time\" \/>\n\t<meta name=\"twitter:data1\" content=\"2 minutes\" \/>\n<script type=\"application\/ld+json\" class=\"yoast-schema-graph\">{\"@context\":\"https:\\\/\\\/schema.org\",\"@graph\":[{\"@type\":\"WebPage\",\"@id\":\"https:\\\/\\\/beautycharm.lt\\\/produktas\\\/g-m-collin-bota-peptides-paakiu-kremas-15-ml\\\/\",\"url\":\"https:\\\/\\\/beautycharm.lt\\\/produktas\\\/g-m-collin-bota-peptides-paakiu-kremas-15-ml\\\/\",\"name\":\"G.M. COLLIN BOTA-PEPTIDES PAAKI\u0172 KREMAS, 15 ML - Beauty Charm\",\"isPartOf\":{\"@id\":\"https:\\\/\\\/beautycharm.lt\\\/#website\"},\"primaryImageOfPage\":{\"@id\":\"https:\\\/\\\/beautycharm.lt\\\/produktas\\\/g-m-collin-bota-peptides-paakiu-kremas-15-ml\\\/#primaryimage\"},\"image\":{\"@id\":\"https:\\\/\\\/beautycharm.lt\\\/produktas\\\/g-m-collin-bota-peptides-paakiu-kremas-15-ml\\\/#primaryimage\"},\"thumbnailUrl\":\"https:\\\/\\\/beautycharm.lt\\\/wp-content\\\/uploads\\\/2025\\\/07\\\/g-m-collin-bota-peptides-paakiu-kremas-15-ml-413x672-1.jpeg\",\"datePublished\":\"2025-07-15T10:56:56+00:00\",\"dateModified\":\"2025-09-08T12:57:09+00:00\",\"breadcrumb\":{\"@id\":\"https:\\\/\\\/beautycharm.lt\\\/produktas\\\/g-m-collin-bota-peptides-paakiu-kremas-15-ml\\\/#breadcrumb\"},\"inLanguage\":\"en-US\",\"potentialAction\":[{\"@type\":\"ReadAction\",\"target\":[\"https:\\\/\\\/beautycharm.lt\\\/produktas\\\/g-m-collin-bota-peptides-paakiu-kremas-15-ml\\\/\"]}]},{\"@type\":\"ImageObject\",\"inLanguage\":\"en-US\",\"@id\":\"https:\\\/\\\/beautycharm.lt\\\/produktas\\\/g-m-collin-bota-peptides-paakiu-kremas-15-ml\\\/#primaryimage\",\"url\":\"https:\\\/\\\/beautycharm.lt\\\/wp-content\\\/uploads\\\/2025\\\/07\\\/g-m-collin-bota-peptides-paakiu-kremas-15-ml-413x672-1.jpeg\",\"contentUrl\":\"https:\\\/\\\/beautycharm.lt\\\/wp-content\\\/uploads\\\/2025\\\/07\\\/g-m-collin-bota-peptides-paakiu-kremas-15-ml-413x672-1.jpeg\",\"width\":413,\"height\":672},{\"@type\":\"BreadcrumbList\",\"@id\":\"https:\\\/\\\/beautycharm.lt\\\/produktas\\\/g-m-collin-bota-peptides-paakiu-kremas-15-ml\\\/#breadcrumb\",\"itemListElement\":[{\"@type\":\"ListItem\",\"position\":1,\"name\":\"Home\",\"item\":\"https:\\\/\\\/beautycharm.lt\\\/\"},{\"@type\":\"ListItem\",\"position\":2,\"name\":\"Parduotuv\u0117\",\"item\":\"https:\\\/\\\/beautycharm.lt\\\/parduotuve\\\/\"},{\"@type\":\"ListItem\",\"position\":3,\"name\":\"G.M. COLLIN BOTA-PEPTIDES PAAKI\u0172 KREMAS, 15 ML\"}]},{\"@type\":\"WebSite\",\"@id\":\"https:\\\/\\\/beautycharm.lt\\\/#website\",\"url\":\"https:\\\/\\\/beautycharm.lt\\\/\",\"name\":\"Beauty Charm\",\"description\":\"Odos prie\u017ei\u016bra vyrams ir moterims\",\"publisher\":{\"@id\":\"https:\\\/\\\/beautycharm.lt\\\/#organization\"},\"potentialAction\":[{\"@type\":\"SearchAction\",\"target\":{\"@type\":\"EntryPoint\",\"urlTemplate\":\"https:\\\/\\\/beautycharm.lt\\\/?s={search_term_string}\"},\"query-input\":{\"@type\":\"PropertyValueSpecification\",\"valueRequired\":true,\"valueName\":\"search_term_string\"}}],\"inLanguage\":\"en-US\"},{\"@type\":\"Organization\",\"@id\":\"https:\\\/\\\/beautycharm.lt\\\/#organization\",\"name\":\"Beauty Charm\",\"url\":\"https:\\\/\\\/beautycharm.lt\\\/\",\"logo\":{\"@type\":\"ImageObject\",\"inLanguage\":\"en-US\",\"@id\":\"https:\\\/\\\/beautycharm.lt\\\/#\\\/schema\\\/logo\\\/image\\\/\",\"url\":\"https:\\\/\\\/beautycharm.lt\\\/wp-content\\\/uploads\\\/2025\\\/08\\\/BeautyCharm_t_s-1.svg\",\"contentUrl\":\"https:\\\/\\\/beautycharm.lt\\\/wp-content\\\/uploads\\\/2025\\\/08\\\/BeautyCharm_t_s-1.svg\",\"width\":148,\"height\":64,\"caption\":\"Beauty Charm\"},\"image\":{\"@id\":\"https:\\\/\\\/beautycharm.lt\\\/#\\\/schema\\\/logo\\\/image\\\/\"},\"sameAs\":[\"https:\\\/\\\/www.facebook.com\\\/faceandbodylines\\\/\",\"https:\\\/\\\/www.instagram.com\\\/the_house_of_charm\\\/\"]}]}<\/script>\n<!-- \/ Yoast SEO plugin. -->","yoast_head_json":{"title":"G.M. COLLIN BOTA-PEPTIDES PAAKI\u0172 KREMAS, 15 ML - Beauty Charm","robots":{"index":"index","follow":"follow","max-snippet":"max-snippet:-1","max-image-preview":"max-image-preview:large","max-video-preview":"max-video-preview:-1"},"canonical":"https:\/\/beautycharm.lt\/en\/product\/g-m-collin-bota-peptides-paakiu-kremas-15-ml\/","og_locale":"en_US","og_type":"article","og_title":"G.M. COLLIN BOTA-PEPTIDES PAAKI\u0172 KREMAS, 15 ML - Beauty Charm","og_description":"Veido mimikos turi \u012ftakos odos architekt\u016brai. Kasdien judindami veid\u0105 ir bendraudami, mes sutraukiame daugiau nei 15000 raumen\u0173, kurie ilgainiui palieka \u017eymes ant m\u016bs\u0173 odos. Privalumai: Kremas tinkamas odai su rauk\u0161l\u0117mis, tamsiais ratilais ir paburkimais. Formul\u0117 praturtinta 6 peptidais, \u012fskaitant Argireline, Myoxinol ir Matrixyl 3000, kurie tinkami turint mimikos rauk\u0161li\u0173. Eyeliss, Haloxyl, kofeinas ir vitaminas KRead More","og_url":"https:\/\/beautycharm.lt\/en\/product\/g-m-collin-bota-peptides-paakiu-kremas-15-ml\/","og_site_name":"Beauty Charm","article_publisher":"https:\/\/www.facebook.com\/faceandbodylines\/","article_modified_time":"2025-09-08T12:57:09+00:00","og_image":[{"width":413,"height":672,"url":"https:\/\/beautycharm.lt\/wp-content\/uploads\/2025\/07\/g-m-collin-bota-peptides-paakiu-kremas-15-ml-413x672-1.jpeg","type":"image\/jpeg"}],"twitter_card":"summary_large_image","twitter_misc":{"Est. reading time":"2 minutes"},"schema":{"@context":"https:\/\/schema.org","@graph":[{"@type":"WebPage","@id":"https:\/\/beautycharm.lt\/produktas\/g-m-collin-bota-peptides-paakiu-kremas-15-ml\/","url":"https:\/\/beautycharm.lt\/produktas\/g-m-collin-bota-peptides-paakiu-kremas-15-ml\/","name":"G.M. COLLIN BOTA-PEPTIDES PAAKI\u0172 KREMAS, 15 ML - Beauty Charm","isPartOf":{"@id":"https:\/\/beautycharm.lt\/#website"},"primaryImageOfPage":{"@id":"https:\/\/beautycharm.lt\/produktas\/g-m-collin-bota-peptides-paakiu-kremas-15-ml\/#primaryimage"},"image":{"@id":"https:\/\/beautycharm.lt\/produktas\/g-m-collin-bota-peptides-paakiu-kremas-15-ml\/#primaryimage"},"thumbnailUrl":"https:\/\/beautycharm.lt\/wp-content\/uploads\/2025\/07\/g-m-collin-bota-peptides-paakiu-kremas-15-ml-413x672-1.jpeg","datePublished":"2025-07-15T10:56:56+00:00","dateModified":"2025-09-08T12:57:09+00:00","breadcrumb":{"@id":"https:\/\/beautycharm.lt\/produktas\/g-m-collin-bota-peptides-paakiu-kremas-15-ml\/#breadcrumb"},"inLanguage":"en-US","potentialAction":[{"@type":"ReadAction","target":["https:\/\/beautycharm.lt\/produktas\/g-m-collin-bota-peptides-paakiu-kremas-15-ml\/"]}]},{"@type":"ImageObject","inLanguage":"en-US","@id":"https:\/\/beautycharm.lt\/produktas\/g-m-collin-bota-peptides-paakiu-kremas-15-ml\/#primaryimage","url":"https:\/\/beautycharm.lt\/wp-content\/uploads\/2025\/07\/g-m-collin-bota-peptides-paakiu-kremas-15-ml-413x672-1.jpeg","contentUrl":"https:\/\/beautycharm.lt\/wp-content\/uploads\/2025\/07\/g-m-collin-bota-peptides-paakiu-kremas-15-ml-413x672-1.jpeg","width":413,"height":672},{"@type":"BreadcrumbList","@id":"https:\/\/beautycharm.lt\/produktas\/g-m-collin-bota-peptides-paakiu-kremas-15-ml\/#breadcrumb","itemListElement":[{"@type":"ListItem","position":1,"name":"Home","item":"https:\/\/beautycharm.lt\/"},{"@type":"ListItem","position":2,"name":"Parduotuv\u0117","item":"https:\/\/beautycharm.lt\/parduotuve\/"},{"@type":"ListItem","position":3,"name":"G.M. COLLIN BOTA-PEPTIDES PAAKI\u0172 KREMAS, 15 ML"}]},{"@type":"WebSite","@id":"https:\/\/beautycharm.lt\/#website","url":"https:\/\/beautycharm.lt\/","name":"Beauty Charm","description":"Odos prie\u017ei\u016bra vyrams ir moterims","publisher":{"@id":"https:\/\/beautycharm.lt\/#organization"},"potentialAction":[{"@type":"SearchAction","target":{"@type":"EntryPoint","urlTemplate":"https:\/\/beautycharm.lt\/?s={search_term_string}"},"query-input":{"@type":"PropertyValueSpecification","valueRequired":true,"valueName":"search_term_string"}}],"inLanguage":"en-US"},{"@type":"Organization","@id":"https:\/\/beautycharm.lt\/#organization","name":"Beauty Charm","url":"https:\/\/beautycharm.lt\/","logo":{"@type":"ImageObject","inLanguage":"en-US","@id":"https:\/\/beautycharm.lt\/#\/schema\/logo\/image\/","url":"https:\/\/beautycharm.lt\/wp-content\/uploads\/2025\/08\/BeautyCharm_t_s-1.svg","contentUrl":"https:\/\/beautycharm.lt\/wp-content\/uploads\/2025\/08\/BeautyCharm_t_s-1.svg","width":148,"height":64,"caption":"Beauty Charm"},"image":{"@id":"https:\/\/beautycharm.lt\/#\/schema\/logo\/image\/"},"sameAs":["https:\/\/www.facebook.com\/faceandbodylines\/","https:\/\/www.instagram.com\/the_house_of_charm\/"]}]}},"_links":{"self":[{"href":"https:\/\/beautycharm.lt\/en\/wp-json\/wp\/v2\/product\/1841","targetHints":{"allow":["GET"]}}],"collection":[{"href":"https:\/\/beautycharm.lt\/en\/wp-json\/wp\/v2\/product"}],"about":[{"href":"https:\/\/beautycharm.lt\/en\/wp-json\/wp\/v2\/types\/product"}],"replies":[{"embeddable":true,"href":"https:\/\/beautycharm.lt\/en\/wp-json\/wp\/v2\/comments?post=1841"}],"wp:featuredmedia":[{"embeddable":true,"href":"https:\/\/beautycharm.lt\/en\/wp-json\/wp\/v2\/media\/2281"}],"wp:attachment":[{"href":"https:\/\/beautycharm.lt\/en\/wp-json\/wp\/v2\/media?parent=1841"}],"wp:term":[{"taxonomy":"product_brand","embeddable":true,"href":"https:\/\/beautycharm.lt\/en\/wp-json\/wp\/v2\/product_brand?post=1841"},{"taxonomy":"product_cat","embeddable":true,"href":"https:\/\/beautycharm.lt\/en\/wp-json\/wp\/v2\/product_cat?post=1841"},{"taxonomy":"product_tag","embeddable":true,"href":"https:\/\/beautycharm.lt\/en\/wp-json\/wp\/v2\/product_tag?post=1841"}],"curies":[{"name":"wp","href":"https:\/\/api.w.org\/{rel}","templated":true}]}}