{"id":1840,"date":"2025-07-15T13:56:56","date_gmt":"2025-07-15T10:56:56","guid":{"rendered":"https:\/\/beautycharm.lt\/product\/g-m-collin-hyaluronic-filler-serumas-30-ml\/"},"modified":"2025-09-08T15:50:28","modified_gmt":"2025-09-08T12:50:28","slug":"g-m-collin-hyaluronic-filler-serumas-30-ml","status":"publish","type":"product","link":"https:\/\/beautycharm.lt\/en\/product\/g-m-collin-hyaluronic-filler-serumas-30-ml\/","title":{"rendered":"G.M. COLLIN HYALURONIC FILLER SERUM, 30 ML"},"content":{"rendered":"<p>Our skin sends out distress signals when its physiology and condition are affected by stress factors such as illness, hormonal changes, lack of sleep, or excessive sun exposure. At times like these, it is very important to monitor your skin and its needs so that you can help restore its balance in a timely manner.<\/p>\n<p>What makes this serum unique are its patented complexes that increase the product's effectiveness. The serum contains 4% H.A. Filler Expert complex (3 sizes of hyaluronic acid), Cosmetic Drone\u2122 technology, and ingredients that protect the hyaluronic acid in the skin.<\/p>\n<p>Advantages:<\/p>\n<p>Suitable for skin lacking moisture.<br \/>\nA universal product suitable for all skin types.<br \/>\nSuitable for skin with wrinkles and skin lacking uniform texture.<br \/>\nSuitable for skin with enlarged pores.<\/p>\n<p>Active ingredients:<\/p>\n<p>Antioxidants. Watermelon extract (Citrullus Lanatus Fruit Extract), celery seed extract (Apium Graveolens Seed Extract), rosemary leaf extract (Rosmarinus Officinalis Leaf Extract), vitamin E (Tocopherol)<br \/>\nIngredients beneficial to cells. LINEFILL\u2122, Neodermyl\u00ae, 4% X50 Hyalufiller (The Cosmetic Drone\u2122), Matrixyl\u2122 3000<br \/>\nIngredients identical to skin. Glycerin, Sodium Hyaluronate, Sodium PCA<br \/>\nSkin soothing. Indian sesame oil (Sesamum Indicum Seed Extract), Rosemary leaf extract (Rosmarinus Officinalis Leaf Extract)<\/p>\n<p>Research results:<\/p>\n<p>Improvement in skin plumpness*: +78%<br \/>\nSuma\u017e\u0117jusios odos poros **\/***: -95%<br \/>\nImproved skin moisture level **: +98%<br \/>\nPager\u0117jusi odos tekst\u016bra *\/***: +83%<\/p>\n<p>*Clinical trials conducted on 30 women (average age 57.7 years) with all skin types. Efficacy and tolerance tested 60 minutes after a single application.<br \/>\n** Clinical trials were conducted on 20 women (average age 59.1 years) with all skin types. Efficacy and tolerance were measured at D0 and D14.<br \/>\n***Study conducted by Dermo-Cosmetic (G.M. Collin). Individual results may vary.<\/p>\n<p>How to use: Apply to a clean and toned face. Follow with a cream suited to your skin type. Recommended for use in the morning and evening.<\/p>\n<p>Ingredients:<\/p>\n<p>AQUA\/WATER\/EAU, C15-19 ALKANE, GLYCERIN, ETHYLHEXYL PALMITATE, CAPRYLIC\/CAPRIC TRIGLYCERIDE, POLYGLYCERYL-6 STEARATE, PENTYLENE GLYCOL, MORINGA OIL\/HYDROGENATED MORINGA OIL ESTERS, POLYMETHYLSILSESQUIOXANE, PROPANEDIOL, CITRULLUS LANATUS (WATERMELON) FRUIT EXTRACT, LENS ESCULENTA (LENTIL) FRUIT EXTRACT, SODIUM POLYGLUTAMATE, PYRUS MALUS (APPLE) FRUIT EXTRACT, SODIUM HYALURONATE, CAPRYLHYDROXAMIC ACID, SESAMUM INDICUM (SESAME) SEED EXTRACT, HYDROLYZED HYALURONIC ACID, METHYLGLUCOSIDE PHOSPHATE, SODIUM PCA, COPPER LYSINATE\/PROLINATE, PLANKTON EXTRACT\/EXTRAIT DE PLANCTON, APIUM GRAVEOLENS (CELERY) SEED EXTRACT, LINUM USITATISSIMUM (LINSEED) SEED EXTRACT, ROSMARINUS OFFICINALIS (ROSEMARY) LEAF EXTRACT, PALMITOYL TETRAPEPTIDE-50, PALMITOYL TRIPEPTIDE-1, GLUCOMANNAN, PALMITOYL TETRAPEPTIDE-7, HEPTAPEPTIDE-15 PALMITATE, POTASSIUM SORBATE, SODIUM BENZOATE, PHENOXYETHANOL, TOCOPHEROL, 1,2-HEXANEDIOL, DIMETHYL ISOSORBIDE, BUTYLENE GLYCOL, SODIUM STEAROYL GLUTAMATE, POLYGLYCERYL-6 BEHENATE, ACACIA SENEGAL GUM, XANTHAN GUM, SODIUM LACTATE, FRAGRANCE\/PARFUM, ETHYLENE BRASSYLATE, TRIHYDROXYSTEARIN, SORBITAN TRIOLEATE, CARBOMER, SCLEROTIUM GUM, LECITHIN, POLYSORBATE 20, PULLULAN, CAPRYLYL GLYCOL, SILICA, GLYCERYL CAPRYLATE, LACTIC ACID\/GLYCOLIC ACID COPOLYMER, PHENYLPROPANOL, POLYVINYL ALCOHOL<\/p>","protected":false},"excerpt":{"rendered":"<p>M\u016bs\u0173 oda siun\u010dia pagalbos pra\u0161an\u010dius signalus, kai odos fiziologija ir b\u016bkl\u0117 yra paveikta streso faktori\u0173, toki\u0173 kaip ligos, hormoniniai poky\u010diai, miego tr\u016bkumas arba per ilgas laikas saul\u0117je. Tokiais momentais labai svarbu steb\u0117ti savo od\u0105 ir jos poreikius tam, kad gal\u0117tume laiku pad\u0117ti atstatyti odos balans\u0105. \u0160io serumo i\u0161skirtinumas \u2013 patentuoti kompleksai, kurie didina priemon\u0117s efektyvum\u0105.<\/p>\n<div class=\"klb-readmore entry-button\"><a class=\"button light alt medium\" href=\"https:\/\/beautycharm.lt\/en\/product\/g-m-collin-hyaluronic-filler-serumas-30-ml\/\">Read More<\/a><\/div>","protected":false},"featured_media":2277,"comment_status":"open","ping_status":"closed","template":"","meta":{"inline_featured_image":false},"product_brand":[83],"product_cat":[120],"product_tag":[],"class_list":{"0":"post-1840","1":"product","2":"type-product","3":"status-publish","4":"has-post-thumbnail","6":"product_brand-g-m-collin-lt","7":"product_cat-moterims-lt","9":"first","10":"instock","11":"shipping-taxable","12":"purchasable","13":"product-type-simple"},"yoast_head":"<!-- This site is optimized with the Yoast SEO plugin v27.4 - https:\/\/yoast.com\/product\/yoast-seo-wordpress\/ -->\n<title>G.M. COLLIN HYALURONIC FILLER SERUMAS, 30 ML - Beauty Charm<\/title>\n<meta name=\"robots\" content=\"index, follow, max-snippet:-1, max-image-preview:large, max-video-preview:-1\" \/>\n<link rel=\"canonical\" href=\"https:\/\/beautycharm.lt\/en\/product\/g-m-collin-hyaluronic-filler-serumas-30-ml\/\" \/>\n<meta property=\"og:locale\" content=\"en_US\" \/>\n<meta property=\"og:type\" content=\"article\" \/>\n<meta property=\"og:title\" content=\"G.M. COLLIN HYALURONIC FILLER SERUMAS, 30 ML - Beauty Charm\" \/>\n<meta property=\"og:description\" content=\"M\u016bs\u0173 oda siun\u010dia pagalbos pra\u0161an\u010dius signalus, kai odos fiziologija ir b\u016bkl\u0117 yra paveikta streso faktori\u0173, toki\u0173 kaip ligos, hormoniniai poky\u010diai, miego tr\u016bkumas arba per ilgas laikas saul\u0117je. Tokiais momentais labai svarbu steb\u0117ti savo od\u0105 ir jos poreikius tam, kad gal\u0117tume laiku pad\u0117ti atstatyti odos balans\u0105. \u0160io serumo i\u0161skirtinumas \u2013 patentuoti kompleksai, kurie didina priemon\u0117s efektyvum\u0105.Read More\" \/>\n<meta property=\"og:url\" content=\"https:\/\/beautycharm.lt\/en\/product\/g-m-collin-hyaluronic-filler-serumas-30-ml\/\" \/>\n<meta property=\"og:site_name\" content=\"Beauty Charm\" \/>\n<meta property=\"article:publisher\" content=\"https:\/\/www.facebook.com\/faceandbodylines\/\" \/>\n<meta property=\"article:modified_time\" content=\"2025-09-08T12:50:28+00:00\" \/>\n<meta property=\"og:image\" content=\"https:\/\/beautycharm.lt\/wp-content\/uploads\/2025\/07\/g-m-collin-hyaluronic-filler-serumas-30-ml-202405081606100-413x672-1.jpeg\" \/>\n\t<meta property=\"og:image:width\" content=\"413\" \/>\n\t<meta property=\"og:image:height\" content=\"672\" \/>\n\t<meta property=\"og:image:type\" content=\"image\/jpeg\" \/>\n<meta name=\"twitter:card\" content=\"summary_large_image\" \/>\n<meta name=\"twitter:label1\" content=\"Est. reading time\" \/>\n\t<meta name=\"twitter:data1\" content=\"3 minutes\" \/>\n<script type=\"application\/ld+json\" class=\"yoast-schema-graph\">{\"@context\":\"https:\\\/\\\/schema.org\",\"@graph\":[{\"@type\":\"WebPage\",\"@id\":\"https:\\\/\\\/beautycharm.lt\\\/produktas\\\/g-m-collin-hyaluronic-filler-serumas-30-ml\\\/\",\"url\":\"https:\\\/\\\/beautycharm.lt\\\/produktas\\\/g-m-collin-hyaluronic-filler-serumas-30-ml\\\/\",\"name\":\"G.M. COLLIN HYALURONIC FILLER SERUMAS, 30 ML - Beauty Charm\",\"isPartOf\":{\"@id\":\"https:\\\/\\\/beautycharm.lt\\\/#website\"},\"primaryImageOfPage\":{\"@id\":\"https:\\\/\\\/beautycharm.lt\\\/produktas\\\/g-m-collin-hyaluronic-filler-serumas-30-ml\\\/#primaryimage\"},\"image\":{\"@id\":\"https:\\\/\\\/beautycharm.lt\\\/produktas\\\/g-m-collin-hyaluronic-filler-serumas-30-ml\\\/#primaryimage\"},\"thumbnailUrl\":\"https:\\\/\\\/beautycharm.lt\\\/wp-content\\\/uploads\\\/2025\\\/07\\\/g-m-collin-hyaluronic-filler-serumas-30-ml-202405081606100-413x672-1.jpeg\",\"datePublished\":\"2025-07-15T10:56:56+00:00\",\"dateModified\":\"2025-09-08T12:50:28+00:00\",\"breadcrumb\":{\"@id\":\"https:\\\/\\\/beautycharm.lt\\\/produktas\\\/g-m-collin-hyaluronic-filler-serumas-30-ml\\\/#breadcrumb\"},\"inLanguage\":\"en-US\",\"potentialAction\":[{\"@type\":\"ReadAction\",\"target\":[\"https:\\\/\\\/beautycharm.lt\\\/produktas\\\/g-m-collin-hyaluronic-filler-serumas-30-ml\\\/\"]}]},{\"@type\":\"ImageObject\",\"inLanguage\":\"en-US\",\"@id\":\"https:\\\/\\\/beautycharm.lt\\\/produktas\\\/g-m-collin-hyaluronic-filler-serumas-30-ml\\\/#primaryimage\",\"url\":\"https:\\\/\\\/beautycharm.lt\\\/wp-content\\\/uploads\\\/2025\\\/07\\\/g-m-collin-hyaluronic-filler-serumas-30-ml-202405081606100-413x672-1.jpeg\",\"contentUrl\":\"https:\\\/\\\/beautycharm.lt\\\/wp-content\\\/uploads\\\/2025\\\/07\\\/g-m-collin-hyaluronic-filler-serumas-30-ml-202405081606100-413x672-1.jpeg\",\"width\":413,\"height\":672},{\"@type\":\"BreadcrumbList\",\"@id\":\"https:\\\/\\\/beautycharm.lt\\\/produktas\\\/g-m-collin-hyaluronic-filler-serumas-30-ml\\\/#breadcrumb\",\"itemListElement\":[{\"@type\":\"ListItem\",\"position\":1,\"name\":\"Home\",\"item\":\"https:\\\/\\\/beautycharm.lt\\\/\"},{\"@type\":\"ListItem\",\"position\":2,\"name\":\"Parduotuv\u0117\",\"item\":\"https:\\\/\\\/beautycharm.lt\\\/parduotuve\\\/\"},{\"@type\":\"ListItem\",\"position\":3,\"name\":\"G.M. COLLIN HYALURONIC FILLER SERUMAS, 30 ML\"}]},{\"@type\":\"WebSite\",\"@id\":\"https:\\\/\\\/beautycharm.lt\\\/#website\",\"url\":\"https:\\\/\\\/beautycharm.lt\\\/\",\"name\":\"Beauty Charm\",\"description\":\"Odos prie\u017ei\u016bra vyrams ir moterims\",\"publisher\":{\"@id\":\"https:\\\/\\\/beautycharm.lt\\\/#organization\"},\"potentialAction\":[{\"@type\":\"SearchAction\",\"target\":{\"@type\":\"EntryPoint\",\"urlTemplate\":\"https:\\\/\\\/beautycharm.lt\\\/?s={search_term_string}\"},\"query-input\":{\"@type\":\"PropertyValueSpecification\",\"valueRequired\":true,\"valueName\":\"search_term_string\"}}],\"inLanguage\":\"en-US\"},{\"@type\":\"Organization\",\"@id\":\"https:\\\/\\\/beautycharm.lt\\\/#organization\",\"name\":\"Beauty Charm\",\"url\":\"https:\\\/\\\/beautycharm.lt\\\/\",\"logo\":{\"@type\":\"ImageObject\",\"inLanguage\":\"en-US\",\"@id\":\"https:\\\/\\\/beautycharm.lt\\\/#\\\/schema\\\/logo\\\/image\\\/\",\"url\":\"https:\\\/\\\/beautycharm.lt\\\/wp-content\\\/uploads\\\/2025\\\/08\\\/BeautyCharm_t_s-1.svg\",\"contentUrl\":\"https:\\\/\\\/beautycharm.lt\\\/wp-content\\\/uploads\\\/2025\\\/08\\\/BeautyCharm_t_s-1.svg\",\"width\":148,\"height\":64,\"caption\":\"Beauty Charm\"},\"image\":{\"@id\":\"https:\\\/\\\/beautycharm.lt\\\/#\\\/schema\\\/logo\\\/image\\\/\"},\"sameAs\":[\"https:\\\/\\\/www.facebook.com\\\/faceandbodylines\\\/\",\"https:\\\/\\\/www.instagram.com\\\/the_house_of_charm\\\/\"]}]}<\/script>\n<!-- \/ Yoast SEO plugin. -->","yoast_head_json":{"title":"G.M. COLLIN HYALURONIC FILLER SERUMAS, 30 ML - Beauty Charm","robots":{"index":"index","follow":"follow","max-snippet":"max-snippet:-1","max-image-preview":"max-image-preview:large","max-video-preview":"max-video-preview:-1"},"canonical":"https:\/\/beautycharm.lt\/en\/product\/g-m-collin-hyaluronic-filler-serumas-30-ml\/","og_locale":"en_US","og_type":"article","og_title":"G.M. COLLIN HYALURONIC FILLER SERUMAS, 30 ML - Beauty Charm","og_description":"M\u016bs\u0173 oda siun\u010dia pagalbos pra\u0161an\u010dius signalus, kai odos fiziologija ir b\u016bkl\u0117 yra paveikta streso faktori\u0173, toki\u0173 kaip ligos, hormoniniai poky\u010diai, miego tr\u016bkumas arba per ilgas laikas saul\u0117je. Tokiais momentais labai svarbu steb\u0117ti savo od\u0105 ir jos poreikius tam, kad gal\u0117tume laiku pad\u0117ti atstatyti odos balans\u0105. \u0160io serumo i\u0161skirtinumas \u2013 patentuoti kompleksai, kurie didina priemon\u0117s efektyvum\u0105.Read More","og_url":"https:\/\/beautycharm.lt\/en\/product\/g-m-collin-hyaluronic-filler-serumas-30-ml\/","og_site_name":"Beauty Charm","article_publisher":"https:\/\/www.facebook.com\/faceandbodylines\/","article_modified_time":"2025-09-08T12:50:28+00:00","og_image":[{"width":413,"height":672,"url":"https:\/\/beautycharm.lt\/wp-content\/uploads\/2025\/07\/g-m-collin-hyaluronic-filler-serumas-30-ml-202405081606100-413x672-1.jpeg","type":"image\/jpeg"}],"twitter_card":"summary_large_image","twitter_misc":{"Est. reading time":"3 minutes"},"schema":{"@context":"https:\/\/schema.org","@graph":[{"@type":"WebPage","@id":"https:\/\/beautycharm.lt\/produktas\/g-m-collin-hyaluronic-filler-serumas-30-ml\/","url":"https:\/\/beautycharm.lt\/produktas\/g-m-collin-hyaluronic-filler-serumas-30-ml\/","name":"G.M. COLLIN HYALURONIC FILLER SERUMAS, 30 ML - Beauty Charm","isPartOf":{"@id":"https:\/\/beautycharm.lt\/#website"},"primaryImageOfPage":{"@id":"https:\/\/beautycharm.lt\/produktas\/g-m-collin-hyaluronic-filler-serumas-30-ml\/#primaryimage"},"image":{"@id":"https:\/\/beautycharm.lt\/produktas\/g-m-collin-hyaluronic-filler-serumas-30-ml\/#primaryimage"},"thumbnailUrl":"https:\/\/beautycharm.lt\/wp-content\/uploads\/2025\/07\/g-m-collin-hyaluronic-filler-serumas-30-ml-202405081606100-413x672-1.jpeg","datePublished":"2025-07-15T10:56:56+00:00","dateModified":"2025-09-08T12:50:28+00:00","breadcrumb":{"@id":"https:\/\/beautycharm.lt\/produktas\/g-m-collin-hyaluronic-filler-serumas-30-ml\/#breadcrumb"},"inLanguage":"en-US","potentialAction":[{"@type":"ReadAction","target":["https:\/\/beautycharm.lt\/produktas\/g-m-collin-hyaluronic-filler-serumas-30-ml\/"]}]},{"@type":"ImageObject","inLanguage":"en-US","@id":"https:\/\/beautycharm.lt\/produktas\/g-m-collin-hyaluronic-filler-serumas-30-ml\/#primaryimage","url":"https:\/\/beautycharm.lt\/wp-content\/uploads\/2025\/07\/g-m-collin-hyaluronic-filler-serumas-30-ml-202405081606100-413x672-1.jpeg","contentUrl":"https:\/\/beautycharm.lt\/wp-content\/uploads\/2025\/07\/g-m-collin-hyaluronic-filler-serumas-30-ml-202405081606100-413x672-1.jpeg","width":413,"height":672},{"@type":"BreadcrumbList","@id":"https:\/\/beautycharm.lt\/produktas\/g-m-collin-hyaluronic-filler-serumas-30-ml\/#breadcrumb","itemListElement":[{"@type":"ListItem","position":1,"name":"Home","item":"https:\/\/beautycharm.lt\/"},{"@type":"ListItem","position":2,"name":"Parduotuv\u0117","item":"https:\/\/beautycharm.lt\/parduotuve\/"},{"@type":"ListItem","position":3,"name":"G.M. COLLIN HYALURONIC FILLER SERUMAS, 30 ML"}]},{"@type":"WebSite","@id":"https:\/\/beautycharm.lt\/#website","url":"https:\/\/beautycharm.lt\/","name":"Beauty Charm","description":"Odos prie\u017ei\u016bra vyrams ir moterims","publisher":{"@id":"https:\/\/beautycharm.lt\/#organization"},"potentialAction":[{"@type":"SearchAction","target":{"@type":"EntryPoint","urlTemplate":"https:\/\/beautycharm.lt\/?s={search_term_string}"},"query-input":{"@type":"PropertyValueSpecification","valueRequired":true,"valueName":"search_term_string"}}],"inLanguage":"en-US"},{"@type":"Organization","@id":"https:\/\/beautycharm.lt\/#organization","name":"Beauty Charm","url":"https:\/\/beautycharm.lt\/","logo":{"@type":"ImageObject","inLanguage":"en-US","@id":"https:\/\/beautycharm.lt\/#\/schema\/logo\/image\/","url":"https:\/\/beautycharm.lt\/wp-content\/uploads\/2025\/08\/BeautyCharm_t_s-1.svg","contentUrl":"https:\/\/beautycharm.lt\/wp-content\/uploads\/2025\/08\/BeautyCharm_t_s-1.svg","width":148,"height":64,"caption":"Beauty Charm"},"image":{"@id":"https:\/\/beautycharm.lt\/#\/schema\/logo\/image\/"},"sameAs":["https:\/\/www.facebook.com\/faceandbodylines\/","https:\/\/www.instagram.com\/the_house_of_charm\/"]}]}},"_links":{"self":[{"href":"https:\/\/beautycharm.lt\/en\/wp-json\/wp\/v2\/product\/1840","targetHints":{"allow":["GET"]}}],"collection":[{"href":"https:\/\/beautycharm.lt\/en\/wp-json\/wp\/v2\/product"}],"about":[{"href":"https:\/\/beautycharm.lt\/en\/wp-json\/wp\/v2\/types\/product"}],"replies":[{"embeddable":true,"href":"https:\/\/beautycharm.lt\/en\/wp-json\/wp\/v2\/comments?post=1840"}],"wp:featuredmedia":[{"embeddable":true,"href":"https:\/\/beautycharm.lt\/en\/wp-json\/wp\/v2\/media\/2277"}],"wp:attachment":[{"href":"https:\/\/beautycharm.lt\/en\/wp-json\/wp\/v2\/media?parent=1840"}],"wp:term":[{"taxonomy":"product_brand","embeddable":true,"href":"https:\/\/beautycharm.lt\/en\/wp-json\/wp\/v2\/product_brand?post=1840"},{"taxonomy":"product_cat","embeddable":true,"href":"https:\/\/beautycharm.lt\/en\/wp-json\/wp\/v2\/product_cat?post=1840"},{"taxonomy":"product_tag","embeddable":true,"href":"https:\/\/beautycharm.lt\/en\/wp-json\/wp\/v2\/product_tag?post=1840"}],"curies":[{"name":"wp","href":"https:\/\/api.w.org\/{rel}","templated":true}]}}