{"id":1839,"date":"2025-07-15T13:56:56","date_gmt":"2025-07-15T10:56:56","guid":{"rendered":"https:\/\/beautycharm.lt\/product\/g-m-collin-puractive-veido-kremas-50-ml\/"},"modified":"2025-09-08T15:53:24","modified_gmt":"2025-09-08T12:53:24","slug":"g-m-collin-puractive-veido-kremas-50-ml","status":"publish","type":"product","link":"https:\/\/beautycharm.lt\/en\/product\/g-m-collin-puractive-veido-kremas-50-ml\/","title":{"rendered":"G.M. COLLIN PURACTIVE+ FACE CREAM, 50 ML"},"content":{"rendered":"<p>Increased skin oiliness caused by sebaceous glands can lead to acne. Hyperactivity of the sebaceous glands clogs the pores and comedones begin to form. Skin impurities are accompanied by redness and deep pimples.<\/p>\n<p>A light-textured, non-greasy cream containing peptides suitable for skin that needs a clean and fresh feeling.<\/p>\n<p>Advantages:<\/p>\n<p>Suitable for skin that lacks a matte appearance and needs cleansing and pore reduction.<br \/>\nSuitable for skin prone to rashes.<br \/>\nThe product is suitable for skin that needs refreshment and radiance.<\/p>\n<p>Active ingredients: tea tree oil, fragrant cinnamon extract, Asian centella extract, lactic acid, retinyl palmitate, oleanolic acid and NDGA (nordihydroguaiaretic acid), watermelon extract<\/p>\n<p>How to use: Apply to clean, toned skin. If your skin is dehydrated, use Hydramucine Optimal moisturizing serum before applying the gel. Recommended for use in the morning and evening.<\/p>\n<p>Ingredients:<\/p>\n<p>AQUA\/WATER\/EAU, BUTYLENE GLYCOL, C15-19 ALKANE, CETEARYL ISONONANOATE, POLYMETHYLSILSESQUIOXANE, GLYCERIN, ARACHIDYL ALCOHOL, CITRULLUS LANATUS (WATERMELON) FRUIT EXTRACT, LENS ESCULENTA (LENTIL) FRUIT EXTRACT, PYRUS MALUS (APPLE) FRUIT EXTRACT, ALLANTOIN, CENTELLA ASIATICA EXTRACT, ZINC ACETYLMETHIONATE, TOCOPHERYL ACETATE, TROPAEOLUM MAJUS FLOWER\/LEAF\/STEM EXTRACT, PEUMUS BOLDUS LEAF EXTRACT, PELARGONIUM GRAVEOLENS FLOWER OIL, LAVANDULA ANGUSTIFOLIA (LAVENDER) OIL, SODIUM HYALURONATE, RETINYL PALMITATE, ROSMARINUS OFFICINALIS (ROSEMARY) LEAF OIL, CINNAMOMUM CAMPHORA (CAMPHOR) BARK OIL, SODIUM PCA, CUPRESSUS SEMPERVIRENS OIL, CERAMIDE NG, MELALEUCA ALTERNIFOLIA (TEA TREE) LEAF OIL, ETHYLHEXYLGLYCERIN, LACTIC ACID, NORDIHYDROGUAIARETIC ACID, OLEANOLIC ACID, SODIUM METABISULFITE, PALMITOYL HEXAPEPTIDE-12, PHENOXYETHANOL, CHLORPHENESIN, PENTYLENE GLYCOL, SODIUM BENZOATE, POTASSIUM SORBATE, TOCOPHEROL, BEHENYL ALCOHOL, GLYCERYL STEARATE SE, PEG-100 STEARATE, ARACHIDYL GLUCOSIDE, C12-15 ALKYL BENZOATE, POLYACRYLAMIDE, XANTHAN GUM, C13-14 ISOPARAFFIN, PEG-40 HYDROGENATED CASTOR OIL, PPG-26-BUTETH-26, POLYMETHYL METHACRYLATE, PEG-60 ALMOND GLYCERIDES, TRIBEHENIN, CAPRYLYL GLYCOL, SODIUM LACTATE, LAURETH-7, TRICAPRYLIN, CITRONELLOL, LINALOOL, PEG-10 PHYTOSTEROL, GERANIOL, TRIETHANOLAMINE, LIMONENE, SODIUM CITRATE, CITRAL, CARBOMER, CITRIC ACID, BIOTIN<\/p>","protected":false},"excerpt":{"rendered":"<p>Padid\u0117j\u0119s odos riebalavimasis, sukeltas riebalini\u0173 lauk\u0173, gali virsti akne. Riebal\u0173 liauk\u0173 hyperaktyvumas u\u017eke\u0161ma poras ir pradeda formuotis komedonai. Odos u\u017eter\u0161tum\u0105 lydi raudonis ir giluminiai spuogeliai. Lengvos tekst\u016bros, neriebus kremas, kurio sud\u0117tyje yra peptid\u0173, tinkan\u010di\u0173 odai, kuri nori \u0161varos ir gaivos poj\u016b\u010dio. Privalumai: Tinka odai, kuri stokoja matin\u0117s i\u0161vaizdos bei kuriai reikalingas valymas ir por\u0173 ma\u017einimnas.<\/p>\n<div class=\"klb-readmore entry-button\"><a class=\"button light alt medium\" href=\"https:\/\/beautycharm.lt\/en\/product\/g-m-collin-puractive-veido-kremas-50-ml\/\">Read More<\/a><\/div>","protected":false},"featured_media":2278,"comment_status":"open","ping_status":"closed","template":"","meta":{"inline_featured_image":false},"product_brand":[83],"product_cat":[120],"product_tag":[],"class_list":{"0":"post-1839","1":"product","2":"type-product","3":"status-publish","4":"has-post-thumbnail","6":"product_brand-g-m-collin-lt","7":"product_cat-moterims-lt","9":"first","10":"instock","11":"shipping-taxable","12":"purchasable","13":"product-type-simple"},"yoast_head":"<!-- This site is optimized with the Yoast SEO plugin v27.4 - https:\/\/yoast.com\/product\/yoast-seo-wordpress\/ -->\n<title>G.M. COLLIN PURACTIVE+ VEIDO KREMAS, 50 ML - Beauty Charm<\/title>\n<meta name=\"robots\" content=\"index, follow, max-snippet:-1, max-image-preview:large, max-video-preview:-1\" \/>\n<link rel=\"canonical\" href=\"https:\/\/beautycharm.lt\/en\/product\/g-m-collin-puractive-veido-kremas-50-ml\/\" \/>\n<meta property=\"og:locale\" content=\"en_US\" \/>\n<meta property=\"og:type\" content=\"article\" \/>\n<meta property=\"og:title\" content=\"G.M. COLLIN PURACTIVE+ VEIDO KREMAS, 50 ML - Beauty Charm\" \/>\n<meta property=\"og:description\" content=\"Padid\u0117j\u0119s odos riebalavimasis, sukeltas riebalini\u0173 lauk\u0173, gali virsti akne. Riebal\u0173 liauk\u0173 hyperaktyvumas u\u017eke\u0161ma poras ir pradeda formuotis komedonai. Odos u\u017eter\u0161tum\u0105 lydi raudonis ir giluminiai spuogeliai. Lengvos tekst\u016bros, neriebus kremas, kurio sud\u0117tyje yra peptid\u0173, tinkan\u010di\u0173 odai, kuri nori \u0161varos ir gaivos poj\u016b\u010dio. Privalumai: Tinka odai, kuri stokoja matin\u0117s i\u0161vaizdos bei kuriai reikalingas valymas ir por\u0173 ma\u017einimnas.Read More\" \/>\n<meta property=\"og:url\" content=\"https:\/\/beautycharm.lt\/en\/product\/g-m-collin-puractive-veido-kremas-50-ml\/\" \/>\n<meta property=\"og:site_name\" content=\"Beauty Charm\" \/>\n<meta property=\"article:publisher\" content=\"https:\/\/www.facebook.com\/faceandbodylines\/\" \/>\n<meta property=\"article:modified_time\" content=\"2025-09-08T12:53:24+00:00\" \/>\n<meta property=\"og:image\" content=\"https:\/\/beautycharm.lt\/wp-content\/uploads\/2025\/07\/g-m-collin-puractive-veido-kremas-50-ml-413x672-1.jpeg\" \/>\n\t<meta property=\"og:image:width\" content=\"413\" \/>\n\t<meta property=\"og:image:height\" content=\"672\" \/>\n\t<meta property=\"og:image:type\" content=\"image\/jpeg\" \/>\n<meta name=\"twitter:card\" content=\"summary_large_image\" \/>\n<meta name=\"twitter:label1\" content=\"Est. reading time\" \/>\n\t<meta name=\"twitter:data1\" content=\"2 minutes\" \/>\n<script type=\"application\/ld+json\" class=\"yoast-schema-graph\">{\"@context\":\"https:\\\/\\\/schema.org\",\"@graph\":[{\"@type\":\"WebPage\",\"@id\":\"https:\\\/\\\/beautycharm.lt\\\/produktas\\\/g-m-collin-puractive-veido-kremas-50-ml\\\/\",\"url\":\"https:\\\/\\\/beautycharm.lt\\\/produktas\\\/g-m-collin-puractive-veido-kremas-50-ml\\\/\",\"name\":\"G.M. COLLIN PURACTIVE+ VEIDO KREMAS, 50 ML - Beauty Charm\",\"isPartOf\":{\"@id\":\"https:\\\/\\\/beautycharm.lt\\\/#website\"},\"primaryImageOfPage\":{\"@id\":\"https:\\\/\\\/beautycharm.lt\\\/produktas\\\/g-m-collin-puractive-veido-kremas-50-ml\\\/#primaryimage\"},\"image\":{\"@id\":\"https:\\\/\\\/beautycharm.lt\\\/produktas\\\/g-m-collin-puractive-veido-kremas-50-ml\\\/#primaryimage\"},\"thumbnailUrl\":\"https:\\\/\\\/beautycharm.lt\\\/wp-content\\\/uploads\\\/2025\\\/07\\\/g-m-collin-puractive-veido-kremas-50-ml-413x672-1.jpeg\",\"datePublished\":\"2025-07-15T10:56:56+00:00\",\"dateModified\":\"2025-09-08T12:53:24+00:00\",\"breadcrumb\":{\"@id\":\"https:\\\/\\\/beautycharm.lt\\\/produktas\\\/g-m-collin-puractive-veido-kremas-50-ml\\\/#breadcrumb\"},\"inLanguage\":\"en-US\",\"potentialAction\":[{\"@type\":\"ReadAction\",\"target\":[\"https:\\\/\\\/beautycharm.lt\\\/produktas\\\/g-m-collin-puractive-veido-kremas-50-ml\\\/\"]}]},{\"@type\":\"ImageObject\",\"inLanguage\":\"en-US\",\"@id\":\"https:\\\/\\\/beautycharm.lt\\\/produktas\\\/g-m-collin-puractive-veido-kremas-50-ml\\\/#primaryimage\",\"url\":\"https:\\\/\\\/beautycharm.lt\\\/wp-content\\\/uploads\\\/2025\\\/07\\\/g-m-collin-puractive-veido-kremas-50-ml-413x672-1.jpeg\",\"contentUrl\":\"https:\\\/\\\/beautycharm.lt\\\/wp-content\\\/uploads\\\/2025\\\/07\\\/g-m-collin-puractive-veido-kremas-50-ml-413x672-1.jpeg\",\"width\":413,\"height\":672},{\"@type\":\"BreadcrumbList\",\"@id\":\"https:\\\/\\\/beautycharm.lt\\\/produktas\\\/g-m-collin-puractive-veido-kremas-50-ml\\\/#breadcrumb\",\"itemListElement\":[{\"@type\":\"ListItem\",\"position\":1,\"name\":\"Home\",\"item\":\"https:\\\/\\\/beautycharm.lt\\\/\"},{\"@type\":\"ListItem\",\"position\":2,\"name\":\"Parduotuv\u0117\",\"item\":\"https:\\\/\\\/beautycharm.lt\\\/parduotuve\\\/\"},{\"@type\":\"ListItem\",\"position\":3,\"name\":\"G.M. COLLIN PURACTIVE+ VEIDO KREMAS, 50 ML\"}]},{\"@type\":\"WebSite\",\"@id\":\"https:\\\/\\\/beautycharm.lt\\\/#website\",\"url\":\"https:\\\/\\\/beautycharm.lt\\\/\",\"name\":\"Beauty Charm\",\"description\":\"Odos prie\u017ei\u016bra vyrams ir moterims\",\"publisher\":{\"@id\":\"https:\\\/\\\/beautycharm.lt\\\/#organization\"},\"potentialAction\":[{\"@type\":\"SearchAction\",\"target\":{\"@type\":\"EntryPoint\",\"urlTemplate\":\"https:\\\/\\\/beautycharm.lt\\\/?s={search_term_string}\"},\"query-input\":{\"@type\":\"PropertyValueSpecification\",\"valueRequired\":true,\"valueName\":\"search_term_string\"}}],\"inLanguage\":\"en-US\"},{\"@type\":\"Organization\",\"@id\":\"https:\\\/\\\/beautycharm.lt\\\/#organization\",\"name\":\"Beauty Charm\",\"url\":\"https:\\\/\\\/beautycharm.lt\\\/\",\"logo\":{\"@type\":\"ImageObject\",\"inLanguage\":\"en-US\",\"@id\":\"https:\\\/\\\/beautycharm.lt\\\/#\\\/schema\\\/logo\\\/image\\\/\",\"url\":\"https:\\\/\\\/beautycharm.lt\\\/wp-content\\\/uploads\\\/2025\\\/08\\\/BeautyCharm_t_s-1.svg\",\"contentUrl\":\"https:\\\/\\\/beautycharm.lt\\\/wp-content\\\/uploads\\\/2025\\\/08\\\/BeautyCharm_t_s-1.svg\",\"width\":148,\"height\":64,\"caption\":\"Beauty Charm\"},\"image\":{\"@id\":\"https:\\\/\\\/beautycharm.lt\\\/#\\\/schema\\\/logo\\\/image\\\/\"},\"sameAs\":[\"https:\\\/\\\/www.facebook.com\\\/faceandbodylines\\\/\",\"https:\\\/\\\/www.instagram.com\\\/the_house_of_charm\\\/\"]}]}<\/script>\n<!-- \/ Yoast SEO plugin. -->","yoast_head_json":{"title":"G.M. COLLIN PURACTIVE+ VEIDO KREMAS, 50 ML - Beauty Charm","robots":{"index":"index","follow":"follow","max-snippet":"max-snippet:-1","max-image-preview":"max-image-preview:large","max-video-preview":"max-video-preview:-1"},"canonical":"https:\/\/beautycharm.lt\/en\/product\/g-m-collin-puractive-veido-kremas-50-ml\/","og_locale":"en_US","og_type":"article","og_title":"G.M. COLLIN PURACTIVE+ VEIDO KREMAS, 50 ML - Beauty Charm","og_description":"Padid\u0117j\u0119s odos riebalavimasis, sukeltas riebalini\u0173 lauk\u0173, gali virsti akne. Riebal\u0173 liauk\u0173 hyperaktyvumas u\u017eke\u0161ma poras ir pradeda formuotis komedonai. Odos u\u017eter\u0161tum\u0105 lydi raudonis ir giluminiai spuogeliai. Lengvos tekst\u016bros, neriebus kremas, kurio sud\u0117tyje yra peptid\u0173, tinkan\u010di\u0173 odai, kuri nori \u0161varos ir gaivos poj\u016b\u010dio. Privalumai: Tinka odai, kuri stokoja matin\u0117s i\u0161vaizdos bei kuriai reikalingas valymas ir por\u0173 ma\u017einimnas.Read More","og_url":"https:\/\/beautycharm.lt\/en\/product\/g-m-collin-puractive-veido-kremas-50-ml\/","og_site_name":"Beauty Charm","article_publisher":"https:\/\/www.facebook.com\/faceandbodylines\/","article_modified_time":"2025-09-08T12:53:24+00:00","og_image":[{"width":413,"height":672,"url":"https:\/\/beautycharm.lt\/wp-content\/uploads\/2025\/07\/g-m-collin-puractive-veido-kremas-50-ml-413x672-1.jpeg","type":"image\/jpeg"}],"twitter_card":"summary_large_image","twitter_misc":{"Est. reading time":"2 minutes"},"schema":{"@context":"https:\/\/schema.org","@graph":[{"@type":"WebPage","@id":"https:\/\/beautycharm.lt\/produktas\/g-m-collin-puractive-veido-kremas-50-ml\/","url":"https:\/\/beautycharm.lt\/produktas\/g-m-collin-puractive-veido-kremas-50-ml\/","name":"G.M. COLLIN PURACTIVE+ VEIDO KREMAS, 50 ML - Beauty Charm","isPartOf":{"@id":"https:\/\/beautycharm.lt\/#website"},"primaryImageOfPage":{"@id":"https:\/\/beautycharm.lt\/produktas\/g-m-collin-puractive-veido-kremas-50-ml\/#primaryimage"},"image":{"@id":"https:\/\/beautycharm.lt\/produktas\/g-m-collin-puractive-veido-kremas-50-ml\/#primaryimage"},"thumbnailUrl":"https:\/\/beautycharm.lt\/wp-content\/uploads\/2025\/07\/g-m-collin-puractive-veido-kremas-50-ml-413x672-1.jpeg","datePublished":"2025-07-15T10:56:56+00:00","dateModified":"2025-09-08T12:53:24+00:00","breadcrumb":{"@id":"https:\/\/beautycharm.lt\/produktas\/g-m-collin-puractive-veido-kremas-50-ml\/#breadcrumb"},"inLanguage":"en-US","potentialAction":[{"@type":"ReadAction","target":["https:\/\/beautycharm.lt\/produktas\/g-m-collin-puractive-veido-kremas-50-ml\/"]}]},{"@type":"ImageObject","inLanguage":"en-US","@id":"https:\/\/beautycharm.lt\/produktas\/g-m-collin-puractive-veido-kremas-50-ml\/#primaryimage","url":"https:\/\/beautycharm.lt\/wp-content\/uploads\/2025\/07\/g-m-collin-puractive-veido-kremas-50-ml-413x672-1.jpeg","contentUrl":"https:\/\/beautycharm.lt\/wp-content\/uploads\/2025\/07\/g-m-collin-puractive-veido-kremas-50-ml-413x672-1.jpeg","width":413,"height":672},{"@type":"BreadcrumbList","@id":"https:\/\/beautycharm.lt\/produktas\/g-m-collin-puractive-veido-kremas-50-ml\/#breadcrumb","itemListElement":[{"@type":"ListItem","position":1,"name":"Home","item":"https:\/\/beautycharm.lt\/"},{"@type":"ListItem","position":2,"name":"Parduotuv\u0117","item":"https:\/\/beautycharm.lt\/parduotuve\/"},{"@type":"ListItem","position":3,"name":"G.M. COLLIN PURACTIVE+ VEIDO KREMAS, 50 ML"}]},{"@type":"WebSite","@id":"https:\/\/beautycharm.lt\/#website","url":"https:\/\/beautycharm.lt\/","name":"Beauty Charm","description":"Odos prie\u017ei\u016bra vyrams ir moterims","publisher":{"@id":"https:\/\/beautycharm.lt\/#organization"},"potentialAction":[{"@type":"SearchAction","target":{"@type":"EntryPoint","urlTemplate":"https:\/\/beautycharm.lt\/?s={search_term_string}"},"query-input":{"@type":"PropertyValueSpecification","valueRequired":true,"valueName":"search_term_string"}}],"inLanguage":"en-US"},{"@type":"Organization","@id":"https:\/\/beautycharm.lt\/#organization","name":"Beauty Charm","url":"https:\/\/beautycharm.lt\/","logo":{"@type":"ImageObject","inLanguage":"en-US","@id":"https:\/\/beautycharm.lt\/#\/schema\/logo\/image\/","url":"https:\/\/beautycharm.lt\/wp-content\/uploads\/2025\/08\/BeautyCharm_t_s-1.svg","contentUrl":"https:\/\/beautycharm.lt\/wp-content\/uploads\/2025\/08\/BeautyCharm_t_s-1.svg","width":148,"height":64,"caption":"Beauty Charm"},"image":{"@id":"https:\/\/beautycharm.lt\/#\/schema\/logo\/image\/"},"sameAs":["https:\/\/www.facebook.com\/faceandbodylines\/","https:\/\/www.instagram.com\/the_house_of_charm\/"]}]}},"_links":{"self":[{"href":"https:\/\/beautycharm.lt\/en\/wp-json\/wp\/v2\/product\/1839","targetHints":{"allow":["GET"]}}],"collection":[{"href":"https:\/\/beautycharm.lt\/en\/wp-json\/wp\/v2\/product"}],"about":[{"href":"https:\/\/beautycharm.lt\/en\/wp-json\/wp\/v2\/types\/product"}],"replies":[{"embeddable":true,"href":"https:\/\/beautycharm.lt\/en\/wp-json\/wp\/v2\/comments?post=1839"}],"wp:featuredmedia":[{"embeddable":true,"href":"https:\/\/beautycharm.lt\/en\/wp-json\/wp\/v2\/media\/2278"}],"wp:attachment":[{"href":"https:\/\/beautycharm.lt\/en\/wp-json\/wp\/v2\/media?parent=1839"}],"wp:term":[{"taxonomy":"product_brand","embeddable":true,"href":"https:\/\/beautycharm.lt\/en\/wp-json\/wp\/v2\/product_brand?post=1839"},{"taxonomy":"product_cat","embeddable":true,"href":"https:\/\/beautycharm.lt\/en\/wp-json\/wp\/v2\/product_cat?post=1839"},{"taxonomy":"product_tag","embeddable":true,"href":"https:\/\/beautycharm.lt\/en\/wp-json\/wp\/v2\/product_tag?post=1839"}],"curies":[{"name":"wp","href":"https:\/\/api.w.org\/{rel}","templated":true}]}}