{"id":1837,"date":"2025-07-15T13:56:52","date_gmt":"2025-07-15T10:56:52","guid":{"rendered":"https:\/\/beautycharm.lt\/product\/g-m-collin-puractive-dulksna-misriai-ir-riebiai-odai-150-ml\/"},"modified":"2025-09-05T11:00:08","modified_gmt":"2025-09-05T08:00:08","slug":"g-m-collin-puractive-dulksna-misriai-ir-riebiai-odai-150-ml","status":"publish","type":"product","link":"https:\/\/beautycharm.lt\/en\/product\/g-m-collin-puractive-dulksna-misriai-ir-riebiai-odai-150-ml\/","title":{"rendered":"G.M. COLLIN PURACTIVE+ SPRAY FOR COMBINATION AND OILY SKIN, 150 ML"},"content":{"rendered":"<p>A mist that cleanses the skin and is suitable for skin lacking a matte effect and toning, as well as skin that needs to reduce the appearance of pores.<\/p>\n<p>Advantages:<\/p>\n<p>\tCleanses the skin and is suitable for skin that lacks comfort.<br \/>\n\tEasy to use.<br \/>\n\tSuitable for skin that needs toning and pH restoration.<br \/>\n\tSuitable for skin that needs moisture and freshness.<\/p>\n<p>Active ingredients: zinc gluconate, aloe vera extract, allantoin, hawthorn fruit extract, nasturtium extract, copper gluconate.<\/p>\n<p>How to use: Spray and tone the skin after washing in the morning and evening. Can also be used throughout the day, as often as needed.<\/p>\n<p>Ingredients:<\/p>\n<p>AQUA\/WATER\/EAU, BUTYLENE GLYCOL, ALOE BARBADENSIS LEAF JUICE, ALLANTOIN, ZINC ACETYLMETHIONATE, PELARGONIUM GRAVEOLENS FLOWER OIL, PEUMUS BOLDUS LEAF EXTRACT, LAVANDULA ANGUSTIFOLIA (LAVENDER) OIL, RHODOMYRTUS TOMENTOSA FRUIT EXTRACT, MAGNESIUM ASPARTATE, ZINC GLUCONATE, ROSMARINUS OFFICINALIS (ROSEMARY) LEAF OIL, CINNAMOMUM CAMPHORA (CAMPHOR) BARK OIL, CUPRESSUS SEMPERVIRENS OIL, TROPAEOLUM MAJUS FLOWER\/LEAF\/STEM EXTRACT, COPPER GLUCONATE, ETHYLHEXYLGLYCERIN, POTASSIUM SORBATE, PENTYLENE GLYCOL, PHENOXYETHANOL, SODIUM BENZOATE, PROPANEDIOL, DISODIUM EDTA, PEG-40 HYDROGENATED CASTOR OIL, PPG-26-BUTETH-26, CITRONELLOL, LINALOOL, GERANIOL, LIMONENE, XANTHAN GUM, CITRAL, CITRIC ACID<\/p>","protected":false},"excerpt":{"rendered":"<p>Dulksna, kuri valo od\u0105 ir yra tinkama odai, stokojan\u010diai matinio efekto ir tonizavimo bei odai, kuriai norisi suma\u017einti por\u0173 matomum\u0105. Privalumai: Valo od\u0105 ir yra tinkama odai, kuri stokoja komforto poj\u016b\u010dio. Paprasta naudoti. Tinka odai, kuriai reikalingas tonizavimas bei kuriai norisi atstatyti pH. Tinka odai, kuriai norisi mati\u0161kumo bei gaivos. Veikliosios med\u017eiagos: cinko gliukonatas, alavijo<\/p>\n<div class=\"klb-readmore entry-button\"><a class=\"button light alt medium\" href=\"https:\/\/beautycharm.lt\/en\/product\/g-m-collin-puractive-dulksna-misriai-ir-riebiai-odai-150-ml\/\">Read More<\/a><\/div>","protected":false},"featured_media":1838,"comment_status":"open","ping_status":"closed","template":"","meta":{"inline_featured_image":false},"product_brand":[83],"product_cat":[120,140],"product_tag":[],"class_list":{"0":"post-1837","1":"product","2":"type-product","3":"status-publish","4":"has-post-thumbnail","6":"product_brand-g-m-collin-lt","7":"product_cat-moterims-lt","8":"product_cat-veido-tonikai","10":"first","11":"instock","12":"shipping-taxable","13":"purchasable","14":"product-type-simple"},"yoast_head":"<!-- This site is optimized with the Yoast SEO plugin v27.4 - https:\/\/yoast.com\/product\/yoast-seo-wordpress\/ -->\n<title>G.M. COLLIN PURACTIVE+ DULKSNA MI\u0160RIAI IR RIEBIAI ODAI, 150 ML - Beauty Charm<\/title>\n<meta name=\"robots\" content=\"index, follow, max-snippet:-1, max-image-preview:large, max-video-preview:-1\" \/>\n<link rel=\"canonical\" href=\"https:\/\/beautycharm.lt\/en\/product\/g-m-collin-puractive-dulksna-misriai-ir-riebiai-odai-150-ml\/\" \/>\n<meta property=\"og:locale\" content=\"en_US\" \/>\n<meta property=\"og:type\" content=\"article\" \/>\n<meta property=\"og:title\" content=\"G.M. COLLIN PURACTIVE+ DULKSNA MI\u0160RIAI IR RIEBIAI ODAI, 150 ML - Beauty Charm\" \/>\n<meta property=\"og:description\" content=\"Dulksna, kuri valo od\u0105 ir yra tinkama odai, stokojan\u010diai matinio efekto ir tonizavimo bei odai, kuriai norisi suma\u017einti por\u0173 matomum\u0105. Privalumai: Valo od\u0105 ir yra tinkama odai, kuri stokoja komforto poj\u016b\u010dio. Paprasta naudoti. Tinka odai, kuriai reikalingas tonizavimas bei kuriai norisi atstatyti pH. Tinka odai, kuriai norisi mati\u0161kumo bei gaivos. Veikliosios med\u017eiagos: cinko gliukonatas, alavijoRead More\" \/>\n<meta property=\"og:url\" content=\"https:\/\/beautycharm.lt\/en\/product\/g-m-collin-puractive-dulksna-misriai-ir-riebiai-odai-150-ml\/\" \/>\n<meta property=\"og:site_name\" content=\"Beauty Charm\" \/>\n<meta property=\"article:publisher\" content=\"https:\/\/www.facebook.com\/faceandbodylines\/\" \/>\n<meta property=\"article:modified_time\" content=\"2025-09-05T08:00:08+00:00\" \/>\n<meta property=\"og:image\" content=\"https:\/\/beautycharm.lt\/wp-content\/uploads\/2025\/07\/g-m-collin-puractive-dulksna-misriai-ir-riebiai-odai-150-ml.jpg\" \/>\n\t<meta property=\"og:image:width\" content=\"1563\" \/>\n\t<meta property=\"og:image:height\" content=\"1563\" \/>\n\t<meta property=\"og:image:type\" content=\"image\/jpeg\" \/>\n<meta name=\"twitter:card\" content=\"summary_large_image\" \/>\n<meta name=\"twitter:label1\" content=\"Est. reading time\" \/>\n\t<meta name=\"twitter:data1\" content=\"1 minute\" \/>\n<script type=\"application\/ld+json\" class=\"yoast-schema-graph\">{\"@context\":\"https:\\\/\\\/schema.org\",\"@graph\":[{\"@type\":\"WebPage\",\"@id\":\"https:\\\/\\\/beautycharm.lt\\\/produktas\\\/g-m-collin-puractive-dulksna-misriai-ir-riebiai-odai-150-ml\\\/\",\"url\":\"https:\\\/\\\/beautycharm.lt\\\/produktas\\\/g-m-collin-puractive-dulksna-misriai-ir-riebiai-odai-150-ml\\\/\",\"name\":\"G.M. COLLIN PURACTIVE+ DULKSNA MI\u0160RIAI IR RIEBIAI ODAI, 150 ML - Beauty Charm\",\"isPartOf\":{\"@id\":\"https:\\\/\\\/beautycharm.lt\\\/#website\"},\"primaryImageOfPage\":{\"@id\":\"https:\\\/\\\/beautycharm.lt\\\/produktas\\\/g-m-collin-puractive-dulksna-misriai-ir-riebiai-odai-150-ml\\\/#primaryimage\"},\"image\":{\"@id\":\"https:\\\/\\\/beautycharm.lt\\\/produktas\\\/g-m-collin-puractive-dulksna-misriai-ir-riebiai-odai-150-ml\\\/#primaryimage\"},\"thumbnailUrl\":\"https:\\\/\\\/beautycharm.lt\\\/wp-content\\\/uploads\\\/2025\\\/07\\\/g-m-collin-puractive-dulksna-misriai-ir-riebiai-odai-150-ml.jpg\",\"datePublished\":\"2025-07-15T10:56:52+00:00\",\"dateModified\":\"2025-09-05T08:00:08+00:00\",\"breadcrumb\":{\"@id\":\"https:\\\/\\\/beautycharm.lt\\\/produktas\\\/g-m-collin-puractive-dulksna-misriai-ir-riebiai-odai-150-ml\\\/#breadcrumb\"},\"inLanguage\":\"en-US\",\"potentialAction\":[{\"@type\":\"ReadAction\",\"target\":[\"https:\\\/\\\/beautycharm.lt\\\/produktas\\\/g-m-collin-puractive-dulksna-misriai-ir-riebiai-odai-150-ml\\\/\"]}]},{\"@type\":\"ImageObject\",\"inLanguage\":\"en-US\",\"@id\":\"https:\\\/\\\/beautycharm.lt\\\/produktas\\\/g-m-collin-puractive-dulksna-misriai-ir-riebiai-odai-150-ml\\\/#primaryimage\",\"url\":\"https:\\\/\\\/beautycharm.lt\\\/wp-content\\\/uploads\\\/2025\\\/07\\\/g-m-collin-puractive-dulksna-misriai-ir-riebiai-odai-150-ml.jpg\",\"contentUrl\":\"https:\\\/\\\/beautycharm.lt\\\/wp-content\\\/uploads\\\/2025\\\/07\\\/g-m-collin-puractive-dulksna-misriai-ir-riebiai-odai-150-ml.jpg\",\"width\":1563,\"height\":1563},{\"@type\":\"BreadcrumbList\",\"@id\":\"https:\\\/\\\/beautycharm.lt\\\/produktas\\\/g-m-collin-puractive-dulksna-misriai-ir-riebiai-odai-150-ml\\\/#breadcrumb\",\"itemListElement\":[{\"@type\":\"ListItem\",\"position\":1,\"name\":\"Home\",\"item\":\"https:\\\/\\\/beautycharm.lt\\\/\"},{\"@type\":\"ListItem\",\"position\":2,\"name\":\"Parduotuv\u0117\",\"item\":\"https:\\\/\\\/beautycharm.lt\\\/parduotuve\\\/\"},{\"@type\":\"ListItem\",\"position\":3,\"name\":\"G.M. COLLIN PURACTIVE+ DULKSNA MI\u0160RIAI IR RIEBIAI ODAI, 150 ML\"}]},{\"@type\":\"WebSite\",\"@id\":\"https:\\\/\\\/beautycharm.lt\\\/#website\",\"url\":\"https:\\\/\\\/beautycharm.lt\\\/\",\"name\":\"Beauty Charm\",\"description\":\"Odos prie\u017ei\u016bra vyrams ir moterims\",\"publisher\":{\"@id\":\"https:\\\/\\\/beautycharm.lt\\\/#organization\"},\"potentialAction\":[{\"@type\":\"SearchAction\",\"target\":{\"@type\":\"EntryPoint\",\"urlTemplate\":\"https:\\\/\\\/beautycharm.lt\\\/?s={search_term_string}\"},\"query-input\":{\"@type\":\"PropertyValueSpecification\",\"valueRequired\":true,\"valueName\":\"search_term_string\"}}],\"inLanguage\":\"en-US\"},{\"@type\":\"Organization\",\"@id\":\"https:\\\/\\\/beautycharm.lt\\\/#organization\",\"name\":\"Beauty Charm\",\"url\":\"https:\\\/\\\/beautycharm.lt\\\/\",\"logo\":{\"@type\":\"ImageObject\",\"inLanguage\":\"en-US\",\"@id\":\"https:\\\/\\\/beautycharm.lt\\\/#\\\/schema\\\/logo\\\/image\\\/\",\"url\":\"https:\\\/\\\/beautycharm.lt\\\/wp-content\\\/uploads\\\/2025\\\/08\\\/BeautyCharm_t_s-1.svg\",\"contentUrl\":\"https:\\\/\\\/beautycharm.lt\\\/wp-content\\\/uploads\\\/2025\\\/08\\\/BeautyCharm_t_s-1.svg\",\"width\":148,\"height\":64,\"caption\":\"Beauty Charm\"},\"image\":{\"@id\":\"https:\\\/\\\/beautycharm.lt\\\/#\\\/schema\\\/logo\\\/image\\\/\"},\"sameAs\":[\"https:\\\/\\\/www.facebook.com\\\/faceandbodylines\\\/\",\"https:\\\/\\\/www.instagram.com\\\/the_house_of_charm\\\/\"]}]}<\/script>\n<!-- \/ Yoast SEO plugin. -->","yoast_head_json":{"title":"G.M. COLLIN PURACTIVE+ DULKSNA MI\u0160RIAI IR RIEBIAI ODAI, 150 ML - Beauty Charm","robots":{"index":"index","follow":"follow","max-snippet":"max-snippet:-1","max-image-preview":"max-image-preview:large","max-video-preview":"max-video-preview:-1"},"canonical":"https:\/\/beautycharm.lt\/en\/product\/g-m-collin-puractive-dulksna-misriai-ir-riebiai-odai-150-ml\/","og_locale":"en_US","og_type":"article","og_title":"G.M. COLLIN PURACTIVE+ DULKSNA MI\u0160RIAI IR RIEBIAI ODAI, 150 ML - Beauty Charm","og_description":"Dulksna, kuri valo od\u0105 ir yra tinkama odai, stokojan\u010diai matinio efekto ir tonizavimo bei odai, kuriai norisi suma\u017einti por\u0173 matomum\u0105. Privalumai: Valo od\u0105 ir yra tinkama odai, kuri stokoja komforto poj\u016b\u010dio. Paprasta naudoti. Tinka odai, kuriai reikalingas tonizavimas bei kuriai norisi atstatyti pH. Tinka odai, kuriai norisi mati\u0161kumo bei gaivos. Veikliosios med\u017eiagos: cinko gliukonatas, alavijoRead More","og_url":"https:\/\/beautycharm.lt\/en\/product\/g-m-collin-puractive-dulksna-misriai-ir-riebiai-odai-150-ml\/","og_site_name":"Beauty Charm","article_publisher":"https:\/\/www.facebook.com\/faceandbodylines\/","article_modified_time":"2025-09-05T08:00:08+00:00","og_image":[{"width":1563,"height":1563,"url":"https:\/\/beautycharm.lt\/wp-content\/uploads\/2025\/07\/g-m-collin-puractive-dulksna-misriai-ir-riebiai-odai-150-ml.jpg","type":"image\/jpeg"}],"twitter_card":"summary_large_image","twitter_misc":{"Est. reading time":"1 minute"},"schema":{"@context":"https:\/\/schema.org","@graph":[{"@type":"WebPage","@id":"https:\/\/beautycharm.lt\/produktas\/g-m-collin-puractive-dulksna-misriai-ir-riebiai-odai-150-ml\/","url":"https:\/\/beautycharm.lt\/produktas\/g-m-collin-puractive-dulksna-misriai-ir-riebiai-odai-150-ml\/","name":"G.M. COLLIN PURACTIVE+ DULKSNA MI\u0160RIAI IR RIEBIAI ODAI, 150 ML - Beauty Charm","isPartOf":{"@id":"https:\/\/beautycharm.lt\/#website"},"primaryImageOfPage":{"@id":"https:\/\/beautycharm.lt\/produktas\/g-m-collin-puractive-dulksna-misriai-ir-riebiai-odai-150-ml\/#primaryimage"},"image":{"@id":"https:\/\/beautycharm.lt\/produktas\/g-m-collin-puractive-dulksna-misriai-ir-riebiai-odai-150-ml\/#primaryimage"},"thumbnailUrl":"https:\/\/beautycharm.lt\/wp-content\/uploads\/2025\/07\/g-m-collin-puractive-dulksna-misriai-ir-riebiai-odai-150-ml.jpg","datePublished":"2025-07-15T10:56:52+00:00","dateModified":"2025-09-05T08:00:08+00:00","breadcrumb":{"@id":"https:\/\/beautycharm.lt\/produktas\/g-m-collin-puractive-dulksna-misriai-ir-riebiai-odai-150-ml\/#breadcrumb"},"inLanguage":"en-US","potentialAction":[{"@type":"ReadAction","target":["https:\/\/beautycharm.lt\/produktas\/g-m-collin-puractive-dulksna-misriai-ir-riebiai-odai-150-ml\/"]}]},{"@type":"ImageObject","inLanguage":"en-US","@id":"https:\/\/beautycharm.lt\/produktas\/g-m-collin-puractive-dulksna-misriai-ir-riebiai-odai-150-ml\/#primaryimage","url":"https:\/\/beautycharm.lt\/wp-content\/uploads\/2025\/07\/g-m-collin-puractive-dulksna-misriai-ir-riebiai-odai-150-ml.jpg","contentUrl":"https:\/\/beautycharm.lt\/wp-content\/uploads\/2025\/07\/g-m-collin-puractive-dulksna-misriai-ir-riebiai-odai-150-ml.jpg","width":1563,"height":1563},{"@type":"BreadcrumbList","@id":"https:\/\/beautycharm.lt\/produktas\/g-m-collin-puractive-dulksna-misriai-ir-riebiai-odai-150-ml\/#breadcrumb","itemListElement":[{"@type":"ListItem","position":1,"name":"Home","item":"https:\/\/beautycharm.lt\/"},{"@type":"ListItem","position":2,"name":"Parduotuv\u0117","item":"https:\/\/beautycharm.lt\/parduotuve\/"},{"@type":"ListItem","position":3,"name":"G.M. COLLIN PURACTIVE+ DULKSNA MI\u0160RIAI IR RIEBIAI ODAI, 150 ML"}]},{"@type":"WebSite","@id":"https:\/\/beautycharm.lt\/#website","url":"https:\/\/beautycharm.lt\/","name":"Beauty Charm","description":"Odos prie\u017ei\u016bra vyrams ir moterims","publisher":{"@id":"https:\/\/beautycharm.lt\/#organization"},"potentialAction":[{"@type":"SearchAction","target":{"@type":"EntryPoint","urlTemplate":"https:\/\/beautycharm.lt\/?s={search_term_string}"},"query-input":{"@type":"PropertyValueSpecification","valueRequired":true,"valueName":"search_term_string"}}],"inLanguage":"en-US"},{"@type":"Organization","@id":"https:\/\/beautycharm.lt\/#organization","name":"Beauty Charm","url":"https:\/\/beautycharm.lt\/","logo":{"@type":"ImageObject","inLanguage":"en-US","@id":"https:\/\/beautycharm.lt\/#\/schema\/logo\/image\/","url":"https:\/\/beautycharm.lt\/wp-content\/uploads\/2025\/08\/BeautyCharm_t_s-1.svg","contentUrl":"https:\/\/beautycharm.lt\/wp-content\/uploads\/2025\/08\/BeautyCharm_t_s-1.svg","width":148,"height":64,"caption":"Beauty Charm"},"image":{"@id":"https:\/\/beautycharm.lt\/#\/schema\/logo\/image\/"},"sameAs":["https:\/\/www.facebook.com\/faceandbodylines\/","https:\/\/www.instagram.com\/the_house_of_charm\/"]}]}},"_links":{"self":[{"href":"https:\/\/beautycharm.lt\/en\/wp-json\/wp\/v2\/product\/1837","targetHints":{"allow":["GET"]}}],"collection":[{"href":"https:\/\/beautycharm.lt\/en\/wp-json\/wp\/v2\/product"}],"about":[{"href":"https:\/\/beautycharm.lt\/en\/wp-json\/wp\/v2\/types\/product"}],"replies":[{"embeddable":true,"href":"https:\/\/beautycharm.lt\/en\/wp-json\/wp\/v2\/comments?post=1837"}],"wp:featuredmedia":[{"embeddable":true,"href":"https:\/\/beautycharm.lt\/en\/wp-json\/wp\/v2\/media\/1838"}],"wp:attachment":[{"href":"https:\/\/beautycharm.lt\/en\/wp-json\/wp\/v2\/media?parent=1837"}],"wp:term":[{"taxonomy":"product_brand","embeddable":true,"href":"https:\/\/beautycharm.lt\/en\/wp-json\/wp\/v2\/product_brand?post=1837"},{"taxonomy":"product_cat","embeddable":true,"href":"https:\/\/beautycharm.lt\/en\/wp-json\/wp\/v2\/product_cat?post=1837"},{"taxonomy":"product_tag","embeddable":true,"href":"https:\/\/beautycharm.lt\/en\/wp-json\/wp\/v2\/product_tag?post=1837"}],"curies":[{"name":"wp","href":"https:\/\/api.w.org\/{rel}","templated":true}]}}