{"id":1836,"date":"2025-07-15T13:56:52","date_gmt":"2025-07-15T10:56:52","guid":{"rendered":"https:\/\/beautycharm.lt\/product\/g-m-collin-puractive-gelinis-veido-prausiklis-200-ml\/"},"modified":"2025-09-08T16:08:15","modified_gmt":"2025-09-08T13:08:15","slug":"g-m-collin-puractive-gelinis-veido-prausiklis-200-ml","status":"publish","type":"product","link":"https:\/\/beautycharm.lt\/en\/product\/g-m-collin-puractive-gelinis-veido-prausiklis-200-ml\/","title":{"rendered":"G.M. COLLIN PURACTIVE+ GEL FACIAL CLEANSER, 200 ML"},"content":{"rendered":"<p>A sign of dehydrated skin is a lack of water in the skin tissues. All skin types (even oily skin) can be affected by dehydration. If dehydrated skin is not properly cared for, it can become sensitive and the first signs of skin aging may appear.<\/p>\n<p>Advantages:<\/p>\n<p>Effectively foams and removes dirt.<br \/>\nThe product is suitable for removing excess fat.<br \/>\nSuitable for a feeling of freshness and cleanliness after washing.<\/p>\n<p>Active ingredients: aloe vera extract, grapefruit oil, allantoin, camphor oil, fragrant chili leaf extract, vitamin E<\/p>\n<p>How to use: Apply to the skin of the face and massage with wet fingers. Rinse with lukewarm water. Can be used in the morning and evening.<\/p>\n<p>Ingredients:<\/p>\n<p>AQUA\/WATER\/EAU, SODIUM LAURYL GLUCOSE CARBOXYLATE, COCO-BETAINE, LAURYL GLUCOSIDE, PEG-120 METHYL GLUCOSE DIOLEATE, ETHYLHEXYLGLYCERIN, GLYCERIN, PANTHENOL, ALOE BARBADENSIS LEAF JUICE, CITRUS PARADISI (GRAPEFRUIT) PEEL OIL, ALLANTOIN, PELARGONIUM GRAVEOLENS FLOWER OIL, LAVANDULA ANGUSTIFOLIA (LAVENDER) OIL, ROSMARINUS OFFICINALIS (ROSEMARY) LEAF OIL, CINNAMOMUM CAMPHORA (CAMPHOR) BARK OIL, CUPRESSUS SEMPERVIRENS OIL, CHLORPHENESIN, SORBIC ACID, TOCOPHEROL, POTASSIUM SORBATE, SODIUM BENZOATE, COCO-GLUCOSIDE, GLYCERYL OLEATE, SODIUM CHLORIDE, PEG-40 HYDROGENATED CASTOR OIL, SODIUM CITRATE, DISODIUM EDTA, CITRIC ACID, LIMONENE, HYDROGENATED PALM GLYCERIDES CITRATE<\/p>","protected":false},"excerpt":{"rendered":"<p>Dehidratuotos odos po\u017eymis \u2013 vandens tr\u016bkumas odos audiniuose. Visi odos tipai (net ir riebi oda) gali b\u016bti paveikta dehidratacijos. Jei dehidratuota oda n\u0117ra tinkamai pri\u017ei\u016brima, ji gali tapti jautri bei gali atsirasti pirmieji odos sen\u0117jimo po\u017eymiai. Privalumai: Efektyviai putoja ir pa\u0161alina ne\u0161varumus. Priemon\u0117 yra tinkama norint pa\u0161alinti riebal\u0173 pertekli\u0173. Tinka norint gaivos ir \u0161varos po<\/p>\n<div class=\"klb-readmore entry-button\"><a class=\"button light alt medium\" href=\"https:\/\/beautycharm.lt\/en\/product\/g-m-collin-puractive-gelinis-veido-prausiklis-200-ml\/\">Read More<\/a><\/div>","protected":false},"featured_media":2290,"comment_status":"open","ping_status":"closed","template":"","meta":{"inline_featured_image":false},"product_brand":[83],"product_cat":[120,142],"product_tag":[],"class_list":{"0":"post-1836","1":"product","2":"type-product","3":"status-publish","4":"has-post-thumbnail","6":"product_brand-g-m-collin-lt","7":"product_cat-moterims-lt","8":"product_cat-veido-prausikliai","10":"first","11":"instock","12":"shipping-taxable","13":"purchasable","14":"product-type-simple"},"yoast_head":"<!-- This site is optimized with the Yoast SEO plugin v27.4 - https:\/\/yoast.com\/product\/yoast-seo-wordpress\/ -->\n<title>G.M. COLLIN PURACTIVE+ GELINIS VEIDO PRAUSIKLIS, 200 ML - Beauty Charm<\/title>\n<meta name=\"robots\" content=\"index, follow, max-snippet:-1, max-image-preview:large, max-video-preview:-1\" \/>\n<link rel=\"canonical\" href=\"https:\/\/beautycharm.lt\/en\/product\/g-m-collin-puractive-gelinis-veido-prausiklis-200-ml\/\" \/>\n<meta property=\"og:locale\" content=\"en_US\" \/>\n<meta property=\"og:type\" content=\"article\" \/>\n<meta property=\"og:title\" content=\"G.M. COLLIN PURACTIVE+ GELINIS VEIDO PRAUSIKLIS, 200 ML - Beauty Charm\" \/>\n<meta property=\"og:description\" content=\"Dehidratuotos odos po\u017eymis \u2013 vandens tr\u016bkumas odos audiniuose. Visi odos tipai (net ir riebi oda) gali b\u016bti paveikta dehidratacijos. Jei dehidratuota oda n\u0117ra tinkamai pri\u017ei\u016brima, ji gali tapti jautri bei gali atsirasti pirmieji odos sen\u0117jimo po\u017eymiai. Privalumai: Efektyviai putoja ir pa\u0161alina ne\u0161varumus. Priemon\u0117 yra tinkama norint pa\u0161alinti riebal\u0173 pertekli\u0173. Tinka norint gaivos ir \u0161varos poRead More\" \/>\n<meta property=\"og:url\" content=\"https:\/\/beautycharm.lt\/en\/product\/g-m-collin-puractive-gelinis-veido-prausiklis-200-ml\/\" \/>\n<meta property=\"og:site_name\" content=\"Beauty Charm\" \/>\n<meta property=\"article:publisher\" content=\"https:\/\/www.facebook.com\/faceandbodylines\/\" \/>\n<meta property=\"article:modified_time\" content=\"2025-09-08T13:08:15+00:00\" \/>\n<meta property=\"og:image\" content=\"https:\/\/beautycharm.lt\/wp-content\/uploads\/2025\/07\/g-m-collin-puractive-gelinis-veido-prausiklis-200-ml-413x672-1.jpeg\" \/>\n\t<meta property=\"og:image:width\" content=\"413\" \/>\n\t<meta property=\"og:image:height\" content=\"672\" \/>\n\t<meta property=\"og:image:type\" content=\"image\/jpeg\" \/>\n<meta name=\"twitter:card\" content=\"summary_large_image\" \/>\n<meta name=\"twitter:label1\" content=\"Est. reading time\" \/>\n\t<meta name=\"twitter:data1\" content=\"2 minutes\" \/>\n<script type=\"application\/ld+json\" class=\"yoast-schema-graph\">{\"@context\":\"https:\\\/\\\/schema.org\",\"@graph\":[{\"@type\":\"WebPage\",\"@id\":\"https:\\\/\\\/beautycharm.lt\\\/produktas\\\/g-m-collin-puractive-gelinis-veido-prausiklis-200-ml\\\/\",\"url\":\"https:\\\/\\\/beautycharm.lt\\\/produktas\\\/g-m-collin-puractive-gelinis-veido-prausiklis-200-ml\\\/\",\"name\":\"G.M. COLLIN PURACTIVE+ GELINIS VEIDO PRAUSIKLIS, 200 ML - Beauty Charm\",\"isPartOf\":{\"@id\":\"https:\\\/\\\/beautycharm.lt\\\/#website\"},\"primaryImageOfPage\":{\"@id\":\"https:\\\/\\\/beautycharm.lt\\\/produktas\\\/g-m-collin-puractive-gelinis-veido-prausiklis-200-ml\\\/#primaryimage\"},\"image\":{\"@id\":\"https:\\\/\\\/beautycharm.lt\\\/produktas\\\/g-m-collin-puractive-gelinis-veido-prausiklis-200-ml\\\/#primaryimage\"},\"thumbnailUrl\":\"https:\\\/\\\/beautycharm.lt\\\/wp-content\\\/uploads\\\/2025\\\/07\\\/g-m-collin-puractive-gelinis-veido-prausiklis-200-ml-413x672-1.jpeg\",\"datePublished\":\"2025-07-15T10:56:52+00:00\",\"dateModified\":\"2025-09-08T13:08:15+00:00\",\"breadcrumb\":{\"@id\":\"https:\\\/\\\/beautycharm.lt\\\/produktas\\\/g-m-collin-puractive-gelinis-veido-prausiklis-200-ml\\\/#breadcrumb\"},\"inLanguage\":\"en-US\",\"potentialAction\":[{\"@type\":\"ReadAction\",\"target\":[\"https:\\\/\\\/beautycharm.lt\\\/produktas\\\/g-m-collin-puractive-gelinis-veido-prausiklis-200-ml\\\/\"]}]},{\"@type\":\"ImageObject\",\"inLanguage\":\"en-US\",\"@id\":\"https:\\\/\\\/beautycharm.lt\\\/produktas\\\/g-m-collin-puractive-gelinis-veido-prausiklis-200-ml\\\/#primaryimage\",\"url\":\"https:\\\/\\\/beautycharm.lt\\\/wp-content\\\/uploads\\\/2025\\\/07\\\/g-m-collin-puractive-gelinis-veido-prausiklis-200-ml-413x672-1.jpeg\",\"contentUrl\":\"https:\\\/\\\/beautycharm.lt\\\/wp-content\\\/uploads\\\/2025\\\/07\\\/g-m-collin-puractive-gelinis-veido-prausiklis-200-ml-413x672-1.jpeg\",\"width\":413,\"height\":672},{\"@type\":\"BreadcrumbList\",\"@id\":\"https:\\\/\\\/beautycharm.lt\\\/produktas\\\/g-m-collin-puractive-gelinis-veido-prausiklis-200-ml\\\/#breadcrumb\",\"itemListElement\":[{\"@type\":\"ListItem\",\"position\":1,\"name\":\"Home\",\"item\":\"https:\\\/\\\/beautycharm.lt\\\/\"},{\"@type\":\"ListItem\",\"position\":2,\"name\":\"Parduotuv\u0117\",\"item\":\"https:\\\/\\\/beautycharm.lt\\\/parduotuve\\\/\"},{\"@type\":\"ListItem\",\"position\":3,\"name\":\"G.M. COLLIN PURACTIVE+ GELINIS VEIDO PRAUSIKLIS, 200 ML\"}]},{\"@type\":\"WebSite\",\"@id\":\"https:\\\/\\\/beautycharm.lt\\\/#website\",\"url\":\"https:\\\/\\\/beautycharm.lt\\\/\",\"name\":\"Beauty Charm\",\"description\":\"Odos prie\u017ei\u016bra vyrams ir moterims\",\"publisher\":{\"@id\":\"https:\\\/\\\/beautycharm.lt\\\/#organization\"},\"potentialAction\":[{\"@type\":\"SearchAction\",\"target\":{\"@type\":\"EntryPoint\",\"urlTemplate\":\"https:\\\/\\\/beautycharm.lt\\\/?s={search_term_string}\"},\"query-input\":{\"@type\":\"PropertyValueSpecification\",\"valueRequired\":true,\"valueName\":\"search_term_string\"}}],\"inLanguage\":\"en-US\"},{\"@type\":\"Organization\",\"@id\":\"https:\\\/\\\/beautycharm.lt\\\/#organization\",\"name\":\"Beauty Charm\",\"url\":\"https:\\\/\\\/beautycharm.lt\\\/\",\"logo\":{\"@type\":\"ImageObject\",\"inLanguage\":\"en-US\",\"@id\":\"https:\\\/\\\/beautycharm.lt\\\/#\\\/schema\\\/logo\\\/image\\\/\",\"url\":\"https:\\\/\\\/beautycharm.lt\\\/wp-content\\\/uploads\\\/2025\\\/08\\\/BeautyCharm_t_s-1.svg\",\"contentUrl\":\"https:\\\/\\\/beautycharm.lt\\\/wp-content\\\/uploads\\\/2025\\\/08\\\/BeautyCharm_t_s-1.svg\",\"width\":148,\"height\":64,\"caption\":\"Beauty Charm\"},\"image\":{\"@id\":\"https:\\\/\\\/beautycharm.lt\\\/#\\\/schema\\\/logo\\\/image\\\/\"},\"sameAs\":[\"https:\\\/\\\/www.facebook.com\\\/faceandbodylines\\\/\",\"https:\\\/\\\/www.instagram.com\\\/the_house_of_charm\\\/\"]}]}<\/script>\n<!-- \/ Yoast SEO plugin. -->","yoast_head_json":{"title":"G.M. COLLIN PURACTIVE+ GELINIS VEIDO PRAUSIKLIS, 200 ML - Beauty Charm","robots":{"index":"index","follow":"follow","max-snippet":"max-snippet:-1","max-image-preview":"max-image-preview:large","max-video-preview":"max-video-preview:-1"},"canonical":"https:\/\/beautycharm.lt\/en\/product\/g-m-collin-puractive-gelinis-veido-prausiklis-200-ml\/","og_locale":"en_US","og_type":"article","og_title":"G.M. COLLIN PURACTIVE+ GELINIS VEIDO PRAUSIKLIS, 200 ML - Beauty Charm","og_description":"Dehidratuotos odos po\u017eymis \u2013 vandens tr\u016bkumas odos audiniuose. Visi odos tipai (net ir riebi oda) gali b\u016bti paveikta dehidratacijos. Jei dehidratuota oda n\u0117ra tinkamai pri\u017ei\u016brima, ji gali tapti jautri bei gali atsirasti pirmieji odos sen\u0117jimo po\u017eymiai. Privalumai: Efektyviai putoja ir pa\u0161alina ne\u0161varumus. Priemon\u0117 yra tinkama norint pa\u0161alinti riebal\u0173 pertekli\u0173. Tinka norint gaivos ir \u0161varos poRead More","og_url":"https:\/\/beautycharm.lt\/en\/product\/g-m-collin-puractive-gelinis-veido-prausiklis-200-ml\/","og_site_name":"Beauty Charm","article_publisher":"https:\/\/www.facebook.com\/faceandbodylines\/","article_modified_time":"2025-09-08T13:08:15+00:00","og_image":[{"width":413,"height":672,"url":"https:\/\/beautycharm.lt\/wp-content\/uploads\/2025\/07\/g-m-collin-puractive-gelinis-veido-prausiklis-200-ml-413x672-1.jpeg","type":"image\/jpeg"}],"twitter_card":"summary_large_image","twitter_misc":{"Est. reading time":"2 minutes"},"schema":{"@context":"https:\/\/schema.org","@graph":[{"@type":"WebPage","@id":"https:\/\/beautycharm.lt\/produktas\/g-m-collin-puractive-gelinis-veido-prausiklis-200-ml\/","url":"https:\/\/beautycharm.lt\/produktas\/g-m-collin-puractive-gelinis-veido-prausiklis-200-ml\/","name":"G.M. COLLIN PURACTIVE+ GELINIS VEIDO PRAUSIKLIS, 200 ML - Beauty Charm","isPartOf":{"@id":"https:\/\/beautycharm.lt\/#website"},"primaryImageOfPage":{"@id":"https:\/\/beautycharm.lt\/produktas\/g-m-collin-puractive-gelinis-veido-prausiklis-200-ml\/#primaryimage"},"image":{"@id":"https:\/\/beautycharm.lt\/produktas\/g-m-collin-puractive-gelinis-veido-prausiklis-200-ml\/#primaryimage"},"thumbnailUrl":"https:\/\/beautycharm.lt\/wp-content\/uploads\/2025\/07\/g-m-collin-puractive-gelinis-veido-prausiklis-200-ml-413x672-1.jpeg","datePublished":"2025-07-15T10:56:52+00:00","dateModified":"2025-09-08T13:08:15+00:00","breadcrumb":{"@id":"https:\/\/beautycharm.lt\/produktas\/g-m-collin-puractive-gelinis-veido-prausiklis-200-ml\/#breadcrumb"},"inLanguage":"en-US","potentialAction":[{"@type":"ReadAction","target":["https:\/\/beautycharm.lt\/produktas\/g-m-collin-puractive-gelinis-veido-prausiklis-200-ml\/"]}]},{"@type":"ImageObject","inLanguage":"en-US","@id":"https:\/\/beautycharm.lt\/produktas\/g-m-collin-puractive-gelinis-veido-prausiklis-200-ml\/#primaryimage","url":"https:\/\/beautycharm.lt\/wp-content\/uploads\/2025\/07\/g-m-collin-puractive-gelinis-veido-prausiklis-200-ml-413x672-1.jpeg","contentUrl":"https:\/\/beautycharm.lt\/wp-content\/uploads\/2025\/07\/g-m-collin-puractive-gelinis-veido-prausiklis-200-ml-413x672-1.jpeg","width":413,"height":672},{"@type":"BreadcrumbList","@id":"https:\/\/beautycharm.lt\/produktas\/g-m-collin-puractive-gelinis-veido-prausiklis-200-ml\/#breadcrumb","itemListElement":[{"@type":"ListItem","position":1,"name":"Home","item":"https:\/\/beautycharm.lt\/"},{"@type":"ListItem","position":2,"name":"Parduotuv\u0117","item":"https:\/\/beautycharm.lt\/parduotuve\/"},{"@type":"ListItem","position":3,"name":"G.M. COLLIN PURACTIVE+ GELINIS VEIDO PRAUSIKLIS, 200 ML"}]},{"@type":"WebSite","@id":"https:\/\/beautycharm.lt\/#website","url":"https:\/\/beautycharm.lt\/","name":"Beauty Charm","description":"Odos prie\u017ei\u016bra vyrams ir moterims","publisher":{"@id":"https:\/\/beautycharm.lt\/#organization"},"potentialAction":[{"@type":"SearchAction","target":{"@type":"EntryPoint","urlTemplate":"https:\/\/beautycharm.lt\/?s={search_term_string}"},"query-input":{"@type":"PropertyValueSpecification","valueRequired":true,"valueName":"search_term_string"}}],"inLanguage":"en-US"},{"@type":"Organization","@id":"https:\/\/beautycharm.lt\/#organization","name":"Beauty Charm","url":"https:\/\/beautycharm.lt\/","logo":{"@type":"ImageObject","inLanguage":"en-US","@id":"https:\/\/beautycharm.lt\/#\/schema\/logo\/image\/","url":"https:\/\/beautycharm.lt\/wp-content\/uploads\/2025\/08\/BeautyCharm_t_s-1.svg","contentUrl":"https:\/\/beautycharm.lt\/wp-content\/uploads\/2025\/08\/BeautyCharm_t_s-1.svg","width":148,"height":64,"caption":"Beauty Charm"},"image":{"@id":"https:\/\/beautycharm.lt\/#\/schema\/logo\/image\/"},"sameAs":["https:\/\/www.facebook.com\/faceandbodylines\/","https:\/\/www.instagram.com\/the_house_of_charm\/"]}]}},"_links":{"self":[{"href":"https:\/\/beautycharm.lt\/en\/wp-json\/wp\/v2\/product\/1836","targetHints":{"allow":["GET"]}}],"collection":[{"href":"https:\/\/beautycharm.lt\/en\/wp-json\/wp\/v2\/product"}],"about":[{"href":"https:\/\/beautycharm.lt\/en\/wp-json\/wp\/v2\/types\/product"}],"replies":[{"embeddable":true,"href":"https:\/\/beautycharm.lt\/en\/wp-json\/wp\/v2\/comments?post=1836"}],"wp:featuredmedia":[{"embeddable":true,"href":"https:\/\/beautycharm.lt\/en\/wp-json\/wp\/v2\/media\/2290"}],"wp:attachment":[{"href":"https:\/\/beautycharm.lt\/en\/wp-json\/wp\/v2\/media?parent=1836"}],"wp:term":[{"taxonomy":"product_brand","embeddable":true,"href":"https:\/\/beautycharm.lt\/en\/wp-json\/wp\/v2\/product_brand?post=1836"},{"taxonomy":"product_cat","embeddable":true,"href":"https:\/\/beautycharm.lt\/en\/wp-json\/wp\/v2\/product_cat?post=1836"},{"taxonomy":"product_tag","embeddable":true,"href":"https:\/\/beautycharm.lt\/en\/wp-json\/wp\/v2\/product_tag?post=1836"}],"curies":[{"name":"wp","href":"https:\/\/api.w.org\/{rel}","templated":true}]}}