{"id":1833,"date":"2025-07-15T13:56:51","date_gmt":"2025-07-15T10:56:51","guid":{"rendered":"https:\/\/beautycharm.lt\/product\/g-m-collin-vital-c15-serumas-30-ml\/"},"modified":"2025-09-08T16:13:44","modified_gmt":"2025-09-08T13:13:44","slug":"g-m-collin-vital-c15-serumas-30-ml","status":"publish","type":"product","link":"https:\/\/beautycharm.lt\/en\/product\/g-m-collin-vital-c15-serumas-30-ml\/","title":{"rendered":"G.M. COLLIN VITAL C15 SERUM, 30 ML"},"content":{"rendered":"<p>VITAL C15 serumo sud\u0117tyje yra 15% VITAL C komplekso bei galingas veikli\u0173j\u0173 med\u017eiag\u0173 kokteilis, su vitaminu C, ferulo r\u016bg\u0161timi ir camu camu ekstraktu. Taip pat MATRIXYL\u00ae 3000 kompleksas, kuris u\u017etikrina efektyv\u0173 odos dr\u0117kinim\u0105 ir stangrum\u0105.<\/p>\n<p>Advantages:<\/p>\n<p>Suitable for skin that needs protection from external factors.<br \/>\nSuitable for skin lacking radiance.<br \/>\nSuitable for skin with wrinkles and expression lines.<br \/>\nSuitable for skin lacking elasticity.<br \/>\nSuitable for skin that needs a better texture.<\/p>\n<p>Apply 4-5 drops to the palm of your hand and massage a thin layer onto your face and neck using your fingertips. Avoid contact with the eyes. Use in the morning and\/or evening for 28 days. Caution: once opened, use within 6 months.<\/p>\n<p>Ingredients:<\/p>\n<p>AQUA\/WATER\/EAU, HEXYLENE GLYCOL, BUTYLENE GLYCOL, ASCORBIC ACID, GLYCERIN, ETHOXYDIGLYCOL, POLYSORBATE 20, SODIUM ASCORBATE, GLOBULARIA CORDIFOLIA CALLUS CULTURE EXTRACT, FERULIC ACID, YEAST EXTRACT\/EXTRAIT DE LEVURE, SOY AMINO ACIDS, MYRCIARIA DUBIA FRUIT EXTRACT, PLANKTON EXTRACT\/EXTRAIT DE PLANCTON, ACETYL HEXAPEPTIDE-8, PALMITOYL TRIPEPTIDE-1, ERGOTHIONEINE, PALMITOYL TETRAPEPTIDE-7, PENTAPEPTIDE-34 TRIFLUOROACETATE, PHENOXYETHANOL, POTASSIUM SORBATE, SODIUM BENZOATE, PROPANEDIOL, FRAGRANCE\/PARFUM, CARBOMER, SODIUM LACTATE, ACETIC ACID, MALONIC ACID, VANILLIN<\/p>","protected":false},"excerpt":{"rendered":"<p>VITAL C15 serumo sud\u0117tyje yra 15% VITAL C komplekso bei galingas veikli\u0173j\u0173 med\u017eiag\u0173 kokteilis, su vitaminu C, ferulo r\u016bg\u0161timi ir camu camu ekstraktu. Taip pat MATRIXYL\u00ae 3000 kompleksas, kuris u\u017etikrina efektyv\u0173 odos dr\u0117kinim\u0105 ir stangrum\u0105. Privalumai: Tinka odai, norin\u010diai apsaugos nuo i\u0161orini\u0173 veiksni\u0173. Tinka odai, kuriai tr\u016bksta spindesio. Tinka odai su rauk\u0161l\u0117mis bei mimikos rauk\u0161lel\u0117mis.<\/p>\n<div class=\"klb-readmore entry-button\"><a class=\"button light alt medium\" href=\"https:\/\/beautycharm.lt\/en\/product\/g-m-collin-vital-c15-serumas-30-ml\/\">Read More<\/a><\/div>","protected":false},"featured_media":2294,"comment_status":"open","ping_status":"closed","template":"","meta":{"inline_featured_image":false},"product_brand":[83],"product_cat":[120],"product_tag":[],"class_list":{"0":"post-1833","1":"product","2":"type-product","3":"status-publish","4":"has-post-thumbnail","6":"product_brand-g-m-collin-lt","7":"product_cat-moterims-lt","9":"first","10":"instock","11":"shipping-taxable","12":"purchasable","13":"product-type-simple"},"yoast_head":"<!-- This site is optimized with the Yoast SEO plugin v27.4 - https:\/\/yoast.com\/product\/yoast-seo-wordpress\/ -->\n<title>G.M. COLLIN VITAL C15 SERUMAS, 30 ML - Beauty Charm<\/title>\n<meta name=\"robots\" content=\"index, follow, max-snippet:-1, max-image-preview:large, max-video-preview:-1\" \/>\n<link rel=\"canonical\" href=\"https:\/\/beautycharm.lt\/en\/product\/g-m-collin-vital-c15-serumas-30-ml\/\" \/>\n<meta property=\"og:locale\" content=\"en_US\" \/>\n<meta property=\"og:type\" content=\"article\" \/>\n<meta property=\"og:title\" content=\"G.M. COLLIN VITAL C15 SERUMAS, 30 ML - Beauty Charm\" \/>\n<meta property=\"og:description\" content=\"VITAL C15 serumo sud\u0117tyje yra 15% VITAL C komplekso bei galingas veikli\u0173j\u0173 med\u017eiag\u0173 kokteilis, su vitaminu C, ferulo r\u016bg\u0161timi ir camu camu ekstraktu. Taip pat MATRIXYL\u00ae 3000 kompleksas, kuris u\u017etikrina efektyv\u0173 odos dr\u0117kinim\u0105 ir stangrum\u0105. Privalumai: Tinka odai, norin\u010diai apsaugos nuo i\u0161orini\u0173 veiksni\u0173. Tinka odai, kuriai tr\u016bksta spindesio. Tinka odai su rauk\u0161l\u0117mis bei mimikos rauk\u0161lel\u0117mis.Read More\" \/>\n<meta property=\"og:url\" content=\"https:\/\/beautycharm.lt\/en\/product\/g-m-collin-vital-c15-serumas-30-ml\/\" \/>\n<meta property=\"og:site_name\" content=\"Beauty Charm\" \/>\n<meta property=\"article:publisher\" content=\"https:\/\/www.facebook.com\/faceandbodylines\/\" \/>\n<meta property=\"article:modified_time\" content=\"2025-09-08T13:13:44+00:00\" \/>\n<meta property=\"og:image\" content=\"https:\/\/beautycharm.lt\/wp-content\/uploads\/2025\/07\/g-m-collin-vital-c15-serumas-30-ml-413x672-1.jpeg\" \/>\n\t<meta property=\"og:image:width\" content=\"413\" \/>\n\t<meta property=\"og:image:height\" content=\"672\" \/>\n\t<meta property=\"og:image:type\" content=\"image\/jpeg\" \/>\n<meta name=\"twitter:card\" content=\"summary_large_image\" \/>\n<meta name=\"twitter:label1\" content=\"Est. reading time\" \/>\n\t<meta name=\"twitter:data1\" content=\"2 minutes\" \/>\n<script type=\"application\/ld+json\" class=\"yoast-schema-graph\">{\"@context\":\"https:\\\/\\\/schema.org\",\"@graph\":[{\"@type\":\"WebPage\",\"@id\":\"https:\\\/\\\/beautycharm.lt\\\/produktas\\\/g-m-collin-vital-c15-serumas-30-ml\\\/\",\"url\":\"https:\\\/\\\/beautycharm.lt\\\/produktas\\\/g-m-collin-vital-c15-serumas-30-ml\\\/\",\"name\":\"G.M. COLLIN VITAL C15 SERUMAS, 30 ML - Beauty Charm\",\"isPartOf\":{\"@id\":\"https:\\\/\\\/beautycharm.lt\\\/#website\"},\"primaryImageOfPage\":{\"@id\":\"https:\\\/\\\/beautycharm.lt\\\/produktas\\\/g-m-collin-vital-c15-serumas-30-ml\\\/#primaryimage\"},\"image\":{\"@id\":\"https:\\\/\\\/beautycharm.lt\\\/produktas\\\/g-m-collin-vital-c15-serumas-30-ml\\\/#primaryimage\"},\"thumbnailUrl\":\"https:\\\/\\\/beautycharm.lt\\\/wp-content\\\/uploads\\\/2025\\\/07\\\/g-m-collin-vital-c15-serumas-30-ml-413x672-1.jpeg\",\"datePublished\":\"2025-07-15T10:56:51+00:00\",\"dateModified\":\"2025-09-08T13:13:44+00:00\",\"breadcrumb\":{\"@id\":\"https:\\\/\\\/beautycharm.lt\\\/produktas\\\/g-m-collin-vital-c15-serumas-30-ml\\\/#breadcrumb\"},\"inLanguage\":\"en-US\",\"potentialAction\":[{\"@type\":\"ReadAction\",\"target\":[\"https:\\\/\\\/beautycharm.lt\\\/produktas\\\/g-m-collin-vital-c15-serumas-30-ml\\\/\"]}]},{\"@type\":\"ImageObject\",\"inLanguage\":\"en-US\",\"@id\":\"https:\\\/\\\/beautycharm.lt\\\/produktas\\\/g-m-collin-vital-c15-serumas-30-ml\\\/#primaryimage\",\"url\":\"https:\\\/\\\/beautycharm.lt\\\/wp-content\\\/uploads\\\/2025\\\/07\\\/g-m-collin-vital-c15-serumas-30-ml-413x672-1.jpeg\",\"contentUrl\":\"https:\\\/\\\/beautycharm.lt\\\/wp-content\\\/uploads\\\/2025\\\/07\\\/g-m-collin-vital-c15-serumas-30-ml-413x672-1.jpeg\",\"width\":413,\"height\":672},{\"@type\":\"BreadcrumbList\",\"@id\":\"https:\\\/\\\/beautycharm.lt\\\/produktas\\\/g-m-collin-vital-c15-serumas-30-ml\\\/#breadcrumb\",\"itemListElement\":[{\"@type\":\"ListItem\",\"position\":1,\"name\":\"Home\",\"item\":\"https:\\\/\\\/beautycharm.lt\\\/\"},{\"@type\":\"ListItem\",\"position\":2,\"name\":\"Parduotuv\u0117\",\"item\":\"https:\\\/\\\/beautycharm.lt\\\/parduotuve\\\/\"},{\"@type\":\"ListItem\",\"position\":3,\"name\":\"G.M. COLLIN VITAL C15 SERUMAS, 30 ML\"}]},{\"@type\":\"WebSite\",\"@id\":\"https:\\\/\\\/beautycharm.lt\\\/#website\",\"url\":\"https:\\\/\\\/beautycharm.lt\\\/\",\"name\":\"Beauty Charm\",\"description\":\"Odos prie\u017ei\u016bra vyrams ir moterims\",\"publisher\":{\"@id\":\"https:\\\/\\\/beautycharm.lt\\\/#organization\"},\"potentialAction\":[{\"@type\":\"SearchAction\",\"target\":{\"@type\":\"EntryPoint\",\"urlTemplate\":\"https:\\\/\\\/beautycharm.lt\\\/?s={search_term_string}\"},\"query-input\":{\"@type\":\"PropertyValueSpecification\",\"valueRequired\":true,\"valueName\":\"search_term_string\"}}],\"inLanguage\":\"en-US\"},{\"@type\":\"Organization\",\"@id\":\"https:\\\/\\\/beautycharm.lt\\\/#organization\",\"name\":\"Beauty Charm\",\"url\":\"https:\\\/\\\/beautycharm.lt\\\/\",\"logo\":{\"@type\":\"ImageObject\",\"inLanguage\":\"en-US\",\"@id\":\"https:\\\/\\\/beautycharm.lt\\\/#\\\/schema\\\/logo\\\/image\\\/\",\"url\":\"https:\\\/\\\/beautycharm.lt\\\/wp-content\\\/uploads\\\/2025\\\/08\\\/BeautyCharm_t_s-1.svg\",\"contentUrl\":\"https:\\\/\\\/beautycharm.lt\\\/wp-content\\\/uploads\\\/2025\\\/08\\\/BeautyCharm_t_s-1.svg\",\"width\":148,\"height\":64,\"caption\":\"Beauty Charm\"},\"image\":{\"@id\":\"https:\\\/\\\/beautycharm.lt\\\/#\\\/schema\\\/logo\\\/image\\\/\"},\"sameAs\":[\"https:\\\/\\\/www.facebook.com\\\/faceandbodylines\\\/\",\"https:\\\/\\\/www.instagram.com\\\/the_house_of_charm\\\/\"]}]}<\/script>\n<!-- \/ Yoast SEO plugin. -->","yoast_head_json":{"title":"G.M. COLLIN VITAL C15 SERUMAS, 30 ML - Beauty Charm","robots":{"index":"index","follow":"follow","max-snippet":"max-snippet:-1","max-image-preview":"max-image-preview:large","max-video-preview":"max-video-preview:-1"},"canonical":"https:\/\/beautycharm.lt\/en\/product\/g-m-collin-vital-c15-serumas-30-ml\/","og_locale":"en_US","og_type":"article","og_title":"G.M. COLLIN VITAL C15 SERUMAS, 30 ML - Beauty Charm","og_description":"VITAL C15 serumo sud\u0117tyje yra 15% VITAL C komplekso bei galingas veikli\u0173j\u0173 med\u017eiag\u0173 kokteilis, su vitaminu C, ferulo r\u016bg\u0161timi ir camu camu ekstraktu. Taip pat MATRIXYL\u00ae 3000 kompleksas, kuris u\u017etikrina efektyv\u0173 odos dr\u0117kinim\u0105 ir stangrum\u0105. Privalumai: Tinka odai, norin\u010diai apsaugos nuo i\u0161orini\u0173 veiksni\u0173. Tinka odai, kuriai tr\u016bksta spindesio. Tinka odai su rauk\u0161l\u0117mis bei mimikos rauk\u0161lel\u0117mis.Read More","og_url":"https:\/\/beautycharm.lt\/en\/product\/g-m-collin-vital-c15-serumas-30-ml\/","og_site_name":"Beauty Charm","article_publisher":"https:\/\/www.facebook.com\/faceandbodylines\/","article_modified_time":"2025-09-08T13:13:44+00:00","og_image":[{"width":413,"height":672,"url":"https:\/\/beautycharm.lt\/wp-content\/uploads\/2025\/07\/g-m-collin-vital-c15-serumas-30-ml-413x672-1.jpeg","type":"image\/jpeg"}],"twitter_card":"summary_large_image","twitter_misc":{"Est. reading time":"2 minutes"},"schema":{"@context":"https:\/\/schema.org","@graph":[{"@type":"WebPage","@id":"https:\/\/beautycharm.lt\/produktas\/g-m-collin-vital-c15-serumas-30-ml\/","url":"https:\/\/beautycharm.lt\/produktas\/g-m-collin-vital-c15-serumas-30-ml\/","name":"G.M. COLLIN VITAL C15 SERUMAS, 30 ML - Beauty Charm","isPartOf":{"@id":"https:\/\/beautycharm.lt\/#website"},"primaryImageOfPage":{"@id":"https:\/\/beautycharm.lt\/produktas\/g-m-collin-vital-c15-serumas-30-ml\/#primaryimage"},"image":{"@id":"https:\/\/beautycharm.lt\/produktas\/g-m-collin-vital-c15-serumas-30-ml\/#primaryimage"},"thumbnailUrl":"https:\/\/beautycharm.lt\/wp-content\/uploads\/2025\/07\/g-m-collin-vital-c15-serumas-30-ml-413x672-1.jpeg","datePublished":"2025-07-15T10:56:51+00:00","dateModified":"2025-09-08T13:13:44+00:00","breadcrumb":{"@id":"https:\/\/beautycharm.lt\/produktas\/g-m-collin-vital-c15-serumas-30-ml\/#breadcrumb"},"inLanguage":"en-US","potentialAction":[{"@type":"ReadAction","target":["https:\/\/beautycharm.lt\/produktas\/g-m-collin-vital-c15-serumas-30-ml\/"]}]},{"@type":"ImageObject","inLanguage":"en-US","@id":"https:\/\/beautycharm.lt\/produktas\/g-m-collin-vital-c15-serumas-30-ml\/#primaryimage","url":"https:\/\/beautycharm.lt\/wp-content\/uploads\/2025\/07\/g-m-collin-vital-c15-serumas-30-ml-413x672-1.jpeg","contentUrl":"https:\/\/beautycharm.lt\/wp-content\/uploads\/2025\/07\/g-m-collin-vital-c15-serumas-30-ml-413x672-1.jpeg","width":413,"height":672},{"@type":"BreadcrumbList","@id":"https:\/\/beautycharm.lt\/produktas\/g-m-collin-vital-c15-serumas-30-ml\/#breadcrumb","itemListElement":[{"@type":"ListItem","position":1,"name":"Home","item":"https:\/\/beautycharm.lt\/"},{"@type":"ListItem","position":2,"name":"Parduotuv\u0117","item":"https:\/\/beautycharm.lt\/parduotuve\/"},{"@type":"ListItem","position":3,"name":"G.M. COLLIN VITAL C15 SERUMAS, 30 ML"}]},{"@type":"WebSite","@id":"https:\/\/beautycharm.lt\/#website","url":"https:\/\/beautycharm.lt\/","name":"Beauty Charm","description":"Odos prie\u017ei\u016bra vyrams ir moterims","publisher":{"@id":"https:\/\/beautycharm.lt\/#organization"},"potentialAction":[{"@type":"SearchAction","target":{"@type":"EntryPoint","urlTemplate":"https:\/\/beautycharm.lt\/?s={search_term_string}"},"query-input":{"@type":"PropertyValueSpecification","valueRequired":true,"valueName":"search_term_string"}}],"inLanguage":"en-US"},{"@type":"Organization","@id":"https:\/\/beautycharm.lt\/#organization","name":"Beauty Charm","url":"https:\/\/beautycharm.lt\/","logo":{"@type":"ImageObject","inLanguage":"en-US","@id":"https:\/\/beautycharm.lt\/#\/schema\/logo\/image\/","url":"https:\/\/beautycharm.lt\/wp-content\/uploads\/2025\/08\/BeautyCharm_t_s-1.svg","contentUrl":"https:\/\/beautycharm.lt\/wp-content\/uploads\/2025\/08\/BeautyCharm_t_s-1.svg","width":148,"height":64,"caption":"Beauty Charm"},"image":{"@id":"https:\/\/beautycharm.lt\/#\/schema\/logo\/image\/"},"sameAs":["https:\/\/www.facebook.com\/faceandbodylines\/","https:\/\/www.instagram.com\/the_house_of_charm\/"]}]}},"_links":{"self":[{"href":"https:\/\/beautycharm.lt\/en\/wp-json\/wp\/v2\/product\/1833","targetHints":{"allow":["GET"]}}],"collection":[{"href":"https:\/\/beautycharm.lt\/en\/wp-json\/wp\/v2\/product"}],"about":[{"href":"https:\/\/beautycharm.lt\/en\/wp-json\/wp\/v2\/types\/product"}],"replies":[{"embeddable":true,"href":"https:\/\/beautycharm.lt\/en\/wp-json\/wp\/v2\/comments?post=1833"}],"wp:featuredmedia":[{"embeddable":true,"href":"https:\/\/beautycharm.lt\/en\/wp-json\/wp\/v2\/media\/2294"}],"wp:attachment":[{"href":"https:\/\/beautycharm.lt\/en\/wp-json\/wp\/v2\/media?parent=1833"}],"wp:term":[{"taxonomy":"product_brand","embeddable":true,"href":"https:\/\/beautycharm.lt\/en\/wp-json\/wp\/v2\/product_brand?post=1833"},{"taxonomy":"product_cat","embeddable":true,"href":"https:\/\/beautycharm.lt\/en\/wp-json\/wp\/v2\/product_cat?post=1833"},{"taxonomy":"product_tag","embeddable":true,"href":"https:\/\/beautycharm.lt\/en\/wp-json\/wp\/v2\/product_tag?post=1833"}],"curies":[{"name":"wp","href":"https:\/\/api.w.org\/{rel}","templated":true}]}}