{"id":1831,"date":"2025-07-15T13:56:49","date_gmt":"2025-07-15T10:56:49","guid":{"rendered":"https:\/\/beautycharm.lt\/product\/g-m-collin-active-sveiciamieji-milteliai-60-g\/"},"modified":"2025-09-04T20:14:38","modified_gmt":"2025-09-04T17:14:38","slug":"g-m-collin-active-sveiciamieji-milteliai-60-g","status":"publish","type":"product","link":"https:\/\/beautycharm.lt\/en\/product\/g-m-collin-active-sveiciamieji-milteliai-60-g\/","title":{"rendered":"G.M. COLLIN ACTIVE SCRUB POWDER, 60 G"},"content":{"rendered":"<p>Advantages:<\/p>\n<p>\tIt combines gentle mechanical, enzymatic, and chemical actions and is suitable for skin that needs to remove dead skin cells.<br \/>\n\tSuitable for skin that lacks smoothness and softness and needs a brighter tone.<br \/>\n\tSuitable for everyday use.<\/p>\n<p>Use: Carefully distribute half a teaspoon of powder onto wet hands. Add an equal amount of water and rub your hands together to create a lather. Apply to the face and gently massage in circular motions for 1 minute, avoiding the eye area. Rinse with lukewarm water. Use 3-4 times a week, suitable for daily use.<\/p>\n<p>Ingredients:<\/p>\n<p>ZEA MAYS (CORN) STARCH, SODIUM COCOYL GLYCINATE, AVENA SATIVA (OAT) KERNEL FLOUR, KAOLIN, SODIUM MYRISTOYL GLUTAMATE, AQUA\/WATER\/EAU, ORYZA SATIVA (RICE) POWDER, GALACTOARABINAN, ARGININE, MALTODEXTRIN, CARICA PAPAYA (PAPAYA) FRUIT EXTRACT, NIACINAMIDE, SALICYLIC ACID, PELARGONIUM GRAVEOLENS FLOWER OIL, LAVANDULA ANGUSTIFOLIA (LAVENDER) OIL, ALLANTOIN, ROSMARINUS OFFICINALIS (ROSEMARY) LEAF OIL, CINNAMOMUM CAMPHORA (CAMPHOR) BARK OIL, TOCOPHERYL ACETATE, CUPRESSUS SEMPERVIRENS OIL, CRITHMUM MARITIMUM EXTRACT, CHLORPHENESIN, TOCOPHEROL, CAPRYLIC\/CAPRIC TRIGLYCERIDE, CITRONELLOL, LINALOOL, GERANIOL, LIMONENE<\/p>","protected":false},"excerpt":{"rendered":"<p>Privalumai: Sujungia \u0161velnius mechaninius, fermentinius ir cheminius veiksmus ir tinka odai, kuriai reikia pa\u0161alinti negyvas odos l\u0105steles. Tinka odai, kuri stokoja lygumo ir \u0161velnumo bei kuriai norisi \u0161viiesesnio atspalvio. Tinka kasdieniam naudojimui. Naudojimas: atsargiai paskirstykite pus\u0119 arbatinio \u0161auk\u0161telio milteli\u0173 \u012f dr\u0117gnas rankas. \u012epilkite tiek pat vandens ir patrinkite rankas, kad susidaryt\u0173 putos. U\u017etepkite ant veido<\/p>\n<div class=\"klb-readmore entry-button\"><a class=\"button light alt medium\" href=\"https:\/\/beautycharm.lt\/en\/product\/g-m-collin-active-sveiciamieji-milteliai-60-g\/\">Read More<\/a><\/div>","protected":false},"featured_media":1832,"comment_status":"open","ping_status":"closed","template":"","meta":{"inline_featured_image":false},"product_brand":[83],"product_cat":[128],"product_tag":[],"class_list":{"0":"post-1831","1":"product","2":"type-product","3":"status-publish","4":"has-post-thumbnail","6":"product_brand-g-m-collin-lt","7":"product_cat-kiti-produktai","9":"first","10":"instock","11":"shipping-taxable","12":"purchasable","13":"product-type-simple"},"yoast_head":"<!-- This site is optimized with the Yoast SEO plugin v27.4 - https:\/\/yoast.com\/product\/yoast-seo-wordpress\/ -->\n<title>G.M. COLLIN ACTIVE \u0160VEI\u010cIAMIEJI MILTELIAI, 60 G - Beauty Charm<\/title>\n<meta name=\"robots\" content=\"index, follow, max-snippet:-1, max-image-preview:large, max-video-preview:-1\" \/>\n<link rel=\"canonical\" href=\"https:\/\/beautycharm.lt\/en\/product\/g-m-collin-active-sveiciamieji-milteliai-60-g\/\" \/>\n<meta property=\"og:locale\" content=\"en_US\" \/>\n<meta property=\"og:type\" content=\"article\" \/>\n<meta property=\"og:title\" content=\"G.M. COLLIN ACTIVE \u0160VEI\u010cIAMIEJI MILTELIAI, 60 G - Beauty Charm\" \/>\n<meta property=\"og:description\" content=\"Privalumai: Sujungia \u0161velnius mechaninius, fermentinius ir cheminius veiksmus ir tinka odai, kuriai reikia pa\u0161alinti negyvas odos l\u0105steles. Tinka odai, kuri stokoja lygumo ir \u0161velnumo bei kuriai norisi \u0161viiesesnio atspalvio. Tinka kasdieniam naudojimui. Naudojimas: atsargiai paskirstykite pus\u0119 arbatinio \u0161auk\u0161telio milteli\u0173 \u012f dr\u0117gnas rankas. \u012epilkite tiek pat vandens ir patrinkite rankas, kad susidaryt\u0173 putos. U\u017etepkite ant veidoRead More\" \/>\n<meta property=\"og:url\" content=\"https:\/\/beautycharm.lt\/en\/product\/g-m-collin-active-sveiciamieji-milteliai-60-g\/\" \/>\n<meta property=\"og:site_name\" content=\"Beauty Charm\" \/>\n<meta property=\"article:publisher\" content=\"https:\/\/www.facebook.com\/faceandbodylines\/\" \/>\n<meta property=\"article:modified_time\" content=\"2025-09-04T17:14:38+00:00\" \/>\n<meta property=\"og:image\" content=\"https:\/\/beautycharm.lt\/wp-content\/uploads\/2025\/07\/g-m-collin-active-sveiciamieji-milteliai-60-g.jpg\" \/>\n\t<meta property=\"og:image:width\" content=\"1563\" \/>\n\t<meta property=\"og:image:height\" content=\"1563\" \/>\n\t<meta property=\"og:image:type\" content=\"image\/jpeg\" \/>\n<meta name=\"twitter:card\" content=\"summary_large_image\" \/>\n<meta name=\"twitter:label1\" content=\"Est. reading time\" \/>\n\t<meta name=\"twitter:data1\" content=\"1 minute\" \/>\n<script type=\"application\/ld+json\" class=\"yoast-schema-graph\">{\"@context\":\"https:\\\/\\\/schema.org\",\"@graph\":[{\"@type\":\"WebPage\",\"@id\":\"https:\\\/\\\/beautycharm.lt\\\/produktas\\\/g-m-collin-active-sveiciamieji-milteliai-60-g\\\/\",\"url\":\"https:\\\/\\\/beautycharm.lt\\\/produktas\\\/g-m-collin-active-sveiciamieji-milteliai-60-g\\\/\",\"name\":\"G.M. COLLIN ACTIVE \u0160VEI\u010cIAMIEJI MILTELIAI, 60 G - Beauty Charm\",\"isPartOf\":{\"@id\":\"https:\\\/\\\/beautycharm.lt\\\/#website\"},\"primaryImageOfPage\":{\"@id\":\"https:\\\/\\\/beautycharm.lt\\\/produktas\\\/g-m-collin-active-sveiciamieji-milteliai-60-g\\\/#primaryimage\"},\"image\":{\"@id\":\"https:\\\/\\\/beautycharm.lt\\\/produktas\\\/g-m-collin-active-sveiciamieji-milteliai-60-g\\\/#primaryimage\"},\"thumbnailUrl\":\"https:\\\/\\\/beautycharm.lt\\\/wp-content\\\/uploads\\\/2025\\\/07\\\/g-m-collin-active-sveiciamieji-milteliai-60-g.jpg\",\"datePublished\":\"2025-07-15T10:56:49+00:00\",\"dateModified\":\"2025-09-04T17:14:38+00:00\",\"breadcrumb\":{\"@id\":\"https:\\\/\\\/beautycharm.lt\\\/produktas\\\/g-m-collin-active-sveiciamieji-milteliai-60-g\\\/#breadcrumb\"},\"inLanguage\":\"en-US\",\"potentialAction\":[{\"@type\":\"ReadAction\",\"target\":[\"https:\\\/\\\/beautycharm.lt\\\/produktas\\\/g-m-collin-active-sveiciamieji-milteliai-60-g\\\/\"]}]},{\"@type\":\"ImageObject\",\"inLanguage\":\"en-US\",\"@id\":\"https:\\\/\\\/beautycharm.lt\\\/produktas\\\/g-m-collin-active-sveiciamieji-milteliai-60-g\\\/#primaryimage\",\"url\":\"https:\\\/\\\/beautycharm.lt\\\/wp-content\\\/uploads\\\/2025\\\/07\\\/g-m-collin-active-sveiciamieji-milteliai-60-g.jpg\",\"contentUrl\":\"https:\\\/\\\/beautycharm.lt\\\/wp-content\\\/uploads\\\/2025\\\/07\\\/g-m-collin-active-sveiciamieji-milteliai-60-g.jpg\",\"width\":1563,\"height\":1563},{\"@type\":\"BreadcrumbList\",\"@id\":\"https:\\\/\\\/beautycharm.lt\\\/produktas\\\/g-m-collin-active-sveiciamieji-milteliai-60-g\\\/#breadcrumb\",\"itemListElement\":[{\"@type\":\"ListItem\",\"position\":1,\"name\":\"Home\",\"item\":\"https:\\\/\\\/beautycharm.lt\\\/\"},{\"@type\":\"ListItem\",\"position\":2,\"name\":\"Parduotuv\u0117\",\"item\":\"https:\\\/\\\/beautycharm.lt\\\/parduotuve\\\/\"},{\"@type\":\"ListItem\",\"position\":3,\"name\":\"G.M. COLLIN ACTIVE \u0160VEI\u010cIAMIEJI MILTELIAI, 60 G\"}]},{\"@type\":\"WebSite\",\"@id\":\"https:\\\/\\\/beautycharm.lt\\\/#website\",\"url\":\"https:\\\/\\\/beautycharm.lt\\\/\",\"name\":\"Beauty Charm\",\"description\":\"Odos prie\u017ei\u016bra vyrams ir moterims\",\"publisher\":{\"@id\":\"https:\\\/\\\/beautycharm.lt\\\/#organization\"},\"potentialAction\":[{\"@type\":\"SearchAction\",\"target\":{\"@type\":\"EntryPoint\",\"urlTemplate\":\"https:\\\/\\\/beautycharm.lt\\\/?s={search_term_string}\"},\"query-input\":{\"@type\":\"PropertyValueSpecification\",\"valueRequired\":true,\"valueName\":\"search_term_string\"}}],\"inLanguage\":\"en-US\"},{\"@type\":\"Organization\",\"@id\":\"https:\\\/\\\/beautycharm.lt\\\/#organization\",\"name\":\"Beauty Charm\",\"url\":\"https:\\\/\\\/beautycharm.lt\\\/\",\"logo\":{\"@type\":\"ImageObject\",\"inLanguage\":\"en-US\",\"@id\":\"https:\\\/\\\/beautycharm.lt\\\/#\\\/schema\\\/logo\\\/image\\\/\",\"url\":\"https:\\\/\\\/beautycharm.lt\\\/wp-content\\\/uploads\\\/2025\\\/08\\\/BeautyCharm_t_s-1.svg\",\"contentUrl\":\"https:\\\/\\\/beautycharm.lt\\\/wp-content\\\/uploads\\\/2025\\\/08\\\/BeautyCharm_t_s-1.svg\",\"width\":148,\"height\":64,\"caption\":\"Beauty Charm\"},\"image\":{\"@id\":\"https:\\\/\\\/beautycharm.lt\\\/#\\\/schema\\\/logo\\\/image\\\/\"},\"sameAs\":[\"https:\\\/\\\/www.facebook.com\\\/faceandbodylines\\\/\",\"https:\\\/\\\/www.instagram.com\\\/the_house_of_charm\\\/\"]}]}<\/script>\n<!-- \/ Yoast SEO plugin. -->","yoast_head_json":{"title":"G.M. COLLIN ACTIVE \u0160VEI\u010cIAMIEJI MILTELIAI, 60 G - Beauty Charm","robots":{"index":"index","follow":"follow","max-snippet":"max-snippet:-1","max-image-preview":"max-image-preview:large","max-video-preview":"max-video-preview:-1"},"canonical":"https:\/\/beautycharm.lt\/en\/product\/g-m-collin-active-sveiciamieji-milteliai-60-g\/","og_locale":"en_US","og_type":"article","og_title":"G.M. COLLIN ACTIVE \u0160VEI\u010cIAMIEJI MILTELIAI, 60 G - Beauty Charm","og_description":"Privalumai: Sujungia \u0161velnius mechaninius, fermentinius ir cheminius veiksmus ir tinka odai, kuriai reikia pa\u0161alinti negyvas odos l\u0105steles. Tinka odai, kuri stokoja lygumo ir \u0161velnumo bei kuriai norisi \u0161viiesesnio atspalvio. Tinka kasdieniam naudojimui. Naudojimas: atsargiai paskirstykite pus\u0119 arbatinio \u0161auk\u0161telio milteli\u0173 \u012f dr\u0117gnas rankas. \u012epilkite tiek pat vandens ir patrinkite rankas, kad susidaryt\u0173 putos. U\u017etepkite ant veidoRead More","og_url":"https:\/\/beautycharm.lt\/en\/product\/g-m-collin-active-sveiciamieji-milteliai-60-g\/","og_site_name":"Beauty Charm","article_publisher":"https:\/\/www.facebook.com\/faceandbodylines\/","article_modified_time":"2025-09-04T17:14:38+00:00","og_image":[{"width":1563,"height":1563,"url":"https:\/\/beautycharm.lt\/wp-content\/uploads\/2025\/07\/g-m-collin-active-sveiciamieji-milteliai-60-g.jpg","type":"image\/jpeg"}],"twitter_card":"summary_large_image","twitter_misc":{"Est. reading time":"1 minute"},"schema":{"@context":"https:\/\/schema.org","@graph":[{"@type":"WebPage","@id":"https:\/\/beautycharm.lt\/produktas\/g-m-collin-active-sveiciamieji-milteliai-60-g\/","url":"https:\/\/beautycharm.lt\/produktas\/g-m-collin-active-sveiciamieji-milteliai-60-g\/","name":"G.M. COLLIN ACTIVE \u0160VEI\u010cIAMIEJI MILTELIAI, 60 G - Beauty Charm","isPartOf":{"@id":"https:\/\/beautycharm.lt\/#website"},"primaryImageOfPage":{"@id":"https:\/\/beautycharm.lt\/produktas\/g-m-collin-active-sveiciamieji-milteliai-60-g\/#primaryimage"},"image":{"@id":"https:\/\/beautycharm.lt\/produktas\/g-m-collin-active-sveiciamieji-milteliai-60-g\/#primaryimage"},"thumbnailUrl":"https:\/\/beautycharm.lt\/wp-content\/uploads\/2025\/07\/g-m-collin-active-sveiciamieji-milteliai-60-g.jpg","datePublished":"2025-07-15T10:56:49+00:00","dateModified":"2025-09-04T17:14:38+00:00","breadcrumb":{"@id":"https:\/\/beautycharm.lt\/produktas\/g-m-collin-active-sveiciamieji-milteliai-60-g\/#breadcrumb"},"inLanguage":"en-US","potentialAction":[{"@type":"ReadAction","target":["https:\/\/beautycharm.lt\/produktas\/g-m-collin-active-sveiciamieji-milteliai-60-g\/"]}]},{"@type":"ImageObject","inLanguage":"en-US","@id":"https:\/\/beautycharm.lt\/produktas\/g-m-collin-active-sveiciamieji-milteliai-60-g\/#primaryimage","url":"https:\/\/beautycharm.lt\/wp-content\/uploads\/2025\/07\/g-m-collin-active-sveiciamieji-milteliai-60-g.jpg","contentUrl":"https:\/\/beautycharm.lt\/wp-content\/uploads\/2025\/07\/g-m-collin-active-sveiciamieji-milteliai-60-g.jpg","width":1563,"height":1563},{"@type":"BreadcrumbList","@id":"https:\/\/beautycharm.lt\/produktas\/g-m-collin-active-sveiciamieji-milteliai-60-g\/#breadcrumb","itemListElement":[{"@type":"ListItem","position":1,"name":"Home","item":"https:\/\/beautycharm.lt\/"},{"@type":"ListItem","position":2,"name":"Parduotuv\u0117","item":"https:\/\/beautycharm.lt\/parduotuve\/"},{"@type":"ListItem","position":3,"name":"G.M. COLLIN ACTIVE \u0160VEI\u010cIAMIEJI MILTELIAI, 60 G"}]},{"@type":"WebSite","@id":"https:\/\/beautycharm.lt\/#website","url":"https:\/\/beautycharm.lt\/","name":"Beauty Charm","description":"Odos prie\u017ei\u016bra vyrams ir moterims","publisher":{"@id":"https:\/\/beautycharm.lt\/#organization"},"potentialAction":[{"@type":"SearchAction","target":{"@type":"EntryPoint","urlTemplate":"https:\/\/beautycharm.lt\/?s={search_term_string}"},"query-input":{"@type":"PropertyValueSpecification","valueRequired":true,"valueName":"search_term_string"}}],"inLanguage":"en-US"},{"@type":"Organization","@id":"https:\/\/beautycharm.lt\/#organization","name":"Beauty Charm","url":"https:\/\/beautycharm.lt\/","logo":{"@type":"ImageObject","inLanguage":"en-US","@id":"https:\/\/beautycharm.lt\/#\/schema\/logo\/image\/","url":"https:\/\/beautycharm.lt\/wp-content\/uploads\/2025\/08\/BeautyCharm_t_s-1.svg","contentUrl":"https:\/\/beautycharm.lt\/wp-content\/uploads\/2025\/08\/BeautyCharm_t_s-1.svg","width":148,"height":64,"caption":"Beauty Charm"},"image":{"@id":"https:\/\/beautycharm.lt\/#\/schema\/logo\/image\/"},"sameAs":["https:\/\/www.facebook.com\/faceandbodylines\/","https:\/\/www.instagram.com\/the_house_of_charm\/"]}]}},"_links":{"self":[{"href":"https:\/\/beautycharm.lt\/en\/wp-json\/wp\/v2\/product\/1831","targetHints":{"allow":["GET"]}}],"collection":[{"href":"https:\/\/beautycharm.lt\/en\/wp-json\/wp\/v2\/product"}],"about":[{"href":"https:\/\/beautycharm.lt\/en\/wp-json\/wp\/v2\/types\/product"}],"replies":[{"embeddable":true,"href":"https:\/\/beautycharm.lt\/en\/wp-json\/wp\/v2\/comments?post=1831"}],"wp:featuredmedia":[{"embeddable":true,"href":"https:\/\/beautycharm.lt\/en\/wp-json\/wp\/v2\/media\/1832"}],"wp:attachment":[{"href":"https:\/\/beautycharm.lt\/en\/wp-json\/wp\/v2\/media?parent=1831"}],"wp:term":[{"taxonomy":"product_brand","embeddable":true,"href":"https:\/\/beautycharm.lt\/en\/wp-json\/wp\/v2\/product_brand?post=1831"},{"taxonomy":"product_cat","embeddable":true,"href":"https:\/\/beautycharm.lt\/en\/wp-json\/wp\/v2\/product_cat?post=1831"},{"taxonomy":"product_tag","embeddable":true,"href":"https:\/\/beautycharm.lt\/en\/wp-json\/wp\/v2\/product_tag?post=1831"}],"curies":[{"name":"wp","href":"https:\/\/api.w.org\/{rel}","templated":true}]}}