{"id":1830,"date":"2025-07-15T13:56:48","date_gmt":"2025-07-15T10:56:48","guid":{"rendered":"https:\/\/beautycharm.lt\/product\/g-m-collin-sensiderm-veido-kremas-50-g\/"},"modified":"2025-09-08T16:18:50","modified_gmt":"2025-09-08T13:18:50","slug":"g-m-collin-sensiderm-veido-kremas-50-g","status":"publish","type":"product","link":"https:\/\/beautycharm.lt\/en\/product\/g-m-collin-sensiderm-veido-kremas-50-g\/","title":{"rendered":"G.M. COLLIN SENSIDERM FACE CREAM, 50 G"},"content":{"rendered":"<p>This silky cream is specially formulated to meet the needs of sensitive and fragile skin.<\/p>\n<p>Advantages:<\/p>\n<p>Suitable for reddened skin.<br \/>\nSuitable for skin that needs soothing and is experiencing discomfort.<\/p>\n<p>Use: after using G.M. Collin cleanser and toner, apply the required amount of cream and massage thoroughly. Can be used in the morning and\/or evening.<\/p>\n<p>Ingredients:<\/p>\n<p>AQUA\/WATER\/EAU, CAPRYLIC\/CAPRIC TRIGLYCERIDE, GLYCERIN, 1,2-HEXANEDIOL, ISODECYL LAURATE, JOJOBA ESTERS, CYCLOPENTASILOXANE, CETYL ALCOHOL, BUTYROSPERMUM PARKII (SHEA) BUTTER, GLYCERYL STEARATE, SQUALANE, CYCLOHEXASILOXANE, HYDROXYETHYL ACRYLATE\/SODIUM ACRYLOYLDIMETHYL TAURATE COPOLYMER, DIMETHICONE, PALMITOYL GLYCINE, CITRULLUS LANATUS (WATERMELON) FRUIT EXTRACT, LENS ESCULENTA (LENTIL) FRUIT EXTRACT, ALLANTOIN, TOCOPHERYL ACETATE, PYRUS MALUS (APPLE) FRUIT EXTRACT, ALISMA PLANTAGO-AQUATICA EXTRACT, MADECASSOSIDE, SODIUM HYALURONATE, ASPARAGOPSIS ARMATA EXTRACT, BIOSACCHARIDE GUM-2, ASCOPHYLLUM NODOSUM EXTRACT, SODIUM PCA, GALLYL GLUCOSIDE, PROPYL GALLATE, ETHYLHEXYLGLYCERIN, GLUCOSE, PLANKTON EXTRACT\/EXTRAIT DE PLANCTON, CERAMIDE NP, CERAMIDE NS, ARTEMIA EXTRACT, EPIGALLOCATECHIN GALLATYL GLUCOSIDE, CERAMIDE AP, CERAMIDE EOP, CERAMIDE EOS, CAPROOYL PHYTOSPHINGOSINE, CAPROOYL SPHINGOSINE, PHENOXYETHANOL, POTASSIUM SORBATE, BENZYL ALCOHOL, SODIUM BENZOATE, TOCOPHEROL, DEHYDROACETIC ACID, ASCORBYL PALMITATE, PEG-75 STEARATE, HYDROGENATED STARCH HYDROLYSATE, CETETH-20, STEARETH-20, TRIETHANOLAMINE, CETEARETH-25, POLYSORBATE 60, SORBITAN ISOSTEARATE, SODIUM LACTATE, DISODIUM EDTA, BEHENIC ACID, CHOLESTEROL<\/p>","protected":false},"excerpt":{"rendered":"<p>\u0160is \u0161ilkinis kremas specialiai sukurtas jautrios ir trapios odos poreikiams patenkinti. Privalumai: Tinka raustan\u010diai odai. Tinka odai, kuriai reikalingas raminimas ir kuri patiria diskomfort\u0105. Naudojimas: po G.M. Collin valiklio ir dulksnos, u\u017etepkite reikiam\u0105 kremo kiek\u012f ir kruop\u0161\u010diai \u012fmasa\u017euokite. Galima naudoti ryte ir (arba) vakare. Sud\u0117tis: AQUA\/WATER\/EAU, CAPRYLIC\/CAPRIC TRIGLYCERIDE, GLYCERIN, 1,2-HEXANEDIOL, ISODECYL LAURATE, JOJOBA ESTERS, CYCLOPENTASILOXANE,<\/p>\n<div class=\"klb-readmore entry-button\"><a class=\"button light alt medium\" href=\"https:\/\/beautycharm.lt\/en\/product\/g-m-collin-sensiderm-veido-kremas-50-g\/\">Read More<\/a><\/div>","protected":false},"featured_media":2296,"comment_status":"open","ping_status":"closed","template":"","meta":{"inline_featured_image":false},"product_brand":[83],"product_cat":[128],"product_tag":[],"class_list":{"0":"post-1830","1":"product","2":"type-product","3":"status-publish","4":"has-post-thumbnail","6":"product_brand-g-m-collin-lt","7":"product_cat-kiti-produktai","9":"first","10":"instock","11":"shipping-taxable","12":"purchasable","13":"product-type-simple"},"yoast_head":"<!-- This site is optimized with the Yoast SEO plugin v27.4 - https:\/\/yoast.com\/product\/yoast-seo-wordpress\/ -->\n<title>G.M. COLLIN SENSIDERM VEIDO KREMAS, 50 G - Beauty Charm<\/title>\n<meta name=\"robots\" content=\"index, follow, max-snippet:-1, max-image-preview:large, max-video-preview:-1\" \/>\n<link rel=\"canonical\" href=\"https:\/\/beautycharm.lt\/en\/product\/g-m-collin-sensiderm-veido-kremas-50-g\/\" \/>\n<meta property=\"og:locale\" content=\"en_US\" \/>\n<meta property=\"og:type\" content=\"article\" \/>\n<meta property=\"og:title\" content=\"G.M. COLLIN SENSIDERM VEIDO KREMAS, 50 G - Beauty Charm\" \/>\n<meta property=\"og:description\" content=\"\u0160is \u0161ilkinis kremas specialiai sukurtas jautrios ir trapios odos poreikiams patenkinti. Privalumai: Tinka raustan\u010diai odai. Tinka odai, kuriai reikalingas raminimas ir kuri patiria diskomfort\u0105. Naudojimas: po G.M. Collin valiklio ir dulksnos, u\u017etepkite reikiam\u0105 kremo kiek\u012f ir kruop\u0161\u010diai \u012fmasa\u017euokite. Galima naudoti ryte ir (arba) vakare. Sud\u0117tis: AQUA\/WATER\/EAU, CAPRYLIC\/CAPRIC TRIGLYCERIDE, GLYCERIN, 1,2-HEXANEDIOL, ISODECYL LAURATE, JOJOBA ESTERS, CYCLOPENTASILOXANE,Read More\" \/>\n<meta property=\"og:url\" content=\"https:\/\/beautycharm.lt\/en\/product\/g-m-collin-sensiderm-veido-kremas-50-g\/\" \/>\n<meta property=\"og:site_name\" content=\"Beauty Charm\" \/>\n<meta property=\"article:publisher\" content=\"https:\/\/www.facebook.com\/faceandbodylines\/\" \/>\n<meta property=\"article:modified_time\" content=\"2025-09-08T13:18:50+00:00\" \/>\n<meta property=\"og:image\" content=\"https:\/\/beautycharm.lt\/wp-content\/uploads\/2025\/07\/g-m-collin-sensiderm-veido-kremas-50-g-413x672-1.jpeg\" \/>\n\t<meta property=\"og:image:width\" content=\"413\" \/>\n\t<meta property=\"og:image:height\" content=\"672\" \/>\n\t<meta property=\"og:image:type\" content=\"image\/jpeg\" \/>\n<meta name=\"twitter:card\" content=\"summary_large_image\" \/>\n<meta name=\"twitter:label1\" content=\"Est. reading time\" \/>\n\t<meta name=\"twitter:data1\" content=\"2 minutes\" \/>\n<script type=\"application\/ld+json\" class=\"yoast-schema-graph\">{\"@context\":\"https:\\\/\\\/schema.org\",\"@graph\":[{\"@type\":\"WebPage\",\"@id\":\"https:\\\/\\\/beautycharm.lt\\\/produktas\\\/g-m-collin-sensiderm-veido-kremas-50-g\\\/\",\"url\":\"https:\\\/\\\/beautycharm.lt\\\/produktas\\\/g-m-collin-sensiderm-veido-kremas-50-g\\\/\",\"name\":\"G.M. COLLIN SENSIDERM VEIDO KREMAS, 50 G - Beauty Charm\",\"isPartOf\":{\"@id\":\"https:\\\/\\\/beautycharm.lt\\\/#website\"},\"primaryImageOfPage\":{\"@id\":\"https:\\\/\\\/beautycharm.lt\\\/produktas\\\/g-m-collin-sensiderm-veido-kremas-50-g\\\/#primaryimage\"},\"image\":{\"@id\":\"https:\\\/\\\/beautycharm.lt\\\/produktas\\\/g-m-collin-sensiderm-veido-kremas-50-g\\\/#primaryimage\"},\"thumbnailUrl\":\"https:\\\/\\\/beautycharm.lt\\\/wp-content\\\/uploads\\\/2025\\\/07\\\/g-m-collin-sensiderm-veido-kremas-50-g-413x672-1.jpeg\",\"datePublished\":\"2025-07-15T10:56:48+00:00\",\"dateModified\":\"2025-09-08T13:18:50+00:00\",\"breadcrumb\":{\"@id\":\"https:\\\/\\\/beautycharm.lt\\\/produktas\\\/g-m-collin-sensiderm-veido-kremas-50-g\\\/#breadcrumb\"},\"inLanguage\":\"en-US\",\"potentialAction\":[{\"@type\":\"ReadAction\",\"target\":[\"https:\\\/\\\/beautycharm.lt\\\/produktas\\\/g-m-collin-sensiderm-veido-kremas-50-g\\\/\"]}]},{\"@type\":\"ImageObject\",\"inLanguage\":\"en-US\",\"@id\":\"https:\\\/\\\/beautycharm.lt\\\/produktas\\\/g-m-collin-sensiderm-veido-kremas-50-g\\\/#primaryimage\",\"url\":\"https:\\\/\\\/beautycharm.lt\\\/wp-content\\\/uploads\\\/2025\\\/07\\\/g-m-collin-sensiderm-veido-kremas-50-g-413x672-1.jpeg\",\"contentUrl\":\"https:\\\/\\\/beautycharm.lt\\\/wp-content\\\/uploads\\\/2025\\\/07\\\/g-m-collin-sensiderm-veido-kremas-50-g-413x672-1.jpeg\",\"width\":413,\"height\":672},{\"@type\":\"BreadcrumbList\",\"@id\":\"https:\\\/\\\/beautycharm.lt\\\/produktas\\\/g-m-collin-sensiderm-veido-kremas-50-g\\\/#breadcrumb\",\"itemListElement\":[{\"@type\":\"ListItem\",\"position\":1,\"name\":\"Home\",\"item\":\"https:\\\/\\\/beautycharm.lt\\\/\"},{\"@type\":\"ListItem\",\"position\":2,\"name\":\"Parduotuv\u0117\",\"item\":\"https:\\\/\\\/beautycharm.lt\\\/parduotuve\\\/\"},{\"@type\":\"ListItem\",\"position\":3,\"name\":\"G.M. COLLIN SENSIDERM VEIDO KREMAS, 50 G\"}]},{\"@type\":\"WebSite\",\"@id\":\"https:\\\/\\\/beautycharm.lt\\\/#website\",\"url\":\"https:\\\/\\\/beautycharm.lt\\\/\",\"name\":\"Beauty Charm\",\"description\":\"Odos prie\u017ei\u016bra vyrams ir moterims\",\"publisher\":{\"@id\":\"https:\\\/\\\/beautycharm.lt\\\/#organization\"},\"potentialAction\":[{\"@type\":\"SearchAction\",\"target\":{\"@type\":\"EntryPoint\",\"urlTemplate\":\"https:\\\/\\\/beautycharm.lt\\\/?s={search_term_string}\"},\"query-input\":{\"@type\":\"PropertyValueSpecification\",\"valueRequired\":true,\"valueName\":\"search_term_string\"}}],\"inLanguage\":\"en-US\"},{\"@type\":\"Organization\",\"@id\":\"https:\\\/\\\/beautycharm.lt\\\/#organization\",\"name\":\"Beauty Charm\",\"url\":\"https:\\\/\\\/beautycharm.lt\\\/\",\"logo\":{\"@type\":\"ImageObject\",\"inLanguage\":\"en-US\",\"@id\":\"https:\\\/\\\/beautycharm.lt\\\/#\\\/schema\\\/logo\\\/image\\\/\",\"url\":\"https:\\\/\\\/beautycharm.lt\\\/wp-content\\\/uploads\\\/2025\\\/08\\\/BeautyCharm_t_s-1.svg\",\"contentUrl\":\"https:\\\/\\\/beautycharm.lt\\\/wp-content\\\/uploads\\\/2025\\\/08\\\/BeautyCharm_t_s-1.svg\",\"width\":148,\"height\":64,\"caption\":\"Beauty Charm\"},\"image\":{\"@id\":\"https:\\\/\\\/beautycharm.lt\\\/#\\\/schema\\\/logo\\\/image\\\/\"},\"sameAs\":[\"https:\\\/\\\/www.facebook.com\\\/faceandbodylines\\\/\",\"https:\\\/\\\/www.instagram.com\\\/the_house_of_charm\\\/\"]}]}<\/script>\n<!-- \/ Yoast SEO plugin. -->","yoast_head_json":{"title":"G.M. COLLIN SENSIDERM VEIDO KREMAS, 50 G - Beauty Charm","robots":{"index":"index","follow":"follow","max-snippet":"max-snippet:-1","max-image-preview":"max-image-preview:large","max-video-preview":"max-video-preview:-1"},"canonical":"https:\/\/beautycharm.lt\/en\/product\/g-m-collin-sensiderm-veido-kremas-50-g\/","og_locale":"en_US","og_type":"article","og_title":"G.M. COLLIN SENSIDERM VEIDO KREMAS, 50 G - Beauty Charm","og_description":"\u0160is \u0161ilkinis kremas specialiai sukurtas jautrios ir trapios odos poreikiams patenkinti. Privalumai: Tinka raustan\u010diai odai. Tinka odai, kuriai reikalingas raminimas ir kuri patiria diskomfort\u0105. Naudojimas: po G.M. Collin valiklio ir dulksnos, u\u017etepkite reikiam\u0105 kremo kiek\u012f ir kruop\u0161\u010diai \u012fmasa\u017euokite. Galima naudoti ryte ir (arba) vakare. Sud\u0117tis: AQUA\/WATER\/EAU, CAPRYLIC\/CAPRIC TRIGLYCERIDE, GLYCERIN, 1,2-HEXANEDIOL, ISODECYL LAURATE, JOJOBA ESTERS, CYCLOPENTASILOXANE,Read More","og_url":"https:\/\/beautycharm.lt\/en\/product\/g-m-collin-sensiderm-veido-kremas-50-g\/","og_site_name":"Beauty Charm","article_publisher":"https:\/\/www.facebook.com\/faceandbodylines\/","article_modified_time":"2025-09-08T13:18:50+00:00","og_image":[{"width":413,"height":672,"url":"https:\/\/beautycharm.lt\/wp-content\/uploads\/2025\/07\/g-m-collin-sensiderm-veido-kremas-50-g-413x672-1.jpeg","type":"image\/jpeg"}],"twitter_card":"summary_large_image","twitter_misc":{"Est. reading time":"2 minutes"},"schema":{"@context":"https:\/\/schema.org","@graph":[{"@type":"WebPage","@id":"https:\/\/beautycharm.lt\/produktas\/g-m-collin-sensiderm-veido-kremas-50-g\/","url":"https:\/\/beautycharm.lt\/produktas\/g-m-collin-sensiderm-veido-kremas-50-g\/","name":"G.M. COLLIN SENSIDERM VEIDO KREMAS, 50 G - Beauty Charm","isPartOf":{"@id":"https:\/\/beautycharm.lt\/#website"},"primaryImageOfPage":{"@id":"https:\/\/beautycharm.lt\/produktas\/g-m-collin-sensiderm-veido-kremas-50-g\/#primaryimage"},"image":{"@id":"https:\/\/beautycharm.lt\/produktas\/g-m-collin-sensiderm-veido-kremas-50-g\/#primaryimage"},"thumbnailUrl":"https:\/\/beautycharm.lt\/wp-content\/uploads\/2025\/07\/g-m-collin-sensiderm-veido-kremas-50-g-413x672-1.jpeg","datePublished":"2025-07-15T10:56:48+00:00","dateModified":"2025-09-08T13:18:50+00:00","breadcrumb":{"@id":"https:\/\/beautycharm.lt\/produktas\/g-m-collin-sensiderm-veido-kremas-50-g\/#breadcrumb"},"inLanguage":"en-US","potentialAction":[{"@type":"ReadAction","target":["https:\/\/beautycharm.lt\/produktas\/g-m-collin-sensiderm-veido-kremas-50-g\/"]}]},{"@type":"ImageObject","inLanguage":"en-US","@id":"https:\/\/beautycharm.lt\/produktas\/g-m-collin-sensiderm-veido-kremas-50-g\/#primaryimage","url":"https:\/\/beautycharm.lt\/wp-content\/uploads\/2025\/07\/g-m-collin-sensiderm-veido-kremas-50-g-413x672-1.jpeg","contentUrl":"https:\/\/beautycharm.lt\/wp-content\/uploads\/2025\/07\/g-m-collin-sensiderm-veido-kremas-50-g-413x672-1.jpeg","width":413,"height":672},{"@type":"BreadcrumbList","@id":"https:\/\/beautycharm.lt\/produktas\/g-m-collin-sensiderm-veido-kremas-50-g\/#breadcrumb","itemListElement":[{"@type":"ListItem","position":1,"name":"Home","item":"https:\/\/beautycharm.lt\/"},{"@type":"ListItem","position":2,"name":"Parduotuv\u0117","item":"https:\/\/beautycharm.lt\/parduotuve\/"},{"@type":"ListItem","position":3,"name":"G.M. COLLIN SENSIDERM VEIDO KREMAS, 50 G"}]},{"@type":"WebSite","@id":"https:\/\/beautycharm.lt\/#website","url":"https:\/\/beautycharm.lt\/","name":"Beauty Charm","description":"Odos prie\u017ei\u016bra vyrams ir moterims","publisher":{"@id":"https:\/\/beautycharm.lt\/#organization"},"potentialAction":[{"@type":"SearchAction","target":{"@type":"EntryPoint","urlTemplate":"https:\/\/beautycharm.lt\/?s={search_term_string}"},"query-input":{"@type":"PropertyValueSpecification","valueRequired":true,"valueName":"search_term_string"}}],"inLanguage":"en-US"},{"@type":"Organization","@id":"https:\/\/beautycharm.lt\/#organization","name":"Beauty Charm","url":"https:\/\/beautycharm.lt\/","logo":{"@type":"ImageObject","inLanguage":"en-US","@id":"https:\/\/beautycharm.lt\/#\/schema\/logo\/image\/","url":"https:\/\/beautycharm.lt\/wp-content\/uploads\/2025\/08\/BeautyCharm_t_s-1.svg","contentUrl":"https:\/\/beautycharm.lt\/wp-content\/uploads\/2025\/08\/BeautyCharm_t_s-1.svg","width":148,"height":64,"caption":"Beauty Charm"},"image":{"@id":"https:\/\/beautycharm.lt\/#\/schema\/logo\/image\/"},"sameAs":["https:\/\/www.facebook.com\/faceandbodylines\/","https:\/\/www.instagram.com\/the_house_of_charm\/"]}]}},"_links":{"self":[{"href":"https:\/\/beautycharm.lt\/en\/wp-json\/wp\/v2\/product\/1830","targetHints":{"allow":["GET"]}}],"collection":[{"href":"https:\/\/beautycharm.lt\/en\/wp-json\/wp\/v2\/product"}],"about":[{"href":"https:\/\/beautycharm.lt\/en\/wp-json\/wp\/v2\/types\/product"}],"replies":[{"embeddable":true,"href":"https:\/\/beautycharm.lt\/en\/wp-json\/wp\/v2\/comments?post=1830"}],"wp:featuredmedia":[{"embeddable":true,"href":"https:\/\/beautycharm.lt\/en\/wp-json\/wp\/v2\/media\/2296"}],"wp:attachment":[{"href":"https:\/\/beautycharm.lt\/en\/wp-json\/wp\/v2\/media?parent=1830"}],"wp:term":[{"taxonomy":"product_brand","embeddable":true,"href":"https:\/\/beautycharm.lt\/en\/wp-json\/wp\/v2\/product_brand?post=1830"},{"taxonomy":"product_cat","embeddable":true,"href":"https:\/\/beautycharm.lt\/en\/wp-json\/wp\/v2\/product_cat?post=1830"},{"taxonomy":"product_tag","embeddable":true,"href":"https:\/\/beautycharm.lt\/en\/wp-json\/wp\/v2\/product_tag?post=1830"}],"curies":[{"name":"wp","href":"https:\/\/api.w.org\/{rel}","templated":true}]}}