{"id":1826,"date":"2025-07-15T13:56:36","date_gmt":"2025-07-15T10:56:36","guid":{"rendered":"https:\/\/beautycharm.lt\/product\/thesera-stangrinanti-lakstine-veido-kauke-10x25-g\/"},"modified":"2025-08-12T23:19:13","modified_gmt":"2025-08-12T20:19:13","slug":"thesera-stangrinanti-lakstine-veido-kauke-10x25-g","status":"publish","type":"product","link":"https:\/\/beautycharm.lt\/en\/product\/thesera-stangrinanti-lakstine-veido-kauke-10x25-g\/","title":{"rendered":"THESERA FIRMING SHEET FACE MASK, 10\u00d725 g"},"content":{"rendered":"<p>The natural biocellulose sheet perfectly adheres to the contours of the face and skin imperfections, creating ideal conditions for the active ingredients to penetrate. The ergonomic design prevents skin sagging. Tired and damaged skin becomes refreshed and deeply moisturized.<\/p>\n<p>Use: apply after toner. Remove the protective film, place the mask on your face and smooth out any unevenness. Leave on for 15-20 minutes, then remove the mask. Allow the serum residue to absorb into the skin.<\/p>\n<p>Active ingredients: <\/p>\n<p>\thyaluronic acid;<br \/>\n\tceramide NP;<br \/>\n\tfullerene;<br \/>\n\t16 types of natural extracts.<\/p>\n<p>Ingredients:<\/p>\n<p>Aqua, Butylene Glycol, Glycerin, Peg\/Ppg-17\/6 Copolymer, Peg-60 Hydrogenated Castor Oil, Cellulose Gum, Bis-peg-18 Methyl Ether Dimethyl Silane, Caprylyl Glycol, Triethanolamine, 1,2- Hexanediol, Carbomer, Phenoxyethanol, Propanediol, Disodium Edta, Beta-glucan, Citrus Aurantium Bergamia Fruit Oil, Helianthus Annuus Seed Oil, Citrus Limon Peel Oil, Citrus Grandis Peel Oil, Mentha Viridis Leaf Oil, Eucalyptus Globulus Leaf Oil, Pelargonium Graveolens Flower Oil, Hydrolyzed Collagen, Sodium Hyaluronate, Persea Gratissima Fruit Extract, Aloe Barbadensis Leaf Extract, Pentylene Glycol, Royal Jelly Extract, Cocos Nucifera Fruit Extract, Ceramide Np, Fullerenes, Buddleja Davidii Extract, Thymus Vulgaris Flower\/Leaf Extract, Sesamum Indicum Seed Extract, Glycyrrhiza Glabra Root Extract, Cimicifuga Racemosa Root Extract, Polygonum Multiflorum Root Extract, Phellinus Linteus Extract, Angelica Gigas Root Extract, Morus Alba Bark Extract, Paeonia Lactiflora Root Extract, Sophora Angustifolia Root Extract, Scutellaria Baicalensis Root Extract<\/p>","protected":false},"excerpt":{"rendered":"<p>Nat\u016bralios bioceliulioz\u0117s lak\u0161tas puikiai priglunda prie veido kont\u016br\u0173 ir odos neylgum\u0173 taip sudarydamas puikias s\u0105lygas veikli\u0173j\u0173 med\u017eiag\u0173 patekimui. Ergonomi\u0161kas dizainas apsaugo nuo odos suglebimo. Pavargusi bei pa\u017eeista oda tampa gaivi bei itin sudr\u0117kinta. Naudojimas: naudokite po toniko. Pa\u0161alinus apsaugin\u0119 pl\u0117vel\u0119, u\u017ed\u0117kite kauk\u0119 ant veido bei i\u0161lyginkite susidariusius nelygumus. Palikite 15-20 min., v\u0117liau pa\u0161alinkite kauk\u0119. Leiskite<\/p>\n<div class=\"klb-readmore entry-button\"><a class=\"button light alt medium\" href=\"https:\/\/beautycharm.lt\/en\/product\/thesera-stangrinanti-lakstine-veido-kauke-10x25-g\/\">Read More<\/a><\/div>","protected":false},"featured_media":1827,"comment_status":"open","ping_status":"closed","template":"","meta":{"inline_featured_image":false},"product_brand":[86],"product_cat":[128],"product_tag":[],"class_list":{"0":"post-1826","1":"product","2":"type-product","3":"status-publish","4":"has-post-thumbnail","6":"product_brand-thesera-lt","7":"product_cat-kiti-produktai","9":"first","10":"instock","11":"shipping-taxable","12":"purchasable","13":"product-type-simple"},"yoast_head":"<!-- This site is optimized with the Yoast SEO plugin v27.4 - https:\/\/yoast.com\/product\/yoast-seo-wordpress\/ -->\n<title>THESERA STANGRINANTI LAK\u0160TIN\u0116 VEIDO KAUK\u0116, 10x25 g - Beauty Charm<\/title>\n<meta name=\"robots\" content=\"index, follow, max-snippet:-1, max-image-preview:large, max-video-preview:-1\" \/>\n<link rel=\"canonical\" href=\"https:\/\/beautycharm.lt\/en\/product\/thesera-stangrinanti-lakstine-veido-kauke-10x25-g\/\" \/>\n<meta property=\"og:locale\" content=\"en_US\" \/>\n<meta property=\"og:type\" content=\"article\" \/>\n<meta property=\"og:title\" content=\"THESERA STANGRINANTI LAK\u0160TIN\u0116 VEIDO KAUK\u0116, 10x25 g - Beauty Charm\" \/>\n<meta property=\"og:description\" content=\"Nat\u016bralios bioceliulioz\u0117s lak\u0161tas puikiai priglunda prie veido kont\u016br\u0173 ir odos neylgum\u0173 taip sudarydamas puikias s\u0105lygas veikli\u0173j\u0173 med\u017eiag\u0173 patekimui. Ergonomi\u0161kas dizainas apsaugo nuo odos suglebimo. Pavargusi bei pa\u017eeista oda tampa gaivi bei itin sudr\u0117kinta. Naudojimas: naudokite po toniko. Pa\u0161alinus apsaugin\u0119 pl\u0117vel\u0119, u\u017ed\u0117kite kauk\u0119 ant veido bei i\u0161lyginkite susidariusius nelygumus. Palikite 15-20 min., v\u0117liau pa\u0161alinkite kauk\u0119. LeiskiteRead More\" \/>\n<meta property=\"og:url\" content=\"https:\/\/beautycharm.lt\/en\/product\/thesera-stangrinanti-lakstine-veido-kauke-10x25-g\/\" \/>\n<meta property=\"og:site_name\" content=\"Beauty Charm\" \/>\n<meta property=\"article:publisher\" content=\"https:\/\/www.facebook.com\/faceandbodylines\/\" \/>\n<meta property=\"article:modified_time\" content=\"2025-08-12T20:19:13+00:00\" \/>\n<meta property=\"og:image\" content=\"https:\/\/beautycharm.lt\/wp-content\/uploads\/2025\/07\/thesera-stangrinanti-lakstine-veido-kauke-10x25-g.jpg\" \/>\n\t<meta property=\"og:image:width\" content=\"1563\" \/>\n\t<meta property=\"og:image:height\" content=\"1563\" \/>\n\t<meta property=\"og:image:type\" content=\"image\/jpeg\" \/>\n<meta name=\"twitter:card\" content=\"summary_large_image\" \/>\n<meta name=\"twitter:label1\" content=\"Est. reading time\" \/>\n\t<meta name=\"twitter:data1\" content=\"1 minute\" \/>\n<script type=\"application\/ld+json\" class=\"yoast-schema-graph\">{\"@context\":\"https:\\\/\\\/schema.org\",\"@graph\":[{\"@type\":\"WebPage\",\"@id\":\"https:\\\/\\\/beautycharm.lt\\\/produktas\\\/thesera-stangrinanti-lakstine-veido-kauke-10x25-g\\\/\",\"url\":\"https:\\\/\\\/beautycharm.lt\\\/produktas\\\/thesera-stangrinanti-lakstine-veido-kauke-10x25-g\\\/\",\"name\":\"THESERA STANGRINANTI LAK\u0160TIN\u0116 VEIDO KAUK\u0116, 10x25 g - Beauty Charm\",\"isPartOf\":{\"@id\":\"https:\\\/\\\/beautycharm.lt\\\/#website\"},\"primaryImageOfPage\":{\"@id\":\"https:\\\/\\\/beautycharm.lt\\\/produktas\\\/thesera-stangrinanti-lakstine-veido-kauke-10x25-g\\\/#primaryimage\"},\"image\":{\"@id\":\"https:\\\/\\\/beautycharm.lt\\\/produktas\\\/thesera-stangrinanti-lakstine-veido-kauke-10x25-g\\\/#primaryimage\"},\"thumbnailUrl\":\"https:\\\/\\\/beautycharm.lt\\\/wp-content\\\/uploads\\\/2025\\\/07\\\/thesera-stangrinanti-lakstine-veido-kauke-10x25-g.jpg\",\"datePublished\":\"2025-07-15T10:56:36+00:00\",\"dateModified\":\"2025-08-12T20:19:13+00:00\",\"breadcrumb\":{\"@id\":\"https:\\\/\\\/beautycharm.lt\\\/produktas\\\/thesera-stangrinanti-lakstine-veido-kauke-10x25-g\\\/#breadcrumb\"},\"inLanguage\":\"en-US\",\"potentialAction\":[{\"@type\":\"ReadAction\",\"target\":[\"https:\\\/\\\/beautycharm.lt\\\/produktas\\\/thesera-stangrinanti-lakstine-veido-kauke-10x25-g\\\/\"]}]},{\"@type\":\"ImageObject\",\"inLanguage\":\"en-US\",\"@id\":\"https:\\\/\\\/beautycharm.lt\\\/produktas\\\/thesera-stangrinanti-lakstine-veido-kauke-10x25-g\\\/#primaryimage\",\"url\":\"https:\\\/\\\/beautycharm.lt\\\/wp-content\\\/uploads\\\/2025\\\/07\\\/thesera-stangrinanti-lakstine-veido-kauke-10x25-g.jpg\",\"contentUrl\":\"https:\\\/\\\/beautycharm.lt\\\/wp-content\\\/uploads\\\/2025\\\/07\\\/thesera-stangrinanti-lakstine-veido-kauke-10x25-g.jpg\",\"width\":1563,\"height\":1563},{\"@type\":\"BreadcrumbList\",\"@id\":\"https:\\\/\\\/beautycharm.lt\\\/produktas\\\/thesera-stangrinanti-lakstine-veido-kauke-10x25-g\\\/#breadcrumb\",\"itemListElement\":[{\"@type\":\"ListItem\",\"position\":1,\"name\":\"Home\",\"item\":\"https:\\\/\\\/beautycharm.lt\\\/\"},{\"@type\":\"ListItem\",\"position\":2,\"name\":\"Parduotuv\u0117\",\"item\":\"https:\\\/\\\/beautycharm.lt\\\/parduotuve\\\/\"},{\"@type\":\"ListItem\",\"position\":3,\"name\":\"THESERA STANGRINANTI LAK\u0160TIN\u0116 VEIDO KAUK\u0116, 10&#215;25 g\"}]},{\"@type\":\"WebSite\",\"@id\":\"https:\\\/\\\/beautycharm.lt\\\/#website\",\"url\":\"https:\\\/\\\/beautycharm.lt\\\/\",\"name\":\"Beauty Charm\",\"description\":\"Odos prie\u017ei\u016bra vyrams ir moterims\",\"publisher\":{\"@id\":\"https:\\\/\\\/beautycharm.lt\\\/#organization\"},\"potentialAction\":[{\"@type\":\"SearchAction\",\"target\":{\"@type\":\"EntryPoint\",\"urlTemplate\":\"https:\\\/\\\/beautycharm.lt\\\/?s={search_term_string}\"},\"query-input\":{\"@type\":\"PropertyValueSpecification\",\"valueRequired\":true,\"valueName\":\"search_term_string\"}}],\"inLanguage\":\"en-US\"},{\"@type\":\"Organization\",\"@id\":\"https:\\\/\\\/beautycharm.lt\\\/#organization\",\"name\":\"Beauty Charm\",\"url\":\"https:\\\/\\\/beautycharm.lt\\\/\",\"logo\":{\"@type\":\"ImageObject\",\"inLanguage\":\"en-US\",\"@id\":\"https:\\\/\\\/beautycharm.lt\\\/#\\\/schema\\\/logo\\\/image\\\/\",\"url\":\"https:\\\/\\\/beautycharm.lt\\\/wp-content\\\/uploads\\\/2025\\\/08\\\/BeautyCharm_t_s-1.svg\",\"contentUrl\":\"https:\\\/\\\/beautycharm.lt\\\/wp-content\\\/uploads\\\/2025\\\/08\\\/BeautyCharm_t_s-1.svg\",\"width\":148,\"height\":64,\"caption\":\"Beauty Charm\"},\"image\":{\"@id\":\"https:\\\/\\\/beautycharm.lt\\\/#\\\/schema\\\/logo\\\/image\\\/\"},\"sameAs\":[\"https:\\\/\\\/www.facebook.com\\\/faceandbodylines\\\/\",\"https:\\\/\\\/www.instagram.com\\\/the_house_of_charm\\\/\"]}]}<\/script>\n<!-- \/ Yoast SEO plugin. -->","yoast_head_json":{"title":"THESERA STANGRINANTI LAK\u0160TIN\u0116 VEIDO KAUK\u0116, 10x25 g - Beauty Charm","robots":{"index":"index","follow":"follow","max-snippet":"max-snippet:-1","max-image-preview":"max-image-preview:large","max-video-preview":"max-video-preview:-1"},"canonical":"https:\/\/beautycharm.lt\/en\/product\/thesera-stangrinanti-lakstine-veido-kauke-10x25-g\/","og_locale":"en_US","og_type":"article","og_title":"THESERA STANGRINANTI LAK\u0160TIN\u0116 VEIDO KAUK\u0116, 10x25 g - Beauty Charm","og_description":"Nat\u016bralios bioceliulioz\u0117s lak\u0161tas puikiai priglunda prie veido kont\u016br\u0173 ir odos neylgum\u0173 taip sudarydamas puikias s\u0105lygas veikli\u0173j\u0173 med\u017eiag\u0173 patekimui. Ergonomi\u0161kas dizainas apsaugo nuo odos suglebimo. Pavargusi bei pa\u017eeista oda tampa gaivi bei itin sudr\u0117kinta. Naudojimas: naudokite po toniko. Pa\u0161alinus apsaugin\u0119 pl\u0117vel\u0119, u\u017ed\u0117kite kauk\u0119 ant veido bei i\u0161lyginkite susidariusius nelygumus. Palikite 15-20 min., v\u0117liau pa\u0161alinkite kauk\u0119. LeiskiteRead More","og_url":"https:\/\/beautycharm.lt\/en\/product\/thesera-stangrinanti-lakstine-veido-kauke-10x25-g\/","og_site_name":"Beauty Charm","article_publisher":"https:\/\/www.facebook.com\/faceandbodylines\/","article_modified_time":"2025-08-12T20:19:13+00:00","og_image":[{"width":1563,"height":1563,"url":"https:\/\/beautycharm.lt\/wp-content\/uploads\/2025\/07\/thesera-stangrinanti-lakstine-veido-kauke-10x25-g.jpg","type":"image\/jpeg"}],"twitter_card":"summary_large_image","twitter_misc":{"Est. reading time":"1 minute"},"schema":{"@context":"https:\/\/schema.org","@graph":[{"@type":"WebPage","@id":"https:\/\/beautycharm.lt\/produktas\/thesera-stangrinanti-lakstine-veido-kauke-10x25-g\/","url":"https:\/\/beautycharm.lt\/produktas\/thesera-stangrinanti-lakstine-veido-kauke-10x25-g\/","name":"THESERA STANGRINANTI LAK\u0160TIN\u0116 VEIDO KAUK\u0116, 10x25 g - Beauty Charm","isPartOf":{"@id":"https:\/\/beautycharm.lt\/#website"},"primaryImageOfPage":{"@id":"https:\/\/beautycharm.lt\/produktas\/thesera-stangrinanti-lakstine-veido-kauke-10x25-g\/#primaryimage"},"image":{"@id":"https:\/\/beautycharm.lt\/produktas\/thesera-stangrinanti-lakstine-veido-kauke-10x25-g\/#primaryimage"},"thumbnailUrl":"https:\/\/beautycharm.lt\/wp-content\/uploads\/2025\/07\/thesera-stangrinanti-lakstine-veido-kauke-10x25-g.jpg","datePublished":"2025-07-15T10:56:36+00:00","dateModified":"2025-08-12T20:19:13+00:00","breadcrumb":{"@id":"https:\/\/beautycharm.lt\/produktas\/thesera-stangrinanti-lakstine-veido-kauke-10x25-g\/#breadcrumb"},"inLanguage":"en-US","potentialAction":[{"@type":"ReadAction","target":["https:\/\/beautycharm.lt\/produktas\/thesera-stangrinanti-lakstine-veido-kauke-10x25-g\/"]}]},{"@type":"ImageObject","inLanguage":"en-US","@id":"https:\/\/beautycharm.lt\/produktas\/thesera-stangrinanti-lakstine-veido-kauke-10x25-g\/#primaryimage","url":"https:\/\/beautycharm.lt\/wp-content\/uploads\/2025\/07\/thesera-stangrinanti-lakstine-veido-kauke-10x25-g.jpg","contentUrl":"https:\/\/beautycharm.lt\/wp-content\/uploads\/2025\/07\/thesera-stangrinanti-lakstine-veido-kauke-10x25-g.jpg","width":1563,"height":1563},{"@type":"BreadcrumbList","@id":"https:\/\/beautycharm.lt\/produktas\/thesera-stangrinanti-lakstine-veido-kauke-10x25-g\/#breadcrumb","itemListElement":[{"@type":"ListItem","position":1,"name":"Home","item":"https:\/\/beautycharm.lt\/"},{"@type":"ListItem","position":2,"name":"Parduotuv\u0117","item":"https:\/\/beautycharm.lt\/parduotuve\/"},{"@type":"ListItem","position":3,"name":"THESERA STANGRINANTI LAK\u0160TIN\u0116 VEIDO KAUK\u0116, 10&#215;25 g"}]},{"@type":"WebSite","@id":"https:\/\/beautycharm.lt\/#website","url":"https:\/\/beautycharm.lt\/","name":"Beauty Charm","description":"Odos prie\u017ei\u016bra vyrams ir moterims","publisher":{"@id":"https:\/\/beautycharm.lt\/#organization"},"potentialAction":[{"@type":"SearchAction","target":{"@type":"EntryPoint","urlTemplate":"https:\/\/beautycharm.lt\/?s={search_term_string}"},"query-input":{"@type":"PropertyValueSpecification","valueRequired":true,"valueName":"search_term_string"}}],"inLanguage":"en-US"},{"@type":"Organization","@id":"https:\/\/beautycharm.lt\/#organization","name":"Beauty Charm","url":"https:\/\/beautycharm.lt\/","logo":{"@type":"ImageObject","inLanguage":"en-US","@id":"https:\/\/beautycharm.lt\/#\/schema\/logo\/image\/","url":"https:\/\/beautycharm.lt\/wp-content\/uploads\/2025\/08\/BeautyCharm_t_s-1.svg","contentUrl":"https:\/\/beautycharm.lt\/wp-content\/uploads\/2025\/08\/BeautyCharm_t_s-1.svg","width":148,"height":64,"caption":"Beauty Charm"},"image":{"@id":"https:\/\/beautycharm.lt\/#\/schema\/logo\/image\/"},"sameAs":["https:\/\/www.facebook.com\/faceandbodylines\/","https:\/\/www.instagram.com\/the_house_of_charm\/"]}]}},"_links":{"self":[{"href":"https:\/\/beautycharm.lt\/en\/wp-json\/wp\/v2\/product\/1826","targetHints":{"allow":["GET"]}}],"collection":[{"href":"https:\/\/beautycharm.lt\/en\/wp-json\/wp\/v2\/product"}],"about":[{"href":"https:\/\/beautycharm.lt\/en\/wp-json\/wp\/v2\/types\/product"}],"replies":[{"embeddable":true,"href":"https:\/\/beautycharm.lt\/en\/wp-json\/wp\/v2\/comments?post=1826"}],"wp:featuredmedia":[{"embeddable":true,"href":"https:\/\/beautycharm.lt\/en\/wp-json\/wp\/v2\/media\/1827"}],"wp:attachment":[{"href":"https:\/\/beautycharm.lt\/en\/wp-json\/wp\/v2\/media?parent=1826"}],"wp:term":[{"taxonomy":"product_brand","embeddable":true,"href":"https:\/\/beautycharm.lt\/en\/wp-json\/wp\/v2\/product_brand?post=1826"},{"taxonomy":"product_cat","embeddable":true,"href":"https:\/\/beautycharm.lt\/en\/wp-json\/wp\/v2\/product_cat?post=1826"},{"taxonomy":"product_tag","embeddable":true,"href":"https:\/\/beautycharm.lt\/en\/wp-json\/wp\/v2\/product_tag?post=1826"}],"curies":[{"name":"wp","href":"https:\/\/api.w.org\/{rel}","templated":true}]}}