{"id":1825,"date":"2025-07-15T13:56:36","date_gmt":"2025-07-15T10:56:36","guid":{"rendered":"https:\/\/beautycharm.lt\/product\/heliocare-360-md-ak-fluidas-spf-100-50-ml\/"},"modified":"2025-09-08T16:49:33","modified_gmt":"2025-09-08T13:49:33","slug":"heliocare-360-md-ak-fluidas-spf-100-50-ml","status":"publish","type":"product","link":"https:\/\/beautycharm.lt\/en\/product\/heliocare-360-md-ak-fluidas-spf-100-50-ml\/","title":{"rendered":"HELIOCARE 360 MD AK FLUID SPF 100+, 50 ML"},"content":{"rendered":"<p>Protective sunscreen with restorative GenoRepair\u00ae complex for sun-damaged skin.<\/p>\n<p>With Fernblock\u00ae+ filters and restorative and antioxidant active ingredients, the fluid protects against 4 types of radiation (UVB, UVA, visible light, and infrared rays) and is suitable for sun-damaged skin.<\/p>\n<p>Advantages:<\/p>\n<p>SPF100+.<br \/>\nSuitable for sun-damaged skin.<br \/>\nSuitable for skin that needs antioxidant protection.<br \/>\nSuitable for sensitive skin.<\/p>\n<p>Active ingredients: combination of optimal and stable UV filters, Fernblock\u00ae+ technology, Genorepair\u00ae Complex (Photolyase, Glycosylase, Endonuclease), Sulforaphane (Lepidium Sativum Sprout extract) Physavie, OTZ 10, Biomimetic melanin, Arginine, Vederine.<\/p>\n<p>Use: shake well before use. Apply generously and evenly before sun exposure. Reapply frequently, especially in direct and intense sunlight. Apply only to clean, undamaged skin. For skin undergoing pharmacological treatment or after AK or NMSC surgery, use the product once the lesions have healed.<\/p>\n<p>Ingredients:<\/p>\n<p>Aqua; Octocrylene; Arginine; Phenethyl Benzoate; Bis-Ethylhexyloxyphenol Methoxyphenyl Triazine; Disodium Phenyl Dibenzimidazole Tetrasulfonate; Phenylbenzimidazole Sulfonic Acid; Butyl Methoxydibenzoylmethane; Caprylyl Methicone; Tris Biphenyl Triazine(nano); C12-15 Alkyl Benzoate; C14-22 Alcohols; Pentylene Glycol; Dicaprylyl Carbonate; Nylon-12;Cyclopentasiloxane; Lepidium sativum Sprout Extract; Ceteareth-20; Titanium Dioxide(nano); Butylene Glycol; Polypodium leucotomos Leaf Extract; Physalis angulata Extract; Melanin; Camellia Sinensis Extract; Plankton Extract; Cichorium intybus Extract; 3-O-Ethyl Ascorbic Acid; C12-20 Alkyl Glucoside; Dipropylene Gycol Dibenzoate; Disiloxane; Hydrolyzed Wheat Protein\/PVP Crosspolymer; Propylene Glycol; Phenylpropanol; Polyglyceryl-3 Polydimethylsiloxyethyl Dimethicone; Caprylyl Glycol; Propanediol; Aluminum Hydroxide; Stearic Acid; Hydrogenated Dimer Dilinoleyl\/Dimethylcarbonate Copolymer; PPG-15 Stearyl Ether Benzoate;Acrylates\/C10-30 Alkyl Acrylate Crosspolymer ; Xanthan Gum; Glycerin; Disodium EDTA; Tocopheryl Acetate; Caprylic\/Capric Triglyceride; Lecithin; Ethylhexylglycerin; Palmitoyl Hydroxypropyltrimonium Amylopectin\/Glycerin Crosspolymer; 1,2\u2013Hexanediol; Hydrogenated Lecithin; Tocopherol; Phenoxyethanol; BHT; Parfum; Linalool; Limonene.Aqua; Octocrylene; Arginine; Phenethyl Benzoate; Bis-Ethylhexyloxyphenol Methoxyphenyl Triazine; Disodium Phenyl Dibenzimidazole Tetrasulfonate; Phenylbenzimidazole Sulfonic Acid; Butyl Methoxydibenzoylmethane; Caprylyl Methicone; Tris Biphenyl Triazine(nano); C12-15 Alkyl Benzoate; C14-22 Alcohols; Pentylene Glycol; Dicaprylyl Carbonate; Nylon-12;Cyclopentasiloxane; Lepidium sativum Sprout Extract; Ceteareth-20; Titanium Dioxide(nano); Butylene Glycol; Polypodium leucotomos Leaf Extract; Physalis angulata Extract; Melanin; Camellia Sinensis Extract; Plankton Extract; Cichorium intybus Extract; 3-O-Ethyl Ascorbic Acid; C12-20 Alkyl Glucoside; Dipropylene Gycol Dibenzoate; Disiloxane; Hydrolyzed Wheat Protein\/PVP Crosspolymer; Propylene Glycol; Phenylpropanol; Polyglyceryl-3 Polydimethylsiloxyethyl Dimethicone; Caprylyl Glycol; Propanediol; Aluminum Hydroxide; Stearic Acid; Hydrogenated Dimer Dilinoleyl\/Dimethylcarbonate Copolymer; PPG-15 Stearyl Ether Benzoate;Acrylates\/C10-30 Alkyl Acrylate Crosspolymer ; Xanthan Gum; Glycerin; Disodium EDTA; Tocopheryl Acetate; Caprylic\/Capric Triglyceride; Lecithin; Ethylhexylglycerin; Palmitoyl Hydroxypropyltrimonium Amylopectin\/Glycerin Crosspolymer; 1,2\u2013Hexanediol; Hydrogenated Lecithin; Tocopherol; Phenoxyethanol; BHT; Parfum; Linalool; Limonene.<\/p>","protected":false},"excerpt":{"rendered":"<p>Apsauginis fluidas nuo saul\u0117s su atstatomuoju GenoRepair\u00ae kompleksu, skirtas odai, kuriai padaryta saul\u0117s \u017eala. Su Fernblock\u00ae+ filtrais ir atstatomosiomis bei antioksidacin\u0117mis veikliosiomis med\u017eiagomis, fluidas apsaugo nuo 4 tip\u0173 spinduliuot\u0117s (UVB, UVA, matomosios \u0161viesos ir infraraudon\u0173j\u0173 spinduli\u0173) ir yra tinkamas saul\u0117s pa\u017eeistai odai. Privalumai: SPF100+. Tinkamas saul\u0117s pa\u017eeistai odai. Tinka odai, kuriai reikalingas antioksidacinis poveikis. Tinka<\/p>\n<div class=\"klb-readmore entry-button\"><a class=\"button light alt medium\" href=\"https:\/\/beautycharm.lt\/en\/product\/heliocare-360-md-ak-fluidas-spf-100-50-ml\/\">Read More<\/a><\/div>","protected":false},"featured_media":2306,"comment_status":"open","ping_status":"closed","template":"","meta":{"inline_featured_image":false},"product_brand":[89],"product_cat":[128],"product_tag":[],"class_list":{"0":"post-1825","1":"product","2":"type-product","3":"status-publish","4":"has-post-thumbnail","6":"product_brand-heliocare-lt","7":"product_cat-kiti-produktai","9":"first","10":"instock","11":"shipping-taxable","12":"purchasable","13":"product-type-simple"},"yoast_head":"<!-- This site is optimized with the Yoast SEO plugin v27.4 - https:\/\/yoast.com\/product\/yoast-seo-wordpress\/ -->\n<title>HELIOCARE 360 MD AK FLUIDAS SPF 100+, 50 ML - Beauty Charm<\/title>\n<meta name=\"robots\" content=\"index, follow, max-snippet:-1, max-image-preview:large, max-video-preview:-1\" \/>\n<link rel=\"canonical\" href=\"https:\/\/beautycharm.lt\/en\/product\/heliocare-360-md-ak-fluidas-spf-100-50-ml\/\" \/>\n<meta property=\"og:locale\" content=\"en_US\" \/>\n<meta property=\"og:type\" content=\"article\" \/>\n<meta property=\"og:title\" content=\"HELIOCARE 360 MD AK FLUIDAS SPF 100+, 50 ML - Beauty Charm\" \/>\n<meta property=\"og:description\" content=\"Apsauginis fluidas nuo saul\u0117s su atstatomuoju GenoRepair\u00ae kompleksu, skirtas odai, kuriai padaryta saul\u0117s \u017eala. Su Fernblock\u00ae+ filtrais ir atstatomosiomis bei antioksidacin\u0117mis veikliosiomis med\u017eiagomis, fluidas apsaugo nuo 4 tip\u0173 spinduliuot\u0117s (UVB, UVA, matomosios \u0161viesos ir infraraudon\u0173j\u0173 spinduli\u0173) ir yra tinkamas saul\u0117s pa\u017eeistai odai. Privalumai: SPF100+. Tinkamas saul\u0117s pa\u017eeistai odai. Tinka odai, kuriai reikalingas antioksidacinis poveikis. TinkaRead More\" \/>\n<meta property=\"og:url\" content=\"https:\/\/beautycharm.lt\/en\/product\/heliocare-360-md-ak-fluidas-spf-100-50-ml\/\" \/>\n<meta property=\"og:site_name\" content=\"Beauty Charm\" \/>\n<meta property=\"article:publisher\" content=\"https:\/\/www.facebook.com\/faceandbodylines\/\" \/>\n<meta property=\"article:modified_time\" content=\"2025-09-08T13:49:33+00:00\" \/>\n<meta property=\"og:image\" content=\"https:\/\/beautycharm.lt\/wp-content\/uploads\/2025\/07\/heliocare-360-md-ak-fluidas-spf-100-50-ml-413x672-1.png\" \/>\n\t<meta property=\"og:image:width\" content=\"413\" \/>\n\t<meta property=\"og:image:height\" content=\"672\" \/>\n\t<meta property=\"og:image:type\" content=\"image\/png\" \/>\n<meta name=\"twitter:card\" content=\"summary_large_image\" \/>\n<meta name=\"twitter:label1\" content=\"Est. reading time\" \/>\n\t<meta name=\"twitter:data1\" content=\"2 minutes\" \/>\n<script type=\"application\/ld+json\" class=\"yoast-schema-graph\">{\"@context\":\"https:\\\/\\\/schema.org\",\"@graph\":[{\"@type\":\"WebPage\",\"@id\":\"https:\\\/\\\/beautycharm.lt\\\/produktas\\\/heliocare-360-md-ak-fluidas-spf-100-50-ml\\\/\",\"url\":\"https:\\\/\\\/beautycharm.lt\\\/produktas\\\/heliocare-360-md-ak-fluidas-spf-100-50-ml\\\/\",\"name\":\"HELIOCARE 360 MD AK FLUIDAS SPF 100+, 50 ML - Beauty Charm\",\"isPartOf\":{\"@id\":\"https:\\\/\\\/beautycharm.lt\\\/#website\"},\"primaryImageOfPage\":{\"@id\":\"https:\\\/\\\/beautycharm.lt\\\/produktas\\\/heliocare-360-md-ak-fluidas-spf-100-50-ml\\\/#primaryimage\"},\"image\":{\"@id\":\"https:\\\/\\\/beautycharm.lt\\\/produktas\\\/heliocare-360-md-ak-fluidas-spf-100-50-ml\\\/#primaryimage\"},\"thumbnailUrl\":\"https:\\\/\\\/beautycharm.lt\\\/wp-content\\\/uploads\\\/2025\\\/07\\\/heliocare-360-md-ak-fluidas-spf-100-50-ml-413x672-1.png\",\"datePublished\":\"2025-07-15T10:56:36+00:00\",\"dateModified\":\"2025-09-08T13:49:33+00:00\",\"breadcrumb\":{\"@id\":\"https:\\\/\\\/beautycharm.lt\\\/produktas\\\/heliocare-360-md-ak-fluidas-spf-100-50-ml\\\/#breadcrumb\"},\"inLanguage\":\"en-US\",\"potentialAction\":[{\"@type\":\"ReadAction\",\"target\":[\"https:\\\/\\\/beautycharm.lt\\\/produktas\\\/heliocare-360-md-ak-fluidas-spf-100-50-ml\\\/\"]}]},{\"@type\":\"ImageObject\",\"inLanguage\":\"en-US\",\"@id\":\"https:\\\/\\\/beautycharm.lt\\\/produktas\\\/heliocare-360-md-ak-fluidas-spf-100-50-ml\\\/#primaryimage\",\"url\":\"https:\\\/\\\/beautycharm.lt\\\/wp-content\\\/uploads\\\/2025\\\/07\\\/heliocare-360-md-ak-fluidas-spf-100-50-ml-413x672-1.png\",\"contentUrl\":\"https:\\\/\\\/beautycharm.lt\\\/wp-content\\\/uploads\\\/2025\\\/07\\\/heliocare-360-md-ak-fluidas-spf-100-50-ml-413x672-1.png\",\"width\":413,\"height\":672},{\"@type\":\"BreadcrumbList\",\"@id\":\"https:\\\/\\\/beautycharm.lt\\\/produktas\\\/heliocare-360-md-ak-fluidas-spf-100-50-ml\\\/#breadcrumb\",\"itemListElement\":[{\"@type\":\"ListItem\",\"position\":1,\"name\":\"Home\",\"item\":\"https:\\\/\\\/beautycharm.lt\\\/\"},{\"@type\":\"ListItem\",\"position\":2,\"name\":\"Parduotuv\u0117\",\"item\":\"https:\\\/\\\/beautycharm.lt\\\/parduotuve\\\/\"},{\"@type\":\"ListItem\",\"position\":3,\"name\":\"HELIOCARE 360 MD AK FLUIDAS SPF 100+, 50 ML\"}]},{\"@type\":\"WebSite\",\"@id\":\"https:\\\/\\\/beautycharm.lt\\\/#website\",\"url\":\"https:\\\/\\\/beautycharm.lt\\\/\",\"name\":\"Beauty Charm\",\"description\":\"Odos prie\u017ei\u016bra vyrams ir moterims\",\"publisher\":{\"@id\":\"https:\\\/\\\/beautycharm.lt\\\/#organization\"},\"potentialAction\":[{\"@type\":\"SearchAction\",\"target\":{\"@type\":\"EntryPoint\",\"urlTemplate\":\"https:\\\/\\\/beautycharm.lt\\\/?s={search_term_string}\"},\"query-input\":{\"@type\":\"PropertyValueSpecification\",\"valueRequired\":true,\"valueName\":\"search_term_string\"}}],\"inLanguage\":\"en-US\"},{\"@type\":\"Organization\",\"@id\":\"https:\\\/\\\/beautycharm.lt\\\/#organization\",\"name\":\"Beauty Charm\",\"url\":\"https:\\\/\\\/beautycharm.lt\\\/\",\"logo\":{\"@type\":\"ImageObject\",\"inLanguage\":\"en-US\",\"@id\":\"https:\\\/\\\/beautycharm.lt\\\/#\\\/schema\\\/logo\\\/image\\\/\",\"url\":\"https:\\\/\\\/beautycharm.lt\\\/wp-content\\\/uploads\\\/2025\\\/08\\\/BeautyCharm_t_s-1.svg\",\"contentUrl\":\"https:\\\/\\\/beautycharm.lt\\\/wp-content\\\/uploads\\\/2025\\\/08\\\/BeautyCharm_t_s-1.svg\",\"width\":148,\"height\":64,\"caption\":\"Beauty Charm\"},\"image\":{\"@id\":\"https:\\\/\\\/beautycharm.lt\\\/#\\\/schema\\\/logo\\\/image\\\/\"},\"sameAs\":[\"https:\\\/\\\/www.facebook.com\\\/faceandbodylines\\\/\",\"https:\\\/\\\/www.instagram.com\\\/the_house_of_charm\\\/\"]}]}<\/script>\n<!-- \/ Yoast SEO plugin. -->","yoast_head_json":{"title":"HELIOCARE 360 MD AK FLUIDAS SPF 100+, 50 ML - Beauty Charm","robots":{"index":"index","follow":"follow","max-snippet":"max-snippet:-1","max-image-preview":"max-image-preview:large","max-video-preview":"max-video-preview:-1"},"canonical":"https:\/\/beautycharm.lt\/en\/product\/heliocare-360-md-ak-fluidas-spf-100-50-ml\/","og_locale":"en_US","og_type":"article","og_title":"HELIOCARE 360 MD AK FLUIDAS SPF 100+, 50 ML - Beauty Charm","og_description":"Apsauginis fluidas nuo saul\u0117s su atstatomuoju GenoRepair\u00ae kompleksu, skirtas odai, kuriai padaryta saul\u0117s \u017eala. Su Fernblock\u00ae+ filtrais ir atstatomosiomis bei antioksidacin\u0117mis veikliosiomis med\u017eiagomis, fluidas apsaugo nuo 4 tip\u0173 spinduliuot\u0117s (UVB, UVA, matomosios \u0161viesos ir infraraudon\u0173j\u0173 spinduli\u0173) ir yra tinkamas saul\u0117s pa\u017eeistai odai. Privalumai: SPF100+. Tinkamas saul\u0117s pa\u017eeistai odai. Tinka odai, kuriai reikalingas antioksidacinis poveikis. TinkaRead More","og_url":"https:\/\/beautycharm.lt\/en\/product\/heliocare-360-md-ak-fluidas-spf-100-50-ml\/","og_site_name":"Beauty Charm","article_publisher":"https:\/\/www.facebook.com\/faceandbodylines\/","article_modified_time":"2025-09-08T13:49:33+00:00","og_image":[{"width":413,"height":672,"url":"https:\/\/beautycharm.lt\/wp-content\/uploads\/2025\/07\/heliocare-360-md-ak-fluidas-spf-100-50-ml-413x672-1.png","type":"image\/png"}],"twitter_card":"summary_large_image","twitter_misc":{"Est. reading time":"2 minutes"},"schema":{"@context":"https:\/\/schema.org","@graph":[{"@type":"WebPage","@id":"https:\/\/beautycharm.lt\/produktas\/heliocare-360-md-ak-fluidas-spf-100-50-ml\/","url":"https:\/\/beautycharm.lt\/produktas\/heliocare-360-md-ak-fluidas-spf-100-50-ml\/","name":"HELIOCARE 360 MD AK FLUIDAS SPF 100+, 50 ML - Beauty Charm","isPartOf":{"@id":"https:\/\/beautycharm.lt\/#website"},"primaryImageOfPage":{"@id":"https:\/\/beautycharm.lt\/produktas\/heliocare-360-md-ak-fluidas-spf-100-50-ml\/#primaryimage"},"image":{"@id":"https:\/\/beautycharm.lt\/produktas\/heliocare-360-md-ak-fluidas-spf-100-50-ml\/#primaryimage"},"thumbnailUrl":"https:\/\/beautycharm.lt\/wp-content\/uploads\/2025\/07\/heliocare-360-md-ak-fluidas-spf-100-50-ml-413x672-1.png","datePublished":"2025-07-15T10:56:36+00:00","dateModified":"2025-09-08T13:49:33+00:00","breadcrumb":{"@id":"https:\/\/beautycharm.lt\/produktas\/heliocare-360-md-ak-fluidas-spf-100-50-ml\/#breadcrumb"},"inLanguage":"en-US","potentialAction":[{"@type":"ReadAction","target":["https:\/\/beautycharm.lt\/produktas\/heliocare-360-md-ak-fluidas-spf-100-50-ml\/"]}]},{"@type":"ImageObject","inLanguage":"en-US","@id":"https:\/\/beautycharm.lt\/produktas\/heliocare-360-md-ak-fluidas-spf-100-50-ml\/#primaryimage","url":"https:\/\/beautycharm.lt\/wp-content\/uploads\/2025\/07\/heliocare-360-md-ak-fluidas-spf-100-50-ml-413x672-1.png","contentUrl":"https:\/\/beautycharm.lt\/wp-content\/uploads\/2025\/07\/heliocare-360-md-ak-fluidas-spf-100-50-ml-413x672-1.png","width":413,"height":672},{"@type":"BreadcrumbList","@id":"https:\/\/beautycharm.lt\/produktas\/heliocare-360-md-ak-fluidas-spf-100-50-ml\/#breadcrumb","itemListElement":[{"@type":"ListItem","position":1,"name":"Home","item":"https:\/\/beautycharm.lt\/"},{"@type":"ListItem","position":2,"name":"Parduotuv\u0117","item":"https:\/\/beautycharm.lt\/parduotuve\/"},{"@type":"ListItem","position":3,"name":"HELIOCARE 360 MD AK FLUIDAS SPF 100+, 50 ML"}]},{"@type":"WebSite","@id":"https:\/\/beautycharm.lt\/#website","url":"https:\/\/beautycharm.lt\/","name":"Beauty Charm","description":"Odos prie\u017ei\u016bra vyrams ir moterims","publisher":{"@id":"https:\/\/beautycharm.lt\/#organization"},"potentialAction":[{"@type":"SearchAction","target":{"@type":"EntryPoint","urlTemplate":"https:\/\/beautycharm.lt\/?s={search_term_string}"},"query-input":{"@type":"PropertyValueSpecification","valueRequired":true,"valueName":"search_term_string"}}],"inLanguage":"en-US"},{"@type":"Organization","@id":"https:\/\/beautycharm.lt\/#organization","name":"Beauty Charm","url":"https:\/\/beautycharm.lt\/","logo":{"@type":"ImageObject","inLanguage":"en-US","@id":"https:\/\/beautycharm.lt\/#\/schema\/logo\/image\/","url":"https:\/\/beautycharm.lt\/wp-content\/uploads\/2025\/08\/BeautyCharm_t_s-1.svg","contentUrl":"https:\/\/beautycharm.lt\/wp-content\/uploads\/2025\/08\/BeautyCharm_t_s-1.svg","width":148,"height":64,"caption":"Beauty Charm"},"image":{"@id":"https:\/\/beautycharm.lt\/#\/schema\/logo\/image\/"},"sameAs":["https:\/\/www.facebook.com\/faceandbodylines\/","https:\/\/www.instagram.com\/the_house_of_charm\/"]}]}},"_links":{"self":[{"href":"https:\/\/beautycharm.lt\/en\/wp-json\/wp\/v2\/product\/1825","targetHints":{"allow":["GET"]}}],"collection":[{"href":"https:\/\/beautycharm.lt\/en\/wp-json\/wp\/v2\/product"}],"about":[{"href":"https:\/\/beautycharm.lt\/en\/wp-json\/wp\/v2\/types\/product"}],"replies":[{"embeddable":true,"href":"https:\/\/beautycharm.lt\/en\/wp-json\/wp\/v2\/comments?post=1825"}],"wp:featuredmedia":[{"embeddable":true,"href":"https:\/\/beautycharm.lt\/en\/wp-json\/wp\/v2\/media\/2306"}],"wp:attachment":[{"href":"https:\/\/beautycharm.lt\/en\/wp-json\/wp\/v2\/media?parent=1825"}],"wp:term":[{"taxonomy":"product_brand","embeddable":true,"href":"https:\/\/beautycharm.lt\/en\/wp-json\/wp\/v2\/product_brand?post=1825"},{"taxonomy":"product_cat","embeddable":true,"href":"https:\/\/beautycharm.lt\/en\/wp-json\/wp\/v2\/product_cat?post=1825"},{"taxonomy":"product_tag","embeddable":true,"href":"https:\/\/beautycharm.lt\/en\/wp-json\/wp\/v2\/product_tag?post=1825"}],"curies":[{"name":"wp","href":"https:\/\/api.w.org\/{rel}","templated":true}]}}