{"id":1823,"date":"2025-07-15T13:56:36","date_gmt":"2025-07-15T10:56:36","guid":{"rendered":"https:\/\/beautycharm.lt\/product\/heliocare-color-gelinis-veido-kremas-spf50-light-50-ml\/"},"modified":"2025-09-10T15:38:04","modified_gmt":"2025-09-10T12:38:04","slug":"heliocare-color-gelinis-veido-kremas-spf50-light-50-ml","status":"publish","type":"product","link":"https:\/\/beautycharm.lt\/en\/product\/heliocare-color-gelinis-veido-kremas-spf50-light-50-ml\/","title":{"rendered":"HELIOCARE COLOR GELINIS FACE CREAM SPF50 (LIGHT), 50 ML"},"content":{"rendered":"<p>Gel face cream SPF 50, enriched with Fernblock\u00ae and antioxidants.<\/p>\n<p>A moisturizing gel cream suitable for skin that needs protection from daily sun damage. Choose from two shades that can also be used as a daily liquid makeup base.<\/p>\n<p>Advantages:<\/p>\n<p>The cream contains SPF50.<br \/>\nSuitable for sun-damaged skin.<br \/>\nContains antioxidants.<br \/>\nCan be used as a makeup base.<br \/>\nSuitable for skin in need of hydration.<\/p>\n<p>Active ingredients: a combination of optimal and stable UV filters, Fernblock\u00ae technology, glycosylase, green tea.<\/p>\n<p>Use: Apply a small amount of gel cream evenly over the entire face before sun exposure. Reapply frequently, especially after prolonged swimming or heavy perspiration.<\/p>\n<p>Ingredients: AQUA, BUTYLENE GLYCOL COCOATE, C12-15 ALKYL BENZOATE, BIS-ETHYLHEXYLOXYPHENOL METHOXYPHENYL TRIAZINE, CI 77891, DIETHYLHEXYL BUTAMIDO TRIAZONE, CETEARYL ALCOHOL, HEXYLENE GLYCOL, ETHYLHEXYL SALICYLATE, BUTYL METHOXYDIBENZOYLMETHANE, POLYSILICONE-15, TITANIUM DIOXIDE, STEARALKONIUM HECTORITE, MYRISTYL ALCOHOL, COCO-GLUCOSIDE, DIPROPYLENE GLYCOL DIBENZOATE, CETEARETH-25, ETHYLHEXYL TRIAZONE, POLYPODIUM LEUCOTOMOS LEAF EXTRACT, PHENOXYETHANOL, CI 77492, MYRISTYL GLUCOSIDE, DISODIUM ETHYLENE DICOCAMIDE PEG-15 DISULFATE, PANTHENOL, PROPYLENE GLYCOL, PPG-15 STEARYL ETHER BENZOATE, CI 77491, DICAPRYLYL CARBONATE, TOCOPHERYL ACETATE, SODIUM HYALURONATE, CI 77019, CAMELLIA SINENSIS, MANGANESE DIOXIDE, METHYLPARABEN, PROPYLPARABEN, DISODIUM EDTA, PARFUM, PROPYLENE CARBONATE, BHT, LINALOOL, LIMONENE.<\/p>","protected":false},"excerpt":{"rendered":"<p>Gelinis veido kremas SPF 50, kurio sud\u0117tis yra praturtinta Fernblock\u00ae bei antioksidantais. Dr\u0117kinantis gelinis kremas, tinkamas odai, kuriai reikalinga apsauga nuo kasdien daromos saul\u0117s \u017ealos. Galima rinktis i\u0161 2 atspalvi\u0173, kurie gali b\u016bti naudojami ir kaip kasdienis skystas makia\u017eo pagrindas. Privalumai: Kremo sud\u0117tyje yra SPF50. Tinka saul\u0117s pa\u017eeistai odai. Sud\u0117tyje yra antioksidant\u0173. Gali b\u016bti naudojamas<\/p>\n<div class=\"klb-readmore entry-button\"><a class=\"button light alt medium\" href=\"https:\/\/beautycharm.lt\/en\/product\/heliocare-color-gelinis-veido-kremas-spf50-light-50-ml\/\">Read More<\/a><\/div>","protected":false},"featured_media":2308,"comment_status":"open","ping_status":"closed","template":"","meta":{"inline_featured_image":false},"product_brand":[89],"product_cat":[128],"product_tag":[],"class_list":{"0":"post-1823","1":"product","2":"type-product","3":"status-publish","4":"has-post-thumbnail","6":"product_brand-heliocare-lt","7":"product_cat-kiti-produktai","9":"first","10":"instock","11":"shipping-taxable","12":"purchasable","13":"product-type-simple"},"yoast_head":"<!-- This site is optimized with the Yoast SEO plugin v27.4 - https:\/\/yoast.com\/product\/yoast-seo-wordpress\/ -->\n<title>HELIOCARE COLOR GELINIS VEIDO KREMAS SPF50 (LIGHT), 50 ML - Beauty Charm<\/title>\n<meta name=\"robots\" content=\"index, follow, max-snippet:-1, max-image-preview:large, max-video-preview:-1\" \/>\n<link rel=\"canonical\" href=\"https:\/\/beautycharm.lt\/en\/product\/heliocare-color-gelinis-veido-kremas-spf50-light-50-ml\/\" \/>\n<meta property=\"og:locale\" content=\"en_US\" \/>\n<meta property=\"og:type\" content=\"article\" \/>\n<meta property=\"og:title\" content=\"HELIOCARE COLOR GELINIS VEIDO KREMAS SPF50 (LIGHT), 50 ML - Beauty Charm\" \/>\n<meta property=\"og:description\" content=\"Gelinis veido kremas SPF 50, kurio sud\u0117tis yra praturtinta Fernblock\u00ae bei antioksidantais. Dr\u0117kinantis gelinis kremas, tinkamas odai, kuriai reikalinga apsauga nuo kasdien daromos saul\u0117s \u017ealos. Galima rinktis i\u0161 2 atspalvi\u0173, kurie gali b\u016bti naudojami ir kaip kasdienis skystas makia\u017eo pagrindas. Privalumai: Kremo sud\u0117tyje yra SPF50. Tinka saul\u0117s pa\u017eeistai odai. Sud\u0117tyje yra antioksidant\u0173. Gali b\u016bti naudojamasRead More\" \/>\n<meta property=\"og:url\" content=\"https:\/\/beautycharm.lt\/en\/product\/heliocare-color-gelinis-veido-kremas-spf50-light-50-ml\/\" \/>\n<meta property=\"og:site_name\" content=\"Beauty Charm\" \/>\n<meta property=\"article:publisher\" content=\"https:\/\/www.facebook.com\/faceandbodylines\/\" \/>\n<meta property=\"article:modified_time\" content=\"2025-09-10T12:38:04+00:00\" \/>\n<meta property=\"og:image\" content=\"https:\/\/beautycharm.lt\/wp-content\/uploads\/2025\/07\/heliocare-color-gelinis-veido-kremas-spf50-light-50-ml-413x672-1.png\" \/>\n\t<meta property=\"og:image:width\" content=\"413\" \/>\n\t<meta property=\"og:image:height\" content=\"672\" \/>\n\t<meta property=\"og:image:type\" content=\"image\/png\" \/>\n<meta name=\"twitter:card\" content=\"summary_large_image\" \/>\n<meta name=\"twitter:label1\" content=\"Est. reading time\" \/>\n\t<meta name=\"twitter:data1\" content=\"2 minutes\" \/>\n<script type=\"application\/ld+json\" class=\"yoast-schema-graph\">{\"@context\":\"https:\\\/\\\/schema.org\",\"@graph\":[{\"@type\":\"WebPage\",\"@id\":\"https:\\\/\\\/beautycharm.lt\\\/produktas\\\/heliocare-color-gelinis-veido-kremas-spf50-light-50-ml\\\/\",\"url\":\"https:\\\/\\\/beautycharm.lt\\\/produktas\\\/heliocare-color-gelinis-veido-kremas-spf50-light-50-ml\\\/\",\"name\":\"HELIOCARE COLOR GELINIS VEIDO KREMAS SPF50 (LIGHT), 50 ML - Beauty Charm\",\"isPartOf\":{\"@id\":\"https:\\\/\\\/beautycharm.lt\\\/#website\"},\"primaryImageOfPage\":{\"@id\":\"https:\\\/\\\/beautycharm.lt\\\/produktas\\\/heliocare-color-gelinis-veido-kremas-spf50-light-50-ml\\\/#primaryimage\"},\"image\":{\"@id\":\"https:\\\/\\\/beautycharm.lt\\\/produktas\\\/heliocare-color-gelinis-veido-kremas-spf50-light-50-ml\\\/#primaryimage\"},\"thumbnailUrl\":\"https:\\\/\\\/beautycharm.lt\\\/wp-content\\\/uploads\\\/2025\\\/07\\\/heliocare-color-gelinis-veido-kremas-spf50-light-50-ml-413x672-1.png\",\"datePublished\":\"2025-07-15T10:56:36+00:00\",\"dateModified\":\"2025-09-10T12:38:04+00:00\",\"breadcrumb\":{\"@id\":\"https:\\\/\\\/beautycharm.lt\\\/produktas\\\/heliocare-color-gelinis-veido-kremas-spf50-light-50-ml\\\/#breadcrumb\"},\"inLanguage\":\"en-US\",\"potentialAction\":[{\"@type\":\"ReadAction\",\"target\":[\"https:\\\/\\\/beautycharm.lt\\\/produktas\\\/heliocare-color-gelinis-veido-kremas-spf50-light-50-ml\\\/\"]}]},{\"@type\":\"ImageObject\",\"inLanguage\":\"en-US\",\"@id\":\"https:\\\/\\\/beautycharm.lt\\\/produktas\\\/heliocare-color-gelinis-veido-kremas-spf50-light-50-ml\\\/#primaryimage\",\"url\":\"https:\\\/\\\/beautycharm.lt\\\/wp-content\\\/uploads\\\/2025\\\/07\\\/heliocare-color-gelinis-veido-kremas-spf50-light-50-ml-413x672-1.png\",\"contentUrl\":\"https:\\\/\\\/beautycharm.lt\\\/wp-content\\\/uploads\\\/2025\\\/07\\\/heliocare-color-gelinis-veido-kremas-spf50-light-50-ml-413x672-1.png\",\"width\":413,\"height\":672},{\"@type\":\"BreadcrumbList\",\"@id\":\"https:\\\/\\\/beautycharm.lt\\\/produktas\\\/heliocare-color-gelinis-veido-kremas-spf50-light-50-ml\\\/#breadcrumb\",\"itemListElement\":[{\"@type\":\"ListItem\",\"position\":1,\"name\":\"Home\",\"item\":\"https:\\\/\\\/beautycharm.lt\\\/\"},{\"@type\":\"ListItem\",\"position\":2,\"name\":\"Parduotuv\u0117\",\"item\":\"https:\\\/\\\/beautycharm.lt\\\/parduotuve\\\/\"},{\"@type\":\"ListItem\",\"position\":3,\"name\":\"HELIOCARE COLOR GELINIS VEIDO KREMAS SPF50 (LIGHT), 50 ML\"}]},{\"@type\":\"WebSite\",\"@id\":\"https:\\\/\\\/beautycharm.lt\\\/#website\",\"url\":\"https:\\\/\\\/beautycharm.lt\\\/\",\"name\":\"Beauty Charm\",\"description\":\"Odos prie\u017ei\u016bra vyrams ir moterims\",\"publisher\":{\"@id\":\"https:\\\/\\\/beautycharm.lt\\\/#organization\"},\"potentialAction\":[{\"@type\":\"SearchAction\",\"target\":{\"@type\":\"EntryPoint\",\"urlTemplate\":\"https:\\\/\\\/beautycharm.lt\\\/?s={search_term_string}\"},\"query-input\":{\"@type\":\"PropertyValueSpecification\",\"valueRequired\":true,\"valueName\":\"search_term_string\"}}],\"inLanguage\":\"en-US\"},{\"@type\":\"Organization\",\"@id\":\"https:\\\/\\\/beautycharm.lt\\\/#organization\",\"name\":\"Beauty Charm\",\"url\":\"https:\\\/\\\/beautycharm.lt\\\/\",\"logo\":{\"@type\":\"ImageObject\",\"inLanguage\":\"en-US\",\"@id\":\"https:\\\/\\\/beautycharm.lt\\\/#\\\/schema\\\/logo\\\/image\\\/\",\"url\":\"https:\\\/\\\/beautycharm.lt\\\/wp-content\\\/uploads\\\/2025\\\/08\\\/BeautyCharm_t_s-1.svg\",\"contentUrl\":\"https:\\\/\\\/beautycharm.lt\\\/wp-content\\\/uploads\\\/2025\\\/08\\\/BeautyCharm_t_s-1.svg\",\"width\":148,\"height\":64,\"caption\":\"Beauty Charm\"},\"image\":{\"@id\":\"https:\\\/\\\/beautycharm.lt\\\/#\\\/schema\\\/logo\\\/image\\\/\"},\"sameAs\":[\"https:\\\/\\\/www.facebook.com\\\/faceandbodylines\\\/\",\"https:\\\/\\\/www.instagram.com\\\/the_house_of_charm\\\/\"]}]}<\/script>\n<!-- \/ Yoast SEO plugin. -->","yoast_head_json":{"title":"HELIOCARE COLOR GELINIS VEIDO KREMAS SPF50 (LIGHT), 50 ML - Beauty Charm","robots":{"index":"index","follow":"follow","max-snippet":"max-snippet:-1","max-image-preview":"max-image-preview:large","max-video-preview":"max-video-preview:-1"},"canonical":"https:\/\/beautycharm.lt\/en\/product\/heliocare-color-gelinis-veido-kremas-spf50-light-50-ml\/","og_locale":"en_US","og_type":"article","og_title":"HELIOCARE COLOR GELINIS VEIDO KREMAS SPF50 (LIGHT), 50 ML - Beauty Charm","og_description":"Gelinis veido kremas SPF 50, kurio sud\u0117tis yra praturtinta Fernblock\u00ae bei antioksidantais. Dr\u0117kinantis gelinis kremas, tinkamas odai, kuriai reikalinga apsauga nuo kasdien daromos saul\u0117s \u017ealos. Galima rinktis i\u0161 2 atspalvi\u0173, kurie gali b\u016bti naudojami ir kaip kasdienis skystas makia\u017eo pagrindas. Privalumai: Kremo sud\u0117tyje yra SPF50. Tinka saul\u0117s pa\u017eeistai odai. Sud\u0117tyje yra antioksidant\u0173. Gali b\u016bti naudojamasRead More","og_url":"https:\/\/beautycharm.lt\/en\/product\/heliocare-color-gelinis-veido-kremas-spf50-light-50-ml\/","og_site_name":"Beauty Charm","article_publisher":"https:\/\/www.facebook.com\/faceandbodylines\/","article_modified_time":"2025-09-10T12:38:04+00:00","og_image":[{"width":413,"height":672,"url":"https:\/\/beautycharm.lt\/wp-content\/uploads\/2025\/07\/heliocare-color-gelinis-veido-kremas-spf50-light-50-ml-413x672-1.png","type":"image\/png"}],"twitter_card":"summary_large_image","twitter_misc":{"Est. reading time":"2 minutes"},"schema":{"@context":"https:\/\/schema.org","@graph":[{"@type":"WebPage","@id":"https:\/\/beautycharm.lt\/produktas\/heliocare-color-gelinis-veido-kremas-spf50-light-50-ml\/","url":"https:\/\/beautycharm.lt\/produktas\/heliocare-color-gelinis-veido-kremas-spf50-light-50-ml\/","name":"HELIOCARE COLOR GELINIS VEIDO KREMAS SPF50 (LIGHT), 50 ML - Beauty Charm","isPartOf":{"@id":"https:\/\/beautycharm.lt\/#website"},"primaryImageOfPage":{"@id":"https:\/\/beautycharm.lt\/produktas\/heliocare-color-gelinis-veido-kremas-spf50-light-50-ml\/#primaryimage"},"image":{"@id":"https:\/\/beautycharm.lt\/produktas\/heliocare-color-gelinis-veido-kremas-spf50-light-50-ml\/#primaryimage"},"thumbnailUrl":"https:\/\/beautycharm.lt\/wp-content\/uploads\/2025\/07\/heliocare-color-gelinis-veido-kremas-spf50-light-50-ml-413x672-1.png","datePublished":"2025-07-15T10:56:36+00:00","dateModified":"2025-09-10T12:38:04+00:00","breadcrumb":{"@id":"https:\/\/beautycharm.lt\/produktas\/heliocare-color-gelinis-veido-kremas-spf50-light-50-ml\/#breadcrumb"},"inLanguage":"en-US","potentialAction":[{"@type":"ReadAction","target":["https:\/\/beautycharm.lt\/produktas\/heliocare-color-gelinis-veido-kremas-spf50-light-50-ml\/"]}]},{"@type":"ImageObject","inLanguage":"en-US","@id":"https:\/\/beautycharm.lt\/produktas\/heliocare-color-gelinis-veido-kremas-spf50-light-50-ml\/#primaryimage","url":"https:\/\/beautycharm.lt\/wp-content\/uploads\/2025\/07\/heliocare-color-gelinis-veido-kremas-spf50-light-50-ml-413x672-1.png","contentUrl":"https:\/\/beautycharm.lt\/wp-content\/uploads\/2025\/07\/heliocare-color-gelinis-veido-kremas-spf50-light-50-ml-413x672-1.png","width":413,"height":672},{"@type":"BreadcrumbList","@id":"https:\/\/beautycharm.lt\/produktas\/heliocare-color-gelinis-veido-kremas-spf50-light-50-ml\/#breadcrumb","itemListElement":[{"@type":"ListItem","position":1,"name":"Home","item":"https:\/\/beautycharm.lt\/"},{"@type":"ListItem","position":2,"name":"Parduotuv\u0117","item":"https:\/\/beautycharm.lt\/parduotuve\/"},{"@type":"ListItem","position":3,"name":"HELIOCARE COLOR GELINIS VEIDO KREMAS SPF50 (LIGHT), 50 ML"}]},{"@type":"WebSite","@id":"https:\/\/beautycharm.lt\/#website","url":"https:\/\/beautycharm.lt\/","name":"Beauty Charm","description":"Odos prie\u017ei\u016bra vyrams ir moterims","publisher":{"@id":"https:\/\/beautycharm.lt\/#organization"},"potentialAction":[{"@type":"SearchAction","target":{"@type":"EntryPoint","urlTemplate":"https:\/\/beautycharm.lt\/?s={search_term_string}"},"query-input":{"@type":"PropertyValueSpecification","valueRequired":true,"valueName":"search_term_string"}}],"inLanguage":"en-US"},{"@type":"Organization","@id":"https:\/\/beautycharm.lt\/#organization","name":"Beauty Charm","url":"https:\/\/beautycharm.lt\/","logo":{"@type":"ImageObject","inLanguage":"en-US","@id":"https:\/\/beautycharm.lt\/#\/schema\/logo\/image\/","url":"https:\/\/beautycharm.lt\/wp-content\/uploads\/2025\/08\/BeautyCharm_t_s-1.svg","contentUrl":"https:\/\/beautycharm.lt\/wp-content\/uploads\/2025\/08\/BeautyCharm_t_s-1.svg","width":148,"height":64,"caption":"Beauty Charm"},"image":{"@id":"https:\/\/beautycharm.lt\/#\/schema\/logo\/image\/"},"sameAs":["https:\/\/www.facebook.com\/faceandbodylines\/","https:\/\/www.instagram.com\/the_house_of_charm\/"]}]}},"_links":{"self":[{"href":"https:\/\/beautycharm.lt\/en\/wp-json\/wp\/v2\/product\/1823","targetHints":{"allow":["GET"]}}],"collection":[{"href":"https:\/\/beautycharm.lt\/en\/wp-json\/wp\/v2\/product"}],"about":[{"href":"https:\/\/beautycharm.lt\/en\/wp-json\/wp\/v2\/types\/product"}],"replies":[{"embeddable":true,"href":"https:\/\/beautycharm.lt\/en\/wp-json\/wp\/v2\/comments?post=1823"}],"wp:featuredmedia":[{"embeddable":true,"href":"https:\/\/beautycharm.lt\/en\/wp-json\/wp\/v2\/media\/2308"}],"wp:attachment":[{"href":"https:\/\/beautycharm.lt\/en\/wp-json\/wp\/v2\/media?parent=1823"}],"wp:term":[{"taxonomy":"product_brand","embeddable":true,"href":"https:\/\/beautycharm.lt\/en\/wp-json\/wp\/v2\/product_brand?post=1823"},{"taxonomy":"product_cat","embeddable":true,"href":"https:\/\/beautycharm.lt\/en\/wp-json\/wp\/v2\/product_cat?post=1823"},{"taxonomy":"product_tag","embeddable":true,"href":"https:\/\/beautycharm.lt\/en\/wp-json\/wp\/v2\/product_tag?post=1823"}],"curies":[{"name":"wp","href":"https:\/\/api.w.org\/{rel}","templated":true}]}}