{"id":1822,"date":"2025-07-15T13:56:36","date_gmt":"2025-07-15T10:56:36","guid":{"rendered":"https:\/\/beautycharm.lt\/product\/biretix-isorepair-veido-kremas-50-ml\/"},"modified":"2025-09-08T16:23:58","modified_gmt":"2025-09-08T13:23:58","slug":"biretix-isorepair-veido-kremas-50-ml","status":"publish","type":"product","link":"https:\/\/beautycharm.lt\/en\/product\/biretix-isorepair-veido-kremas-50-ml\/","title":{"rendered":"BIRETIX ISOREPAIR FACE CREAM, 50 ML"},"content":{"rendered":"<p>Active ingredients such as ceramides, hyaluronic acid, vitamin E, and SCA\u00ae Growth Factor Technology help restore the skin, providing long-lasting moisturization and reducing feelings of tightness and irritation.<\/p>\n<p>Advantages:<\/p>\n<p>helps restore the skin's barrier function;<br \/>\nhelps restore skin moisture and softness after treatment with oral and\/or topical retinoids;<br \/>\nTested by dermatologists;<br \/>\nnon-comedogenic.<\/p>\n<p>Active ingredients:<\/p>\n<p>SCA\u00ae Growth Factor Technology<br \/>\nHyaluronic acid<br \/>\nCeramides<br \/>\nFibrous boswellia extract<br \/>\nVitamin E<\/p>\n<p>Use: Apply once or several times a day, as needed, to completely clean skin.<\/p>\n<p>Ingredients:<\/p>\n<p>Aqua; C12-20 Acid PEG-8 Ester; Squalane; Snail Secretion Filtrate; C12-15 Alkyl Benzoate; Hexylene Glycol; Saccharide Isomerate; PPG-20 Methyl Glucose Ether; Dipropylene Glycol; Ammonium Acryloyldimethyltaurate\/VP copolymer; Propanediol; Fructose; Glucose; Cetyl Alcohol; Tocopheryl Acetate; Arginine; Gluconolactone; Boswellia serrata Gum Extract; Glucosyl Ceramide; Phospholipids; Cholesterol; Calcium Gluconate; Sodium Hyaluronate; Sucrose; Urea; Dextrin; Alanine; Glutamic Acid; Aspartic Acid; Hexyl Nicotinate; Maltodextrin; Phenoxyethanol; Disodium EDTA; Sodium Citrate; Citric Acid; Sodium Benzoate; Parfum<\/p>","protected":false},"excerpt":{"rendered":"<p>Sud\u0117tyje esan\u010dios veikliosios med\u017eiagos, tokios kaip keramidai, hialurono r\u016bg\u0161tis, vitaminas E ir SCA\u00ae Growth Factor Technology, padeda atkurti od\u0105, suteikdamos ilgalaik\u012f dr\u0117kinam\u0105j\u012f poveik\u012f ir suma\u017eindamos tempimo bei sudirgimo poj\u016bt\u012f. Privalumai: padeda atsatyti barjerin\u0119 odos funkcij\u0105; padeda atkurti odos dr\u0117gm\u0119 bei mink\u0161tum\u0105 po gydymo geriamaisiais ir (arba) tepamais retinoidais; i\u0161bandyta dermatolog\u0173; nekomedoninis. Veikliosios med\u017eiagos: SCA\u00ae Growth<\/p>\n<div class=\"klb-readmore entry-button\"><a class=\"button light alt medium\" href=\"https:\/\/beautycharm.lt\/en\/product\/biretix-isorepair-veido-kremas-50-ml\/\">Read More<\/a><\/div>","protected":false},"featured_media":2300,"comment_status":"open","ping_status":"closed","template":"","meta":{"inline_featured_image":false},"product_brand":[85],"product_cat":[128],"product_tag":[],"class_list":{"0":"post-1822","1":"product","2":"type-product","3":"status-publish","4":"has-post-thumbnail","6":"product_brand-biretix-lt","7":"product_cat-kiti-produktai","9":"first","10":"instock","11":"shipping-taxable","12":"purchasable","13":"product-type-simple"},"yoast_head":"<!-- This site is optimized with the Yoast SEO plugin v27.4 - https:\/\/yoast.com\/product\/yoast-seo-wordpress\/ -->\n<title>BIRETIX ISOREPAIR VEIDO KREMAS, 50 ML - Beauty Charm<\/title>\n<meta name=\"robots\" content=\"index, follow, max-snippet:-1, max-image-preview:large, max-video-preview:-1\" \/>\n<link rel=\"canonical\" href=\"https:\/\/beautycharm.lt\/en\/product\/biretix-isorepair-veido-kremas-50-ml\/\" \/>\n<meta property=\"og:locale\" content=\"en_US\" \/>\n<meta property=\"og:type\" content=\"article\" \/>\n<meta property=\"og:title\" content=\"BIRETIX ISOREPAIR VEIDO KREMAS, 50 ML - Beauty Charm\" \/>\n<meta property=\"og:description\" content=\"Sud\u0117tyje esan\u010dios veikliosios med\u017eiagos, tokios kaip keramidai, hialurono r\u016bg\u0161tis, vitaminas E ir SCA\u00ae Growth Factor Technology, padeda atkurti od\u0105, suteikdamos ilgalaik\u012f dr\u0117kinam\u0105j\u012f poveik\u012f ir suma\u017eindamos tempimo bei sudirgimo poj\u016bt\u012f. Privalumai: padeda atsatyti barjerin\u0119 odos funkcij\u0105; padeda atkurti odos dr\u0117gm\u0119 bei mink\u0161tum\u0105 po gydymo geriamaisiais ir (arba) tepamais retinoidais; i\u0161bandyta dermatolog\u0173; nekomedoninis. Veikliosios med\u017eiagos: SCA\u00ae GrowthRead More\" \/>\n<meta property=\"og:url\" content=\"https:\/\/beautycharm.lt\/en\/product\/biretix-isorepair-veido-kremas-50-ml\/\" \/>\n<meta property=\"og:site_name\" content=\"Beauty Charm\" \/>\n<meta property=\"article:publisher\" content=\"https:\/\/www.facebook.com\/faceandbodylines\/\" \/>\n<meta property=\"article:modified_time\" content=\"2025-09-08T13:23:58+00:00\" \/>\n<meta property=\"og:image\" content=\"https:\/\/beautycharm.lt\/wp-content\/uploads\/2025\/07\/biretix-isorepair-veido-kremas-50-ml-413x672-1.jpeg\" \/>\n\t<meta property=\"og:image:width\" content=\"413\" \/>\n\t<meta property=\"og:image:height\" content=\"672\" \/>\n\t<meta property=\"og:image:type\" content=\"image\/jpeg\" \/>\n<meta name=\"twitter:card\" content=\"summary_large_image\" \/>\n<meta name=\"twitter:label1\" content=\"Est. reading time\" \/>\n\t<meta name=\"twitter:data1\" content=\"2 minutes\" \/>\n<script type=\"application\/ld+json\" class=\"yoast-schema-graph\">{\"@context\":\"https:\\\/\\\/schema.org\",\"@graph\":[{\"@type\":\"WebPage\",\"@id\":\"https:\\\/\\\/beautycharm.lt\\\/produktas\\\/biretix-isorepair-veido-kremas-50-ml\\\/\",\"url\":\"https:\\\/\\\/beautycharm.lt\\\/produktas\\\/biretix-isorepair-veido-kremas-50-ml\\\/\",\"name\":\"BIRETIX ISOREPAIR VEIDO KREMAS, 50 ML - Beauty Charm\",\"isPartOf\":{\"@id\":\"https:\\\/\\\/beautycharm.lt\\\/#website\"},\"primaryImageOfPage\":{\"@id\":\"https:\\\/\\\/beautycharm.lt\\\/produktas\\\/biretix-isorepair-veido-kremas-50-ml\\\/#primaryimage\"},\"image\":{\"@id\":\"https:\\\/\\\/beautycharm.lt\\\/produktas\\\/biretix-isorepair-veido-kremas-50-ml\\\/#primaryimage\"},\"thumbnailUrl\":\"https:\\\/\\\/beautycharm.lt\\\/wp-content\\\/uploads\\\/2025\\\/07\\\/biretix-isorepair-veido-kremas-50-ml-413x672-1.jpeg\",\"datePublished\":\"2025-07-15T10:56:36+00:00\",\"dateModified\":\"2025-09-08T13:23:58+00:00\",\"breadcrumb\":{\"@id\":\"https:\\\/\\\/beautycharm.lt\\\/produktas\\\/biretix-isorepair-veido-kremas-50-ml\\\/#breadcrumb\"},\"inLanguage\":\"en-US\",\"potentialAction\":[{\"@type\":\"ReadAction\",\"target\":[\"https:\\\/\\\/beautycharm.lt\\\/produktas\\\/biretix-isorepair-veido-kremas-50-ml\\\/\"]}]},{\"@type\":\"ImageObject\",\"inLanguage\":\"en-US\",\"@id\":\"https:\\\/\\\/beautycharm.lt\\\/produktas\\\/biretix-isorepair-veido-kremas-50-ml\\\/#primaryimage\",\"url\":\"https:\\\/\\\/beautycharm.lt\\\/wp-content\\\/uploads\\\/2025\\\/07\\\/biretix-isorepair-veido-kremas-50-ml-413x672-1.jpeg\",\"contentUrl\":\"https:\\\/\\\/beautycharm.lt\\\/wp-content\\\/uploads\\\/2025\\\/07\\\/biretix-isorepair-veido-kremas-50-ml-413x672-1.jpeg\",\"width\":413,\"height\":672},{\"@type\":\"BreadcrumbList\",\"@id\":\"https:\\\/\\\/beautycharm.lt\\\/produktas\\\/biretix-isorepair-veido-kremas-50-ml\\\/#breadcrumb\",\"itemListElement\":[{\"@type\":\"ListItem\",\"position\":1,\"name\":\"Home\",\"item\":\"https:\\\/\\\/beautycharm.lt\\\/\"},{\"@type\":\"ListItem\",\"position\":2,\"name\":\"Parduotuv\u0117\",\"item\":\"https:\\\/\\\/beautycharm.lt\\\/parduotuve\\\/\"},{\"@type\":\"ListItem\",\"position\":3,\"name\":\"BIRETIX ISOREPAIR VEIDO KREMAS, 50 ML\"}]},{\"@type\":\"WebSite\",\"@id\":\"https:\\\/\\\/beautycharm.lt\\\/#website\",\"url\":\"https:\\\/\\\/beautycharm.lt\\\/\",\"name\":\"Beauty Charm\",\"description\":\"Odos prie\u017ei\u016bra vyrams ir moterims\",\"publisher\":{\"@id\":\"https:\\\/\\\/beautycharm.lt\\\/#organization\"},\"potentialAction\":[{\"@type\":\"SearchAction\",\"target\":{\"@type\":\"EntryPoint\",\"urlTemplate\":\"https:\\\/\\\/beautycharm.lt\\\/?s={search_term_string}\"},\"query-input\":{\"@type\":\"PropertyValueSpecification\",\"valueRequired\":true,\"valueName\":\"search_term_string\"}}],\"inLanguage\":\"en-US\"},{\"@type\":\"Organization\",\"@id\":\"https:\\\/\\\/beautycharm.lt\\\/#organization\",\"name\":\"Beauty Charm\",\"url\":\"https:\\\/\\\/beautycharm.lt\\\/\",\"logo\":{\"@type\":\"ImageObject\",\"inLanguage\":\"en-US\",\"@id\":\"https:\\\/\\\/beautycharm.lt\\\/#\\\/schema\\\/logo\\\/image\\\/\",\"url\":\"https:\\\/\\\/beautycharm.lt\\\/wp-content\\\/uploads\\\/2025\\\/08\\\/BeautyCharm_t_s-1.svg\",\"contentUrl\":\"https:\\\/\\\/beautycharm.lt\\\/wp-content\\\/uploads\\\/2025\\\/08\\\/BeautyCharm_t_s-1.svg\",\"width\":148,\"height\":64,\"caption\":\"Beauty Charm\"},\"image\":{\"@id\":\"https:\\\/\\\/beautycharm.lt\\\/#\\\/schema\\\/logo\\\/image\\\/\"},\"sameAs\":[\"https:\\\/\\\/www.facebook.com\\\/faceandbodylines\\\/\",\"https:\\\/\\\/www.instagram.com\\\/the_house_of_charm\\\/\"]}]}<\/script>\n<!-- \/ Yoast SEO plugin. -->","yoast_head_json":{"title":"BIRETIX ISOREPAIR VEIDO KREMAS, 50 ML - Beauty Charm","robots":{"index":"index","follow":"follow","max-snippet":"max-snippet:-1","max-image-preview":"max-image-preview:large","max-video-preview":"max-video-preview:-1"},"canonical":"https:\/\/beautycharm.lt\/en\/product\/biretix-isorepair-veido-kremas-50-ml\/","og_locale":"en_US","og_type":"article","og_title":"BIRETIX ISOREPAIR VEIDO KREMAS, 50 ML - Beauty Charm","og_description":"Sud\u0117tyje esan\u010dios veikliosios med\u017eiagos, tokios kaip keramidai, hialurono r\u016bg\u0161tis, vitaminas E ir SCA\u00ae Growth Factor Technology, padeda atkurti od\u0105, suteikdamos ilgalaik\u012f dr\u0117kinam\u0105j\u012f poveik\u012f ir suma\u017eindamos tempimo bei sudirgimo poj\u016bt\u012f. Privalumai: padeda atsatyti barjerin\u0119 odos funkcij\u0105; padeda atkurti odos dr\u0117gm\u0119 bei mink\u0161tum\u0105 po gydymo geriamaisiais ir (arba) tepamais retinoidais; i\u0161bandyta dermatolog\u0173; nekomedoninis. Veikliosios med\u017eiagos: SCA\u00ae GrowthRead More","og_url":"https:\/\/beautycharm.lt\/en\/product\/biretix-isorepair-veido-kremas-50-ml\/","og_site_name":"Beauty Charm","article_publisher":"https:\/\/www.facebook.com\/faceandbodylines\/","article_modified_time":"2025-09-08T13:23:58+00:00","og_image":[{"width":413,"height":672,"url":"https:\/\/beautycharm.lt\/wp-content\/uploads\/2025\/07\/biretix-isorepair-veido-kremas-50-ml-413x672-1.jpeg","type":"image\/jpeg"}],"twitter_card":"summary_large_image","twitter_misc":{"Est. reading time":"2 minutes"},"schema":{"@context":"https:\/\/schema.org","@graph":[{"@type":"WebPage","@id":"https:\/\/beautycharm.lt\/produktas\/biretix-isorepair-veido-kremas-50-ml\/","url":"https:\/\/beautycharm.lt\/produktas\/biretix-isorepair-veido-kremas-50-ml\/","name":"BIRETIX ISOREPAIR VEIDO KREMAS, 50 ML - Beauty Charm","isPartOf":{"@id":"https:\/\/beautycharm.lt\/#website"},"primaryImageOfPage":{"@id":"https:\/\/beautycharm.lt\/produktas\/biretix-isorepair-veido-kremas-50-ml\/#primaryimage"},"image":{"@id":"https:\/\/beautycharm.lt\/produktas\/biretix-isorepair-veido-kremas-50-ml\/#primaryimage"},"thumbnailUrl":"https:\/\/beautycharm.lt\/wp-content\/uploads\/2025\/07\/biretix-isorepair-veido-kremas-50-ml-413x672-1.jpeg","datePublished":"2025-07-15T10:56:36+00:00","dateModified":"2025-09-08T13:23:58+00:00","breadcrumb":{"@id":"https:\/\/beautycharm.lt\/produktas\/biretix-isorepair-veido-kremas-50-ml\/#breadcrumb"},"inLanguage":"en-US","potentialAction":[{"@type":"ReadAction","target":["https:\/\/beautycharm.lt\/produktas\/biretix-isorepair-veido-kremas-50-ml\/"]}]},{"@type":"ImageObject","inLanguage":"en-US","@id":"https:\/\/beautycharm.lt\/produktas\/biretix-isorepair-veido-kremas-50-ml\/#primaryimage","url":"https:\/\/beautycharm.lt\/wp-content\/uploads\/2025\/07\/biretix-isorepair-veido-kremas-50-ml-413x672-1.jpeg","contentUrl":"https:\/\/beautycharm.lt\/wp-content\/uploads\/2025\/07\/biretix-isorepair-veido-kremas-50-ml-413x672-1.jpeg","width":413,"height":672},{"@type":"BreadcrumbList","@id":"https:\/\/beautycharm.lt\/produktas\/biretix-isorepair-veido-kremas-50-ml\/#breadcrumb","itemListElement":[{"@type":"ListItem","position":1,"name":"Home","item":"https:\/\/beautycharm.lt\/"},{"@type":"ListItem","position":2,"name":"Parduotuv\u0117","item":"https:\/\/beautycharm.lt\/parduotuve\/"},{"@type":"ListItem","position":3,"name":"BIRETIX ISOREPAIR VEIDO KREMAS, 50 ML"}]},{"@type":"WebSite","@id":"https:\/\/beautycharm.lt\/#website","url":"https:\/\/beautycharm.lt\/","name":"Beauty Charm","description":"Odos prie\u017ei\u016bra vyrams ir moterims","publisher":{"@id":"https:\/\/beautycharm.lt\/#organization"},"potentialAction":[{"@type":"SearchAction","target":{"@type":"EntryPoint","urlTemplate":"https:\/\/beautycharm.lt\/?s={search_term_string}"},"query-input":{"@type":"PropertyValueSpecification","valueRequired":true,"valueName":"search_term_string"}}],"inLanguage":"en-US"},{"@type":"Organization","@id":"https:\/\/beautycharm.lt\/#organization","name":"Beauty Charm","url":"https:\/\/beautycharm.lt\/","logo":{"@type":"ImageObject","inLanguage":"en-US","@id":"https:\/\/beautycharm.lt\/#\/schema\/logo\/image\/","url":"https:\/\/beautycharm.lt\/wp-content\/uploads\/2025\/08\/BeautyCharm_t_s-1.svg","contentUrl":"https:\/\/beautycharm.lt\/wp-content\/uploads\/2025\/08\/BeautyCharm_t_s-1.svg","width":148,"height":64,"caption":"Beauty Charm"},"image":{"@id":"https:\/\/beautycharm.lt\/#\/schema\/logo\/image\/"},"sameAs":["https:\/\/www.facebook.com\/faceandbodylines\/","https:\/\/www.instagram.com\/the_house_of_charm\/"]}]}},"_links":{"self":[{"href":"https:\/\/beautycharm.lt\/en\/wp-json\/wp\/v2\/product\/1822","targetHints":{"allow":["GET"]}}],"collection":[{"href":"https:\/\/beautycharm.lt\/en\/wp-json\/wp\/v2\/product"}],"about":[{"href":"https:\/\/beautycharm.lt\/en\/wp-json\/wp\/v2\/types\/product"}],"replies":[{"embeddable":true,"href":"https:\/\/beautycharm.lt\/en\/wp-json\/wp\/v2\/comments?post=1822"}],"wp:featuredmedia":[{"embeddable":true,"href":"https:\/\/beautycharm.lt\/en\/wp-json\/wp\/v2\/media\/2300"}],"wp:attachment":[{"href":"https:\/\/beautycharm.lt\/en\/wp-json\/wp\/v2\/media?parent=1822"}],"wp:term":[{"taxonomy":"product_brand","embeddable":true,"href":"https:\/\/beautycharm.lt\/en\/wp-json\/wp\/v2\/product_brand?post=1822"},{"taxonomy":"product_cat","embeddable":true,"href":"https:\/\/beautycharm.lt\/en\/wp-json\/wp\/v2\/product_cat?post=1822"},{"taxonomy":"product_tag","embeddable":true,"href":"https:\/\/beautycharm.lt\/en\/wp-json\/wp\/v2\/product_tag?post=1822"}],"curies":[{"name":"wp","href":"https:\/\/api.w.org\/{rel}","templated":true}]}}