{"id":1820,"date":"2025-07-15T13:56:34","date_gmt":"2025-07-15T10:56:34","guid":{"rendered":"https:\/\/beautycharm.lt\/product\/heliocare-360-invisible-apsauginis-purskiklis-kunui-spf50-200-ml\/"},"modified":"2025-08-12T23:19:13","modified_gmt":"2025-08-12T20:19:13","slug":"heliocare-360-invisible-apsauginis-purskiklis-kunui-spf50-200-ml","status":"publish","type":"product","link":"https:\/\/beautycharm.lt\/en\/product\/heliocare-360-invisible-apsauginis-purskiklis-kunui-spf50-200-ml\/","title":{"rendered":"HELIOCARE 360 INVISIBLE PROTECTIVE SPRAY FOR THE BODY SPF50+, 200 ML"},"content":{"rendered":"<p>Meets the highest standards of photoprotection. With Fernblock\u00ae, specific filters, and various active ingredients, this spray protects against 4 types of radiation (UVB, UVA, visible, and infrared) and is suitable for sun-damaged skin. <\/p>\n<p>Advantages:<\/p>\n<p>\tBroad spectrum protection (SPF50+, PA++++, visible and infrared).<br \/>\n\tSuitable for sun-exposed skin.<br \/>\n\tSuitable for skin that needs antioxidant protection.<br \/>\n\tEffective even on wet skin.<br \/>\n\tTransparent, even, and continuous spray.<br \/>\n\tWater proof.<br \/>\n\tSandproof.<br \/>\n\tHypoallergenic.<br \/>\n\tTested under dermatological supervision.<\/p>\n<p>Active ingredients:<\/p>\n<p>\tOptimal and stable combination of sun protection.<br \/>\n\tFernblock\u00ae+.<br \/>\n\tGlycosylase<br \/>\n\tPhysavie.<br \/>\n\tOTZ 10.<\/p>\n<p>Use: Shake well before use. Spray generously and evenly before sun exposure. Reapply frequently, especially after swimming or heavy perspiration.<\/p>\n<p>Ingredients:<\/p>\n<p>Alcohol Denat.; C12-15 Alkyl Benzoate; Octocrylene; Isohexadecane; Ethylhexyl Salicylate; Butyl Methoxydibenzoylmethane; Diethylhexyl Butamido Triazone; Trisiloxane; Dibutyl Adipate; VA\/Butyl Maleate\/Isobornyl Acrylate Copolymer; Bis-Ethylhexyloxyphenol Methoxyphenyl Triazine; Polypodium leucotomos Leaf Extract; Ferulic Acid; Caffeic Acid;<br \/>\nCamellia sinensis Leaf Extract; Helianthus annuus Seed Oil; Physalis angulata Extract; Plankton Extract; Oxothiazolidine; Tocopheryl Acetate; Ascorbyl Palmitate; Panthenyl Triacetate; Ethyl Linoleate; Caprylic\/Capric Triglyceride; Oleyl Alcohol; Tocopherol; Lecithin; Phenoxyethanol; Sodium Benzoate; Aqua; Butylene Glycol; Parfum.<\/p>","protected":false},"excerpt":{"rendered":"<p>Atitinka auk\u0161\u010diausius fotoapsaugos standartus. Su Fernblock\u00ae+, specifiniais filtrais ir \u012fvairiomis veikliosiomis med\u017eiagomis, \u0161is pur\u0161kiklis apsaugo nuo 4 tip\u0173 spinduliuot\u0117s (UVB, UVA, matomos ir infraraudonosios) ir yra tinkamas saul\u0117s pa\u017eeistai odai. Privalumai: Plataus spektro apsauga (SPF50+, PA++++, matomas ir infraraudonasis). Tinka saul\u0117s paveiktai odai. Tinka odai, kuriai reikalingas antioksidacinis poveikis. Veiksmingas ir ant \u0161lapios odos. Skaidrus,<\/p>\n<div class=\"klb-readmore entry-button\"><a class=\"button light alt medium\" href=\"https:\/\/beautycharm.lt\/en\/product\/heliocare-360-invisible-apsauginis-purskiklis-kunui-spf50-200-ml\/\">Read More<\/a><\/div>","protected":false},"featured_media":1821,"comment_status":"open","ping_status":"closed","template":"","meta":{"inline_featured_image":false},"product_brand":[89],"product_cat":[128],"product_tag":[],"class_list":{"0":"post-1820","1":"product","2":"type-product","3":"status-publish","4":"has-post-thumbnail","6":"product_brand-heliocare-lt","7":"product_cat-kiti-produktai","9":"first","10":"instock","11":"shipping-taxable","12":"purchasable","13":"product-type-simple"},"yoast_head":"<!-- This site is optimized with the Yoast SEO plugin v27.4 - https:\/\/yoast.com\/product\/yoast-seo-wordpress\/ -->\n<title>HELIOCARE 360 INVISIBLE APSAUGINIS PUR\u0160KIKLIS K\u016aNUI SPF50+, 200 ML - Beauty Charm<\/title>\n<meta name=\"robots\" content=\"index, follow, max-snippet:-1, max-image-preview:large, max-video-preview:-1\" \/>\n<link rel=\"canonical\" href=\"https:\/\/beautycharm.lt\/en\/product\/heliocare-360-invisible-apsauginis-purskiklis-kunui-spf50-200-ml\/\" \/>\n<meta property=\"og:locale\" content=\"en_US\" \/>\n<meta property=\"og:type\" content=\"article\" \/>\n<meta property=\"og:title\" content=\"HELIOCARE 360 INVISIBLE APSAUGINIS PUR\u0160KIKLIS K\u016aNUI SPF50+, 200 ML - Beauty Charm\" \/>\n<meta property=\"og:description\" content=\"Atitinka auk\u0161\u010diausius fotoapsaugos standartus. Su Fernblock\u00ae+, specifiniais filtrais ir \u012fvairiomis veikliosiomis med\u017eiagomis, \u0161is pur\u0161kiklis apsaugo nuo 4 tip\u0173 spinduliuot\u0117s (UVB, UVA, matomos ir infraraudonosios) ir yra tinkamas saul\u0117s pa\u017eeistai odai. Privalumai: Plataus spektro apsauga (SPF50+, PA++++, matomas ir infraraudonasis). Tinka saul\u0117s paveiktai odai. Tinka odai, kuriai reikalingas antioksidacinis poveikis. Veiksmingas ir ant \u0161lapios odos. Skaidrus,Read More\" \/>\n<meta property=\"og:url\" content=\"https:\/\/beautycharm.lt\/en\/product\/heliocare-360-invisible-apsauginis-purskiklis-kunui-spf50-200-ml\/\" \/>\n<meta property=\"og:site_name\" content=\"Beauty Charm\" \/>\n<meta property=\"article:publisher\" content=\"https:\/\/www.facebook.com\/faceandbodylines\/\" \/>\n<meta property=\"article:modified_time\" content=\"2025-08-12T20:19:13+00:00\" \/>\n<meta property=\"og:image\" content=\"https:\/\/beautycharm.lt\/wp-content\/uploads\/2025\/07\/heliocare-360-invisible-apsauginis-purskiklis-kunui-nuo-saules-spf50-200-ml.png\" \/>\n\t<meta property=\"og:image:width\" content=\"500\" \/>\n\t<meta property=\"og:image:height\" content=\"500\" \/>\n\t<meta property=\"og:image:type\" content=\"image\/png\" \/>\n<meta name=\"twitter:card\" content=\"summary_large_image\" \/>\n<meta name=\"twitter:label1\" content=\"Est. reading time\" \/>\n\t<meta name=\"twitter:data1\" content=\"1 minute\" \/>\n<script type=\"application\/ld+json\" class=\"yoast-schema-graph\">{\"@context\":\"https:\\\/\\\/schema.org\",\"@graph\":[{\"@type\":\"WebPage\",\"@id\":\"https:\\\/\\\/beautycharm.lt\\\/produktas\\\/heliocare-360-invisible-apsauginis-purskiklis-kunui-spf50-200-ml\\\/\",\"url\":\"https:\\\/\\\/beautycharm.lt\\\/produktas\\\/heliocare-360-invisible-apsauginis-purskiklis-kunui-spf50-200-ml\\\/\",\"name\":\"HELIOCARE 360 INVISIBLE APSAUGINIS PUR\u0160KIKLIS K\u016aNUI SPF50+, 200 ML - Beauty Charm\",\"isPartOf\":{\"@id\":\"https:\\\/\\\/beautycharm.lt\\\/#website\"},\"primaryImageOfPage\":{\"@id\":\"https:\\\/\\\/beautycharm.lt\\\/produktas\\\/heliocare-360-invisible-apsauginis-purskiklis-kunui-spf50-200-ml\\\/#primaryimage\"},\"image\":{\"@id\":\"https:\\\/\\\/beautycharm.lt\\\/produktas\\\/heliocare-360-invisible-apsauginis-purskiklis-kunui-spf50-200-ml\\\/#primaryimage\"},\"thumbnailUrl\":\"https:\\\/\\\/beautycharm.lt\\\/wp-content\\\/uploads\\\/2025\\\/07\\\/heliocare-360-invisible-apsauginis-purskiklis-kunui-nuo-saules-spf50-200-ml.png\",\"datePublished\":\"2025-07-15T10:56:34+00:00\",\"dateModified\":\"2025-08-12T20:19:13+00:00\",\"breadcrumb\":{\"@id\":\"https:\\\/\\\/beautycharm.lt\\\/produktas\\\/heliocare-360-invisible-apsauginis-purskiklis-kunui-spf50-200-ml\\\/#breadcrumb\"},\"inLanguage\":\"en-US\",\"potentialAction\":[{\"@type\":\"ReadAction\",\"target\":[\"https:\\\/\\\/beautycharm.lt\\\/produktas\\\/heliocare-360-invisible-apsauginis-purskiklis-kunui-spf50-200-ml\\\/\"]}]},{\"@type\":\"ImageObject\",\"inLanguage\":\"en-US\",\"@id\":\"https:\\\/\\\/beautycharm.lt\\\/produktas\\\/heliocare-360-invisible-apsauginis-purskiklis-kunui-spf50-200-ml\\\/#primaryimage\",\"url\":\"https:\\\/\\\/beautycharm.lt\\\/wp-content\\\/uploads\\\/2025\\\/07\\\/heliocare-360-invisible-apsauginis-purskiklis-kunui-nuo-saules-spf50-200-ml.png\",\"contentUrl\":\"https:\\\/\\\/beautycharm.lt\\\/wp-content\\\/uploads\\\/2025\\\/07\\\/heliocare-360-invisible-apsauginis-purskiklis-kunui-nuo-saules-spf50-200-ml.png\",\"width\":500,\"height\":500},{\"@type\":\"BreadcrumbList\",\"@id\":\"https:\\\/\\\/beautycharm.lt\\\/produktas\\\/heliocare-360-invisible-apsauginis-purskiklis-kunui-spf50-200-ml\\\/#breadcrumb\",\"itemListElement\":[{\"@type\":\"ListItem\",\"position\":1,\"name\":\"Home\",\"item\":\"https:\\\/\\\/beautycharm.lt\\\/\"},{\"@type\":\"ListItem\",\"position\":2,\"name\":\"Parduotuv\u0117\",\"item\":\"https:\\\/\\\/beautycharm.lt\\\/parduotuve\\\/\"},{\"@type\":\"ListItem\",\"position\":3,\"name\":\"HELIOCARE 360 INVISIBLE APSAUGINIS PUR\u0160KIKLIS K\u016aNUI SPF50+, 200 ML\"}]},{\"@type\":\"WebSite\",\"@id\":\"https:\\\/\\\/beautycharm.lt\\\/#website\",\"url\":\"https:\\\/\\\/beautycharm.lt\\\/\",\"name\":\"Beauty Charm\",\"description\":\"Odos prie\u017ei\u016bra vyrams ir moterims\",\"publisher\":{\"@id\":\"https:\\\/\\\/beautycharm.lt\\\/#organization\"},\"potentialAction\":[{\"@type\":\"SearchAction\",\"target\":{\"@type\":\"EntryPoint\",\"urlTemplate\":\"https:\\\/\\\/beautycharm.lt\\\/?s={search_term_string}\"},\"query-input\":{\"@type\":\"PropertyValueSpecification\",\"valueRequired\":true,\"valueName\":\"search_term_string\"}}],\"inLanguage\":\"en-US\"},{\"@type\":\"Organization\",\"@id\":\"https:\\\/\\\/beautycharm.lt\\\/#organization\",\"name\":\"Beauty Charm\",\"url\":\"https:\\\/\\\/beautycharm.lt\\\/\",\"logo\":{\"@type\":\"ImageObject\",\"inLanguage\":\"en-US\",\"@id\":\"https:\\\/\\\/beautycharm.lt\\\/#\\\/schema\\\/logo\\\/image\\\/\",\"url\":\"https:\\\/\\\/beautycharm.lt\\\/wp-content\\\/uploads\\\/2025\\\/08\\\/BeautyCharm_t_s-1.svg\",\"contentUrl\":\"https:\\\/\\\/beautycharm.lt\\\/wp-content\\\/uploads\\\/2025\\\/08\\\/BeautyCharm_t_s-1.svg\",\"width\":148,\"height\":64,\"caption\":\"Beauty Charm\"},\"image\":{\"@id\":\"https:\\\/\\\/beautycharm.lt\\\/#\\\/schema\\\/logo\\\/image\\\/\"},\"sameAs\":[\"https:\\\/\\\/www.facebook.com\\\/faceandbodylines\\\/\",\"https:\\\/\\\/www.instagram.com\\\/the_house_of_charm\\\/\"]}]}<\/script>\n<!-- \/ Yoast SEO plugin. -->","yoast_head_json":{"title":"HELIOCARE 360 INVISIBLE APSAUGINIS PUR\u0160KIKLIS K\u016aNUI SPF50+, 200 ML - Beauty Charm","robots":{"index":"index","follow":"follow","max-snippet":"max-snippet:-1","max-image-preview":"max-image-preview:large","max-video-preview":"max-video-preview:-1"},"canonical":"https:\/\/beautycharm.lt\/en\/product\/heliocare-360-invisible-apsauginis-purskiklis-kunui-spf50-200-ml\/","og_locale":"en_US","og_type":"article","og_title":"HELIOCARE 360 INVISIBLE APSAUGINIS PUR\u0160KIKLIS K\u016aNUI SPF50+, 200 ML - Beauty Charm","og_description":"Atitinka auk\u0161\u010diausius fotoapsaugos standartus. Su Fernblock\u00ae+, specifiniais filtrais ir \u012fvairiomis veikliosiomis med\u017eiagomis, \u0161is pur\u0161kiklis apsaugo nuo 4 tip\u0173 spinduliuot\u0117s (UVB, UVA, matomos ir infraraudonosios) ir yra tinkamas saul\u0117s pa\u017eeistai odai. Privalumai: Plataus spektro apsauga (SPF50+, PA++++, matomas ir infraraudonasis). Tinka saul\u0117s paveiktai odai. Tinka odai, kuriai reikalingas antioksidacinis poveikis. Veiksmingas ir ant \u0161lapios odos. Skaidrus,Read More","og_url":"https:\/\/beautycharm.lt\/en\/product\/heliocare-360-invisible-apsauginis-purskiklis-kunui-spf50-200-ml\/","og_site_name":"Beauty Charm","article_publisher":"https:\/\/www.facebook.com\/faceandbodylines\/","article_modified_time":"2025-08-12T20:19:13+00:00","og_image":[{"width":500,"height":500,"url":"https:\/\/beautycharm.lt\/wp-content\/uploads\/2025\/07\/heliocare-360-invisible-apsauginis-purskiklis-kunui-nuo-saules-spf50-200-ml.png","type":"image\/png"}],"twitter_card":"summary_large_image","twitter_misc":{"Est. reading time":"1 minute"},"schema":{"@context":"https:\/\/schema.org","@graph":[{"@type":"WebPage","@id":"https:\/\/beautycharm.lt\/produktas\/heliocare-360-invisible-apsauginis-purskiklis-kunui-spf50-200-ml\/","url":"https:\/\/beautycharm.lt\/produktas\/heliocare-360-invisible-apsauginis-purskiklis-kunui-spf50-200-ml\/","name":"HELIOCARE 360 INVISIBLE APSAUGINIS PUR\u0160KIKLIS K\u016aNUI SPF50+, 200 ML - Beauty Charm","isPartOf":{"@id":"https:\/\/beautycharm.lt\/#website"},"primaryImageOfPage":{"@id":"https:\/\/beautycharm.lt\/produktas\/heliocare-360-invisible-apsauginis-purskiklis-kunui-spf50-200-ml\/#primaryimage"},"image":{"@id":"https:\/\/beautycharm.lt\/produktas\/heliocare-360-invisible-apsauginis-purskiklis-kunui-spf50-200-ml\/#primaryimage"},"thumbnailUrl":"https:\/\/beautycharm.lt\/wp-content\/uploads\/2025\/07\/heliocare-360-invisible-apsauginis-purskiklis-kunui-nuo-saules-spf50-200-ml.png","datePublished":"2025-07-15T10:56:34+00:00","dateModified":"2025-08-12T20:19:13+00:00","breadcrumb":{"@id":"https:\/\/beautycharm.lt\/produktas\/heliocare-360-invisible-apsauginis-purskiklis-kunui-spf50-200-ml\/#breadcrumb"},"inLanguage":"en-US","potentialAction":[{"@type":"ReadAction","target":["https:\/\/beautycharm.lt\/produktas\/heliocare-360-invisible-apsauginis-purskiklis-kunui-spf50-200-ml\/"]}]},{"@type":"ImageObject","inLanguage":"en-US","@id":"https:\/\/beautycharm.lt\/produktas\/heliocare-360-invisible-apsauginis-purskiklis-kunui-spf50-200-ml\/#primaryimage","url":"https:\/\/beautycharm.lt\/wp-content\/uploads\/2025\/07\/heliocare-360-invisible-apsauginis-purskiklis-kunui-nuo-saules-spf50-200-ml.png","contentUrl":"https:\/\/beautycharm.lt\/wp-content\/uploads\/2025\/07\/heliocare-360-invisible-apsauginis-purskiklis-kunui-nuo-saules-spf50-200-ml.png","width":500,"height":500},{"@type":"BreadcrumbList","@id":"https:\/\/beautycharm.lt\/produktas\/heliocare-360-invisible-apsauginis-purskiklis-kunui-spf50-200-ml\/#breadcrumb","itemListElement":[{"@type":"ListItem","position":1,"name":"Home","item":"https:\/\/beautycharm.lt\/"},{"@type":"ListItem","position":2,"name":"Parduotuv\u0117","item":"https:\/\/beautycharm.lt\/parduotuve\/"},{"@type":"ListItem","position":3,"name":"HELIOCARE 360 INVISIBLE APSAUGINIS PUR\u0160KIKLIS K\u016aNUI SPF50+, 200 ML"}]},{"@type":"WebSite","@id":"https:\/\/beautycharm.lt\/#website","url":"https:\/\/beautycharm.lt\/","name":"Beauty Charm","description":"Odos prie\u017ei\u016bra vyrams ir moterims","publisher":{"@id":"https:\/\/beautycharm.lt\/#organization"},"potentialAction":[{"@type":"SearchAction","target":{"@type":"EntryPoint","urlTemplate":"https:\/\/beautycharm.lt\/?s={search_term_string}"},"query-input":{"@type":"PropertyValueSpecification","valueRequired":true,"valueName":"search_term_string"}}],"inLanguage":"en-US"},{"@type":"Organization","@id":"https:\/\/beautycharm.lt\/#organization","name":"Beauty Charm","url":"https:\/\/beautycharm.lt\/","logo":{"@type":"ImageObject","inLanguage":"en-US","@id":"https:\/\/beautycharm.lt\/#\/schema\/logo\/image\/","url":"https:\/\/beautycharm.lt\/wp-content\/uploads\/2025\/08\/BeautyCharm_t_s-1.svg","contentUrl":"https:\/\/beautycharm.lt\/wp-content\/uploads\/2025\/08\/BeautyCharm_t_s-1.svg","width":148,"height":64,"caption":"Beauty Charm"},"image":{"@id":"https:\/\/beautycharm.lt\/#\/schema\/logo\/image\/"},"sameAs":["https:\/\/www.facebook.com\/faceandbodylines\/","https:\/\/www.instagram.com\/the_house_of_charm\/"]}]}},"_links":{"self":[{"href":"https:\/\/beautycharm.lt\/en\/wp-json\/wp\/v2\/product\/1820","targetHints":{"allow":["GET"]}}],"collection":[{"href":"https:\/\/beautycharm.lt\/en\/wp-json\/wp\/v2\/product"}],"about":[{"href":"https:\/\/beautycharm.lt\/en\/wp-json\/wp\/v2\/types\/product"}],"replies":[{"embeddable":true,"href":"https:\/\/beautycharm.lt\/en\/wp-json\/wp\/v2\/comments?post=1820"}],"wp:featuredmedia":[{"embeddable":true,"href":"https:\/\/beautycharm.lt\/en\/wp-json\/wp\/v2\/media\/1821"}],"wp:attachment":[{"href":"https:\/\/beautycharm.lt\/en\/wp-json\/wp\/v2\/media?parent=1820"}],"wp:term":[{"taxonomy":"product_brand","embeddable":true,"href":"https:\/\/beautycharm.lt\/en\/wp-json\/wp\/v2\/product_brand?post=1820"},{"taxonomy":"product_cat","embeddable":true,"href":"https:\/\/beautycharm.lt\/en\/wp-json\/wp\/v2\/product_cat?post=1820"},{"taxonomy":"product_tag","embeddable":true,"href":"https:\/\/beautycharm.lt\/en\/wp-json\/wp\/v2\/product_tag?post=1820"}],"curies":[{"name":"wp","href":"https:\/\/api.w.org\/{rel}","templated":true}]}}