{"id":1818,"date":"2025-07-15T13:56:34","date_gmt":"2025-07-15T10:56:34","guid":{"rendered":"https:\/\/beautycharm.lt\/product\/heliocare-360-mineral-tolerance-fluidas-spf-50-50-ml\/"},"modified":"2025-09-10T15:48:25","modified_gmt":"2025-09-10T12:48:25","slug":"heliocare-360-mineral-tolerance-fluidas-spf-50-50-ml","status":"publish","type":"product","link":"https:\/\/beautycharm.lt\/en\/product\/heliocare-360-mineral-tolerance-fluidas-spf-50-50-ml\/","title":{"rendered":"HELIOCARE 360 MINERAL TOLERANCE FLUID SPF 50, 50 ML"},"content":{"rendered":"<p>Extremely well-tolerated formula with mineral filters only. The light texture provides invisible coverage even on dark skin tones. Perfect for sensitive, reactive and intolerant skin. This product meets the highest standards of sun protection. With Fernblock\u00ae+ technology, protective filters, and restorative and antioxidant active ingredients, the fluid is suitable for sun-damaged skin.<\/p>\n<p>Advantages:<\/p>\n<p>SPF50+<br \/>\nSuitable for sun-damaged skin.<br \/>\nSuitable for skin that needs antioxidant protection.<br \/>\n100% mineral filters.<br \/>\nLight texture with invisible coverage even on dark skin tones.<br \/>\nSuitable for sensitive skin and skin after dermatological procedures.<br \/>\nThe product is hypoallergenic and waterproof.<\/p>\n<p>Active ingredients: Fernblock\u00ae+ technology, 100% mineral filters, Glycosylase, Bioshield system (Biomimetic melanin and OTZ 10).<\/p>\n<p>Ingredients:<\/p>\n<p>Aqua; Dimethicone; Isododecane; C12-15 Alkyl Benzoate; Hydrogenated Polydecene; Titanium Dioxide(nano); Zinc Oxide(nano); Butyloctyl Salicylate; Alumina; Styrene\/Acrylates Copolymer; Phenethyl Benzoate; PEG-9 Polydimethylsiloxyethyl Dimethicone; Nylon-12; Polypodium leucotomos Leaf Extract; Ferulic Acid; Caffeic Acid; Physalis angulata Extract; Caprylyl Glycol; Melanin; Camelia sinensis Extract; Plancton Extract; 3-O-Ethyl Ascorbic Acid; Isohexadecane; Hydrogen Dimethicone; Phenylpropanol; Polyhydroxystearic Acid; Magnesium Sulfate; Tocopheryl Acetate; Dimethicone\/PEG-10\/15 Crosspolymer; Propanediol; Triethoxycaprylylsilane; Propylene Carbonate; Caprylic\/Capric Triglyceride; Panthenyl Triacetate; Butylene Glycol; Propylene Glycol; Arginine; Ethyl Linoleate; Oleyl Alcohol; Pentylene Glycol;<br \/>\nOxothiazolidine; Dipropylene Glycol; Sodium Citrate; Palmitoyl Hydroxypropyltrimonium Amylopectin\/Glycerin Crosspolymer; 1,2-Hexanediol; Lecithin; Sodium Benzoate; Tocopherol; Hydrogenated Lecithin; Phenoxyethanol; CI 77492; CI 77491; CI 77499.<\/p>","protected":false},"excerpt":{"rendered":"<p>Ypatingai gerai toleruojama sud\u0117tis tik su mineraliniais filtrais. Lengva tekst\u016bra suteikia nematom\u0105 padengim\u0105 net esant tamsiems odos atspalviams. Puikiai tinka jautriai, reaktyviai ir netoleruojan\u010diai odai. \u0160i priemon\u0117 atitinka auk\u0161\u010diausius fotoapsaugos standartus. Su Fernblock\u00ae+ technologija, apsauginiais filtrais ir atstatomosiomis bei antioksidacin\u0117mis veikliosiomis med\u017eiagomis, fluidas yra tinkamas pa\u017eeistai saul\u0117s odai. Privalumai: SPF50+ Tinka saul\u0117s pa\u017eeistai odai. Tinka<\/p>\n<div class=\"klb-readmore entry-button\"><a class=\"button light alt medium\" href=\"https:\/\/beautycharm.lt\/en\/product\/heliocare-360-mineral-tolerance-fluidas-spf-50-50-ml\/\">Read More<\/a><\/div>","protected":false},"featured_media":2313,"comment_status":"open","ping_status":"closed","template":"","meta":{"inline_featured_image":false},"product_brand":[89],"product_cat":[128],"product_tag":[],"class_list":{"0":"post-1818","1":"product","2":"type-product","3":"status-publish","4":"has-post-thumbnail","6":"product_brand-heliocare-lt","7":"product_cat-kiti-produktai","9":"first","10":"instock","11":"shipping-taxable","12":"purchasable","13":"product-type-simple"},"yoast_head":"<!-- This site is optimized with the Yoast SEO plugin v27.4 - https:\/\/yoast.com\/product\/yoast-seo-wordpress\/ -->\n<title>HELIOCARE 360 MINERAL TOLERANCE FLUIDAS SPF 50, 50 ML - Beauty Charm<\/title>\n<meta name=\"robots\" content=\"index, follow, max-snippet:-1, max-image-preview:large, max-video-preview:-1\" \/>\n<link rel=\"canonical\" href=\"https:\/\/beautycharm.lt\/en\/product\/heliocare-360-mineral-tolerance-fluidas-spf-50-50-ml\/\" \/>\n<meta property=\"og:locale\" content=\"en_US\" \/>\n<meta property=\"og:type\" content=\"article\" \/>\n<meta property=\"og:title\" content=\"HELIOCARE 360 MINERAL TOLERANCE FLUIDAS SPF 50, 50 ML - Beauty Charm\" \/>\n<meta property=\"og:description\" content=\"Ypatingai gerai toleruojama sud\u0117tis tik su mineraliniais filtrais. Lengva tekst\u016bra suteikia nematom\u0105 padengim\u0105 net esant tamsiems odos atspalviams. Puikiai tinka jautriai, reaktyviai ir netoleruojan\u010diai odai. \u0160i priemon\u0117 atitinka auk\u0161\u010diausius fotoapsaugos standartus. Su Fernblock\u00ae+ technologija, apsauginiais filtrais ir atstatomosiomis bei antioksidacin\u0117mis veikliosiomis med\u017eiagomis, fluidas yra tinkamas pa\u017eeistai saul\u0117s odai. Privalumai: SPF50+ Tinka saul\u0117s pa\u017eeistai odai. TinkaRead More\" \/>\n<meta property=\"og:url\" content=\"https:\/\/beautycharm.lt\/en\/product\/heliocare-360-mineral-tolerance-fluidas-spf-50-50-ml\/\" \/>\n<meta property=\"og:site_name\" content=\"Beauty Charm\" \/>\n<meta property=\"article:publisher\" content=\"https:\/\/www.facebook.com\/faceandbodylines\/\" \/>\n<meta property=\"article:modified_time\" content=\"2025-09-10T12:48:25+00:00\" \/>\n<meta property=\"og:image\" content=\"https:\/\/beautycharm.lt\/wp-content\/uploads\/2025\/07\/heliocare-360-mineral-tolerance-fluidas-spf-50-50-ml-202308021016250-413x672-1.png\" \/>\n\t<meta property=\"og:image:width\" content=\"413\" \/>\n\t<meta property=\"og:image:height\" content=\"672\" \/>\n\t<meta property=\"og:image:type\" content=\"image\/png\" \/>\n<meta name=\"twitter:card\" content=\"summary_large_image\" \/>\n<meta name=\"twitter:label1\" content=\"Est. reading time\" \/>\n\t<meta name=\"twitter:data1\" content=\"2 minutes\" \/>\n<script type=\"application\/ld+json\" class=\"yoast-schema-graph\">{\"@context\":\"https:\\\/\\\/schema.org\",\"@graph\":[{\"@type\":\"WebPage\",\"@id\":\"https:\\\/\\\/beautycharm.lt\\\/produktas\\\/heliocare-360-mineral-tolerance-fluidas-spf-50-50-ml\\\/\",\"url\":\"https:\\\/\\\/beautycharm.lt\\\/produktas\\\/heliocare-360-mineral-tolerance-fluidas-spf-50-50-ml\\\/\",\"name\":\"HELIOCARE 360 MINERAL TOLERANCE FLUIDAS SPF 50, 50 ML - Beauty Charm\",\"isPartOf\":{\"@id\":\"https:\\\/\\\/beautycharm.lt\\\/#website\"},\"primaryImageOfPage\":{\"@id\":\"https:\\\/\\\/beautycharm.lt\\\/produktas\\\/heliocare-360-mineral-tolerance-fluidas-spf-50-50-ml\\\/#primaryimage\"},\"image\":{\"@id\":\"https:\\\/\\\/beautycharm.lt\\\/produktas\\\/heliocare-360-mineral-tolerance-fluidas-spf-50-50-ml\\\/#primaryimage\"},\"thumbnailUrl\":\"https:\\\/\\\/beautycharm.lt\\\/wp-content\\\/uploads\\\/2025\\\/07\\\/heliocare-360-mineral-tolerance-fluidas-spf-50-50-ml-202308021016250-413x672-1.png\",\"datePublished\":\"2025-07-15T10:56:34+00:00\",\"dateModified\":\"2025-09-10T12:48:25+00:00\",\"breadcrumb\":{\"@id\":\"https:\\\/\\\/beautycharm.lt\\\/produktas\\\/heliocare-360-mineral-tolerance-fluidas-spf-50-50-ml\\\/#breadcrumb\"},\"inLanguage\":\"en-US\",\"potentialAction\":[{\"@type\":\"ReadAction\",\"target\":[\"https:\\\/\\\/beautycharm.lt\\\/produktas\\\/heliocare-360-mineral-tolerance-fluidas-spf-50-50-ml\\\/\"]}]},{\"@type\":\"ImageObject\",\"inLanguage\":\"en-US\",\"@id\":\"https:\\\/\\\/beautycharm.lt\\\/produktas\\\/heliocare-360-mineral-tolerance-fluidas-spf-50-50-ml\\\/#primaryimage\",\"url\":\"https:\\\/\\\/beautycharm.lt\\\/wp-content\\\/uploads\\\/2025\\\/07\\\/heliocare-360-mineral-tolerance-fluidas-spf-50-50-ml-202308021016250-413x672-1.png\",\"contentUrl\":\"https:\\\/\\\/beautycharm.lt\\\/wp-content\\\/uploads\\\/2025\\\/07\\\/heliocare-360-mineral-tolerance-fluidas-spf-50-50-ml-202308021016250-413x672-1.png\",\"width\":413,\"height\":672},{\"@type\":\"BreadcrumbList\",\"@id\":\"https:\\\/\\\/beautycharm.lt\\\/produktas\\\/heliocare-360-mineral-tolerance-fluidas-spf-50-50-ml\\\/#breadcrumb\",\"itemListElement\":[{\"@type\":\"ListItem\",\"position\":1,\"name\":\"Home\",\"item\":\"https:\\\/\\\/beautycharm.lt\\\/\"},{\"@type\":\"ListItem\",\"position\":2,\"name\":\"Parduotuv\u0117\",\"item\":\"https:\\\/\\\/beautycharm.lt\\\/parduotuve\\\/\"},{\"@type\":\"ListItem\",\"position\":3,\"name\":\"HELIOCARE 360 MINERAL TOLERANCE FLUIDAS SPF 50, 50 ML\"}]},{\"@type\":\"WebSite\",\"@id\":\"https:\\\/\\\/beautycharm.lt\\\/#website\",\"url\":\"https:\\\/\\\/beautycharm.lt\\\/\",\"name\":\"Beauty Charm\",\"description\":\"Odos prie\u017ei\u016bra vyrams ir moterims\",\"publisher\":{\"@id\":\"https:\\\/\\\/beautycharm.lt\\\/#organization\"},\"potentialAction\":[{\"@type\":\"SearchAction\",\"target\":{\"@type\":\"EntryPoint\",\"urlTemplate\":\"https:\\\/\\\/beautycharm.lt\\\/?s={search_term_string}\"},\"query-input\":{\"@type\":\"PropertyValueSpecification\",\"valueRequired\":true,\"valueName\":\"search_term_string\"}}],\"inLanguage\":\"en-US\"},{\"@type\":\"Organization\",\"@id\":\"https:\\\/\\\/beautycharm.lt\\\/#organization\",\"name\":\"Beauty Charm\",\"url\":\"https:\\\/\\\/beautycharm.lt\\\/\",\"logo\":{\"@type\":\"ImageObject\",\"inLanguage\":\"en-US\",\"@id\":\"https:\\\/\\\/beautycharm.lt\\\/#\\\/schema\\\/logo\\\/image\\\/\",\"url\":\"https:\\\/\\\/beautycharm.lt\\\/wp-content\\\/uploads\\\/2025\\\/08\\\/BeautyCharm_t_s-1.svg\",\"contentUrl\":\"https:\\\/\\\/beautycharm.lt\\\/wp-content\\\/uploads\\\/2025\\\/08\\\/BeautyCharm_t_s-1.svg\",\"width\":148,\"height\":64,\"caption\":\"Beauty Charm\"},\"image\":{\"@id\":\"https:\\\/\\\/beautycharm.lt\\\/#\\\/schema\\\/logo\\\/image\\\/\"},\"sameAs\":[\"https:\\\/\\\/www.facebook.com\\\/faceandbodylines\\\/\",\"https:\\\/\\\/www.instagram.com\\\/the_house_of_charm\\\/\"]}]}<\/script>\n<!-- \/ Yoast SEO plugin. -->","yoast_head_json":{"title":"HELIOCARE 360 MINERAL TOLERANCE FLUIDAS SPF 50, 50 ML - Beauty Charm","robots":{"index":"index","follow":"follow","max-snippet":"max-snippet:-1","max-image-preview":"max-image-preview:large","max-video-preview":"max-video-preview:-1"},"canonical":"https:\/\/beautycharm.lt\/en\/product\/heliocare-360-mineral-tolerance-fluidas-spf-50-50-ml\/","og_locale":"en_US","og_type":"article","og_title":"HELIOCARE 360 MINERAL TOLERANCE FLUIDAS SPF 50, 50 ML - Beauty Charm","og_description":"Ypatingai gerai toleruojama sud\u0117tis tik su mineraliniais filtrais. Lengva tekst\u016bra suteikia nematom\u0105 padengim\u0105 net esant tamsiems odos atspalviams. Puikiai tinka jautriai, reaktyviai ir netoleruojan\u010diai odai. \u0160i priemon\u0117 atitinka auk\u0161\u010diausius fotoapsaugos standartus. Su Fernblock\u00ae+ technologija, apsauginiais filtrais ir atstatomosiomis bei antioksidacin\u0117mis veikliosiomis med\u017eiagomis, fluidas yra tinkamas pa\u017eeistai saul\u0117s odai. Privalumai: SPF50+ Tinka saul\u0117s pa\u017eeistai odai. TinkaRead More","og_url":"https:\/\/beautycharm.lt\/en\/product\/heliocare-360-mineral-tolerance-fluidas-spf-50-50-ml\/","og_site_name":"Beauty Charm","article_publisher":"https:\/\/www.facebook.com\/faceandbodylines\/","article_modified_time":"2025-09-10T12:48:25+00:00","og_image":[{"width":413,"height":672,"url":"https:\/\/beautycharm.lt\/wp-content\/uploads\/2025\/07\/heliocare-360-mineral-tolerance-fluidas-spf-50-50-ml-202308021016250-413x672-1.png","type":"image\/png"}],"twitter_card":"summary_large_image","twitter_misc":{"Est. reading time":"2 minutes"},"schema":{"@context":"https:\/\/schema.org","@graph":[{"@type":"WebPage","@id":"https:\/\/beautycharm.lt\/produktas\/heliocare-360-mineral-tolerance-fluidas-spf-50-50-ml\/","url":"https:\/\/beautycharm.lt\/produktas\/heliocare-360-mineral-tolerance-fluidas-spf-50-50-ml\/","name":"HELIOCARE 360 MINERAL TOLERANCE FLUIDAS SPF 50, 50 ML - Beauty Charm","isPartOf":{"@id":"https:\/\/beautycharm.lt\/#website"},"primaryImageOfPage":{"@id":"https:\/\/beautycharm.lt\/produktas\/heliocare-360-mineral-tolerance-fluidas-spf-50-50-ml\/#primaryimage"},"image":{"@id":"https:\/\/beautycharm.lt\/produktas\/heliocare-360-mineral-tolerance-fluidas-spf-50-50-ml\/#primaryimage"},"thumbnailUrl":"https:\/\/beautycharm.lt\/wp-content\/uploads\/2025\/07\/heliocare-360-mineral-tolerance-fluidas-spf-50-50-ml-202308021016250-413x672-1.png","datePublished":"2025-07-15T10:56:34+00:00","dateModified":"2025-09-10T12:48:25+00:00","breadcrumb":{"@id":"https:\/\/beautycharm.lt\/produktas\/heliocare-360-mineral-tolerance-fluidas-spf-50-50-ml\/#breadcrumb"},"inLanguage":"en-US","potentialAction":[{"@type":"ReadAction","target":["https:\/\/beautycharm.lt\/produktas\/heliocare-360-mineral-tolerance-fluidas-spf-50-50-ml\/"]}]},{"@type":"ImageObject","inLanguage":"en-US","@id":"https:\/\/beautycharm.lt\/produktas\/heliocare-360-mineral-tolerance-fluidas-spf-50-50-ml\/#primaryimage","url":"https:\/\/beautycharm.lt\/wp-content\/uploads\/2025\/07\/heliocare-360-mineral-tolerance-fluidas-spf-50-50-ml-202308021016250-413x672-1.png","contentUrl":"https:\/\/beautycharm.lt\/wp-content\/uploads\/2025\/07\/heliocare-360-mineral-tolerance-fluidas-spf-50-50-ml-202308021016250-413x672-1.png","width":413,"height":672},{"@type":"BreadcrumbList","@id":"https:\/\/beautycharm.lt\/produktas\/heliocare-360-mineral-tolerance-fluidas-spf-50-50-ml\/#breadcrumb","itemListElement":[{"@type":"ListItem","position":1,"name":"Home","item":"https:\/\/beautycharm.lt\/"},{"@type":"ListItem","position":2,"name":"Parduotuv\u0117","item":"https:\/\/beautycharm.lt\/parduotuve\/"},{"@type":"ListItem","position":3,"name":"HELIOCARE 360 MINERAL TOLERANCE FLUIDAS SPF 50, 50 ML"}]},{"@type":"WebSite","@id":"https:\/\/beautycharm.lt\/#website","url":"https:\/\/beautycharm.lt\/","name":"Beauty Charm","description":"Odos prie\u017ei\u016bra vyrams ir moterims","publisher":{"@id":"https:\/\/beautycharm.lt\/#organization"},"potentialAction":[{"@type":"SearchAction","target":{"@type":"EntryPoint","urlTemplate":"https:\/\/beautycharm.lt\/?s={search_term_string}"},"query-input":{"@type":"PropertyValueSpecification","valueRequired":true,"valueName":"search_term_string"}}],"inLanguage":"en-US"},{"@type":"Organization","@id":"https:\/\/beautycharm.lt\/#organization","name":"Beauty Charm","url":"https:\/\/beautycharm.lt\/","logo":{"@type":"ImageObject","inLanguage":"en-US","@id":"https:\/\/beautycharm.lt\/#\/schema\/logo\/image\/","url":"https:\/\/beautycharm.lt\/wp-content\/uploads\/2025\/08\/BeautyCharm_t_s-1.svg","contentUrl":"https:\/\/beautycharm.lt\/wp-content\/uploads\/2025\/08\/BeautyCharm_t_s-1.svg","width":148,"height":64,"caption":"Beauty Charm"},"image":{"@id":"https:\/\/beautycharm.lt\/#\/schema\/logo\/image\/"},"sameAs":["https:\/\/www.facebook.com\/faceandbodylines\/","https:\/\/www.instagram.com\/the_house_of_charm\/"]}]}},"_links":{"self":[{"href":"https:\/\/beautycharm.lt\/en\/wp-json\/wp\/v2\/product\/1818","targetHints":{"allow":["GET"]}}],"collection":[{"href":"https:\/\/beautycharm.lt\/en\/wp-json\/wp\/v2\/product"}],"about":[{"href":"https:\/\/beautycharm.lt\/en\/wp-json\/wp\/v2\/types\/product"}],"replies":[{"embeddable":true,"href":"https:\/\/beautycharm.lt\/en\/wp-json\/wp\/v2\/comments?post=1818"}],"wp:featuredmedia":[{"embeddable":true,"href":"https:\/\/beautycharm.lt\/en\/wp-json\/wp\/v2\/media\/2313"}],"wp:attachment":[{"href":"https:\/\/beautycharm.lt\/en\/wp-json\/wp\/v2\/media?parent=1818"}],"wp:term":[{"taxonomy":"product_brand","embeddable":true,"href":"https:\/\/beautycharm.lt\/en\/wp-json\/wp\/v2\/product_brand?post=1818"},{"taxonomy":"product_cat","embeddable":true,"href":"https:\/\/beautycharm.lt\/en\/wp-json\/wp\/v2\/product_cat?post=1818"},{"taxonomy":"product_tag","embeddable":true,"href":"https:\/\/beautycharm.lt\/en\/wp-json\/wp\/v2\/product_tag?post=1818"}],"curies":[{"name":"wp","href":"https:\/\/api.w.org\/{rel}","templated":true}]}}