{"id":1817,"date":"2025-07-15T13:56:34","date_gmt":"2025-07-15T10:56:34","guid":{"rendered":"https:\/\/beautycharm.lt\/product\/endocare-essential-koncentratas-7x1-ml\/"},"modified":"2025-09-10T15:51:33","modified_gmt":"2025-09-10T12:51:33","slug":"endocare-essential-koncentratas-7x1-ml","status":"publish","type":"product","link":"https:\/\/beautycharm.lt\/en\/product\/endocare-essential-koncentratas-7x1-ml\/","title":{"rendered":"ENDOCARE ESSENTIAL CONCENTRATE, 7\u00d71 ML"},"content":{"rendered":"<p>Intensive care ampoules are designed to combat visible signs of aging. High concentrations of active ingredients help to renew collagen, elastin, and hyaluronic acid\u2014essential components of the dermis structure.<\/p>\n<p>The skin becomes softer, smoother, and firmer, with fewer wrinkles and fine lines. In addition, vitamins C and E help protect against structural damage caused by oxidative stress.<\/p>\n<p>Advantages:<\/p>\n<p>Intensive regeneration.<br \/>\nNon-comedogenic.<br \/>\nDermatologically and ophthalmologically tested.<\/p>\n<p>Active ingredients: SCA\u00ae Growth Factor Technology, vitamin C, vitamin E, Hydrosystems (Hygroplex and Pentavitin).<\/p>\n<p>Ingredients: Snail Secretion Filtrate; Propylene Glycol; Aqua; Maltodextrin; Saccharide Isomerate; Hexylene Glycol; Polysorbate 20; PEG\/PPG-20\/6 Dimethicone; Sodium Ascorbyl Phosphate; Sodium Chloride; Tocopheryl Acetate:Urea; Fructose; Glucose; Aspartic Acid; Glutamic Acid; Parfum; Polyquaternium-10; Citric Acid; Tetrasodium EDTA; Dextrin; Sucrose; Alanine; Hexyl Nicotinate; Phenoxyethanol; Sodium Citrate; Hydroxycitronellal; Coumarin: Geraniot Linalool; Hexyl Cinnamal; Limonene.<\/p>","protected":false},"excerpt":{"rendered":"<p>Intensyviai prie\u017ei\u016brai skirtos ampul\u0117s skirtos kovoti su matomais sen\u0117jimo po\u017eymiais. Didel\u0117s veikli\u0173j\u0173 med\u017eiag\u0173 koncentracijos padeda atnaujinti kolagen\u0105, elastin\u0105 ir hialurono r\u016bg\u0161t\u012f \u2013 esminius dermos strukt\u016bros komponentus. Oda tampa \u0161velnesn\u0117, lygesn\u0117 ir stangresn\u0117, suma\u017e\u0117ja rauk\u0161l\u0117s ir smulkios odos klost\u0117s. Be to, vitaminai C ir E padeda apsisaugoti nuo oksidacinio streso sukeltos strukt\u016brin\u0117s \u017ealos. Privalumai: Intensyvi regeneracija.<\/p>\n<div class=\"klb-readmore entry-button\"><a class=\"button light alt medium\" href=\"https:\/\/beautycharm.lt\/en\/product\/endocare-essential-koncentratas-7x1-ml\/\">Read More<\/a><\/div>","protected":false},"featured_media":2314,"comment_status":"open","ping_status":"closed","template":"","meta":{"inline_featured_image":false},"product_brand":[90],"product_cat":[128],"product_tag":[],"class_list":{"0":"post-1817","1":"product","2":"type-product","3":"status-publish","4":"has-post-thumbnail","6":"product_brand-endocare-lt","7":"product_cat-kiti-produktai","9":"first","10":"instock","11":"shipping-taxable","12":"purchasable","13":"product-type-simple"},"yoast_head":"<!-- This site is optimized with the Yoast SEO plugin v27.4 - https:\/\/yoast.com\/product\/yoast-seo-wordpress\/ -->\n<title>ENDOCARE ESSENTIAL KONCENTRATAS, 7x1 ML - Beauty Charm<\/title>\n<meta name=\"robots\" content=\"index, follow, max-snippet:-1, max-image-preview:large, max-video-preview:-1\" \/>\n<link rel=\"canonical\" href=\"https:\/\/beautycharm.lt\/en\/product\/endocare-essential-koncentratas-7x1-ml\/\" \/>\n<meta property=\"og:locale\" content=\"en_US\" \/>\n<meta property=\"og:type\" content=\"article\" \/>\n<meta property=\"og:title\" content=\"ENDOCARE ESSENTIAL KONCENTRATAS, 7x1 ML - Beauty Charm\" \/>\n<meta property=\"og:description\" content=\"Intensyviai prie\u017ei\u016brai skirtos ampul\u0117s skirtos kovoti su matomais sen\u0117jimo po\u017eymiais. Didel\u0117s veikli\u0173j\u0173 med\u017eiag\u0173 koncentracijos padeda atnaujinti kolagen\u0105, elastin\u0105 ir hialurono r\u016bg\u0161t\u012f \u2013 esminius dermos strukt\u016bros komponentus. Oda tampa \u0161velnesn\u0117, lygesn\u0117 ir stangresn\u0117, suma\u017e\u0117ja rauk\u0161l\u0117s ir smulkios odos klost\u0117s. Be to, vitaminai C ir E padeda apsisaugoti nuo oksidacinio streso sukeltos strukt\u016brin\u0117s \u017ealos. Privalumai: Intensyvi regeneracija.Read More\" \/>\n<meta property=\"og:url\" content=\"https:\/\/beautycharm.lt\/en\/product\/endocare-essential-koncentratas-7x1-ml\/\" \/>\n<meta property=\"og:site_name\" content=\"Beauty Charm\" \/>\n<meta property=\"article:publisher\" content=\"https:\/\/www.facebook.com\/faceandbodylines\/\" \/>\n<meta property=\"article:modified_time\" content=\"2025-09-10T12:51:33+00:00\" \/>\n<meta property=\"og:image\" content=\"https:\/\/beautycharm.lt\/wp-content\/uploads\/2025\/07\/endocare-essential-koncentratas-7x1-ml-202309061050460-413x672-1.jpeg\" \/>\n\t<meta property=\"og:image:width\" content=\"413\" \/>\n\t<meta property=\"og:image:height\" content=\"672\" \/>\n\t<meta property=\"og:image:type\" content=\"image\/jpeg\" \/>\n<meta name=\"twitter:card\" content=\"summary_large_image\" \/>\n<meta name=\"twitter:label1\" content=\"Est. reading time\" \/>\n\t<meta name=\"twitter:data1\" content=\"1 minute\" \/>\n<script type=\"application\/ld+json\" class=\"yoast-schema-graph\">{\"@context\":\"https:\\\/\\\/schema.org\",\"@graph\":[{\"@type\":\"WebPage\",\"@id\":\"https:\\\/\\\/beautycharm.lt\\\/produktas\\\/endocare-essential-koncentratas-7x1-ml\\\/\",\"url\":\"https:\\\/\\\/beautycharm.lt\\\/produktas\\\/endocare-essential-koncentratas-7x1-ml\\\/\",\"name\":\"ENDOCARE ESSENTIAL KONCENTRATAS, 7x1 ML - Beauty Charm\",\"isPartOf\":{\"@id\":\"https:\\\/\\\/beautycharm.lt\\\/#website\"},\"primaryImageOfPage\":{\"@id\":\"https:\\\/\\\/beautycharm.lt\\\/produktas\\\/endocare-essential-koncentratas-7x1-ml\\\/#primaryimage\"},\"image\":{\"@id\":\"https:\\\/\\\/beautycharm.lt\\\/produktas\\\/endocare-essential-koncentratas-7x1-ml\\\/#primaryimage\"},\"thumbnailUrl\":\"https:\\\/\\\/beautycharm.lt\\\/wp-content\\\/uploads\\\/2025\\\/07\\\/endocare-essential-koncentratas-7x1-ml-202309061050460-413x672-1.jpeg\",\"datePublished\":\"2025-07-15T10:56:34+00:00\",\"dateModified\":\"2025-09-10T12:51:33+00:00\",\"breadcrumb\":{\"@id\":\"https:\\\/\\\/beautycharm.lt\\\/produktas\\\/endocare-essential-koncentratas-7x1-ml\\\/#breadcrumb\"},\"inLanguage\":\"en-US\",\"potentialAction\":[{\"@type\":\"ReadAction\",\"target\":[\"https:\\\/\\\/beautycharm.lt\\\/produktas\\\/endocare-essential-koncentratas-7x1-ml\\\/\"]}]},{\"@type\":\"ImageObject\",\"inLanguage\":\"en-US\",\"@id\":\"https:\\\/\\\/beautycharm.lt\\\/produktas\\\/endocare-essential-koncentratas-7x1-ml\\\/#primaryimage\",\"url\":\"https:\\\/\\\/beautycharm.lt\\\/wp-content\\\/uploads\\\/2025\\\/07\\\/endocare-essential-koncentratas-7x1-ml-202309061050460-413x672-1.jpeg\",\"contentUrl\":\"https:\\\/\\\/beautycharm.lt\\\/wp-content\\\/uploads\\\/2025\\\/07\\\/endocare-essential-koncentratas-7x1-ml-202309061050460-413x672-1.jpeg\",\"width\":413,\"height\":672},{\"@type\":\"BreadcrumbList\",\"@id\":\"https:\\\/\\\/beautycharm.lt\\\/produktas\\\/endocare-essential-koncentratas-7x1-ml\\\/#breadcrumb\",\"itemListElement\":[{\"@type\":\"ListItem\",\"position\":1,\"name\":\"Home\",\"item\":\"https:\\\/\\\/beautycharm.lt\\\/\"},{\"@type\":\"ListItem\",\"position\":2,\"name\":\"Parduotuv\u0117\",\"item\":\"https:\\\/\\\/beautycharm.lt\\\/parduotuve\\\/\"},{\"@type\":\"ListItem\",\"position\":3,\"name\":\"ENDOCARE ESSENTIAL KONCENTRATAS, 7&#215;1 ML\"}]},{\"@type\":\"WebSite\",\"@id\":\"https:\\\/\\\/beautycharm.lt\\\/#website\",\"url\":\"https:\\\/\\\/beautycharm.lt\\\/\",\"name\":\"Beauty Charm\",\"description\":\"Odos prie\u017ei\u016bra vyrams ir moterims\",\"publisher\":{\"@id\":\"https:\\\/\\\/beautycharm.lt\\\/#organization\"},\"potentialAction\":[{\"@type\":\"SearchAction\",\"target\":{\"@type\":\"EntryPoint\",\"urlTemplate\":\"https:\\\/\\\/beautycharm.lt\\\/?s={search_term_string}\"},\"query-input\":{\"@type\":\"PropertyValueSpecification\",\"valueRequired\":true,\"valueName\":\"search_term_string\"}}],\"inLanguage\":\"en-US\"},{\"@type\":\"Organization\",\"@id\":\"https:\\\/\\\/beautycharm.lt\\\/#organization\",\"name\":\"Beauty Charm\",\"url\":\"https:\\\/\\\/beautycharm.lt\\\/\",\"logo\":{\"@type\":\"ImageObject\",\"inLanguage\":\"en-US\",\"@id\":\"https:\\\/\\\/beautycharm.lt\\\/#\\\/schema\\\/logo\\\/image\\\/\",\"url\":\"https:\\\/\\\/beautycharm.lt\\\/wp-content\\\/uploads\\\/2025\\\/08\\\/BeautyCharm_t_s-1.svg\",\"contentUrl\":\"https:\\\/\\\/beautycharm.lt\\\/wp-content\\\/uploads\\\/2025\\\/08\\\/BeautyCharm_t_s-1.svg\",\"width\":148,\"height\":64,\"caption\":\"Beauty Charm\"},\"image\":{\"@id\":\"https:\\\/\\\/beautycharm.lt\\\/#\\\/schema\\\/logo\\\/image\\\/\"},\"sameAs\":[\"https:\\\/\\\/www.facebook.com\\\/faceandbodylines\\\/\",\"https:\\\/\\\/www.instagram.com\\\/the_house_of_charm\\\/\"]}]}<\/script>\n<!-- \/ Yoast SEO plugin. -->","yoast_head_json":{"title":"ENDOCARE ESSENTIAL KONCENTRATAS, 7x1 ML - Beauty Charm","robots":{"index":"index","follow":"follow","max-snippet":"max-snippet:-1","max-image-preview":"max-image-preview:large","max-video-preview":"max-video-preview:-1"},"canonical":"https:\/\/beautycharm.lt\/en\/product\/endocare-essential-koncentratas-7x1-ml\/","og_locale":"en_US","og_type":"article","og_title":"ENDOCARE ESSENTIAL KONCENTRATAS, 7x1 ML - Beauty Charm","og_description":"Intensyviai prie\u017ei\u016brai skirtos ampul\u0117s skirtos kovoti su matomais sen\u0117jimo po\u017eymiais. Didel\u0117s veikli\u0173j\u0173 med\u017eiag\u0173 koncentracijos padeda atnaujinti kolagen\u0105, elastin\u0105 ir hialurono r\u016bg\u0161t\u012f \u2013 esminius dermos strukt\u016bros komponentus. Oda tampa \u0161velnesn\u0117, lygesn\u0117 ir stangresn\u0117, suma\u017e\u0117ja rauk\u0161l\u0117s ir smulkios odos klost\u0117s. Be to, vitaminai C ir E padeda apsisaugoti nuo oksidacinio streso sukeltos strukt\u016brin\u0117s \u017ealos. Privalumai: Intensyvi regeneracija.Read More","og_url":"https:\/\/beautycharm.lt\/en\/product\/endocare-essential-koncentratas-7x1-ml\/","og_site_name":"Beauty Charm","article_publisher":"https:\/\/www.facebook.com\/faceandbodylines\/","article_modified_time":"2025-09-10T12:51:33+00:00","og_image":[{"width":413,"height":672,"url":"https:\/\/beautycharm.lt\/wp-content\/uploads\/2025\/07\/endocare-essential-koncentratas-7x1-ml-202309061050460-413x672-1.jpeg","type":"image\/jpeg"}],"twitter_card":"summary_large_image","twitter_misc":{"Est. reading time":"1 minute"},"schema":{"@context":"https:\/\/schema.org","@graph":[{"@type":"WebPage","@id":"https:\/\/beautycharm.lt\/produktas\/endocare-essential-koncentratas-7x1-ml\/","url":"https:\/\/beautycharm.lt\/produktas\/endocare-essential-koncentratas-7x1-ml\/","name":"ENDOCARE ESSENTIAL KONCENTRATAS, 7x1 ML - Beauty Charm","isPartOf":{"@id":"https:\/\/beautycharm.lt\/#website"},"primaryImageOfPage":{"@id":"https:\/\/beautycharm.lt\/produktas\/endocare-essential-koncentratas-7x1-ml\/#primaryimage"},"image":{"@id":"https:\/\/beautycharm.lt\/produktas\/endocare-essential-koncentratas-7x1-ml\/#primaryimage"},"thumbnailUrl":"https:\/\/beautycharm.lt\/wp-content\/uploads\/2025\/07\/endocare-essential-koncentratas-7x1-ml-202309061050460-413x672-1.jpeg","datePublished":"2025-07-15T10:56:34+00:00","dateModified":"2025-09-10T12:51:33+00:00","breadcrumb":{"@id":"https:\/\/beautycharm.lt\/produktas\/endocare-essential-koncentratas-7x1-ml\/#breadcrumb"},"inLanguage":"en-US","potentialAction":[{"@type":"ReadAction","target":["https:\/\/beautycharm.lt\/produktas\/endocare-essential-koncentratas-7x1-ml\/"]}]},{"@type":"ImageObject","inLanguage":"en-US","@id":"https:\/\/beautycharm.lt\/produktas\/endocare-essential-koncentratas-7x1-ml\/#primaryimage","url":"https:\/\/beautycharm.lt\/wp-content\/uploads\/2025\/07\/endocare-essential-koncentratas-7x1-ml-202309061050460-413x672-1.jpeg","contentUrl":"https:\/\/beautycharm.lt\/wp-content\/uploads\/2025\/07\/endocare-essential-koncentratas-7x1-ml-202309061050460-413x672-1.jpeg","width":413,"height":672},{"@type":"BreadcrumbList","@id":"https:\/\/beautycharm.lt\/produktas\/endocare-essential-koncentratas-7x1-ml\/#breadcrumb","itemListElement":[{"@type":"ListItem","position":1,"name":"Home","item":"https:\/\/beautycharm.lt\/"},{"@type":"ListItem","position":2,"name":"Parduotuv\u0117","item":"https:\/\/beautycharm.lt\/parduotuve\/"},{"@type":"ListItem","position":3,"name":"ENDOCARE ESSENTIAL KONCENTRATAS, 7&#215;1 ML"}]},{"@type":"WebSite","@id":"https:\/\/beautycharm.lt\/#website","url":"https:\/\/beautycharm.lt\/","name":"Beauty Charm","description":"Odos prie\u017ei\u016bra vyrams ir moterims","publisher":{"@id":"https:\/\/beautycharm.lt\/#organization"},"potentialAction":[{"@type":"SearchAction","target":{"@type":"EntryPoint","urlTemplate":"https:\/\/beautycharm.lt\/?s={search_term_string}"},"query-input":{"@type":"PropertyValueSpecification","valueRequired":true,"valueName":"search_term_string"}}],"inLanguage":"en-US"},{"@type":"Organization","@id":"https:\/\/beautycharm.lt\/#organization","name":"Beauty Charm","url":"https:\/\/beautycharm.lt\/","logo":{"@type":"ImageObject","inLanguage":"en-US","@id":"https:\/\/beautycharm.lt\/#\/schema\/logo\/image\/","url":"https:\/\/beautycharm.lt\/wp-content\/uploads\/2025\/08\/BeautyCharm_t_s-1.svg","contentUrl":"https:\/\/beautycharm.lt\/wp-content\/uploads\/2025\/08\/BeautyCharm_t_s-1.svg","width":148,"height":64,"caption":"Beauty Charm"},"image":{"@id":"https:\/\/beautycharm.lt\/#\/schema\/logo\/image\/"},"sameAs":["https:\/\/www.facebook.com\/faceandbodylines\/","https:\/\/www.instagram.com\/the_house_of_charm\/"]}]}},"_links":{"self":[{"href":"https:\/\/beautycharm.lt\/en\/wp-json\/wp\/v2\/product\/1817","targetHints":{"allow":["GET"]}}],"collection":[{"href":"https:\/\/beautycharm.lt\/en\/wp-json\/wp\/v2\/product"}],"about":[{"href":"https:\/\/beautycharm.lt\/en\/wp-json\/wp\/v2\/types\/product"}],"replies":[{"embeddable":true,"href":"https:\/\/beautycharm.lt\/en\/wp-json\/wp\/v2\/comments?post=1817"}],"wp:featuredmedia":[{"embeddable":true,"href":"https:\/\/beautycharm.lt\/en\/wp-json\/wp\/v2\/media\/2314"}],"wp:attachment":[{"href":"https:\/\/beautycharm.lt\/en\/wp-json\/wp\/v2\/media?parent=1817"}],"wp:term":[{"taxonomy":"product_brand","embeddable":true,"href":"https:\/\/beautycharm.lt\/en\/wp-json\/wp\/v2\/product_brand?post=1817"},{"taxonomy":"product_cat","embeddable":true,"href":"https:\/\/beautycharm.lt\/en\/wp-json\/wp\/v2\/product_cat?post=1817"},{"taxonomy":"product_tag","embeddable":true,"href":"https:\/\/beautycharm.lt\/en\/wp-json\/wp\/v2\/product_tag?post=1817"}],"curies":[{"name":"wp","href":"https:\/\/api.w.org\/{rel}","templated":true}]}}