{"id":1811,"date":"2025-07-15T13:56:27","date_gmt":"2025-07-15T10:56:27","guid":{"rendered":"https:\/\/beautycharm.lt\/product\/g-m-collin-nutritive-veido-kremas-normaliai-sausai-odai-50-ml\/"},"modified":"2025-08-12T23:19:13","modified_gmt":"2025-08-12T20:19:13","slug":"g-m-collin-nutritive-veido-kremas-normaliai-sausai-odai-50-ml","status":"publish","type":"product","link":"https:\/\/beautycharm.lt\/en\/product\/g-m-collin-nutritive-veido-kremas-normaliai-sausai-odai-50-ml\/","title":{"rendered":"G.M. COLLIN NUTRITIVE FACE CREAM FOR NORMAL TO DRY SKIN, 50 ML"},"content":{"rendered":"<p>Advantages:<\/p>\n<p>\tSuitable for dry skin lacking nourishment, comfort, firmness, and radiance.<br \/>\n\tSuitable for skin prone to roughness, flaking, and cracking caused by dryness.<br \/>\n\tThe product is suitable for skin that needs protection from environmental aggressors.<\/p>\n<p>Active ingredients:<\/p>\n<p>\tRed maple bark is an antioxidant suitable for dry skin in need of soothing.<br \/>\n\tShea and Moringa butters \u2013 suitable for skin that needs soothing and moisturizing.<br \/>\n\tCocoa beans \u2013 suitable for skin lacking smoothness.<br \/>\n\tCeramides \u2013 suitable for skin that needs a stronger protective hydrolipid barrier.<\/p>\n<p>Ingredients:<\/p>\n<p>AQUA\/WATER\/EAU, GLYCERIN, OCTYLDODECANOL, ISONONYL ISONONANOATE, BUTYROSPERMUM PARKII (SHEA) BUTTER, CETYL ALCOHOL, GLYCERYL STEARATE, ETHOXYDIGLYCOL, HYDROXYETHYL ACRYLATE\/SODIUM ACRYLOYLDIMETHYL TAURATE COPOLYMER, ARGANIA SPINOSA KERNEL OIL, SQUALANE, MORINGA OIL\/HYDROGENATED MORINGA OIL ESTERS, HYDROXYACETOPHENONE, TREHALOSE, UREA, CITRULLUS LANATUS (WATERMELON) FRUIT EXTRACT, PANTHENOL, CASTANEA SATIVA (CHESTNUT) SEED EXTRACT, HELIANTHUS ANNUUS (SUNFLOWER) SEED EXTRACT, LENS ESCULENTA (LENTIL) FRUIT EXTRACT, PYRUS MALUS (APPLE) FRUIT EXTRACT, ALLANTOIN, TOCOPHERYL ACETATE, SODIUM HYALURONATE, SERINE, THEOBROMA CACAO (COCOA) EXTRACT, HORDEUM VULGARE EXTRACT, ACER RUBRUM BARK EXTRACT, SODIUM PCA, PLANKTON EXTRACT\/EXTRAIT DE PLANCTON, ETHYLHEXYLGLYCERIN, CUCUMIS SATIVUS (CUCUMBER) FRUIT EXTRACT, CERAMIDE NP, CERAMIDE NS, CERAMIDE AP, CERAMIDE EOP, CERAMIDE EOS, CAPROOYL PHYTOSPHINGOSINE, CAPROOYL SPHINGOSINE, PHENOXYETHANOL, PENTYLENE GLYCOL, POTASSIUM SORBATE, SODIUM BENZOATE, TOCOPHEROL, ASCORBYL PALMITATE, PEG-75 STEARATE, PROPYLENE GLYCOL DICAPRATE, DIMETHICONE, CETETH-20, SODIUM STEAROYL GLUTAMATE, STEARETH-20, STEARYL ALCOHOL, CAPRYLIC\/CAPRIC TRIGLYCERIDE, DISODIUM EDTA, ETHYLENE BRASSYLATE, DIMETHICONOL, SODIUM LACTATE, POLYSORBATE 60, SORBITAN ISOSTEARATE, ALGIN, CAPRYLYL GLYCOL, DISODIUM PHOSPHATE, GLYCERYL POLYACRYLATE, PULLULAN, CETEARETH-25, POTASSIUM PHOSPHATE, BEHENIC ACID, CHOLESTEROL<\/p>","protected":false},"excerpt":{"rendered":"<p>Privalumai: Tinka sausai odai, kuriai tr\u016bksta maitinimo, komforto, stangrumo ir spindesio. Tinka odai, kuri linkusi \u012f \u0161iurk\u0161tum\u0105, skilin\u0117jim\u0105 ir \u012ftr\u016bkimus,atsirandan\u010dius d\u0117l odos i\u0161saus\u0117jimo. Priemon\u0117 tinkama odai, norin\u010diai apsisaugoti nuo aplinkos agresori\u0173. Veikliosios med\u017eiagos: Raudonojo klevo \u017eeiv\u0117 \u2013 antioksidantas, tinkamas sausai odai, stokojan\u010diai raminimo. Shea ir Moringa sviestai \u2013 tinka odai, kuriai norisi raminimo, dr\u0117kinimo. Kakavos<\/p>\n<div class=\"klb-readmore entry-button\"><a class=\"button light alt medium\" href=\"https:\/\/beautycharm.lt\/en\/product\/g-m-collin-nutritive-veido-kremas-normaliai-sausai-odai-50-ml\/\">Read More<\/a><\/div>","protected":false},"featured_media":1812,"comment_status":"open","ping_status":"closed","template":"","meta":{"inline_featured_image":false},"product_brand":[83],"product_cat":[128],"product_tag":[],"class_list":{"0":"post-1811","1":"product","2":"type-product","3":"status-publish","4":"has-post-thumbnail","6":"product_brand-g-m-collin-lt","7":"product_cat-kiti-produktai","9":"first","10":"instock","11":"shipping-taxable","12":"purchasable","13":"product-type-simple"},"yoast_head":"<!-- This site is optimized with the Yoast SEO plugin v27.4 - https:\/\/yoast.com\/product\/yoast-seo-wordpress\/ -->\n<title>G.M. COLLIN NUTRITIVE VEIDO KREMAS NORMALIAI, SAUSAI ODAI, 50 ML - Beauty Charm<\/title>\n<meta name=\"robots\" content=\"index, follow, max-snippet:-1, max-image-preview:large, max-video-preview:-1\" \/>\n<link rel=\"canonical\" href=\"https:\/\/beautycharm.lt\/en\/product\/g-m-collin-nutritive-veido-kremas-normaliai-sausai-odai-50-ml\/\" \/>\n<meta property=\"og:locale\" content=\"en_US\" \/>\n<meta property=\"og:type\" content=\"article\" \/>\n<meta property=\"og:title\" content=\"G.M. COLLIN NUTRITIVE VEIDO KREMAS NORMALIAI, SAUSAI ODAI, 50 ML - Beauty Charm\" \/>\n<meta property=\"og:description\" content=\"Privalumai: Tinka sausai odai, kuriai tr\u016bksta maitinimo, komforto, stangrumo ir spindesio. Tinka odai, kuri linkusi \u012f \u0161iurk\u0161tum\u0105, skilin\u0117jim\u0105 ir \u012ftr\u016bkimus,atsirandan\u010dius d\u0117l odos i\u0161saus\u0117jimo. Priemon\u0117 tinkama odai, norin\u010diai apsisaugoti nuo aplinkos agresori\u0173. Veikliosios med\u017eiagos: Raudonojo klevo \u017eeiv\u0117 \u2013 antioksidantas, tinkamas sausai odai, stokojan\u010diai raminimo. Shea ir Moringa sviestai \u2013 tinka odai, kuriai norisi raminimo, dr\u0117kinimo. KakavosRead More\" \/>\n<meta property=\"og:url\" content=\"https:\/\/beautycharm.lt\/en\/product\/g-m-collin-nutritive-veido-kremas-normaliai-sausai-odai-50-ml\/\" \/>\n<meta property=\"og:site_name\" content=\"Beauty Charm\" \/>\n<meta property=\"article:publisher\" content=\"https:\/\/www.facebook.com\/faceandbodylines\/\" \/>\n<meta property=\"article:modified_time\" content=\"2025-08-12T20:19:13+00:00\" \/>\n<meta property=\"og:image\" content=\"https:\/\/beautycharm.lt\/wp-content\/uploads\/2025\/07\/g-m-collin-nutritive-veido-kremas-normaliai-sausai-odai-50-ml.jpg\" \/>\n\t<meta property=\"og:image:width\" content=\"1563\" \/>\n\t<meta property=\"og:image:height\" content=\"1563\" \/>\n\t<meta property=\"og:image:type\" content=\"image\/jpeg\" \/>\n<meta name=\"twitter:card\" content=\"summary_large_image\" \/>\n<meta name=\"twitter:label1\" content=\"Est. reading time\" \/>\n\t<meta name=\"twitter:data1\" content=\"1 minute\" \/>\n<script type=\"application\/ld+json\" class=\"yoast-schema-graph\">{\"@context\":\"https:\\\/\\\/schema.org\",\"@graph\":[{\"@type\":\"WebPage\",\"@id\":\"https:\\\/\\\/beautycharm.lt\\\/produktas\\\/g-m-collin-nutritive-veido-kremas-normaliai-sausai-odai-50-ml\\\/\",\"url\":\"https:\\\/\\\/beautycharm.lt\\\/produktas\\\/g-m-collin-nutritive-veido-kremas-normaliai-sausai-odai-50-ml\\\/\",\"name\":\"G.M. COLLIN NUTRITIVE VEIDO KREMAS NORMALIAI, SAUSAI ODAI, 50 ML - Beauty Charm\",\"isPartOf\":{\"@id\":\"https:\\\/\\\/beautycharm.lt\\\/#website\"},\"primaryImageOfPage\":{\"@id\":\"https:\\\/\\\/beautycharm.lt\\\/produktas\\\/g-m-collin-nutritive-veido-kremas-normaliai-sausai-odai-50-ml\\\/#primaryimage\"},\"image\":{\"@id\":\"https:\\\/\\\/beautycharm.lt\\\/produktas\\\/g-m-collin-nutritive-veido-kremas-normaliai-sausai-odai-50-ml\\\/#primaryimage\"},\"thumbnailUrl\":\"https:\\\/\\\/beautycharm.lt\\\/wp-content\\\/uploads\\\/2025\\\/07\\\/g-m-collin-nutritive-veido-kremas-normaliai-sausai-odai-50-ml.jpg\",\"datePublished\":\"2025-07-15T10:56:27+00:00\",\"dateModified\":\"2025-08-12T20:19:13+00:00\",\"breadcrumb\":{\"@id\":\"https:\\\/\\\/beautycharm.lt\\\/produktas\\\/g-m-collin-nutritive-veido-kremas-normaliai-sausai-odai-50-ml\\\/#breadcrumb\"},\"inLanguage\":\"en-US\",\"potentialAction\":[{\"@type\":\"ReadAction\",\"target\":[\"https:\\\/\\\/beautycharm.lt\\\/produktas\\\/g-m-collin-nutritive-veido-kremas-normaliai-sausai-odai-50-ml\\\/\"]}]},{\"@type\":\"ImageObject\",\"inLanguage\":\"en-US\",\"@id\":\"https:\\\/\\\/beautycharm.lt\\\/produktas\\\/g-m-collin-nutritive-veido-kremas-normaliai-sausai-odai-50-ml\\\/#primaryimage\",\"url\":\"https:\\\/\\\/beautycharm.lt\\\/wp-content\\\/uploads\\\/2025\\\/07\\\/g-m-collin-nutritive-veido-kremas-normaliai-sausai-odai-50-ml.jpg\",\"contentUrl\":\"https:\\\/\\\/beautycharm.lt\\\/wp-content\\\/uploads\\\/2025\\\/07\\\/g-m-collin-nutritive-veido-kremas-normaliai-sausai-odai-50-ml.jpg\",\"width\":1563,\"height\":1563},{\"@type\":\"BreadcrumbList\",\"@id\":\"https:\\\/\\\/beautycharm.lt\\\/produktas\\\/g-m-collin-nutritive-veido-kremas-normaliai-sausai-odai-50-ml\\\/#breadcrumb\",\"itemListElement\":[{\"@type\":\"ListItem\",\"position\":1,\"name\":\"Home\",\"item\":\"https:\\\/\\\/beautycharm.lt\\\/\"},{\"@type\":\"ListItem\",\"position\":2,\"name\":\"Parduotuv\u0117\",\"item\":\"https:\\\/\\\/beautycharm.lt\\\/parduotuve\\\/\"},{\"@type\":\"ListItem\",\"position\":3,\"name\":\"G.M. COLLIN NUTRITIVE VEIDO KREMAS NORMALIAI, SAUSAI ODAI, 50 ML\"}]},{\"@type\":\"WebSite\",\"@id\":\"https:\\\/\\\/beautycharm.lt\\\/#website\",\"url\":\"https:\\\/\\\/beautycharm.lt\\\/\",\"name\":\"Beauty Charm\",\"description\":\"Odos prie\u017ei\u016bra vyrams ir moterims\",\"publisher\":{\"@id\":\"https:\\\/\\\/beautycharm.lt\\\/#organization\"},\"potentialAction\":[{\"@type\":\"SearchAction\",\"target\":{\"@type\":\"EntryPoint\",\"urlTemplate\":\"https:\\\/\\\/beautycharm.lt\\\/?s={search_term_string}\"},\"query-input\":{\"@type\":\"PropertyValueSpecification\",\"valueRequired\":true,\"valueName\":\"search_term_string\"}}],\"inLanguage\":\"en-US\"},{\"@type\":\"Organization\",\"@id\":\"https:\\\/\\\/beautycharm.lt\\\/#organization\",\"name\":\"Beauty Charm\",\"url\":\"https:\\\/\\\/beautycharm.lt\\\/\",\"logo\":{\"@type\":\"ImageObject\",\"inLanguage\":\"en-US\",\"@id\":\"https:\\\/\\\/beautycharm.lt\\\/#\\\/schema\\\/logo\\\/image\\\/\",\"url\":\"https:\\\/\\\/beautycharm.lt\\\/wp-content\\\/uploads\\\/2025\\\/08\\\/BeautyCharm_t_s-1.svg\",\"contentUrl\":\"https:\\\/\\\/beautycharm.lt\\\/wp-content\\\/uploads\\\/2025\\\/08\\\/BeautyCharm_t_s-1.svg\",\"width\":148,\"height\":64,\"caption\":\"Beauty Charm\"},\"image\":{\"@id\":\"https:\\\/\\\/beautycharm.lt\\\/#\\\/schema\\\/logo\\\/image\\\/\"},\"sameAs\":[\"https:\\\/\\\/www.facebook.com\\\/faceandbodylines\\\/\",\"https:\\\/\\\/www.instagram.com\\\/the_house_of_charm\\\/\"]}]}<\/script>\n<!-- \/ Yoast SEO plugin. -->","yoast_head_json":{"title":"G.M. COLLIN NUTRITIVE VEIDO KREMAS NORMALIAI, SAUSAI ODAI, 50 ML - Beauty Charm","robots":{"index":"index","follow":"follow","max-snippet":"max-snippet:-1","max-image-preview":"max-image-preview:large","max-video-preview":"max-video-preview:-1"},"canonical":"https:\/\/beautycharm.lt\/en\/product\/g-m-collin-nutritive-veido-kremas-normaliai-sausai-odai-50-ml\/","og_locale":"en_US","og_type":"article","og_title":"G.M. COLLIN NUTRITIVE VEIDO KREMAS NORMALIAI, SAUSAI ODAI, 50 ML - Beauty Charm","og_description":"Privalumai: Tinka sausai odai, kuriai tr\u016bksta maitinimo, komforto, stangrumo ir spindesio. Tinka odai, kuri linkusi \u012f \u0161iurk\u0161tum\u0105, skilin\u0117jim\u0105 ir \u012ftr\u016bkimus,atsirandan\u010dius d\u0117l odos i\u0161saus\u0117jimo. Priemon\u0117 tinkama odai, norin\u010diai apsisaugoti nuo aplinkos agresori\u0173. Veikliosios med\u017eiagos: Raudonojo klevo \u017eeiv\u0117 \u2013 antioksidantas, tinkamas sausai odai, stokojan\u010diai raminimo. Shea ir Moringa sviestai \u2013 tinka odai, kuriai norisi raminimo, dr\u0117kinimo. KakavosRead More","og_url":"https:\/\/beautycharm.lt\/en\/product\/g-m-collin-nutritive-veido-kremas-normaliai-sausai-odai-50-ml\/","og_site_name":"Beauty Charm","article_publisher":"https:\/\/www.facebook.com\/faceandbodylines\/","article_modified_time":"2025-08-12T20:19:13+00:00","og_image":[{"width":1563,"height":1563,"url":"https:\/\/beautycharm.lt\/wp-content\/uploads\/2025\/07\/g-m-collin-nutritive-veido-kremas-normaliai-sausai-odai-50-ml.jpg","type":"image\/jpeg"}],"twitter_card":"summary_large_image","twitter_misc":{"Est. reading time":"1 minute"},"schema":{"@context":"https:\/\/schema.org","@graph":[{"@type":"WebPage","@id":"https:\/\/beautycharm.lt\/produktas\/g-m-collin-nutritive-veido-kremas-normaliai-sausai-odai-50-ml\/","url":"https:\/\/beautycharm.lt\/produktas\/g-m-collin-nutritive-veido-kremas-normaliai-sausai-odai-50-ml\/","name":"G.M. COLLIN NUTRITIVE VEIDO KREMAS NORMALIAI, SAUSAI ODAI, 50 ML - Beauty Charm","isPartOf":{"@id":"https:\/\/beautycharm.lt\/#website"},"primaryImageOfPage":{"@id":"https:\/\/beautycharm.lt\/produktas\/g-m-collin-nutritive-veido-kremas-normaliai-sausai-odai-50-ml\/#primaryimage"},"image":{"@id":"https:\/\/beautycharm.lt\/produktas\/g-m-collin-nutritive-veido-kremas-normaliai-sausai-odai-50-ml\/#primaryimage"},"thumbnailUrl":"https:\/\/beautycharm.lt\/wp-content\/uploads\/2025\/07\/g-m-collin-nutritive-veido-kremas-normaliai-sausai-odai-50-ml.jpg","datePublished":"2025-07-15T10:56:27+00:00","dateModified":"2025-08-12T20:19:13+00:00","breadcrumb":{"@id":"https:\/\/beautycharm.lt\/produktas\/g-m-collin-nutritive-veido-kremas-normaliai-sausai-odai-50-ml\/#breadcrumb"},"inLanguage":"en-US","potentialAction":[{"@type":"ReadAction","target":["https:\/\/beautycharm.lt\/produktas\/g-m-collin-nutritive-veido-kremas-normaliai-sausai-odai-50-ml\/"]}]},{"@type":"ImageObject","inLanguage":"en-US","@id":"https:\/\/beautycharm.lt\/produktas\/g-m-collin-nutritive-veido-kremas-normaliai-sausai-odai-50-ml\/#primaryimage","url":"https:\/\/beautycharm.lt\/wp-content\/uploads\/2025\/07\/g-m-collin-nutritive-veido-kremas-normaliai-sausai-odai-50-ml.jpg","contentUrl":"https:\/\/beautycharm.lt\/wp-content\/uploads\/2025\/07\/g-m-collin-nutritive-veido-kremas-normaliai-sausai-odai-50-ml.jpg","width":1563,"height":1563},{"@type":"BreadcrumbList","@id":"https:\/\/beautycharm.lt\/produktas\/g-m-collin-nutritive-veido-kremas-normaliai-sausai-odai-50-ml\/#breadcrumb","itemListElement":[{"@type":"ListItem","position":1,"name":"Home","item":"https:\/\/beautycharm.lt\/"},{"@type":"ListItem","position":2,"name":"Parduotuv\u0117","item":"https:\/\/beautycharm.lt\/parduotuve\/"},{"@type":"ListItem","position":3,"name":"G.M. COLLIN NUTRITIVE VEIDO KREMAS NORMALIAI, SAUSAI ODAI, 50 ML"}]},{"@type":"WebSite","@id":"https:\/\/beautycharm.lt\/#website","url":"https:\/\/beautycharm.lt\/","name":"Beauty Charm","description":"Odos prie\u017ei\u016bra vyrams ir moterims","publisher":{"@id":"https:\/\/beautycharm.lt\/#organization"},"potentialAction":[{"@type":"SearchAction","target":{"@type":"EntryPoint","urlTemplate":"https:\/\/beautycharm.lt\/?s={search_term_string}"},"query-input":{"@type":"PropertyValueSpecification","valueRequired":true,"valueName":"search_term_string"}}],"inLanguage":"en-US"},{"@type":"Organization","@id":"https:\/\/beautycharm.lt\/#organization","name":"Beauty Charm","url":"https:\/\/beautycharm.lt\/","logo":{"@type":"ImageObject","inLanguage":"en-US","@id":"https:\/\/beautycharm.lt\/#\/schema\/logo\/image\/","url":"https:\/\/beautycharm.lt\/wp-content\/uploads\/2025\/08\/BeautyCharm_t_s-1.svg","contentUrl":"https:\/\/beautycharm.lt\/wp-content\/uploads\/2025\/08\/BeautyCharm_t_s-1.svg","width":148,"height":64,"caption":"Beauty Charm"},"image":{"@id":"https:\/\/beautycharm.lt\/#\/schema\/logo\/image\/"},"sameAs":["https:\/\/www.facebook.com\/faceandbodylines\/","https:\/\/www.instagram.com\/the_house_of_charm\/"]}]}},"_links":{"self":[{"href":"https:\/\/beautycharm.lt\/en\/wp-json\/wp\/v2\/product\/1811","targetHints":{"allow":["GET"]}}],"collection":[{"href":"https:\/\/beautycharm.lt\/en\/wp-json\/wp\/v2\/product"}],"about":[{"href":"https:\/\/beautycharm.lt\/en\/wp-json\/wp\/v2\/types\/product"}],"replies":[{"embeddable":true,"href":"https:\/\/beautycharm.lt\/en\/wp-json\/wp\/v2\/comments?post=1811"}],"wp:featuredmedia":[{"embeddable":true,"href":"https:\/\/beautycharm.lt\/en\/wp-json\/wp\/v2\/media\/1812"}],"wp:attachment":[{"href":"https:\/\/beautycharm.lt\/en\/wp-json\/wp\/v2\/media?parent=1811"}],"wp:term":[{"taxonomy":"product_brand","embeddable":true,"href":"https:\/\/beautycharm.lt\/en\/wp-json\/wp\/v2\/product_brand?post=1811"},{"taxonomy":"product_cat","embeddable":true,"href":"https:\/\/beautycharm.lt\/en\/wp-json\/wp\/v2\/product_cat?post=1811"},{"taxonomy":"product_tag","embeddable":true,"href":"https:\/\/beautycharm.lt\/en\/wp-json\/wp\/v2\/product_tag?post=1811"}],"curies":[{"name":"wp","href":"https:\/\/api.w.org\/{rel}","templated":true}]}}