{"id":1810,"date":"2025-07-15T13:56:27","date_gmt":"2025-07-15T10:56:27","guid":{"rendered":"https:\/\/beautycharm.lt\/product\/heliocare-360-md-a-r-emulsija-spf50-50-ml\/"},"modified":"2025-09-10T15:58:16","modified_gmt":"2025-09-10T12:58:16","slug":"heliocare-360-md-a-r-emulsija-spf50-50-ml","status":"publish","type":"product","link":"https:\/\/beautycharm.lt\/en\/product\/heliocare-360-md-a-r-emulsija-spf50-50-ml\/","title":{"rendered":"HELIOCARE 360 MD A-R EMULSION SPF50+, 50 ML"},"content":{"rendered":"<p>With optimal filters for sensitive skin, enriched with Fernblock\u00ae to protect against UVB, UVA, visible light, and IR-A. With an exclusive AR system designed to control the factors that cause redness in sensitive skin:<\/p>\n<p>\u2022 Physavie: suitable for skin with inflammation.<br \/>\n\u2022 Rosabora: suitable for skin that reddens and skin that needs a soothing effect.<br \/>\n\u2022 Glutathione: suitable for skin that needs antioxidant protection.<\/p>\n<p>The product has a light texture. The ingredients help to even out skin tone and are suitable for reddened skin.<\/p>\n<p>Advantages:<\/p>\n<p>Broad spectrum photoprotection (UVA, UVB, visible, IR-A).<br \/>\nPA++++.<br \/>\nSuitable for skin that needs antioxidant protection.<br \/>\nSuitable for sensitive, atopic, and rosacea-prone skin.<br \/>\nTested under dermatological and ophthalmological control.<br \/>\nNo fragrances or alcohol.<\/p>\n<p>Indikacija: apsauginis kremas, skirtas kasdieniam naudojimui jautriai, \u012f paraudim\u0105 linkusiai odai.<\/p>\n<p>Active ingredients:<\/p>\n<p>Fernblock\u00ae+ Tinosorb A2B mineral sun filters that enhance protection against UVA and visible light.<br \/>\nAR system: Physavie, Rosabora, and Glutatione.<br \/>\nVitamin E.<\/p>\n<p>Use: Shake well before use. Apply generously and evenly to the face in the morning after your usual daily skincare routine before sun exposure. Reapply frequently, especially after prolonged swimming or heavy perspiration.<\/p>\n<p>Ingredients: AQUA, COCONUT ALKANES, ZINC OXIDE( NANO), CAPRYLYL METHICONE, ISODODECANE, CYCLOPENTASILOXANE, TITANIUM DIOXIDE (NANO), BUTYLENE GLYCOL, PEG-9, POYDIMETHYLSILOXYETHYL DIMETHICONE, TRIS-BIPHENYL TRIAZINE (NAO), DIMETHICONE POLYGLYCERYL-3 POLYDIMETHYLSILOXYETHYL DIMETHICONE, COCO-CAPRYLATE\/CAPRATE, POLYPODIUM LEUCOTOMOS LEAF EXTRACT, PHENETHYLBENZOATE, PENTYLENE GLYCOL, TAMBOURISSA TRICHOPHYLLA LEAF EXTRACT, GLUTATHIONE, PHYSALIS ANGULATA EXTRACT, TOCOPHERYL ACETATE, SQUALANE, CAPRYLIC\/CAPRICTRIGLYCERIDE, METHYL METHACRYLATE CROSSPOLYMER, PROPYLENE GLYCOL, ALUMINUM HYDROXIDE, STEARIC GLYCOL, DISTEARDIMONIUM HECTORITE, PROPYLENE CARBONATE, DECYL GLUCOSIDE, TOCOPHEROL, SODIUM CITRATE, XANTHAN GUM, DISODIUM PHOSPHATE, MAGNESIUM SULFATE, DISODIUM EDTA, PHENYLPROPANOL, PROPANEDIOL, CAPRYLYL GLYCOL, TRIETHOXYCAPRYLYLSILICANE, CL 77492 (IRON OXIDE), CL77499 (IRON OXIDE), CL 77491 (IRON OXIDE).<\/p>","protected":false},"excerpt":{"rendered":"<p>Su optimaliais filtrais jautriai odai, praturtintas Fernblock\u00ae, kad apsaugot\u0173 nuo UVB, UVA, matomas, IR-A. Su i\u0161skirtine AR sistema, skirta suvaldyti veiksnius, sukelian\u010dius jautrios odos paraudim\u0105: \u2022 Physavie: tinka odai su u\u017edegimu. \u2022 Rosabora: tinka odai, kuri rausta bei odai, kuriai reikalingas raminamasis poveikis. \u2022 Glutationas: tinka odai, kuriai reikalingas antioksidacinis poveikis. Priemon\u0117 yra lengvos tekst\u016bros.<\/p>\n<div class=\"klb-readmore entry-button\"><a class=\"button light alt medium\" href=\"https:\/\/beautycharm.lt\/en\/product\/heliocare-360-md-a-r-emulsija-spf50-50-ml\/\">Read More<\/a><\/div>","protected":false},"featured_media":2319,"comment_status":"open","ping_status":"closed","template":"","meta":{"inline_featured_image":false},"product_brand":[89],"product_cat":[128],"product_tag":[],"class_list":{"0":"post-1810","1":"product","2":"type-product","3":"status-publish","4":"has-post-thumbnail","6":"product_brand-heliocare-lt","7":"product_cat-kiti-produktai","9":"first","10":"instock","11":"shipping-taxable","12":"purchasable","13":"product-type-simple"},"yoast_head":"<!-- This site is optimized with the Yoast SEO plugin v27.4 - https:\/\/yoast.com\/product\/yoast-seo-wordpress\/ -->\n<title>HELIOCARE 360 MD A-R EMULSIJA SPF50+, 50 ML - Beauty Charm<\/title>\n<meta name=\"robots\" content=\"index, follow, max-snippet:-1, max-image-preview:large, max-video-preview:-1\" \/>\n<link rel=\"canonical\" href=\"https:\/\/beautycharm.lt\/en\/product\/heliocare-360-md-a-r-emulsija-spf50-50-ml\/\" \/>\n<meta property=\"og:locale\" content=\"en_US\" \/>\n<meta property=\"og:type\" content=\"article\" \/>\n<meta property=\"og:title\" content=\"HELIOCARE 360 MD A-R EMULSIJA SPF50+, 50 ML - Beauty Charm\" \/>\n<meta property=\"og:description\" content=\"Su optimaliais filtrais jautriai odai, praturtintas Fernblock\u00ae, kad apsaugot\u0173 nuo UVB, UVA, matomas, IR-A. Su i\u0161skirtine AR sistema, skirta suvaldyti veiksnius, sukelian\u010dius jautrios odos paraudim\u0105: \u2022 Physavie: tinka odai su u\u017edegimu. \u2022 Rosabora: tinka odai, kuri rausta bei odai, kuriai reikalingas raminamasis poveikis. \u2022 Glutationas: tinka odai, kuriai reikalingas antioksidacinis poveikis. Priemon\u0117 yra lengvos tekst\u016bros.Read More\" \/>\n<meta property=\"og:url\" content=\"https:\/\/beautycharm.lt\/en\/product\/heliocare-360-md-a-r-emulsija-spf50-50-ml\/\" \/>\n<meta property=\"og:site_name\" content=\"Beauty Charm\" \/>\n<meta property=\"article:publisher\" content=\"https:\/\/www.facebook.com\/faceandbodylines\/\" \/>\n<meta property=\"article:modified_time\" content=\"2025-09-10T12:58:16+00:00\" \/>\n<meta property=\"og:image\" content=\"https:\/\/beautycharm.lt\/wp-content\/uploads\/2025\/07\/heliocare-360-md-a-r-emulsija-spf50-50-ml-413x672-1.jpeg\" \/>\n\t<meta property=\"og:image:width\" content=\"413\" \/>\n\t<meta property=\"og:image:height\" content=\"672\" \/>\n\t<meta property=\"og:image:type\" content=\"image\/jpeg\" \/>\n<meta name=\"twitter:card\" content=\"summary_large_image\" \/>\n<meta name=\"twitter:label1\" content=\"Est. reading time\" \/>\n\t<meta name=\"twitter:data1\" content=\"2 minutes\" \/>\n<script type=\"application\/ld+json\" class=\"yoast-schema-graph\">{\"@context\":\"https:\\\/\\\/schema.org\",\"@graph\":[{\"@type\":\"WebPage\",\"@id\":\"https:\\\/\\\/beautycharm.lt\\\/produktas\\\/heliocare-360-md-a-r-emulsija-spf50-50-ml\\\/\",\"url\":\"https:\\\/\\\/beautycharm.lt\\\/produktas\\\/heliocare-360-md-a-r-emulsija-spf50-50-ml\\\/\",\"name\":\"HELIOCARE 360 MD A-R EMULSIJA SPF50+, 50 ML - Beauty Charm\",\"isPartOf\":{\"@id\":\"https:\\\/\\\/beautycharm.lt\\\/#website\"},\"primaryImageOfPage\":{\"@id\":\"https:\\\/\\\/beautycharm.lt\\\/produktas\\\/heliocare-360-md-a-r-emulsija-spf50-50-ml\\\/#primaryimage\"},\"image\":{\"@id\":\"https:\\\/\\\/beautycharm.lt\\\/produktas\\\/heliocare-360-md-a-r-emulsija-spf50-50-ml\\\/#primaryimage\"},\"thumbnailUrl\":\"https:\\\/\\\/beautycharm.lt\\\/wp-content\\\/uploads\\\/2025\\\/07\\\/heliocare-360-md-a-r-emulsija-spf50-50-ml-413x672-1.jpeg\",\"datePublished\":\"2025-07-15T10:56:27+00:00\",\"dateModified\":\"2025-09-10T12:58:16+00:00\",\"breadcrumb\":{\"@id\":\"https:\\\/\\\/beautycharm.lt\\\/produktas\\\/heliocare-360-md-a-r-emulsija-spf50-50-ml\\\/#breadcrumb\"},\"inLanguage\":\"en-US\",\"potentialAction\":[{\"@type\":\"ReadAction\",\"target\":[\"https:\\\/\\\/beautycharm.lt\\\/produktas\\\/heliocare-360-md-a-r-emulsija-spf50-50-ml\\\/\"]}]},{\"@type\":\"ImageObject\",\"inLanguage\":\"en-US\",\"@id\":\"https:\\\/\\\/beautycharm.lt\\\/produktas\\\/heliocare-360-md-a-r-emulsija-spf50-50-ml\\\/#primaryimage\",\"url\":\"https:\\\/\\\/beautycharm.lt\\\/wp-content\\\/uploads\\\/2025\\\/07\\\/heliocare-360-md-a-r-emulsija-spf50-50-ml-413x672-1.jpeg\",\"contentUrl\":\"https:\\\/\\\/beautycharm.lt\\\/wp-content\\\/uploads\\\/2025\\\/07\\\/heliocare-360-md-a-r-emulsija-spf50-50-ml-413x672-1.jpeg\",\"width\":413,\"height\":672},{\"@type\":\"BreadcrumbList\",\"@id\":\"https:\\\/\\\/beautycharm.lt\\\/produktas\\\/heliocare-360-md-a-r-emulsija-spf50-50-ml\\\/#breadcrumb\",\"itemListElement\":[{\"@type\":\"ListItem\",\"position\":1,\"name\":\"Home\",\"item\":\"https:\\\/\\\/beautycharm.lt\\\/\"},{\"@type\":\"ListItem\",\"position\":2,\"name\":\"Parduotuv\u0117\",\"item\":\"https:\\\/\\\/beautycharm.lt\\\/parduotuve\\\/\"},{\"@type\":\"ListItem\",\"position\":3,\"name\":\"HELIOCARE 360 MD A-R EMULSIJA SPF50+, 50 ML\"}]},{\"@type\":\"WebSite\",\"@id\":\"https:\\\/\\\/beautycharm.lt\\\/#website\",\"url\":\"https:\\\/\\\/beautycharm.lt\\\/\",\"name\":\"Beauty Charm\",\"description\":\"Odos prie\u017ei\u016bra vyrams ir moterims\",\"publisher\":{\"@id\":\"https:\\\/\\\/beautycharm.lt\\\/#organization\"},\"potentialAction\":[{\"@type\":\"SearchAction\",\"target\":{\"@type\":\"EntryPoint\",\"urlTemplate\":\"https:\\\/\\\/beautycharm.lt\\\/?s={search_term_string}\"},\"query-input\":{\"@type\":\"PropertyValueSpecification\",\"valueRequired\":true,\"valueName\":\"search_term_string\"}}],\"inLanguage\":\"en-US\"},{\"@type\":\"Organization\",\"@id\":\"https:\\\/\\\/beautycharm.lt\\\/#organization\",\"name\":\"Beauty Charm\",\"url\":\"https:\\\/\\\/beautycharm.lt\\\/\",\"logo\":{\"@type\":\"ImageObject\",\"inLanguage\":\"en-US\",\"@id\":\"https:\\\/\\\/beautycharm.lt\\\/#\\\/schema\\\/logo\\\/image\\\/\",\"url\":\"https:\\\/\\\/beautycharm.lt\\\/wp-content\\\/uploads\\\/2025\\\/08\\\/BeautyCharm_t_s-1.svg\",\"contentUrl\":\"https:\\\/\\\/beautycharm.lt\\\/wp-content\\\/uploads\\\/2025\\\/08\\\/BeautyCharm_t_s-1.svg\",\"width\":148,\"height\":64,\"caption\":\"Beauty Charm\"},\"image\":{\"@id\":\"https:\\\/\\\/beautycharm.lt\\\/#\\\/schema\\\/logo\\\/image\\\/\"},\"sameAs\":[\"https:\\\/\\\/www.facebook.com\\\/faceandbodylines\\\/\",\"https:\\\/\\\/www.instagram.com\\\/the_house_of_charm\\\/\"]}]}<\/script>\n<!-- \/ Yoast SEO plugin. -->","yoast_head_json":{"title":"HELIOCARE 360 MD A-R EMULSIJA SPF50+, 50 ML - Beauty Charm","robots":{"index":"index","follow":"follow","max-snippet":"max-snippet:-1","max-image-preview":"max-image-preview:large","max-video-preview":"max-video-preview:-1"},"canonical":"https:\/\/beautycharm.lt\/en\/product\/heliocare-360-md-a-r-emulsija-spf50-50-ml\/","og_locale":"en_US","og_type":"article","og_title":"HELIOCARE 360 MD A-R EMULSIJA SPF50+, 50 ML - Beauty Charm","og_description":"Su optimaliais filtrais jautriai odai, praturtintas Fernblock\u00ae, kad apsaugot\u0173 nuo UVB, UVA, matomas, IR-A. Su i\u0161skirtine AR sistema, skirta suvaldyti veiksnius, sukelian\u010dius jautrios odos paraudim\u0105: \u2022 Physavie: tinka odai su u\u017edegimu. \u2022 Rosabora: tinka odai, kuri rausta bei odai, kuriai reikalingas raminamasis poveikis. \u2022 Glutationas: tinka odai, kuriai reikalingas antioksidacinis poveikis. Priemon\u0117 yra lengvos tekst\u016bros.Read More","og_url":"https:\/\/beautycharm.lt\/en\/product\/heliocare-360-md-a-r-emulsija-spf50-50-ml\/","og_site_name":"Beauty Charm","article_publisher":"https:\/\/www.facebook.com\/faceandbodylines\/","article_modified_time":"2025-09-10T12:58:16+00:00","og_image":[{"width":413,"height":672,"url":"https:\/\/beautycharm.lt\/wp-content\/uploads\/2025\/07\/heliocare-360-md-a-r-emulsija-spf50-50-ml-413x672-1.jpeg","type":"image\/jpeg"}],"twitter_card":"summary_large_image","twitter_misc":{"Est. reading time":"2 minutes"},"schema":{"@context":"https:\/\/schema.org","@graph":[{"@type":"WebPage","@id":"https:\/\/beautycharm.lt\/produktas\/heliocare-360-md-a-r-emulsija-spf50-50-ml\/","url":"https:\/\/beautycharm.lt\/produktas\/heliocare-360-md-a-r-emulsija-spf50-50-ml\/","name":"HELIOCARE 360 MD A-R EMULSIJA SPF50+, 50 ML - Beauty Charm","isPartOf":{"@id":"https:\/\/beautycharm.lt\/#website"},"primaryImageOfPage":{"@id":"https:\/\/beautycharm.lt\/produktas\/heliocare-360-md-a-r-emulsija-spf50-50-ml\/#primaryimage"},"image":{"@id":"https:\/\/beautycharm.lt\/produktas\/heliocare-360-md-a-r-emulsija-spf50-50-ml\/#primaryimage"},"thumbnailUrl":"https:\/\/beautycharm.lt\/wp-content\/uploads\/2025\/07\/heliocare-360-md-a-r-emulsija-spf50-50-ml-413x672-1.jpeg","datePublished":"2025-07-15T10:56:27+00:00","dateModified":"2025-09-10T12:58:16+00:00","breadcrumb":{"@id":"https:\/\/beautycharm.lt\/produktas\/heliocare-360-md-a-r-emulsija-spf50-50-ml\/#breadcrumb"},"inLanguage":"en-US","potentialAction":[{"@type":"ReadAction","target":["https:\/\/beautycharm.lt\/produktas\/heliocare-360-md-a-r-emulsija-spf50-50-ml\/"]}]},{"@type":"ImageObject","inLanguage":"en-US","@id":"https:\/\/beautycharm.lt\/produktas\/heliocare-360-md-a-r-emulsija-spf50-50-ml\/#primaryimage","url":"https:\/\/beautycharm.lt\/wp-content\/uploads\/2025\/07\/heliocare-360-md-a-r-emulsija-spf50-50-ml-413x672-1.jpeg","contentUrl":"https:\/\/beautycharm.lt\/wp-content\/uploads\/2025\/07\/heliocare-360-md-a-r-emulsija-spf50-50-ml-413x672-1.jpeg","width":413,"height":672},{"@type":"BreadcrumbList","@id":"https:\/\/beautycharm.lt\/produktas\/heliocare-360-md-a-r-emulsija-spf50-50-ml\/#breadcrumb","itemListElement":[{"@type":"ListItem","position":1,"name":"Home","item":"https:\/\/beautycharm.lt\/"},{"@type":"ListItem","position":2,"name":"Parduotuv\u0117","item":"https:\/\/beautycharm.lt\/parduotuve\/"},{"@type":"ListItem","position":3,"name":"HELIOCARE 360 MD A-R EMULSIJA SPF50+, 50 ML"}]},{"@type":"WebSite","@id":"https:\/\/beautycharm.lt\/#website","url":"https:\/\/beautycharm.lt\/","name":"Beauty Charm","description":"Odos prie\u017ei\u016bra vyrams ir moterims","publisher":{"@id":"https:\/\/beautycharm.lt\/#organization"},"potentialAction":[{"@type":"SearchAction","target":{"@type":"EntryPoint","urlTemplate":"https:\/\/beautycharm.lt\/?s={search_term_string}"},"query-input":{"@type":"PropertyValueSpecification","valueRequired":true,"valueName":"search_term_string"}}],"inLanguage":"en-US"},{"@type":"Organization","@id":"https:\/\/beautycharm.lt\/#organization","name":"Beauty Charm","url":"https:\/\/beautycharm.lt\/","logo":{"@type":"ImageObject","inLanguage":"en-US","@id":"https:\/\/beautycharm.lt\/#\/schema\/logo\/image\/","url":"https:\/\/beautycharm.lt\/wp-content\/uploads\/2025\/08\/BeautyCharm_t_s-1.svg","contentUrl":"https:\/\/beautycharm.lt\/wp-content\/uploads\/2025\/08\/BeautyCharm_t_s-1.svg","width":148,"height":64,"caption":"Beauty Charm"},"image":{"@id":"https:\/\/beautycharm.lt\/#\/schema\/logo\/image\/"},"sameAs":["https:\/\/www.facebook.com\/faceandbodylines\/","https:\/\/www.instagram.com\/the_house_of_charm\/"]}]}},"_links":{"self":[{"href":"https:\/\/beautycharm.lt\/en\/wp-json\/wp\/v2\/product\/1810","targetHints":{"allow":["GET"]}}],"collection":[{"href":"https:\/\/beautycharm.lt\/en\/wp-json\/wp\/v2\/product"}],"about":[{"href":"https:\/\/beautycharm.lt\/en\/wp-json\/wp\/v2\/types\/product"}],"replies":[{"embeddable":true,"href":"https:\/\/beautycharm.lt\/en\/wp-json\/wp\/v2\/comments?post=1810"}],"wp:featuredmedia":[{"embeddable":true,"href":"https:\/\/beautycharm.lt\/en\/wp-json\/wp\/v2\/media\/2319"}],"wp:attachment":[{"href":"https:\/\/beautycharm.lt\/en\/wp-json\/wp\/v2\/media?parent=1810"}],"wp:term":[{"taxonomy":"product_brand","embeddable":true,"href":"https:\/\/beautycharm.lt\/en\/wp-json\/wp\/v2\/product_brand?post=1810"},{"taxonomy":"product_cat","embeddable":true,"href":"https:\/\/beautycharm.lt\/en\/wp-json\/wp\/v2\/product_cat?post=1810"},{"taxonomy":"product_tag","embeddable":true,"href":"https:\/\/beautycharm.lt\/en\/wp-json\/wp\/v2\/product_tag?post=1810"}],"curies":[{"name":"wp","href":"https:\/\/api.w.org\/{rel}","templated":true}]}}