{"id":1809,"date":"2025-07-15T13:56:27","date_gmt":"2025-07-15T10:56:27","guid":{"rendered":"https:\/\/beautycharm.lt\/product\/thesera-glow-svytejimo-suteikianti-veido-kauke-10x25-g\/"},"modified":"2025-09-10T15:54:50","modified_gmt":"2025-09-10T12:54:50","slug":"thesera-glow-svytejimo-suteikianti-veido-kauke-10x25-g","status":"publish","type":"product","link":"https:\/\/beautycharm.lt\/en\/product\/thesera-glow-svytejimo-suteikianti-veido-kauke-10x25-g\/","title":{"rendered":"THESERA GLOW RADIANT FACE MASK, 10\u00d725 G"},"content":{"rendered":"<p>Lack of sleep, moisture, and nutrients disrupts your body clock and quickly reduces your skin's natural glow. A hormone called melatonin is important for healthy, glowing skin. Melatonin is produced during sleep between 11 p.m. and 2 a.m., helping the skin to recover quickly. The natural melatonin and vitamin oil in Thesera Glow radiance-boosting face masks give the skin a smooth and radiant appearance.<\/p>\n<p>Use: prepare the skin with toner and apply the mask evenly to the face. Remove the mask after 15-20 minutes and gently massage the skin to absorb the remaining solution.<\/p>\n<p>Ingredients:<\/p>\n<p>Aqua, Butylene Glycol, Glycerin, 1,2-hexanediol, Niacinamide, Bis-peg-18 Methyl Ether Dimethyl Silane, Hippophae Rhamnoides Water, Prunus Cerasus Extract, Milk Protein Extract, Polyglyceryl-4 Caprate, Betaine, Carbomer, Allantoin, Caprylhydroxamic Acid, Ethylhexylglycerin, Xanthan Gum, Sodium Hyaluronate, Disodium Edta, Parfum, Panthenol, Simmondsia Chinensis Seed Oil, Oenothera Biennis Oil, Argania Spinosa Kernel Oil, Rosa Canina Fruit Oil, Glutathione, Ubiquinone, Thioctic Acid, Tocopheryl Acetate, Caprylyl Glycol, Bht, Ascorbyl Glucoside, Tromethamine, Benzyl Salicylate, Hexyl Cinnamal, Limonene<\/p>","protected":false},"excerpt":{"rendered":"<p>Miego, dr\u0117gm\u0117s, maistini\u0173 med\u017eiag\u0173 tr\u016bkumas pa\u017eeid\u017eia bioritm\u0105 ir greitai suma\u017eina nat\u016bral\u0173 odos \u0161vyt\u0117jim\u0105. Sveikai \u0161vytin\u010diai odai svarbus hormonas, vadinamas \u201emelatoninu\u201c. Melatoninas gaminasi miegant nuo 23 iki 2 val., tai padeda odai greitai atsigauti. Nat\u016bralus Thesera Glow \u0161vyt\u0117jimo suteikian\u010dios veido kauk\u0117s melatoninas ir vitamin\u0173 aliejus suteikia odai glotni\u0105 ir skais\u010di\u0105 i\u0161vaizd\u0105. Naudojimas: paruo\u0161kite od\u0105 toniku ir<\/p>\n<div class=\"klb-readmore entry-button\"><a class=\"button light alt medium\" href=\"https:\/\/beautycharm.lt\/en\/product\/thesera-glow-svytejimo-suteikianti-veido-kauke-10x25-g\/\">Read More<\/a><\/div>","protected":false},"featured_media":2318,"comment_status":"open","ping_status":"closed","template":"","meta":{"inline_featured_image":false},"product_brand":[86],"product_cat":[128],"product_tag":[],"class_list":{"0":"post-1809","1":"product","2":"type-product","3":"status-publish","4":"has-post-thumbnail","6":"product_brand-thesera-lt","7":"product_cat-kiti-produktai","9":"first","10":"instock","11":"shipping-taxable","12":"purchasable","13":"product-type-simple"},"yoast_head":"<!-- This site is optimized with the Yoast SEO plugin v27.4 - https:\/\/yoast.com\/product\/yoast-seo-wordpress\/ -->\n<title>THESERA GLOW \u0160VYT\u0116JIMO SUTEIKIANTI VEIDO KAUK\u0116, 10x25 G - Beauty Charm<\/title>\n<meta name=\"robots\" content=\"index, follow, max-snippet:-1, max-image-preview:large, max-video-preview:-1\" \/>\n<link rel=\"canonical\" href=\"https:\/\/beautycharm.lt\/en\/product\/thesera-glow-svytejimo-suteikianti-veido-kauke-10x25-g\/\" \/>\n<meta property=\"og:locale\" content=\"en_US\" \/>\n<meta property=\"og:type\" content=\"article\" \/>\n<meta property=\"og:title\" content=\"THESERA GLOW \u0160VYT\u0116JIMO SUTEIKIANTI VEIDO KAUK\u0116, 10x25 G - Beauty Charm\" \/>\n<meta property=\"og:description\" content=\"Miego, dr\u0117gm\u0117s, maistini\u0173 med\u017eiag\u0173 tr\u016bkumas pa\u017eeid\u017eia bioritm\u0105 ir greitai suma\u017eina nat\u016bral\u0173 odos \u0161vyt\u0117jim\u0105. Sveikai \u0161vytin\u010diai odai svarbus hormonas, vadinamas \u201emelatoninu\u201c. Melatoninas gaminasi miegant nuo 23 iki 2 val., tai padeda odai greitai atsigauti. Nat\u016bralus Thesera Glow \u0161vyt\u0117jimo suteikian\u010dios veido kauk\u0117s melatoninas ir vitamin\u0173 aliejus suteikia odai glotni\u0105 ir skais\u010di\u0105 i\u0161vaizd\u0105. Naudojimas: paruo\u0161kite od\u0105 toniku irRead More\" \/>\n<meta property=\"og:url\" content=\"https:\/\/beautycharm.lt\/en\/product\/thesera-glow-svytejimo-suteikianti-veido-kauke-10x25-g\/\" \/>\n<meta property=\"og:site_name\" content=\"Beauty Charm\" \/>\n<meta property=\"article:publisher\" content=\"https:\/\/www.facebook.com\/faceandbodylines\/\" \/>\n<meta property=\"article:modified_time\" content=\"2025-09-10T12:54:50+00:00\" \/>\n<meta property=\"og:image\" content=\"https:\/\/beautycharm.lt\/wp-content\/uploads\/2025\/07\/thesera-glow-svytejimo-suteikianti-veido-kauke-10x25-g-413x672-1.png\" \/>\n\t<meta property=\"og:image:width\" content=\"413\" \/>\n\t<meta property=\"og:image:height\" content=\"672\" \/>\n\t<meta property=\"og:image:type\" content=\"image\/png\" \/>\n<meta name=\"twitter:card\" content=\"summary_large_image\" \/>\n<meta name=\"twitter:label1\" content=\"Est. reading time\" \/>\n\t<meta name=\"twitter:data1\" content=\"1 minute\" \/>\n<script type=\"application\/ld+json\" class=\"yoast-schema-graph\">{\"@context\":\"https:\\\/\\\/schema.org\",\"@graph\":[{\"@type\":\"WebPage\",\"@id\":\"https:\\\/\\\/beautycharm.lt\\\/produktas\\\/thesera-glow-svytejimo-suteikianti-veido-kauke-10x25-g\\\/\",\"url\":\"https:\\\/\\\/beautycharm.lt\\\/produktas\\\/thesera-glow-svytejimo-suteikianti-veido-kauke-10x25-g\\\/\",\"name\":\"THESERA GLOW \u0160VYT\u0116JIMO SUTEIKIANTI VEIDO KAUK\u0116, 10x25 G - Beauty Charm\",\"isPartOf\":{\"@id\":\"https:\\\/\\\/beautycharm.lt\\\/#website\"},\"primaryImageOfPage\":{\"@id\":\"https:\\\/\\\/beautycharm.lt\\\/produktas\\\/thesera-glow-svytejimo-suteikianti-veido-kauke-10x25-g\\\/#primaryimage\"},\"image\":{\"@id\":\"https:\\\/\\\/beautycharm.lt\\\/produktas\\\/thesera-glow-svytejimo-suteikianti-veido-kauke-10x25-g\\\/#primaryimage\"},\"thumbnailUrl\":\"https:\\\/\\\/beautycharm.lt\\\/wp-content\\\/uploads\\\/2025\\\/07\\\/thesera-glow-svytejimo-suteikianti-veido-kauke-10x25-g-413x672-1.png\",\"datePublished\":\"2025-07-15T10:56:27+00:00\",\"dateModified\":\"2025-09-10T12:54:50+00:00\",\"breadcrumb\":{\"@id\":\"https:\\\/\\\/beautycharm.lt\\\/produktas\\\/thesera-glow-svytejimo-suteikianti-veido-kauke-10x25-g\\\/#breadcrumb\"},\"inLanguage\":\"en-US\",\"potentialAction\":[{\"@type\":\"ReadAction\",\"target\":[\"https:\\\/\\\/beautycharm.lt\\\/produktas\\\/thesera-glow-svytejimo-suteikianti-veido-kauke-10x25-g\\\/\"]}]},{\"@type\":\"ImageObject\",\"inLanguage\":\"en-US\",\"@id\":\"https:\\\/\\\/beautycharm.lt\\\/produktas\\\/thesera-glow-svytejimo-suteikianti-veido-kauke-10x25-g\\\/#primaryimage\",\"url\":\"https:\\\/\\\/beautycharm.lt\\\/wp-content\\\/uploads\\\/2025\\\/07\\\/thesera-glow-svytejimo-suteikianti-veido-kauke-10x25-g-413x672-1.png\",\"contentUrl\":\"https:\\\/\\\/beautycharm.lt\\\/wp-content\\\/uploads\\\/2025\\\/07\\\/thesera-glow-svytejimo-suteikianti-veido-kauke-10x25-g-413x672-1.png\",\"width\":413,\"height\":672},{\"@type\":\"BreadcrumbList\",\"@id\":\"https:\\\/\\\/beautycharm.lt\\\/produktas\\\/thesera-glow-svytejimo-suteikianti-veido-kauke-10x25-g\\\/#breadcrumb\",\"itemListElement\":[{\"@type\":\"ListItem\",\"position\":1,\"name\":\"Home\",\"item\":\"https:\\\/\\\/beautycharm.lt\\\/\"},{\"@type\":\"ListItem\",\"position\":2,\"name\":\"Parduotuv\u0117\",\"item\":\"https:\\\/\\\/beautycharm.lt\\\/parduotuve\\\/\"},{\"@type\":\"ListItem\",\"position\":3,\"name\":\"THESERA GLOW \u0160VYT\u0116JIMO SUTEIKIANTI VEIDO KAUK\u0116, 10&#215;25 G\"}]},{\"@type\":\"WebSite\",\"@id\":\"https:\\\/\\\/beautycharm.lt\\\/#website\",\"url\":\"https:\\\/\\\/beautycharm.lt\\\/\",\"name\":\"Beauty Charm\",\"description\":\"Odos prie\u017ei\u016bra vyrams ir moterims\",\"publisher\":{\"@id\":\"https:\\\/\\\/beautycharm.lt\\\/#organization\"},\"potentialAction\":[{\"@type\":\"SearchAction\",\"target\":{\"@type\":\"EntryPoint\",\"urlTemplate\":\"https:\\\/\\\/beautycharm.lt\\\/?s={search_term_string}\"},\"query-input\":{\"@type\":\"PropertyValueSpecification\",\"valueRequired\":true,\"valueName\":\"search_term_string\"}}],\"inLanguage\":\"en-US\"},{\"@type\":\"Organization\",\"@id\":\"https:\\\/\\\/beautycharm.lt\\\/#organization\",\"name\":\"Beauty Charm\",\"url\":\"https:\\\/\\\/beautycharm.lt\\\/\",\"logo\":{\"@type\":\"ImageObject\",\"inLanguage\":\"en-US\",\"@id\":\"https:\\\/\\\/beautycharm.lt\\\/#\\\/schema\\\/logo\\\/image\\\/\",\"url\":\"https:\\\/\\\/beautycharm.lt\\\/wp-content\\\/uploads\\\/2025\\\/08\\\/BeautyCharm_t_s-1.svg\",\"contentUrl\":\"https:\\\/\\\/beautycharm.lt\\\/wp-content\\\/uploads\\\/2025\\\/08\\\/BeautyCharm_t_s-1.svg\",\"width\":148,\"height\":64,\"caption\":\"Beauty Charm\"},\"image\":{\"@id\":\"https:\\\/\\\/beautycharm.lt\\\/#\\\/schema\\\/logo\\\/image\\\/\"},\"sameAs\":[\"https:\\\/\\\/www.facebook.com\\\/faceandbodylines\\\/\",\"https:\\\/\\\/www.instagram.com\\\/the_house_of_charm\\\/\"]}]}<\/script>\n<!-- \/ Yoast SEO plugin. -->","yoast_head_json":{"title":"THESERA GLOW \u0160VYT\u0116JIMO SUTEIKIANTI VEIDO KAUK\u0116, 10x25 G - Beauty Charm","robots":{"index":"index","follow":"follow","max-snippet":"max-snippet:-1","max-image-preview":"max-image-preview:large","max-video-preview":"max-video-preview:-1"},"canonical":"https:\/\/beautycharm.lt\/en\/product\/thesera-glow-svytejimo-suteikianti-veido-kauke-10x25-g\/","og_locale":"en_US","og_type":"article","og_title":"THESERA GLOW \u0160VYT\u0116JIMO SUTEIKIANTI VEIDO KAUK\u0116, 10x25 G - Beauty Charm","og_description":"Miego, dr\u0117gm\u0117s, maistini\u0173 med\u017eiag\u0173 tr\u016bkumas pa\u017eeid\u017eia bioritm\u0105 ir greitai suma\u017eina nat\u016bral\u0173 odos \u0161vyt\u0117jim\u0105. Sveikai \u0161vytin\u010diai odai svarbus hormonas, vadinamas \u201emelatoninu\u201c. Melatoninas gaminasi miegant nuo 23 iki 2 val., tai padeda odai greitai atsigauti. Nat\u016bralus Thesera Glow \u0161vyt\u0117jimo suteikian\u010dios veido kauk\u0117s melatoninas ir vitamin\u0173 aliejus suteikia odai glotni\u0105 ir skais\u010di\u0105 i\u0161vaizd\u0105. Naudojimas: paruo\u0161kite od\u0105 toniku irRead More","og_url":"https:\/\/beautycharm.lt\/en\/product\/thesera-glow-svytejimo-suteikianti-veido-kauke-10x25-g\/","og_site_name":"Beauty Charm","article_publisher":"https:\/\/www.facebook.com\/faceandbodylines\/","article_modified_time":"2025-09-10T12:54:50+00:00","og_image":[{"width":413,"height":672,"url":"https:\/\/beautycharm.lt\/wp-content\/uploads\/2025\/07\/thesera-glow-svytejimo-suteikianti-veido-kauke-10x25-g-413x672-1.png","type":"image\/png"}],"twitter_card":"summary_large_image","twitter_misc":{"Est. reading time":"1 minute"},"schema":{"@context":"https:\/\/schema.org","@graph":[{"@type":"WebPage","@id":"https:\/\/beautycharm.lt\/produktas\/thesera-glow-svytejimo-suteikianti-veido-kauke-10x25-g\/","url":"https:\/\/beautycharm.lt\/produktas\/thesera-glow-svytejimo-suteikianti-veido-kauke-10x25-g\/","name":"THESERA GLOW \u0160VYT\u0116JIMO SUTEIKIANTI VEIDO KAUK\u0116, 10x25 G - Beauty Charm","isPartOf":{"@id":"https:\/\/beautycharm.lt\/#website"},"primaryImageOfPage":{"@id":"https:\/\/beautycharm.lt\/produktas\/thesera-glow-svytejimo-suteikianti-veido-kauke-10x25-g\/#primaryimage"},"image":{"@id":"https:\/\/beautycharm.lt\/produktas\/thesera-glow-svytejimo-suteikianti-veido-kauke-10x25-g\/#primaryimage"},"thumbnailUrl":"https:\/\/beautycharm.lt\/wp-content\/uploads\/2025\/07\/thesera-glow-svytejimo-suteikianti-veido-kauke-10x25-g-413x672-1.png","datePublished":"2025-07-15T10:56:27+00:00","dateModified":"2025-09-10T12:54:50+00:00","breadcrumb":{"@id":"https:\/\/beautycharm.lt\/produktas\/thesera-glow-svytejimo-suteikianti-veido-kauke-10x25-g\/#breadcrumb"},"inLanguage":"en-US","potentialAction":[{"@type":"ReadAction","target":["https:\/\/beautycharm.lt\/produktas\/thesera-glow-svytejimo-suteikianti-veido-kauke-10x25-g\/"]}]},{"@type":"ImageObject","inLanguage":"en-US","@id":"https:\/\/beautycharm.lt\/produktas\/thesera-glow-svytejimo-suteikianti-veido-kauke-10x25-g\/#primaryimage","url":"https:\/\/beautycharm.lt\/wp-content\/uploads\/2025\/07\/thesera-glow-svytejimo-suteikianti-veido-kauke-10x25-g-413x672-1.png","contentUrl":"https:\/\/beautycharm.lt\/wp-content\/uploads\/2025\/07\/thesera-glow-svytejimo-suteikianti-veido-kauke-10x25-g-413x672-1.png","width":413,"height":672},{"@type":"BreadcrumbList","@id":"https:\/\/beautycharm.lt\/produktas\/thesera-glow-svytejimo-suteikianti-veido-kauke-10x25-g\/#breadcrumb","itemListElement":[{"@type":"ListItem","position":1,"name":"Home","item":"https:\/\/beautycharm.lt\/"},{"@type":"ListItem","position":2,"name":"Parduotuv\u0117","item":"https:\/\/beautycharm.lt\/parduotuve\/"},{"@type":"ListItem","position":3,"name":"THESERA GLOW \u0160VYT\u0116JIMO SUTEIKIANTI VEIDO KAUK\u0116, 10&#215;25 G"}]},{"@type":"WebSite","@id":"https:\/\/beautycharm.lt\/#website","url":"https:\/\/beautycharm.lt\/","name":"Beauty Charm","description":"Odos prie\u017ei\u016bra vyrams ir moterims","publisher":{"@id":"https:\/\/beautycharm.lt\/#organization"},"potentialAction":[{"@type":"SearchAction","target":{"@type":"EntryPoint","urlTemplate":"https:\/\/beautycharm.lt\/?s={search_term_string}"},"query-input":{"@type":"PropertyValueSpecification","valueRequired":true,"valueName":"search_term_string"}}],"inLanguage":"en-US"},{"@type":"Organization","@id":"https:\/\/beautycharm.lt\/#organization","name":"Beauty Charm","url":"https:\/\/beautycharm.lt\/","logo":{"@type":"ImageObject","inLanguage":"en-US","@id":"https:\/\/beautycharm.lt\/#\/schema\/logo\/image\/","url":"https:\/\/beautycharm.lt\/wp-content\/uploads\/2025\/08\/BeautyCharm_t_s-1.svg","contentUrl":"https:\/\/beautycharm.lt\/wp-content\/uploads\/2025\/08\/BeautyCharm_t_s-1.svg","width":148,"height":64,"caption":"Beauty Charm"},"image":{"@id":"https:\/\/beautycharm.lt\/#\/schema\/logo\/image\/"},"sameAs":["https:\/\/www.facebook.com\/faceandbodylines\/","https:\/\/www.instagram.com\/the_house_of_charm\/"]}]}},"_links":{"self":[{"href":"https:\/\/beautycharm.lt\/en\/wp-json\/wp\/v2\/product\/1809","targetHints":{"allow":["GET"]}}],"collection":[{"href":"https:\/\/beautycharm.lt\/en\/wp-json\/wp\/v2\/product"}],"about":[{"href":"https:\/\/beautycharm.lt\/en\/wp-json\/wp\/v2\/types\/product"}],"replies":[{"embeddable":true,"href":"https:\/\/beautycharm.lt\/en\/wp-json\/wp\/v2\/comments?post=1809"}],"wp:featuredmedia":[{"embeddable":true,"href":"https:\/\/beautycharm.lt\/en\/wp-json\/wp\/v2\/media\/2318"}],"wp:attachment":[{"href":"https:\/\/beautycharm.lt\/en\/wp-json\/wp\/v2\/media?parent=1809"}],"wp:term":[{"taxonomy":"product_brand","embeddable":true,"href":"https:\/\/beautycharm.lt\/en\/wp-json\/wp\/v2\/product_brand?post=1809"},{"taxonomy":"product_cat","embeddable":true,"href":"https:\/\/beautycharm.lt\/en\/wp-json\/wp\/v2\/product_cat?post=1809"},{"taxonomy":"product_tag","embeddable":true,"href":"https:\/\/beautycharm.lt\/en\/wp-json\/wp\/v2\/product_tag?post=1809"}],"curies":[{"name":"wp","href":"https:\/\/api.w.org\/{rel}","templated":true}]}}